{"id":10271,"date":"2022-05-01T23:45:20","date_gmt":"2022-05-01T21:45:20","guid":{"rendered":"https:\/\/stiftadmont.at\/?page_id=10271"},"modified":"2023-08-16T13:09:30","modified_gmt":"2023-08-16T11:09:30","slug":"os-czasu-2","status":"publish","type":"page","link":"https:\/\/stiftadmont.at\/pl\/zeitachse\/","title":{"rendered":"O\u015b czasu"},"content":{"rendered":"<section id='lightpress__section--block_626efe3265d35' class='lightpress__section--default-section-space lightpress__section lightpress__section--content'><div class=\"content__inner\"\n         x-init=\"initContentBlockAnim($el)\">\n        \n    <div class=\"content__grid content__grid\">\n                                            <div class=\"content__box content__box--one-hundred\"\n                 style=\"\">\n                                \n                \n                                            <div class=\"prose\"><h2 class=\"heading-xxl line line--gold\">O\u015b czasu klasztoru<\/h2>\n<p><strong>1043, darowizna<\/strong><br \/>\u015aw. Hemma przekazuje du\u017c\u0105 cz\u0119\u015b\u0107 swojego maj\u0105tku arcybiskupowi Balduinowi z Salzburga z wyra\u017anym \u017cyczeniem za\u0142o\u017cenia klasztoru nad rzek\u0105 Enns.<\/p>\n<p><strong>1074, fundacja<\/strong><br \/>29 wrze\u015bnia 1074 r. arcybiskup Gebhard z Salzburga konsekrowa\u0142 opactwo Admont jako pierwszy klasztor na styryjskiej ziemi. Pierwsi mnisi pochodzili z benedykty\u0144skiego klasztoru St Peter\/Salzburg.<\/p>\n<p><strong>1103, Pierwsze wybory<\/strong><br \/>Mnisi z Admont po raz pierwszy sami wybieraj\u0105 opata, kt\u00f3rym zostaje Henryk I (z Kremsm\u00fcnster). Umiera on w powodzi Enns w 1112 roku.<\/p>\n<p><strong>1120, klasztor<\/strong><br \/>W tym roku do klasztoru dodano klasztor oparty na regule benedykty\u0144skiej, kt\u00f3rego mniszki zyska\u0142y wa\u017cn\u0105 reputacj\u0119 dzi\u0119ki wysokiemu poziomowi edukacji i dzia\u0142alno\u015bci literackiej. Klasztor wymar\u0142 podczas reformacji.<\/p>\n<p><strong>1137, klasztor Attel<\/strong><br \/>Pod rz\u0105dami opata Wolfolda benedyktyni z Admont rekolonizuj\u0105 klasztor Attel w g\u00f3rnobawarskim okr\u0119gu Rosenheim. Zosta\u0142 on rozwi\u0105zany w 1803 roku.<\/p>\n<p><strong>1152, po\u017car<\/strong><br \/>W nocy z 10 na 11 marca wybuch\u0142 po\u017car w ciep\u0142owni w \u015brodku opactwa Admont. Relacja naocznego \u015bwiadka, o. Irimberta, znajduje si\u0119 w Codex 16 w archiwach opactwa, pomi\u0119dzy komentarzami do Ksi\u0105g Kr\u00f3lewskich. Nowo wybudowane budynki zosta\u0142y po\u015bwi\u0119cone jesieni\u0105.<\/p>\n<p><strong>1165, pierwszy \"w\u0142asny\" opat<\/strong><br \/>Wraz z opatem Liutoldem konwentualni z Admont po raz pierwszy wybieraj\u0105 na opata wsp\u00f3\u0142brata z w\u0142asnych szereg\u00f3w.<\/p>\n<p><strong>1189, parafie<\/strong><br \/>W tym roku Rudolf II zostaje wybrany opatem Admont. Za jego czas\u00f3w wiele parafii przypada opactwu Admont. Wiele z nich jest nadal pod opiek\u0105 ojc\u00f3w z Admont.  Oto lista tych parafii.<\/p>\n<p><strong>1230, Mitre<\/strong><br \/>Papie\u017c Grzegorz IX przyznaje opatom Admont prawo do noszenia mitry podczas uroczystych nabo\u017ce\u0144stw. Pierwszym opatem nosz\u0105cym mitr\u0119 by\u0142 Berthold I.<\/p>\n<p><strong>1261, g\u0142\u00f3d<\/strong><br \/>W tym roku wybuch\u0142 wielki g\u0142\u00f3d, a mnisi uciekli do salzburskiego klasztoru macierzystego \u015bw. Piotra i pozostali tam przez dwa lata.<\/p>\n<p><strong>1275, opat Heinrich II.<\/strong><br \/>W tym roku Henryk II zostaje wybrany na opata. Jest on r\u00f3wnie\u017c znany jako \"drugi za\u0142o\u017cyciel\" ze wzgl\u0119du na swoj\u0105 przedsi\u0119biorczo\u015b\u0107. P\u00f3\u017aniej pe\u0142ni\u0142 r\u00f3wnie\u017c funkcj\u0119 gubernatora Styrii. Jest jedynym opatem Admont, kt\u00f3ry zosta\u0142 zamordowany w 1297 r. przez swojego bratanka na Kaiserau.<\/p>\n<p><strong>1297, opat Engelbert Poetsch<\/strong><br \/>Engelbert Poetsch, jeden z najbardziej uniwersalnych duch\u00f3w \u015bredniowiecznej Austrii, zostaje wybrany na opata. Jego pami\u0119\u0107 zawsze by\u0142a wysoko ceniona w domu: Czasami nawet milcz\u0105co zaliczano go do grona \u015bwi\u0119tych. Przez wieki jeden z cz\u0142onk\u00f3w klasztoru nosi\u0142 jego imi\u0119.<\/p>\n<p><strong>1399, Inne parafie<\/strong><br \/>Inne parafie nale\u017c\u0105 do kompetencji klasztoru.<\/p>\n<p><strong>1410, Frauenberg an der Enns<\/strong><br \/>W tym roku ko\u015bci\u00f3\u0142 pielgrzymkowy Frauenberg an der Enns zosta\u0142 po raz pierwszy wymieniony w dokumencie. W tym czasie antypapie\u017c Jan XXIII udzieli\u0142 r\u00f3\u017cnych odpust\u00f3w.<\/p>\n<p><strong>1451, reforma w Salzburgu<\/strong><br \/>Wszystkie klasztory benedykty\u0144skie w archidiecezji i w biskupstwach sufraganalnych zosta\u0142y zreformowane decyzj\u0105 Synodu w Salzburgu. Ta tak zwana \"Reforma Melk\" ma na celu wprowadzenie \u017cycia zgodnego z Regu\u0142\u0105 \u015bw. Benedykta poprzez bardziej rygorystyczny spos\u00f3b \u017cycia i popraw\u0119 dyscypliny.<\/p>\n<p><strong>1483, opat Antonius<\/strong><br \/>W tym roku cesarz Fryderyk III mianuje opata Antoniusza Gottesgnada, minoryt\u0119 z Wenecji, na Admont. Jest on uwa\u017cany za wybitnego przedstawiciela humanizmu. Opr\u00f3cz licznych zakup\u00f3w znakomitych manuskrypt\u00f3w do biblioteki, po\u0142o\u017cy\u0142 r\u00f3wnie\u017c kamie\u0144 w\u0119gielny pod ko\u015bci\u00f3\u0142 pielgrzymkowy Frauenberg Maria Rehkogel w dzisiejszym Bruck\/Mur.<\/p>\n<p><strong>1581, reformacja<\/strong><br \/>Reformacja pad\u0142a na podatny grunt w Admont, gdzie tylko dw\u00f3ch ksi\u0119\u017cy nadal mieszka w klasztorze. Klasztor \u017ce\u0144ski zosta\u0142 ca\u0142kowicie opuszczony. W tym roku opatem zostaje Johannes IV Hofmann z St Lambrecht. Pod jego rz\u0105dami klasztor prze\u017cywa odrodzenie: 24 mnich\u00f3w sk\u0142ada \u015bluby na jego r\u0119ce. Jest on uwa\u017cany za si\u0142\u0119 nap\u0119dow\u0105 kontrreformacji w dolinie Enns.<\/p>\n<p><strong>1628, opat Urban Weber<\/strong><br \/>Urban Weber zostaje wybrany na 47. opata. Nazywany jest \"trzecim za\u0142o\u017cycielem\" ze wzgl\u0119du na jego wielk\u0105 aktywno\u015b\u0107 budowlan\u0105. Za jego czas\u00f3w 15 wsp\u00f3\u0142braci sk\u0142ada \u015bluby zakonne.<\/p>\n<p><strong>1644, za\u0142o\u017cenie gimnazjum<\/strong><br \/>Opat Urban za\u0142o\u017cy\u0142 gimnazjum i zleci\u0142 budow\u0119 barokowej plebanii we Frauenberg an der Enns. W tym samym wieku rozkwit\u0142a szko\u0142a haftu pod kierownictwem o. Benno Haana z Kopenhagi, z kt\u00f3rej powsta\u0142a kolekcja wspania\u0142ych barokowych tkanin liturgicznych. W trakcie o\u017cywionej dzia\u0142alno\u015bci budowlanej w okresie baroku, architekt Johann Gotthard Hayberger rozpocz\u0105\u0142 oko\u0142o 1735 r. gruntown\u0105 przebudow\u0119 kompleksu klasztornego, kt\u00f3r\u0105 kontynuowa\u0142 mistrz budowlany Josef Hueber z Grazu.<\/p>\n<p><strong>1675, opat Adalbert Heufler<\/strong><br \/>W tym roku Adalbert Heufler zu Rasen und H\u00f6henb\u00fchel, wielki patron ko\u015bcio\u0142a pielgrzymkowego Frauenberg an der Enns, zostaje wybrany na opata.<\/p>\n<p><strong>1680, po\u017car w zbrojowni<\/strong><br \/>Po\u017car niszczy zbrojowni\u0119 Stiftisches Zeughaus.<\/p>\n<p><strong>1726, Joseph Stammel<\/strong><br \/>W tym roku Joseph Stammel, wa\u017cny artysta dla Admont, rozpoczyna swoj\u0105 prac\u0119.<\/p>\n<p><strong>1786, gimnazjum w Leoben<\/strong><br \/>Gimnazjum Admont Abbey zostaje przeniesione do Leoben.<\/p>\n<p><strong>1865, po\u017car opactwa<\/strong><br \/>Powa\u017cny po\u017car zniszczy\u0142 du\u017c\u0105 cz\u0119\u015b\u0107 klasztoru w 1865 roku, z wyj\u0105tkiem biblioteki. W kolejnych latach wi\u0119kszo\u015b\u0107 budynk\u00f3w klasztornych zosta\u0142a odbudowana. Kolegiata Admont zosta\u0142a odbudowana na starych fundamentach i jest pierwszym du\u017cym neogotyckim budynkiem sakralnym w Austrii<\/p>\n<p><strong>1869, konsekracja ko\u015bcio\u0142a<\/strong><br \/>Po niszczycielskim po\u017carze konsekrowany zostaje nowy ko\u015bci\u00f3\u0142 kolegiacki.<\/p>\n<p><strong>1883, Kastner&amp;\u00d6hler<\/strong><br \/>Otwarcie pierwszego lokalu Kastner&amp;\u00d6hler w Admonterhof w Grazu.<\/p>\n<p><strong>1898, Muzeum Historii Naturalnej<\/strong><br \/>P. Gabriel Strobl buduje Muzeum Historii Naturalnej.<\/p>\n<p><strong>1906, cesarz Franciszek J\u00f3zef<\/strong><br \/>Cesarz Franciszek J\u00f3zef odwiedza opactwo Admont.<\/p>\n<p><strong>1911, Pierwsza elektrownia<\/strong><br \/>Pierwsza elektrownia klasztorna zostaje uruchomiona w M\u00fchlau.<\/p>\n<p><strong>1939, 2 wojna \u015bwiatowa<\/strong><br \/>Ca\u0142y maj\u0105tek opactwa Admont zostaje skonfiskowany przez nazistowski re\u017cim, a ksi\u0119\u017ca s\u0105 zmuszeni do opuszczenia klasztoru<\/p>\n<p><strong>1945, Powr\u00f3t<\/strong><br \/>Po zako\u0144czeniu II wojny \u015bwiatowej mnisi mogli ponownie wprowadzi\u0107 si\u0119 do klasztoru 17 pa\u017adziernika.<\/p>\n<p><strong>1974, 900. rocznica<\/strong><br \/>Z okazji 900-lecia klasztor wznosi nowy budynek szkolny w Admont. Od tego roku przyjmowane s\u0105 r\u00f3wnie\u017c dziewcz\u0119ta.<\/p>\n<p><strong>1996, opat Bruno Hubl<\/strong><br \/>Bruno Hubl zosta\u0142 wybrany na opata. Zosta\u0142 mianowany przeorem przez opata Benedikta Schl\u00f6michera w 1978 r. By\u0142 tak\u017ce mistrzem nowicjatu i cz\u0142onkiem r\u00f3\u017cnych komisji liturgicznych. Po nag\u0142ej rezygnacji opata Benedikta Schl\u00f6michera, przeor Bruno Hubl zosta\u0142 wybrany na opata przez mnich\u00f3w opactwa Admont w dniu 1 sierpnia 1996 roku. Zosta\u0142 konsekrowany przez biskupa Johanna Webera w ko\u015bciele opactwa w dniu 1 wrze\u015bnia 1996 roku.<br \/>Do 2009 r. by\u0142 cz\u0142onkiem Prezydium Austriackiej Kongregacji Benedyktyn\u00f3w i zasiada\u0142 w r\u00f3\u017cnych komisjach diecezjalnych i ponadregionalnych. W czasie jego kadencji odrestaurowano du\u017c\u0105 cz\u0119\u015b\u0107 kompleksu klasztornego i s\u0142ynn\u0105 na ca\u0142ym \u015bwiecie bibliotek\u0119 klasztorn\u0105, a tak\u017ce zbudowano nowe muzeum i Dom Spotka\u0144 w Grazu, kt\u00f3ry zosta\u0142 otwarty 6 pa\u017adziernika 2002 r.<br \/>23 marca 2009 r. opat Bruno og\u0142osi\u0142 swoj\u0105 rezygnacj\u0119. Zosta\u0142 jednak ponownie wybrany na opata 27 kwietnia. 30 kwietnia, po trzech dniach refleksji, wznowi\u0142 sw\u00f3j urz\u0105d. W swoim przem\u00f3wieniu podkre\u015bli\u0142, \u017ce jego rezygnacja by\u0142a powa\u017cna. Jednak zaufanie wsp\u00f3\u0142braci przekona\u0142o go do ponownego przyj\u0119cia urz\u0119du opata\".<\/p>\n<p><strong>2003, Otwarcie muzeum<\/strong><br \/>Opr\u00f3cz p\u00f3\u017anobarokowej biblioteki opactwa, od 2003 roku w benedykty\u0144skim opactwie Admont znajduje si\u0119 du\u017ce muzeum, kt\u00f3re rozci\u0105ga si\u0119 na czterech pi\u0119trach w dw\u00f3ch skrzyd\u0142ach budynku. Eksponaty obejmuj\u0105 \u015bredniowieczne r\u0119kopisy i wczesne druki, sztuk\u0119 od \u015bredniowiecza do wsp\u00f3\u0142czesno\u015bci oraz kolekcj\u0119 historii naturalnej. Znajduje si\u0119 tu r\u00f3wnie\u017c multimedialna prezentacja opactwa, wystawy specjalne i panoramiczne schody.<\/p>\n<p><strong>2008, Renowacja biblioteki<\/strong><br \/>Renowacja biblioteki: stuletni projekt zosta\u0142 pomy\u015blnie zako\u0144czony. Od czasu uko\u0144czenia budowy sali bibliotecznej w 1776 r. nigdy nie przeprowadzono por\u00f3wnywalnych prac: W trzech g\u0142\u00f3wnych etapach prac w latach 2004-2008 odrestaurowano wszystkie kamienne i metalowe elementy, freski sufitowe, ca\u0142\u0105 dekoracj\u0119 rze\u017abiarsk\u0105 i wszystkie drewniane elementy. Ca\u0142y ksi\u0119gozbi\u00f3r licz\u0105cy oko\u0142o 70 000 pozycji zosta\u0142 oczyszczony i zbadany pod k\u0105tem uszkodze\u0144. Odrestaurowano ponad 5 000 ksi\u0105\u017cek. Podczas tej fazy renowacji Biblioteka Opactwa Admont pozosta\u0142a dost\u0119pna dla zwiedzaj\u0105cych.<\/p>\n<p><strong>2015, Czyszczenie ksi\u0105\u017cek<\/strong><br \/>Ca\u0142y ksi\u0119gozbi\u00f3r barokowej biblioteki klasztornej jest czyszczony po niezb\u0119dnej fumigacji (inwazja szkodnik\u00f3w). 70 000 ksi\u0105\u017cek zostanie profesjonalnie oczyszczonych i zreorganizowanych. Projekt ma zosta\u0107 zako\u0144czony w 2016 roku.<\/p>\n<p>R\u00f3wnie\u017c w <a title=\" Archiwum opactwa\" href=\"https:\/\/stiftadmont.at\/pl\/o-archiwum-opactwa\/\">Archiwum opactwa<\/a>\u00a0nowoczesne media i u\u0142atwi\u0107 u\u017cytkownikom wyszukiwanie i prac\u0119 z cennymi zbiorami.<\/p>\n<\/div>\n                    \n                            <\/div>\n        \n            <\/div>\n<\/div>\n\n<\/section>","protected":false},"excerpt":{"rendered":"","protected":false},"author":7,"featured_media":0,"parent":0,"menu_order":127,"comment_status":"closed","ping_status":"closed","template":"","meta":{"_acf_changed":false,"footnotes":""},"categories":[],"class_list":["post-10271","page","type-page","status-publish","hentry"],"acf":[],"yoast_head":"<!-- This site is optimized with the Yoast SEO Premium plugin v26.0 (Yoast SEO v26.8) - https:\/\/yoast.com\/product\/yoast-seo-premium-wordpress\/ -->\n<title>Zeitachse - Stift Admont<\/title>\n<meta name=\"robots\" content=\"index, follow, max-snippet:-1, max-image-preview:large, max-video-preview:-1\" \/>\n<link rel=\"canonical\" href=\"https:\/\/stiftadmont.at\/pl\/os-czasu-2\/\" \/>\n<meta property=\"og:locale\" content=\"pl_PL\" \/>\n<meta property=\"og:type\" content=\"article\" \/>\n<meta property=\"og:title\" content=\"Zeitachse\" \/>\n<meta property=\"og:url\" content=\"https:\/\/stiftadmont.at\/pl\/os-czasu-2\/\" \/>\n<meta property=\"og:site_name\" content=\"Stift Admont\" \/>\n<meta property=\"article:modified_time\" content=\"2023-08-16T11:09:30+00:00\" \/>\n<meta property=\"og:image\" content=\"https:\/\/stiftadmont.at\/wp-content\/uploads\/Klosteranlage-innen.jpg\" \/>\n\t<meta property=\"og:image:width\" content=\"1912\" \/>\n\t<meta property=\"og:image:height\" content=\"1188\" \/>\n\t<meta property=\"og:image:type\" content=\"image\/jpeg\" \/>\n<meta name=\"twitter:card\" content=\"summary_large_image\" \/>\n<script type=\"application\/ld+json\" class=\"yoast-schema-graph\">{\"@context\":\"https:\/\/schema.org\",\"@graph\":[{\"@type\":\"WebPage\",\"@id\":\"https:\/\/stiftadmont.at\/zeitachse\/\",\"url\":\"https:\/\/stiftadmont.at\/zeitachse\/\",\"name\":\"Zeitachse - Stift Admont\",\"isPartOf\":{\"@id\":\"https:\/\/stiftadmont.at\/#website\"},\"datePublished\":\"2022-05-01T21:45:20+00:00\",\"dateModified\":\"2023-08-16T11:09:30+00:00\",\"breadcrumb\":{\"@id\":\"https:\/\/stiftadmont.at\/zeitachse\/#breadcrumb\"},\"inLanguage\":\"pl-PL\",\"potentialAction\":[{\"@type\":\"ReadAction\",\"target\":[\"https:\/\/stiftadmont.at\/zeitachse\/\"]}]},{\"@type\":\"BreadcrumbList\",\"@id\":\"https:\/\/stiftadmont.at\/zeitachse\/#breadcrumb\",\"itemListElement\":[{\"@type\":\"ListItem\",\"position\":1,\"name\":\"Start\",\"item\":\"https:\/\/stiftadmont.at\/\"},{\"@type\":\"ListItem\",\"position\":2,\"name\":\"Zeitachse\"}]},{\"@type\":\"WebSite\",\"@id\":\"https:\/\/stiftadmont.at\/#website\",\"url\":\"https:\/\/stiftadmont.at\/\",\"name\":\"Stift Admont\",\"description\":\"Benediktinerkloster und Sehensw\u00fcrdigkeit im Ges\u00e4use\",\"potentialAction\":[{\"@type\":\"SearchAction\",\"target\":{\"@type\":\"EntryPoint\",\"urlTemplate\":\"https:\/\/stiftadmont.at\/?s={search_term_string}\"},\"query-input\":{\"@type\":\"PropertyValueSpecification\",\"valueRequired\":true,\"valueName\":\"search_term_string\"}}],\"inLanguage\":\"pl-PL\"}]}<\/script>\n<!-- \/ Yoast SEO Premium plugin. -->","yoast_head_json":{"title":"O\u015b czasu - Opactwo Admont","robots":{"index":"index","follow":"follow","max-snippet":"max-snippet:-1","max-image-preview":"max-image-preview:large","max-video-preview":"max-video-preview:-1"},"canonical":"https:\/\/stiftadmont.at\/pl\/os-czasu-2\/","og_locale":"pl_PL","og_type":"article","og_title":"Zeitachse","og_url":"https:\/\/stiftadmont.at\/pl\/os-czasu-2\/","og_site_name":"Stift Admont","article_modified_time":"2023-08-16T11:09:30+00:00","og_image":[{"width":1912,"height":1188,"url":"https:\/\/stiftadmont.at\/wp-content\/uploads\/Klosteranlage-innen.jpg","type":"image\/jpeg"}],"twitter_card":"summary_large_image","schema":{"@context":"https:\/\/schema.org","@graph":[{"@type":"WebPage","@id":"https:\/\/stiftadmont.at\/zeitachse\/","url":"https:\/\/stiftadmont.at\/zeitachse\/","name":"O\u015b czasu - Opactwo Admont","isPartOf":{"@id":"https:\/\/stiftadmont.at\/#website"},"datePublished":"2022-05-01T21:45:20+00:00","dateModified":"2023-08-16T11:09:30+00:00","breadcrumb":{"@id":"https:\/\/stiftadmont.at\/zeitachse\/#breadcrumb"},"inLanguage":"pl-PL","potentialAction":[{"@type":"ReadAction","target":["https:\/\/stiftadmont.at\/zeitachse\/"]}]},{"@type":"BreadcrumbList","@id":"https:\/\/stiftadmont.at\/zeitachse\/#breadcrumb","itemListElement":[{"@type":"ListItem","position":1,"name":"Start","item":"https:\/\/stiftadmont.at\/"},{"@type":"ListItem","position":2,"name":"Zeitachse"}]},{"@type":"WebSite","@id":"https:\/\/stiftadmont.at\/#website","url":"https:\/\/stiftadmont.at\/","name":"Opactwo Admont","description":"Benedykty\u0144ski klasztor i atrakcja turystyczna w Ges\u00e4use","potentialAction":[{"@type":"SearchAction","target":{"@type":"EntryPoint","urlTemplate":"https:\/\/stiftadmont.at\/?s={search_term_string}"},"query-input":{"@type":"PropertyValueSpecification","valueRequired":true,"valueName":"search_term_string"}}],"inLanguage":"pl-PL"}]}},"_links":{"self":[{"href":"https:\/\/stiftadmont.at\/pl\/wp-json\/wp\/v2\/pages\/10271","targetHints":{"allow":["GET"]}}],"collection":[{"href":"https:\/\/stiftadmont.at\/pl\/wp-json\/wp\/v2\/pages"}],"about":[{"href":"https:\/\/stiftadmont.at\/pl\/wp-json\/wp\/v2\/types\/page"}],"author":[{"embeddable":true,"href":"https:\/\/stiftadmont.at\/pl\/wp-json\/wp\/v2\/users\/7"}],"replies":[{"embeddable":true,"href":"https:\/\/stiftadmont.at\/pl\/wp-json\/wp\/v2\/comments?post=10271"}],"version-history":[{"count":35,"href":"https:\/\/stiftadmont.at\/pl\/wp-json\/wp\/v2\/pages\/10271\/revisions"}],"predecessor-version":[{"id":13471,"href":"https:\/\/stiftadmont.at\/pl\/wp-json\/wp\/v2\/pages\/10271\/revisions\/13471"}],"wp:attachment":[{"href":"https:\/\/stiftadmont.at\/pl\/wp-json\/wp\/v2\/media?parent=10271"}],"wp:term":[{"taxonomy":"category","embeddable":true,"href":"https:\/\/stiftadmont.at\/pl\/wp-json\/wp\/v2\/categories?post=10271"}],"curies":[{"name":"wp","href":"https:\/\/api.w.org\/{rel}","templated":true}]}}