{"id":13034,"date":"2022-06-09T17:32:49","date_gmt":"2022-06-09T15:32:49","guid":{"rendered":"https:\/\/stiftadmont.at\/?page_id=13034"},"modified":"2023-08-16T14:36:14","modified_gmt":"2023-08-16T12:36:14","slug":"stworzone-dla-admont","status":"publish","type":"page","link":"https:\/\/stiftadmont.at\/pl\/made-for-admont\/","title":{"rendered":"Stworzone dla Admont"},"content":{"rendered":"<section id='lightpress__section--block_610162fbc1ee2' class='lightpress__section--default-section-space lightpress__section lightpress__section--content'><div class=\"content__inner\"\n        id=\"madeforadmont\" x-init=\"initContentBlockAnim($el)\">\n        \n    <div class=\"content__grid content__grid--fifty-fifty\">\n                                            <div class=\"content__box content__box\"\n                 style=\"\">\n                                \n                \n                                        <div class=\"content__media stickyTo\" x-init=\"imageSticky($el)\">\n\n                                                                                                <picture\n                                class=\"content__image sticky\">\n                            <source srcset=\"https:\/\/stiftadmont.at\/wp-content\/uploads\/FB20-Lois-Renner-763x1024.jpg\"\n                                    type=\"image\/webp\">\n                            <source srcset=\"https:\/\/stiftadmont.at\/wp-content\/uploads\/FB20-Lois-Renner-763x1024.jpg\"\n                                    type=\"image\/jpeg\">\n                            <img decoding=\"async\" loading=\"lazy\" src=\"https:\/\/stiftadmont.at\/wp-content\/uploads\/FB20-Lois-Renner-763x1024.jpg\" alt=\"FB20 Lois Renner\" width=\"600\" height=\"450\" \/>\n                                                                                                            <\/picture>\n\n                    <\/div>\n\n                            <\/div>\n        \n                                                    <div class=\"content__box content__box--2\"\n                     >\n                                        \n                    \n                                                    <div class=\"prose\"><h3 class=\"heading-xl line line--red\">Stworzony z my\u015bl\u0105 o narodzinach Admont<\/h3>\n<p class=\"paragraph-m\">W 2000 roku, jeszcze przed otwarciem nowego muzeum, Lois Renner, w\u00f3wczas \"najnowocze\u015bniejsza malarka\" w Austrii, zosta\u0142a zaproszona do Opactwa Admont jako pierwsza \"artystka-rezydentka\". Z pewno\u015bci\u0105 mo\u017cna m\u00f3wi\u0107 o eksperymentalnej sytuacji laboratoryjnej. Renner zainstalowa\u0142 sw\u00f3j model \"Twierdzy\" - replik\u0119 1:10 pracowni artysty - kt\u00f3ra jest obecnie cz\u0119\u015bci\u0105 kolekcji klasztoru. Udokumentowa\u0142 go w nowym otoczeniu i pozwoli\u0142 mu wej\u015b\u0107 w dialog z Bibliotek\u0105 Opactwa i jej pismami, z dzie\u0142ami opackiego rze\u017abiarza Josefa Stammela oraz z dzie\u0142ami sztuki z magazynu. Rezultatem kilkutygodniowego dialogu mi\u0119dzy r\u00f3\u017cnymi \u015bwiatami i ich wzajemnymi reakcjami by\u0142a seria dzie\u0142 sztuki, w kt\u00f3rych dwa przeciwie\u0144stwa, kt\u00f3re nie s\u0105 tak \u0142atwe do pogodzenia, konstruktywnie zros\u0142y si\u0119, tworz\u0105c now\u0105 ca\u0142o\u015b\u0107.<\/p>\n<p class=\"paragraph-m\">Tak narodzi\u0142 si\u0119 program MADE FOR ADMONT. Nast\u0119pnie arty\u015bci byli i s\u0105 regularnie zapraszani do tworzenia nowych dzie\u0142 do kolekcji. W niekt\u00f3rych przypadkach mnisi z Admont dzia\u0142ali jako \"modele\" (np. dla Judith Huemer, Erwina Wurma, Konrada Rainera).<\/p>\n<\/div>\n                        \n                                    <\/div>\n            \n            <\/div>\n<\/div>\n\n<\/section>","protected":false},"excerpt":{"rendered":"","protected":false},"author":7,"featured_media":0,"parent":0,"menu_order":78,"comment_status":"closed","ping_status":"closed","template":"","meta":{"_acf_changed":false,"footnotes":""},"categories":[],"class_list":["post-13034","page","type-page","status-publish","hentry"],"acf":[],"yoast_head":"<!-- This site is optimized with the Yoast SEO Premium plugin v26.0 (Yoast SEO v26.8) - https:\/\/yoast.com\/product\/yoast-seo-premium-wordpress\/ -->\n<title>Made for Admont - Stift Admont<\/title>\n<meta name=\"robots\" content=\"index, follow, max-snippet:-1, max-image-preview:large, max-video-preview:-1\" \/>\n<link rel=\"canonical\" href=\"https:\/\/stiftadmont.at\/pl\/stworzone-dla-admont\/\" \/>\n<meta property=\"og:locale\" content=\"pl_PL\" \/>\n<meta property=\"og:type\" content=\"article\" \/>\n<meta property=\"og:title\" content=\"Made for Admont\" \/>\n<meta property=\"og:url\" content=\"https:\/\/stiftadmont.at\/pl\/stworzone-dla-admont\/\" \/>\n<meta property=\"og:site_name\" content=\"Stift Admont\" \/>\n<meta property=\"article:modified_time\" content=\"2023-08-16T12:36:14+00:00\" \/>\n<meta property=\"og:image\" content=\"https:\/\/stiftadmont.at\/wp-content\/uploads\/Klosteranlage-innen.jpg\" \/>\n\t<meta property=\"og:image:width\" content=\"1912\" \/>\n\t<meta property=\"og:image:height\" content=\"1188\" \/>\n\t<meta property=\"og:image:type\" content=\"image\/jpeg\" \/>\n<meta name=\"twitter:card\" content=\"summary_large_image\" \/>\n<script type=\"application\/ld+json\" class=\"yoast-schema-graph\">{\"@context\":\"https:\/\/schema.org\",\"@graph\":[{\"@type\":\"WebPage\",\"@id\":\"https:\/\/stiftadmont.at\/made-for-admont\/\",\"url\":\"https:\/\/stiftadmont.at\/made-for-admont\/\",\"name\":\"Made for Admont - Stift Admont\",\"isPartOf\":{\"@id\":\"https:\/\/stiftadmont.at\/#website\"},\"datePublished\":\"2022-06-09T15:32:49+00:00\",\"dateModified\":\"2023-08-16T12:36:14+00:00\",\"breadcrumb\":{\"@id\":\"https:\/\/stiftadmont.at\/made-for-admont\/#breadcrumb\"},\"inLanguage\":\"pl-PL\",\"potentialAction\":[{\"@type\":\"ReadAction\",\"target\":[\"https:\/\/stiftadmont.at\/made-for-admont\/\"]}]},{\"@type\":\"BreadcrumbList\",\"@id\":\"https:\/\/stiftadmont.at\/made-for-admont\/#breadcrumb\",\"itemListElement\":[{\"@type\":\"ListItem\",\"position\":1,\"name\":\"Start\",\"item\":\"https:\/\/stiftadmont.at\/\"},{\"@type\":\"ListItem\",\"position\":2,\"name\":\"Made for Admont\"}]},{\"@type\":\"WebSite\",\"@id\":\"https:\/\/stiftadmont.at\/#website\",\"url\":\"https:\/\/stiftadmont.at\/\",\"name\":\"Stift Admont\",\"description\":\"Benediktinerkloster und Sehensw\u00fcrdigkeit im Ges\u00e4use\",\"potentialAction\":[{\"@type\":\"SearchAction\",\"target\":{\"@type\":\"EntryPoint\",\"urlTemplate\":\"https:\/\/stiftadmont.at\/?s={search_term_string}\"},\"query-input\":{\"@type\":\"PropertyValueSpecification\",\"valueRequired\":true,\"valueName\":\"search_term_string\"}}],\"inLanguage\":\"pl-PL\"}]}<\/script>\n<!-- \/ Yoast SEO Premium plugin. -->","yoast_head_json":{"title":"Made for Admont - Opactwo Admont","robots":{"index":"index","follow":"follow","max-snippet":"max-snippet:-1","max-image-preview":"max-image-preview:large","max-video-preview":"max-video-preview:-1"},"canonical":"https:\/\/stiftadmont.at\/pl\/stworzone-dla-admont\/","og_locale":"pl_PL","og_type":"article","og_title":"Made for Admont","og_url":"https:\/\/stiftadmont.at\/pl\/stworzone-dla-admont\/","og_site_name":"Stift Admont","article_modified_time":"2023-08-16T12:36:14+00:00","og_image":[{"width":1912,"height":1188,"url":"https:\/\/stiftadmont.at\/wp-content\/uploads\/Klosteranlage-innen.jpg","type":"image\/jpeg"}],"twitter_card":"summary_large_image","schema":{"@context":"https:\/\/schema.org","@graph":[{"@type":"WebPage","@id":"https:\/\/stiftadmont.at\/made-for-admont\/","url":"https:\/\/stiftadmont.at\/made-for-admont\/","name":"Made for Admont - Opactwo Admont","isPartOf":{"@id":"https:\/\/stiftadmont.at\/#website"},"datePublished":"2022-06-09T15:32:49+00:00","dateModified":"2023-08-16T12:36:14+00:00","breadcrumb":{"@id":"https:\/\/stiftadmont.at\/made-for-admont\/#breadcrumb"},"inLanguage":"pl-PL","potentialAction":[{"@type":"ReadAction","target":["https:\/\/stiftadmont.at\/made-for-admont\/"]}]},{"@type":"BreadcrumbList","@id":"https:\/\/stiftadmont.at\/made-for-admont\/#breadcrumb","itemListElement":[{"@type":"ListItem","position":1,"name":"Start","item":"https:\/\/stiftadmont.at\/"},{"@type":"ListItem","position":2,"name":"Made for Admont"}]},{"@type":"WebSite","@id":"https:\/\/stiftadmont.at\/#website","url":"https:\/\/stiftadmont.at\/","name":"Opactwo Admont","description":"Benedykty\u0144ski klasztor i atrakcja turystyczna w Ges\u00e4use","potentialAction":[{"@type":"SearchAction","target":{"@type":"EntryPoint","urlTemplate":"https:\/\/stiftadmont.at\/?s={search_term_string}"},"query-input":{"@type":"PropertyValueSpecification","valueRequired":true,"valueName":"search_term_string"}}],"inLanguage":"pl-PL"}]}},"_links":{"self":[{"href":"https:\/\/stiftadmont.at\/pl\/wp-json\/wp\/v2\/pages\/13034","targetHints":{"allow":["GET"]}}],"collection":[{"href":"https:\/\/stiftadmont.at\/pl\/wp-json\/wp\/v2\/pages"}],"about":[{"href":"https:\/\/stiftadmont.at\/pl\/wp-json\/wp\/v2\/types\/page"}],"author":[{"embeddable":true,"href":"https:\/\/stiftadmont.at\/pl\/wp-json\/wp\/v2\/users\/7"}],"replies":[{"embeddable":true,"href":"https:\/\/stiftadmont.at\/pl\/wp-json\/wp\/v2\/comments?post=13034"}],"version-history":[{"count":3,"href":"https:\/\/stiftadmont.at\/pl\/wp-json\/wp\/v2\/pages\/13034\/revisions"}],"predecessor-version":[{"id":13037,"href":"https:\/\/stiftadmont.at\/pl\/wp-json\/wp\/v2\/pages\/13034\/revisions\/13037"}],"wp:attachment":[{"href":"https:\/\/stiftadmont.at\/pl\/wp-json\/wp\/v2\/media?parent=13034"}],"wp:term":[{"taxonomy":"category","embeddable":true,"href":"https:\/\/stiftadmont.at\/pl\/wp-json\/wp\/v2\/categories?post=13034"}],"curies":[{"name":"wp","href":"https:\/\/api.w.org\/{rel}","templated":true}]}}