{"id":13092,"date":"2022-06-14T09:43:40","date_gmt":"2022-06-14T07:43:40","guid":{"rendered":"https:\/\/stiftadmont.at\/?page_id=13092"},"modified":"2026-03-10T15:36:02","modified_gmt":"2026-03-10T13:36:02","slug":"aktualne-wystawy","status":"publish","type":"page","link":"https:\/\/stiftadmont.at\/pl\/aktuelle-ausstellungen\/","title":{"rendered":"Aktualne wystawy"},"content":{"rendered":"<section id='lightpress__section--block_ded0401a1dd5160cb65eae310be31688' class='align-center lightpress__section--default-section-space lightpress__section lightpress__section--headline'><div class=\"headline__container\">\n            <p class=\"headline text--40 text-medium line line--gold line-above line-middle\">R\u00f3\u017cnorodno\u015b\u0107 wystaw w Muzeum Opactwa Admont<\/p>\n        <p class=\"text-center text-gold text--20 text-medium text--uppercase\">Poni\u017cej znajduje si\u0119 przegl\u0105d aktualnych (specjalnych) wystaw<\/p>\n        <div class=\"spacer--40\"><\/div>\n<\/div>\n\n<\/section>\n\n<section id='lightpress__section--block_8e1bac86ee9a34c70ba97f204c7bc7a8' class='lightpress__section--more-links--950 lightpress__section--full-width lightpress__section--default-section-space lightpress__section lightpress__section--more-links'><div class=\"more\" x-init=\"initMoreLinksBlockAnim($el)\">\n            <style>\n            #lightpress__section--block_8e1bac86ee9a34c70ba97f204c7bc7a8 .more {\n                --entry-width: calc(100% \/ 4 - var(--grid-gap) * 4);\n                grid-template-columns: repeat(auto-fit, minmax(max(var(--entry-width),50rem), 1fr));\n            }\n        <\/style>\n    \n                    <a class=\"more__link\" href=\"https:\/\/stiftadmont.at\/pl\/aktualne-wystawy\/nowo-zaprezentowane-skarby-sztuki-admont\/\">\n            <div class=\"more__media\">\n                                    <picture class=\"more__image\">\n                        <source srcset=\"https:\/\/stiftadmont.at\/wp-content\/uploads\/Stift-Admont-KHM-Gotik-GWK-\u00a9-Michael-Braunsteiner-5-1024x683.webp\" type=\"image\/webp\">\n                        <source srcset=\"https:\/\/stiftadmont.at\/wp-content\/uploads\/Stift-Admont-KHM-Gotik-GWK-\u00a9-Michael-Braunsteiner-5-1024x683.jpg\" type=\"image\/jpeg\">\n                        <img decoding=\"async\" loading=\"lazy\" src=\"https:\/\/stiftadmont.at\/wp-content\/uploads\/Stift-Admont-KHM-Gotik-GWK-\u00a9-Michael-Braunsteiner-5-1024x683.jpg\" alt=\"Opactwo Admont KHM Gothic GWK \u00a9 Michael Braunsteiner 5\" \/>\n                    <\/picture>\n                            <\/div>\n            <div class=\"more__content\">\n                <div class=\"more__title--container\">\n                                                                        <p class=\"text-white\">od 19 marca do 01 listopada 2026 r.<\/p>\n                        \n                                                                            \n                        <p class=\"text-bold text-white text--serif text--26\">Nowa prezentacja skarb\u00f3w sztuki Admont<\/p>\n                                                    <p class=\"text-white text--26\">Muzeum Historii Sztuki (parter)<\/p>\n                                                            <\/div>\n                                    <div class=\"more__cta\">\n                        <i class=\"fa-thin fa-chevron-right\"><\/i>\n                    <\/div>\n                            <\/div>\n        <\/a>\n                    <a class=\"more__link\" href=\"https:\/\/stiftadmont.at\/pl\/950-lat-opactwa-admont\/wystawa-jubileuszowa-2024\/\">\n            <div class=\"more__media\">\n                                    <picture class=\"more__image\">\n                        <source srcset=\"https:\/\/stiftadmont.at\/wp-content\/uploads\/Jubilaeumsausstellung-2024-1024x763.webp\" type=\"image\/webp\">\n                        <source srcset=\"https:\/\/stiftadmont.at\/wp-content\/uploads\/Jubilaeumsausstellung-2024-1024x763.jpg\" type=\"image\/jpeg\">\n                        <img decoding=\"async\" loading=\"lazy\" src=\"https:\/\/stiftadmont.at\/wp-content\/uploads\/Jubilaeumsausstellung-2024-1024x763.jpg\" alt=\"Wystawa jubileuszowa 2024\" \/>\n                    <\/picture>\n                            <\/div>\n            <div class=\"more__content\">\n                <div class=\"more__title--container\">\n                                                                        <p class=\"text-white\">od 19 marca do 01 listopada 2026 r.<\/p>\n                        \n                                                                            \n                        <p class=\"text-bold text-white text--serif text--26\">Admont 1074 - Podr\u00f3\u017c przez histori\u0119 klasztoru<\/p>\n                                                    <p class=\"text-white text--26\">Wystawa specjalna (1. pi\u0119tro)<\/p>\n                                                            <\/div>\n                                    <div class=\"more__cta\">\n                        <i class=\"fa-thin fa-chevron-right\"><\/i>\n                    <\/div>\n                            <\/div>\n        <\/a>\n                    <a class=\"more__link\" href=\"https:\/\/stiftadmont.at\/pl\/sztuka-wspolczesna-w-starych-murach-2026\/\">\n            <div class=\"more__media\">\n                                    <picture class=\"more__image\">\n                        <source srcset=\"https:\/\/stiftadmont.at\/wp-content\/uploads\/Schwarz_verletzt-1024x687.webp\" type=\"image\/webp\">\n                        <source srcset=\"https:\/\/stiftadmont.at\/wp-content\/uploads\/Schwarz_verletzt-1024x687.jpg\" type=\"image\/jpeg\">\n                        <img decoding=\"async\" loading=\"lazy\" src=\"https:\/\/stiftadmont.at\/wp-content\/uploads\/Schwarz_verletzt-1024x687.png\" alt=\"Czarny ranny\" \/>\n                    <\/picture>\n                            <\/div>\n            <div class=\"more__content\">\n                <div class=\"more__title--container\">\n                                                                        <p class=\"text-white\">od 19 marca do 01 listopada 2026 r.<\/p>\n                        \n                                                                            \n                        <p class=\"text-bold text-white text--serif text--26\">Ranny. Hannes Schwarz w kolekcji opactwa Admont<\/p>\n                                                    <p class=\"text-white text--26\">Muzeum Sztuki Wsp\u00f3\u0142czesnej (2. pi\u0119tro)<\/p>\n                                                            <\/div>\n                                    <div class=\"more__cta\">\n                        <i class=\"fa-thin fa-chevron-right\"><\/i>\n                    <\/div>\n                            <\/div>\n        <\/a>\n                    <a class=\"more__link\" href=\"https:\/\/stiftadmont.at\/pl\/sztuka-wspolczesna-w-starych-murach-2026\/\">\n            <div class=\"more__media\">\n                                    <picture class=\"more__image\">\n                        <source srcset=\"https:\/\/stiftadmont.at\/wp-content\/uploads\/Pillhofer_liegender-Mann-1024x810.webp\" type=\"image\/webp\">\n                        <source srcset=\"https:\/\/stiftadmont.at\/wp-content\/uploads\/Pillhofer_liegender-Mann-1024x810.jpg\" type=\"image\/jpeg\">\n                        <img decoding=\"async\" loading=\"lazy\" src=\"https:\/\/stiftadmont.at\/wp-content\/uploads\/Pillhofer_liegender-Mann-1024x810.png\" alt=\"Pillhofer k\u0142amca\" \/>\n                    <\/picture>\n                            <\/div>\n            <div class=\"more__content\">\n                <div class=\"more__title--container\">\n                                                                        <p class=\"text-white\">od 19 marca do 01 listopada 2026 r.<\/p>\n                        \n                                                                            \n                        <p class=\"text-bold text-white text--serif text--26\">Josef Pillhofer. Mi\u0119dzy abstrakcj\u0105 a figuracj\u0105<\/p>\n                                                    <p class=\"text-white text--26\">Muzeum Sztuki Wsp\u00f3\u0142czesnej (2. pi\u0119tro)<\/p>\n                                                            <\/div>\n                                    <div class=\"more__cta\">\n                        <i class=\"fa-thin fa-chevron-right\"><\/i>\n                    <\/div>\n                            <\/div>\n        <\/a>\n                    <a class=\"more__link\" href=\"https:\/\/stiftadmont.at\/pl\/program-roczny-2026\/\">\n            <div class=\"more__media\">\n                                    <picture class=\"more__image\">\n                        <source srcset=\"https:\/\/stiftadmont.at\/wp-content\/uploads\/Bibliothek-klein-1024x726.webp\" type=\"image\/webp\">\n                        <source srcset=\"https:\/\/stiftadmont.at\/wp-content\/uploads\/Bibliothek-klein-1024x726.jpg\" type=\"image\/jpeg\">\n                        <img decoding=\"async\" loading=\"lazy\" src=\"https:\/\/stiftadmont.at\/wp-content\/uploads\/Bibliothek-klein-1024x726.jpg\" alt=\"Opactwo Admont - najwi\u0119ksza biblioteka klasztorna na \u015bwiecie \u00a9 Stefan Leitner\" \/>\n                    <\/picture>\n                            <\/div>\n            <div class=\"more__content\">\n                <div class=\"more__title--container\">\n                                            \n                                                                            \n                        <p class=\"text-bold text-white text--serif text--26\">Program roczny 2026<\/p>\n                                                            <\/div>\n                                    <div class=\"more__cta\">\n                        <i class=\"fa-thin fa-chevron-right\"><\/i>\n                    <\/div>\n                            <\/div>\n        <\/a>\n    \n<\/div>\n\n<\/section>\n\n<section id='lightpress__section--block_4a640f783b4773dba6804228c23c342a' class='align-center lightpress__section--default-section-space lightpress__section lightpress__section--headline'><div class=\"headline__container\">\n            <p class=\"headline text--40 text-medium line line--gold line-above line-middle\">Spojrzenie wstecz na 23 lata Muzeum Opactwa Admont<\/p>\n        <p class=\"text-center text-gold text--20 text-medium text--uppercase\">Muzeum zosta\u0142o otwarte w 2003 roku. Poni\u017cej znajduje si\u0119 przegl\u0105d wystaw z ostatnich 23 lat<\/p>\n        <div class=\"spacer--40\"><\/div>\n<\/div>\n\n<\/section>\n\n<section id='lightpress__section--block_44cf135252f824596f51d1d5dd0da769' class='lightpress__section--default-section-space lightpress__section lightpress__section--content'><div class=\"content__inner\"\n         x-init=\"initContentBlockAnim($el)\">\n        \n    <div class=\"content__grid content__grid\">\n                                            <div class=\"content__box content__box--one-hundred\"\n                 style=\"\">\n                                \n                \n                                            <div class=\"prose\"><p class=\"text-center\"><a class=\"admont-button admont-button--secondary\" title=\"23 lata muzeum\" href=\"https:\/\/stiftadmont.at\/pl\/21-lat-muzeum-opactwa-admont\/\">23 lata muzeum<\/a> <a class=\"admont-button admont-button--secondary\" href=\"https:\/\/stiftadmont.at\/pl\/muzeum\/przeglad-wystawy\/\">Przegl\u0105d wystawy<\/a><\/p>\n<\/div>\n                    \n                            <\/div>\n        \n            <\/div>\n<\/div>\n\n<\/section>","protected":false},"excerpt":{"rendered":"","protected":false},"author":7,"featured_media":39253,"parent":0,"menu_order":72,"comment_status":"closed","ping_status":"closed","template":"","meta":{"_acf_changed":false,"footnotes":""},"categories":[],"class_list":["post-13092","page","type-page","status-publish","has-post-thumbnail","hentry"],"acf":[],"yoast_head":"<!-- This site is optimized with the Yoast SEO Premium plugin v26.0 (Yoast SEO v26.8) - https:\/\/yoast.com\/product\/yoast-seo-premium-wordpress\/ -->\n<title>Aktuelle Ausstellungen - Stift Admont<\/title>\n<meta name=\"description\" content=\"Das Museum des 1074 gegr\u00fcndeten Stiftes Admont kann in seiner heutigen Form auf eine 20-j\u00e4hrige Erfolgsgeschichte zur\u00fcckblicken.\" \/>\n<meta name=\"robots\" content=\"index, follow, max-snippet:-1, max-image-preview:large, max-video-preview:-1\" \/>\n<link rel=\"canonical\" href=\"https:\/\/stiftadmont.at\/pl\/aktualne-wystawy\/\" \/>\n<meta property=\"og:locale\" content=\"pl_PL\" \/>\n<meta property=\"og:type\" content=\"article\" \/>\n<meta property=\"og:title\" content=\"Aktuelle Ausstellungen\" \/>\n<meta property=\"og:description\" content=\"Das Museum des 1074 gegr\u00fcndeten Stiftes Admont kann in seiner heutigen Form auf eine 20-j\u00e4hrige Erfolgsgeschichte zur\u00fcckblicken.\" \/>\n<meta property=\"og:url\" content=\"https:\/\/stiftadmont.at\/pl\/aktualne-wystawy\/\" \/>\n<meta property=\"og:site_name\" content=\"Stift Admont\" \/>\n<meta property=\"article:modified_time\" content=\"2026-03-10T13:36:02+00:00\" \/>\n<meta property=\"og:image\" content=\"https:\/\/stiftadmont.at\/wp-content\/uploads\/Schwarz_verletzt-1024x687.png\" \/>\n\t<meta property=\"og:image:width\" content=\"1024\" \/>\n\t<meta property=\"og:image:height\" content=\"687\" \/>\n\t<meta property=\"og:image:type\" content=\"image\/png\" \/>\n<meta name=\"twitter:card\" content=\"summary_large_image\" \/>\n<meta name=\"twitter:label1\" content=\"Szacowany czas czytania\" \/>\n\t<meta name=\"twitter:data1\" content=\"1 minuta\" \/>\n<script type=\"application\/ld+json\" class=\"yoast-schema-graph\">{\"@context\":\"https:\/\/schema.org\",\"@graph\":[{\"@type\":\"WebPage\",\"@id\":\"https:\/\/stiftadmont.at\/aktuelle-ausstellungen\/\",\"url\":\"https:\/\/stiftadmont.at\/aktuelle-ausstellungen\/\",\"name\":\"Aktuelle Ausstellungen - Stift Admont\",\"isPartOf\":{\"@id\":\"https:\/\/stiftadmont.at\/#website\"},\"primaryImageOfPage\":{\"@id\":\"https:\/\/stiftadmont.at\/aktuelle-ausstellungen\/#primaryimage\"},\"image\":{\"@id\":\"https:\/\/stiftadmont.at\/aktuelle-ausstellungen\/#primaryimage\"},\"thumbnailUrl\":\"https:\/\/stiftadmont.at\/wp-content\/uploads\/Schwarz_verletzt.png\",\"datePublished\":\"2022-06-14T07:43:40+00:00\",\"dateModified\":\"2026-03-10T13:36:02+00:00\",\"description\":\"Das Museum des 1074 gegr\u00fcndeten Stiftes Admont kann in seiner heutigen Form auf eine 20-j\u00e4hrige Erfolgsgeschichte zur\u00fcckblicken.\",\"breadcrumb\":{\"@id\":\"https:\/\/stiftadmont.at\/aktuelle-ausstellungen\/#breadcrumb\"},\"inLanguage\":\"pl-PL\",\"potentialAction\":[{\"@type\":\"ReadAction\",\"target\":[\"https:\/\/stiftadmont.at\/aktuelle-ausstellungen\/\"]}]},{\"@type\":\"ImageObject\",\"inLanguage\":\"pl-PL\",\"@id\":\"https:\/\/stiftadmont.at\/aktuelle-ausstellungen\/#primaryimage\",\"url\":\"https:\/\/stiftadmont.at\/wp-content\/uploads\/Schwarz_verletzt.png\",\"contentUrl\":\"https:\/\/stiftadmont.at\/wp-content\/uploads\/Schwarz_verletzt.png\",\"width\":1894,\"height\":1271,\"caption\":\"Schwarz verletzt\"},{\"@type\":\"BreadcrumbList\",\"@id\":\"https:\/\/stiftadmont.at\/aktuelle-ausstellungen\/#breadcrumb\",\"itemListElement\":[{\"@type\":\"ListItem\",\"position\":1,\"name\":\"Start\",\"item\":\"https:\/\/stiftadmont.at\/\"},{\"@type\":\"ListItem\",\"position\":2,\"name\":\"Aktuelle Ausstellungen\"}]},{\"@type\":\"WebSite\",\"@id\":\"https:\/\/stiftadmont.at\/#website\",\"url\":\"https:\/\/stiftadmont.at\/\",\"name\":\"Stift Admont\",\"description\":\"Benediktinerkloster und Sehensw\u00fcrdigkeit im Ges\u00e4use\",\"potentialAction\":[{\"@type\":\"SearchAction\",\"target\":{\"@type\":\"EntryPoint\",\"urlTemplate\":\"https:\/\/stiftadmont.at\/?s={search_term_string}\"},\"query-input\":{\"@type\":\"PropertyValueSpecification\",\"valueRequired\":true,\"valueName\":\"search_term_string\"}}],\"inLanguage\":\"pl-PL\"}]}<\/script>\n<!-- \/ Yoast SEO Premium plugin. -->","yoast_head_json":{"title":"Aktualne wystawy - Opactwo Admont","description":"Muzeum opactwa Admont, za\u0142o\u017cone w 1074 roku, mo\u017ce pochwali\u0107 si\u0119 20-letnim sukcesem w obecnej formie.","robots":{"index":"index","follow":"follow","max-snippet":"max-snippet:-1","max-image-preview":"max-image-preview:large","max-video-preview":"max-video-preview:-1"},"canonical":"https:\/\/stiftadmont.at\/pl\/aktualne-wystawy\/","og_locale":"pl_PL","og_type":"article","og_title":"Aktuelle Ausstellungen","og_description":"Das Museum des 1074 gegr\u00fcndeten Stiftes Admont kann in seiner heutigen Form auf eine 20-j\u00e4hrige Erfolgsgeschichte zur\u00fcckblicken.","og_url":"https:\/\/stiftadmont.at\/pl\/aktualne-wystawy\/","og_site_name":"Stift Admont","article_modified_time":"2026-03-10T13:36:02+00:00","og_image":[{"width":1024,"height":687,"url":"https:\/\/stiftadmont.at\/wp-content\/uploads\/Schwarz_verletzt-1024x687.png","type":"image\/png"}],"twitter_card":"summary_large_image","twitter_misc":{"Szacowany czas czytania":"1 minuta"},"schema":{"@context":"https:\/\/schema.org","@graph":[{"@type":"WebPage","@id":"https:\/\/stiftadmont.at\/aktuelle-ausstellungen\/","url":"https:\/\/stiftadmont.at\/aktuelle-ausstellungen\/","name":"Aktualne wystawy - Opactwo Admont","isPartOf":{"@id":"https:\/\/stiftadmont.at\/#website"},"primaryImageOfPage":{"@id":"https:\/\/stiftadmont.at\/aktuelle-ausstellungen\/#primaryimage"},"image":{"@id":"https:\/\/stiftadmont.at\/aktuelle-ausstellungen\/#primaryimage"},"thumbnailUrl":"https:\/\/stiftadmont.at\/wp-content\/uploads\/Schwarz_verletzt.png","datePublished":"2022-06-14T07:43:40+00:00","dateModified":"2026-03-10T13:36:02+00:00","description":"Muzeum opactwa Admont, za\u0142o\u017cone w 1074 roku, mo\u017ce pochwali\u0107 si\u0119 20-letnim sukcesem w obecnej formie.","breadcrumb":{"@id":"https:\/\/stiftadmont.at\/aktuelle-ausstellungen\/#breadcrumb"},"inLanguage":"pl-PL","potentialAction":[{"@type":"ReadAction","target":["https:\/\/stiftadmont.at\/aktuelle-ausstellungen\/"]}]},{"@type":"ImageObject","inLanguage":"pl-PL","@id":"https:\/\/stiftadmont.at\/aktuelle-ausstellungen\/#primaryimage","url":"https:\/\/stiftadmont.at\/wp-content\/uploads\/Schwarz_verletzt.png","contentUrl":"https:\/\/stiftadmont.at\/wp-content\/uploads\/Schwarz_verletzt.png","width":1894,"height":1271,"caption":"Schwarz verletzt"},{"@type":"BreadcrumbList","@id":"https:\/\/stiftadmont.at\/aktuelle-ausstellungen\/#breadcrumb","itemListElement":[{"@type":"ListItem","position":1,"name":"Start","item":"https:\/\/stiftadmont.at\/"},{"@type":"ListItem","position":2,"name":"Aktuelle Ausstellungen"}]},{"@type":"WebSite","@id":"https:\/\/stiftadmont.at\/#website","url":"https:\/\/stiftadmont.at\/","name":"Opactwo Admont","description":"Benedykty\u0144ski klasztor i atrakcja turystyczna w Ges\u00e4use","potentialAction":[{"@type":"SearchAction","target":{"@type":"EntryPoint","urlTemplate":"https:\/\/stiftadmont.at\/?s={search_term_string}"},"query-input":{"@type":"PropertyValueSpecification","valueRequired":true,"valueName":"search_term_string"}}],"inLanguage":"pl-PL"}]}},"_links":{"self":[{"href":"https:\/\/stiftadmont.at\/pl\/wp-json\/wp\/v2\/pages\/13092","targetHints":{"allow":["GET"]}}],"collection":[{"href":"https:\/\/stiftadmont.at\/pl\/wp-json\/wp\/v2\/pages"}],"about":[{"href":"https:\/\/stiftadmont.at\/pl\/wp-json\/wp\/v2\/types\/page"}],"author":[{"embeddable":true,"href":"https:\/\/stiftadmont.at\/pl\/wp-json\/wp\/v2\/users\/7"}],"replies":[{"embeddable":true,"href":"https:\/\/stiftadmont.at\/pl\/wp-json\/wp\/v2\/comments?post=13092"}],"version-history":[{"count":172,"href":"https:\/\/stiftadmont.at\/pl\/wp-json\/wp\/v2\/pages\/13092\/revisions"}],"predecessor-version":[{"id":39754,"href":"https:\/\/stiftadmont.at\/pl\/wp-json\/wp\/v2\/pages\/13092\/revisions\/39754"}],"wp:featuredmedia":[{"embeddable":true,"href":"https:\/\/stiftadmont.at\/pl\/wp-json\/wp\/v2\/media\/39253"}],"wp:attachment":[{"href":"https:\/\/stiftadmont.at\/pl\/wp-json\/wp\/v2\/media?parent=13092"}],"wp:term":[{"taxonomy":"category","embeddable":true,"href":"https:\/\/stiftadmont.at\/pl\/wp-json\/wp\/v2\/categories?post=13092"}],"curies":[{"name":"wp","href":"https:\/\/api.w.org\/{rel}","templated":true}]}}