{"id":17276,"date":"2023-03-17T16:53:04","date_gmt":"2023-03-17T14:53:04","guid":{"rendered":"https:\/\/stiftadmont.at\/?page_id=17276"},"modified":"2026-01-12T12:27:00","modified_gmt":"2026-01-12T10:27:00","slug":"heribert-friedl-interwencja-artystyczna-2023","status":"publish","type":"page","link":"https:\/\/stiftadmont.at\/pl\/museum\/ausstellungsrueckblick\/heribert-friedl-kuenstlerische-intervention-2023\/","title":{"rendered":"Heribert Friedl - Interwencja artystyczna 2023"},"content":{"rendered":"<section id='lightpress__section--block_985b0f4faf0609efc1809b2c15cff84f' class='lightpress__section--default-section-space lightpress__section lightpress__section--content'><div class=\"content__inner\"\n         x-init=\"initContentBlockAnim($el)\">\n        \n    <div class=\"content__grid content__grid\">\n                                            <div class=\"content__box content__box--one-hundred\"\n                 style=\"\">\n                                \n                \n                                            <div class=\"prose\"><h2 class=\"heading-xxl line line--gold text-center\">Heribert Friedl<\/h2>\n<h6 class=\"heading-s text-center\">Interwencja artystyczna<br \/>w Muzeum Historii Sztuki<\/h6>\n<p class=\"text-center\">otwarte od 01 kwietnia do 01 listopada 2023 r.<\/p>\n<\/div>\n                    \n                            <\/div>\n        \n            <\/div>\n<\/div>\n\n<\/section>\n\n<section id='lightpress__section--block_54098f1d566e80a26c1b8443492c19d8' class='lightpress__section--default-section-space lightpress__section lightpress__section--content'><div class=\"content__inner\"\n         x-init=\"initContentBlockAnim($el)\">\n        \n    <div class=\"content__grid content__grid\">\n                                            <div class=\"content__box content__box--one-hundred\"\n                 style=\"\">\n                                \n                \n                                            <div class=\"prose\"><p class=\"paragraph-m\">Od 2003 r. <a href=\"https:\/\/stiftadmont.at\/pl\/museen\/muzeum-historii-sztuki\/\">Muzeum Historii Sztuki<\/a> Przestrze\u0144 interwencji artystycznej. Przestrze\u0144 relacji rezonansowych, dialogu: sacrum z profanum, przesz\u0142o\u015bci z tera\u017aniejszo\u015bci\u0105. Transformacje i procesy. Ta przestrze\u0144 zosta\u0142a zaprojektowana przez Heriberta Friedla w 2022 roku!<\/p>\n<p class=\"paragraph-m\">Zaproszeni do tej pory arty\u015bci i artystki zawsze zaskakiwali nas na nowo - swoimi niezwykle wielowarstwowymi i z\u0142o\u017conymi rozwi\u0105zaniami artystycznymi w swoich odniesieniach do Opactwa Admont jako miejsca duchowo\u015bci, jako miejsca tak r\u00f3\u017cnorodnych zbior\u00f3w; do biblioteki, archiw\u00f3w i prawie 950-letniej pami\u0119ci kulturowej. Pok\u00f3j ten zosta\u0142 zaprojektowany przez Heriberta Friedla w 2022 roku. Instalacja sk\u0142ada si\u0119 ze starannie zaprezentowanych element\u00f3w garderoby w formie archiwum, kt\u00f3re nosi\u0142a bardzo konkretna ukochana osoba. Na pocz\u0105tku mo\u017cesz by\u0107 zirytowany, \u017ce natkn\u0105\u0142e\u015b si\u0119 na co\u015b tak banalnego w kontek\u015bcie Kunsthistorisches Museum. Co to jest? Kr\u00f3tkie spojrzenie wstecz na rozw\u00f3j artystyczny Friedla stanowi klucz do jego zrozumienia. Zapachy i ich dzia\u0142anie od dawna znajdowa\u0142y si\u0119 w centrum zainteresowa\u0144 Heriberta Friedla. Du\u017ca cz\u0119\u015b\u0107 jego prac sk\u0142ada si\u0119 z instalacji site-specific lub efemerycznych architektur, kt\u00f3re zajmuj\u0105 si\u0119 terminem \"obiekty niewizualne\" (termin, kt\u00f3rego u\u017cywa w odniesieniu do swojej pracy od 1996 roku). Zapachy pe\u0142ni\u0105 w nich rol\u0119 no\u015bnik\u00f3w tre\u015bci. Friedl pod\u0105\u017ca\u0142 t\u0105 \u015bcie\u017ck\u0105 r\u00f3wnie\u017c we wcze\u015bniejszych latach w Admont Abbey.<\/p>\n<p class=\"paragraph-m\">W 2007 roku, podczas wieloletniej fazy renowacji Biblioteki Opactwa Admont, pokry\u0142 bia\u0142y panel wsporczy na rusztowaniu niewidzialnym zapachem. Zapach kadzid\u0142a uwalnia\u0142 si\u0119 poprzez aktywne pocieranie. Podobnie jak w przypadku wielu swoich instalacji, Heribert Friedl nie zajmowa\u0142 si\u0119 specyfikacj\u0105 wizualn\u0105. Cz\u0119\u015b\u0107 pracy obejmowa\u0142a r\u00f3wnie\u017c karty zapachowe zwi\u0105zane z barokow\u0105 bibliotek\u0105 klasztorn\u0105. Kawa\u0142ek orygina\u0142u zosta\u0142 r\u00f3wnie\u017c zabrany wraz z kart\u0105. W ramach wystawy na temat \"Biblioteka\" w 2008 roku, Heribert Friedl stworzy\u0142 bibliotek\u0119 zapach\u00f3w sk\u0142adaj\u0105c\u0105 si\u0119 ze 100 zapach\u00f3w w Muzeum Sztuki Wsp\u00f3\u0142czesnej - archiwum zapach\u00f3w. W 2012 roku, dla specjalnej kolekcji Admont \"<a href=\"https:\/\/stiftadmont.at\/pl\/muzeum\/przeglad-wystawy\/poza-zasiegiem-wzroku\/\">Poza wzrok - sztuka \u0142\u0105czy osoby niewidome i widz\u0105ce<\/a>\" stworzy\u0142 dzie\u0142o: Widoczn\u0105 spiral\u0119 zapachow\u0105 wykonan\u0105 z perforowanej miedzianej rurki, z kt\u00f3rej miech emituje zapach rozprzestrzeniaj\u0105cy si\u0119 po pomieszczeniu jako niewidzialna efemeryczna rze\u017aba.<\/p>\n<\/div>\n                    \n                            <\/div>\n        \n            <\/div>\n<\/div>\n\n<\/section>\n\n<section id='lightpress__section--block_d52993c148b8a37512070a50a087e92f' class='lightpress__section--default-section-space lightpress__section lightpress__section--content'><div class=\"content__inner\"\n         x-init=\"initContentBlockAnim($el)\">\n        \n    <div class=\"content__grid content__grid--fifty-fifty\">\n                                            <div class=\"content__box content__box\"\n                 style=\"\">\n                                \n                \n                                        <div class=\"content__media stickyTo\" x-init=\"imageSticky($el)\">\n\n                                                                                                <picture\n                                class=\"content__image sticky image-overlay\">\n                            <source srcset=\"https:\/\/stiftadmont.at\/wp-content\/uploads\/Friedl-677x1024_www.jpg\"\n                                    type=\"image\/webp\">\n                            <source srcset=\"https:\/\/stiftadmont.at\/wp-content\/uploads\/Friedl-677x1024_www.jpg\"\n                                    type=\"image\/jpeg\">\n                            <img decoding=\"async\" loading=\"lazy\" src=\"https:\/\/stiftadmont.at\/wp-content\/uploads\/Friedl-677x1024_www.jpg\" alt=\"Friedl 677x1024 www\" width=\"600\" height=\"450\" \/>\n                                                                                                            <\/picture>\n\n                    <\/div>\n\n                            <\/div>\n        \n                                                    <div class=\"content__box content__box--2\"\n                     >\n                                        \n                    \n                                                    <div class=\"prose\"><h6 class=\"heading-s text-center\">Heribert Friedl<br \/>*1969 w Feldbach \/ Styria<br \/>mieszka i pracuje w Wiedniu<\/h6>\n<p class=\"paragraph-m text-center\">Portret ulubionej osoby <br \/>na \u015bwiecie i poza nim.<\/p>\n<p class=\"paragraph-m text-center\">R\u00f3\u017cne elementy odzie\u017cy, buty, krawaty,<br \/>Skarpety, mi\u0119dzy innymi, instalacja, 2022<\/p>\n<\/div>\n                        \n                                    <\/div>\n            \n            <\/div>\n<\/div>\n\n<\/section>\n\n<section id='lightpress__section--block_3709ce691766e9f17602f7fd3eebb526' class='lightpress__section--default-section-space lightpress__section lightpress__section--content'><div class=\"content__inner\"\n         x-init=\"initContentBlockAnim($el)\">\n        \n    <div class=\"content__grid content__grid\">\n                                            <div class=\"content__box content__box--one-hundred\"\n                 style=\"\">\n                                \n                \n                                            <div class=\"prose\"><p class=\"paragraph-m\">W sztuce Heriberta Friedla, kt\u00f3ra koncentruje si\u0119 na percepcji w\u0119chowej, momenty wizualne s\u0105 w miar\u0119 mo\u017cliwo\u015bci pomijane. Obecna instalacja nie dotyczy zatem p\u0142askiej percepcji samej odzie\u017cy. Chodzi o osob\u0119, kt\u00f3ra kiedy\u015b je nosi\u0142a. Chodzi o ukochan\u0105 osob\u0119, kt\u00f3rej fizycznie nie ma ju\u017c z nami po jej \u015bmierci. Chodzi o to, co pozosta\u0142o po tej osobie. Chodzi o nieobecno\u015b\u0107, o wspomnienia - wywo\u0142ane mi\u0119dzy innymi przez zapachy - kt\u00f3re wpisa\u0142y si\u0119 w te elementy odzie\u017cy. Chodzi o to, co indywidualnie \"wyczuwamy\" w przedmiotach, w dzie\u0142ach sztuki - ka\u017cdy inaczej, w zale\u017cno\u015bci od jednostki. Chodzi o niewidzialne mikrocz\u0105steczki, kt\u00f3re w nie wnikn\u0119\u0142y. S\u0105 niewidoczne dla ludzkiego oka, ale dla naukowc\u00f3w s\u0105dowych s\u0105 kosmosem par excellence. Chodzi o mi\u0142o\u015b\u0107, o \u017ca\u0142ob\u0119, o odej\u015bcie, o \"vanitas\" i \"memento mori\". Ostatecznie chodzi o pocieszenie, o nadziej\u0119, o fakt, \u017ce nie ma nic tylko dlatego, \u017ce nie mo\u017cna tego zobaczy\u0107. I o tym, \u017ce to, co widoczne, cz\u0119sto przes\u0142ania to, co naprawd\u0119 wa\u017cne, to, co naprawd\u0119 warto dostrzec.<\/p>\n<p class=\"paragraph-m\">Heribert Friedl m\u00f3wi r\u00f3wnie\u017c o zapachu czasu, kt\u00f3ry znalaz\u0142 wyraz w tych rzeczach. W kontek\u015bcie swojego dialogu z korea\u0144sko-niemieckim filozofem, kulturoznawc\u0105 i autorem Byung-Chul Hanem, m\u00f3wi: \"Historia, kt\u00f3r\u0105 rzeczy nabywaj\u0105 poprzez d\u0142ugie u\u017cytkowanie, o\u017cywia je, aby sta\u0142y si\u0119 'rzeczami serca'. Nie tylko bezpo\u015brednie wra\u017cenie wizualne, kt\u00f3re by\u0107 mo\u017ce odzwierciedla pewien czas, ale tak\u017ce niewidzialne rzeczy, kt\u00f3re mo\u017cna poczu\u0107, tworz\u0105 \"kosmos serca\".<\/p>\n<p class=\"paragraph-m\">Odniesienie do muzeum jest bardziej strukturalne. Muzeum jako archiwum, jako \"wybawca od znikni\u0119cia\". Oczywi\u015bcie mo\u017cna r\u00f3wnie\u017c odnie\u015b\u0107 si\u0119 do parametr\u00f3w.<\/p>\n<\/div>\n                    \n                            <\/div>\n        \n            <\/div>\n<\/div>\n\n<\/section>\n\n<section id='lightpress__section--block_0f61eee28506e933142a4e1aa78383e1' class='lightpress__section--default-section-space lightpress__section lightpress__section--content'><div class=\"content__inner\"\n         x-init=\"initContentBlockAnim($el)\">\n        \n    <div class=\"content__grid content__grid\">\n                                            <div class=\"content__box content__box--one-hundred\"\n                 style=\"\">\n                                \n                \n                                            <div class=\"prose\"><h6 class=\"heading-s text-center\">\"Dobrze widzi si\u0119 tylko sercem.<br \/>Podstawowe elementy s\u0105 niewidoczne <br \/>dla oczu\". <\/h6>\n<p class=\"text-center\">(Antoine de Saint-Exup\u00e9ry)<\/p>\n<\/div>\n                    \n                            <\/div>\n        \n            <\/div>\n<\/div>\n\n<\/section>","protected":false},"excerpt":{"rendered":"","protected":false},"author":7,"featured_media":0,"parent":5864,"menu_order":58,"comment_status":"closed","ping_status":"closed","template":"","meta":{"_acf_changed":false,"footnotes":""},"categories":[73],"class_list":["post-17276","page","type-page","status-publish","hentry","category-ausstellungsrueckblick"],"acf":[],"yoast_head":"<!-- This site is optimized with the Yoast SEO Premium plugin v26.0 (Yoast SEO v26.8) - https:\/\/yoast.com\/product\/yoast-seo-premium-wordpress\/ -->\n<title>Heribert Friedl \u2013 K\u00fcnstlerische Intervention 2023 - Stift Admont<\/title>\n<meta name=\"robots\" content=\"index, follow, max-snippet:-1, max-image-preview:large, max-video-preview:-1\" \/>\n<link rel=\"canonical\" href=\"https:\/\/stiftadmont.at\/pl\/muzeum\/przeglad-wystawy\/heribert-friedl-interwencja-artystyczna-2023\/\" \/>\n<meta property=\"og:locale\" content=\"pl_PL\" \/>\n<meta property=\"og:type\" content=\"article\" \/>\n<meta property=\"og:title\" content=\"Heribert Friedl \u2013 K\u00fcnstlerische Intervention 2023\" \/>\n<meta property=\"og:url\" content=\"https:\/\/stiftadmont.at\/pl\/muzeum\/przeglad-wystawy\/heribert-friedl-interwencja-artystyczna-2023\/\" \/>\n<meta property=\"og:site_name\" content=\"Stift Admont\" \/>\n<meta property=\"article:modified_time\" content=\"2026-01-12T10:27:00+00:00\" \/>\n<meta property=\"og:image\" content=\"https:\/\/stiftadmont.at\/wp-content\/uploads\/Klosteranlage-innen.jpg\" \/>\n\t<meta property=\"og:image:width\" content=\"1912\" \/>\n\t<meta property=\"og:image:height\" content=\"1188\" \/>\n\t<meta property=\"og:image:type\" content=\"image\/jpeg\" \/>\n<meta name=\"twitter:card\" content=\"summary_large_image\" \/>\n<script type=\"application\/ld+json\" class=\"yoast-schema-graph\">{\"@context\":\"https:\/\/schema.org\",\"@graph\":[{\"@type\":\"WebPage\",\"@id\":\"https:\/\/stiftadmont.at\/museum\/ausstellungsrueckblick\/heribert-friedl-kuenstlerische-intervention-2023\/\",\"url\":\"https:\/\/stiftadmont.at\/museum\/ausstellungsrueckblick\/heribert-friedl-kuenstlerische-intervention-2023\/\",\"name\":\"Heribert Friedl \u2013 K\u00fcnstlerische Intervention 2023 - Stift Admont\",\"isPartOf\":{\"@id\":\"https:\/\/stiftadmont.at\/#website\"},\"datePublished\":\"2023-03-17T14:53:04+00:00\",\"dateModified\":\"2026-01-12T10:27:00+00:00\",\"breadcrumb\":{\"@id\":\"https:\/\/stiftadmont.at\/museum\/ausstellungsrueckblick\/heribert-friedl-kuenstlerische-intervention-2023\/#breadcrumb\"},\"inLanguage\":\"pl-PL\",\"potentialAction\":[{\"@type\":\"ReadAction\",\"target\":[\"https:\/\/stiftadmont.at\/museum\/ausstellungsrueckblick\/heribert-friedl-kuenstlerische-intervention-2023\/\"]}]},{\"@type\":\"BreadcrumbList\",\"@id\":\"https:\/\/stiftadmont.at\/museum\/ausstellungsrueckblick\/heribert-friedl-kuenstlerische-intervention-2023\/#breadcrumb\",\"itemListElement\":[{\"@type\":\"ListItem\",\"position\":1,\"name\":\"Start\",\"item\":\"https:\/\/stiftadmont.at\/\"},{\"@type\":\"ListItem\",\"position\":2,\"name\":\"Museum Stift Admont\",\"item\":\"https:\/\/stiftadmont.at\/museum\/\"},{\"@type\":\"ListItem\",\"position\":3,\"name\":\"Ausstellungsr\u00fcckblick\",\"item\":\"https:\/\/stiftadmont.at\/museum\/ausstellungsrueckblick\/\"},{\"@type\":\"ListItem\",\"position\":4,\"name\":\"Heribert Friedl \u2013 K\u00fcnstlerische Intervention 2023\"}]},{\"@type\":\"WebSite\",\"@id\":\"https:\/\/stiftadmont.at\/#website\",\"url\":\"https:\/\/stiftadmont.at\/\",\"name\":\"Stift Admont\",\"description\":\"Benediktinerkloster und Sehensw\u00fcrdigkeit im Ges\u00e4use\",\"potentialAction\":[{\"@type\":\"SearchAction\",\"target\":{\"@type\":\"EntryPoint\",\"urlTemplate\":\"https:\/\/stiftadmont.at\/?s={search_term_string}\"},\"query-input\":{\"@type\":\"PropertyValueSpecification\",\"valueRequired\":true,\"valueName\":\"search_term_string\"}}],\"inLanguage\":\"pl-PL\"}]}<\/script>\n<!-- \/ Yoast SEO Premium plugin. -->","yoast_head_json":{"title":"Heribert Friedl - Interwencja artystyczna 2023 - Opactwo Admont","robots":{"index":"index","follow":"follow","max-snippet":"max-snippet:-1","max-image-preview":"max-image-preview:large","max-video-preview":"max-video-preview:-1"},"canonical":"https:\/\/stiftadmont.at\/pl\/muzeum\/przeglad-wystawy\/heribert-friedl-interwencja-artystyczna-2023\/","og_locale":"pl_PL","og_type":"article","og_title":"Heribert Friedl \u2013 K\u00fcnstlerische Intervention 2023","og_url":"https:\/\/stiftadmont.at\/pl\/muzeum\/przeglad-wystawy\/heribert-friedl-interwencja-artystyczna-2023\/","og_site_name":"Stift Admont","article_modified_time":"2026-01-12T10:27:00+00:00","og_image":[{"width":1912,"height":1188,"url":"https:\/\/stiftadmont.at\/wp-content\/uploads\/Klosteranlage-innen.jpg","type":"image\/jpeg"}],"twitter_card":"summary_large_image","schema":{"@context":"https:\/\/schema.org","@graph":[{"@type":"WebPage","@id":"https:\/\/stiftadmont.at\/museum\/ausstellungsrueckblick\/heribert-friedl-kuenstlerische-intervention-2023\/","url":"https:\/\/stiftadmont.at\/museum\/ausstellungsrueckblick\/heribert-friedl-kuenstlerische-intervention-2023\/","name":"Heribert Friedl - Interwencja artystyczna 2023 - Opactwo Admont","isPartOf":{"@id":"https:\/\/stiftadmont.at\/#website"},"datePublished":"2023-03-17T14:53:04+00:00","dateModified":"2026-01-12T10:27:00+00:00","breadcrumb":{"@id":"https:\/\/stiftadmont.at\/museum\/ausstellungsrueckblick\/heribert-friedl-kuenstlerische-intervention-2023\/#breadcrumb"},"inLanguage":"pl-PL","potentialAction":[{"@type":"ReadAction","target":["https:\/\/stiftadmont.at\/museum\/ausstellungsrueckblick\/heribert-friedl-kuenstlerische-intervention-2023\/"]}]},{"@type":"BreadcrumbList","@id":"https:\/\/stiftadmont.at\/museum\/ausstellungsrueckblick\/heribert-friedl-kuenstlerische-intervention-2023\/#breadcrumb","itemListElement":[{"@type":"ListItem","position":1,"name":"Start","item":"https:\/\/stiftadmont.at\/"},{"@type":"ListItem","position":2,"name":"Museum Stift Admont","item":"https:\/\/stiftadmont.at\/museum\/"},{"@type":"ListItem","position":3,"name":"Ausstellungsr\u00fcckblick","item":"https:\/\/stiftadmont.at\/museum\/ausstellungsrueckblick\/"},{"@type":"ListItem","position":4,"name":"Heribert Friedl \u2013 K\u00fcnstlerische Intervention 2023"}]},{"@type":"WebSite","@id":"https:\/\/stiftadmont.at\/#website","url":"https:\/\/stiftadmont.at\/","name":"Opactwo Admont","description":"Benedykty\u0144ski klasztor i atrakcja turystyczna w Ges\u00e4use","potentialAction":[{"@type":"SearchAction","target":{"@type":"EntryPoint","urlTemplate":"https:\/\/stiftadmont.at\/?s={search_term_string}"},"query-input":{"@type":"PropertyValueSpecification","valueRequired":true,"valueName":"search_term_string"}}],"inLanguage":"pl-PL"}]}},"_links":{"self":[{"href":"https:\/\/stiftadmont.at\/pl\/wp-json\/wp\/v2\/pages\/17276","targetHints":{"allow":["GET"]}}],"collection":[{"href":"https:\/\/stiftadmont.at\/pl\/wp-json\/wp\/v2\/pages"}],"about":[{"href":"https:\/\/stiftadmont.at\/pl\/wp-json\/wp\/v2\/types\/page"}],"author":[{"embeddable":true,"href":"https:\/\/stiftadmont.at\/pl\/wp-json\/wp\/v2\/users\/7"}],"replies":[{"embeddable":true,"href":"https:\/\/stiftadmont.at\/pl\/wp-json\/wp\/v2\/comments?post=17276"}],"version-history":[{"count":25,"href":"https:\/\/stiftadmont.at\/pl\/wp-json\/wp\/v2\/pages\/17276\/revisions"}],"predecessor-version":[{"id":39064,"href":"https:\/\/stiftadmont.at\/pl\/wp-json\/wp\/v2\/pages\/17276\/revisions\/39064"}],"up":[{"embeddable":true,"href":"https:\/\/stiftadmont.at\/pl\/wp-json\/wp\/v2\/pages\/5864"}],"wp:attachment":[{"href":"https:\/\/stiftadmont.at\/pl\/wp-json\/wp\/v2\/media?parent=17276"}],"wp:term":[{"taxonomy":"category","embeddable":true,"href":"https:\/\/stiftadmont.at\/pl\/wp-json\/wp\/v2\/categories?post=17276"}],"curies":[{"name":"wp","href":"https:\/\/api.w.org\/{rel}","templated":true}]}}