{"id":19079,"date":"2023-08-02T11:42:23","date_gmt":"2023-08-02T09:42:23","guid":{"rendered":"https:\/\/stiftadmont.at\/?page_id=19079"},"modified":"2025-07-14T13:18:19","modified_gmt":"2025-07-14T11:18:19","slug":"szlak-przygody","status":"publish","type":"page","link":"https:\/\/stiftadmont.at\/pl\/familienparadies-kaiserau\/sommer\/erlebnisweg\/","title":{"rendered":"Szlak przygody"},"content":{"rendered":"<section id='lightpress__section--block_53ab38afc1c2a1a5a5ceae0f1b51ce3d' class='align-center lightpress__section--default-section-space lightpress__section lightpress__section--headline'><div class=\"headline__container\">\n            <h2 class=\"headline text--40 text-medium line line--gold line-above line-middle\">Erlebnisweg Kaiserau mit Ella<\/h2>\n        <p class=\"text-center text-gold text--20 text-medium text--uppercase\">3,5 km lang und auf insgesamt 8 Stationen aufgeteilt<\/p>\n        <div class=\"spacer--40\"><\/div>\n<\/div>\n\n<\/section>\n\n<section id='lightpress__section--block_d70eb071be2c18df617a86c4040ec431' class='lightpress__section--default-section-space lightpress__section lightpress__section--content'><div class=\"content__inner\"\n         x-init=\"initContentBlockAnim($el)\">\n        \n    <div class=\"content__grid content__grid\">\n                                            <div class=\"content__box content__box--one-hundred\"\n                 style=\"\">\n                                \n                \n                                            <div class=\"prose\"><h5 class=\"heading-m line line-above line--gold\"><strong>Ge\u00f6ffnet: von Mai bis Oktober (nur im Sommer)<br \/><\/strong><\/h5>\n<p>\u00a0<\/p>\n<p class=\"paragraph-m\">Unsere Leitfigur \u201eElla\u201c begleitet auf unserem rund 3,5 km langen Themen-Rundweg. Auf insgesamt 8 Stationen k\u00f6nnen Kinder spielerisch Themenbereiche wie Jagd, Wald und Energie kennenlernen. Der Erlebnisparcours Kaiserau beginnt neben der Pumptrack-Anlage, f\u00fchrt vorbei am Schloss Kaiserau, weiter bis zum R\u00fcckhaltebecken und entlang des Waldrands wieder zur\u00fcck zum Ausgangspunkt.<\/p>\n<p class=\"paragraph-m\">Das Entdeckerbuch von Ella kann an Stationen entnommen werden (verf\u00fcgbar auch als Download, siehe unten) und enth\u00e4lt spannende Aufgaben und lustige Spiele f\u00fcr unser kleinen G\u00e4ste. F\u00fcr eine flexible Zeitgestaltung steht Besucherinnen und Besuchern eine weitere Wegvariante zur Verf\u00fcgung, die den Rundweg auf 1,5 km verk\u00fcrzt.<\/p>\n<p>\u00a0<\/p>\n<p><a class=\"admont-button admont-button--secondary\" title=\"Entdeckerbuch Ella ansehen\" href=\"https:\/\/stiftadmont.at\/wp-content\/uploads\/Kaiserau-Entdeckerbuch-Ella.pdf\" target=\"_blank\" rel=\"noopener\">Entdeckerbuch Ella ansehen<\/a><\/p>\n<p>\u00a0<\/p>\n<p class=\"paragraph-s\"><strong>Hinweis:\u00a0Unser Themenweg wird ab dem Sp\u00e4therbst bis zum Fr\u00fchjahr in den Winterschlaf verbannt und ist daher au\u00dfer Betrieb.<\/strong><br \/><strong>Eine Ben\u00fctzung der Spielger\u00e4te und Stationen in den Wintermonaten erfolgt auf eigene Gefahr!<\/strong><\/p>\n<\/div>\n                    \n                            <\/div>\n        \n            <\/div>\n<\/div>\n\n<\/section>\n\n<section id='lightpress__section--block_5d484966989bc3829f50fafd3524373f' class='bg--beige lightpress__section--colored-bg lightpress__section--default-section-space lightpress__section lightpress__section--content'><div class=\"content__inner\"\n         x-init=\"initContentBlockAnim($el)\">\n        \n    <div class=\"content__grid content__grid--fifty-fifty\">\n                                            <div class=\"content__box content__box\"\n                 style=\"\">\n                                \n                \n                                            <div class=\"prose\"><h5 class=\"heading-m line line-above line--gold\"><strong>Mit rund 8 Stationen<br \/>auf 3,5 Kilometer<\/strong><\/h5>\n<p>\u00a0<\/p>\n<p class=\"paragraph-m\">1 | Einstieg<br \/>2 | \u00dcberblick<br \/>3 | Schloss Kaiserau &amp; Erlebnis Wiese<br \/>4 | Kraft &amp; Energie<br \/>5 | Das Retentionsbecken<br \/>6 | Namensforschung &amp; Almwirtschaft<br \/>7 | Lebensraum Wald<br \/>8 | Fotopoint<\/p>\n<\/div>\n                    \n                            <\/div>\n        \n                                                    <div class=\"content__box content__box--2\"\n                     >\n                                        \n                    \n                                                <div class=\"content__media stickyTo\" x-init=\"imageSticky($el)\">\n\n                                                                                    <picture\n                                    class=\"content__image sticky\">\n                                <source srcset=\"https:\/\/stiftadmont.at\/wp-content\/uploads\/Kaiserau_Themenweg_Plan_RZ_L.webp\" type=\"image\/webp\">\n                                <source srcset=\"https:\/\/stiftadmont.at\/wp-content\/uploads\/Kaiserau_Themenweg_Plan_RZ_L.jpg\" type=\"image\/jpeg\">\n                                <img decoding=\"async\" class=\"sticky\" loading=\"lazy\" src=\"https:\/\/stiftadmont.at\/wp-content\/uploads\/Kaiserau_Themenweg_Plan_RZ_L.png\" alt=\"Kaiserau Themenweg Plan RZ L\" \/>\n\n                                                                                                                            <\/picture>\n\n                        <\/div>\n\n                                    <\/div>\n            \n            <\/div>\n<\/div>\n\n    <div class=\"background__container background__container--beige\">\n    <\/div>\n\n<\/section>\n\n<section id='lightpress__section--block_42fda6b4ca6a0b6d4cdab5a4cd4dbb92' class='lightpress__section--default-section-space lightpress__section lightpress__section--image-slider'>\n<div class=\"image-slider\"\n     x-data=\"{ gallery: null, shown: false }\"\n     x-init=\"gallery = initSliderGallery([{&quot;href&quot;:&quot;https:\\\/\\\/stiftadmont.at\\\/wp-content\\\/uploads\\\/Kaiserau-Erlebnisweg-Ella-c-Tanja-Brunthaler-1-1920x1440.jpg&quot;,&quot;type&quot;:&quot;image&quot;},{&quot;href&quot;:&quot;https:\\\/\\\/stiftadmont.at\\\/wp-content\\\/uploads\\\/Kaiserau-Erlebnisweg-Ella-c-Tanja-Brunthaler-3-1920x2560.jpg&quot;,&quot;type&quot;:&quot;image&quot;},{&quot;href&quot;:&quot;https:\\\/\\\/stiftadmont.at\\\/wp-content\\\/uploads\\\/Kaiserau-Erlebnisweg-Ella-c-Tanja-Brunthaler-4.jpg&quot;,&quot;type&quot;:&quot;image&quot;},{&quot;href&quot;:&quot;https:\\\/\\\/stiftadmont.at\\\/wp-content\\\/uploads\\\/Kaiserau-Erlebnisweg-Ella-c-Tanja-Brunthaler-5-1920x2560.jpg&quot;,&quot;type&quot;:&quot;image&quot;},{&quot;href&quot;:&quot;https:\\\/\\\/stiftadmont.at\\\/wp-content\\\/uploads\\\/Kaiserau-Erlebnisweg-Ella-c-Tanja-Brunthaler-9-1920x1440.jpg&quot;,&quot;type&quot;:&quot;image&quot;},{&quot;href&quot;:&quot;https:\\\/\\\/stiftadmont.at\\\/wp-content\\\/uploads\\\/Kaiserau-Erlebnisweg-Ella-c-Tanja-Brunthaler-11-1920x1440.jpg&quot;,&quot;type&quot;:&quot;image&quot;},{&quot;href&quot;:&quot;https:\\\/\\\/stiftadmont.at\\\/wp-content\\\/uploads\\\/Kaiserau-Erlebnisweg-Ella-c-Tanja-Brunthaler-13-1920x1440.jpg&quot;,&quot;type&quot;:&quot;image&quot;},{&quot;href&quot;:&quot;https:\\\/\\\/stiftadmont.at\\\/wp-content\\\/uploads\\\/Kaiserau-Erlebnisweg-Ella-c-Tanja-Brunthaler-14-1920x1440.jpg&quot;,&quot;type&quot;:&quot;image&quot;},{&quot;href&quot;:&quot;https:\\\/\\\/stiftadmont.at\\\/wp-content\\\/uploads\\\/Kaiserau-Erlebnisweg-Ella-c-Tanja-Brunthaler-18-1920x2560.jpg&quot;,&quot;type&quot;:&quot;image&quot;}]); initImageSliderBlockAnim($el);\">\n    <div class=\"image-slider__inner\">\n\n        <div class=\"swiper-container\" x-init=\"initImageSliderBlock($el, $refs.btnPrev, $refs.btnNext)\">\n            <div class=\"swiper-wrapper\">\n                                    <div class=\"swiper-slide\">\n                        <div class=\"image-slider__media\">\n                            <img decoding=\"async\" class=\"image-slider__image\"\n                                 src=\"https:\/\/stiftadmont.at\/wp-content\/uploads\/Kaiserau-Erlebnisweg-Ella-c-Tanja-Brunthaler-1-768x576.jpg\"\n                                 alt=\"Kaiserau   Erlebnisweg Ella (c) Tanja Brunthaler 1\">\n                        <\/div>\n                    <\/div>\n                                    <div class=\"swiper-slide\">\n                        <div class=\"image-slider__media\">\n                            <img decoding=\"async\" class=\"image-slider__image\"\n                                 src=\"https:\/\/stiftadmont.at\/wp-content\/uploads\/Kaiserau-Erlebnisweg-Ella-c-Tanja-Brunthaler-3-768x1024.jpg\"\n                                 alt=\"Kaiserau   Erlebnisweg Ella (c) Tanja Brunthaler 3\">\n                        <\/div>\n                    <\/div>\n                                    <div class=\"swiper-slide\">\n                        <div class=\"image-slider__media\">\n                            <img decoding=\"async\" class=\"image-slider__image\"\n                                 src=\"https:\/\/stiftadmont.at\/wp-content\/uploads\/Kaiserau-Erlebnisweg-Ella-c-Tanja-Brunthaler-4-768x1355.jpg\"\n                                 alt=\"Kaiserau   Erlebnisweg Ella (c) Tanja Brunthaler 4\">\n                        <\/div>\n                    <\/div>\n                                    <div class=\"swiper-slide\">\n                        <div class=\"image-slider__media\">\n                            <img decoding=\"async\" class=\"image-slider__image\"\n                                 src=\"https:\/\/stiftadmont.at\/wp-content\/uploads\/Kaiserau-Erlebnisweg-Ella-c-Tanja-Brunthaler-5-768x1024.jpg\"\n                                 alt=\"Kaiserau   Erlebnisweg Ella (c) Tanja Brunthaler 5\">\n                        <\/div>\n                    <\/div>\n                                    <div class=\"swiper-slide\">\n                        <div class=\"image-slider__media\">\n                            <img decoding=\"async\" class=\"image-slider__image\"\n                                 src=\"https:\/\/stiftadmont.at\/wp-content\/uploads\/Kaiserau-Erlebnisweg-Ella-c-Tanja-Brunthaler-9-768x576.jpg\"\n                                 alt=\"Kaiserau   Erlebnisweg Ella (c) Tanja Brunthaler 9\">\n                        <\/div>\n                    <\/div>\n                                    <div class=\"swiper-slide\">\n                        <div class=\"image-slider__media\">\n                            <img decoding=\"async\" class=\"image-slider__image\"\n                                 src=\"https:\/\/stiftadmont.at\/wp-content\/uploads\/Kaiserau-Erlebnisweg-Ella-c-Tanja-Brunthaler-11-768x576.jpg\"\n                                 alt=\"Kaiserau   Erlebnisweg Ella (c) Tanja Brunthaler 11\">\n                        <\/div>\n                    <\/div>\n                                    <div class=\"swiper-slide\">\n                        <div class=\"image-slider__media\">\n                            <img decoding=\"async\" class=\"image-slider__image\"\n                                 src=\"https:\/\/stiftadmont.at\/wp-content\/uploads\/Kaiserau-Erlebnisweg-Ella-c-Tanja-Brunthaler-13-768x576.jpg\"\n                                 alt=\"Kaiserau   Erlebnisweg Ella (c) Tanja Brunthaler 13\">\n                        <\/div>\n                    <\/div>\n                                    <div class=\"swiper-slide\">\n                        <div class=\"image-slider__media\">\n                            <img decoding=\"async\" class=\"image-slider__image\"\n                                 src=\"https:\/\/stiftadmont.at\/wp-content\/uploads\/Kaiserau-Erlebnisweg-Ella-c-Tanja-Brunthaler-14-768x576.jpg\"\n                                 alt=\"Kaiserau   Erlebnisweg Ella (c) Tanja Brunthaler 14\">\n                        <\/div>\n                    <\/div>\n                                    <div class=\"swiper-slide\">\n                        <div class=\"image-slider__media\">\n                            <img decoding=\"async\" class=\"image-slider__image\"\n                                 src=\"https:\/\/stiftadmont.at\/wp-content\/uploads\/Kaiserau-Erlebnisweg-Ella-c-Tanja-Brunthaler-18-768x1024.jpg\"\n                                 alt=\"Kaiserau   Erlebnisweg Ella (c) Tanja Brunthaler 18\">\n                        <\/div>\n                    <\/div>\n                            <\/div>\n\n            <div class=\"swiper-nav-wrapper\">\n                <button class=\"swiper-button-prev slider-button--prev\" x-ref=\"btnPrev\"\n                        aria-label=\"Vorige Bilder anzeigen\">\n                    <img decoding=\"async\" src=\"\/wp-content\/themes\/stift-admont\/src\/assets\/img\/arrow-left-big-new.svg\" alt=\"Pfeil nach Links\">\n                <\/button>\n\n\n                <a class=\"image-slider__gallery\" @click=\"openGallery(gallery)\"><i class=\"fa-thin fa-plus\"><\/i><\/a>\n                <button class=\"swiper-button-next slider-button--next\"\n                        x-ref=\"btnNext\"\n                        aria-label=\"N\u00e4chste Bilder anzeigen\">\n                    <img decoding=\"async\" src=\"\/wp-content\/themes\/stift-admont\/src\/assets\/img\/arrow-right-big-new.svg\" alt=\"Pfeil nach Rechts\">\n                <\/button>\n            <\/div>\n        <\/div>\n    <\/div>\n\n\n<\/div><\/section>","protected":false},"excerpt":{"rendered":"","protected":false},"author":19,"featured_media":0,"parent":19030,"menu_order":56,"comment_status":"closed","ping_status":"closed","template":"","meta":{"_acf_changed":false,"footnotes":""},"categories":[],"class_list":["post-19079","page","type-page","status-publish","hentry"],"acf":[],"yoast_head":"<!-- This site is optimized with the Yoast SEO Premium plugin v26.0 (Yoast SEO v26.8) - https:\/\/yoast.com\/product\/yoast-seo-premium-wordpress\/ -->\n<title>Erlebnisweg - Stift Admont<\/title>\n<meta name=\"robots\" content=\"index, follow, max-snippet:-1, max-image-preview:large, max-video-preview:-1\" \/>\n<link rel=\"canonical\" href=\"https:\/\/stiftadmont.at\/pl\/rodzinny-raj-kaiserau\/lato\/szlak-przygody\/\" \/>\n<meta property=\"og:locale\" content=\"pl_PL\" \/>\n<meta property=\"og:type\" content=\"article\" \/>\n<meta property=\"og:title\" content=\"Erlebnisweg\" \/>\n<meta property=\"og:url\" content=\"https:\/\/stiftadmont.at\/pl\/rodzinny-raj-kaiserau\/lato\/szlak-przygody\/\" \/>\n<meta property=\"og:site_name\" content=\"Stift Admont\" \/>\n<meta property=\"article:modified_time\" content=\"2025-07-14T11:18:19+00:00\" \/>\n<meta property=\"og:image\" content=\"https:\/\/stiftadmont.at\/wp-content\/uploads\/Klosteranlage-innen.jpg\" \/>\n\t<meta property=\"og:image:width\" content=\"1912\" \/>\n\t<meta property=\"og:image:height\" content=\"1188\" \/>\n\t<meta property=\"og:image:type\" content=\"image\/jpeg\" \/>\n<meta name=\"twitter:card\" content=\"summary_large_image\" \/>\n<script type=\"application\/ld+json\" class=\"yoast-schema-graph\">{\"@context\":\"https:\/\/schema.org\",\"@graph\":[{\"@type\":\"WebPage\",\"@id\":\"https:\/\/stiftadmont.at\/familienparadies-kaiserau\/sommer\/erlebnisweg\/\",\"url\":\"https:\/\/stiftadmont.at\/familienparadies-kaiserau\/sommer\/erlebnisweg\/\",\"name\":\"Erlebnisweg - Stift Admont\",\"isPartOf\":{\"@id\":\"https:\/\/stiftadmont.at\/#website\"},\"datePublished\":\"2023-08-02T09:42:23+00:00\",\"dateModified\":\"2025-07-14T11:18:19+00:00\",\"breadcrumb\":{\"@id\":\"https:\/\/stiftadmont.at\/familienparadies-kaiserau\/sommer\/erlebnisweg\/#breadcrumb\"},\"inLanguage\":\"pl-PL\",\"potentialAction\":[{\"@type\":\"ReadAction\",\"target\":[\"https:\/\/stiftadmont.at\/familienparadies-kaiserau\/sommer\/erlebnisweg\/\"]}]},{\"@type\":\"BreadcrumbList\",\"@id\":\"https:\/\/stiftadmont.at\/familienparadies-kaiserau\/sommer\/erlebnisweg\/#breadcrumb\",\"itemListElement\":[{\"@type\":\"ListItem\",\"position\":1,\"name\":\"Start\",\"item\":\"https:\/\/stiftadmont.at\/\"},{\"@type\":\"ListItem\",\"position\":2,\"name\":\"Familienparadies Kaiserau\",\"item\":\"https:\/\/stiftadmont.at\/familienparadies-kaiserau\/\"},{\"@type\":\"ListItem\",\"position\":3,\"name\":\"Sommer\",\"item\":\"https:\/\/stiftadmont.at\/familienparadies-kaiserau\/sommer\/\"},{\"@type\":\"ListItem\",\"position\":4,\"name\":\"Erlebnisweg\"}]},{\"@type\":\"WebSite\",\"@id\":\"https:\/\/stiftadmont.at\/#website\",\"url\":\"https:\/\/stiftadmont.at\/\",\"name\":\"Stift Admont\",\"description\":\"Benediktinerkloster und Sehensw\u00fcrdigkeit im Ges\u00e4use\",\"potentialAction\":[{\"@type\":\"SearchAction\",\"target\":{\"@type\":\"EntryPoint\",\"urlTemplate\":\"https:\/\/stiftadmont.at\/?s={search_term_string}\"},\"query-input\":{\"@type\":\"PropertyValueSpecification\",\"valueRequired\":true,\"valueName\":\"search_term_string\"}}],\"inLanguage\":\"pl-PL\"}]}<\/script>\n<!-- \/ Yoast SEO Premium plugin. -->","yoast_head_json":{"title":"Szlak przygody - Opactwo Admont","robots":{"index":"index","follow":"follow","max-snippet":"max-snippet:-1","max-image-preview":"max-image-preview:large","max-video-preview":"max-video-preview:-1"},"canonical":"https:\/\/stiftadmont.at\/pl\/rodzinny-raj-kaiserau\/lato\/szlak-przygody\/","og_locale":"pl_PL","og_type":"article","og_title":"Erlebnisweg","og_url":"https:\/\/stiftadmont.at\/pl\/rodzinny-raj-kaiserau\/lato\/szlak-przygody\/","og_site_name":"Stift Admont","article_modified_time":"2025-07-14T11:18:19+00:00","og_image":[{"width":1912,"height":1188,"url":"https:\/\/stiftadmont.at\/wp-content\/uploads\/Klosteranlage-innen.jpg","type":"image\/jpeg"}],"twitter_card":"summary_large_image","schema":{"@context":"https:\/\/schema.org","@graph":[{"@type":"WebPage","@id":"https:\/\/stiftadmont.at\/familienparadies-kaiserau\/sommer\/erlebnisweg\/","url":"https:\/\/stiftadmont.at\/familienparadies-kaiserau\/sommer\/erlebnisweg\/","name":"Szlak przygody - Opactwo Admont","isPartOf":{"@id":"https:\/\/stiftadmont.at\/#website"},"datePublished":"2023-08-02T09:42:23+00:00","dateModified":"2025-07-14T11:18:19+00:00","breadcrumb":{"@id":"https:\/\/stiftadmont.at\/familienparadies-kaiserau\/sommer\/erlebnisweg\/#breadcrumb"},"inLanguage":"pl-PL","potentialAction":[{"@type":"ReadAction","target":["https:\/\/stiftadmont.at\/familienparadies-kaiserau\/sommer\/erlebnisweg\/"]}]},{"@type":"BreadcrumbList","@id":"https:\/\/stiftadmont.at\/familienparadies-kaiserau\/sommer\/erlebnisweg\/#breadcrumb","itemListElement":[{"@type":"ListItem","position":1,"name":"Start","item":"https:\/\/stiftadmont.at\/"},{"@type":"ListItem","position":2,"name":"Familienparadies Kaiserau","item":"https:\/\/stiftadmont.at\/familienparadies-kaiserau\/"},{"@type":"ListItem","position":3,"name":"Sommer","item":"https:\/\/stiftadmont.at\/familienparadies-kaiserau\/sommer\/"},{"@type":"ListItem","position":4,"name":"Erlebnisweg"}]},{"@type":"WebSite","@id":"https:\/\/stiftadmont.at\/#website","url":"https:\/\/stiftadmont.at\/","name":"Opactwo Admont","description":"Benedykty\u0144ski klasztor i atrakcja turystyczna w Ges\u00e4use","potentialAction":[{"@type":"SearchAction","target":{"@type":"EntryPoint","urlTemplate":"https:\/\/stiftadmont.at\/?s={search_term_string}"},"query-input":{"@type":"PropertyValueSpecification","valueRequired":true,"valueName":"search_term_string"}}],"inLanguage":"pl-PL"}]}},"_links":{"self":[{"href":"https:\/\/stiftadmont.at\/pl\/wp-json\/wp\/v2\/pages\/19079","targetHints":{"allow":["GET"]}}],"collection":[{"href":"https:\/\/stiftadmont.at\/pl\/wp-json\/wp\/v2\/pages"}],"about":[{"href":"https:\/\/stiftadmont.at\/pl\/wp-json\/wp\/v2\/types\/page"}],"author":[{"embeddable":true,"href":"https:\/\/stiftadmont.at\/pl\/wp-json\/wp\/v2\/users\/19"}],"replies":[{"embeddable":true,"href":"https:\/\/stiftadmont.at\/pl\/wp-json\/wp\/v2\/comments?post=19079"}],"version-history":[{"count":110,"href":"https:\/\/stiftadmont.at\/pl\/wp-json\/wp\/v2\/pages\/19079\/revisions"}],"predecessor-version":[{"id":36288,"href":"https:\/\/stiftadmont.at\/pl\/wp-json\/wp\/v2\/pages\/19079\/revisions\/36288"}],"up":[{"embeddable":true,"href":"https:\/\/stiftadmont.at\/pl\/wp-json\/wp\/v2\/pages\/19030"}],"wp:attachment":[{"href":"https:\/\/stiftadmont.at\/pl\/wp-json\/wp\/v2\/media?parent=19079"}],"wp:term":[{"taxonomy":"category","embeddable":true,"href":"https:\/\/stiftadmont.at\/pl\/wp-json\/wp\/v2\/categories?post=19079"}],"curies":[{"name":"wp","href":"https:\/\/api.w.org\/{rel}","templated":true}]}}