{"id":19194,"date":"2023-08-02T14:16:39","date_gmt":"2023-08-02T12:16:39","guid":{"rendered":"https:\/\/stiftadmont.at\/?page_id=19194"},"modified":"2025-10-15T11:13:34","modified_gmt":"2025-10-15T09:13:34","slug":"transport-narciarski","status":"publish","type":"page","link":"https:\/\/stiftadmont.at\/pl\/familienparadies-kaiserau\/winter\/ski-shuttle\/","title":{"rendered":"Transfer na nartach"},"content":{"rendered":"<section id='lightpress__section--block_bd46e80f53332a9255d7c03c8659300b' class='align-center lightpress__section--default-section-space lightpress__section lightpress__section--headline'><div class=\"headline__container\">\n            <h2 class=\"headline text--40 text-medium line line--gold line-above line-middle\">Transfer narciarski Kaiserau<\/h2>\n        <p class=\"text-center text-gold text--20 text-medium text--uppercase\">Bezpiecznie i wygodnie dojed\u017a autobusem do Kaiserau<\/p>\n        <div class=\"spacer--40\"><\/div>\n<\/div>\n\n<\/section>\n\n<section id='lightpress__section--block_c401b09df87c6e4aab09800e6fb0045a' class='lightpress__section--default-section-space lightpress__section lightpress__section--content'><div class=\"content__inner\"\n         x-init=\"initContentBlockAnim($el)\">\n        \n    <div class=\"content__grid content__grid--fifty-fifty\">\n                                            <div class=\"content__box content__box\"\n                 style=\"\">\n                                \n                \n                                            <div class=\"prose\"><p class=\"paragraph-m\">W sezonie zimowym dla ka\u017cdego go\u015bcia narciarskiego podr\u00f3\u017cuj\u0105cego od strony Ennstal dost\u0119pny jest transfer dla narciarzy.<\/p>\n<p>\u00a0<\/p>\n<p class=\"paragraph-m\">Podczas \u015bwi\u0105t Bo\u017cego Narodzenia (od 24 grudnia), styryjskiej przerwy semestralnej i weekend\u00f3w pomi\u0119dzy nimi <strong>Firma Wagner Bus Travel<\/strong> bezpiecznie do Kaiserau i z powrotem (od 8913 Weng do 8911 Admont - dok\u0142adne przystanki znajduj\u0105 si\u0119 w rozk\u0142adzie jazdy).<\/p>\n<p>\u00a0<\/p>\n<p class=\"paragraph-m\"><strong>Transport narciarski jest bezp\u0142atny dla posiadaczy karnet\u00f3w sezonowych Kaiserau!<\/strong><\/p>\n<p>\u00a0<\/p>\n<p><a class=\"admont-button admont-button--secondary\" title=\"Kaiserau - transport narciarski 2023-24\" href=\"https:\/\/stiftadmont.at\/wp-content\/uploads\/Kaiserau-Skishuttle_2023_www-scaled.jpg\" target=\"_blank\" rel=\"noopener\">Kaiserau - transport narciarski 2025-2026<\/a><\/p>\n<\/div>\n                    \n                            <\/div>\n        \n                                                    <div class=\"content__box content__box--2\"\n                     >\n                                        \n                    \n                                                <div class=\"content__media stickyTo\" x-init=\"imageSticky($el)\">\n\n                                                                                    <picture\n                                    class=\"content__image sticky\">\n                                <source srcset=\"https:\/\/stiftadmont.at\/wp-content\/uploads\/Kaiserau-Skishuttle_2023_www-724x1024.webp\" type=\"image\/webp\">\n                                <source srcset=\"https:\/\/stiftadmont.at\/wp-content\/uploads\/Kaiserau-Skishuttle_2023_www-724x1024.jpg\" type=\"image\/jpeg\">\n                                <img decoding=\"async\" class=\"sticky\" loading=\"lazy\" src=\"https:\/\/stiftadmont.at\/wp-content\/uploads\/Kaiserau-Skishuttle_2023_www-724x1024.jpg\"\n                                     alt=\"Kaiserau Ski Shuttle 2023 www\">\n\n                                                                                                                            <\/picture>\n\n                        <\/div>\n\n                                    <\/div>\n            \n            <\/div>\n<\/div>\n\n<\/section>","protected":false},"excerpt":{"rendered":"","protected":false},"author":19,"featured_media":0,"parent":19040,"menu_order":66,"comment_status":"closed","ping_status":"closed","template":"","meta":{"_acf_changed":false,"footnotes":""},"categories":[],"class_list":["post-19194","page","type-page","status-publish","hentry"],"acf":[],"yoast_head":"<!-- This site is optimized with the Yoast SEO Premium plugin v26.0 (Yoast SEO v26.8) - https:\/\/yoast.com\/product\/yoast-seo-premium-wordpress\/ -->\n<title>Ski-Shuttle - Stift Admont<\/title>\n<meta name=\"robots\" content=\"index, follow, max-snippet:-1, max-image-preview:large, max-video-preview:-1\" \/>\n<link rel=\"canonical\" href=\"https:\/\/stiftadmont.at\/pl\/rodzinny-raj-kaiserau\/zima\/transport-narciarski\/\" \/>\n<meta property=\"og:locale\" content=\"pl_PL\" \/>\n<meta property=\"og:type\" content=\"article\" \/>\n<meta property=\"og:title\" content=\"Ski-Shuttle\" \/>\n<meta property=\"og:url\" content=\"https:\/\/stiftadmont.at\/pl\/rodzinny-raj-kaiserau\/zima\/transport-narciarski\/\" \/>\n<meta property=\"og:site_name\" content=\"Stift Admont\" \/>\n<meta property=\"article:modified_time\" content=\"2025-10-15T09:13:34+00:00\" \/>\n<meta property=\"og:image\" content=\"https:\/\/stiftadmont.at\/wp-content\/uploads\/Klosteranlage-innen.jpg\" \/>\n\t<meta property=\"og:image:width\" content=\"1912\" \/>\n\t<meta property=\"og:image:height\" content=\"1188\" \/>\n\t<meta property=\"og:image:type\" content=\"image\/jpeg\" \/>\n<meta name=\"twitter:card\" content=\"summary_large_image\" \/>\n<script type=\"application\/ld+json\" class=\"yoast-schema-graph\">{\"@context\":\"https:\/\/schema.org\",\"@graph\":[{\"@type\":\"WebPage\",\"@id\":\"https:\/\/stiftadmont.at\/familienparadies-kaiserau\/winter\/ski-shuttle\/\",\"url\":\"https:\/\/stiftadmont.at\/familienparadies-kaiserau\/winter\/ski-shuttle\/\",\"name\":\"Ski-Shuttle - Stift Admont\",\"isPartOf\":{\"@id\":\"https:\/\/stiftadmont.at\/#website\"},\"datePublished\":\"2023-08-02T12:16:39+00:00\",\"dateModified\":\"2025-10-15T09:13:34+00:00\",\"breadcrumb\":{\"@id\":\"https:\/\/stiftadmont.at\/familienparadies-kaiserau\/winter\/ski-shuttle\/#breadcrumb\"},\"inLanguage\":\"pl-PL\",\"potentialAction\":[{\"@type\":\"ReadAction\",\"target\":[\"https:\/\/stiftadmont.at\/familienparadies-kaiserau\/winter\/ski-shuttle\/\"]}]},{\"@type\":\"BreadcrumbList\",\"@id\":\"https:\/\/stiftadmont.at\/familienparadies-kaiserau\/winter\/ski-shuttle\/#breadcrumb\",\"itemListElement\":[{\"@type\":\"ListItem\",\"position\":1,\"name\":\"Start\",\"item\":\"https:\/\/stiftadmont.at\/\"},{\"@type\":\"ListItem\",\"position\":2,\"name\":\"Familienparadies Kaiserau\",\"item\":\"https:\/\/stiftadmont.at\/familienparadies-kaiserau\/\"},{\"@type\":\"ListItem\",\"position\":3,\"name\":\"Winter auf der Kaiserau\",\"item\":\"https:\/\/stiftadmont.at\/familienparadies-kaiserau\/winter\/\"},{\"@type\":\"ListItem\",\"position\":4,\"name\":\"Ski-Shuttle\"}]},{\"@type\":\"WebSite\",\"@id\":\"https:\/\/stiftadmont.at\/#website\",\"url\":\"https:\/\/stiftadmont.at\/\",\"name\":\"Stift Admont\",\"description\":\"Benediktinerkloster und Sehensw\u00fcrdigkeit im Ges\u00e4use\",\"potentialAction\":[{\"@type\":\"SearchAction\",\"target\":{\"@type\":\"EntryPoint\",\"urlTemplate\":\"https:\/\/stiftadmont.at\/?s={search_term_string}\"},\"query-input\":{\"@type\":\"PropertyValueSpecification\",\"valueRequired\":true,\"valueName\":\"search_term_string\"}}],\"inLanguage\":\"pl-PL\"}]}<\/script>\n<!-- \/ Yoast SEO Premium plugin. -->","yoast_head_json":{"title":"Transfer narciarski - Opactwo Admont","robots":{"index":"index","follow":"follow","max-snippet":"max-snippet:-1","max-image-preview":"max-image-preview:large","max-video-preview":"max-video-preview:-1"},"canonical":"https:\/\/stiftadmont.at\/pl\/rodzinny-raj-kaiserau\/zima\/transport-narciarski\/","og_locale":"pl_PL","og_type":"article","og_title":"Ski-Shuttle","og_url":"https:\/\/stiftadmont.at\/pl\/rodzinny-raj-kaiserau\/zima\/transport-narciarski\/","og_site_name":"Stift Admont","article_modified_time":"2025-10-15T09:13:34+00:00","og_image":[{"width":1912,"height":1188,"url":"https:\/\/stiftadmont.at\/wp-content\/uploads\/Klosteranlage-innen.jpg","type":"image\/jpeg"}],"twitter_card":"summary_large_image","schema":{"@context":"https:\/\/schema.org","@graph":[{"@type":"WebPage","@id":"https:\/\/stiftadmont.at\/familienparadies-kaiserau\/winter\/ski-shuttle\/","url":"https:\/\/stiftadmont.at\/familienparadies-kaiserau\/winter\/ski-shuttle\/","name":"Transfer narciarski - Opactwo Admont","isPartOf":{"@id":"https:\/\/stiftadmont.at\/#website"},"datePublished":"2023-08-02T12:16:39+00:00","dateModified":"2025-10-15T09:13:34+00:00","breadcrumb":{"@id":"https:\/\/stiftadmont.at\/familienparadies-kaiserau\/winter\/ski-shuttle\/#breadcrumb"},"inLanguage":"pl-PL","potentialAction":[{"@type":"ReadAction","target":["https:\/\/stiftadmont.at\/familienparadies-kaiserau\/winter\/ski-shuttle\/"]}]},{"@type":"BreadcrumbList","@id":"https:\/\/stiftadmont.at\/familienparadies-kaiserau\/winter\/ski-shuttle\/#breadcrumb","itemListElement":[{"@type":"ListItem","position":1,"name":"Start","item":"https:\/\/stiftadmont.at\/"},{"@type":"ListItem","position":2,"name":"Familienparadies Kaiserau","item":"https:\/\/stiftadmont.at\/familienparadies-kaiserau\/"},{"@type":"ListItem","position":3,"name":"Winter auf der Kaiserau","item":"https:\/\/stiftadmont.at\/familienparadies-kaiserau\/winter\/"},{"@type":"ListItem","position":4,"name":"Ski-Shuttle"}]},{"@type":"WebSite","@id":"https:\/\/stiftadmont.at\/#website","url":"https:\/\/stiftadmont.at\/","name":"Opactwo Admont","description":"Benedykty\u0144ski klasztor i atrakcja turystyczna w Ges\u00e4use","potentialAction":[{"@type":"SearchAction","target":{"@type":"EntryPoint","urlTemplate":"https:\/\/stiftadmont.at\/?s={search_term_string}"},"query-input":{"@type":"PropertyValueSpecification","valueRequired":true,"valueName":"search_term_string"}}],"inLanguage":"pl-PL"}]}},"_links":{"self":[{"href":"https:\/\/stiftadmont.at\/pl\/wp-json\/wp\/v2\/pages\/19194","targetHints":{"allow":["GET"]}}],"collection":[{"href":"https:\/\/stiftadmont.at\/pl\/wp-json\/wp\/v2\/pages"}],"about":[{"href":"https:\/\/stiftadmont.at\/pl\/wp-json\/wp\/v2\/types\/page"}],"author":[{"embeddable":true,"href":"https:\/\/stiftadmont.at\/pl\/wp-json\/wp\/v2\/users\/19"}],"replies":[{"embeddable":true,"href":"https:\/\/stiftadmont.at\/pl\/wp-json\/wp\/v2\/comments?post=19194"}],"version-history":[{"count":39,"href":"https:\/\/stiftadmont.at\/pl\/wp-json\/wp\/v2\/pages\/19194\/revisions"}],"predecessor-version":[{"id":38053,"href":"https:\/\/stiftadmont.at\/pl\/wp-json\/wp\/v2\/pages\/19194\/revisions\/38053"}],"up":[{"embeddable":true,"href":"https:\/\/stiftadmont.at\/pl\/wp-json\/wp\/v2\/pages\/19040"}],"wp:attachment":[{"href":"https:\/\/stiftadmont.at\/pl\/wp-json\/wp\/v2\/media?parent=19194"}],"wp:term":[{"taxonomy":"category","embeddable":true,"href":"https:\/\/stiftadmont.at\/pl\/wp-json\/wp\/v2\/categories?post=19194"}],"curies":[{"name":"wp","href":"https:\/\/api.w.org\/{rel}","templated":true}]}}