{"id":20335,"date":"2023-09-18T11:22:58","date_gmt":"2023-09-18T09:22:58","guid":{"rendered":"https:\/\/stiftadmont.at\/?page_id=20335"},"modified":"2025-09-02T08:48:13","modified_gmt":"2025-09-02T06:48:13","slug":"parking-lato","status":"publish","type":"page","link":"https:\/\/stiftadmont.at\/pl\/familienparadies-kaiserau\/parken-und-maut\/parken-sommer\/","title":{"rendered":"Parking letni"},"content":{"rendered":"<section id='lightpress__section--block_8ffc2bff8ec273c3870dbd74e8415437' class='align-center lightpress__section--default-section-space lightpress__section lightpress__section--headline'><div class=\"headline__container\">\n            <h2 class=\"headline text--40 text-medium line line--gold line-above line-middle\">Parkowanie w lecie<\/h2>\n        <p class=\"text-center text-gold text--20 text-medium text--uppercase\">W miesi\u0105cach letnich parking Kaiserau jest dost\u0119pny bezp\u0142atnie w ci\u0105gu dnia<\/p>\n        <div class=\"spacer--40\"><\/div>\n<\/div>\n\n<\/section>\n\n<section id='lightpress__section--block_c18381775e6f9461a096bdd24dd0a4ca' class='lightpress__section--default-section-space lightpress__section lightpress__section--content'><div class=\"content__inner\"\n         x-init=\"initContentBlockAnim($el)\">\n        \n    <div class=\"content__grid content__grid\">\n                                            <div class=\"content__box content__box--one-hundred\"\n                 style=\"\">\n                                \n                \n                                            <div class=\"prose\"><p class=\"paragraph-m\"><span style=\"color: var(--color-black);\">od maja do pa\u017adziernika<\/span><\/p>\n<ol style=\"padding-left: 2em; font-size: 16px;\">\n<li class=\"paragraph-m\">Przy wje\u017adzie na parking nale\u017cy pobra\u0107 bilet parkingowy przy szlabanie.<\/li>\n<li class=\"paragraph-m\">Wjazd i parkowanie<\/li>\n<li class=\"paragraph-m\">Zachowaj bilet parkingowy podczas pobytu<\/li>\n<li class=\"paragraph-m\">Bilet parkingowy jest r\u00f3wnie\u017c wa\u017cny jako bilet op\u0142aty za wjazd na p\u0142atn\u0105 drog\u0119. Nale\u017cy zwr\u00f3ci\u0107 uwag\u0119 na aktualne <a title=\"Taryfy op\u0142at drogowych w lecie\" href=\"https:\/\/stiftadmont.at\/pl\/rodzinny-raj-kaiserau\/parkowanie-i-oplaty-drogowe\/myto-w-lecie\/\">Taryfy op\u0142at drogowych w lecie<\/a> (Op\u0142aty za przejazd nale\u017cy ui\u015bci\u0107 przed opuszczeniem parkingu w automacie przy kasie biletowej lub bezpo\u015brednio przy wyje\u017adzie kart\u0105 debetow\u0105 lub kredytow\u0105).<\/li>\n<li class=\"paragraph-m\">Wyjazd mo\u017cliwy tylko z op\u0142aconym biletem parkingowym!<\/li>\n<\/ol>\n<p>\u00a0<\/p>\n<p class=\"paragraph-m paragraph-s\"><em><strong>W przypadku zgubienia biletu parkingowego, w automacie do pobierania op\u0142at w kasie biletowej otrzymasz zgubiony bilet (40,00 \u20ac).<\/strong><\/em><\/p>\n<p>\u00a0<\/p>\n<p>\u00a0<\/p>\n<p>\u00a0<\/p>\n<h5 class=\"heading-m line line-above line--gold\"><span style=\"color: var(--color-black);\">Op\u0142aty parkingowe LATO<\/span><\/h5>\n<p>\u00a0<\/p>\n<ul style=\"padding-left: 2em; font-size: 16px;\">\n<li class=\"paragraph-m\">Op\u0142ata za parkowanie na parkingu Kaiserau <strong>w ci\u0105gu dnia<\/strong> <strong>bezp\u0142atnie<\/strong> od maja do pa\u017adziernika (od 06:00 do 22:00 bezp\u0142atnie)<\/li>\n<li class=\"paragraph-m\">Op\u0142ata za parkowanie samochodu\/motocykla <strong>2,00 \u20ac za<\/strong> <strong>rozpocz\u0119\u0142a si\u0119 godzina nocna<\/strong> (od 22:00 do 06:00)<\/li>\n<li class=\"paragraph-m\">Op\u0142ata parkingowa minibus\/przyczepa kempingowa\/autobus\/ci\u0119\u017car\u00f3wka <strong>\u20ac<\/strong> <strong>10,00 za godzin\u0119 nocn\u0105 lub jej cz\u0119\u015b\u0107<\/strong> (od 22:00 do 06:00)\n<p><strong><br \/>UWAGA:<\/strong> Bariera \u015bwietlna uruchamia si\u0119 na wysoko\u015bci 2,10 m lub wi\u0119cej przy zwi\u0119kszonej pr\u0119dko\u015bci minibusa itp....!<\/li>\n<\/ul>\n<p>\u00a0<\/p>\n<p class=\"paragraph-m paragraph-s\"><em><strong>Uwagi: W przypadku zgubienia biletu parkingowego nale\u017cy ui\u015bci\u0107 op\u0142at\u0119 w wysoko\u015bci 40,00 \u20ac. Kemping i otwarte ogniska (np. grille, ogniska) s\u0105 zabronione na ca\u0142ym obszarze!<\/strong><\/em><\/p>\n<p>\u00a0<\/p>\n<p>\u00a0<\/p>\n<p>\u00a0<\/p>\n<h5 class=\"heading-m line line-above line--gold\"><span style=\"color: var(--color-black);\">P\u0142atno\u015b\u0107<\/span><\/h5>\n<p>\u00a0<\/p>\n<ul>\n<li class=\"paragraph-m\"><strong>W budynku narciarskim (kasa biletowa) <\/strong>znajdziesz nasz\u0105 automatyczn\u0105 stacj\u0119 p\u0142atnicz\u0105, w kt\u00f3rej mo\u017cesz zap\u0142aci\u0107 got\u00f3wk\u0105 lub kart\u0105 debetow\u0105\/kredytow\u0105. P\u0142atno\u015b\u0107 jest mo\u017cliwa od 0 do 24 godzin. <span style=\"text-decoration: underline;\"><strong>The<\/strong> <strong>Wyj\u015bcie musi nast\u0105pi\u0107 w ci\u0105gu 15 minut od dokonania p\u0142atno\u015bci.<\/strong><\/span><\/li>\n<li class=\"paragraph-m\"><strong>Przy szlabanie (wyjazd) <\/strong>P\u0142atno\u015b\u0107 bezgot\u00f3wkowa mo\u017cliwa tylko kart\u0105 debetow\u0105\/kredytow\u0105. P\u0142atno\u015b\u0107 bankomatem lub kart\u0105 kredytow\u0105 jest mo\u017cliwa przy wyj\u015bciu bezpo\u015brednio przy szlabanie (0-24 godz.).<\/li>\n<\/ul>\n<p>\u00a0<\/p>\n<p style=\"font-size: medium;\">\u00a0<\/p>\n<\/div>\n                    \n                            <\/div>\n        \n            <\/div>\n<\/div>\n\n<\/section>","protected":false},"excerpt":{"rendered":"","protected":false},"author":7,"featured_media":0,"parent":19221,"menu_order":0,"comment_status":"closed","ping_status":"closed","template":"","meta":{"_acf_changed":false,"footnotes":""},"categories":[],"class_list":["post-20335","page","type-page","status-publish","hentry"],"acf":[],"yoast_head":"<!-- This site is optimized with the Yoast SEO Premium plugin v26.0 (Yoast SEO v26.8) - https:\/\/yoast.com\/product\/yoast-seo-premium-wordpress\/ -->\n<title>Parken Sommer - Stift Admont<\/title>\n<meta name=\"robots\" content=\"index, follow, max-snippet:-1, max-image-preview:large, max-video-preview:-1\" \/>\n<link rel=\"canonical\" href=\"https:\/\/stiftadmont.at\/pl\/rodzinny-raj-kaiserau\/parkowanie-i-oplaty-drogowe\/parking-lato\/\" \/>\n<meta property=\"og:locale\" content=\"pl_PL\" \/>\n<meta property=\"og:type\" content=\"article\" \/>\n<meta property=\"og:title\" content=\"Parken Sommer\" \/>\n<meta property=\"og:url\" content=\"https:\/\/stiftadmont.at\/pl\/rodzinny-raj-kaiserau\/parkowanie-i-oplaty-drogowe\/parking-lato\/\" \/>\n<meta property=\"og:site_name\" content=\"Stift Admont\" \/>\n<meta property=\"article:modified_time\" content=\"2025-09-02T06:48:13+00:00\" \/>\n<meta property=\"og:image\" content=\"https:\/\/stiftadmont.at\/wp-content\/uploads\/Klosteranlage-innen.jpg\" \/>\n\t<meta property=\"og:image:width\" content=\"1912\" \/>\n\t<meta property=\"og:image:height\" content=\"1188\" \/>\n\t<meta property=\"og:image:type\" content=\"image\/jpeg\" \/>\n<meta name=\"twitter:card\" content=\"summary_large_image\" \/>\n<script type=\"application\/ld+json\" class=\"yoast-schema-graph\">{\"@context\":\"https:\/\/schema.org\",\"@graph\":[{\"@type\":\"WebPage\",\"@id\":\"https:\/\/stiftadmont.at\/familienparadies-kaiserau\/parken-und-maut\/parken-sommer\/\",\"url\":\"https:\/\/stiftadmont.at\/familienparadies-kaiserau\/parken-und-maut\/parken-sommer\/\",\"name\":\"Parken Sommer - Stift Admont\",\"isPartOf\":{\"@id\":\"https:\/\/stiftadmont.at\/#website\"},\"datePublished\":\"2023-09-18T09:22:58+00:00\",\"dateModified\":\"2025-09-02T06:48:13+00:00\",\"breadcrumb\":{\"@id\":\"https:\/\/stiftadmont.at\/familienparadies-kaiserau\/parken-und-maut\/parken-sommer\/#breadcrumb\"},\"inLanguage\":\"pl-PL\",\"potentialAction\":[{\"@type\":\"ReadAction\",\"target\":[\"https:\/\/stiftadmont.at\/familienparadies-kaiserau\/parken-und-maut\/parken-sommer\/\"]}]},{\"@type\":\"BreadcrumbList\",\"@id\":\"https:\/\/stiftadmont.at\/familienparadies-kaiserau\/parken-und-maut\/parken-sommer\/#breadcrumb\",\"itemListElement\":[{\"@type\":\"ListItem\",\"position\":1,\"name\":\"Start\",\"item\":\"https:\/\/stiftadmont.at\/\"},{\"@type\":\"ListItem\",\"position\":2,\"name\":\"Familienparadies Kaiserau\",\"item\":\"https:\/\/stiftadmont.at\/familienparadies-kaiserau\/\"},{\"@type\":\"ListItem\",\"position\":3,\"name\":\"Parken &amp; Maut\",\"item\":\"https:\/\/stiftadmont.at\/familienparadies-kaiserau\/parken-und-maut\/\"},{\"@type\":\"ListItem\",\"position\":4,\"name\":\"Parken Sommer\"}]},{\"@type\":\"WebSite\",\"@id\":\"https:\/\/stiftadmont.at\/#website\",\"url\":\"https:\/\/stiftadmont.at\/\",\"name\":\"Stift Admont\",\"description\":\"Benediktinerkloster und Sehensw\u00fcrdigkeit im Ges\u00e4use\",\"potentialAction\":[{\"@type\":\"SearchAction\",\"target\":{\"@type\":\"EntryPoint\",\"urlTemplate\":\"https:\/\/stiftadmont.at\/?s={search_term_string}\"},\"query-input\":{\"@type\":\"PropertyValueSpecification\",\"valueRequired\":true,\"valueName\":\"search_term_string\"}}],\"inLanguage\":\"pl-PL\"}]}<\/script>\n<!-- \/ Yoast SEO Premium plugin. -->","yoast_head_json":{"title":"Parking letni - Admont Abbey","robots":{"index":"index","follow":"follow","max-snippet":"max-snippet:-1","max-image-preview":"max-image-preview:large","max-video-preview":"max-video-preview:-1"},"canonical":"https:\/\/stiftadmont.at\/pl\/rodzinny-raj-kaiserau\/parkowanie-i-oplaty-drogowe\/parking-lato\/","og_locale":"pl_PL","og_type":"article","og_title":"Parken Sommer","og_url":"https:\/\/stiftadmont.at\/pl\/rodzinny-raj-kaiserau\/parkowanie-i-oplaty-drogowe\/parking-lato\/","og_site_name":"Stift Admont","article_modified_time":"2025-09-02T06:48:13+00:00","og_image":[{"width":1912,"height":1188,"url":"https:\/\/stiftadmont.at\/wp-content\/uploads\/Klosteranlage-innen.jpg","type":"image\/jpeg"}],"twitter_card":"summary_large_image","schema":{"@context":"https:\/\/schema.org","@graph":[{"@type":"WebPage","@id":"https:\/\/stiftadmont.at\/familienparadies-kaiserau\/parken-und-maut\/parken-sommer\/","url":"https:\/\/stiftadmont.at\/familienparadies-kaiserau\/parken-und-maut\/parken-sommer\/","name":"Parking letni - Admont Abbey","isPartOf":{"@id":"https:\/\/stiftadmont.at\/#website"},"datePublished":"2023-09-18T09:22:58+00:00","dateModified":"2025-09-02T06:48:13+00:00","breadcrumb":{"@id":"https:\/\/stiftadmont.at\/familienparadies-kaiserau\/parken-und-maut\/parken-sommer\/#breadcrumb"},"inLanguage":"pl-PL","potentialAction":[{"@type":"ReadAction","target":["https:\/\/stiftadmont.at\/familienparadies-kaiserau\/parken-und-maut\/parken-sommer\/"]}]},{"@type":"BreadcrumbList","@id":"https:\/\/stiftadmont.at\/familienparadies-kaiserau\/parken-und-maut\/parken-sommer\/#breadcrumb","itemListElement":[{"@type":"ListItem","position":1,"name":"Start","item":"https:\/\/stiftadmont.at\/"},{"@type":"ListItem","position":2,"name":"Familienparadies Kaiserau","item":"https:\/\/stiftadmont.at\/familienparadies-kaiserau\/"},{"@type":"ListItem","position":3,"name":"Parken &amp; Maut","item":"https:\/\/stiftadmont.at\/familienparadies-kaiserau\/parken-und-maut\/"},{"@type":"ListItem","position":4,"name":"Parken Sommer"}]},{"@type":"WebSite","@id":"https:\/\/stiftadmont.at\/#website","url":"https:\/\/stiftadmont.at\/","name":"Opactwo Admont","description":"Benedykty\u0144ski klasztor i atrakcja turystyczna w Ges\u00e4use","potentialAction":[{"@type":"SearchAction","target":{"@type":"EntryPoint","urlTemplate":"https:\/\/stiftadmont.at\/?s={search_term_string}"},"query-input":{"@type":"PropertyValueSpecification","valueRequired":true,"valueName":"search_term_string"}}],"inLanguage":"pl-PL"}]}},"_links":{"self":[{"href":"https:\/\/stiftadmont.at\/pl\/wp-json\/wp\/v2\/pages\/20335","targetHints":{"allow":["GET"]}}],"collection":[{"href":"https:\/\/stiftadmont.at\/pl\/wp-json\/wp\/v2\/pages"}],"about":[{"href":"https:\/\/stiftadmont.at\/pl\/wp-json\/wp\/v2\/types\/page"}],"author":[{"embeddable":true,"href":"https:\/\/stiftadmont.at\/pl\/wp-json\/wp\/v2\/users\/7"}],"replies":[{"embeddable":true,"href":"https:\/\/stiftadmont.at\/pl\/wp-json\/wp\/v2\/comments?post=20335"}],"version-history":[{"count":38,"href":"https:\/\/stiftadmont.at\/pl\/wp-json\/wp\/v2\/pages\/20335\/revisions"}],"predecessor-version":[{"id":37284,"href":"https:\/\/stiftadmont.at\/pl\/wp-json\/wp\/v2\/pages\/20335\/revisions\/37284"}],"up":[{"embeddable":true,"href":"https:\/\/stiftadmont.at\/pl\/wp-json\/wp\/v2\/pages\/19221"}],"wp:attachment":[{"href":"https:\/\/stiftadmont.at\/pl\/wp-json\/wp\/v2\/media?parent=20335"}],"wp:term":[{"taxonomy":"category","embeddable":true,"href":"https:\/\/stiftadmont.at\/pl\/wp-json\/wp\/v2\/categories?post=20335"}],"curies":[{"name":"wp","href":"https:\/\/api.w.org\/{rel}","templated":true}]}}