{"id":20339,"date":"2023-09-18T11:23:46","date_gmt":"2023-09-18T09:23:46","guid":{"rendered":"https:\/\/stiftadmont.at\/?page_id=20339"},"modified":"2026-01-05T10:49:31","modified_gmt":"2026-01-05T08:49:31","slug":"parkowanie-zima","status":"publish","type":"page","link":"https:\/\/stiftadmont.at\/pl\/familienparadies-kaiserau\/parken-und-maut\/parken-winter\/","title":{"rendered":"Parking zimowy"},"content":{"rendered":"<section id='lightpress__section--block_00e9f62c5e7b0069d080992bdb42ac8d' class='align-center lightpress__section--default-section-space lightpress__section lightpress__section--headline'><div class=\"headline__container\">\n            <h2 class=\"headline text--40 text-medium line line--gold line-above line-middle\">Parkowanie w zimie<\/h2>\n        <p class=\"text-center text-gold text--20 text-medium text--uppercase\">W miesi\u0105cach zimowych parking Kaiserau jest p\u0142atny. Nale\u017cy jednak pami\u0119ta\u0107 o wyj\u0105tkach.  <\/p>\n        <div class=\"spacer--40\"><\/div>\n<\/div>\n\n<\/section>\n\n<section id='lightpress__section--block_2a270ff2c36bdba2f7a7e87de320d446' class='lightpress__section--default-section-space lightpress__section lightpress__section--content'><div class=\"content__inner\"\n         x-init=\"initContentBlockAnim($el)\">\n        \n    <div class=\"content__grid content__grid\">\n                                            <div class=\"content__box content__box--one-hundred\"\n                 style=\"\">\n                                \n                \n                                            <div class=\"prose\"><p class=\"paragraph-m\"><strong>od listopada do kwietnia (za op\u0142at\u0105)<br \/><\/strong>w sezonie i godzinach pracy wyci\u0105g\u00f3w Kaiserau<\/p>\n<ol style=\"padding-left: 2em; font-size: 16px;\">\n<li class=\"paragraph-m\">We\u017a bilet parkingowy przy wje\u017adzie<\/li>\n<li class=\"paragraph-m\">Wjazd i parkowanie<\/li>\n<li class=\"paragraph-m\">Kup karnet narciarski w kasie biletowej<\/li>\n<li class=\"paragraph-m\">Bilet parkingowy mo\u017cna skasowa\u0107 w kasie wyci\u0105g\u00f3w po ca\u0142ym dniu jazdy na nartach.<\/li>\n<li class=\"paragraph-m\">Rozszerzenie<\/li>\n<\/ol>\n<h5>\u00a0<\/h5>\n<h5>UWAGA: Bilet parkingowy mo\u017cna skasowa\u0107 bezp\u0142atnie, je\u015bli posiada si\u0119 karnet narciarski lub bilet sezonowy. JEDNAK TYLKO W GODZINACH PRACY WYCI\u0104GU.\u00a0<\/h5>\n<p>\u00a0<\/p>\n<p>\u00a0<\/p>\n<h5 class=\"heading-m line line-above line--gold\"><span style=\"color: var(--color-black);\">ZIMOWE op\u0142aty parkingowe<\/span><\/h5>\n<p>\u00a0<\/p>\n<ul style=\"padding-left: 2em; font-size: 16px;\">\n<li class=\"paragraph-m\">Bezp\u0142atny parking do 30 minut <strong>(tylko podczas pracy windy)<\/strong><\/li>\n<li class=\"paragraph-m\">Op\u0142ata za parking wynosi 2,00 \u20ac za godzin\u0119 lub jej cz\u0119\u015b\u0107 (od 06:00 do 22:00);<br \/><strong>Uwaga: <\/strong>W godzinach od 08:00 do 17:00 obowi\u0105zuje limit w wysoko\u015bci 6,00 \u20ac.<\/li>\n<li class=\"paragraph-m\">Op\u0142ata za parking 3,00 \u20ac za godzin\u0119 lub jej cz\u0119\u015b\u0107 (od 22:00 do 06:00)<br \/><strong>UWAGA:<\/strong> Wyzwalacze fotokom\u00f3rek na wysoko\u015bci 2,10 metra lub wi\u0119cej w przypadku podwy\u017cszonej taryfy dla minibus\u00f3w itp.\u00a0<\/li>\n<li class=\"paragraph-m\">Op\u0142ata za parkowanie autobusu\/ci\u0119\u017car\u00f3wki\/minibusa\/motorhome 5,00 \u20ac za godzin\u0119 lub jej cz\u0119\u015b\u0107 (od 07:00 do 20:00)<\/li>\n<li class=\"paragraph-m\">Op\u0142ata za parkowanie autobusu\/ci\u0119\u017car\u00f3wki\/minibusa\/motorhome 10,00 \u20ac za godzin\u0119 nocn\u0105 lub jej cz\u0119\u015b\u0107 (od 20:00 do 07:00)<\/li>\n<li class=\"paragraph-m\">W przypadku zgubienia biletu parkingowego nale\u017cy ui\u015bci\u0107 op\u0142at\u0119 za jego zgubienie w wysoko\u015bci 40,00 \u20ac.<\/li>\n<\/ul>\n<p>\u00a0<\/p>\n<p>\u00a0<\/p>\n<h5 class=\"heading-m line line-above line--gold\"><span style=\"color: var(--color-black);\">Kiedy parkowanie jest bezp\u0142atne?\u00a0<\/span><\/h5>\n<p>\u00a0<\/p>\n<p class=\"paragraph-m paragraph-s\"><strong>Przy zakupie wa\u017cnego karnetu narciarskiego lub karnetu na narty biegowe (z wyj\u0105tkiem \"1-dniowego karnetu na narty biegowe\", \"jednorazowego karnetu na wyci\u0105g narciarski\" i \"dziennego karnetu dla ma\u0142ych dzieci\") bilet parkingowy jest kasowany w kasie Kaiserau Tourismus GmbH w dniu zakupu od 09:00 do 16:00, a parking jest bezp\u0142atny. Na jeden zakup przypada 1 bilet parkingowy (nie na karnet narciarski).<\/strong><\/p>\n<p>\u00a0<\/p>\n<p>\u00a0<\/p>\n<p>\u00a0<\/p>\n<h5 class=\"heading-m line line-above line--gold\"><span style=\"color: var(--color-black);\">P\u0142atno\u015b\u0107<\/span><\/h5>\n<p>\u00a0<\/p>\n<ul style=\"padding-left: 2em; font-size: 16px;\">\n<li class=\"paragraph-m\"><span style=\"color: var(--color-black);\">W automacie do pobierania op\u0142at\u00a0<\/span>P\u0142atno\u015b\u0107 got\u00f3wk\u0105 jest mo\u017cliwa tylko w automacie bezpo\u015brednio przy kasie biletowej (0-24 godz.).<\/li>\n<li class=\"paragraph-m\"><span style=\"color: var(--color-black);\">Przy szlabanie (wyjazd)<\/span>\u00a0Bilet parkingowy otrzymuje si\u0119 przy wje\u017adzie na parking bezpo\u015brednio przy szlabanie i jest on wa\u017cny w danym dniu. P\u0142atno\u015bci dokonuje si\u0119 przy wyje\u017adzie bezpo\u015brednio przy szlabanie za pomoc\u0105 bankomatu lub karty kredytowej.<\/li>\n<\/ul>\n<\/div>\n                    \n                            <\/div>\n        \n            <\/div>\n<\/div>\n\n<\/section>","protected":false},"excerpt":{"rendered":"","protected":false},"author":7,"featured_media":0,"parent":19221,"menu_order":0,"comment_status":"closed","ping_status":"closed","template":"","meta":{"_acf_changed":false,"footnotes":""},"categories":[],"class_list":["post-20339","page","type-page","status-publish","hentry"],"acf":[],"yoast_head":"<!-- This site is optimized with the Yoast SEO Premium plugin v26.0 (Yoast SEO v26.8) - https:\/\/yoast.com\/product\/yoast-seo-premium-wordpress\/ -->\n<title>Parken Winter - Stift Admont<\/title>\n<meta name=\"robots\" content=\"index, follow, max-snippet:-1, max-image-preview:large, max-video-preview:-1\" \/>\n<link rel=\"canonical\" href=\"https:\/\/stiftadmont.at\/pl\/rodzinny-raj-kaiserau\/parkowanie-i-oplaty-drogowe\/parkowanie-zima\/\" \/>\n<meta property=\"og:locale\" content=\"pl_PL\" \/>\n<meta property=\"og:type\" content=\"article\" \/>\n<meta property=\"og:title\" content=\"Parken Winter\" \/>\n<meta property=\"og:url\" content=\"https:\/\/stiftadmont.at\/pl\/rodzinny-raj-kaiserau\/parkowanie-i-oplaty-drogowe\/parkowanie-zima\/\" \/>\n<meta property=\"og:site_name\" content=\"Stift Admont\" \/>\n<meta property=\"article:modified_time\" content=\"2026-01-05T08:49:31+00:00\" \/>\n<meta property=\"og:image\" content=\"https:\/\/stiftadmont.at\/wp-content\/uploads\/Klosteranlage-innen.jpg\" \/>\n\t<meta property=\"og:image:width\" content=\"1912\" \/>\n\t<meta property=\"og:image:height\" content=\"1188\" \/>\n\t<meta property=\"og:image:type\" content=\"image\/jpeg\" \/>\n<meta name=\"twitter:card\" content=\"summary_large_image\" \/>\n<script type=\"application\/ld+json\" class=\"yoast-schema-graph\">{\"@context\":\"https:\/\/schema.org\",\"@graph\":[{\"@type\":\"WebPage\",\"@id\":\"https:\/\/stiftadmont.at\/familienparadies-kaiserau\/parken-und-maut\/parken-winter\/\",\"url\":\"https:\/\/stiftadmont.at\/familienparadies-kaiserau\/parken-und-maut\/parken-winter\/\",\"name\":\"Parken Winter - Stift Admont\",\"isPartOf\":{\"@id\":\"https:\/\/stiftadmont.at\/#website\"},\"datePublished\":\"2023-09-18T09:23:46+00:00\",\"dateModified\":\"2026-01-05T08:49:31+00:00\",\"breadcrumb\":{\"@id\":\"https:\/\/stiftadmont.at\/familienparadies-kaiserau\/parken-und-maut\/parken-winter\/#breadcrumb\"},\"inLanguage\":\"pl-PL\",\"potentialAction\":[{\"@type\":\"ReadAction\",\"target\":[\"https:\/\/stiftadmont.at\/familienparadies-kaiserau\/parken-und-maut\/parken-winter\/\"]}]},{\"@type\":\"BreadcrumbList\",\"@id\":\"https:\/\/stiftadmont.at\/familienparadies-kaiserau\/parken-und-maut\/parken-winter\/#breadcrumb\",\"itemListElement\":[{\"@type\":\"ListItem\",\"position\":1,\"name\":\"Start\",\"item\":\"https:\/\/stiftadmont.at\/\"},{\"@type\":\"ListItem\",\"position\":2,\"name\":\"Familienparadies Kaiserau\",\"item\":\"https:\/\/stiftadmont.at\/familienparadies-kaiserau\/\"},{\"@type\":\"ListItem\",\"position\":3,\"name\":\"Parken &amp; Maut\",\"item\":\"https:\/\/stiftadmont.at\/familienparadies-kaiserau\/parken-und-maut\/\"},{\"@type\":\"ListItem\",\"position\":4,\"name\":\"Parken Winter\"}]},{\"@type\":\"WebSite\",\"@id\":\"https:\/\/stiftadmont.at\/#website\",\"url\":\"https:\/\/stiftadmont.at\/\",\"name\":\"Stift Admont\",\"description\":\"Benediktinerkloster und Sehensw\u00fcrdigkeit im Ges\u00e4use\",\"potentialAction\":[{\"@type\":\"SearchAction\",\"target\":{\"@type\":\"EntryPoint\",\"urlTemplate\":\"https:\/\/stiftadmont.at\/?s={search_term_string}\"},\"query-input\":{\"@type\":\"PropertyValueSpecification\",\"valueRequired\":true,\"valueName\":\"search_term_string\"}}],\"inLanguage\":\"pl-PL\"}]}<\/script>\n<!-- \/ Yoast SEO Premium plugin. -->","yoast_head_json":{"title":"Parking zimowy - Opactwo Admont","robots":{"index":"index","follow":"follow","max-snippet":"max-snippet:-1","max-image-preview":"max-image-preview:large","max-video-preview":"max-video-preview:-1"},"canonical":"https:\/\/stiftadmont.at\/pl\/rodzinny-raj-kaiserau\/parkowanie-i-oplaty-drogowe\/parkowanie-zima\/","og_locale":"pl_PL","og_type":"article","og_title":"Parken Winter","og_url":"https:\/\/stiftadmont.at\/pl\/rodzinny-raj-kaiserau\/parkowanie-i-oplaty-drogowe\/parkowanie-zima\/","og_site_name":"Stift Admont","article_modified_time":"2026-01-05T08:49:31+00:00","og_image":[{"width":1912,"height":1188,"url":"https:\/\/stiftadmont.at\/wp-content\/uploads\/Klosteranlage-innen.jpg","type":"image\/jpeg"}],"twitter_card":"summary_large_image","schema":{"@context":"https:\/\/schema.org","@graph":[{"@type":"WebPage","@id":"https:\/\/stiftadmont.at\/familienparadies-kaiserau\/parken-und-maut\/parken-winter\/","url":"https:\/\/stiftadmont.at\/familienparadies-kaiserau\/parken-und-maut\/parken-winter\/","name":"Parking zimowy - Opactwo Admont","isPartOf":{"@id":"https:\/\/stiftadmont.at\/#website"},"datePublished":"2023-09-18T09:23:46+00:00","dateModified":"2026-01-05T08:49:31+00:00","breadcrumb":{"@id":"https:\/\/stiftadmont.at\/familienparadies-kaiserau\/parken-und-maut\/parken-winter\/#breadcrumb"},"inLanguage":"pl-PL","potentialAction":[{"@type":"ReadAction","target":["https:\/\/stiftadmont.at\/familienparadies-kaiserau\/parken-und-maut\/parken-winter\/"]}]},{"@type":"BreadcrumbList","@id":"https:\/\/stiftadmont.at\/familienparadies-kaiserau\/parken-und-maut\/parken-winter\/#breadcrumb","itemListElement":[{"@type":"ListItem","position":1,"name":"Start","item":"https:\/\/stiftadmont.at\/"},{"@type":"ListItem","position":2,"name":"Familienparadies Kaiserau","item":"https:\/\/stiftadmont.at\/familienparadies-kaiserau\/"},{"@type":"ListItem","position":3,"name":"Parken &amp; Maut","item":"https:\/\/stiftadmont.at\/familienparadies-kaiserau\/parken-und-maut\/"},{"@type":"ListItem","position":4,"name":"Parken Winter"}]},{"@type":"WebSite","@id":"https:\/\/stiftadmont.at\/#website","url":"https:\/\/stiftadmont.at\/","name":"Opactwo Admont","description":"Benedykty\u0144ski klasztor i atrakcja turystyczna w Ges\u00e4use","potentialAction":[{"@type":"SearchAction","target":{"@type":"EntryPoint","urlTemplate":"https:\/\/stiftadmont.at\/?s={search_term_string}"},"query-input":{"@type":"PropertyValueSpecification","valueRequired":true,"valueName":"search_term_string"}}],"inLanguage":"pl-PL"}]}},"_links":{"self":[{"href":"https:\/\/stiftadmont.at\/pl\/wp-json\/wp\/v2\/pages\/20339","targetHints":{"allow":["GET"]}}],"collection":[{"href":"https:\/\/stiftadmont.at\/pl\/wp-json\/wp\/v2\/pages"}],"about":[{"href":"https:\/\/stiftadmont.at\/pl\/wp-json\/wp\/v2\/types\/page"}],"author":[{"embeddable":true,"href":"https:\/\/stiftadmont.at\/pl\/wp-json\/wp\/v2\/users\/7"}],"replies":[{"embeddable":true,"href":"https:\/\/stiftadmont.at\/pl\/wp-json\/wp\/v2\/comments?post=20339"}],"version-history":[{"count":25,"href":"https:\/\/stiftadmont.at\/pl\/wp-json\/wp\/v2\/pages\/20339\/revisions"}],"predecessor-version":[{"id":38987,"href":"https:\/\/stiftadmont.at\/pl\/wp-json\/wp\/v2\/pages\/20339\/revisions\/38987"}],"up":[{"embeddable":true,"href":"https:\/\/stiftadmont.at\/pl\/wp-json\/wp\/v2\/pages\/19221"}],"wp:attachment":[{"href":"https:\/\/stiftadmont.at\/pl\/wp-json\/wp\/v2\/media?parent=20339"}],"wp:term":[{"taxonomy":"category","embeddable":true,"href":"https:\/\/stiftadmont.at\/pl\/wp-json\/wp\/v2\/categories?post=20339"}],"curies":[{"name":"wp","href":"https:\/\/api.w.org\/{rel}","templated":true}]}}