{"id":20346,"date":"2023-09-18T11:25:24","date_gmt":"2023-09-18T09:25:24","guid":{"rendered":"https:\/\/stiftadmont.at\/?page_id=20346"},"modified":"2025-09-02T08:50:58","modified_gmt":"2025-09-02T06:50:58","slug":"myto-w-lecie","status":"publish","type":"page","link":"https:\/\/stiftadmont.at\/pl\/familienparadies-kaiserau\/parken-und-maut\/maut-im-sommer\/","title":{"rendered":"Op\u0142ata drogowa w lecie"},"content":{"rendered":"<section id='lightpress__section--block_c6eb46fd5d26db2207a9698939ff8754' class='align-center lightpress__section--default-section-space lightpress__section lightpress__section--headline'><div class=\"headline__container\">\n            <h2 class=\"headline text--40 text-medium line line--gold line-above line-middle\">Op\u0142ata drogowa w lecie <\/h2>\n        <p class=\"text-center text-gold text--20 text-medium text--uppercase\">P\u0142atna droga Oberst-Klinke-H\u00fctte <\/p>\n        <div class=\"spacer--40\"><\/div>\n<\/div>\n\n<\/section>\n\n<section id='lightpress__section--block_d16c0757731c3d88dc2ebcaa5a626bd6' class='lightpress__section--default-section-space lightpress__section lightpress__section--content'><div class=\"content__inner\"\n         x-init=\"initContentBlockAnim($el)\">\n        \n    <div class=\"content__grid content__grid\">\n                                            <div class=\"content__box content__box--one-hundred\"\n                 style=\"\">\n                                \n                \n                                            <div class=\"prose\"><p class=\"paragraph-m\">czynne od maja do pa\u017adziernika i podlega op\u0142acie.<\/p>\n<p class=\"paragraph-m\">P\u0142atna droga o d\u0142ugo\u015bci 5 km prowadzi z parkingu Kaiserau do schroniska Klinkeh\u00fctte, kt\u00f3re jest punktem wyj\u015bcia dla licznych w\u0119dr\u00f3wek. W zale\u017cno\u015bci od warunk\u00f3w pogodowych p\u0142atna droga mo\u017ce by\u0107 u\u017cywana od maja do pa\u017adziernika i podlega op\u0142acie (kontrola wysoko\u015bci). Latem p\u0142atna droga jest r\u00f3wnie\u017c otwarta dla rowerzyst\u00f3w g\u00f3rskich. <strong>Zim\u0105 p\u0142atna droga jest bez wyj\u0105tku zamkni\u0119ta\/zablokowana.<\/strong><\/p>\n<p>\u00a0<\/p>\n<p>\u00a0<\/p>\n<p>\u00a0<\/p>\n<h5 class=\"heading-m line line-above line--gold\">Op\u0142aty drogowe<\/h5>\n<p>\u00a0<\/p>\n<p class=\"paragraph-m\">Rower g\u00f3rski \/ rower elektryczny: bezp\u0142atnie<br \/>Samoch\u00f3d \/ motocykl: 8,00 \u20ac<br \/><strong>UWAGA:<\/strong> Wyzwalacze fotokom\u00f3rek na wysoko\u015bci 2,10 m lub wi\u0119cej w przypadku podwy\u017cszonej taryfy dla minibus\u00f3w itp.<br \/>Minibus \/ kamper \/ autobus \/ ci\u0119\u017car\u00f3wka: \u20ac 40.00<\/p>\n<p>\u00a0<\/p>\n<p class=\"paragraph-m paragraph-s\"><strong>Uwagi: Podane ceny obejmuj\u0105 korzystanie z p\u0142atnej drogi \"Oberst-Klinke-H\u00fctte\". W zale\u017cno\u015bci od warunk\u00f3w pogodowych p\u0142atna droga jest otwarta od maja do pa\u017adziernika i zamkni\u0119ta od listopada do kwietnia. Latem kasa biletowa nie jest czynna! P\u0142atno\u015b\u0107 jest mo\u017cliwa za po\u015brednictwem automatu do poboru op\u0142at (got\u00f3wk\u0105 lub kart\u0105 debetow\u0105\/kredytow\u0105) lub przy wyje\u017adzie z parkingu bezpo\u015brednio przy szlabanie (kart\u0105 debetow\u0105 lub kredytow\u0105). Nale\u017cy zwraca\u0107 uwag\u0119 na oznakowane tablice informacyjne. Ceny zawieraj\u0105 ustawowy podatek VAT. Zastrzega si\u0119 prawo do zmian cen oraz b\u0142\u0119d\u00f3w w druku i sk\u0142adzie. Kemping i otwarty ogie\u0144 (np. grille, ogniska) s\u0105 zabronione na ca\u0142ym obszarze!<\/strong><\/p>\n<p>\u00a0<\/p>\n<p><a class=\"admont-button admont-button--secondary\" title=\"Kaiserau - droga p\u0142atna Uwagi\" href=\"https:\/\/stiftadmont.at\/wp-content\/uploads\/Kaiserau-Mautstrasse-Hinweise.pdf\" target=\"_blank\" rel=\"noopener\">Kaiserau - droga p\u0142atna Uwagi<\/a> | <a class=\"admont-button admont-button--secondary\" title=\"P\u0142atna droga Kaiserau AGB\" href=\"https:\/\/stiftadmont.at\/wp-content\/uploads\/Kaiserau-Tarife-2023-24_AGB-Mautstrasse.pdf\" target=\"_blank\" rel=\"noopener\">Kaiserau - droga p\u0142atna AGB<\/a><\/p>\n<\/div>\n                    \n                            <\/div>\n        \n            <\/div>\n<\/div>\n\n<\/section>","protected":false},"excerpt":{"rendered":"","protected":false},"author":7,"featured_media":0,"parent":19221,"menu_order":0,"comment_status":"closed","ping_status":"closed","template":"","meta":{"_acf_changed":false,"footnotes":""},"categories":[],"class_list":["post-20346","page","type-page","status-publish","hentry"],"acf":[],"yoast_head":"<!-- This site is optimized with the Yoast SEO Premium plugin v26.0 (Yoast SEO v26.8) - https:\/\/yoast.com\/product\/yoast-seo-premium-wordpress\/ -->\n<title>Maut im Sommer - Stift Admont<\/title>\n<meta name=\"robots\" content=\"index, follow, max-snippet:-1, max-image-preview:large, max-video-preview:-1\" \/>\n<link rel=\"canonical\" href=\"https:\/\/stiftadmont.at\/pl\/rodzinny-raj-kaiserau\/parkowanie-i-oplaty-drogowe\/myto-w-lecie\/\" \/>\n<meta property=\"og:locale\" content=\"pl_PL\" \/>\n<meta property=\"og:type\" content=\"article\" \/>\n<meta property=\"og:title\" content=\"Maut im Sommer\" \/>\n<meta property=\"og:url\" content=\"https:\/\/stiftadmont.at\/pl\/rodzinny-raj-kaiserau\/parkowanie-i-oplaty-drogowe\/myto-w-lecie\/\" \/>\n<meta property=\"og:site_name\" content=\"Stift Admont\" \/>\n<meta property=\"article:modified_time\" content=\"2025-09-02T06:50:58+00:00\" \/>\n<meta property=\"og:image\" content=\"https:\/\/stiftadmont.at\/wp-content\/uploads\/Klosteranlage-innen.jpg\" \/>\n\t<meta property=\"og:image:width\" content=\"1912\" \/>\n\t<meta property=\"og:image:height\" content=\"1188\" \/>\n\t<meta property=\"og:image:type\" content=\"image\/jpeg\" \/>\n<meta name=\"twitter:card\" content=\"summary_large_image\" \/>\n<script type=\"application\/ld+json\" class=\"yoast-schema-graph\">{\"@context\":\"https:\/\/schema.org\",\"@graph\":[{\"@type\":\"WebPage\",\"@id\":\"https:\/\/stiftadmont.at\/familienparadies-kaiserau\/parken-und-maut\/maut-im-sommer\/\",\"url\":\"https:\/\/stiftadmont.at\/familienparadies-kaiserau\/parken-und-maut\/maut-im-sommer\/\",\"name\":\"Maut im Sommer - Stift Admont\",\"isPartOf\":{\"@id\":\"https:\/\/stiftadmont.at\/#website\"},\"datePublished\":\"2023-09-18T09:25:24+00:00\",\"dateModified\":\"2025-09-02T06:50:58+00:00\",\"breadcrumb\":{\"@id\":\"https:\/\/stiftadmont.at\/familienparadies-kaiserau\/parken-und-maut\/maut-im-sommer\/#breadcrumb\"},\"inLanguage\":\"pl-PL\",\"potentialAction\":[{\"@type\":\"ReadAction\",\"target\":[\"https:\/\/stiftadmont.at\/familienparadies-kaiserau\/parken-und-maut\/maut-im-sommer\/\"]}]},{\"@type\":\"BreadcrumbList\",\"@id\":\"https:\/\/stiftadmont.at\/familienparadies-kaiserau\/parken-und-maut\/maut-im-sommer\/#breadcrumb\",\"itemListElement\":[{\"@type\":\"ListItem\",\"position\":1,\"name\":\"Start\",\"item\":\"https:\/\/stiftadmont.at\/\"},{\"@type\":\"ListItem\",\"position\":2,\"name\":\"Familienparadies Kaiserau\",\"item\":\"https:\/\/stiftadmont.at\/familienparadies-kaiserau\/\"},{\"@type\":\"ListItem\",\"position\":3,\"name\":\"Parken &amp; Maut\",\"item\":\"https:\/\/stiftadmont.at\/familienparadies-kaiserau\/parken-und-maut\/\"},{\"@type\":\"ListItem\",\"position\":4,\"name\":\"Maut im Sommer\"}]},{\"@type\":\"WebSite\",\"@id\":\"https:\/\/stiftadmont.at\/#website\",\"url\":\"https:\/\/stiftadmont.at\/\",\"name\":\"Stift Admont\",\"description\":\"Benediktinerkloster und Sehensw\u00fcrdigkeit im Ges\u00e4use\",\"potentialAction\":[{\"@type\":\"SearchAction\",\"target\":{\"@type\":\"EntryPoint\",\"urlTemplate\":\"https:\/\/stiftadmont.at\/?s={search_term_string}\"},\"query-input\":{\"@type\":\"PropertyValueSpecification\",\"valueRequired\":true,\"valueName\":\"search_term_string\"}}],\"inLanguage\":\"pl-PL\"}]}<\/script>\n<!-- \/ Yoast SEO Premium plugin. -->","yoast_head_json":{"title":"Op\u0142ata drogowa w lecie - Opactwo Admont","robots":{"index":"index","follow":"follow","max-snippet":"max-snippet:-1","max-image-preview":"max-image-preview:large","max-video-preview":"max-video-preview:-1"},"canonical":"https:\/\/stiftadmont.at\/pl\/rodzinny-raj-kaiserau\/parkowanie-i-oplaty-drogowe\/myto-w-lecie\/","og_locale":"pl_PL","og_type":"article","og_title":"Maut im Sommer","og_url":"https:\/\/stiftadmont.at\/pl\/rodzinny-raj-kaiserau\/parkowanie-i-oplaty-drogowe\/myto-w-lecie\/","og_site_name":"Stift Admont","article_modified_time":"2025-09-02T06:50:58+00:00","og_image":[{"width":1912,"height":1188,"url":"https:\/\/stiftadmont.at\/wp-content\/uploads\/Klosteranlage-innen.jpg","type":"image\/jpeg"}],"twitter_card":"summary_large_image","schema":{"@context":"https:\/\/schema.org","@graph":[{"@type":"WebPage","@id":"https:\/\/stiftadmont.at\/familienparadies-kaiserau\/parken-und-maut\/maut-im-sommer\/","url":"https:\/\/stiftadmont.at\/familienparadies-kaiserau\/parken-und-maut\/maut-im-sommer\/","name":"Op\u0142ata drogowa w lecie - Opactwo Admont","isPartOf":{"@id":"https:\/\/stiftadmont.at\/#website"},"datePublished":"2023-09-18T09:25:24+00:00","dateModified":"2025-09-02T06:50:58+00:00","breadcrumb":{"@id":"https:\/\/stiftadmont.at\/familienparadies-kaiserau\/parken-und-maut\/maut-im-sommer\/#breadcrumb"},"inLanguage":"pl-PL","potentialAction":[{"@type":"ReadAction","target":["https:\/\/stiftadmont.at\/familienparadies-kaiserau\/parken-und-maut\/maut-im-sommer\/"]}]},{"@type":"BreadcrumbList","@id":"https:\/\/stiftadmont.at\/familienparadies-kaiserau\/parken-und-maut\/maut-im-sommer\/#breadcrumb","itemListElement":[{"@type":"ListItem","position":1,"name":"Start","item":"https:\/\/stiftadmont.at\/"},{"@type":"ListItem","position":2,"name":"Familienparadies Kaiserau","item":"https:\/\/stiftadmont.at\/familienparadies-kaiserau\/"},{"@type":"ListItem","position":3,"name":"Parken &amp; Maut","item":"https:\/\/stiftadmont.at\/familienparadies-kaiserau\/parken-und-maut\/"},{"@type":"ListItem","position":4,"name":"Maut im Sommer"}]},{"@type":"WebSite","@id":"https:\/\/stiftadmont.at\/#website","url":"https:\/\/stiftadmont.at\/","name":"Opactwo Admont","description":"Benedykty\u0144ski klasztor i atrakcja turystyczna w Ges\u00e4use","potentialAction":[{"@type":"SearchAction","target":{"@type":"EntryPoint","urlTemplate":"https:\/\/stiftadmont.at\/?s={search_term_string}"},"query-input":{"@type":"PropertyValueSpecification","valueRequired":true,"valueName":"search_term_string"}}],"inLanguage":"pl-PL"}]}},"_links":{"self":[{"href":"https:\/\/stiftadmont.at\/pl\/wp-json\/wp\/v2\/pages\/20346","targetHints":{"allow":["GET"]}}],"collection":[{"href":"https:\/\/stiftadmont.at\/pl\/wp-json\/wp\/v2\/pages"}],"about":[{"href":"https:\/\/stiftadmont.at\/pl\/wp-json\/wp\/v2\/types\/page"}],"author":[{"embeddable":true,"href":"https:\/\/stiftadmont.at\/pl\/wp-json\/wp\/v2\/users\/7"}],"replies":[{"embeddable":true,"href":"https:\/\/stiftadmont.at\/pl\/wp-json\/wp\/v2\/comments?post=20346"}],"version-history":[{"count":41,"href":"https:\/\/stiftadmont.at\/pl\/wp-json\/wp\/v2\/pages\/20346\/revisions"}],"predecessor-version":[{"id":37286,"href":"https:\/\/stiftadmont.at\/pl\/wp-json\/wp\/v2\/pages\/20346\/revisions\/37286"}],"up":[{"embeddable":true,"href":"https:\/\/stiftadmont.at\/pl\/wp-json\/wp\/v2\/pages\/19221"}],"wp:attachment":[{"href":"https:\/\/stiftadmont.at\/pl\/wp-json\/wp\/v2\/media?parent=20346"}],"wp:term":[{"taxonomy":"category","embeddable":true,"href":"https:\/\/stiftadmont.at\/pl\/wp-json\/wp\/v2\/categories?post=20346"}],"curies":[{"name":"wp","href":"https:\/\/api.w.org\/{rel}","templated":true}]}}