{"id":20350,"date":"2023-09-18T11:26:33","date_gmt":"2023-09-18T09:26:33","guid":{"rendered":"https:\/\/stiftadmont.at\/?page_id=20350"},"modified":"2025-09-01T12:12:58","modified_gmt":"2025-09-01T10:12:58","slug":"oplata-w-zimie","status":"publish","type":"page","link":"https:\/\/stiftadmont.at\/pl\/familienparadies-kaiserau\/parken-und-maut\/maut-im-winter\/","title":{"rendered":"Op\u0142ata drogowa w zimie"},"content":{"rendered":"<section id='lightpress__section--block_d3783b30168a602be335f31daa3f03f7' class='align-center lightpress__section--default-section-space lightpress__section lightpress__section--headline'><div class=\"headline__container\">\n            <h2 class=\"headline text--40 text-medium line line--gold line-above line-middle\">Op\u0142ata drogowa w zimie<\/h2>\n        <p class=\"text-center text-gold text--20 text-medium text--uppercase\">Droga p\u0142atna \"Oberst-Klinke-H\u00fctte\" zamkni\u0119ta od listopada do kwietnia bez wyj\u0105tku<\/p>\n        <div class=\"spacer--40\"><\/div>\n<\/div>\n\n<\/section>\n\n<section id='lightpress__section--block_5994cc399608ee5fb04e30623d29c6d9' class='lightpress__section--default-section-space lightpress__section lightpress__section--content'><div class=\"content__inner\"\n         x-init=\"initContentBlockAnim($el)\">\n        \n    <div class=\"content__grid content__grid\">\n                                            <div class=\"content__box content__box--one-hundred\"\n                 style=\"\">\n                                \n                \n                                            <div class=\"prose\"><p class=\"paragraph-m\"><strong><span style=\"font-size: clamp(1rem, 1vw, 1.25rem);\"><\/span>P\u0142atna droga \"Oberst-Klinke-H\u00fctte\" zamkni\u0119ta od listopada do kwietnia<\/strong><\/p>\n<p>\u00a0<\/p>\n<p class=\"paragraph-m\">Z parkingu Kaiserau do schroniska Klinkeh\u00fctte prowadzi p\u0142atna droga o d\u0142ugo\u015bci 5 km, kt\u00f3ra zim\u0105 jest zamkni\u0119ta\/zablokowana.<\/p>\n<p class=\"paragraph-m\">P\u0142atna droga mo\u017ce by\u0107 u\u017cywana tylko latem od maja do pa\u017adziernika, w zale\u017cno\u015bci od warunk\u00f3w pogodowych, i podlega op\u0142acie (kontrola wysoko\u015bci). Latem p\u0142atna droga jest otwarta dla rowerzyst\u00f3w g\u00f3rskich i jest r\u00f3wnie\u017c bezp\u0142atna.<\/p>\n<p>\u00a0<\/p>\n<p class=\"paragraph-m\"><strong>Zim\u0105 p\u0142atna droga jest bez wyj\u0105tku zamkni\u0119ta\/zablokowana. Saneczkarstwo na tej trasie jest zabronione!<\/strong><\/p>\n<\/div>\n                    \n                            <\/div>\n        \n            <\/div>\n<\/div>\n\n<\/section>","protected":false},"excerpt":{"rendered":"","protected":false},"author":7,"featured_media":0,"parent":19221,"menu_order":0,"comment_status":"closed","ping_status":"closed","template":"","meta":{"_acf_changed":false,"footnotes":""},"categories":[],"class_list":["post-20350","page","type-page","status-publish","hentry"],"acf":[],"yoast_head":"<!-- This site is optimized with the Yoast SEO Premium plugin v26.0 (Yoast SEO v26.8) - https:\/\/yoast.com\/product\/yoast-seo-premium-wordpress\/ -->\n<title>Maut im Winter - Stift Admont<\/title>\n<meta name=\"robots\" content=\"index, follow, max-snippet:-1, max-image-preview:large, max-video-preview:-1\" \/>\n<link rel=\"canonical\" href=\"https:\/\/stiftadmont.at\/pl\/rodzinny-raj-kaiserau\/parkowanie-i-oplaty-drogowe\/oplata-w-zimie\/\" \/>\n<meta property=\"og:locale\" content=\"pl_PL\" \/>\n<meta property=\"og:type\" content=\"article\" \/>\n<meta property=\"og:title\" content=\"Maut im Winter\" \/>\n<meta property=\"og:url\" content=\"https:\/\/stiftadmont.at\/pl\/rodzinny-raj-kaiserau\/parkowanie-i-oplaty-drogowe\/oplata-w-zimie\/\" \/>\n<meta property=\"og:site_name\" content=\"Stift Admont\" \/>\n<meta property=\"article:modified_time\" content=\"2025-09-01T10:12:58+00:00\" \/>\n<meta property=\"og:image\" content=\"https:\/\/stiftadmont.at\/wp-content\/uploads\/Klosteranlage-innen.jpg\" \/>\n\t<meta property=\"og:image:width\" content=\"1912\" \/>\n\t<meta property=\"og:image:height\" content=\"1188\" \/>\n\t<meta property=\"og:image:type\" content=\"image\/jpeg\" \/>\n<meta name=\"twitter:card\" content=\"summary_large_image\" \/>\n<script type=\"application\/ld+json\" class=\"yoast-schema-graph\">{\"@context\":\"https:\/\/schema.org\",\"@graph\":[{\"@type\":\"WebPage\",\"@id\":\"https:\/\/stiftadmont.at\/familienparadies-kaiserau\/parken-und-maut\/maut-im-winter\/\",\"url\":\"https:\/\/stiftadmont.at\/familienparadies-kaiserau\/parken-und-maut\/maut-im-winter\/\",\"name\":\"Maut im Winter - Stift Admont\",\"isPartOf\":{\"@id\":\"https:\/\/stiftadmont.at\/#website\"},\"datePublished\":\"2023-09-18T09:26:33+00:00\",\"dateModified\":\"2025-09-01T10:12:58+00:00\",\"breadcrumb\":{\"@id\":\"https:\/\/stiftadmont.at\/familienparadies-kaiserau\/parken-und-maut\/maut-im-winter\/#breadcrumb\"},\"inLanguage\":\"pl-PL\",\"potentialAction\":[{\"@type\":\"ReadAction\",\"target\":[\"https:\/\/stiftadmont.at\/familienparadies-kaiserau\/parken-und-maut\/maut-im-winter\/\"]}]},{\"@type\":\"BreadcrumbList\",\"@id\":\"https:\/\/stiftadmont.at\/familienparadies-kaiserau\/parken-und-maut\/maut-im-winter\/#breadcrumb\",\"itemListElement\":[{\"@type\":\"ListItem\",\"position\":1,\"name\":\"Start\",\"item\":\"https:\/\/stiftadmont.at\/\"},{\"@type\":\"ListItem\",\"position\":2,\"name\":\"Familienparadies Kaiserau\",\"item\":\"https:\/\/stiftadmont.at\/familienparadies-kaiserau\/\"},{\"@type\":\"ListItem\",\"position\":3,\"name\":\"Parken &amp; Maut\",\"item\":\"https:\/\/stiftadmont.at\/familienparadies-kaiserau\/parken-und-maut\/\"},{\"@type\":\"ListItem\",\"position\":4,\"name\":\"Maut im Winter\"}]},{\"@type\":\"WebSite\",\"@id\":\"https:\/\/stiftadmont.at\/#website\",\"url\":\"https:\/\/stiftadmont.at\/\",\"name\":\"Stift Admont\",\"description\":\"Benediktinerkloster und Sehensw\u00fcrdigkeit im Ges\u00e4use\",\"potentialAction\":[{\"@type\":\"SearchAction\",\"target\":{\"@type\":\"EntryPoint\",\"urlTemplate\":\"https:\/\/stiftadmont.at\/?s={search_term_string}\"},\"query-input\":{\"@type\":\"PropertyValueSpecification\",\"valueRequired\":true,\"valueName\":\"search_term_string\"}}],\"inLanguage\":\"pl-PL\"}]}<\/script>\n<!-- \/ Yoast SEO Premium plugin. -->","yoast_head_json":{"title":"Op\u0142ata drogowa w zimie - Opactwo Admont","robots":{"index":"index","follow":"follow","max-snippet":"max-snippet:-1","max-image-preview":"max-image-preview:large","max-video-preview":"max-video-preview:-1"},"canonical":"https:\/\/stiftadmont.at\/pl\/rodzinny-raj-kaiserau\/parkowanie-i-oplaty-drogowe\/oplata-w-zimie\/","og_locale":"pl_PL","og_type":"article","og_title":"Maut im Winter","og_url":"https:\/\/stiftadmont.at\/pl\/rodzinny-raj-kaiserau\/parkowanie-i-oplaty-drogowe\/oplata-w-zimie\/","og_site_name":"Stift Admont","article_modified_time":"2025-09-01T10:12:58+00:00","og_image":[{"width":1912,"height":1188,"url":"https:\/\/stiftadmont.at\/wp-content\/uploads\/Klosteranlage-innen.jpg","type":"image\/jpeg"}],"twitter_card":"summary_large_image","schema":{"@context":"https:\/\/schema.org","@graph":[{"@type":"WebPage","@id":"https:\/\/stiftadmont.at\/familienparadies-kaiserau\/parken-und-maut\/maut-im-winter\/","url":"https:\/\/stiftadmont.at\/familienparadies-kaiserau\/parken-und-maut\/maut-im-winter\/","name":"Op\u0142ata drogowa w zimie - Opactwo Admont","isPartOf":{"@id":"https:\/\/stiftadmont.at\/#website"},"datePublished":"2023-09-18T09:26:33+00:00","dateModified":"2025-09-01T10:12:58+00:00","breadcrumb":{"@id":"https:\/\/stiftadmont.at\/familienparadies-kaiserau\/parken-und-maut\/maut-im-winter\/#breadcrumb"},"inLanguage":"pl-PL","potentialAction":[{"@type":"ReadAction","target":["https:\/\/stiftadmont.at\/familienparadies-kaiserau\/parken-und-maut\/maut-im-winter\/"]}]},{"@type":"BreadcrumbList","@id":"https:\/\/stiftadmont.at\/familienparadies-kaiserau\/parken-und-maut\/maut-im-winter\/#breadcrumb","itemListElement":[{"@type":"ListItem","position":1,"name":"Start","item":"https:\/\/stiftadmont.at\/"},{"@type":"ListItem","position":2,"name":"Familienparadies Kaiserau","item":"https:\/\/stiftadmont.at\/familienparadies-kaiserau\/"},{"@type":"ListItem","position":3,"name":"Parken &amp; Maut","item":"https:\/\/stiftadmont.at\/familienparadies-kaiserau\/parken-und-maut\/"},{"@type":"ListItem","position":4,"name":"Maut im Winter"}]},{"@type":"WebSite","@id":"https:\/\/stiftadmont.at\/#website","url":"https:\/\/stiftadmont.at\/","name":"Opactwo Admont","description":"Benedykty\u0144ski klasztor i atrakcja turystyczna w Ges\u00e4use","potentialAction":[{"@type":"SearchAction","target":{"@type":"EntryPoint","urlTemplate":"https:\/\/stiftadmont.at\/?s={search_term_string}"},"query-input":{"@type":"PropertyValueSpecification","valueRequired":true,"valueName":"search_term_string"}}],"inLanguage":"pl-PL"}]}},"_links":{"self":[{"href":"https:\/\/stiftadmont.at\/pl\/wp-json\/wp\/v2\/pages\/20350","targetHints":{"allow":["GET"]}}],"collection":[{"href":"https:\/\/stiftadmont.at\/pl\/wp-json\/wp\/v2\/pages"}],"about":[{"href":"https:\/\/stiftadmont.at\/pl\/wp-json\/wp\/v2\/types\/page"}],"author":[{"embeddable":true,"href":"https:\/\/stiftadmont.at\/pl\/wp-json\/wp\/v2\/users\/7"}],"replies":[{"embeddable":true,"href":"https:\/\/stiftadmont.at\/pl\/wp-json\/wp\/v2\/comments?post=20350"}],"version-history":[{"count":42,"href":"https:\/\/stiftadmont.at\/pl\/wp-json\/wp\/v2\/pages\/20350\/revisions"}],"predecessor-version":[{"id":37281,"href":"https:\/\/stiftadmont.at\/pl\/wp-json\/wp\/v2\/pages\/20350\/revisions\/37281"}],"up":[{"embeddable":true,"href":"https:\/\/stiftadmont.at\/pl\/wp-json\/wp\/v2\/pages\/19221"}],"wp:attachment":[{"href":"https:\/\/stiftadmont.at\/pl\/wp-json\/wp\/v2\/media?parent=20350"}],"wp:term":[{"taxonomy":"category","embeddable":true,"href":"https:\/\/stiftadmont.at\/pl\/wp-json\/wp\/v2\/categories?post=20350"}],"curies":[{"name":"wp","href":"https:\/\/api.w.org\/{rel}","templated":true}]}}