{"id":20495,"date":"2023-09-18T13:35:21","date_gmt":"2023-09-18T11:35:21","guid":{"rendered":"https:\/\/stiftadmont.at\/?page_id=20495"},"modified":"2025-01-29T13:23:05","modified_gmt":"2025-01-29T11:23:05","slug":"kwiaty-balkonowe","status":"publish","type":"page","link":"https:\/\/stiftadmont.at\/pl\/stiftsgaertnerei-blumen-und-wein\/gaertnerei\/balkonblumen\/","title":{"rendered":"Kwiaty balkonowe"},"content":{"rendered":"<section id='lightpress__section--block_895191b804d7d67ae59b71bc268c32ed' class='align-center lightpress__section--default-section-space lightpress__section lightpress__section--headline'><div class=\"headline__container\">\n            <h2 class=\"headline text--40 text-medium line line--gold line-above line-middle\">Nasz doskona\u0142y, wszechstronny serwis<\/h2>\n        <p class=\"text-center text-gold text--20 text-medium text--uppercase\">Sadzenie, przechowywanie, dostawa<\/p>\n        <div class=\"spacer--40\"><\/div>\n<\/div>\n\n<\/section>\n\n<section id='lightpress__section--block_dad70637d95dbafd80b2cd192c5010f1' class='lightpress__section--default-section-space lightpress__section lightpress__section--content'><div class=\"content__inner\"\n         x-init=\"initContentBlockAnim($el)\">\n        \n    <div class=\"content__grid content__grid\">\n                                            <div class=\"content__box content__box--one-hundred\"\n                 style=\"\">\n                                \n                \n                                            <div class=\"prose\"><h5 class=\"heading-m line line-above line--gold\">Sadzenie i dostawa skrzynek balkonowych<\/h5>\n<p>\u00a0<\/p>\n<p class=\"paragraph-m\">Ka\u017cdego roku w szklarniach szk\u00f3\u0142ki Admont Abbey ro\u015bnie do pi\u0119\u0107dziesi\u0119ciu r\u00f3\u017cnych odmian kwiat\u00f3w balkonowych. Nasze kwiaty okazuj\u0105 swoj\u0105 wdzi\u0119czno\u015b\u0107 za nasz\u0105 troskliw\u0105 piel\u0119gnacj\u0119 kolorowym pokazem barw i kwitn\u0105cym zdrowiem.  Nawet zanim temperatury pozwol\u0105 na sadzenie, mo\u017cesz czerpa\u0107 z naszej pe\u0142nej oferty i pozostawi\u0107 wybrane kwiaty balkonowe pod nasz\u0105 opiek\u0105 w mi\u0119dzyczasie.<\/p>\n<p>\u00a0<\/p>\n<p>\u00a0<\/p>\n<h5 class=\"heading-m line line-above line--gold\">Nasze wszechstronne us\u0142ugi dla klient\u00f3w prywatnych, bran\u017cy hotelarskiej i gastronomicznej<\/h5>\n<p>\u00a0<\/p>\n<p class=\"paragraph-m\">Wybrane przez Ciebie i posadzone przez nas w skrzynkach balkonowych, kwitn\u0105ce dekoracje balkonowe s\u0105 dobrze chronione przed p\u00f3\u017anymi przymrozkami w szklarniach szk\u00f3\u0142ki Admont Abbey. Aby oszcz\u0119dzi\u0107 Ci k\u0142opot\u00f3w zwi\u0105zanych z ich odbiorem, dostarczamy Twoje skrzynki balkonowe bezpo\u015brednio do domu natychmiast po ust\u0105pieniu przymrozk\u00f3w. T\u0119 kompleksow\u0105 us\u0142ug\u0119 oferujemy zar\u00f3wno klientom prywatnym, jak i hotelom i restauracjom.<\/p>\n<\/div>\n                    \n                            <\/div>\n        \n            <\/div>\n<\/div>\n\n<\/section>","protected":false},"excerpt":{"rendered":"","protected":false},"author":20,"featured_media":0,"parent":20245,"menu_order":0,"comment_status":"closed","ping_status":"closed","template":"","meta":{"_acf_changed":false,"footnotes":""},"categories":[],"class_list":["post-20495","page","type-page","status-publish","hentry"],"acf":[],"yoast_head":"<!-- This site is optimized with the Yoast SEO Premium plugin v26.0 (Yoast SEO v26.8) - https:\/\/yoast.com\/product\/yoast-seo-premium-wordpress\/ -->\n<title>Balkonblumen - Stift Admont<\/title>\n<meta name=\"robots\" content=\"index, follow, max-snippet:-1, max-image-preview:large, max-video-preview:-1\" \/>\n<link rel=\"canonical\" href=\"https:\/\/stiftadmont.at\/pl\/klasztorna-szkolka-kwiatow-i-wina\/szkolka\/kwiaty-balkonowe\/\" \/>\n<meta property=\"og:locale\" content=\"pl_PL\" \/>\n<meta property=\"og:type\" content=\"article\" \/>\n<meta property=\"og:title\" content=\"Balkonblumen\" \/>\n<meta property=\"og:url\" content=\"https:\/\/stiftadmont.at\/pl\/klasztorna-szkolka-kwiatow-i-wina\/szkolka\/kwiaty-balkonowe\/\" \/>\n<meta property=\"og:site_name\" content=\"Stift Admont\" \/>\n<meta property=\"article:modified_time\" content=\"2025-01-29T11:23:05+00:00\" \/>\n<meta property=\"og:image\" content=\"https:\/\/stiftadmont.at\/wp-content\/uploads\/Klosteranlage-innen.jpg\" \/>\n\t<meta property=\"og:image:width\" content=\"1912\" \/>\n\t<meta property=\"og:image:height\" content=\"1188\" \/>\n\t<meta property=\"og:image:type\" content=\"image\/jpeg\" \/>\n<meta name=\"twitter:card\" content=\"summary_large_image\" \/>\n<script type=\"application\/ld+json\" class=\"yoast-schema-graph\">{\"@context\":\"https:\/\/schema.org\",\"@graph\":[{\"@type\":\"WebPage\",\"@id\":\"https:\/\/stiftadmont.at\/stiftsgaertnerei-blumen-und-wein\/gaertnerei\/balkonblumen\/\",\"url\":\"https:\/\/stiftadmont.at\/stiftsgaertnerei-blumen-und-wein\/gaertnerei\/balkonblumen\/\",\"name\":\"Balkonblumen - Stift Admont\",\"isPartOf\":{\"@id\":\"https:\/\/stiftadmont.at\/#website\"},\"datePublished\":\"2023-09-18T11:35:21+00:00\",\"dateModified\":\"2025-01-29T11:23:05+00:00\",\"breadcrumb\":{\"@id\":\"https:\/\/stiftadmont.at\/stiftsgaertnerei-blumen-und-wein\/gaertnerei\/balkonblumen\/#breadcrumb\"},\"inLanguage\":\"pl-PL\",\"potentialAction\":[{\"@type\":\"ReadAction\",\"target\":[\"https:\/\/stiftadmont.at\/stiftsgaertnerei-blumen-und-wein\/gaertnerei\/balkonblumen\/\"]}]},{\"@type\":\"BreadcrumbList\",\"@id\":\"https:\/\/stiftadmont.at\/stiftsgaertnerei-blumen-und-wein\/gaertnerei\/balkonblumen\/#breadcrumb\",\"itemListElement\":[{\"@type\":\"ListItem\",\"position\":1,\"name\":\"Start\",\"item\":\"https:\/\/stiftadmont.at\/\"},{\"@type\":\"ListItem\",\"position\":2,\"name\":\"Stiftsg\u00e4rtnerei Blumen und Wein\",\"item\":\"https:\/\/stiftadmont.at\/stiftsgaertnerei-blumen-und-wein\/\"},{\"@type\":\"ListItem\",\"position\":3,\"name\":\"G\u00e4rtnerei\",\"item\":\"https:\/\/stiftadmont.at\/stiftsgaertnerei-blumen-und-wein\/gaertnerei\/\"},{\"@type\":\"ListItem\",\"position\":4,\"name\":\"Balkonblumen\"}]},{\"@type\":\"WebSite\",\"@id\":\"https:\/\/stiftadmont.at\/#website\",\"url\":\"https:\/\/stiftadmont.at\/\",\"name\":\"Stift Admont\",\"description\":\"Benediktinerkloster und Sehensw\u00fcrdigkeit im Ges\u00e4use\",\"potentialAction\":[{\"@type\":\"SearchAction\",\"target\":{\"@type\":\"EntryPoint\",\"urlTemplate\":\"https:\/\/stiftadmont.at\/?s={search_term_string}\"},\"query-input\":{\"@type\":\"PropertyValueSpecification\",\"valueRequired\":true,\"valueName\":\"search_term_string\"}}],\"inLanguage\":\"pl-PL\"}]}<\/script>\n<!-- \/ Yoast SEO Premium plugin. -->","yoast_head_json":{"title":"Kwiaty balkonowe - Opactwo Admont","robots":{"index":"index","follow":"follow","max-snippet":"max-snippet:-1","max-image-preview":"max-image-preview:large","max-video-preview":"max-video-preview:-1"},"canonical":"https:\/\/stiftadmont.at\/pl\/klasztorna-szkolka-kwiatow-i-wina\/szkolka\/kwiaty-balkonowe\/","og_locale":"pl_PL","og_type":"article","og_title":"Balkonblumen","og_url":"https:\/\/stiftadmont.at\/pl\/klasztorna-szkolka-kwiatow-i-wina\/szkolka\/kwiaty-balkonowe\/","og_site_name":"Stift Admont","article_modified_time":"2025-01-29T11:23:05+00:00","og_image":[{"width":1912,"height":1188,"url":"https:\/\/stiftadmont.at\/wp-content\/uploads\/Klosteranlage-innen.jpg","type":"image\/jpeg"}],"twitter_card":"summary_large_image","schema":{"@context":"https:\/\/schema.org","@graph":[{"@type":"WebPage","@id":"https:\/\/stiftadmont.at\/stiftsgaertnerei-blumen-und-wein\/gaertnerei\/balkonblumen\/","url":"https:\/\/stiftadmont.at\/stiftsgaertnerei-blumen-und-wein\/gaertnerei\/balkonblumen\/","name":"Kwiaty balkonowe - Opactwo Admont","isPartOf":{"@id":"https:\/\/stiftadmont.at\/#website"},"datePublished":"2023-09-18T11:35:21+00:00","dateModified":"2025-01-29T11:23:05+00:00","breadcrumb":{"@id":"https:\/\/stiftadmont.at\/stiftsgaertnerei-blumen-und-wein\/gaertnerei\/balkonblumen\/#breadcrumb"},"inLanguage":"pl-PL","potentialAction":[{"@type":"ReadAction","target":["https:\/\/stiftadmont.at\/stiftsgaertnerei-blumen-und-wein\/gaertnerei\/balkonblumen\/"]}]},{"@type":"BreadcrumbList","@id":"https:\/\/stiftadmont.at\/stiftsgaertnerei-blumen-und-wein\/gaertnerei\/balkonblumen\/#breadcrumb","itemListElement":[{"@type":"ListItem","position":1,"name":"Start","item":"https:\/\/stiftadmont.at\/"},{"@type":"ListItem","position":2,"name":"Stiftsg\u00e4rtnerei Blumen und Wein","item":"https:\/\/stiftadmont.at\/stiftsgaertnerei-blumen-und-wein\/"},{"@type":"ListItem","position":3,"name":"G\u00e4rtnerei","item":"https:\/\/stiftadmont.at\/stiftsgaertnerei-blumen-und-wein\/gaertnerei\/"},{"@type":"ListItem","position":4,"name":"Balkonblumen"}]},{"@type":"WebSite","@id":"https:\/\/stiftadmont.at\/#website","url":"https:\/\/stiftadmont.at\/","name":"Opactwo Admont","description":"Benedykty\u0144ski klasztor i atrakcja turystyczna w Ges\u00e4use","potentialAction":[{"@type":"SearchAction","target":{"@type":"EntryPoint","urlTemplate":"https:\/\/stiftadmont.at\/?s={search_term_string}"},"query-input":{"@type":"PropertyValueSpecification","valueRequired":true,"valueName":"search_term_string"}}],"inLanguage":"pl-PL"}]}},"_links":{"self":[{"href":"https:\/\/stiftadmont.at\/pl\/wp-json\/wp\/v2\/pages\/20495","targetHints":{"allow":["GET"]}}],"collection":[{"href":"https:\/\/stiftadmont.at\/pl\/wp-json\/wp\/v2\/pages"}],"about":[{"href":"https:\/\/stiftadmont.at\/pl\/wp-json\/wp\/v2\/types\/page"}],"author":[{"embeddable":true,"href":"https:\/\/stiftadmont.at\/pl\/wp-json\/wp\/v2\/users\/20"}],"replies":[{"embeddable":true,"href":"https:\/\/stiftadmont.at\/pl\/wp-json\/wp\/v2\/comments?post=20495"}],"version-history":[{"count":11,"href":"https:\/\/stiftadmont.at\/pl\/wp-json\/wp\/v2\/pages\/20495\/revisions"}],"predecessor-version":[{"id":32293,"href":"https:\/\/stiftadmont.at\/pl\/wp-json\/wp\/v2\/pages\/20495\/revisions\/32293"}],"up":[{"embeddable":true,"href":"https:\/\/stiftadmont.at\/pl\/wp-json\/wp\/v2\/pages\/20245"}],"wp:attachment":[{"href":"https:\/\/stiftadmont.at\/pl\/wp-json\/wp\/v2\/media?parent=20495"}],"wp:term":[{"taxonomy":"category","embeddable":true,"href":"https:\/\/stiftadmont.at\/pl\/wp-json\/wp\/v2\/categories?post=20495"}],"curies":[{"name":"wp","href":"https:\/\/api.w.org\/{rel}","templated":true}]}}