{"id":20524,"date":"2023-09-18T14:45:06","date_gmt":"2023-09-18T12:45:06","guid":{"rendered":"https:\/\/stiftadmont.at\/?page_id=20524"},"modified":"2025-01-29T13:30:27","modified_gmt":"2025-01-29T11:30:27","slug":"sadzonki-dzialaja-tutaj","status":"publish","type":"page","link":"https:\/\/stiftadmont.at\/pl\/stiftsgaertnerei-blumen-und-wein\/gaertnerei\/hier-arbeiten-nuetzlinge\/","title":{"rendered":"Pracuj\u0105 tu organizmy po\u017cyteczne"},"content":{"rendered":"<section id='lightpress__section--block_b348c66b17c6c550889e29308192f5eb' class='lightpress__section--default-section-space lightpress__section lightpress__section--content'><div class=\"content__inner\"\n         x-init=\"initContentBlockAnim($el)\">\n        \n    <div class=\"content__grid content__grid\">\n                                            <div class=\"content__box content__box--one-hundred\"\n                 style=\"\">\n                                \n                \n                                            <div class=\"prose\"><h4 class=\"heading-l line line-above line--gold text-center\">Biologiczna ochrona ro\u015blin z odpowiedzialno\u015bci\u0105<\/h4>\n<p>\u00a0<\/p>\n<p>\u00a0<\/p>\n<h5 class=\"heading-m line line-above line--gold\">Ochrona biologiczna dla naszych ro\u015blin<\/h5>\n<p>\u00a0<\/p>\n<p class=\"paragraph-m\">Prawdopodobnie nie ma innych szklarni, w kt\u00f3rych tak wielu wolontariuszy pracuje nad utrzymaniem w zdrowiu ro\u015blin u\u017cytkowych i ozdobnych, jak w szk\u00f3\u0142ce Admont Abbey. W sumie s\u0105 ich tysi\u0105ce. Dzieje si\u0119 tak, poniewa\u017c do ochrony przed szkodnikami u\u017cywamy organizm\u00f3w po\u017cytecznych dla zwierz\u0105t zamiast chemicznych pestycyd\u00f3w.<\/p>\n<p>\u00a0<\/p>\n<p>\u00a0<\/p>\n<h5 class=\"heading-m line line-above line--gold\">Porady i wskaz\u00f3wki dotycz\u0105ce ogrodu\u00a0<\/h5>\n<p>\u00a0<\/p>\n<p class=\"paragraph-m\">W naszych szklarniach mszyce s\u0105 zwalczane przez paso\u017cytnicze osy, a drapie\u017cne roztocza pomagaj\u0105 w walce z niechcianymi wciornastkami - to tylko dwa przyk\u0142ady.<\/p>\n<p class=\"paragraph-m\">Je\u015bli chcesz obej\u015b\u0107 si\u0119 bez trucizn w swoim ogrodzie i wzmocni\u0107 swoje ro\u015bliny naturalnymi \u015brodkami obronnymi, mo\u017cemy udzieli\u0107 Ci cennych wskaz\u00f3wek i porad, takich jak prawid\u0142owe stosowanie nagietk\u00f3w w celu przyci\u0105gni\u0119cia po\u017cytecznych owad\u00f3w lub jak czosnek chroni truskawki przed inwazj\u0105 grzyb\u00f3w.\u00a0<\/p>\n<\/div>\n                    \n                            <\/div>\n        \n            <\/div>\n<\/div>\n\n<\/section>","protected":false},"excerpt":{"rendered":"","protected":false},"author":20,"featured_media":0,"parent":20245,"menu_order":0,"comment_status":"closed","ping_status":"closed","template":"","meta":{"_acf_changed":false,"footnotes":""},"categories":[],"class_list":["post-20524","page","type-page","status-publish","hentry"],"acf":[],"yoast_head":"<!-- This site is optimized with the Yoast SEO Premium plugin v26.0 (Yoast SEO v26.8) - https:\/\/yoast.com\/product\/yoast-seo-premium-wordpress\/ -->\n<title>Hier arbeiten N\u00fctzlinge - Stift Admont<\/title>\n<meta name=\"robots\" content=\"index, follow, max-snippet:-1, max-image-preview:large, max-video-preview:-1\" \/>\n<link rel=\"canonical\" href=\"https:\/\/stiftadmont.at\/pl\/klasztorna-szkolka-kwiatow-i-wina\/szkolka\/sadzonki-dzialaja-tutaj\/\" \/>\n<meta property=\"og:locale\" content=\"pl_PL\" \/>\n<meta property=\"og:type\" content=\"article\" \/>\n<meta property=\"og:title\" content=\"Hier arbeiten N\u00fctzlinge\" \/>\n<meta property=\"og:url\" content=\"https:\/\/stiftadmont.at\/pl\/klasztorna-szkolka-kwiatow-i-wina\/szkolka\/sadzonki-dzialaja-tutaj\/\" \/>\n<meta property=\"og:site_name\" content=\"Stift Admont\" \/>\n<meta property=\"article:modified_time\" content=\"2025-01-29T11:30:27+00:00\" \/>\n<meta property=\"og:image\" content=\"https:\/\/stiftadmont.at\/wp-content\/uploads\/Klosteranlage-innen.jpg\" \/>\n\t<meta property=\"og:image:width\" content=\"1912\" \/>\n\t<meta property=\"og:image:height\" content=\"1188\" \/>\n\t<meta property=\"og:image:type\" content=\"image\/jpeg\" \/>\n<meta name=\"twitter:card\" content=\"summary_large_image\" \/>\n<script type=\"application\/ld+json\" class=\"yoast-schema-graph\">{\"@context\":\"https:\/\/schema.org\",\"@graph\":[{\"@type\":\"WebPage\",\"@id\":\"https:\/\/stiftadmont.at\/stiftsgaertnerei-blumen-und-wein\/gaertnerei\/hier-arbeiten-nuetzlinge\/\",\"url\":\"https:\/\/stiftadmont.at\/stiftsgaertnerei-blumen-und-wein\/gaertnerei\/hier-arbeiten-nuetzlinge\/\",\"name\":\"Hier arbeiten N\u00fctzlinge - Stift Admont\",\"isPartOf\":{\"@id\":\"https:\/\/stiftadmont.at\/#website\"},\"datePublished\":\"2023-09-18T12:45:06+00:00\",\"dateModified\":\"2025-01-29T11:30:27+00:00\",\"breadcrumb\":{\"@id\":\"https:\/\/stiftadmont.at\/stiftsgaertnerei-blumen-und-wein\/gaertnerei\/hier-arbeiten-nuetzlinge\/#breadcrumb\"},\"inLanguage\":\"pl-PL\",\"potentialAction\":[{\"@type\":\"ReadAction\",\"target\":[\"https:\/\/stiftadmont.at\/stiftsgaertnerei-blumen-und-wein\/gaertnerei\/hier-arbeiten-nuetzlinge\/\"]}]},{\"@type\":\"BreadcrumbList\",\"@id\":\"https:\/\/stiftadmont.at\/stiftsgaertnerei-blumen-und-wein\/gaertnerei\/hier-arbeiten-nuetzlinge\/#breadcrumb\",\"itemListElement\":[{\"@type\":\"ListItem\",\"position\":1,\"name\":\"Start\",\"item\":\"https:\/\/stiftadmont.at\/\"},{\"@type\":\"ListItem\",\"position\":2,\"name\":\"Stiftsg\u00e4rtnerei Blumen und Wein\",\"item\":\"https:\/\/stiftadmont.at\/stiftsgaertnerei-blumen-und-wein\/\"},{\"@type\":\"ListItem\",\"position\":3,\"name\":\"G\u00e4rtnerei\",\"item\":\"https:\/\/stiftadmont.at\/stiftsgaertnerei-blumen-und-wein\/gaertnerei\/\"},{\"@type\":\"ListItem\",\"position\":4,\"name\":\"Hier arbeiten N\u00fctzlinge\"}]},{\"@type\":\"WebSite\",\"@id\":\"https:\/\/stiftadmont.at\/#website\",\"url\":\"https:\/\/stiftadmont.at\/\",\"name\":\"Stift Admont\",\"description\":\"Benediktinerkloster und Sehensw\u00fcrdigkeit im Ges\u00e4use\",\"potentialAction\":[{\"@type\":\"SearchAction\",\"target\":{\"@type\":\"EntryPoint\",\"urlTemplate\":\"https:\/\/stiftadmont.at\/?s={search_term_string}\"},\"query-input\":{\"@type\":\"PropertyValueSpecification\",\"valueRequired\":true,\"valueName\":\"search_term_string\"}}],\"inLanguage\":\"pl-PL\"}]}<\/script>\n<!-- \/ Yoast SEO Premium plugin. -->","yoast_head_json":{"title":"Pracuj\u0105 tu po\u017cyteczne owady - Opactwo Admont","robots":{"index":"index","follow":"follow","max-snippet":"max-snippet:-1","max-image-preview":"max-image-preview:large","max-video-preview":"max-video-preview:-1"},"canonical":"https:\/\/stiftadmont.at\/pl\/klasztorna-szkolka-kwiatow-i-wina\/szkolka\/sadzonki-dzialaja-tutaj\/","og_locale":"pl_PL","og_type":"article","og_title":"Hier arbeiten N\u00fctzlinge","og_url":"https:\/\/stiftadmont.at\/pl\/klasztorna-szkolka-kwiatow-i-wina\/szkolka\/sadzonki-dzialaja-tutaj\/","og_site_name":"Stift Admont","article_modified_time":"2025-01-29T11:30:27+00:00","og_image":[{"width":1912,"height":1188,"url":"https:\/\/stiftadmont.at\/wp-content\/uploads\/Klosteranlage-innen.jpg","type":"image\/jpeg"}],"twitter_card":"summary_large_image","schema":{"@context":"https:\/\/schema.org","@graph":[{"@type":"WebPage","@id":"https:\/\/stiftadmont.at\/stiftsgaertnerei-blumen-und-wein\/gaertnerei\/hier-arbeiten-nuetzlinge\/","url":"https:\/\/stiftadmont.at\/stiftsgaertnerei-blumen-und-wein\/gaertnerei\/hier-arbeiten-nuetzlinge\/","name":"Pracuj\u0105 tu po\u017cyteczne owady - Opactwo Admont","isPartOf":{"@id":"https:\/\/stiftadmont.at\/#website"},"datePublished":"2023-09-18T12:45:06+00:00","dateModified":"2025-01-29T11:30:27+00:00","breadcrumb":{"@id":"https:\/\/stiftadmont.at\/stiftsgaertnerei-blumen-und-wein\/gaertnerei\/hier-arbeiten-nuetzlinge\/#breadcrumb"},"inLanguage":"pl-PL","potentialAction":[{"@type":"ReadAction","target":["https:\/\/stiftadmont.at\/stiftsgaertnerei-blumen-und-wein\/gaertnerei\/hier-arbeiten-nuetzlinge\/"]}]},{"@type":"BreadcrumbList","@id":"https:\/\/stiftadmont.at\/stiftsgaertnerei-blumen-und-wein\/gaertnerei\/hier-arbeiten-nuetzlinge\/#breadcrumb","itemListElement":[{"@type":"ListItem","position":1,"name":"Start","item":"https:\/\/stiftadmont.at\/"},{"@type":"ListItem","position":2,"name":"Stiftsg\u00e4rtnerei Blumen und Wein","item":"https:\/\/stiftadmont.at\/stiftsgaertnerei-blumen-und-wein\/"},{"@type":"ListItem","position":3,"name":"G\u00e4rtnerei","item":"https:\/\/stiftadmont.at\/stiftsgaertnerei-blumen-und-wein\/gaertnerei\/"},{"@type":"ListItem","position":4,"name":"Hier arbeiten N\u00fctzlinge"}]},{"@type":"WebSite","@id":"https:\/\/stiftadmont.at\/#website","url":"https:\/\/stiftadmont.at\/","name":"Opactwo Admont","description":"Benedykty\u0144ski klasztor i atrakcja turystyczna w Ges\u00e4use","potentialAction":[{"@type":"SearchAction","target":{"@type":"EntryPoint","urlTemplate":"https:\/\/stiftadmont.at\/?s={search_term_string}"},"query-input":{"@type":"PropertyValueSpecification","valueRequired":true,"valueName":"search_term_string"}}],"inLanguage":"pl-PL"}]}},"_links":{"self":[{"href":"https:\/\/stiftadmont.at\/pl\/wp-json\/wp\/v2\/pages\/20524","targetHints":{"allow":["GET"]}}],"collection":[{"href":"https:\/\/stiftadmont.at\/pl\/wp-json\/wp\/v2\/pages"}],"about":[{"href":"https:\/\/stiftadmont.at\/pl\/wp-json\/wp\/v2\/types\/page"}],"author":[{"embeddable":true,"href":"https:\/\/stiftadmont.at\/pl\/wp-json\/wp\/v2\/users\/20"}],"replies":[{"embeddable":true,"href":"https:\/\/stiftadmont.at\/pl\/wp-json\/wp\/v2\/comments?post=20524"}],"version-history":[{"count":6,"href":"https:\/\/stiftadmont.at\/pl\/wp-json\/wp\/v2\/pages\/20524\/revisions"}],"predecessor-version":[{"id":32299,"href":"https:\/\/stiftadmont.at\/pl\/wp-json\/wp\/v2\/pages\/20524\/revisions\/32299"}],"up":[{"embeddable":true,"href":"https:\/\/stiftadmont.at\/pl\/wp-json\/wp\/v2\/pages\/20245"}],"wp:attachment":[{"href":"https:\/\/stiftadmont.at\/pl\/wp-json\/wp\/v2\/media?parent=20524"}],"wp:term":[{"taxonomy":"category","embeddable":true,"href":"https:\/\/stiftadmont.at\/pl\/wp-json\/wp\/v2\/categories?post=20524"}],"curies":[{"name":"wp","href":"https:\/\/api.w.org\/{rel}","templated":true}]}}