{"id":21126,"date":"2023-09-25T14:24:52","date_gmt":"2023-09-25T12:24:52","guid":{"rendered":"https:\/\/stiftadmont.at\/?page_id=21126"},"modified":"2025-12-12T12:32:12","modified_gmt":"2025-12-12T10:32:12","slug":"program-adwentowy","status":"publish","type":"page","link":"https:\/\/stiftadmont.at\/pl\/advent-im-stift-admont\/advent-programm\/","title":{"rendered":"Program"},"content":{"rendered":"<section id='lightpress__section--block_e6fb00a13f0f4d39fe4f109dd8ddbb7e' class='align-center lightpress__section--default-section-space lightpress__section lightpress__section--headline'><div class=\"headline__container\">\n            <h2 class=\"headline text--40 text-medium line line--gold line-above line-middle\">R\u0119kodzie\u0142o i specja\u0142y kulinarne - Adwent w opactwie Admont<\/h2>\n        <p class=\"text-center text-gold text--20 text-medium text--uppercase\">Prze\u017cyj Adwent wszystkimi zmys\u0142ami - w magicznym opactwie Admont!<\/p>\n        <div class=\"spacer--40\"><\/div>\n<\/div>\n\n<\/section>\n\n<section id='lightpress__section--block_35730e315939eb308d72d2ca8f6995df' class='lightpress__section--default-section-space lightpress__section lightpress__section--content'><div class=\"content__inner\"\n         x-init=\"initContentBlockAnim($el)\">\n        \n    <div class=\"content__grid content__grid\">\n                                            <div class=\"content__box content__box--one-hundred\"\n                 style=\"\">\n                                \n                \n                                            <div class=\"prose\"><p>Ju\u017c po raz 26. nastrojowy Adwent w Opactwie Admont zaprasza na festiwal pe\u0142en tradycji, przyjemno\u015bci i wyj\u0105tkowych rzemios\u0142. W malowniczym plenerze klasztoru benedyktyn\u00f3w czekaj\u0105 starannie zaprojektowane stragany z wyj\u0105tkowym r\u0119kodzie\u0142em i kusz\u0105cymi przysmakami kulinarnymi.<\/p>\n<p>\u00a0<\/p>\n<p class=\"paragraph-m text-left\">Wyj\u0105tkowa atmosfera sprawia, \u017ce ten jarmark adwentowy jest prawdziw\u0105 atrakcj\u0105 - ale zr\u00f3\u017cnicowany program zapewnia niezapomniane chwile, szczeg\u00f3lnie dla m\u0142odszych go\u015bci: W Christkindlpostamt dzieci mog\u0105 wysy\u0142a\u0107 listy do Chrystusa i oczekiwa\u0107 na odpowied\u017a. Kreatywne prezenty \u015bwi\u0105teczne mo\u017cna wykona\u0107 w warsztacie muzealnym, a imponuj\u0105ce szopki w ko\u015bciele kolegiackim mo\u017cna podziwia\u0107. Przeja\u017cd\u017cki na kucykach i uroczyste nabo\u017ce\u0144stwa ko\u015bcielne wprowadzaj\u0105 w \u015bwi\u0105teczny nastr\u00f3j.<\/p>\n<p class=\"paragraph-m text-left\">\u00a0<\/p>\n<p class=\"paragraph-m text-left\">Smakosze r\u00f3wnie\u017c znajd\u0105 tu co\u015b dla siebie: regionalne specja\u0142y, takie jak obfite p\u0105czki z \u017cyta i styryjskiego sera Ennstal, popularny Ges\u00e4useburger, s\u0142odkie anielskie loki czy rozgrzewaj\u0105cy poncz jab\u0142kowy.<\/p>\n<p>\u00a0<\/p>\n<p><a title=\"Program na 26. adwent w opactwie Admont\" href=\"\"><div class=\"_df_book df-lite\" id=\"df_37813\"  _slug=\"adventmarkt-stift-admont-programm-2025\" data-title=\"adventmarkt-stift-admont-programm-2025\" wpoptions=\"true\" thumbtype=\"\" ><\/div><script class=\"df-shortcode-script\" nowprocket type=\"application\/javascript\">window.option_df_37813 = {\"outline\":[],\"autoEnableOutline\":\"false\",\"autoEnableThumbnail\":\"false\",\"overwritePDFOutline\":\"false\",\"direction\":\"1\",\"pageSize\":\"0\",\"source\":\"https:\\\/\\\/stiftadmont.at\\\/wp-content\\\/uploads\\\/STA_Advent_Programm-2025_A4_290925.pdf\",\"wpOptions\":\"true\"}; if(window.DFLIP && window.DFLIP.parseBooks){window.DFLIP.parseBooks();}<\/script><\/a><\/p>\n<p>\u00a0<\/p>\n<p><a title=\"Program adwentowy-2025\" href=\"https:\/\/stiftadmont.at\/wp-content\/uploads\/STA_Advent_Programm-2025_A4_290925.pdf\">Program adwentowy-2025.pdf<\/a><\/p>\n<\/div>\n                    \n                            <\/div>\n        \n            <\/div>\n<\/div>\n\n<\/section>\n\n<section id='lightpress__section--block_dd80e8f7bb754aa8f9c6aaa9108e922c' class='lightpress__section--default-section-space lightpress__section lightpress__section--content'><div class=\"content__inner\"\n         x-init=\"initContentBlockAnim($el)\">\n        \n    <div class=\"content__grid content__grid\">\n                                            <div class=\"content__box content__box--one-hundred\"\n                 style=\"\">\n                                \n                \n                                            <div class=\"prose\"><p>\u00a0<\/p>\n<p><strong>Daniela de Santos - koncert na fletni Pana 12.12.2025 o 15:00 odwo\u0142any!<\/strong><\/p>\n<p>\u00a0<\/p>\n<h5 class=\"heading-m line line-above line--gold\"><strong>Sobota, 06 grudnia\u00a0<\/strong><\/h5>\n<p>\u00a0<\/p>\n<p>10:00 - 19:00\u00a0<span style=\"white-space: pre;\"> <\/span>\u00a0 \u00a0 <strong>\u00a0Biblioteka klasztorna <\/strong>otwarte dla os\u00f3b z ograniczonym wst\u0119pem<\/p>\n<p>11:00 <span style=\"white-space: pre;\"> <\/span>\u00a0 \u00a0 \u00a0 \u00a0 \u00a0 \u00a0 \u00a0 \u00a0 \u00a0 \u00a0 \u00a0<strong>OTWARCIE<\/strong> na rynku adwentowym przez opata Gerharda Hafnera OSB, przy akompaniamencie muzyki\u00a0<\/p>\n<p>od 11:00<span style=\"white-space: pre;\"> <\/span>\u00a0 \u00a0 \u00a0 \u00a0 \u00a0 \u00a0 \u00a0 \u00a0 <strong>\u0141\u00f3\u017ceczko Stollen<\/strong> otwarte w kolegiacie<span style=\"white-space: pre;\"> <\/span>\u00a0 \u00a0 \u00a0 \u00a0\u00a0<\/p>\n<p>od 13:00<span style=\"white-space: pre;\"> <\/span>\u00a0 \u00a0 \u00a0 \u00a0 \u00a0 \u00a0 \u00a0 \u00a0 <strong>Poczta Christkindl<\/strong> za \u017cyczenia dzieci dla Dzieci\u0105tka<br \/>14:00 - 16:00\u00a0 \u00a0 \u00a0 \u00a0<strong>Program dla dzieci<\/strong> w pracowni muzealnej opactwa Admont (1 pi\u0119tro muzeum) - zmiana czasu<\/p>\n<p>od 16:00<span style=\"white-space: pre;\"> <\/span>\u00a0 \u00a0 \u00a0 \u00a0 \u00a0 \u00a0 \u00a0 \u00a0 <strong>M\u0105drzy gracze wiatrowi<\/strong> MV Admont\/Hall zapewniaj\u0105 muzyczn\u0105 atmosfer\u0119 adwentu<\/p>\n<p>\u00a0<\/p>\n<p>\u00a0<\/p>\n<p>\u00a0<\/p>\n<h5 class=\"heading-m line line-above line--gold\"><strong>Niedziela, 07 grudnia<\/strong><\/h5>\n<p>\u00a0<\/p>\n<p>10:00\u00a0 \u00a0 \u00a0 \u00a0 \u00a0 \u00a0 \u00a0\u00a0<span style=\"white-space: pre;\"> <\/span>\u00a0 \u00a0 \u00a0 <strong>\u00a0 Msza \u015awi\u0119ta<\/strong> w ko\u015bciele kolegiackim<\/p>\n<p><span style=\"white-space: pre;\">10:00 - 19:00<\/span><span style=\"white-space: pre;\"> <\/span>\u00a0 \u00a0 \u00a0 <strong>Biblioteka klasztorna<\/strong> otwarte dla os\u00f3b z ograniczonym wst\u0119pem<\/p>\n<p>od 11:00\u00a0 \u00a0 \u00a0\u00a0<span style=\"white-space: pre;\"> <\/span>\u00a0 \u00a0 \u00a0 \u00a0<strong> \u00a0 \u0141\u00f3\u017ceczko Stollen<\/strong> otwarte w kolegiacie<br \/>od 11:00\u00a0 \u00a0 \u00a0 \u00a0 \u00a0 \u00a0 \u00a0 \u00a0 <strong>\u00a0Poczta Christkindl <\/strong>za \u017cyczenia dzieci dla Dzieci\u0105tka<\/p>\n<p>14:00 - 16:00<span style=\"white-space: pre;\"> <\/span>\u00a0 \u00a0 \u00a0<strong> Program dla dzieci<\/strong> w pracowni muzealnej opactwa Admont (1 pi\u0119tro muzeum) - zmiana czasu<br \/>14:00\u00a0 \u00a0 \u00a0 \u00a0 \u00a0 \u00a0 \u00a0 \u00a0 \u00a0 \u00a0 \u00a0 <strong>\u00a0\"Hoamat Advent\"<\/strong> z muzyk\u0105 i czytaniami pod kierunkiem Michaela Reitera w ko\u015bciele kolegiackim<\/p>\n<p>od 16:00<span style=\"white-space: pre;\"> <\/span>\u00a0 \u00a0 \u00a0 \u00a0 \u00a0 \u00a0 \u00a0 \u00a0 <strong>M\u0105drzy gracze wiatrowi <\/strong>MV Admont\/Hall i MV Weng<strong> <\/strong>stworzy\u0107 muzyczn\u0105 atmosfer\u0119 adwentu<strong><br \/><\/strong>17:30<strong>\u00a0 \u00a0 \u00a0 \u00a0 \u00a0 \u00a0 \u00a0 \u00a0 \u00a0 \u00a0 \u00a0 Nieszpory ch\u00f3ralne<\/strong> w ko\u015bciele kolegiackim<\/p>\n<p>\u00a0<\/p>\n<p>\u00a0<\/p>\n<h5>\u00a0<\/h5>\n<h5 class=\"heading-m line line-above line--gold\"><strong>Poniedzia\u0142ek, 08 grudnia<\/strong><\/h5>\n<p>\u00a0<\/p>\n<p>10:00<span style=\"white-space: pre;\"> <\/span>\u00a0 \u00a0 \u00a0 \u00a0 \u00a0 \u00a0 \u00a0 \u00a0 \u00a0 \u00a0 \u00a0 <strong>Msza \u015awi\u0119ta<\/strong> do pocz\u0119cia Maryi w ko\u015bciele kolegiackim\u00a0<\/p>\n<p>10:00 - 19:00 <span style=\"white-space: pre;\"> <\/span>\u00a0 \u00a0 \u00a0<strong>Biblioteka klasztorna <\/strong>otwarte dla os\u00f3b z ograniczonym wst\u0119pem<\/p>\n<p>od 11:00<span style=\"white-space: pre;\"> <\/span>\u00a0 \u00a0 \u00a0 \u00a0 \u00a0 \u00a0 \u00a0 \u00a0 <strong>\u0141\u00f3\u017ceczko Stollen<\/strong> otwarte w kolegiacie<\/p>\n<p>od 11:00<span style=\"white-space: pre;\"> <\/span>\u00a0 \u00a0 \u00a0 \u00a0 \u00a0 \u00a0 \u00a0 \u00a0 <strong>Poczta Christkindl<\/strong> za \u017cyczenia dzieci dla Dzieci\u0105tka<\/p>\n<p>14:00 - 16:00<span style=\"white-space: pre;\"> <\/span>\u00a0 \u00a0 \u00a0 <strong>Program dla dzieci<\/strong> w pracowni muzealnej opactwa Admont (1 pi\u0119tro muzeum) - zmiana czasu<\/p>\n<p>od 16:00<span style=\"white-space: pre;\"> <\/span>\u00a0 \u00a0 \u00a0 \u00a0 \u00a0 \u00a0 \u00a0 \u00a0 <strong>M\u0105drzy gracze wiatrowi<\/strong> MV Admont\/Hall i MV Weng zapewniaj\u0105 muzyczn\u0105 atmosfer\u0119 adwentu<\/p>\n<p>\u00a0<\/p>\n<p>\u00a0<\/p>\n<p>\u00a0<\/p>\n<h5 class=\"heading-m line line--gold line-above\"><strong>Pi\u0105tek, 12 grudnia<\/strong><\/h5>\n<p>\u00a0<\/p>\n<p>10:00 - 19:00\u00a0 \u00a0 \u00a0 <strong>\u00a0 \u00a0Biblioteka klasztorna<\/strong> otwarte dla os\u00f3b z ograniczonym wst\u0119pem<br \/>od 11:00\u00a0 \u00a0 \u00a0 \u00a0 \u00a0 \u00a0 \u00a0 \u00a0 \u00a0<strong> \u00a0\u0141\u00f3\u017ceczko Stollen<\/strong> otwarte w kolegiacie<br \/>od 11:00\u00a0 \u00a0 \u00a0 \u00a0 \u00a0 \u00a0 \u00a0 \u00a0 \u00a0 \u00a0<strong>Poczta Christkindl<\/strong> za \u017cyczenia dzieci dla Dzieci\u0105tka<br \/>od 13:00\u00a0 \u00a0 \u00a0 \u00a0 \u00a0 \u00a0 \u00a0 \u00a0<strong>\u00a0 \u00a0 Kawiarenka parafialna<\/strong> otwartej parafii Admont<br \/>14:00 - 16:00\u00a0 \u00a0 \u00a0 \u00a0<strong> \u00a0Program dla dzieci<\/strong> w pracowni muzealnej opactwa Admont (1 pi\u0119tro muzeum) - zmiana czasu<br \/>od 16:00\u00a0 \u00a0 \u00a0 \u00a0 \u00a0 \u00a0 \u00a0 \u00a0 <strong>\u00a0 \u00a0M\u0105drzy gracze wiatrowi <\/strong>MV Admont\/Hall i MV Weng zapewniaj\u0105 muzyczn\u0105 atmosfer\u0119 adwentu<\/p>\n<p>\u00a0<\/p>\n<p>\u00a0<\/p>\n<p>\u00a0<\/p>\n<h5 class=\"heading-m line line--gold line-above\"><strong>Sobota, 13 grudnia<\/strong><\/h5>\n<p>\u00a0<\/p>\n<p>10:00 - 19:00\u00a0 \u00a0 \u00a0 \u00a0 \u00a0 \u00a0<strong>Biblioteka klasztorna<\/strong> otwarte dla os\u00f3b z ograniczonym wst\u0119pem<br \/>od 11:00\u00a0 \u00a0 \u00a0 \u00a0 \u00a0 \u00a0 \u00a0 \u00a0 \u00a0 \u00a0 <strong>\u00a0\u0141\u00f3\u017ceczko Stollen<\/strong> otwarte w kolegiacie<br \/>od 11:00\u00a0 \u00a0 \u00a0 \u00a0 \u00a0 \u00a0 \u00a0 \u00a0 \u00a0 \u00a0 <strong>\u00a0Poczta Christkindl<\/strong> za \u017cyczenia dzieci dla Dzieci\u0105tka<br \/>od 13:00\u00a0 \u00a0 \u00a0 \u00a0 \u00a0 \u00a0 \u00a0 \u00a0 \u00a0 \u00a0 <strong>\u00a0Kawiarenka parafialna<\/strong> otwartej parafii Admont<br \/>14:00 - 16:00\u00a0 \u00a0 \u00a0 \u00a0 \u00a0 <strong>\u00a0Program dla dzieci<\/strong> w pracowni muzealnej opactwa Admont (1 pi\u0119tro muzeum) - zmiana czasu<br \/>15:00\u00a0 \u00a0 \u00a0 \u00a0 \u00a0 \u00a0 \u00a0 \u00a0 \u00a0 \u00a0 \u00a0 \u00a0 \u00a0 \u00a0<strong>Koncert \u015bwi\u0105teczny<\/strong> Towarzystwa Muzycznego Admont\/Hall w du\u017cym Stiftsfestsaal<br \/>od 16:00\u00a0 \u00a0 \u00a0 \u00a0 \u00a0 \u00a0 \u00a0 \u00a0 \u00a0 \u00a0 \u00a0<strong>M\u0105drzy gracze wiatrowi <\/strong>MV Weng zapewnia muzyczn\u0105 atmosfer\u0119 adwentu<br \/>18:00\u00a0 \u00a0 \u00a0 \u00a0 \u00a0 \u00a0 \u00a0 \u00a0 \u00a0 \u00a0 \u00a0 <strong>\u00a0 \u00a0 Pielgrzymka 13er<\/strong> a nast\u0119pnie procesja ze \u015bwiecami w ko\u015bciele kolegiackim<\/p>\n<p>\u00a0<\/p>\n<p>\u00a0<\/p>\n<p>\u00a0<\/p>\n<h5 class=\"heading-m line line--gold line-above\"><strong>Niedziela, 14 grudnia<\/strong><\/h5>\n<p>\u00a0<\/p>\n<p>10:00 - 19:00\u00a0 \u00a0 \u00a0 \u00a0 \u00a0 \u00a0<strong>\u00a0Biblioteka klasztorna<\/strong> otwarte dla os\u00f3b z ograniczonym wst\u0119pem<br \/>od 11:00\u00a0 \u00a0 \u00a0 \u00a0 \u00a0 \u00a0 \u00a0 \u00a0 \u00a0 \u00a0 \u00a0<strong>\u00a0\u0141\u00f3\u017ceczko Stollen<\/strong> otwarte w kolegiacie<br \/>od 11:00\u00a0 \u00a0 \u00a0 \u00a0 \u00a0 \u00a0 \u00a0 \u00a0 \u00a0 \u00a0 \u00a0 <strong>Poczta Christkindl<\/strong> za \u017cyczenia dzieci dla Dzieci\u0105tka<br \/>od 13:00\u00a0 \u00a0 \u00a0 \u00a0 \u00a0 \u00a0 \u00a0 \u00a0 \u00a0 \u00a0 \u00a0 <strong>Kawiarenka parafialna<\/strong> otwartej parafii Admont<br \/>14:00 - 16:00\u00a0 \u00a0 \u00a0 \u00a0 \u00a0 \u00a0 <strong>Program dla dzieci<\/strong> w pracowni muzealnej opactwa Admont (1 pi\u0119tro muzeum) - zmiana czasu<br \/>od 16:00\u00a0 \u00a0 \u00a0 \u00a0 \u00a0 \u00a0 \u00a0 \u00a0 \u00a0 \u00a0<strong>\u00a0 \u00a0M\u0105drzy gracze wiatrowi<\/strong> MV Admont\/Hall i MV Weng zapewniaj\u0105 muzyczn\u0105 atmosfer\u0119 adwentu<br \/>18:00\u00a0 \u00a0 \u00a0 \u00a0 \u00a0 \u00a0 \u00a0 \u00a0 \u00a0 \u00a0 \u00a0<strong> \u00a0 \u00a0 \u00a0Admont Advent Singing<\/strong> w ko\u015bciele kolegiackim<\/p>\n<\/div>\n                    \n                            <\/div>\n        \n            <\/div>\n<\/div>\n\n<\/section>","protected":false},"excerpt":{"rendered":"","protected":false},"author":20,"featured_media":0,"parent":21115,"menu_order":0,"comment_status":"closed","ping_status":"closed","template":"","meta":{"_acf_changed":false,"footnotes":""},"categories":[],"class_list":["post-21126","page","type-page","status-publish","hentry"],"acf":[],"yoast_head":"<!-- This site is optimized with the Yoast SEO Premium plugin v26.0 (Yoast SEO v26.8) - https:\/\/yoast.com\/product\/yoast-seo-premium-wordpress\/ -->\n<title>Programm - Stift Admont<\/title>\n<meta name=\"robots\" content=\"index, follow, max-snippet:-1, max-image-preview:large, max-video-preview:-1\" \/>\n<link rel=\"canonical\" href=\"https:\/\/stiftadmont.at\/pl\/adwent-w-opactwie-admont\/program-adwentowy\/\" \/>\n<meta property=\"og:locale\" content=\"pl_PL\" \/>\n<meta property=\"og:type\" content=\"article\" \/>\n<meta property=\"og:title\" content=\"Programm\" \/>\n<meta property=\"og:url\" content=\"https:\/\/stiftadmont.at\/pl\/adwent-w-opactwie-admont\/program-adwentowy\/\" \/>\n<meta property=\"og:site_name\" content=\"Stift Admont\" \/>\n<meta property=\"article:modified_time\" content=\"2025-12-12T10:32:12+00:00\" \/>\n<meta property=\"og:image\" content=\"https:\/\/stiftadmont.at\/wp-content\/uploads\/Klosteranlage-innen.jpg\" \/>\n\t<meta property=\"og:image:width\" content=\"1912\" \/>\n\t<meta property=\"og:image:height\" content=\"1188\" \/>\n\t<meta property=\"og:image:type\" content=\"image\/jpeg\" \/>\n<meta name=\"twitter:card\" content=\"summary_large_image\" \/>\n<script type=\"application\/ld+json\" class=\"yoast-schema-graph\">{\"@context\":\"https:\/\/schema.org\",\"@graph\":[{\"@type\":\"WebPage\",\"@id\":\"https:\/\/stiftadmont.at\/advent-im-stift-admont\/advent-programm\/\",\"url\":\"https:\/\/stiftadmont.at\/advent-im-stift-admont\/advent-programm\/\",\"name\":\"Programm - Stift Admont\",\"isPartOf\":{\"@id\":\"https:\/\/stiftadmont.at\/#website\"},\"datePublished\":\"2023-09-25T12:24:52+00:00\",\"dateModified\":\"2025-12-12T10:32:12+00:00\",\"breadcrumb\":{\"@id\":\"https:\/\/stiftadmont.at\/advent-im-stift-admont\/advent-programm\/#breadcrumb\"},\"inLanguage\":\"pl-PL\",\"potentialAction\":[{\"@type\":\"ReadAction\",\"target\":[\"https:\/\/stiftadmont.at\/advent-im-stift-admont\/advent-programm\/\"]}]},{\"@type\":\"BreadcrumbList\",\"@id\":\"https:\/\/stiftadmont.at\/advent-im-stift-admont\/advent-programm\/#breadcrumb\",\"itemListElement\":[{\"@type\":\"ListItem\",\"position\":1,\"name\":\"Start\",\"item\":\"https:\/\/stiftadmont.at\/\"},{\"@type\":\"ListItem\",\"position\":2,\"name\":\"Advent im Stift Admont\",\"item\":\"https:\/\/stiftadmont.at\/advent-im-stift-admont\/\"},{\"@type\":\"ListItem\",\"position\":3,\"name\":\"Programm\"}]},{\"@type\":\"WebSite\",\"@id\":\"https:\/\/stiftadmont.at\/#website\",\"url\":\"https:\/\/stiftadmont.at\/\",\"name\":\"Stift Admont\",\"description\":\"Benediktinerkloster und Sehensw\u00fcrdigkeit im Ges\u00e4use\",\"potentialAction\":[{\"@type\":\"SearchAction\",\"target\":{\"@type\":\"EntryPoint\",\"urlTemplate\":\"https:\/\/stiftadmont.at\/?s={search_term_string}\"},\"query-input\":{\"@type\":\"PropertyValueSpecification\",\"valueRequired\":true,\"valueName\":\"search_term_string\"}}],\"inLanguage\":\"pl-PL\"}]}<\/script>\n<!-- \/ Yoast SEO Premium plugin. -->","yoast_head_json":{"title":"Program - Opactwo Admont","robots":{"index":"index","follow":"follow","max-snippet":"max-snippet:-1","max-image-preview":"max-image-preview:large","max-video-preview":"max-video-preview:-1"},"canonical":"https:\/\/stiftadmont.at\/pl\/adwent-w-opactwie-admont\/program-adwentowy\/","og_locale":"pl_PL","og_type":"article","og_title":"Programm","og_url":"https:\/\/stiftadmont.at\/pl\/adwent-w-opactwie-admont\/program-adwentowy\/","og_site_name":"Stift Admont","article_modified_time":"2025-12-12T10:32:12+00:00","og_image":[{"width":1912,"height":1188,"url":"https:\/\/stiftadmont.at\/wp-content\/uploads\/Klosteranlage-innen.jpg","type":"image\/jpeg"}],"twitter_card":"summary_large_image","schema":{"@context":"https:\/\/schema.org","@graph":[{"@type":"WebPage","@id":"https:\/\/stiftadmont.at\/advent-im-stift-admont\/advent-programm\/","url":"https:\/\/stiftadmont.at\/advent-im-stift-admont\/advent-programm\/","name":"Program - Opactwo Admont","isPartOf":{"@id":"https:\/\/stiftadmont.at\/#website"},"datePublished":"2023-09-25T12:24:52+00:00","dateModified":"2025-12-12T10:32:12+00:00","breadcrumb":{"@id":"https:\/\/stiftadmont.at\/advent-im-stift-admont\/advent-programm\/#breadcrumb"},"inLanguage":"pl-PL","potentialAction":[{"@type":"ReadAction","target":["https:\/\/stiftadmont.at\/advent-im-stift-admont\/advent-programm\/"]}]},{"@type":"BreadcrumbList","@id":"https:\/\/stiftadmont.at\/advent-im-stift-admont\/advent-programm\/#breadcrumb","itemListElement":[{"@type":"ListItem","position":1,"name":"Start","item":"https:\/\/stiftadmont.at\/"},{"@type":"ListItem","position":2,"name":"Advent im Stift Admont","item":"https:\/\/stiftadmont.at\/advent-im-stift-admont\/"},{"@type":"ListItem","position":3,"name":"Programm"}]},{"@type":"WebSite","@id":"https:\/\/stiftadmont.at\/#website","url":"https:\/\/stiftadmont.at\/","name":"Opactwo Admont","description":"Benedykty\u0144ski klasztor i atrakcja turystyczna w Ges\u00e4use","potentialAction":[{"@type":"SearchAction","target":{"@type":"EntryPoint","urlTemplate":"https:\/\/stiftadmont.at\/?s={search_term_string}"},"query-input":{"@type":"PropertyValueSpecification","valueRequired":true,"valueName":"search_term_string"}}],"inLanguage":"pl-PL"}]}},"_links":{"self":[{"href":"https:\/\/stiftadmont.at\/pl\/wp-json\/wp\/v2\/pages\/21126","targetHints":{"allow":["GET"]}}],"collection":[{"href":"https:\/\/stiftadmont.at\/pl\/wp-json\/wp\/v2\/pages"}],"about":[{"href":"https:\/\/stiftadmont.at\/pl\/wp-json\/wp\/v2\/types\/page"}],"author":[{"embeddable":true,"href":"https:\/\/stiftadmont.at\/pl\/wp-json\/wp\/v2\/users\/20"}],"replies":[{"embeddable":true,"href":"https:\/\/stiftadmont.at\/pl\/wp-json\/wp\/v2\/comments?post=21126"}],"version-history":[{"count":153,"href":"https:\/\/stiftadmont.at\/pl\/wp-json\/wp\/v2\/pages\/21126\/revisions"}],"predecessor-version":[{"id":38642,"href":"https:\/\/stiftadmont.at\/pl\/wp-json\/wp\/v2\/pages\/21126\/revisions\/38642"}],"up":[{"embeddable":true,"href":"https:\/\/stiftadmont.at\/pl\/wp-json\/wp\/v2\/pages\/21115"}],"wp:attachment":[{"href":"https:\/\/stiftadmont.at\/pl\/wp-json\/wp\/v2\/media?parent=21126"}],"wp:term":[{"taxonomy":"category","embeddable":true,"href":"https:\/\/stiftadmont.at\/pl\/wp-json\/wp\/v2\/categories?post=21126"}],"curies":[{"name":"wp","href":"https:\/\/api.w.org\/{rel}","templated":true}]}}