{"id":21165,"date":"2023-10-06T09:29:09","date_gmt":"2023-10-06T07:29:09","guid":{"rendered":"https:\/\/stiftadmont.at\/?page_id=21165"},"modified":"2025-01-31T11:29:31","modified_gmt":"2025-01-31T09:29:31","slug":"przybycie","status":"publish","type":"page","link":"https:\/\/stiftadmont.at\/pl\/advent-im-stift-admont\/anreise\/","title":{"rendered":"Podr\u00f3\u017c adwentowa"},"content":{"rendered":"<section id='lightpress__section--block_92a88e4cad7741a544575346a8e1dc7e' class='lightpress__section--default-section-space lightpress__section lightpress__section--content'><div class=\"content__inner\"\n         x-init=\"initContentBlockAnim($el)\">\n        \n    <div class=\"content__grid content__grid--fifty-fifty\">\n                                            <div class=\"content__box content__box\"\n                 style=\"\">\n                                \n                \n                                            <div class=\"prose\"><h5 class=\"heading-m line line-above line--gold\">Podr\u00f3\u017c samochodem<\/h5>\n<p>\u00a0<\/p>\n<p class=\"paragraph-m\">- <strong>Podr\u00f3\u017c samochodem z Wiednia<\/strong> po\u0142udniow\u0105 autostrad\u0105 A2, S6 i Phyrnautobahn A9, zjazd Admont (czas przejazdu: ok. 2,5 godziny)<\/p>\n<p class=\"paragraph-m\">- <strong>Podr\u00f3\u017c samochodem z Graz i Linz<\/strong> autostrad\u0105 A9 Pyhrn, zjazd Admont (czas przejazdu: ok. 1 \u00bc godziny)<\/p>\n<p class=\"paragraph-m\">- <strong>Podr\u00f3\u017c samochodem z Salzburga<\/strong> autostrad\u0105 Tauern A10 i drog\u0105 federaln\u0105 Ennstal B146 przez Schladming-Liezen (czas przejazdu: ok. 1 \u00be godziny)<\/p>\n<\/div>\n                    \n                            <\/div>\n        \n                                                    <div class=\"content__box content__box--2\"\n                     >\n                                        \n                    \n                                                    <div class=\"prose\"><h5 class=\"heading-m line line-above line--gold\">Podr\u00f3\u017c poci\u0105giem<\/h5>\n<p>\u00a0<\/p>\n<p class=\"paragraph-m\">- <strong>Podr\u00f3\u017c poci\u0105giem z Wiednia<\/strong> S\u00fcdbahnhof przez Semmering do Liezen. W weekendy i \u015bwi\u0119ta bezpo\u015brednio z\/do Wiednia przez Amstetten do Admont.<\/p>\n<p class=\"paragraph-m\">- <strong>Podr\u00f3\u017c poci\u0105giem z Graz<\/strong> Dworzec g\u0142\u00f3wny-Bruck\/Mur-Leoben-Liezen, podr\u00f3\u017cuj\u0105c z dworca g\u0142\u00f3wnego Linz do Ardning.<\/p>\n<p class=\"paragraph-m\">- <strong>Podr\u00f3\u017c z Salzburga <\/strong>Dworzec g\u0142\u00f3wny przez Bischofshofen do Liezen. Z Liezen i Ardning mo\u017cna kontynuowa\u0107 podr\u00f3\u017c regionalnymi liniami autobusowymi.<\/p>\n<\/div>\n                        \n                                    <\/div>\n            \n            <\/div>\n<\/div>\n\n<\/section>","protected":false},"excerpt":{"rendered":"","protected":false},"author":20,"featured_media":0,"parent":21115,"menu_order":0,"comment_status":"closed","ping_status":"closed","template":"","meta":{"_acf_changed":false,"footnotes":""},"categories":[],"class_list":["post-21165","page","type-page","status-publish","hentry"],"acf":[],"yoast_head":"<!-- This site is optimized with the Yoast SEO Premium plugin v26.0 (Yoast SEO v26.8) - https:\/\/yoast.com\/product\/yoast-seo-premium-wordpress\/ -->\n<title>Advent-Anreise - Stift Admont<\/title>\n<meta name=\"robots\" content=\"index, follow, max-snippet:-1, max-image-preview:large, max-video-preview:-1\" \/>\n<link rel=\"canonical\" href=\"https:\/\/stiftadmont.at\/pl\/adwent-w-opactwie-admont\/przybycie\/\" \/>\n<meta property=\"og:locale\" content=\"pl_PL\" \/>\n<meta property=\"og:type\" content=\"article\" \/>\n<meta property=\"og:title\" content=\"Advent-Anreise\" \/>\n<meta property=\"og:url\" content=\"https:\/\/stiftadmont.at\/pl\/adwent-w-opactwie-admont\/przybycie\/\" \/>\n<meta property=\"og:site_name\" content=\"Stift Admont\" \/>\n<meta property=\"article:modified_time\" content=\"2025-01-31T09:29:31+00:00\" \/>\n<meta property=\"og:image\" content=\"https:\/\/stiftadmont.at\/wp-content\/uploads\/Klosteranlage-innen.jpg\" \/>\n\t<meta property=\"og:image:width\" content=\"1912\" \/>\n\t<meta property=\"og:image:height\" content=\"1188\" \/>\n\t<meta property=\"og:image:type\" content=\"image\/jpeg\" \/>\n<meta name=\"twitter:card\" content=\"summary_large_image\" \/>\n<script type=\"application\/ld+json\" class=\"yoast-schema-graph\">{\"@context\":\"https:\/\/schema.org\",\"@graph\":[{\"@type\":\"WebPage\",\"@id\":\"https:\/\/stiftadmont.at\/advent-im-stift-admont\/anreise\/\",\"url\":\"https:\/\/stiftadmont.at\/advent-im-stift-admont\/anreise\/\",\"name\":\"Advent-Anreise - Stift Admont\",\"isPartOf\":{\"@id\":\"https:\/\/stiftadmont.at\/#website\"},\"datePublished\":\"2023-10-06T07:29:09+00:00\",\"dateModified\":\"2025-01-31T09:29:31+00:00\",\"breadcrumb\":{\"@id\":\"https:\/\/stiftadmont.at\/advent-im-stift-admont\/anreise\/#breadcrumb\"},\"inLanguage\":\"pl-PL\",\"potentialAction\":[{\"@type\":\"ReadAction\",\"target\":[\"https:\/\/stiftadmont.at\/advent-im-stift-admont\/anreise\/\"]}]},{\"@type\":\"BreadcrumbList\",\"@id\":\"https:\/\/stiftadmont.at\/advent-im-stift-admont\/anreise\/#breadcrumb\",\"itemListElement\":[{\"@type\":\"ListItem\",\"position\":1,\"name\":\"Start\",\"item\":\"https:\/\/stiftadmont.at\/\"},{\"@type\":\"ListItem\",\"position\":2,\"name\":\"Advent im Stift Admont\",\"item\":\"https:\/\/stiftadmont.at\/advent-im-stift-admont\/\"},{\"@type\":\"ListItem\",\"position\":3,\"name\":\"Advent-Anreise\"}]},{\"@type\":\"WebSite\",\"@id\":\"https:\/\/stiftadmont.at\/#website\",\"url\":\"https:\/\/stiftadmont.at\/\",\"name\":\"Stift Admont\",\"description\":\"Benediktinerkloster und Sehensw\u00fcrdigkeit im Ges\u00e4use\",\"potentialAction\":[{\"@type\":\"SearchAction\",\"target\":{\"@type\":\"EntryPoint\",\"urlTemplate\":\"https:\/\/stiftadmont.at\/?s={search_term_string}\"},\"query-input\":{\"@type\":\"PropertyValueSpecification\",\"valueRequired\":true,\"valueName\":\"search_term_string\"}}],\"inLanguage\":\"pl-PL\"}]}<\/script>\n<!-- \/ Yoast SEO Premium plugin. -->","yoast_head_json":{"title":"Adwentowa podr\u00f3\u017c - Opactwo Admont","robots":{"index":"index","follow":"follow","max-snippet":"max-snippet:-1","max-image-preview":"max-image-preview:large","max-video-preview":"max-video-preview:-1"},"canonical":"https:\/\/stiftadmont.at\/pl\/adwent-w-opactwie-admont\/przybycie\/","og_locale":"pl_PL","og_type":"article","og_title":"Advent-Anreise","og_url":"https:\/\/stiftadmont.at\/pl\/adwent-w-opactwie-admont\/przybycie\/","og_site_name":"Stift Admont","article_modified_time":"2025-01-31T09:29:31+00:00","og_image":[{"width":1912,"height":1188,"url":"https:\/\/stiftadmont.at\/wp-content\/uploads\/Klosteranlage-innen.jpg","type":"image\/jpeg"}],"twitter_card":"summary_large_image","schema":{"@context":"https:\/\/schema.org","@graph":[{"@type":"WebPage","@id":"https:\/\/stiftadmont.at\/advent-im-stift-admont\/anreise\/","url":"https:\/\/stiftadmont.at\/advent-im-stift-admont\/anreise\/","name":"Adwentowa podr\u00f3\u017c - Opactwo Admont","isPartOf":{"@id":"https:\/\/stiftadmont.at\/#website"},"datePublished":"2023-10-06T07:29:09+00:00","dateModified":"2025-01-31T09:29:31+00:00","breadcrumb":{"@id":"https:\/\/stiftadmont.at\/advent-im-stift-admont\/anreise\/#breadcrumb"},"inLanguage":"pl-PL","potentialAction":[{"@type":"ReadAction","target":["https:\/\/stiftadmont.at\/advent-im-stift-admont\/anreise\/"]}]},{"@type":"BreadcrumbList","@id":"https:\/\/stiftadmont.at\/advent-im-stift-admont\/anreise\/#breadcrumb","itemListElement":[{"@type":"ListItem","position":1,"name":"Start","item":"https:\/\/stiftadmont.at\/"},{"@type":"ListItem","position":2,"name":"Advent im Stift Admont","item":"https:\/\/stiftadmont.at\/advent-im-stift-admont\/"},{"@type":"ListItem","position":3,"name":"Advent-Anreise"}]},{"@type":"WebSite","@id":"https:\/\/stiftadmont.at\/#website","url":"https:\/\/stiftadmont.at\/","name":"Opactwo Admont","description":"Benedykty\u0144ski klasztor i atrakcja turystyczna w Ges\u00e4use","potentialAction":[{"@type":"SearchAction","target":{"@type":"EntryPoint","urlTemplate":"https:\/\/stiftadmont.at\/?s={search_term_string}"},"query-input":{"@type":"PropertyValueSpecification","valueRequired":true,"valueName":"search_term_string"}}],"inLanguage":"pl-PL"}]}},"_links":{"self":[{"href":"https:\/\/stiftadmont.at\/pl\/wp-json\/wp\/v2\/pages\/21165","targetHints":{"allow":["GET"]}}],"collection":[{"href":"https:\/\/stiftadmont.at\/pl\/wp-json\/wp\/v2\/pages"}],"about":[{"href":"https:\/\/stiftadmont.at\/pl\/wp-json\/wp\/v2\/types\/page"}],"author":[{"embeddable":true,"href":"https:\/\/stiftadmont.at\/pl\/wp-json\/wp\/v2\/users\/20"}],"replies":[{"embeddable":true,"href":"https:\/\/stiftadmont.at\/pl\/wp-json\/wp\/v2\/comments?post=21165"}],"version-history":[{"count":16,"href":"https:\/\/stiftadmont.at\/pl\/wp-json\/wp\/v2\/pages\/21165\/revisions"}],"predecessor-version":[{"id":32544,"href":"https:\/\/stiftadmont.at\/pl\/wp-json\/wp\/v2\/pages\/21165\/revisions\/32544"}],"up":[{"embeddable":true,"href":"https:\/\/stiftadmont.at\/pl\/wp-json\/wp\/v2\/pages\/21115"}],"wp:attachment":[{"href":"https:\/\/stiftadmont.at\/pl\/wp-json\/wp\/v2\/media?parent=21165"}],"wp:term":[{"taxonomy":"category","embeddable":true,"href":"https:\/\/stiftadmont.at\/pl\/wp-json\/wp\/v2\/categories?post=21165"}],"curies":[{"name":"wp","href":"https:\/\/api.w.org\/{rel}","templated":true}]}}