{"id":21181,"date":"2023-10-06T09:20:52","date_gmt":"2023-10-06T07:20:52","guid":{"rendered":"https:\/\/stiftadmont.at\/?page_id=21181"},"modified":"2025-05-26T13:52:51","modified_gmt":"2025-05-26T11:52:51","slug":"partner-adwentowy","status":"publish","type":"page","link":"https:\/\/stiftadmont.at\/pl\/advent-im-stift-admont\/advent-partner\/","title":{"rendered":"Advent Partner"},"content":{"rendered":"<section id='lightpress__section--block_fef7ab90673e9a2c3c298d16a71bb986' class='lightpress__section--default-section-space lightpress__section lightpress__section--content'><div class=\"content__inner\"\n         x-init=\"initContentBlockAnim($el)\">\n        \n    <div class=\"content__grid content__grid\">\n                                            <div class=\"content__box content__box--one-hundred\"\n                 style=\"\">\n                                \n                \n                                            <div class=\"prose\"><h5 class=\"heading-m line line-above line--gold\">Opactwo benedyktyn\u00f3w Admont<\/h5>\n<p>\u00a0<\/p>\n<p class=\"paragraph-m\">Dla wi\u0119kszo\u015bci go\u015bci wra\u017cenie p\u00f3\u017anobarokowej biblioteki zapiera dech w piersiach. Jest to najwi\u0119ksza sala biblioteki klasztornej na \u015bwiecie. \u017bywy dialog mi\u0119dzy tradycj\u0105 a innowacj\u0105 mo\u017cna do\u015bwiadczy\u0107 w tre\u015bci wystawy, projekcie wystawy i daleko poza ni\u0105. Sztuka wsp\u00f3\u0142czesna znajduje si\u0119 w centrum kolekcji. Zam\u00f3wione dzie\u0142a sztuki w ramach wewn\u0119trznego programu MADE FOR ADMONT stanowi\u0105 centralny punkt. Specjalna kolekcja JENSEITS DES SEHENS - KUNST VERBINDET BLINDE UND SEHENDE jest wyj\u0105tkowa.<\/p>\n<p>\u00a0<\/p>\n<p>\u00a0<\/p>\n<h5 class=\"heading-m line line-above line--gold\">Stowarzyszenie Turystyczne Ges\u00e4use<\/h5>\n<p>\u00a0<\/p>\n<p class=\"paragraph-m\">Tam, gdzie dzikie wody rzek Salza i Enns spotykaj\u0105 si\u0119 z pot\u0119\u017cnymi skalnymi \u015bcianami g\u00f3r Ges\u00e4use, jedyny park narodowy spotyka si\u0119 z najwi\u0119kszym parkiem przyrody w Styrii, a tysi\u0105cletnia wysoka kultura opactwa Admont spotyka si\u0119 z r\u00f3wnie star\u0105 kultur\u0105 ludow\u0105 - to w\u0142a\u015bnie jest Ges\u00e4use. Niezale\u017cnie od tego, czy chodzi o turystyk\u0119 piesz\u0105, wspinaczk\u0119 g\u00f3rsk\u0105, przygody z bia\u0142\u0105 wod\u0105 czy rozrywk\u0119 kulturaln\u0105: Ges\u00e4use nie daje ci listy kontrolnej do odhaczenia. To miejsce Twoich w\u0142asnych mo\u017cliwo\u015bci, aby\u015b i Ty m\u00f3g\u0142 w ko\u0144cu powiedzie\u0107. Ges\u00e4use daje ci si\u0142\u0119...<\/p>\n<p>\u00a0<\/p>\n<p>\u00a0<\/p>\n<h5 class=\"heading-m line line-above line--gold\">DVERI PAX<\/h5>\n<p>\u00a0<\/p>\n<p class=\"paragraph-m\">W winnicy Dveri-Pax w p\u00f3\u0142nocno-wschodniej S\u0142owenii kontynuujemy ponad 800-letni\u0105 tradycj\u0119 winiarsk\u0105 benedyktyn\u00f3w z Admont. Nasze winnice zajmuj\u0105 73 hektary, a my pracujemy z wielkim szacunkiem dla natury i tradycji, a tak\u017ce z wyczuciem trend\u00f3w. Najwy\u017csza jako\u015b\u0107 naszych win zosta\u0142a doceniona licznymi nagrodami i najbardziej presti\u017cowymi ocenami na ca\u0142ym \u015bwiecie.<\/p>\n<p>\u00a0<\/p>\n<p>\u00a0<\/p>\n<h5 class=\"heading-m line line-above line--gold\">Kaiserau<\/h5>\n<p>\u00a0<\/p>\n<p class=\"paragraph-m\">Na po\u0142udnie od Admont, na wysoko\u015bci oko\u0142o 1100 metr\u00f3w nad poziomem morza, wznosi si\u0119 rozleg\u0142y p\u0142askowy\u017c - uroczy naturalny krajobraz Kaiserau. Uderzaj\u0105cy Admont Kalbling i jego okolice oferuj\u0105 idealne warunki dla w\u0119drowc\u00f3w, alpinist\u00f3w i mi\u0142o\u015bnik\u00f3w przyrody! Z trzema wyci\u0105gami i magicznymi dywanami w Raiffeisen-Kinderland, ma\u0142y, ale pi\u0119kny teren narciarski na cudownym p\u0142askowy\u017cu Kaiserau jest NAJLEPSZYM terenem narciarskim w regionie i cz\u0142onkiem stowarzyszenia Schneeb\u00e4renland!<\/p>\n<p>\u00a0<\/p>\n<p>\u00a0<\/p>\n<h5 class=\"heading-m line line-above line--gold\">Miasto targowe Admont<\/h5>\n<p>\u00a0<\/p>\n<p class=\"paragraph-m\">Admont, znany r\u00f3wnie\u017c jako \"brama do Parku Narodowego Ges\u00e4use\", le\u017cy w szerokiej dolinie w dolinie Enns. Za\u0142o\u017cony w 1074 roku klasztor benedyktyn\u00f3w jest domem dla najwi\u0119kszej biblioteki klasztornej - osadzonej w nowoczesnym krajobrazie muzealnym - na \u015bwiecie. Inne atrakcje kulturalne obejmuj\u0105 coroczne wystawy specjalne i neogotyck\u0105 kolegiat\u0119. Admont jest miastem targowym od 1443 roku i by\u0142o...<\/p>\n<p>\u00a0<\/p>\n<p>\u00a0<\/p>\n<h5 class=\"heading-m line line-above line--gold\">Park Narodowy Ges\u00e4use<\/h5>\n<p>\u00a0<\/p>\n<p class=\"paragraph-m\">Park Narodowy Ges\u00e4use obejmuje zar\u00f3wno Ges\u00e4use, czyli szalej\u0105c\u0105 dzik\u0105 rzek\u0119 Enns z jej monumentaln\u0105 prze\u0142omow\u0105 dolin\u0105 mi\u0119dzy Admont i Hieflau, jak i otaczaj\u0105ce j\u0105 \"G\u00f3ry Ges\u00e4use\", kt\u00f3re wznosz\u0105 si\u0119 ponad ciemnym dnem doliny Enns jako dziko chropowate, uderzaj\u0105ce wysokie g\u00f3ry z wapiennymi, chropowatymi \u015bcianami skalnymi i dziwacznymi grzbietami, tworz\u0105c naprawd\u0119 wspania\u0142\u0105 sceneri\u0119. Park Narodowy Ges\u00e4use jest trzecim co do wielko\u015bci parkiem narodowym w Austrii. Znajduje si\u0119 w Alpach Ennstal\/Ges\u00e4use i zasadniczo obejmuje dwa pasma g\u00f3rskie Buchsteinmassiv i Hochtorgruppe....<\/p>\n<p>\u00a0<\/p>\n<p>\u00a0<\/p>\n<h5 class=\"heading-m line line-above line--gold\">Grawe<\/h5>\n<p>\u00a0<\/p>\n<p class=\"paragraph-m\">\"W jedno\u015bci wielu le\u017cy si\u0142a, kt\u00f3ra przynosi dobro. Zadaniem ka\u017cdego jest przyczynianie si\u0119 do tego.\" (Arcyksi\u0105\u017c\u0119 Jan, 1846)<\/p>\n<p class=\"paragraph-m\">Arcyksi\u0105\u017c\u0119 Johann uzna\u0142, \u017ce trzeba si\u0119 zjednoczy\u0107, aby by\u0107 silnym i za\u0142o\u017cy\u0142 Grazer Wechselseitige jako towarzystwo ubezpiecze\u0144 wzajemnych. Dzi\u015b, po oko\u0142o 190 latach istnienia, pierwotna idea za\u0142o\u017cycielska wsp\u00f3lnej odpowiedzialno\u015bci jest bardziej aktualna ni\u017c kiedykolwiek: egzystencja ekonomiczna mo\u017ce by\u0107 zapewniona tylko poprzez terminowe \u015bwiadczenie us\u0142ug.<\/p>\n<p>\u00a0<\/p>\n<p>\u00a0<\/p>\n<h5 class=\"heading-m line line-above line--gold\">Envesta<\/h5>\n<p>\u00a0<\/p>\n<p class=\"paragraph-m\">W czasach \"rewolucji energetycznej\" ENVESTA jest liderem w zakresie przyjaznego dla \u015brodowiska wytwarzania energii z krajowych i odnawialnych \u017ar\u00f3de\u0142: Energia wodna, fotowoltaika i biomasa stanowi\u0105 podstaw\u0119 produkcji energii. Krajowe i odnawialne \u017ar\u00f3d\u0142a energii s\u0105 zatem optymalnie wykorzystywane w regionie i przyczyniaj\u0105 si\u0119 do przyjaznej dla \u015brodowiska produkcji energii. Obecnie elektrownie ENVESTA generuj\u0105 oko\u0142o 50 milion\u00f3w kWh rocznie i zaopatruj\u0105 du\u017c\u0105 spo\u0142eczno\u015b\u0107 Admont, ...<\/p>\n<p>\u00a0<\/p>\n<p>\u00a0<\/p>\n<h5 class=\"heading-m line line-above line--gold\">Raiffeisenbank Region Liezen<\/h5>\n<p>\u00a0<\/p>\n<p class=\"paragraph-m\">Od 1865 roku staramy si\u0119 spe\u0142nia\u0107 specjalne wymagania naszych klient\u00f3w. Nasza przestrze\u0144 \u017cyciowa musi by\u0107 w harmonii z lud\u017ami i natur\u0105, a nowoczesne technologie to umo\u017cliwiaj\u0105. Chcemy, aby nasi klienci czuli si\u0119 komfortowo w swoich domach. Wymaga to sprawnie dzia\u0142aj\u0105cych proces\u00f3w i technologii, kt\u00f3re gwarantuj\u0105 beztroskie \u017cycie. Wa\u017cne jest dla nas, aby wykorzystywa\u0107 nasz\u0105 wiedz\u0119 tam, gdzie jest ona potrzebna. Realizujemy rozwi\u0105zania od dom\u00f3w jednorodzinnych po elektrownie przemys\u0142owe. Do\u015bwiadczenie, kt\u00f3re zdobywamy w tym procesie, przek\u0142ada si\u0119 na ka\u017cdy obszar naszej pracy.<\/p>\n<\/div>\n                    \n                            <\/div>\n        \n            <\/div>\n<\/div>\n\n<\/section>","protected":false},"excerpt":{"rendered":"","protected":false},"author":20,"featured_media":0,"parent":21115,"menu_order":0,"comment_status":"closed","ping_status":"closed","template":"","meta":{"_acf_changed":false,"footnotes":""},"categories":[],"class_list":["post-21181","page","type-page","status-publish","hentry"],"acf":[],"yoast_head":"<!-- This site is optimized with the Yoast SEO Premium plugin v26.0 (Yoast SEO v26.8) - https:\/\/yoast.com\/product\/yoast-seo-premium-wordpress\/ -->\n<title>Advent-Partner - Stift Admont<\/title>\n<meta name=\"robots\" content=\"index, follow, max-snippet:-1, max-image-preview:large, max-video-preview:-1\" \/>\n<link rel=\"canonical\" href=\"https:\/\/stiftadmont.at\/pl\/adwent-w-opactwie-admont\/partner-adwentowy\/\" \/>\n<meta property=\"og:locale\" content=\"pl_PL\" \/>\n<meta property=\"og:type\" content=\"article\" \/>\n<meta property=\"og:title\" content=\"Advent-Partner\" \/>\n<meta property=\"og:url\" content=\"https:\/\/stiftadmont.at\/pl\/adwent-w-opactwie-admont\/partner-adwentowy\/\" \/>\n<meta property=\"og:site_name\" content=\"Stift Admont\" \/>\n<meta property=\"article:modified_time\" content=\"2025-05-26T11:52:51+00:00\" \/>\n<meta property=\"og:image\" content=\"https:\/\/stiftadmont.at\/wp-content\/uploads\/Klosteranlage-innen.jpg\" \/>\n\t<meta property=\"og:image:width\" content=\"1912\" \/>\n\t<meta property=\"og:image:height\" content=\"1188\" \/>\n\t<meta property=\"og:image:type\" content=\"image\/jpeg\" \/>\n<meta name=\"twitter:card\" content=\"summary_large_image\" \/>\n<script type=\"application\/ld+json\" class=\"yoast-schema-graph\">{\"@context\":\"https:\/\/schema.org\",\"@graph\":[{\"@type\":\"WebPage\",\"@id\":\"https:\/\/stiftadmont.at\/advent-im-stift-admont\/advent-partner\/\",\"url\":\"https:\/\/stiftadmont.at\/advent-im-stift-admont\/advent-partner\/\",\"name\":\"Advent-Partner - Stift Admont\",\"isPartOf\":{\"@id\":\"https:\/\/stiftadmont.at\/#website\"},\"datePublished\":\"2023-10-06T07:20:52+00:00\",\"dateModified\":\"2025-05-26T11:52:51+00:00\",\"breadcrumb\":{\"@id\":\"https:\/\/stiftadmont.at\/advent-im-stift-admont\/advent-partner\/#breadcrumb\"},\"inLanguage\":\"pl-PL\",\"potentialAction\":[{\"@type\":\"ReadAction\",\"target\":[\"https:\/\/stiftadmont.at\/advent-im-stift-admont\/advent-partner\/\"]}]},{\"@type\":\"BreadcrumbList\",\"@id\":\"https:\/\/stiftadmont.at\/advent-im-stift-admont\/advent-partner\/#breadcrumb\",\"itemListElement\":[{\"@type\":\"ListItem\",\"position\":1,\"name\":\"Start\",\"item\":\"https:\/\/stiftadmont.at\/\"},{\"@type\":\"ListItem\",\"position\":2,\"name\":\"Advent im Stift Admont\",\"item\":\"https:\/\/stiftadmont.at\/advent-im-stift-admont\/\"},{\"@type\":\"ListItem\",\"position\":3,\"name\":\"Advent-Partner\"}]},{\"@type\":\"WebSite\",\"@id\":\"https:\/\/stiftadmont.at\/#website\",\"url\":\"https:\/\/stiftadmont.at\/\",\"name\":\"Stift Admont\",\"description\":\"Benediktinerkloster und Sehensw\u00fcrdigkeit im Ges\u00e4use\",\"potentialAction\":[{\"@type\":\"SearchAction\",\"target\":{\"@type\":\"EntryPoint\",\"urlTemplate\":\"https:\/\/stiftadmont.at\/?s={search_term_string}\"},\"query-input\":{\"@type\":\"PropertyValueSpecification\",\"valueRequired\":true,\"valueName\":\"search_term_string\"}}],\"inLanguage\":\"pl-PL\"}]}<\/script>\n<!-- \/ Yoast SEO Premium plugin. -->","yoast_head_json":{"title":"Advent Partner - Admont Abbey","robots":{"index":"index","follow":"follow","max-snippet":"max-snippet:-1","max-image-preview":"max-image-preview:large","max-video-preview":"max-video-preview:-1"},"canonical":"https:\/\/stiftadmont.at\/pl\/adwent-w-opactwie-admont\/partner-adwentowy\/","og_locale":"pl_PL","og_type":"article","og_title":"Advent-Partner","og_url":"https:\/\/stiftadmont.at\/pl\/adwent-w-opactwie-admont\/partner-adwentowy\/","og_site_name":"Stift Admont","article_modified_time":"2025-05-26T11:52:51+00:00","og_image":[{"width":1912,"height":1188,"url":"https:\/\/stiftadmont.at\/wp-content\/uploads\/Klosteranlage-innen.jpg","type":"image\/jpeg"}],"twitter_card":"summary_large_image","schema":{"@context":"https:\/\/schema.org","@graph":[{"@type":"WebPage","@id":"https:\/\/stiftadmont.at\/advent-im-stift-admont\/advent-partner\/","url":"https:\/\/stiftadmont.at\/advent-im-stift-admont\/advent-partner\/","name":"Advent Partner - Admont Abbey","isPartOf":{"@id":"https:\/\/stiftadmont.at\/#website"},"datePublished":"2023-10-06T07:20:52+00:00","dateModified":"2025-05-26T11:52:51+00:00","breadcrumb":{"@id":"https:\/\/stiftadmont.at\/advent-im-stift-admont\/advent-partner\/#breadcrumb"},"inLanguage":"pl-PL","potentialAction":[{"@type":"ReadAction","target":["https:\/\/stiftadmont.at\/advent-im-stift-admont\/advent-partner\/"]}]},{"@type":"BreadcrumbList","@id":"https:\/\/stiftadmont.at\/advent-im-stift-admont\/advent-partner\/#breadcrumb","itemListElement":[{"@type":"ListItem","position":1,"name":"Start","item":"https:\/\/stiftadmont.at\/"},{"@type":"ListItem","position":2,"name":"Advent im Stift Admont","item":"https:\/\/stiftadmont.at\/advent-im-stift-admont\/"},{"@type":"ListItem","position":3,"name":"Advent-Partner"}]},{"@type":"WebSite","@id":"https:\/\/stiftadmont.at\/#website","url":"https:\/\/stiftadmont.at\/","name":"Opactwo Admont","description":"Benedykty\u0144ski klasztor i atrakcja turystyczna w Ges\u00e4use","potentialAction":[{"@type":"SearchAction","target":{"@type":"EntryPoint","urlTemplate":"https:\/\/stiftadmont.at\/?s={search_term_string}"},"query-input":{"@type":"PropertyValueSpecification","valueRequired":true,"valueName":"search_term_string"}}],"inLanguage":"pl-PL"}]}},"_links":{"self":[{"href":"https:\/\/stiftadmont.at\/pl\/wp-json\/wp\/v2\/pages\/21181","targetHints":{"allow":["GET"]}}],"collection":[{"href":"https:\/\/stiftadmont.at\/pl\/wp-json\/wp\/v2\/pages"}],"about":[{"href":"https:\/\/stiftadmont.at\/pl\/wp-json\/wp\/v2\/types\/page"}],"author":[{"embeddable":true,"href":"https:\/\/stiftadmont.at\/pl\/wp-json\/wp\/v2\/users\/20"}],"replies":[{"embeddable":true,"href":"https:\/\/stiftadmont.at\/pl\/wp-json\/wp\/v2\/comments?post=21181"}],"version-history":[{"count":24,"href":"https:\/\/stiftadmont.at\/pl\/wp-json\/wp\/v2\/pages\/21181\/revisions"}],"predecessor-version":[{"id":34975,"href":"https:\/\/stiftadmont.at\/pl\/wp-json\/wp\/v2\/pages\/21181\/revisions\/34975"}],"up":[{"embeddable":true,"href":"https:\/\/stiftadmont.at\/pl\/wp-json\/wp\/v2\/pages\/21115"}],"wp:attachment":[{"href":"https:\/\/stiftadmont.at\/pl\/wp-json\/wp\/v2\/media?parent=21181"}],"wp:term":[{"taxonomy":"category","embeddable":true,"href":"https:\/\/stiftadmont.at\/pl\/wp-json\/wp\/v2\/categories?post=21181"}],"curies":[{"name":"wp","href":"https:\/\/api.w.org\/{rel}","templated":true}]}}