{"id":21342,"date":"2023-10-06T09:32:03","date_gmt":"2023-10-06T07:32:03","guid":{"rendered":"https:\/\/stiftadmont.at\/?page_id=21342"},"modified":"2025-02-12T09:29:03","modified_gmt":"2025-02-12T07:29:03","slug":"projekt-lidera","status":"publish","type":"page","link":"https:\/\/stiftadmont.at\/pl\/advent-im-stift-admont\/leader-projekt\/","title":{"rendered":"Projekt Leader"},"content":{"rendered":"<section id='lightpress__section--block_7c7d402bd602dadda65a9a8b4bddcba2' class='lightpress__section--default-section-space lightpress__section lightpress__section--content'><div class=\"content__inner\"\n         x-init=\"initContentBlockAnim($el)\">\n        \n    <div class=\"content__grid content__grid--fifty-fifty\">\n                                            <div class=\"content__box content__box\"\n                 style=\"\">\n                                \n                \n                                            <div class=\"prose\"><h5 class=\"heading-m line line-above line--gold\">... jest bardzo \u015bwi\u0105tecznie...! Witryny sklepowe, bajkowe \u015bwiat\u0142a, \u015bwi\u0105teczne iluminacje, ...\u00a0<\/h5>\n<p>\u00a0<\/p>\n<p class=\"paragraph-m\">Ale podczas gdy wielu doros\u0142ych szybko marszczy brwi na ten \u015bwi\u0105teczny okres pod koniec roku jako wydarzenie komercyjne i narzeka na kupowanie prezent\u00f3w, \u015bwi\u0105teczne kolacje i stres rodzinny, okres \u015bwi\u0105teczny jest i pozostaje magicznym do\u015bwiadczeniem, szczeg\u00f3lnie dla dzieci.<\/p>\n<p>\u00a0<\/p>\n<p class=\"paragraph-m\">Jarmarki adwentowe, kalendarze adwentowe, ciasteczka, ozdoby \u015bwi\u0105teczne - i oczywi\u015bcie oczekiwanie na mn\u00f3stwo pi\u0119knych prezent\u00f3w - sprawiaj\u0105, \u017ce serca najm\u0142odszych bij\u0105 szybciej.<\/p>\n<p class=\"paragraph-m\">W ramach jarmarku adwentowego w opactwie Admont, celem jest pokazanie dzieciom, \u017ce Bo\u017ce Narodzenie to nie tylko b\u0142yszcz\u0105ce witryny sklepowe, prezenty i s\u0142odycze, ale tak\u017ce wyja\u015bnienie symboliki i t\u0142a tych \u015bwi\u0105tecznych obchod\u00f3w: Ale co w og\u00f3le oznaczaj\u0105 Bo\u017ce Narodzenie i Adwent? Dlaczego ten czas jest tak wa\u017cny dla dzieci? I kim s\u0105 Dzieci\u0105tko, \u015awi\u0119ty Miko\u0142aj, Knecht Ruprecht i Ojciec Gwiazdka?<\/p>\n<p class=\"paragraph-m\">W czasach, gdy nie mo\u017cna wystarczaj\u0105co podkre\u015bli\u0107 tolerancji i otwarto\u015bci na inne religie, okres Bo\u017cego Narodzenia jest r\u00f3wnie\u017c wspania\u0142\u0105 okazj\u0105 do przybli\u017cenia naszych w\u0142asnych - a tak\u017ce obcych - tradycji, zwyczaj\u00f3w i kultur! Adwent w Opactwie Admont stanowi ku temu dobr\u0105 okazj\u0119 i ma na celu zapoznanie odwiedzaj\u0105cych z niekt\u00f3rymi istotnymi aspektami tradycji i zwyczaj\u00f3w.<\/p>\n<p>\u00a0<\/p>\n<p class=\"paragraph-m\">Advent at Admont Abbey istnieje ju\u017c od prawie 20 lat i przez ten czas stale si\u0119 rozwija\u0142. Wydarzenie to sta\u0142o si\u0119 magnesem przyci\u0105gaj\u0105cym turyst\u00f3w i wydarzenia kulturalne. Ka\u017cdego roku coraz wi\u0119cej go\u015bci odwiedza to wydarzenie, poniewa\u017c nie tylko miejscowi, ale tak\u017ce liczni tury\u015bci s\u0105 pod wra\u017ceniem tego jarmarku adwentowego, przed\u015bwi\u0105tecznej atmosfery i kompleksowego programu wsparcia (szczeg\u00f3lnie dla dzieci).\u00a0<\/p>\n<p>\u00a0<\/p>\n<\/div>\n                    \n                            <\/div>\n        \n                                                    <div class=\"content__box content__box--2\"\n                     >\n                                        \n                    \n                                                <div class=\"content__media stickyTo\" x-init=\"imageSticky($el)\">\n\n                                                                                    <picture\n                                    class=\"content__image sticky\">\n                                <source srcset=\"https:\/\/stiftadmont.at\/wp-content\/uploads\/36_Admonter_Advent_2017_\u00a9StefanLeitner-e1648798842846-1024x768.webp\" type=\"image\/webp\">\n                                <source srcset=\"https:\/\/stiftadmont.at\/wp-content\/uploads\/36_Admonter_Advent_2017_\u00a9StefanLeitner-e1648798842846-1024x768.jpg\" type=\"image\/jpeg\">\n                                <img decoding=\"async\" class=\"sticky\" loading=\"lazy\" src=\"https:\/\/stiftadmont.at\/wp-content\/uploads\/36_Admonter_Advent_2017_\u00a9StefanLeitner-e1648798842846-1024x768.jpg\" alt=\"Adwent w opactwie Admont \u00a9 Stefan Leitner\" \/>\n\n                                                                                                                            <\/picture>\n\n                        <\/div>\n\n                                    <\/div>\n            \n            <\/div>\n<\/div>\n\n<\/section>\n\n<section id='lightpress__section--block_d054771a3efac3a446aa2fcbe5067a5a' class='lightpress__section--default-section-space lightpress__section lightpress__section--content'><div class=\"content__inner\"\n         x-init=\"initContentBlockAnim($el)\">\n        \n    <div class=\"content__grid content__grid--fifty-fifty\">\n                                            <div class=\"content__box content__box\"\n                 style=\"\">\n                                \n                \n                                            <div class=\"prose\"><p class=\"paragraph-m\">Dzi\u0119ki temu projektowi stowarzyszenie \"Advent im Stift Admont\" d\u0105\u017cy do profesjonalizacji warunk\u00f3w infrastrukturalnych na miejscu i ca\u0142ego marketingu wydarzenia. Powinno to zapewni\u0107 d\u0142ugoterminow\u0105 trwa\u0142o\u015b\u0107 wydarzenia. W przysz\u0142o\u015bci jarmark adwentowy b\u0119dzie mia\u0142 r\u00f3wnie\u017c charakter wymiany wiedzy, dzi\u0119ki czemu kultura (w sensie tradycji i zwyczaj\u00f3w) b\u0119dzie prezentowana w spos\u00f3b niskoprogowy, a informacje na jej temat b\u0119d\u0105 przekazywane.<\/p>\n<p class=\"paragraph-m\">\u00a0<\/p>\n<p class=\"paragraph-m\">Z\u0142o\u017cenie ca\u0142ego projektu do ko\u0144ca wrze\u015bnia 2017 r.<\/p>\n<p class=\"paragraph-m\">Ca\u0142kowite koszty projektu: 38 086,67<\/p>\n<p class=\"paragraph-m\">Maksymalna kwota dotacji: 22 852,00 EUR<\/p>\n<p class=\"paragraph-m\">Data zako\u0144czenia: 31\/12\/2018<\/p>\n<\/div>\n                    \n                            <\/div>\n        \n                                                    <div class=\"content__box content__box--2\"\n                     >\n                                        \n                    \n                                                    <div class=\"prose\"><p class=\"paragraph-m\"><strong>Wi\u0119cej informacji mo\u017cna znale\u017a\u0107 na stronie:\u00a0<\/strong><\/p>\n<p class=\"paragraph-m\"><a href=\"http:\/\/www.landesentwicklung.steiermark.at\/cms\/ziel\/141980347\/DE\" target=\"_blank\" rel=\"noopener noreferrer\">www.landesentwicklung.steiermark.at<\/a><\/p>\n<p class=\"paragraph-m\"><a href=\"http:\/\/www.bmlrt.gv.at\/\">www.bmlrt.gv.at<\/a><\/p>\n<p class=\"paragraph-m\"><a href=\"http:\/\/ec.europa.eu\/agriculture\/rural-development-2014-2020_de\" target=\"_blank\" rel=\"noopener noreferrer\">ec.europa.eu<\/a><\/p>\n<p class=\"paragraph-m\"><a href=\"http:\/\/www.rml.at\/leader\" target=\"_blank\" rel=\"noopener noreferrer\">www.rml.at\/leader<\/a><\/p>\n<\/div>\n                        \n                                    <\/div>\n            \n            <\/div>\n<\/div>\n\n<\/section>\n\n<section id='lightpress__section--block_dc1227da9c26c644f20ecad72f10535c' class='lightpress__section lightpress__section--image lightpress__section-- lightpress__section--'>                        <img decoding=\"async\" src=\"https:\/\/stiftadmont.at\/wp-content\/uploads\/Foeg_Leiste-Bund_ELER_LAND_LEADER-EU-STMK-scaled.jpg\" alt=\"4 Pasek Foeg Federal+ELER+Land+Leader+EU 2022 4C\" \/>\n<\/section>\n\n<section id='lightpress__section--block_434c068ceed589ac6a5c1ab3a3c3cd6b' class='lightpress__section--default-section-space lightpress__section lightpress__section--content'><div class=\"content__inner\"\n         x-init=\"initContentBlockAnim($el)\">\n        \n    <div class=\"content__grid content__grid\">\n                                            <div class=\"content__box content__box--one-hundred\"\n                 style=\"\">\n                                \n                \n                                            <div class=\"prose\"><\/div>\n                    \n                            <\/div>\n        \n            <\/div>\n<\/div>\n\n<\/section>","protected":false},"excerpt":{"rendered":"","protected":false},"author":20,"featured_media":0,"parent":21115,"menu_order":0,"comment_status":"closed","ping_status":"closed","template":"","meta":{"_acf_changed":false,"footnotes":""},"categories":[],"class_list":["post-21342","page","type-page","status-publish","hentry"],"acf":[],"yoast_head":"<!-- This site is optimized with the Yoast SEO Premium plugin v26.0 (Yoast SEO v26.8) - https:\/\/yoast.com\/product\/yoast-seo-premium-wordpress\/ -->\n<title>Leader-Projekt - Stift Admont<\/title>\n<meta name=\"robots\" content=\"index, follow, max-snippet:-1, max-image-preview:large, max-video-preview:-1\" \/>\n<link rel=\"canonical\" href=\"https:\/\/stiftadmont.at\/pl\/adwent-w-opactwie-admont\/projekt-lidera\/\" \/>\n<meta property=\"og:locale\" content=\"pl_PL\" \/>\n<meta property=\"og:type\" content=\"article\" \/>\n<meta property=\"og:title\" content=\"Leader-Projekt\" \/>\n<meta property=\"og:url\" content=\"https:\/\/stiftadmont.at\/pl\/adwent-w-opactwie-admont\/projekt-lidera\/\" \/>\n<meta property=\"og:site_name\" content=\"Stift Admont\" \/>\n<meta property=\"article:modified_time\" content=\"2025-02-12T07:29:03+00:00\" \/>\n<meta property=\"og:image\" content=\"https:\/\/stiftadmont.at\/wp-content\/uploads\/Klosteranlage-innen.jpg\" \/>\n\t<meta property=\"og:image:width\" content=\"1912\" \/>\n\t<meta property=\"og:image:height\" content=\"1188\" \/>\n\t<meta property=\"og:image:type\" content=\"image\/jpeg\" \/>\n<meta name=\"twitter:card\" content=\"summary_large_image\" \/>\n<script type=\"application\/ld+json\" class=\"yoast-schema-graph\">{\"@context\":\"https:\/\/schema.org\",\"@graph\":[{\"@type\":\"WebPage\",\"@id\":\"https:\/\/stiftadmont.at\/advent-im-stift-admont\/leader-projekt\/\",\"url\":\"https:\/\/stiftadmont.at\/advent-im-stift-admont\/leader-projekt\/\",\"name\":\"Leader-Projekt - Stift Admont\",\"isPartOf\":{\"@id\":\"https:\/\/stiftadmont.at\/#website\"},\"datePublished\":\"2023-10-06T07:32:03+00:00\",\"dateModified\":\"2025-02-12T07:29:03+00:00\",\"breadcrumb\":{\"@id\":\"https:\/\/stiftadmont.at\/advent-im-stift-admont\/leader-projekt\/#breadcrumb\"},\"inLanguage\":\"pl-PL\",\"potentialAction\":[{\"@type\":\"ReadAction\",\"target\":[\"https:\/\/stiftadmont.at\/advent-im-stift-admont\/leader-projekt\/\"]}]},{\"@type\":\"BreadcrumbList\",\"@id\":\"https:\/\/stiftadmont.at\/advent-im-stift-admont\/leader-projekt\/#breadcrumb\",\"itemListElement\":[{\"@type\":\"ListItem\",\"position\":1,\"name\":\"Start\",\"item\":\"https:\/\/stiftadmont.at\/\"},{\"@type\":\"ListItem\",\"position\":2,\"name\":\"Advent im Stift Admont\",\"item\":\"https:\/\/stiftadmont.at\/advent-im-stift-admont\/\"},{\"@type\":\"ListItem\",\"position\":3,\"name\":\"Leader-Projekt\"}]},{\"@type\":\"WebSite\",\"@id\":\"https:\/\/stiftadmont.at\/#website\",\"url\":\"https:\/\/stiftadmont.at\/\",\"name\":\"Stift Admont\",\"description\":\"Benediktinerkloster und Sehensw\u00fcrdigkeit im Ges\u00e4use\",\"potentialAction\":[{\"@type\":\"SearchAction\",\"target\":{\"@type\":\"EntryPoint\",\"urlTemplate\":\"https:\/\/stiftadmont.at\/?s={search_term_string}\"},\"query-input\":{\"@type\":\"PropertyValueSpecification\",\"valueRequired\":true,\"valueName\":\"search_term_string\"}}],\"inLanguage\":\"pl-PL\"}]}<\/script>\n<!-- \/ Yoast SEO Premium plugin. -->","yoast_head_json":{"title":"Projekt lidera - Opactwo Admont","robots":{"index":"index","follow":"follow","max-snippet":"max-snippet:-1","max-image-preview":"max-image-preview:large","max-video-preview":"max-video-preview:-1"},"canonical":"https:\/\/stiftadmont.at\/pl\/adwent-w-opactwie-admont\/projekt-lidera\/","og_locale":"pl_PL","og_type":"article","og_title":"Leader-Projekt","og_url":"https:\/\/stiftadmont.at\/pl\/adwent-w-opactwie-admont\/projekt-lidera\/","og_site_name":"Stift Admont","article_modified_time":"2025-02-12T07:29:03+00:00","og_image":[{"width":1912,"height":1188,"url":"https:\/\/stiftadmont.at\/wp-content\/uploads\/Klosteranlage-innen.jpg","type":"image\/jpeg"}],"twitter_card":"summary_large_image","schema":{"@context":"https:\/\/schema.org","@graph":[{"@type":"WebPage","@id":"https:\/\/stiftadmont.at\/advent-im-stift-admont\/leader-projekt\/","url":"https:\/\/stiftadmont.at\/advent-im-stift-admont\/leader-projekt\/","name":"Projekt lidera - Opactwo Admont","isPartOf":{"@id":"https:\/\/stiftadmont.at\/#website"},"datePublished":"2023-10-06T07:32:03+00:00","dateModified":"2025-02-12T07:29:03+00:00","breadcrumb":{"@id":"https:\/\/stiftadmont.at\/advent-im-stift-admont\/leader-projekt\/#breadcrumb"},"inLanguage":"pl-PL","potentialAction":[{"@type":"ReadAction","target":["https:\/\/stiftadmont.at\/advent-im-stift-admont\/leader-projekt\/"]}]},{"@type":"BreadcrumbList","@id":"https:\/\/stiftadmont.at\/advent-im-stift-admont\/leader-projekt\/#breadcrumb","itemListElement":[{"@type":"ListItem","position":1,"name":"Start","item":"https:\/\/stiftadmont.at\/"},{"@type":"ListItem","position":2,"name":"Advent im Stift Admont","item":"https:\/\/stiftadmont.at\/advent-im-stift-admont\/"},{"@type":"ListItem","position":3,"name":"Leader-Projekt"}]},{"@type":"WebSite","@id":"https:\/\/stiftadmont.at\/#website","url":"https:\/\/stiftadmont.at\/","name":"Opactwo Admont","description":"Benedykty\u0144ski klasztor i atrakcja turystyczna w Ges\u00e4use","potentialAction":[{"@type":"SearchAction","target":{"@type":"EntryPoint","urlTemplate":"https:\/\/stiftadmont.at\/?s={search_term_string}"},"query-input":{"@type":"PropertyValueSpecification","valueRequired":true,"valueName":"search_term_string"}}],"inLanguage":"pl-PL"}]}},"_links":{"self":[{"href":"https:\/\/stiftadmont.at\/pl\/wp-json\/wp\/v2\/pages\/21342","targetHints":{"allow":["GET"]}}],"collection":[{"href":"https:\/\/stiftadmont.at\/pl\/wp-json\/wp\/v2\/pages"}],"about":[{"href":"https:\/\/stiftadmont.at\/pl\/wp-json\/wp\/v2\/types\/page"}],"author":[{"embeddable":true,"href":"https:\/\/stiftadmont.at\/pl\/wp-json\/wp\/v2\/users\/20"}],"replies":[{"embeddable":true,"href":"https:\/\/stiftadmont.at\/pl\/wp-json\/wp\/v2\/comments?post=21342"}],"version-history":[{"count":24,"href":"https:\/\/stiftadmont.at\/pl\/wp-json\/wp\/v2\/pages\/21342\/revisions"}],"predecessor-version":[{"id":32805,"href":"https:\/\/stiftadmont.at\/pl\/wp-json\/wp\/v2\/pages\/21342\/revisions\/32805"}],"up":[{"embeddable":true,"href":"https:\/\/stiftadmont.at\/pl\/wp-json\/wp\/v2\/pages\/21115"}],"wp:attachment":[{"href":"https:\/\/stiftadmont.at\/pl\/wp-json\/wp\/v2\/media?parent=21342"}],"wp:term":[{"taxonomy":"category","embeddable":true,"href":"https:\/\/stiftadmont.at\/pl\/wp-json\/wp\/v2\/categories?post=21342"}],"curies":[{"name":"wp","href":"https:\/\/api.w.org\/{rel}","templated":true}]}}