{"id":23952,"date":"2023-12-02T18:15:09","date_gmt":"2023-12-02T16:15:09","guid":{"rendered":"https:\/\/stiftadmont.at\/?page_id=23952"},"modified":"2024-06-07T09:12:09","modified_gmt":"2024-06-07T07:12:09","slug":"regula-swietego-benedykta","status":"publish","type":"page","link":"https:\/\/stiftadmont.at\/pl\/950-jahre-stift-admont\/die-regel-des-hl-benedikt\/","title":{"rendered":"Regu\u0142a \u015bw. Benedykta"},"content":{"rendered":"<section id='lightpress__section--block_538a6b45cef88816afbdd1ec83fb9ba2' class='align-center lightpress__section--default-section-space lightpress__section lightpress__section--headline'><div class=\"headline__container\">\n            <h2 class=\"headline text--40 text-medium line line--gold line-above line-middle\">Regu\u0142a \u015bw. Benedykta<\/h2>\n        <p class=\"text-center text-gold text--20 text-medium text--uppercase\">Serce, r\u0119ka i m\u00f3zg klasztoru<\/p>\n        <div class=\"spacer--40\"><\/div>\n<\/div>\n\n<\/section>\n\n<section id='lightpress__section--block_0c6ff94ea3413abba14d6632ea7a913c' class='lightpress__section--default-section-space lightpress__section lightpress__section--content'><div class=\"content__inner\"\n         x-init=\"initContentBlockAnim($el)\">\n        \n    <div class=\"content__grid content__grid--fifty-fifty\">\n                                            <div class=\"content__box content__box\"\n                 style=\"margin-top: -2em;max-width:850px;justify-self: center;\">\n                                \n                \n                                            <div class=\"prose\"><p><strong>Kiedy w 1074 r. za\u0142o\u017cono opactwo benedykty\u0144skie w Admont, mnisi i mniszki \u017cyli ju\u017c zgodnie z Regu\u0142\u0105 \u015bw. Benedykta na ca\u0142ym znanym w\u00f3wczas \u015bwiecie od ponad 500 lat. <\/strong><\/p>\n<p>Benedykt urodzi\u0142 si\u0119 oko\u0142o 480 r. na terenie dzisiejszych W\u0142och jako syn bogatego w\u0142a\u015bciciela ziemskiego. Zosta\u0142 wys\u0142any do Rzymu na studia, ale wkr\u00f3tce porzuci\u0142 nauk\u0119, by \u017cy\u0107 jako pustelnik w g\u00f3rach Enfide. Wkr\u00f3tce przyci\u0105gn\u0105\u0142 uwag\u0119 okolicznych mieszka\u0144c\u00f3w, tak \u017ce wsp\u00f3lnota klasztorna Vicovaro wybra\u0142a go na swojego opata. Jednak napi\u0119cie w tej spo\u0142eczno\u015bci by\u0142o tak du\u017ce, \u017ce Benedykt ponownie opu\u015bci\u0142 klasztor po pr\u00f3bie zabicia go. <\/p>\n<p>Benedykt wycofa\u0142 si\u0119 do Subiaco i zgodnie z tradycj\u0105 za\u0142o\u017cy\u0142 tam 12 ma\u0142ych klasztor\u00f3w. Klasztor Santa Scolastica, po\u015bwi\u0119cony jego siostrze bli\u017aniaczce, istnieje tam do dzi\u015b. Konflikty z lokalnymi kap\u0142anami i biskupem sprawi\u0142y, \u017ce konieczna by\u0142a kolejna przeprowadzka. W 529 roku Benedykt przeni\u00f3s\u0142 si\u0119 do oddalonego o 80 kilometr\u00f3w Monte Cassino i za\u0142o\u017cy\u0142 tam kolejny klasztor, kt\u00f3ry jest obecnie uwa\u017cany za klasztor macierzysty benedyktyn\u00f3w. <br \/>Regu\u0142y domowe, kt\u00f3re napisa\u0142 dla Monte Cassino, szybko si\u0119 rozprzestrzeni\u0142y i dzi\u015b oko\u0142o 40 000 mnich\u00f3w i mniszek na ca\u0142ym \u015bwiecie \u017cyje zgodnie z tymi zasadami. Celem Regu\u0142y Benedykta jest \u017cycie zgodnie z przes\u0142aniem Jezusa. <br \/>W pierwotnym znaczeniu Regu\u0142a \u015bw. Benedykta jest instrukcj\u0105 \u017cycia wed\u0142ug Ewangelii. W tradycji streszcza si\u0119 ona w trzech \u0142aci\u0144skich s\u0142owach \"ora et labora et lege\" - \"m\u00f3dl si\u0119, pracuj i czytaj\". Ta benedykty\u0144ska triada charakteryzuje \u017cycie monastyczne. Pierwsz\u0105 i najwa\u017cniejsz\u0105 jest modlitwa, od kt\u00f3rej, wed\u0142ug Benedykta, nic nie jest lepsze. Kilka razy dziennie mnisi w Admont gromadz\u0105 si\u0119 w tak zwanej kaplicy ch\u00f3rowej, aby wsp\u00f3lnie odmawia\u0107 Liturgi\u0119 Godzin. Ta kaplica jest czym\u015b w rodzaju centrum naszego domu. Modlitwa wyznacza rytm dnia i benedykty\u0144skiego \u017cycia. W modlitwie \u0142\u0105czymy nasze serca z sercem Boga. S\u0142uchamy sercem, jak tego wymaga od nas \u015bw. Benedykt. Bez regularnej modlitwy klasztor nie by\u0142by klasztorem. Po modlitwie mnisi powinni zaj\u0105\u0107 si\u0119 prac\u0105, do kt\u00f3rej zostali przydzieleni.<\/p>\n<\/div>\n                    \n                            <\/div>\n        \n                                                    <div class=\"content__box content__box--2\"\n                     >\n                                        \n                                            \n                                                    <a href=\"https:\/\/www.youtube.com\/watch?v=-XzoCNJINJw\" class=\"content__video content__media\"\n                               x-data\n x-init=\"initContentLightBox('#lightpress__section--block_0c6ff94ea3413abba14d6632ea7a913c .content__video')\">\n                                                                \n                                <picture class=\"content__image\">\n                                    <source srcset=\"https:\/\/stiftadmont.at\/wp-content\/uploads\/Stift_Admont_\u00a9StefanLeitner_029-1024x735.webp\" type=\"image\/webp\">\n                                    <source srcset=\"https:\/\/stiftadmont.at\/wp-content\/uploads\/Stift_Admont_\u00a9StefanLeitner_029-1024x735.jpg\" type=\"image\/jpeg\">\n                                    <img decoding=\"async\" class=\"content__image\" loading=\"lazy\" src=\"https:\/\/stiftadmont.at\/wp-content\/uploads\/Stift_Admont_\u00a9StefanLeitner_029-1024x735.jpg\" alt=\"Opactwo Admont \u00a9StefanLeitner 029\" width=\"600\" height=\"450\" \/>\n                                <\/picture>\n\n                                <span class=\"overlay-dark\"><\/span>\n                                <span class=\"content-overlay\"><\/span>\n                                <div class=\"content__plaque\">\n                                    <div class=\"content__plaque-inner\">\n                                        <span><i class=\"fas fa-play content__icon\"><\/i><\/span>\n                                        <p class=\"paragraph-m\">Gra\u0107<\/p>\n                                    <\/div>\n                                <\/div>\n                            <\/a>\n                        \n                                    <\/div>\n            \n            <\/div>\n<\/div>\n\n<\/section>\n\n<section id='lightpress__section--block_9e3d7ac84140db7e67157fcd385ab045' class='lightpress__section--default-section-space lightpress__section lightpress__section--content'><div class=\"content__inner\"\n         x-init=\"initContentBlockAnim($el)\">\n        \n    <div class=\"content__grid content__grid\">\n                                            <div class=\"content__box content__box--one-hundred\"\n                 style=\"\">\n                                \n                \n                                            <div class=\"prose\"><p>Obszar ten znacznie si\u0119 zmieni\u0142 od czas\u00f3w \u015bw. Benedykta. W przesz\u0142o\u015bci by\u0142o to g\u0142\u00f3wnie rolnictwo, ale dzi\u015b mnisi maj\u0105 wiele innych zada\u0144. Mnisi powinni \u017cy\u0107 z pracy swoich r\u0105k, dlatego to jubileuszowe wydanie stara si\u0119 przedstawi\u0107 r\u00f3\u017cne zadania mnich\u00f3w z Admont w przesz\u0142o\u015bci i dzi\u015b. Opr\u00f3cz modlitwy i pracy, lektura duchowa jest istotn\u0105 cz\u0119\u015bci\u0105 \u017cycia benedykty\u0144skiego mnicha. Ka\u017cdego dnia mnich powinien po\u015bwi\u0119ci\u0107 pewn\u0105 ilo\u015b\u0107 czasu na czytanie Pisma \u015awi\u0119tego i innych tekst\u00f3w duchowych. To codzienne zaj\u0119cie powinno s\u0142u\u017cy\u0107 jako pokarm dla m\u00f3zgu, a tym samym pomaga\u0107 mnichowi w rozwijaniu jeszcze g\u0142\u0119bszej relacji z Chrystusem.<br \/>Opr\u00f3cz tej wielkiej triady, \u015bw. Benedykt reguluje wiele drobnych i cz\u0119sto pozornie niepozornych spraw, kt\u00f3re jednak maj\u0105 g\u0142\u0119bszy sens w ramach wi\u0119kszej struktury klasztoru. Dla \u015bw. Benedykta wa\u017cne jest, by jego mnisi mogli wie\u015b\u0107 udane \u017cycie. Nikt nie powinien by\u0107 przeci\u0105\u017cony, nikt nie powinien by\u0107 pokrzywdzony. Klasztor powinien by\u0107 miejscem pokoju i wzajemnej \u017cyczliwo\u015bci. Benedykt ko\u0144czy swoj\u0105 regu\u0142\u0119 s\u0142owami \"Ut in omnibus glorificetur Deus\" - \"Aby we wszystkim B\u00f3g by\u0142 uwielbiony\". To zdanie stoi za wszystkimi instrukcjami, kt\u00f3rych udziela. Wszystko powinno by\u0107 czynione na chwa\u0142\u0119 Boga.<\/p>\n<\/div>\n                    \n                            <\/div>\n        \n            <\/div>\n<\/div>\n\n<\/section>","protected":false},"excerpt":{"rendered":"","protected":false},"author":7,"featured_media":0,"parent":22541,"menu_order":9,"comment_status":"closed","ping_status":"closed","template":"","meta":{"_acf_changed":false,"footnotes":""},"categories":[],"class_list":["post-23952","page","type-page","status-publish","hentry"],"acf":[],"yoast_head":"<!-- This site is optimized with the Yoast SEO Premium plugin v26.0 (Yoast SEO v26.8) - https:\/\/yoast.com\/product\/yoast-seo-premium-wordpress\/ -->\n<title>Die Regel des Hl. Benedikt - Stift Admont<\/title>\n<meta name=\"robots\" content=\"index, follow, max-snippet:-1, max-image-preview:large, max-video-preview:-1\" \/>\n<link rel=\"canonical\" href=\"https:\/\/stiftadmont.at\/pl\/950-lat-opactwa-admont\/regula-swietego-benedykta\/\" \/>\n<meta property=\"og:locale\" content=\"pl_PL\" \/>\n<meta property=\"og:type\" content=\"article\" \/>\n<meta property=\"og:title\" content=\"Die Regel des Hl. Benedikt\" \/>\n<meta property=\"og:url\" content=\"https:\/\/stiftadmont.at\/pl\/950-lat-opactwa-admont\/regula-swietego-benedykta\/\" \/>\n<meta property=\"og:site_name\" content=\"Stift Admont\" \/>\n<meta property=\"article:modified_time\" content=\"2024-06-07T07:12:09+00:00\" \/>\n<meta property=\"og:image\" content=\"https:\/\/stiftadmont.at\/wp-content\/uploads\/Klosteranlage-innen.jpg\" \/>\n\t<meta property=\"og:image:width\" content=\"1912\" \/>\n\t<meta property=\"og:image:height\" content=\"1188\" \/>\n\t<meta property=\"og:image:type\" content=\"image\/jpeg\" \/>\n<meta name=\"twitter:card\" content=\"summary_large_image\" \/>\n<script type=\"application\/ld+json\" class=\"yoast-schema-graph\">{\"@context\":\"https:\/\/schema.org\",\"@graph\":[{\"@type\":\"WebPage\",\"@id\":\"https:\/\/stiftadmont.at\/950-jahre-stift-admont\/die-regel-des-hl-benedikt\/\",\"url\":\"https:\/\/stiftadmont.at\/950-jahre-stift-admont\/die-regel-des-hl-benedikt\/\",\"name\":\"Die Regel des Hl. Benedikt - Stift Admont\",\"isPartOf\":{\"@id\":\"https:\/\/stiftadmont.at\/#website\"},\"datePublished\":\"2023-12-02T16:15:09+00:00\",\"dateModified\":\"2024-06-07T07:12:09+00:00\",\"breadcrumb\":{\"@id\":\"https:\/\/stiftadmont.at\/950-jahre-stift-admont\/die-regel-des-hl-benedikt\/#breadcrumb\"},\"inLanguage\":\"pl-PL\",\"potentialAction\":[{\"@type\":\"ReadAction\",\"target\":[\"https:\/\/stiftadmont.at\/950-jahre-stift-admont\/die-regel-des-hl-benedikt\/\"]}]},{\"@type\":\"BreadcrumbList\",\"@id\":\"https:\/\/stiftadmont.at\/950-jahre-stift-admont\/die-regel-des-hl-benedikt\/#breadcrumb\",\"itemListElement\":[{\"@type\":\"ListItem\",\"position\":1,\"name\":\"Start\",\"item\":\"https:\/\/stiftadmont.at\/\"},{\"@type\":\"ListItem\",\"position\":2,\"name\":\"950 Jahre Stift Admont\",\"item\":\"https:\/\/stiftadmont.at\/950-jahre-stift-admont\/\"},{\"@type\":\"ListItem\",\"position\":3,\"name\":\"Die Regel des Hl. Benedikt\"}]},{\"@type\":\"WebSite\",\"@id\":\"https:\/\/stiftadmont.at\/#website\",\"url\":\"https:\/\/stiftadmont.at\/\",\"name\":\"Stift Admont\",\"description\":\"Benediktinerkloster und Sehensw\u00fcrdigkeit im Ges\u00e4use\",\"potentialAction\":[{\"@type\":\"SearchAction\",\"target\":{\"@type\":\"EntryPoint\",\"urlTemplate\":\"https:\/\/stiftadmont.at\/?s={search_term_string}\"},\"query-input\":{\"@type\":\"PropertyValueSpecification\",\"valueRequired\":true,\"valueName\":\"search_term_string\"}}],\"inLanguage\":\"pl-PL\"}]}<\/script>\n<!-- \/ Yoast SEO Premium plugin. -->","yoast_head_json":{"title":"Regu\u0142a \u015awi\u0119tego Benedykta - Opactwo Admont","robots":{"index":"index","follow":"follow","max-snippet":"max-snippet:-1","max-image-preview":"max-image-preview:large","max-video-preview":"max-video-preview:-1"},"canonical":"https:\/\/stiftadmont.at\/pl\/950-lat-opactwa-admont\/regula-swietego-benedykta\/","og_locale":"pl_PL","og_type":"article","og_title":"Die Regel des Hl. Benedikt","og_url":"https:\/\/stiftadmont.at\/pl\/950-lat-opactwa-admont\/regula-swietego-benedykta\/","og_site_name":"Stift Admont","article_modified_time":"2024-06-07T07:12:09+00:00","og_image":[{"width":1912,"height":1188,"url":"https:\/\/stiftadmont.at\/wp-content\/uploads\/Klosteranlage-innen.jpg","type":"image\/jpeg"}],"twitter_card":"summary_large_image","schema":{"@context":"https:\/\/schema.org","@graph":[{"@type":"WebPage","@id":"https:\/\/stiftadmont.at\/950-jahre-stift-admont\/die-regel-des-hl-benedikt\/","url":"https:\/\/stiftadmont.at\/950-jahre-stift-admont\/die-regel-des-hl-benedikt\/","name":"Regu\u0142a \u015awi\u0119tego Benedykta - Opactwo Admont","isPartOf":{"@id":"https:\/\/stiftadmont.at\/#website"},"datePublished":"2023-12-02T16:15:09+00:00","dateModified":"2024-06-07T07:12:09+00:00","breadcrumb":{"@id":"https:\/\/stiftadmont.at\/950-jahre-stift-admont\/die-regel-des-hl-benedikt\/#breadcrumb"},"inLanguage":"pl-PL","potentialAction":[{"@type":"ReadAction","target":["https:\/\/stiftadmont.at\/950-jahre-stift-admont\/die-regel-des-hl-benedikt\/"]}]},{"@type":"BreadcrumbList","@id":"https:\/\/stiftadmont.at\/950-jahre-stift-admont\/die-regel-des-hl-benedikt\/#breadcrumb","itemListElement":[{"@type":"ListItem","position":1,"name":"Start","item":"https:\/\/stiftadmont.at\/"},{"@type":"ListItem","position":2,"name":"950 Jahre Stift Admont","item":"https:\/\/stiftadmont.at\/950-jahre-stift-admont\/"},{"@type":"ListItem","position":3,"name":"Die Regel des Hl. Benedikt"}]},{"@type":"WebSite","@id":"https:\/\/stiftadmont.at\/#website","url":"https:\/\/stiftadmont.at\/","name":"Opactwo Admont","description":"Benedykty\u0144ski klasztor i atrakcja turystyczna w Ges\u00e4use","potentialAction":[{"@type":"SearchAction","target":{"@type":"EntryPoint","urlTemplate":"https:\/\/stiftadmont.at\/?s={search_term_string}"},"query-input":{"@type":"PropertyValueSpecification","valueRequired":true,"valueName":"search_term_string"}}],"inLanguage":"pl-PL"}]}},"_links":{"self":[{"href":"https:\/\/stiftadmont.at\/pl\/wp-json\/wp\/v2\/pages\/23952","targetHints":{"allow":["GET"]}}],"collection":[{"href":"https:\/\/stiftadmont.at\/pl\/wp-json\/wp\/v2\/pages"}],"about":[{"href":"https:\/\/stiftadmont.at\/pl\/wp-json\/wp\/v2\/types\/page"}],"author":[{"embeddable":true,"href":"https:\/\/stiftadmont.at\/pl\/wp-json\/wp\/v2\/users\/7"}],"replies":[{"embeddable":true,"href":"https:\/\/stiftadmont.at\/pl\/wp-json\/wp\/v2\/comments?post=23952"}],"version-history":[{"count":5,"href":"https:\/\/stiftadmont.at\/pl\/wp-json\/wp\/v2\/pages\/23952\/revisions"}],"predecessor-version":[{"id":26403,"href":"https:\/\/stiftadmont.at\/pl\/wp-json\/wp\/v2\/pages\/23952\/revisions\/26403"}],"up":[{"embeddable":true,"href":"https:\/\/stiftadmont.at\/pl\/wp-json\/wp\/v2\/pages\/22541"}],"wp:attachment":[{"href":"https:\/\/stiftadmont.at\/pl\/wp-json\/wp\/v2\/media?parent=23952"}],"wp:term":[{"taxonomy":"category","embeddable":true,"href":"https:\/\/stiftadmont.at\/pl\/wp-json\/wp\/v2\/categories?post=23952"}],"curies":[{"name":"wp","href":"https:\/\/api.w.org\/{rel}","templated":true}]}}