{"id":24259,"date":"2023-12-20T11:21:37","date_gmt":"2023-12-20T09:21:37","guid":{"rendered":"https:\/\/stiftadmont.at\/?page_id=24259"},"modified":"2025-02-26T12:44:10","modified_gmt":"2025-02-26T10:44:10","slug":"nowo-zaprezentowane-skarby-sztuki-admont","status":"publish","type":"page","link":"https:\/\/stiftadmont.at\/pl\/aktuelle-ausstellungen\/admonter-kunstschaetze-neu-praesentiert\/","title":{"rendered":"Nowa prezentacja skarb\u00f3w sztuki Admont"},"content":{"rendered":"<section id='lightpress__section--block_9919cf56272a5e675b3c3c597dd8e8b8' class='align-center lightpress__section--default-section-space lightpress__section lightpress__section--headline'><div class=\"headline__container\">\n            <p class=\"headline text--40 text-medium line line--gold line-above line-middle\">Admonter Kunstsch\u00e4tze neu pr\u00e4sentiert<\/p>\n        <p class=\"text-center text-gold text--20 text-medium text--uppercase\">Anl\u00e4sslich des 950-Jahre-Jubil\u00e4ums (im Jahr 2024) des Stiftes Admont wurde das Kunsthistorische Museum neu verortet.<\/p>\n        <div class=\"spacer--40\"><\/div>\n<\/div>\n\n<\/section>\n\n<section id='lightpress__section--block_58c43985700d8f5d44a6023d5c57aa62' class='lightpress__section--default-section-space lightpress__section lightpress__section--content'><div class=\"content__inner\"\n         x-init=\"initContentBlockAnim($el)\">\n        \n    <div class=\"content__grid content__grid--fifty-fifty\">\n                                            <div class=\"content__box content__box\"\n                 style=\"\">\n                                \n                \n                                            <div class=\"prose\"><p>Die erstmalige Einrichtung und Gestaltung einer kunsthistorischen Sammlung im Stift Admont erfolgte Mitte des 20. Jahrhunderts durch den damaligen Stiftsarchivar P. Adalbert Krause. Er hat im 2. Obergescho\u00df des S\u00fcdtraktes der Klosteranlage ein Kunsthistorisches Museum mit den wertvollsten Sammlungs-Best\u00e4nden des Stiftes eingerichtet.<\/p>\n<p>Dieses Museum wurde im Jahr 1959 feierlich er\u00f6ffnet. Die damalige Presse sprach von einer \u201eSchatzkammer steirischer Kunst\u201c, die gut 20 Jahre sp\u00e4ter \u2013 im Jahr 1980 \u2013 in neuen R\u00e4umen eine Umgestaltung und Erweiterung erfuhr. Noch einmal 20 Jahre sp\u00e4ter, ab Herbst des Jahres 2000, wurde der gesamte S\u00fcd- und Osttrakt der Klosteranlage einer mehrj\u00e4hrigen Um- und Neubauphase mit dem Zweck unterworfen, die verschiedenen musealen Bereiche in gro\u00dfem und modernem Stil darin unterzubringen. Bis zum Jahr 2023 befand sich das Kunsthistorische Museum im 1. Obergescho\u00df.<\/p>\n<p>\u00a0<\/p>\n<p>Anl\u00e4sslich des 950-Jahre-Jubil\u00e4ums des Stiftes Admont wurde das Kunsthistorische Museum neu verortet. Es ist es vom Obergescho\u00df in das Erdgescho\u00df gewandert. Und es wurde fl\u00e4chenm\u00e4\u00dfig sowie inhaltlich erweitert. Zusammen mit den sakralen gotischen Werken in der Dauerausstellung der \u201eSammlung Mayer\u201c im davor liegenden Raum sind nun alle kunsthistorischen Best\u00e4nde in einem Gescho\u00df vereint. Im wechselseitigen Dialog kommen die hochkar\u00e4tigen Ausstellungsst\u00fccke dieser beiden kunsthistorischen Abteilungen nun unter vielf\u00e4ltigen Aspekten neu zur Geltung.\u00a0<\/p>\n<p>\u00a0<\/p>\n<p>Die Neuaufstellung des Kunsthistorischen Museums erfolgte nach chronologischen und thematischen Kriterien. Der erste Raumeindruck wird gepr\u00e4gt von der hochwertigen Ausstellungsarchitektur. Leitsystem und Farbkonzept erm\u00f6glichen eine klare Orientierung. Diverse Informationsschienen er\u00f6ffnen rasche, aber auch tiefgr\u00fcndige Zug\u00e4nge zu bedeutenden Werken aus der Gotik und der Renaissance, aus dem Barock und Rokoko, nun auch aus dem 19. und 20. Jahrhundert bis in die Gegenwart. Zu den Exponaten z\u00e4hlen Gem\u00e4lde, Skulpturen, Handschriften und Objekte aus der Paramenten- bzw. Kunstkammer. Neben deren Bez\u00fcgen zur Abtei Admont fokussiert sich das Ausstellungskonzept auf deren Kontextualisierung hinsichtlich ihrer kunsthistorischen und spirituellen Dimension.<\/p>\n<\/div>\n                    \n                            <\/div>\n        \n                                                    <div class=\"content__box content__box--2\"\n                     >\n                                        \n                    \n                                                <div class=\"content__media stickyTo\" x-init=\"imageSticky($el)\">\n\n                                                                                    <picture\n                                    class=\"content__image sticky\">\n                                <source srcset=\"https:\/\/stiftadmont.at\/wp-content\/uploads\/1074-Kunsthistorische-Sammlung_CM10734-srgb_Kadadesign_c-mavric-1024x683.webp\" type=\"image\/webp\">\n                                <source srcset=\"https:\/\/stiftadmont.at\/wp-content\/uploads\/1074-Kunsthistorische-Sammlung_CM10734-srgb_Kadadesign_c-mavric-1024x683.jpg\" type=\"image\/jpeg\">\n                                <img decoding=\"async\" class=\"sticky\" loading=\"lazy\" src=\"https:\/\/stiftadmont.at\/wp-content\/uploads\/1074-Kunsthistorische-Sammlung_CM10734-srgb_Kadadesign_c-mavric-1024x683.jpg\"\n                                     alt=\"1074 Kunsthistorische Sammlung CM10734 srgb Kadadesign c mavric\">\n\n                                                                                                                            <\/picture>\n\n                        <\/div>\n\n                                    <\/div>\n            \n            <\/div>\n<\/div>\n\n<\/section>\n\n<section id='lightpress__section--block_2188e9e6fbe3980cb2afd90cf7200c16' class='bg--beige lightpress__section--colored-bg lightpress__section--default-section-space lightpress__section lightpress__section--content'><div class=\"content__inner\"\n         x-init=\"initContentBlockAnim($el)\">\n        \n    <div class=\"content__grid content__grid--fifty-fifty\">\n                                            <div class=\"content__box content__box\"\n                 style=\"\">\n                                \n                                    \n                                            <a href=\"https:\/\/www.youtube.com\/watch?v=xDyeJZcOBwo\" class=\"content__video content__media\"\n                           x-data\n                           x-init=\"initContentLightBox('#lightpress__section--block_2188e9e6fbe3980cb2afd90cf7200c16 .content__video')\">\n                                                                                                                <picture class=\"content__image\">\n                                <source srcset=\"https:\/\/stiftadmont.at\/wp-content\/uploads\/1074-Kunsthistorische-Sammlung_CM10754-srgb_Kadadesign_c-mavric-1024x683.webp\" type=\"image\/webp\">\n                                <source srcset=\"https:\/\/stiftadmont.at\/wp-content\/uploads\/1074-Kunsthistorische-Sammlung_CM10754-srgb_Kadadesign_c-mavric-1024x683.jpg\" type=\"image\/jpeg\">\n                                <img decoding=\"async\" class=\"content__image\" loading=\"lazy\" src=\"https:\/\/stiftadmont.at\/wp-content\/uploads\/1074-Kunsthistorische-Sammlung_CM10754-srgb_Kadadesign_c-mavric-1024x683.jpg\"\n                                     alt=\"1074 Kunsthistorische Sammlung CM10754 srgb Kadadesign c mavric\">\n                            <\/picture>\n\n                            <span class=\"overlay-dark\"><\/span>\n                            <span class=\"content-overlay\"><\/span>\n                            <div class=\"content__plaque\">\n                                <div class=\"content__plaque-inner\">\n                                    <span><i class=\"fas fa-play content__icon\"><\/i><\/span>\n                                    <p class=\"paragraph-m\">Play<\/p>\n                                <\/div>\n                            <\/div>\n                        <\/a>\n                    \n                            <\/div>\n        \n                                                    <div class=\"content__box content__box--2\"\n                     >\n                                        \n                    \n                                                    <div class=\"prose\"><p>Aus der Welt des Mittelalters der \u201eSammlung Mayer\u201c kommend, betritt man zun\u00e4chst dieselbe Zeitebene mit erlesenen Buchkunstwerken, Heiligenfiguren, Tafelbildern, Zimelien (Teilen eines Kirchenschatzes) und liturgischen Textilien. Von besonderer Bedeutung ist der Tragaltar aus B\u00f6hmen von 1375. In der \u201eMadonna mit Kind\u201c von Bernard van Orley (um 1520\u201340) und dem Backgammon (um 1550) kommt bereits der Geist der Renaissance zum Ausdruck.\u00a0<\/p>\n<p>Einen Schwerpunkt bildet das Barock, vertreten durch Gem\u00e4lde mit sakralen und weltlichen Themen bedeutender \u00f6sterreichischer Barockmaler wie Martin Johann Schmidt (\u201eKremser Schmidt\u201c) und Johann von Lederwasch. Neu hinzu gekommen ist neben weiteren Dauerleihgaben aus der \u201eSammlung Karl Mayr\u201c niederl\u00e4ndische Malerei von Gerard Dou und Rachel Ruysch.<\/p>\n<p>\u00a0<\/p>\n<p>Dem Stiftsbildhauer Josef Stammel (1695\u20131765) und dem umfangreichen Werk des Admonter Benediktiners Frater Benno Haan (1631\u20131720) sind eigene Bereiche gewidmet. Der Kunststicker Benno Haan hat f\u00fcr das Stift Admont eine F\u00fclle an liturgischen Gew\u00e4ndern geschaffen \u2013 jedes St\u00fcck von unsch\u00e4tzbarem Wert und h\u00f6chster Qualit\u00e4t. Zu den barocken Zimelien z\u00e4hlen Monstranzen, darunter eine prachtvolle barocke Festmonstranz (1741), Kelche, Brustkreuze der \u00c4bte und mehr.<\/p>\n<p>\u00a0<\/p>\n<p>In der neu aufgestellten Abteilung zugegen ist nun auch Kunst des 19. und 20. Jahrhunderts, so etwa Gem\u00e4lde von Rudolf von Alt, Friedrich Gauermann, Carl Spitzweg sowie liturgisches Ger\u00e4t aus der Neugotik. Vertreter der \u00f6sterreichischen Kunst unserer Zeit am Ende des Rundganges bilden eine Br\u00fccke zum \u201eMuseum f\u00fcr Gegenwartskunst\u201c im 2. Obergescho\u00df.<\/p>\n<p>Eine Reihe der f\u00fcr die Geschichte des Stiftes Admont besonders repr\u00e4sentativen Werke finden Sie einen Stock h\u00f6her in der Jubil\u00e4umsausstellung.<\/p>\n<\/div>\n                        \n                                    <\/div>\n            \n            <\/div>\n<\/div>\n\n    <div class=\"background__container background__container--beige\">\n    <\/div>\n\n<\/section>\n\n<section id='lightpress__section--block_103f631bcab6e58ff0b6df3fb0794690' class='lightpress__section--default-section-space lightpress__section lightpress__section--content'><div class=\"content__inner\"\n         x-init=\"initContentBlockAnim($el)\">\n        \n    <div class=\"content__grid content__grid\">\n                                            <div class=\"content__box content__box--one-hundred\"\n                 style=\"\">\n                                \n                \n                                            <div class=\"prose\"><\/div>\n                    \n                            <\/div>\n        \n            <\/div>\n<\/div>\n\n<\/section>\n\n<section id='lightpress__section--block_8af7166dcbe8a01e5e85aae2bb5fbece' class='lightpress__section--default-section-space lightpress__section lightpress__section--image-slider'>\n<div class=\"image-slider\"\n     x-data=\"{ gallery: null, shown: false }\"\n     x-init=\"gallery = initSliderGallery([{&quot;href&quot;:&quot;https:\\\/\\\/stiftadmont.at\\\/wp-content\\\/uploads\\\/Stift-Admont-KHM-Gotik-Romantik-\\u00a9-Michael-Braunsteiner-1920x1280.jpg&quot;,&quot;type&quot;:&quot;image&quot;},{&quot;href&quot;:&quot;https:\\\/\\\/stiftadmont.at\\\/wp-content\\\/uploads\\\/Stift-Admont-KHM-Gotik-GWK-\\u00a9-Michael-Braunsteiner-5-1920x1280.jpg&quot;,&quot;type&quot;:&quot;image&quot;},{&quot;href&quot;:&quot;https:\\\/\\\/stiftadmont.at\\\/wp-content\\\/uploads\\\/Stift-Admont-KHM-Gotik-GWK-\\u00a9-Michael-Braunsteiner-3-1920x1280.jpg&quot;,&quot;type&quot;:&quot;image&quot;},{&quot;href&quot;:&quot;https:\\\/\\\/stiftadmont.at\\\/wp-content\\\/uploads\\\/Stift-Admont-KHM-Barock-\\u00a9-Michael-Braunsteiner-2-1920x1280.jpg&quot;,&quot;type&quot;:&quot;image&quot;},{&quot;href&quot;:&quot;https:\\\/\\\/stiftadmont.at\\\/wp-content\\\/uploads\\\/Stift-Admont-KHM-Gotik-GWK-\\u00a9-Michael-Braunsteiner-1-1920x1280.jpg&quot;,&quot;type&quot;:&quot;image&quot;},{&quot;href&quot;:&quot;https:\\\/\\\/stiftadmont.at\\\/wp-content\\\/uploads\\\/Stift-Admont-KHM-Gotik-GWK-\\u00a9-Michael-Braunsteiner-4-1920x1280.jpg&quot;,&quot;type&quot;:&quot;image&quot;}]); initImageSliderBlockAnim($el);\">\n    <div class=\"image-slider__inner\">\n\n        <div class=\"swiper-container\" x-init=\"initImageSliderBlock($el, $refs.btnPrev, $refs.btnNext)\">\n            <div class=\"swiper-wrapper\">\n                                    <div class=\"swiper-slide\">\n                        <div class=\"image-slider__media\">\n                            <img decoding=\"async\" class=\"image-slider__image\"\n                                 src=\"https:\/\/stiftadmont.at\/wp-content\/uploads\/Stift-Admont-KHM-Gotik-Romantik-\u00a9-Michael-Braunsteiner-768x512.jpg\"\n                                 alt=\"Stift Admont   KHM Gotik Romantik \u00a9 Michael Braunsteiner\">\n                        <\/div>\n                    <\/div>\n                                    <div class=\"swiper-slide\">\n                        <div class=\"image-slider__media\">\n                            <img decoding=\"async\" class=\"image-slider__image\"\n                                 src=\"https:\/\/stiftadmont.at\/wp-content\/uploads\/Stift-Admont-KHM-Gotik-GWK-\u00a9-Michael-Braunsteiner-5-768x512.jpg\"\n                                 alt=\"Stift Admont   KHM Gotik GWK \u00a9 Michael Braunsteiner 5\">\n                        <\/div>\n                    <\/div>\n                                    <div class=\"swiper-slide\">\n                        <div class=\"image-slider__media\">\n                            <img decoding=\"async\" class=\"image-slider__image\"\n                                 src=\"https:\/\/stiftadmont.at\/wp-content\/uploads\/Stift-Admont-KHM-Gotik-GWK-\u00a9-Michael-Braunsteiner-3-768x512.jpg\"\n                                 alt=\"Stift Admont   KHM Gotik GWK \u00a9 Michael Braunsteiner 3\">\n                        <\/div>\n                    <\/div>\n                                    <div class=\"swiper-slide\">\n                        <div class=\"image-slider__media\">\n                            <img decoding=\"async\" class=\"image-slider__image\"\n                                 src=\"https:\/\/stiftadmont.at\/wp-content\/uploads\/Stift-Admont-KHM-Barock-\u00a9-Michael-Braunsteiner-2-768x512.jpg\"\n                                 alt=\"Stift Admont   KHM Barock \u00a9 Michael Braunsteiner 2\">\n                        <\/div>\n                    <\/div>\n                                    <div class=\"swiper-slide\">\n                        <div class=\"image-slider__media\">\n                            <img decoding=\"async\" class=\"image-slider__image\"\n                                 src=\"https:\/\/stiftadmont.at\/wp-content\/uploads\/Stift-Admont-KHM-Gotik-GWK-\u00a9-Michael-Braunsteiner-1-768x512.jpg\"\n                                 alt=\"Stift Admont   KHM Gotik GWK \u00a9 Michael Braunsteiner 1\">\n                        <\/div>\n                    <\/div>\n                                    <div class=\"swiper-slide\">\n                        <div class=\"image-slider__media\">\n                            <img decoding=\"async\" class=\"image-slider__image\"\n                                 src=\"https:\/\/stiftadmont.at\/wp-content\/uploads\/Stift-Admont-KHM-Gotik-GWK-\u00a9-Michael-Braunsteiner-4-768x512.jpg\"\n                                 alt=\"Stift Admont   KHM Gotik GWK \u00a9 Michael Braunsteiner 4\">\n                        <\/div>\n                    <\/div>\n                            <\/div>\n\n            <div class=\"swiper-nav-wrapper\">\n                <button class=\"swiper-button-prev slider-button--prev\" x-ref=\"btnPrev\"\n                        aria-label=\"Vorige Bilder anzeigen\">\n                    <img decoding=\"async\" src=\"\/wp-content\/themes\/stift-admont\/src\/assets\/img\/arrow-left-big-new.svg\" alt=\"Pfeil nach Links\">\n                <\/button>\n\n\n                <a class=\"image-slider__gallery\" @click=\"openGallery(gallery)\"><i class=\"fa-thin fa-plus\"><\/i><\/a>\n                <button class=\"swiper-button-next slider-button--next\"\n                        x-ref=\"btnNext\"\n                        aria-label=\"N\u00e4chste Bilder anzeigen\">\n                    <img decoding=\"async\" src=\"\/wp-content\/themes\/stift-admont\/src\/assets\/img\/arrow-right-big-new.svg\" alt=\"Pfeil nach Rechts\">\n                <\/button>\n            <\/div>\n        <\/div>\n    <\/div>\n\n\n<\/div><\/section>","protected":false},"excerpt":{"rendered":"","protected":false},"author":7,"featured_media":26131,"parent":13092,"menu_order":0,"comment_status":"closed","ping_status":"closed","template":"","meta":{"_acf_changed":false,"footnotes":""},"categories":[74],"class_list":["post-24259","page","type-page","status-publish","has-post-thumbnail","hentry","category-aktuelle-ausstellungen"],"acf":[],"yoast_head":"<!-- This site is optimized with the Yoast SEO Premium plugin v26.0 (Yoast SEO v26.8) - https:\/\/yoast.com\/product\/yoast-seo-premium-wordpress\/ -->\n<title>Admonter Kunstsch\u00e4tze neu pr\u00e4sentiert - Stift Admont<\/title>\n<meta name=\"robots\" content=\"index, follow, max-snippet:-1, max-image-preview:large, max-video-preview:-1\" \/>\n<link rel=\"canonical\" href=\"https:\/\/stiftadmont.at\/pl\/aktualne-wystawy\/nowo-zaprezentowane-skarby-sztuki-admont\/\" \/>\n<meta property=\"og:locale\" content=\"pl_PL\" \/>\n<meta property=\"og:type\" content=\"article\" \/>\n<meta property=\"og:title\" content=\"Admonter Kunstsch\u00e4tze neu pr\u00e4sentiert\" \/>\n<meta property=\"og:url\" content=\"https:\/\/stiftadmont.at\/pl\/aktualne-wystawy\/nowo-zaprezentowane-skarby-sztuki-admont\/\" \/>\n<meta property=\"og:site_name\" content=\"Stift Admont\" \/>\n<meta property=\"article:modified_time\" content=\"2025-02-26T10:44:10+00:00\" \/>\n<meta property=\"og:image\" content=\"https:\/\/stiftadmont.at\/wp-content\/uploads\/Stift-Admont-KHM-Barock-\u00a9-Michael-Braunsteiner-2-1024x683.jpg\" \/>\n\t<meta property=\"og:image:width\" content=\"1024\" \/>\n\t<meta property=\"og:image:height\" content=\"683\" \/>\n\t<meta property=\"og:image:type\" content=\"image\/jpeg\" \/>\n<meta name=\"twitter:card\" content=\"summary_large_image\" \/>\n<meta name=\"twitter:label1\" content=\"Szacowany czas czytania\" \/>\n\t<meta name=\"twitter:data1\" content=\"1 minuta\" \/>\n<script type=\"application\/ld+json\" class=\"yoast-schema-graph\">{\"@context\":\"https:\/\/schema.org\",\"@graph\":[{\"@type\":\"WebPage\",\"@id\":\"https:\/\/stiftadmont.at\/aktuelle-ausstellungen\/admonter-kunstschaetze-neu-praesentiert\/\",\"url\":\"https:\/\/stiftadmont.at\/aktuelle-ausstellungen\/admonter-kunstschaetze-neu-praesentiert\/\",\"name\":\"Admonter Kunstsch\u00e4tze neu pr\u00e4sentiert - Stift Admont\",\"isPartOf\":{\"@id\":\"https:\/\/stiftadmont.at\/#website\"},\"primaryImageOfPage\":{\"@id\":\"https:\/\/stiftadmont.at\/aktuelle-ausstellungen\/admonter-kunstschaetze-neu-praesentiert\/#primaryimage\"},\"image\":{\"@id\":\"https:\/\/stiftadmont.at\/aktuelle-ausstellungen\/admonter-kunstschaetze-neu-praesentiert\/#primaryimage\"},\"thumbnailUrl\":\"https:\/\/stiftadmont.at\/wp-content\/uploads\/Stift-Admont-KHM-Barock-\u00a9-Michael-Braunsteiner-2.jpg\",\"datePublished\":\"2023-12-20T09:21:37+00:00\",\"dateModified\":\"2025-02-26T10:44:10+00:00\",\"breadcrumb\":{\"@id\":\"https:\/\/stiftadmont.at\/aktuelle-ausstellungen\/admonter-kunstschaetze-neu-praesentiert\/#breadcrumb\"},\"inLanguage\":\"pl-PL\",\"potentialAction\":[{\"@type\":\"ReadAction\",\"target\":[\"https:\/\/stiftadmont.at\/aktuelle-ausstellungen\/admonter-kunstschaetze-neu-praesentiert\/\"]}]},{\"@type\":\"ImageObject\",\"inLanguage\":\"pl-PL\",\"@id\":\"https:\/\/stiftadmont.at\/aktuelle-ausstellungen\/admonter-kunstschaetze-neu-praesentiert\/#primaryimage\",\"url\":\"https:\/\/stiftadmont.at\/wp-content\/uploads\/Stift-Admont-KHM-Barock-\u00a9-Michael-Braunsteiner-2.jpg\",\"contentUrl\":\"https:\/\/stiftadmont.at\/wp-content\/uploads\/Stift-Admont-KHM-Barock-\u00a9-Michael-Braunsteiner-2.jpg\",\"width\":2500,\"height\":1667,\"caption\":\"Stift Admont KHM Barock \u00a9 Michael Braunsteiner 2\"},{\"@type\":\"BreadcrumbList\",\"@id\":\"https:\/\/stiftadmont.at\/aktuelle-ausstellungen\/admonter-kunstschaetze-neu-praesentiert\/#breadcrumb\",\"itemListElement\":[{\"@type\":\"ListItem\",\"position\":1,\"name\":\"Start\",\"item\":\"https:\/\/stiftadmont.at\/\"},{\"@type\":\"ListItem\",\"position\":2,\"name\":\"Aktuelle Ausstellungen\",\"item\":\"https:\/\/stiftadmont.at\/aktuelle-ausstellungen\/\"},{\"@type\":\"ListItem\",\"position\":3,\"name\":\"Admonter Kunstsch\u00e4tze neu pr\u00e4sentiert\"}]},{\"@type\":\"WebSite\",\"@id\":\"https:\/\/stiftadmont.at\/#website\",\"url\":\"https:\/\/stiftadmont.at\/\",\"name\":\"Stift Admont\",\"description\":\"Benediktinerkloster und Sehensw\u00fcrdigkeit im Ges\u00e4use\",\"potentialAction\":[{\"@type\":\"SearchAction\",\"target\":{\"@type\":\"EntryPoint\",\"urlTemplate\":\"https:\/\/stiftadmont.at\/?s={search_term_string}\"},\"query-input\":{\"@type\":\"PropertyValueSpecification\",\"valueRequired\":true,\"valueName\":\"search_term_string\"}}],\"inLanguage\":\"pl-PL\"}]}<\/script>\n<!-- \/ Yoast SEO Premium plugin. -->","yoast_head_json":{"title":"Skarby sztuki Admont zaprezentowane na nowo - Opactwo Admont","robots":{"index":"index","follow":"follow","max-snippet":"max-snippet:-1","max-image-preview":"max-image-preview:large","max-video-preview":"max-video-preview:-1"},"canonical":"https:\/\/stiftadmont.at\/pl\/aktualne-wystawy\/nowo-zaprezentowane-skarby-sztuki-admont\/","og_locale":"pl_PL","og_type":"article","og_title":"Admonter Kunstsch\u00e4tze neu pr\u00e4sentiert","og_url":"https:\/\/stiftadmont.at\/pl\/aktualne-wystawy\/nowo-zaprezentowane-skarby-sztuki-admont\/","og_site_name":"Stift Admont","article_modified_time":"2025-02-26T10:44:10+00:00","og_image":[{"width":1024,"height":683,"url":"https:\/\/stiftadmont.at\/wp-content\/uploads\/Stift-Admont-KHM-Barock-\u00a9-Michael-Braunsteiner-2-1024x683.jpg","type":"image\/jpeg"}],"twitter_card":"summary_large_image","twitter_misc":{"Szacowany czas czytania":"1 minuta"},"schema":{"@context":"https:\/\/schema.org","@graph":[{"@type":"WebPage","@id":"https:\/\/stiftadmont.at\/aktuelle-ausstellungen\/admonter-kunstschaetze-neu-praesentiert\/","url":"https:\/\/stiftadmont.at\/aktuelle-ausstellungen\/admonter-kunstschaetze-neu-praesentiert\/","name":"Skarby sztuki Admont zaprezentowane na nowo - Opactwo Admont","isPartOf":{"@id":"https:\/\/stiftadmont.at\/#website"},"primaryImageOfPage":{"@id":"https:\/\/stiftadmont.at\/aktuelle-ausstellungen\/admonter-kunstschaetze-neu-praesentiert\/#primaryimage"},"image":{"@id":"https:\/\/stiftadmont.at\/aktuelle-ausstellungen\/admonter-kunstschaetze-neu-praesentiert\/#primaryimage"},"thumbnailUrl":"https:\/\/stiftadmont.at\/wp-content\/uploads\/Stift-Admont-KHM-Barock-\u00a9-Michael-Braunsteiner-2.jpg","datePublished":"2023-12-20T09:21:37+00:00","dateModified":"2025-02-26T10:44:10+00:00","breadcrumb":{"@id":"https:\/\/stiftadmont.at\/aktuelle-ausstellungen\/admonter-kunstschaetze-neu-praesentiert\/#breadcrumb"},"inLanguage":"pl-PL","potentialAction":[{"@type":"ReadAction","target":["https:\/\/stiftadmont.at\/aktuelle-ausstellungen\/admonter-kunstschaetze-neu-praesentiert\/"]}]},{"@type":"ImageObject","inLanguage":"pl-PL","@id":"https:\/\/stiftadmont.at\/aktuelle-ausstellungen\/admonter-kunstschaetze-neu-praesentiert\/#primaryimage","url":"https:\/\/stiftadmont.at\/wp-content\/uploads\/Stift-Admont-KHM-Barock-\u00a9-Michael-Braunsteiner-2.jpg","contentUrl":"https:\/\/stiftadmont.at\/wp-content\/uploads\/Stift-Admont-KHM-Barock-\u00a9-Michael-Braunsteiner-2.jpg","width":2500,"height":1667,"caption":"Stift Admont KHM Barock \u00a9 Michael Braunsteiner 2"},{"@type":"BreadcrumbList","@id":"https:\/\/stiftadmont.at\/aktuelle-ausstellungen\/admonter-kunstschaetze-neu-praesentiert\/#breadcrumb","itemListElement":[{"@type":"ListItem","position":1,"name":"Start","item":"https:\/\/stiftadmont.at\/"},{"@type":"ListItem","position":2,"name":"Aktuelle Ausstellungen","item":"https:\/\/stiftadmont.at\/aktuelle-ausstellungen\/"},{"@type":"ListItem","position":3,"name":"Admonter Kunstsch\u00e4tze neu pr\u00e4sentiert"}]},{"@type":"WebSite","@id":"https:\/\/stiftadmont.at\/#website","url":"https:\/\/stiftadmont.at\/","name":"Opactwo Admont","description":"Benedykty\u0144ski klasztor i atrakcja turystyczna w Ges\u00e4use","potentialAction":[{"@type":"SearchAction","target":{"@type":"EntryPoint","urlTemplate":"https:\/\/stiftadmont.at\/?s={search_term_string}"},"query-input":{"@type":"PropertyValueSpecification","valueRequired":true,"valueName":"search_term_string"}}],"inLanguage":"pl-PL"}]}},"_links":{"self":[{"href":"https:\/\/stiftadmont.at\/pl\/wp-json\/wp\/v2\/pages\/24259","targetHints":{"allow":["GET"]}}],"collection":[{"href":"https:\/\/stiftadmont.at\/pl\/wp-json\/wp\/v2\/pages"}],"about":[{"href":"https:\/\/stiftadmont.at\/pl\/wp-json\/wp\/v2\/types\/page"}],"author":[{"embeddable":true,"href":"https:\/\/stiftadmont.at\/pl\/wp-json\/wp\/v2\/users\/7"}],"replies":[{"embeddable":true,"href":"https:\/\/stiftadmont.at\/pl\/wp-json\/wp\/v2\/comments?post=24259"}],"version-history":[{"count":43,"href":"https:\/\/stiftadmont.at\/pl\/wp-json\/wp\/v2\/pages\/24259\/revisions"}],"predecessor-version":[{"id":33118,"href":"https:\/\/stiftadmont.at\/pl\/wp-json\/wp\/v2\/pages\/24259\/revisions\/33118"}],"up":[{"embeddable":true,"href":"https:\/\/stiftadmont.at\/pl\/wp-json\/wp\/v2\/pages\/13092"}],"wp:featuredmedia":[{"embeddable":true,"href":"https:\/\/stiftadmont.at\/pl\/wp-json\/wp\/v2\/media\/26131"}],"wp:attachment":[{"href":"https:\/\/stiftadmont.at\/pl\/wp-json\/wp\/v2\/media?parent=24259"}],"wp:term":[{"taxonomy":"category","embeddable":true,"href":"https:\/\/stiftadmont.at\/pl\/wp-json\/wp\/v2\/categories?post=24259"}],"curies":[{"name":"wp","href":"https:\/\/api.w.org\/{rel}","templated":true}]}}