{"id":27126,"date":"2024-03-06T13:08:29","date_gmt":"2024-03-06T11:08:29","guid":{"rendered":"https:\/\/stiftadmont.at\/?page_id=27126"},"modified":"2025-03-07T10:49:03","modified_gmt":"2025-03-07T08:49:03","slug":"poziom-b-b4-hofsteatter","status":"publish","type":"page","link":"https:\/\/stiftadmont.at\/pl\/gesundheitszentrum-admont\/ebene-b-b4-hofsteatter\/","title":{"rendered":"Poziom B | B4 - HOFST\u00c4TTER"},"content":{"rendered":"<section id='lightpress__section--block_631f3da4489e59b2349487783cec66a4' class='align-center lightpress__section--default-section-space lightpress__section lightpress__section--headline'><div class=\"headline__container\">\n            <h2 class=\"headline text--40 text-medium line line--gold line-above line-middle\">Poziom B4 - Gabriele Hofst\u00e4tter<\/h2>\n        <p class=\"text-center text-gold text--20 text-medium text--uppercase\">Komercyjna masa\u017cystka, Dip. Praktyk shiatsu <\/p>\n        <div class=\"spacer--40\"><\/div>\n<\/div>\n\n<\/section>\n\n<section id='lightpress__section--block_0dbaacc66cfae3e683e4c1ec1c825c35' class='bg--beige lightpress__section--colored-bg lightpress__section--default-section-space lightpress__section lightpress__section--content'><div class=\"content__inner\"\n         x-init=\"initContentBlockAnim($el)\">\n        \n    <div class=\"content__grid content__grid--fifty-fifty\">\n                                            <div class=\"content__box content__box\"\n                 style=\"\">\n                                \n                \n                                            <div class=\"prose\"><h5 class=\"heading-m line line-above line--gold\">Masa\u017c leczniczy \/ masa\u017c ca\u0142ego cia\u0142a lub cz\u0119\u015bciowy<\/h5>\n<p>\u00a0<\/p>\n<p class=\"paragraph-m\">Napi\u0119cie i stwardnienie mi\u0119\u015bni s\u0105 uwalniane poprzez g\u0142askanie, ugniatanie i r\u00f3\u017cne chwyty. Osi\u0105gane jest optymalne kr\u0105\u017cenie krwi w tkankach.<\/p>\n<p>\u00a0<\/p>\n<p>\u00a0<\/p>\n<h5 class=\"heading-m line line-above line--gold\">Leczenie shiatsu<\/h5>\n<p>\u00a0<\/p>\n<p class=\"paragraph-m\">Holistyczna metoda uzdrawiania z Dalekiego Wschodu w celu zharmonizowania przep\u0142ywu energii. Uciskanie punkt\u00f3w meridianowych palcami i d\u0142o\u0144mi. Zabieg jest dostosowany do potrzeb i \u017cycze\u0144 klienta.<\/p>\n<p>\u00a0<\/p>\n<p>\u00a0<\/p>\n<h5 class=\"heading-m line line-above line--gold\">Quantum Bodywork<\/h5>\n<p>\u00a0<\/p>\n<p class=\"paragraph-m\">Leczenie czaszkowo-krzy\u017cowe<\/p>\n<h6>\u00a0<\/h6>\n<h6>\u00a0<\/h6>\n<h6>\u00a0<\/h6>\n<h5 class=\"heading-m line line-above line--gold\">Masa\u017c refleksologiczny st\u00f3p<\/h5>\n<p>\u00a0<\/p>\n<p class=\"paragraph-m\">Wszystkie narz\u0105dy i cz\u0119\u015bci cia\u0142a maj\u0105 powi\u0105zane strefy odruchowe na stopie. S\u0105 one stymulowane do samoleczenia poprzez specjalny masa\u017c uciskowy.<\/p>\n<\/div>\n                    \n                            <\/div>\n        \n                                                    <div class=\"content__box content__box--2\"\n                     >\n                                        \n                    \n                                                    <div class=\"prose\"><h5 class=\"heading-m line line-above line--gold\">Drena\u017c limfatyczny<\/h5>\n<p>\u00a0<\/p>\n<p class=\"paragraph-m\">Specjalna delikatna technika jest u\u017cywana do stymulowania przep\u0142ywu limfy i usuwania zmagazynowanych toksyn i produkt\u00f3w przemiany materii.<\/p>\n<h6>\u00a0<\/h6>\n<h6>\u00a0<\/h6>\n<h6>\u00a0<\/h6>\n<h5 class=\"heading-m line line-above line--gold\">Sommoterapia z podczerwieni\u0105<\/h5>\n<p>\u00a0<\/p>\n<p class=\"paragraph-m\">Metoda, kt\u00f3ra harmonizuje obwody regulacyjne w organizmie w perspektywie d\u0142ugoterminowej.<\/p>\n<p>\u00a0<\/p>\n<p class=\"paragraph-m\">-\u00a0<strong>Mikrowibracje\u00a0<\/strong>dzia\u0142a na kom\u00f3rki organizmu.<br \/>-\u00a0<strong>Wibracje\u00a0<\/strong>s\u0105 postrzegane w zakresie s\u0142yszalnym, jako d\u017awi\u0119ki i muzyka.<br \/>-\u00a0<strong>Rezonans elektromagnetyczny<\/strong>\u00a0przede wszystkim stymuluje ca\u0142y metabolizm kom\u00f3rkowy.<br \/>-\u00a0<strong>Podczerwie\u0144\u00a0<\/strong>z g\u0142\u0119bokim ciep\u0142em zapewnia lepsze kr\u0105\u017cenie krwi i detoksykacj\u0119.<\/p>\n<\/div>\n                        \n                                    <\/div>\n            \n            <\/div>\n<\/div>\n\n    <div class=\"background__container background__container--beige\">\n    <\/div>\n\n<\/section>\n\n<section id='lightpress__section--block_c9cd3820fea29a85ce12f8ea094aaf83' class='lightpress__section--default-section-space lightpress__section lightpress__section--content'><div class=\"content__inner\"\n         x-init=\"initContentBlockAnim($el)\">\n        \n    <div class=\"content__grid content__grid--fifty-fifty\">\n                                            <div class=\"content__box content__box\"\n                 style=\"\">\n                                \n                \n                                            <div class=\"prose\"><h5 class=\"heading-m line line-above line--gold\">Skontaktuj si\u0119 z nami<\/h5>\n<p>\u00a0<\/p>\n<p>Centrum Zdrowia Admont<\/p>\n<p>Gabriele Hofst\u00e4tter<\/p>\n<p class=\"paragraph-m\">G\u0142\u00f3wna ulica 167<br \/>8911 Admont<\/p>\n<p>\u00a0<\/p>\n<p><a class=\"phone\" href=\"tel:+436641547973\"><span class=\"icon-outer\"><i class=\"fa-light fa-phone\"><\/i><\/span>+43 (0)664 \/ 1547973<\/a><\/p>\n<p>\u00a0<\/p>\n<p>\u00a0<\/p>\n<p>\u00a0<\/p>\n<h5 class=\"heading-m line line-above line--gold\"><strong>Godziny otwarcia<\/strong><\/h5>\n<h5>\u00a0<\/h5>\n<p class=\"paragraph-m\">Od poniedzia\u0142ku do pi\u0105tku od 08:00 do 18:00<\/p>\n<\/div>\n                    \n                            <\/div>\n        \n                                                    <div class=\"content__box content__box--2\"\n                     >\n                                        \n                    \n                                                <div class=\"content__media stickyTo\" x-init=\"imageSticky($el)\">\n\n                                                                                    <picture\n                                    class=\"content__image sticky\">\n                                <source srcset=\"https:\/\/stiftadmont.at\/wp-content\/uploads\/Gesundheitszentrum_aussen-\u00a9Thoms-Sattler_www_Neu-1024x683.webp\" type=\"image\/webp\">\n                                <source srcset=\"https:\/\/stiftadmont.at\/wp-content\/uploads\/Gesundheitszentrum_aussen-\u00a9Thoms-Sattler_www_Neu-1024x683.jpg\" type=\"image\/jpeg\">\n                                <img decoding=\"async\" class=\"sticky\" loading=\"lazy\" src=\"https:\/\/stiftadmont.at\/wp-content\/uploads\/Gesundheitszentrum_aussen-\u00a9Thoms-Sattler_www_Neu-1024x683.jpg\"\n                                     alt=\"Wygl\u0105d zewn\u0119trzny o\u015brodka zdrowia \u00a9Thoms Sattler www Neu scaled\">\n\n                                                                                                                            <\/picture>\n\n                        <\/div>\n\n                                    <\/div>\n            \n            <\/div>\n<\/div>\n\n<\/section>","protected":false},"excerpt":{"rendered":"","protected":false},"author":7,"featured_media":0,"parent":545,"menu_order":0,"comment_status":"closed","ping_status":"closed","template":"","meta":{"_acf_changed":false,"footnotes":""},"categories":[],"class_list":["post-27126","page","type-page","status-publish","hentry"],"acf":[],"yoast_head":"<!-- This site is optimized with the Yoast SEO Premium plugin v26.0 (Yoast SEO v26.8) - https:\/\/yoast.com\/product\/yoast-seo-premium-wordpress\/ -->\n<title>Ebene B | B4 \u2013 HOFST\u00c4TTER - Stift Admont<\/title>\n<meta name=\"robots\" content=\"index, follow, max-snippet:-1, max-image-preview:large, max-video-preview:-1\" \/>\n<link rel=\"canonical\" href=\"https:\/\/stiftadmont.at\/pl\/centrum-zdrowia-admont\/poziom-b-b4-hofsteatter\/\" \/>\n<meta property=\"og:locale\" content=\"pl_PL\" \/>\n<meta property=\"og:type\" content=\"article\" \/>\n<meta property=\"og:title\" content=\"Ebene B | B4 \u2013 HOFST\u00c4TTER\" \/>\n<meta property=\"og:url\" content=\"https:\/\/stiftadmont.at\/pl\/centrum-zdrowia-admont\/poziom-b-b4-hofsteatter\/\" \/>\n<meta property=\"og:site_name\" content=\"Stift Admont\" \/>\n<meta property=\"article:modified_time\" content=\"2025-03-07T08:49:03+00:00\" \/>\n<meta property=\"og:image\" content=\"https:\/\/stiftadmont.at\/wp-content\/uploads\/Klosteranlage-innen.jpg\" \/>\n\t<meta property=\"og:image:width\" content=\"1912\" \/>\n\t<meta property=\"og:image:height\" content=\"1188\" \/>\n\t<meta property=\"og:image:type\" content=\"image\/jpeg\" \/>\n<meta name=\"twitter:card\" content=\"summary_large_image\" \/>\n<script type=\"application\/ld+json\" class=\"yoast-schema-graph\">{\"@context\":\"https:\/\/schema.org\",\"@graph\":[{\"@type\":\"WebPage\",\"@id\":\"https:\/\/stiftadmont.at\/gesundheitszentrum-admont\/ebene-b-b4-hofsteatter\/\",\"url\":\"https:\/\/stiftadmont.at\/gesundheitszentrum-admont\/ebene-b-b4-hofsteatter\/\",\"name\":\"Ebene B | B4 \u2013 HOFST\u00c4TTER - Stift Admont\",\"isPartOf\":{\"@id\":\"https:\/\/stiftadmont.at\/#website\"},\"datePublished\":\"2024-03-06T11:08:29+00:00\",\"dateModified\":\"2025-03-07T08:49:03+00:00\",\"breadcrumb\":{\"@id\":\"https:\/\/stiftadmont.at\/gesundheitszentrum-admont\/ebene-b-b4-hofsteatter\/#breadcrumb\"},\"inLanguage\":\"pl-PL\",\"potentialAction\":[{\"@type\":\"ReadAction\",\"target\":[\"https:\/\/stiftadmont.at\/gesundheitszentrum-admont\/ebene-b-b4-hofsteatter\/\"]}]},{\"@type\":\"BreadcrumbList\",\"@id\":\"https:\/\/stiftadmont.at\/gesundheitszentrum-admont\/ebene-b-b4-hofsteatter\/#breadcrumb\",\"itemListElement\":[{\"@type\":\"ListItem\",\"position\":1,\"name\":\"Start\",\"item\":\"https:\/\/stiftadmont.at\/\"},{\"@type\":\"ListItem\",\"position\":2,\"name\":\"Gesundheitszentrum Admont\",\"item\":\"https:\/\/stiftadmont.at\/gesundheitszentrum-admont\/\"},{\"@type\":\"ListItem\",\"position\":3,\"name\":\"Ebene B | B4 \u2013 HOFST\u00c4TTER\"}]},{\"@type\":\"WebSite\",\"@id\":\"https:\/\/stiftadmont.at\/#website\",\"url\":\"https:\/\/stiftadmont.at\/\",\"name\":\"Stift Admont\",\"description\":\"Benediktinerkloster und Sehensw\u00fcrdigkeit im Ges\u00e4use\",\"potentialAction\":[{\"@type\":\"SearchAction\",\"target\":{\"@type\":\"EntryPoint\",\"urlTemplate\":\"https:\/\/stiftadmont.at\/?s={search_term_string}\"},\"query-input\":{\"@type\":\"PropertyValueSpecification\",\"valueRequired\":true,\"valueName\":\"search_term_string\"}}],\"inLanguage\":\"pl-PL\"}]}<\/script>\n<!-- \/ Yoast SEO Premium plugin. -->","yoast_head_json":{"title":"Poziom B | B4 - HOFST\u00c4TTER - Opactwo Admont","robots":{"index":"index","follow":"follow","max-snippet":"max-snippet:-1","max-image-preview":"max-image-preview:large","max-video-preview":"max-video-preview:-1"},"canonical":"https:\/\/stiftadmont.at\/pl\/centrum-zdrowia-admont\/poziom-b-b4-hofsteatter\/","og_locale":"pl_PL","og_type":"article","og_title":"Ebene B | B4 \u2013 HOFST\u00c4TTER","og_url":"https:\/\/stiftadmont.at\/pl\/centrum-zdrowia-admont\/poziom-b-b4-hofsteatter\/","og_site_name":"Stift Admont","article_modified_time":"2025-03-07T08:49:03+00:00","og_image":[{"width":1912,"height":1188,"url":"https:\/\/stiftadmont.at\/wp-content\/uploads\/Klosteranlage-innen.jpg","type":"image\/jpeg"}],"twitter_card":"summary_large_image","schema":{"@context":"https:\/\/schema.org","@graph":[{"@type":"WebPage","@id":"https:\/\/stiftadmont.at\/gesundheitszentrum-admont\/ebene-b-b4-hofsteatter\/","url":"https:\/\/stiftadmont.at\/gesundheitszentrum-admont\/ebene-b-b4-hofsteatter\/","name":"Poziom B | B4 - HOFST\u00c4TTER - Opactwo Admont","isPartOf":{"@id":"https:\/\/stiftadmont.at\/#website"},"datePublished":"2024-03-06T11:08:29+00:00","dateModified":"2025-03-07T08:49:03+00:00","breadcrumb":{"@id":"https:\/\/stiftadmont.at\/gesundheitszentrum-admont\/ebene-b-b4-hofsteatter\/#breadcrumb"},"inLanguage":"pl-PL","potentialAction":[{"@type":"ReadAction","target":["https:\/\/stiftadmont.at\/gesundheitszentrum-admont\/ebene-b-b4-hofsteatter\/"]}]},{"@type":"BreadcrumbList","@id":"https:\/\/stiftadmont.at\/gesundheitszentrum-admont\/ebene-b-b4-hofsteatter\/#breadcrumb","itemListElement":[{"@type":"ListItem","position":1,"name":"Start","item":"https:\/\/stiftadmont.at\/"},{"@type":"ListItem","position":2,"name":"Gesundheitszentrum Admont","item":"https:\/\/stiftadmont.at\/gesundheitszentrum-admont\/"},{"@type":"ListItem","position":3,"name":"Ebene B | B4 \u2013 HOFST\u00c4TTER"}]},{"@type":"WebSite","@id":"https:\/\/stiftadmont.at\/#website","url":"https:\/\/stiftadmont.at\/","name":"Opactwo Admont","description":"Benedykty\u0144ski klasztor i atrakcja turystyczna w Ges\u00e4use","potentialAction":[{"@type":"SearchAction","target":{"@type":"EntryPoint","urlTemplate":"https:\/\/stiftadmont.at\/?s={search_term_string}"},"query-input":{"@type":"PropertyValueSpecification","valueRequired":true,"valueName":"search_term_string"}}],"inLanguage":"pl-PL"}]}},"_links":{"self":[{"href":"https:\/\/stiftadmont.at\/pl\/wp-json\/wp\/v2\/pages\/27126","targetHints":{"allow":["GET"]}}],"collection":[{"href":"https:\/\/stiftadmont.at\/pl\/wp-json\/wp\/v2\/pages"}],"about":[{"href":"https:\/\/stiftadmont.at\/pl\/wp-json\/wp\/v2\/types\/page"}],"author":[{"embeddable":true,"href":"https:\/\/stiftadmont.at\/pl\/wp-json\/wp\/v2\/users\/7"}],"replies":[{"embeddable":true,"href":"https:\/\/stiftadmont.at\/pl\/wp-json\/wp\/v2\/comments?post=27126"}],"version-history":[{"count":18,"href":"https:\/\/stiftadmont.at\/pl\/wp-json\/wp\/v2\/pages\/27126\/revisions"}],"predecessor-version":[{"id":33225,"href":"https:\/\/stiftadmont.at\/pl\/wp-json\/wp\/v2\/pages\/27126\/revisions\/33225"}],"up":[{"embeddable":true,"href":"https:\/\/stiftadmont.at\/pl\/wp-json\/wp\/v2\/pages\/545"}],"wp:attachment":[{"href":"https:\/\/stiftadmont.at\/pl\/wp-json\/wp\/v2\/media?parent=27126"}],"wp:term":[{"taxonomy":"category","embeddable":true,"href":"https:\/\/stiftadmont.at\/pl\/wp-json\/wp\/v2\/categories?post=27126"}],"curies":[{"name":"wp","href":"https:\/\/api.w.org\/{rel}","templated":true}]}}