{"id":27324,"date":"2024-03-22T10:46:32","date_gmt":"2024-03-22T08:46:32","guid":{"rendered":"https:\/\/stiftadmont.at\/?page_id=27324"},"modified":"2025-02-06T16:32:15","modified_gmt":"2025-02-06T14:32:15","slug":"ogolna-wizja-2024","status":"publish","type":"page","link":"https:\/\/stiftadmont.at\/pl\/gesamtvision-2024\/","title":{"rendered":"Og\u00f3lna wizja 2024+"},"content":{"rendered":"<section id='lightpress__section--block_cd3641337ca6d27da837e9418f288973' class='align-center lightpress__section--default-section-space lightpress__section lightpress__section--headline'><div class=\"headline__container\">\n            <p class=\"headline text--40 text-medium line line--gold line-above line-middle\">Die architektonische Gesamtvision des Stiftes Admont 2024+<\/p>\n        <p class=\"text-center text-gold text--20 text-medium text--uppercase\"><\/p>\n        <div class=\"spacer--40\"><\/div>\n<\/div>\n\n<\/section>\n\n<section id='lightpress__section--block_05681a0e114855282651e6f1260e1733' class='lightpress__section--default-section-space lightpress__section lightpress__section--content'><div class=\"content__inner\"\n         x-init=\"initContentBlockAnim($el)\">\n        \n    <div class=\"content__grid content__grid\">\n                                            <div class=\"content__box content__box--one-hundred\"\n                 style=\"\">\n                                \n                \n                                            <div class=\"prose\"><p>Das Benediktinerstift Admont wurde im Jahr 1074 gegr\u00fcndet und ist heute das \u00e4lteste bestehende Kloster der Steiermark. Neben der Stiftskirche Admont und dem Kloster befinden sich zahlreiche weitere Einrichtungen auf der Liegenschaft, wie z.B. die Admonter Stiftsbibliothek mit dem Archiv, der gesamte Museumskomplex sowie das Gymnasium der Benediktiner. Im Jahr 2024 feierte das Kloster sein 950-j\u00e4hriges Jubil\u00e4um. Dies haben Abt Gerhard und das Kapitel zum Anlass genommen eine architektonische Gesamtvision zur Neugestaltung des s\u00fcdlichen Bereichs des Stiftsareals zu entwickeln. Den daf\u00fcr ausgeschriebenen Architekturwettbewerb konnten HOFRICHTER-RITTER Architekten ZT GmbH aus Graz f\u00fcr sich entscheiden.<\/p>\n<\/div>\n                    \n                            <\/div>\n        \n            <\/div>\n<\/div>\n\n<\/section>\n\n<section id='lightpress__section--block_37108b00563c2a74716fbb2791625a76' class='bg--black lightpress__section--colored-bg lightpress__section--default-section-space lightpress__section lightpress__section--content'><div class=\"content__inner\"\n         x-init=\"initContentBlockAnim($el)\">\n        \n    <div class=\"content__grid content__grid--sixty-forty\">\n                                            <div class=\"content__box content__box\"\n                 style=\"\">\n                                \n                \n                                            <div class=\"prose\"><h5 class=\"heading-m line line-above line--gold\">Das Besucherzentrum \/ die neue Pforte<br \/>zum Benediktinerstift Admont<\/h5>\n<p>\u00a0<\/p>\n<p>Mit insgesamt 7.200\u2009m2 Nutzfl\u00e4che erg\u00e4nzt ein linearer, verbindender Bauk\u00f6rper die vorhandenen Geb\u00e4ude zu einem Gesamtensemble, das sowohl den historischen Baudenkm\u00e4lern als auch den funktionellen Anforderungen eines modernen Tourismuserlebnisses gerecht wird. \u00c4hnlich einem pr\u00e4zisen chirurgischen Schnitt legen die Architekten eine leicht geschwungene, lineare Struktur in das historische Ensemble, an dessen Anschlussstellen zu den Bestandsgeb\u00e4uden \u2013 oberirdisch wie unterirdisch \u2013 bestehende Qualit\u00e4ten neu zu Tage treten. F\u00fcr den Besucher ergeben sich somit entlang des Weges v\u00f6llig neue Perspektiven mit interessanten Einblicken in das Zentrum des Klosters. Vom Parkplatz betritt man zentral die \u201ePforte\u201c \u2013 den Empfangsbereich \u2013, von wo man entweder linkerhand in die Weinwelt, best\u00fcckt mit Weinen aus dem stiftischen Weingut, sowie den zentral gelegenen Klosterladen, oder aber nach rechts in das Zentrum des Klosters mit der Stiftskirche, in das Museum oder in die Stiftsbibliothek gelangt.<\/p>\n<\/div>\n                    \n                            <\/div>\n        \n                                                    <div class=\"content__box content__box--2\"\n                     >\n                                        \n                    \n                                                <div class=\"content__media stickyTo\" x-init=\"imageSticky($el)\">\n\n                                                                                    <picture\n                                    class=\"content__image sticky\">\n                                <source srcset=\"https:\/\/stiftadmont.at\/wp-content\/uploads\/Stift-Admont-Gesamtvision-24-plus-\u00a9-Hofrichter-Ritter-Architekten-ZT-GmbH-1024x576.webp\" type=\"image\/webp\">\n                                <source srcset=\"https:\/\/stiftadmont.at\/wp-content\/uploads\/Stift-Admont-Gesamtvision-24-plus-\u00a9-Hofrichter-Ritter-Architekten-ZT-GmbH-1024x576.jpg\" type=\"image\/jpeg\">\n                                <img decoding=\"async\" class=\"sticky\" loading=\"lazy\" src=\"https:\/\/stiftadmont.at\/wp-content\/uploads\/Stift-Admont-Gesamtvision-24-plus-\u00a9-Hofrichter-Ritter-Architekten-ZT-GmbH-1024x576.jpg\"\n                                     alt=\"Stift Admont   Gesamtvision 24 plus \u00a9 Hofrichter Ritter Architekten ZT GmbH\">\n\n                                                                                                                            <\/picture>\n\n                        <\/div>\n\n                                    <\/div>\n            \n            <\/div>\n<\/div>\n\n    <div class=\"background__container background__container--black\">\n    <\/div>\n\n<\/section>\n\n<section id='lightpress__section--block_a19b4cb1da8a13033c0bbb77fb2f863c' class='lightpress__section--default-section-space lightpress__section lightpress__section--content'><div class=\"content__inner\"\n         x-init=\"initContentBlockAnim($el)\">\n        \n    <div class=\"content__grid content__grid\">\n                                            <div class=\"content__box content__box--one-hundred\"\n                 style=\"\">\n                                \n                \n                                            <div class=\"prose\"><h5 class=\"heading-m line line-above line--gold\">Interaktive Installation<\/h5>\n<p>\u00a0<\/p>\n<p>Mit der interaktiven Installation soll ein gut verst\u00e4ndlicher und dennoch eindrucksvoller \u00dcberblick \u00fcber eine m\u00f6gliche Weiterentwicklung gegeben werden. Die Installation besteht im Kern aus drei separaten Teilen, die jedoch permanent miteinander kommunizieren. Der hochaufl\u00f6sende Wandbildschirm liefert je nach gew\u00e4hltem Themenbereich fotorealistische Darstellungen und weitere vertiefende Informationen. Das ma\u00dfstabsgetreue Modell des Gel\u00e4ndes und aller Bauk\u00f6rper, kann interaktiv durch hunderte LEDs effektvoll in Szene gesetzt werden. Zusammengef\u00fchrt und kontrolliert werden alle drei Teile \u00fcber die vorgelagerte Stele mit Touchscreen. Diese l\u00e4dt die BesucherInnen zur direkten Interaktion und zum intuitiven Kennenlernen der zuk\u00fcnftigen \u201ePforte zum Stift Admont\u201c ein. Probieren Sie es einfach aus! Verschieben Sie auf dem Touchscreen den schematischen Schnitt nach links und rechts, und w\u00e4hlen Sie einen der hervorgehobenen Punkte. Nicht nur Bildschirm, sondern auch Modell werden Ihrem Weg durch Neu- und Bestandsbauten folgen.<\/p>\n<p>\u00a0<\/p>\n<p class=\"paragraph-s\"><em><strong>Architektur: <\/strong> HOFRICHTER-RITTER Architekten ZT GmbH, Graz | Team: Gerhard Schweitzer, Franz Stiegler-Hameter, Frederik Baldasty, Gernot Ritter, Veronika Hofrichter-Ritter, Christian Rauch | hofrichter-ritter.at; <strong>Landschaftsarchitektur: <\/strong>KOALA, Graz | Team: Veronika Oberwalder, Robert Kutscha | koala.at; <strong>Renderings und Animationen:<\/strong> Christian Frei\u00dfling, Graz, nonstandard.at; <strong>Modellbau und Beleuchtung:<\/strong> Paul Frick und Thomas Tunariu, Graz, Team: Thia Amlacher, Peter V\u00f6r\u00f6s, Umut Can Kizilray, Jasmin Elmazovski, Berit Pichler, bildermehr.at; <strong>Touchscreen und interaktive Steuerung:<\/strong> Richard Dank, Graz, richdank.com;\u00a0<\/em><\/p>\n<\/div>\n                    \n                            <\/div>\n        \n            <\/div>\n<\/div>\n\n<\/section>\n\n<section id='lightpress__section--block_f0e00697e8613203ecb2f02df1efc3cc' class='lightpress__section--default-section-space lightpress__section lightpress__section--image-slider'>\n<div class=\"image-slider\"\n     x-data=\"{ gallery: null, shown: false }\"\n     x-init=\"gallery = initSliderGallery([{&quot;href&quot;:&quot;https:\\\/\\\/stiftadmont.at\\\/wp-content\\\/uploads\\\/Gesamtvision-2024-5-1920x1920.jpg&quot;,&quot;type&quot;:&quot;image&quot;},{&quot;href&quot;:&quot;https:\\\/\\\/stiftadmont.at\\\/wp-content\\\/uploads\\\/Gesamtvision-2024-4-1920x1080.jpg&quot;,&quot;type&quot;:&quot;image&quot;},{&quot;href&quot;:&quot;https:\\\/\\\/stiftadmont.at\\\/wp-content\\\/uploads\\\/Gesamtvision-2024_WEINKELLER_P2_ori-1920x1401.jpg&quot;,&quot;type&quot;:&quot;image&quot;}]); initImageSliderBlockAnim($el);\">\n    <div class=\"image-slider__inner\">\n\n        <div class=\"swiper-container\" x-init=\"initImageSliderBlock($el, $refs.btnPrev, $refs.btnNext)\">\n            <div class=\"swiper-wrapper\">\n                                    <div class=\"swiper-slide\">\n                        <div class=\"image-slider__media\">\n                            <img decoding=\"async\" class=\"image-slider__image\"\n                                 src=\"https:\/\/stiftadmont.at\/wp-content\/uploads\/Gesamtvision-2024-5-768x768.jpg\"\n                                 alt=\"Gesamtvision 2024 5\">\n                        <\/div>\n                    <\/div>\n                                    <div class=\"swiper-slide\">\n                        <div class=\"image-slider__media\">\n                            <img decoding=\"async\" class=\"image-slider__image\"\n                                 src=\"https:\/\/stiftadmont.at\/wp-content\/uploads\/Gesamtvision-2024-4-768x432.jpg\"\n                                 alt=\"Gesamtvision 2024 4\">\n                        <\/div>\n                    <\/div>\n                                    <div class=\"swiper-slide\">\n                        <div class=\"image-slider__media\">\n                            <img decoding=\"async\" class=\"image-slider__image\"\n                                 src=\"https:\/\/stiftadmont.at\/wp-content\/uploads\/Gesamtvision-2024_WEINKELLER_P2_ori-768x560.jpg\"\n                                 alt=\"Gesamtvision 2024 WEINKELLER P2 ori\">\n                        <\/div>\n                    <\/div>\n                            <\/div>\n\n            <div class=\"swiper-nav-wrapper\">\n                <button class=\"swiper-button-prev slider-button--prev\" x-ref=\"btnPrev\"\n                        aria-label=\"Vorige Bilder anzeigen\">\n                    <img decoding=\"async\" src=\"\/wp-content\/themes\/stift-admont\/src\/assets\/img\/arrow-left-big-new.svg\" alt=\"Pfeil nach Links\">\n                <\/button>\n\n\n                <a class=\"image-slider__gallery\" @click=\"openGallery(gallery)\"><i class=\"fa-thin fa-plus\"><\/i><\/a>\n                <button class=\"swiper-button-next slider-button--next\"\n                        x-ref=\"btnNext\"\n                        aria-label=\"N\u00e4chste Bilder anzeigen\">\n                    <img decoding=\"async\" src=\"\/wp-content\/themes\/stift-admont\/src\/assets\/img\/arrow-right-big-new.svg\" alt=\"Pfeil nach Rechts\">\n                <\/button>\n            <\/div>\n        <\/div>\n    <\/div>\n\n\n<\/div><\/section>","protected":false},"excerpt":{"rendered":"","protected":false},"author":7,"featured_media":0,"parent":0,"menu_order":11,"comment_status":"closed","ping_status":"closed","template":"","meta":{"_acf_changed":false,"footnotes":""},"categories":[],"class_list":["post-27324","page","type-page","status-publish","hentry"],"acf":[],"yoast_head":"<!-- This site is optimized with the Yoast SEO Premium plugin v26.0 (Yoast SEO v26.8) - https:\/\/yoast.com\/product\/yoast-seo-premium-wordpress\/ -->\n<title>Gesamtvision 2024+ - Stift Admont<\/title>\n<meta name=\"robots\" content=\"index, follow, max-snippet:-1, max-image-preview:large, max-video-preview:-1\" \/>\n<link rel=\"canonical\" href=\"https:\/\/stiftadmont.at\/pl\/ogolna-wizja-2024\/\" \/>\n<meta property=\"og:locale\" content=\"pl_PL\" \/>\n<meta property=\"og:type\" content=\"article\" \/>\n<meta property=\"og:title\" content=\"Gesamtvision 2024+\" \/>\n<meta property=\"og:url\" content=\"https:\/\/stiftadmont.at\/pl\/ogolna-wizja-2024\/\" \/>\n<meta property=\"og:site_name\" content=\"Stift Admont\" \/>\n<meta property=\"article:modified_time\" content=\"2025-02-06T14:32:15+00:00\" \/>\n<meta property=\"og:image\" content=\"https:\/\/stiftadmont.at\/wp-content\/uploads\/Klosteranlage-innen.jpg\" \/>\n\t<meta property=\"og:image:width\" content=\"1912\" \/>\n\t<meta property=\"og:image:height\" content=\"1188\" \/>\n\t<meta property=\"og:image:type\" content=\"image\/jpeg\" \/>\n<meta name=\"twitter:card\" content=\"summary_large_image\" \/>\n<script type=\"application\/ld+json\" class=\"yoast-schema-graph\">{\"@context\":\"https:\/\/schema.org\",\"@graph\":[{\"@type\":\"WebPage\",\"@id\":\"https:\/\/stiftadmont.at\/gesamtvision-2024\/\",\"url\":\"https:\/\/stiftadmont.at\/gesamtvision-2024\/\",\"name\":\"Gesamtvision 2024+ - Stift Admont\",\"isPartOf\":{\"@id\":\"https:\/\/stiftadmont.at\/#website\"},\"datePublished\":\"2024-03-22T08:46:32+00:00\",\"dateModified\":\"2025-02-06T14:32:15+00:00\",\"breadcrumb\":{\"@id\":\"https:\/\/stiftadmont.at\/gesamtvision-2024\/#breadcrumb\"},\"inLanguage\":\"pl-PL\",\"potentialAction\":[{\"@type\":\"ReadAction\",\"target\":[\"https:\/\/stiftadmont.at\/gesamtvision-2024\/\"]}]},{\"@type\":\"BreadcrumbList\",\"@id\":\"https:\/\/stiftadmont.at\/gesamtvision-2024\/#breadcrumb\",\"itemListElement\":[{\"@type\":\"ListItem\",\"position\":1,\"name\":\"Start\",\"item\":\"https:\/\/stiftadmont.at\/\"},{\"@type\":\"ListItem\",\"position\":2,\"name\":\"Gesamtvision 2024+\"}]},{\"@type\":\"WebSite\",\"@id\":\"https:\/\/stiftadmont.at\/#website\",\"url\":\"https:\/\/stiftadmont.at\/\",\"name\":\"Stift Admont\",\"description\":\"Benediktinerkloster und Sehensw\u00fcrdigkeit im Ges\u00e4use\",\"potentialAction\":[{\"@type\":\"SearchAction\",\"target\":{\"@type\":\"EntryPoint\",\"urlTemplate\":\"https:\/\/stiftadmont.at\/?s={search_term_string}\"},\"query-input\":{\"@type\":\"PropertyValueSpecification\",\"valueRequired\":true,\"valueName\":\"search_term_string\"}}],\"inLanguage\":\"pl-PL\"}]}<\/script>\n<!-- \/ Yoast SEO Premium plugin. -->","yoast_head_json":{"title":"Og\u00f3lna wizja 2024+ - Opactwo Admont","robots":{"index":"index","follow":"follow","max-snippet":"max-snippet:-1","max-image-preview":"max-image-preview:large","max-video-preview":"max-video-preview:-1"},"canonical":"https:\/\/stiftadmont.at\/pl\/ogolna-wizja-2024\/","og_locale":"pl_PL","og_type":"article","og_title":"Gesamtvision 2024+","og_url":"https:\/\/stiftadmont.at\/pl\/ogolna-wizja-2024\/","og_site_name":"Stift Admont","article_modified_time":"2025-02-06T14:32:15+00:00","og_image":[{"width":1912,"height":1188,"url":"https:\/\/stiftadmont.at\/wp-content\/uploads\/Klosteranlage-innen.jpg","type":"image\/jpeg"}],"twitter_card":"summary_large_image","schema":{"@context":"https:\/\/schema.org","@graph":[{"@type":"WebPage","@id":"https:\/\/stiftadmont.at\/gesamtvision-2024\/","url":"https:\/\/stiftadmont.at\/gesamtvision-2024\/","name":"Og\u00f3lna wizja 2024+ - Opactwo Admont","isPartOf":{"@id":"https:\/\/stiftadmont.at\/#website"},"datePublished":"2024-03-22T08:46:32+00:00","dateModified":"2025-02-06T14:32:15+00:00","breadcrumb":{"@id":"https:\/\/stiftadmont.at\/gesamtvision-2024\/#breadcrumb"},"inLanguage":"pl-PL","potentialAction":[{"@type":"ReadAction","target":["https:\/\/stiftadmont.at\/gesamtvision-2024\/"]}]},{"@type":"BreadcrumbList","@id":"https:\/\/stiftadmont.at\/gesamtvision-2024\/#breadcrumb","itemListElement":[{"@type":"ListItem","position":1,"name":"Start","item":"https:\/\/stiftadmont.at\/"},{"@type":"ListItem","position":2,"name":"Gesamtvision 2024+"}]},{"@type":"WebSite","@id":"https:\/\/stiftadmont.at\/#website","url":"https:\/\/stiftadmont.at\/","name":"Opactwo Admont","description":"Benedykty\u0144ski klasztor i atrakcja turystyczna w Ges\u00e4use","potentialAction":[{"@type":"SearchAction","target":{"@type":"EntryPoint","urlTemplate":"https:\/\/stiftadmont.at\/?s={search_term_string}"},"query-input":{"@type":"PropertyValueSpecification","valueRequired":true,"valueName":"search_term_string"}}],"inLanguage":"pl-PL"}]}},"_links":{"self":[{"href":"https:\/\/stiftadmont.at\/pl\/wp-json\/wp\/v2\/pages\/27324","targetHints":{"allow":["GET"]}}],"collection":[{"href":"https:\/\/stiftadmont.at\/pl\/wp-json\/wp\/v2\/pages"}],"about":[{"href":"https:\/\/stiftadmont.at\/pl\/wp-json\/wp\/v2\/types\/page"}],"author":[{"embeddable":true,"href":"https:\/\/stiftadmont.at\/pl\/wp-json\/wp\/v2\/users\/7"}],"replies":[{"embeddable":true,"href":"https:\/\/stiftadmont.at\/pl\/wp-json\/wp\/v2\/comments?post=27324"}],"version-history":[{"count":14,"href":"https:\/\/stiftadmont.at\/pl\/wp-json\/wp\/v2\/pages\/27324\/revisions"}],"predecessor-version":[{"id":32718,"href":"https:\/\/stiftadmont.at\/pl\/wp-json\/wp\/v2\/pages\/27324\/revisions\/32718"}],"wp:attachment":[{"href":"https:\/\/stiftadmont.at\/pl\/wp-json\/wp\/v2\/media?parent=27324"}],"wp:term":[{"taxonomy":"category","embeddable":true,"href":"https:\/\/stiftadmont.at\/pl\/wp-json\/wp\/v2\/categories?post=27324"}],"curies":[{"name":"wp","href":"https:\/\/api.w.org\/{rel}","templated":true}]}}