{"id":28261,"date":"2024-05-07T13:41:30","date_gmt":"2024-05-07T11:41:30","guid":{"rendered":"https:\/\/stiftadmont.at\/?page_id=28261"},"modified":"2024-11-18T11:46:30","modified_gmt":"2024-11-18T09:46:30","slug":"duszpasterstwo-parafialne","status":"publish","type":"page","link":"https:\/\/stiftadmont.at\/pl\/pfarre-pfarramt\/","title":{"rendered":"Parafia i biuro parafialne"},"content":{"rendered":"<section id='lightpress__section--block_30f4460d2427272570b4e50896f7b414' class='lightpress__section--default-section-space lightpress__section lightpress__section--content'><div class=\"content__inner\"\n         x-init=\"initContentBlockAnim($el)\">\n        \n    <div class=\"content__grid content__grid\">\n                                            <div class=\"content__box content__box--one-hundred\"\n                 style=\"\">\n                                \n                \n                                            <div class=\"prose\"><p class=\"text-center\"><strong>Unser Benediktinerkloster wurde 1074 gegr\u00fcndet \u2013 alte Geschichte aber, junger, christlicher, zeitgem\u00e4\u00dfer Geist wohnt hoffentlich hinter unseren Mauern.<\/strong><\/p>\n<p class=\"text-center\">Gott suchen mit der Botschaft und der Person Jesu Christi und der Geisteshaltung des Heiligen Benedikt, auf diesem Fundament stehen wir und wollen so f\u00fcr die Menschen von heute da sein: in der Kirche, bei sozialem Tun, in der Bildung, in der Kultur und in der Wirtschaft.<\/p>\n<p class=\"text-center\">Wenn man seinen Lebensweg mit Gott geht, kann man das Unerwartete in seinem Leben erwarten.<\/p>\n<p class=\"text-center\">Das trifft f\u00fcr jene M\u00e4nner zu, die sich entscheiden, mit uns im Kloster zu leben, Christus nachzufolgen. Das trifft f\u00fcr die vielen Besucher in unserer Museumslandschaft zu. Das trifft f\u00fcr die Sch\u00fcler zu, die sich in unserem Gymnasium durch unsere Lehrerinnen und Lehrer auf das Leben vorbereiten. Das trifft f\u00fcr die Mitarbeiterinnen und Mitarbeiter in unseren vielen Betriebe zu, die mit ihrer Arbeit mitwirken, dass viele soziale und humanit\u00e4re Projekte im Namen unserer Klosters umgesetzt werden k\u00f6nnen.<\/p>\n<p class=\"text-center\">Besuchen Sie uns in Admont, mit herzlichen Segensw\u00fcnschen<\/p>\n<p class=\"text-center\">Abt Mag. Gerhard Hafner OSB. <br \/>Benediktinerstift Admont<\/p>\n<\/div>\n                    \n                            <\/div>\n        \n            <\/div>\n<\/div>\n\n<\/section>\n\n<section id='lightpress__section--block_acd519fc1bd4c06e69d9a76f765b499c' class='lightpress__section--default-section-space lightpress__section lightpress__section--image-slider'>\n<div class=\"image-slider\"\n     x-data=\"{ gallery: null, shown: false }\"\n     x-init=\"gallery = initSliderGallery([{&quot;href&quot;:&quot;https:\\\/\\\/stiftadmont.at\\\/wp-content\\\/uploads\\\/Pater-Egon_\\u00a9Thomas-Sattler-10.jpg&quot;,&quot;type&quot;:&quot;image&quot;},{&quot;href&quot;:&quot;https:\\\/\\\/stiftadmont.at\\\/wp-content\\\/uploads\\\/stiftskirche-admont.jpg&quot;,&quot;type&quot;:&quot;image&quot;},{&quot;href&quot;:&quot;https:\\\/\\\/stiftadmont.at\\\/wp-content\\\/uploads\\\/aussenaufnahmen_@Thomas-Sattler-4_www.jpg&quot;,&quot;type&quot;:&quot;image&quot;},{&quot;href&quot;:&quot;https:\\\/\\\/stiftadmont.at\\\/wp-content\\\/uploads\\\/Madonna_Statue_www.jpg&quot;,&quot;type&quot;:&quot;image&quot;},{&quot;href&quot;:&quot;https:\\\/\\\/stiftadmont.at\\\/wp-content\\\/uploads\\\/15_StiftAdmont_Kirche\\u00a9StefanLeitner-e1648800361254-1920x1440.jpg&quot;,&quot;type&quot;:&quot;image&quot;},{&quot;href&quot;:&quot;https:\\\/\\\/stiftadmont.at\\\/wp-content\\\/uploads\\\/Stiftskirche_\\u00a9Thomas-Sattler-5.jpg&quot;,&quot;type&quot;:&quot;image&quot;}]); initImageSliderBlockAnim($el);\">\n    <div class=\"image-slider__inner\">\n\n        <div class=\"swiper-container\" x-init=\"initImageSliderBlock($el, $refs.btnPrev, $refs.btnNext)\">\n            <div class=\"swiper-wrapper\">\n                                    <div class=\"swiper-slide\">\n                        <div class=\"image-slider__media\">\n                            <img decoding=\"async\" class=\"image-slider__image\"\n                                 src=\"https:\/\/stiftadmont.at\/wp-content\/uploads\/Pater-Egon_\u00a9Thomas-Sattler-10-768x512.jpg\"\n                                 alt=\"Benediktinerstift Admont - Pater Egon Stiftskirche Admont \u00a9 Thomas Sattler\">\n                        <\/div>\n                    <\/div>\n                                    <div class=\"swiper-slide\">\n                        <div class=\"image-slider__media\">\n                            <img decoding=\"async\" class=\"image-slider__image\"\n                                 src=\"https:\/\/stiftadmont.at\/wp-content\/uploads\/stiftskirche-admont-768x512.jpg\"\n                                 alt=\"stiftskirche admont\">\n                        <\/div>\n                    <\/div>\n                                    <div class=\"swiper-slide\">\n                        <div class=\"image-slider__media\">\n                            <img decoding=\"async\" class=\"image-slider__image\"\n                                 src=\"https:\/\/stiftadmont.at\/wp-content\/uploads\/aussenaufnahmen_@Thomas-Sattler-4_www-768x1152.jpg\"\n                                 alt=\"aussenaufnahmen @Thomas Sattler 4 www\">\n                        <\/div>\n                    <\/div>\n                                    <div class=\"swiper-slide\">\n                        <div class=\"image-slider__media\">\n                            <img decoding=\"async\" class=\"image-slider__image\"\n                                 src=\"https:\/\/stiftadmont.at\/wp-content\/uploads\/Madonna_Statue_www-768x1152.jpg\"\n                                 alt=\"Madonna Statue www\">\n                        <\/div>\n                    <\/div>\n                                    <div class=\"swiper-slide\">\n                        <div class=\"image-slider__media\">\n                            <img decoding=\"async\" class=\"image-slider__image\"\n                                 src=\"https:\/\/stiftadmont.at\/wp-content\/uploads\/15_StiftAdmont_Kirche\u00a9StefanLeitner-e1648800361254-768x576.jpg\"\n                                 alt=\"Stiftskirche Admont \u00a9 Stefan Leitner\">\n                        <\/div>\n                    <\/div>\n                                    <div class=\"swiper-slide\">\n                        <div class=\"image-slider__media\">\n                            <img decoding=\"async\" class=\"image-slider__image\" src=\"https:\/\/stiftadmont.at\/wp-content\/uploads\/Stiftskirche_\u00a9Thomas-Sattler-5.jpg\" alt=\"Stiftskirche \u00a9Thomas Sattler 5\" \/>\n                        <\/div>\n                    <\/div>\n                            <\/div>\n\n            <div class=\"swiper-nav-wrapper\">\n                <button class=\"swiper-button-prev slider-button--prev\" x-ref=\"btnPrev\"\n                        aria-label=\"Vorige Bilder anzeigen\">\n                    <img decoding=\"async\" src=\"\/wp-content\/themes\/stift-admont\/src\/assets\/img\/arrow-left-big-new.svg\" alt=\"Pfeil nach Links\">\n                <\/button>\n\n\n                <a class=\"image-slider__gallery\" @click=\"openGallery(gallery)\"><i class=\"fa-thin fa-plus\"><\/i><\/a>\n                <button class=\"swiper-button-next slider-button--next\"\n                        x-ref=\"btnNext\"\n                        aria-label=\"N\u00e4chste Bilder anzeigen\">\n                    <img decoding=\"async\" src=\"\/wp-content\/themes\/stift-admont\/src\/assets\/img\/arrow-right-big-new.svg\" alt=\"Pfeil nach Rechts\">\n                <\/button>\n            <\/div>\n        <\/div>\n    <\/div>\n\n\n<\/div><\/section>\n\n<section id='lightpress__section--block_a9d15057e5caea560ac5270abe7e158c' class='lightpress__section--default-section-space lightpress__section lightpress__section--content'><div class=\"content__inner\"\n         x-init=\"initContentBlockAnim($el)\">\n        \n    <div class=\"content__grid content__grid\">\n                                            <div class=\"content__box content__box--one-hundred\"\n                 style=\"\">\n                                \n                \n                                            <div class=\"prose\"><h6 class=\"heading-s line line--gold\">Pfarramt &amp; Friedhofsverwaltung<\/h6>\n<p>Wir sind f\u00fcr Sie da:<\/p>\n<p><strong>Montag <\/strong>geschlossen<br \/><strong>Dienstag bis Freitag<\/strong> 08:00 bis 12:00 Uhr<\/p>\n<p><a class=\"phone\" href=\"tel:+4336132312251\"><span class=\"icon-outer\"><\/span>+43 (0)3613 \/ 2312-251<\/a><br \/><a class=\"email\" href=\"mailto:pfarre.admont@stiftadmont.at\"><span class=\"icon-outer\"><i class=\"fa-light fa-envelope\"><\/i><\/span>pfarre.admont@stiftadmont.at<\/a><\/p>\n<\/div>\n                    \n                            <\/div>\n        \n            <\/div>\n<\/div>\n\n<\/section>","protected":false},"excerpt":{"rendered":"","protected":false},"author":3,"featured_media":0,"parent":0,"menu_order":24,"comment_status":"closed","ping_status":"closed","template":"","meta":{"_acf_changed":false,"footnotes":""},"categories":[],"class_list":["post-28261","page","type-page","status-publish","hentry"],"acf":[],"yoast_head":"<!-- This site is optimized with the Yoast SEO Premium plugin v26.0 (Yoast SEO v26.8) - https:\/\/yoast.com\/product\/yoast-seo-premium-wordpress\/ -->\n<title>Pfarre &amp; Pfarramt - Stift Admont<\/title>\n<meta name=\"description\" content=\"Unser Benediktinerkloster wurde 1074 gegr\u00fcndet \u2013 alte Geschichte aber, junger, zeitgem\u00e4\u00dfer Geist wohnt hoffentlich hinter unseren Mauern.\" \/>\n<meta name=\"robots\" content=\"index, follow, max-snippet:-1, max-image-preview:large, max-video-preview:-1\" \/>\n<link rel=\"canonical\" href=\"https:\/\/stiftadmont.at\/pl\/duszpasterstwo-parafialne\/\" \/>\n<meta property=\"og:locale\" content=\"pl_PL\" \/>\n<meta property=\"og:type\" content=\"article\" \/>\n<meta property=\"og:title\" content=\"Pfarre &amp; Pfarramt\" \/>\n<meta property=\"og:description\" content=\"Unser Benediktinerkloster wurde 1074 gegr\u00fcndet \u2013 alte Geschichte aber, junger, zeitgem\u00e4\u00dfer Geist wohnt hoffentlich hinter unseren Mauern.\" \/>\n<meta property=\"og:url\" content=\"https:\/\/stiftadmont.at\/pl\/duszpasterstwo-parafialne\/\" \/>\n<meta property=\"og:site_name\" content=\"Stift Admont\" \/>\n<meta property=\"article:modified_time\" content=\"2024-11-18T09:46:30+00:00\" \/>\n<meta property=\"og:image\" content=\"https:\/\/stiftadmont.at\/wp-content\/uploads\/Klosteranlage-innen.jpg\" \/>\n\t<meta property=\"og:image:width\" content=\"1912\" \/>\n\t<meta property=\"og:image:height\" content=\"1188\" \/>\n\t<meta property=\"og:image:type\" content=\"image\/jpeg\" \/>\n<meta name=\"twitter:card\" content=\"summary_large_image\" \/>\n<script type=\"application\/ld+json\" class=\"yoast-schema-graph\">{\"@context\":\"https:\/\/schema.org\",\"@graph\":[{\"@type\":\"WebPage\",\"@id\":\"https:\/\/stiftadmont.at\/pfarre-pfarramt\/\",\"url\":\"https:\/\/stiftadmont.at\/pfarre-pfarramt\/\",\"name\":\"Pfarre &amp; Pfarramt - Stift Admont\",\"isPartOf\":{\"@id\":\"https:\/\/stiftadmont.at\/#website\"},\"datePublished\":\"2024-05-07T11:41:30+00:00\",\"dateModified\":\"2024-11-18T09:46:30+00:00\",\"description\":\"Unser Benediktinerkloster wurde 1074 gegr\u00fcndet \u2013 alte Geschichte aber, junger, zeitgem\u00e4\u00dfer Geist wohnt hoffentlich hinter unseren Mauern.\",\"breadcrumb\":{\"@id\":\"https:\/\/stiftadmont.at\/pfarre-pfarramt\/#breadcrumb\"},\"inLanguage\":\"pl-PL\",\"potentialAction\":[{\"@type\":\"ReadAction\",\"target\":[\"https:\/\/stiftadmont.at\/pfarre-pfarramt\/\"]}]},{\"@type\":\"BreadcrumbList\",\"@id\":\"https:\/\/stiftadmont.at\/pfarre-pfarramt\/#breadcrumb\",\"itemListElement\":[{\"@type\":\"ListItem\",\"position\":1,\"name\":\"Start\",\"item\":\"https:\/\/stiftadmont.at\/\"},{\"@type\":\"ListItem\",\"position\":2,\"name\":\"Pfarre &amp; Pfarramt\"}]},{\"@type\":\"WebSite\",\"@id\":\"https:\/\/stiftadmont.at\/#website\",\"url\":\"https:\/\/stiftadmont.at\/\",\"name\":\"Stift Admont\",\"description\":\"Benediktinerkloster und Sehensw\u00fcrdigkeit im Ges\u00e4use\",\"potentialAction\":[{\"@type\":\"SearchAction\",\"target\":{\"@type\":\"EntryPoint\",\"urlTemplate\":\"https:\/\/stiftadmont.at\/?s={search_term_string}\"},\"query-input\":{\"@type\":\"PropertyValueSpecification\",\"valueRequired\":true,\"valueName\":\"search_term_string\"}}],\"inLanguage\":\"pl-PL\"}]}<\/script>\n<!-- \/ Yoast SEO Premium plugin. -->","yoast_head_json":{"title":"Parafia i biuro parafialne - Admont Abbey","description":"Nasz benedykty\u0144ski klasztor zosta\u0142 za\u0142o\u017cony w 1074 roku - to staro\u017cytna historia, ale miejmy nadziej\u0119, \u017ce za naszymi murami \u017cyje m\u0142ody, wsp\u00f3\u0142czesny duch.","robots":{"index":"index","follow":"follow","max-snippet":"max-snippet:-1","max-image-preview":"max-image-preview:large","max-video-preview":"max-video-preview:-1"},"canonical":"https:\/\/stiftadmont.at\/pl\/duszpasterstwo-parafialne\/","og_locale":"pl_PL","og_type":"article","og_title":"Pfarre &amp; Pfarramt","og_description":"Unser Benediktinerkloster wurde 1074 gegr\u00fcndet \u2013 alte Geschichte aber, junger, zeitgem\u00e4\u00dfer Geist wohnt hoffentlich hinter unseren Mauern.","og_url":"https:\/\/stiftadmont.at\/pl\/duszpasterstwo-parafialne\/","og_site_name":"Stift Admont","article_modified_time":"2024-11-18T09:46:30+00:00","og_image":[{"width":1912,"height":1188,"url":"https:\/\/stiftadmont.at\/wp-content\/uploads\/Klosteranlage-innen.jpg","type":"image\/jpeg"}],"twitter_card":"summary_large_image","schema":{"@context":"https:\/\/schema.org","@graph":[{"@type":"WebPage","@id":"https:\/\/stiftadmont.at\/pfarre-pfarramt\/","url":"https:\/\/stiftadmont.at\/pfarre-pfarramt\/","name":"Parafia i biuro parafialne - Admont Abbey","isPartOf":{"@id":"https:\/\/stiftadmont.at\/#website"},"datePublished":"2024-05-07T11:41:30+00:00","dateModified":"2024-11-18T09:46:30+00:00","description":"Nasz benedykty\u0144ski klasztor zosta\u0142 za\u0142o\u017cony w 1074 roku - to staro\u017cytna historia, ale miejmy nadziej\u0119, \u017ce za naszymi murami \u017cyje m\u0142ody, wsp\u00f3\u0142czesny duch.","breadcrumb":{"@id":"https:\/\/stiftadmont.at\/pfarre-pfarramt\/#breadcrumb"},"inLanguage":"pl-PL","potentialAction":[{"@type":"ReadAction","target":["https:\/\/stiftadmont.at\/pfarre-pfarramt\/"]}]},{"@type":"BreadcrumbList","@id":"https:\/\/stiftadmont.at\/pfarre-pfarramt\/#breadcrumb","itemListElement":[{"@type":"ListItem","position":1,"name":"Start","item":"https:\/\/stiftadmont.at\/"},{"@type":"ListItem","position":2,"name":"Pfarre &amp; Pfarramt"}]},{"@type":"WebSite","@id":"https:\/\/stiftadmont.at\/#website","url":"https:\/\/stiftadmont.at\/","name":"Opactwo Admont","description":"Benedykty\u0144ski klasztor i atrakcja turystyczna w Ges\u00e4use","potentialAction":[{"@type":"SearchAction","target":{"@type":"EntryPoint","urlTemplate":"https:\/\/stiftadmont.at\/?s={search_term_string}"},"query-input":{"@type":"PropertyValueSpecification","valueRequired":true,"valueName":"search_term_string"}}],"inLanguage":"pl-PL"}]}},"_links":{"self":[{"href":"https:\/\/stiftadmont.at\/pl\/wp-json\/wp\/v2\/pages\/28261","targetHints":{"allow":["GET"]}}],"collection":[{"href":"https:\/\/stiftadmont.at\/pl\/wp-json\/wp\/v2\/pages"}],"about":[{"href":"https:\/\/stiftadmont.at\/pl\/wp-json\/wp\/v2\/types\/page"}],"author":[{"embeddable":true,"href":"https:\/\/stiftadmont.at\/pl\/wp-json\/wp\/v2\/users\/3"}],"replies":[{"embeddable":true,"href":"https:\/\/stiftadmont.at\/pl\/wp-json\/wp\/v2\/comments?post=28261"}],"version-history":[{"count":13,"href":"https:\/\/stiftadmont.at\/pl\/wp-json\/wp\/v2\/pages\/28261\/revisions"}],"predecessor-version":[{"id":28304,"href":"https:\/\/stiftadmont.at\/pl\/wp-json\/wp\/v2\/pages\/28261\/revisions\/28304"}],"wp:attachment":[{"href":"https:\/\/stiftadmont.at\/pl\/wp-json\/wp\/v2\/media?parent=28261"}],"wp:term":[{"taxonomy":"category","embeddable":true,"href":"https:\/\/stiftadmont.at\/pl\/wp-json\/wp\/v2\/categories?post=28261"}],"curies":[{"name":"wp","href":"https:\/\/api.w.org\/{rel}","templated":true}]}}