{"id":29052,"date":"2024-07-04T07:53:39","date_gmt":"2024-07-04T05:53:39","guid":{"rendered":"https:\/\/stiftadmont.at\/?page_id=29052"},"modified":"2024-10-30T18:59:12","modified_gmt":"2024-10-30T16:59:12","slug":"ceny-biletow-wstepu-2024","status":"publish","type":"page","link":"https:\/\/stiftadmont.at\/pl\/eintrittspreise-2024\/","title":{"rendered":"Ceny bilet\u00f3w wst\u0119pu 2024"},"content":{"rendered":"<section id='lightpress__section--block_321d00c6d9dacc765e72031187b27766' class='lightpress__section--default-section-space lightpress__section lightpress__section--content'><div class=\"content__inner\"\n         x-init=\"initContentBlockAnim($el)\">\n        \n    <div class=\"content__grid content__grid\">\n                                            <div class=\"content__box content__box--one-hundred\"\n                 style=\"\">\n                                \n                \n                                            <div class=\"prose\"><h3 class=\"heading-xl line line--gold text-left\">Ceny bilet\u00f3w wst\u0119pu 2024<\/h3>\n<\/div>\n                    \n                            <\/div>\n        \n            <\/div>\n<\/div>\n\n<\/section>\n\n<section id='lightpress__section--block_5dfc4dfa34b0017101f5a58e38984dd0' class='lightpress__section lightpress__section--museum-prices'><div class=\"prices\" x-data=\"{ currentTab: 0 }\" x-init=\"initMuseumPricesBlockAnim($el)\">\n\n    <div class=\"prices__inner\">\n        <div class=\"prices__tabs\">\n            <button class=\"prices__tab\"\n                    @click=\"currentTab = 0\"\n                    :class=\"{ 'active': currentTab === 0 }\">\n      <span class=\"prices__icon-wrapper\">\n        <i class=\"fal fa-user prices__icon\"><\/i>\n      <\/span>\n                <span class=\"prices__tab-title heading-m\">Pojedynczy bilet<\/span>\n                <span class=\"prices__tab-subtitle heading-s\">Wizyta w muzeum krajobrazowym (z wyj\u0105tkiem zwiedzania biblioteki z przewodnikiem)<\/span>\n            <\/button>\n\n            <button class=\"prices__tab\" @click=\"currentTab = 1\" :class=\"{ 'active': currentTab === 1 }\">\n      <span class=\"prices__icon-wrapper\">\n        <i class=\"fal fa-users prices__icon\"><\/i>\n      <\/span>\n                <span class=\"prices__tab-title heading-m\">Bilet grupowy<\/span>\n                <span class=\"prices__tab-subtitle heading-s\">od minimum 15 uczestnik\u00f3w (bez zwiedzania biblioteki z przewodnikiem)<\/span>\n            <\/button>\n\n            <button class=\"prices__tab\"\n                    @click=\"currentTab = 2\"\n                    :class=\"{ 'active': currentTab === 2 }\">\n      <span class=\"prices__icon-wrapper\">\n        <i class=\"fal fa-wrench prices__icon\"><\/i>\n      <\/span>\n                <span class=\"prices__tab-title heading-m\">Warsztaty muzealne<\/span>\n                <span class=\"prices__tab-subtitle heading-s\">Czas trwania oko\u0142o 3-4 godzin.<\/span>\n            <\/button>\n        <\/div>\n\n        <div class=\"prices__content-wrapper\"\n             x-show=\"currentTab === 0\">\n            <p class=\"prices__content-subtitle\">Wizyta w muzeum krajobrazowym (z wyj\u0105tkiem zwiedzania biblioteki z przewodnikiem)<\/p>\n            <table class=\"prices__content-table paragraph-m\">\n                                    <tr class=\"prices__row\">\n                        <td class=\"prices__price\">\u20ac 18.50<\/td>\n                        <td class=\"prices__label\">Doro\u015bli<\/td>\n                    <\/tr>\n                                    <tr class=\"prices__row\">\n                        <td class=\"prices__price\">\u20ac 17<\/td>\n                        <td class=\"prices__label\">Seniorzy<\/td>\n                    <\/tr>\n                                    <tr class=\"prices__row\">\n                        <td class=\"prices__price\">\u20ac 13.5<\/td>\n                        <td class=\"prices__label\">Dzieci (6-15 lat), uczniowie, studenci, s\u0142u\u017cba wojskowa i cywilna (z dokumentem to\u017csamo\u015bci) <\/td>\n                    <\/tr>\n                                    <tr class=\"prices__row\">\n                        <td class=\"prices__price\">\u20ac 14.50<\/td>\n                        <td class=\"prices__label\">Doro\u015bli ze specjalnymi potrzebami<\/td>\n                    <\/tr>\n                                    <tr class=\"prices__row\">\n                        <td class=\"prices__price\">\u20ac 11.50<\/td>\n                        <td class=\"prices__label\">Dzieci\/uczniowie ze specjalnymi potrzebami<\/td>\n                    <\/tr>\n                                    <tr class=\"prices__row\">\n                        <td class=\"prices__price\">\u20ac 42<\/td>\n                        <td class=\"prices__label\">Bilet rodzinny (2 osoby doros\u0142e + 2 dzieci)<\/td>\n                    <\/tr>\n                                    <tr class=\"prices__row\">\n                        <td class=\"prices__price\">\u20ac 3<\/td>\n                        <td class=\"prices__label\">Zwiedzanie biblioteki z przewodnikiem (bez wst\u0119pu)<\/td>\n                    <\/tr>\n                                    <tr class=\"prices__row\">\n                        <td class=\"prices__price\">\u20ac 5<\/td>\n                        <td class=\"prices__label\">Zwiedzanie muzeum z przewodnikiem (na obszar, bez wst\u0119pu)<\/td>\n                    <\/tr>\n                                    <tr class=\"prices__row\">\n                        <td class=\"prices__price\">\u20ac 4<\/td>\n                        <td class=\"prices__label\">Audioprzewodnik po bibliotece i muzeum<\/td>\n                    <\/tr>\n                            <\/table>\n                            <div class=\"prices__content-text prose pragraph-m\"><p class=\"paragraph-m\"><strong>Odwiedzaj\u0105cy mog\u0105 wybra\u0107 si\u0119 na wycieczk\u0119 z przewodnikiem po najwi\u0119kszej na \u015bwiecie bibliotece klasztornej <\/strong>(Czas trwania ok. 40 min, j\u0119zyk niemiecki)\u00a0<strong>za 3,00 \u20ac (bez wst\u0119pu) za osob\u0119<\/strong>\u00a0aby zarezerwowa\u0107. Wszystkie podane ceny wst\u0119pu nie obejmuj\u0105 zwiedzania biblioteki z przewodnikiem.<\/p>\n<p class=\"paragraph-m\">Bibliotek\u0119 i wszystkie inne obszary muzeum mo\u017cna oczywi\u015bcie zwiedza\u0107 bez przewodnika.<\/p>\n<p class=\"paragraph-m\">Przewodniki audio s\u0105 dost\u0119pne w kilku j\u0119zykach.  Op\u0142ata za wypo\u017cyczenie 4,00 \u20ac - dost\u0119pna w kasie biletowej.<\/p>\n<p class=\"paragraph-m\">Zwiedzanie biblioteki z przewodnikiem o godz. 11:00 i 14:00.<br \/>Rezerwacja pojedynczych bilet\u00f3w nie jest niestety mo\u017cliwa!<\/p>\n<\/div>\n                    <\/div>\n\n        <div class=\"prices__content-wrapper\"\n             x-show=\"currentTab === 1\">\n            <p class=\"prices__content-subtitle\">od minimum 15 uczestnik\u00f3w (bez zwiedzania biblioteki z przewodnikiem)<\/p>\n            <table class=\"prices__content-table paragraph-m\">\n                                    <tr class=\"prices__row\">\n                        <td class=\"prices__price\">\u20ac 17.5<\/td>\n                        <td class=\"prices__label\">Doro\u015bli<\/td>\n                    <\/tr>\n                                    <tr class=\"prices__row\">\n                        <td class=\"prices__price\">\u20ac 16<\/td>\n                        <td class=\"prices__label\">Seniorzy<\/td>\n                    <\/tr>\n                                    <tr class=\"prices__row\">\n                        <td class=\"prices__price\">\u20ac 10.5<\/td>\n                        <td class=\"prices__label\">Uczniowie, studenci<\/td>\n                    <\/tr>\n                            <\/table>\n                            <div class=\"prices__content-text prose pragraph-m\"><p class=\"paragraph-m\"><strong>Grupy mog\u0105 zarezerwowa\u0107 wycieczk\u0119 z przewodnikiem po najwi\u0119kszej na \u015bwiecie bibliotece klasztornej\u00a0<\/strong>(Czas trwania ok. 40 min, j\u0119zyk niemiecki)\u00a0<strong>za 2,00 \u20ac (bez wst\u0119pu) za osob\u0119<\/strong>\u00a0aby zarezerwowa\u0107. Wszystkie podane ceny wst\u0119pu nie obejmuj\u0105 zwiedzania biblioteki z przewodnikiem.<\/p>\n<p class=\"paragraph-m\"><strong>Dop\u0142ata za dodatkow\u0105 wycieczk\u0119 z przewodnikiem:<\/strong><br \/>4,00 \u20ac za osob\u0119 i teren muzeum:<\/p>\n<ul>\n<li class=\"paragraph-m\">Muzeum Historii Naturalnej<\/li>\n<li class=\"paragraph-m\">Muzeum Historii Sztuki<\/li>\n<li class=\"paragraph-m\">Muzeum Gotyckie<\/li>\n<li class=\"paragraph-m\">Muzeum Sztuki Wsp\u00f3\u0142czesnej<\/li>\n<\/ul>\n<p class=\"paragraph-m\"><strong>Op\u0142ata za zwiedzanie kolegiaty z przewodnikiem:<\/strong><br \/>7,00 \u20ac za osob\u0119<\/p>\n<p class=\"paragraph-m\"><strong>Bilet \u0142\u0105czony na zwiedzanie biblioteki i kolegiaty lub muzeum z przewodnikiem (bez wst\u0119pu)<\/strong><br \/>8,00 \u20ac za osob\u0119<\/p>\n<p class=\"paragraph-m\"><strong>Dop\u0142ata za wycieczki z przewodnikiem poza regularnymi godzinami otwarcia:<br \/><\/strong>4,00 \u20ac za osob\u0119<\/p>\n<p class=\"paragraph-m\"><strong>Rezerwacje grupowe:<br \/><\/strong>tylko po wcze\u015bniejszym um\u00f3wieniu (niemiecki\/angielski) pod adresem\u00a0<a class=\"email\" href=\"mailto:museum@stiftadmont.at\"><span class=\"icon-outer\"><span class=\"email-icon\"><\/span><\/span>museum@stiftadmont.at<\/a><\/p>\n<\/div>\n                    <\/div>\n\n        <div class=\"prices__content-wrapper\"\n             x-show=\"currentTab === 2\">\n            <p class=\"prices__content-subtitle\">Czas trwania oko\u0142o 3-4 godzin.<\/p>\n            <table class=\"prices__content-table paragraph-m\">\n                                    <tr class=\"prices__row\">\n                        <td class=\"prices__price\">\u20ac 0<\/td>\n                        <td class=\"prices__label\">Warsztaty muzealne dla klas szkolnych<\/td>\n                    <\/tr>\n                                    <tr class=\"prices__row\">\n                        <td class=\"prices__price\">\u20ac 5<\/td>\n                        <td class=\"prices__label\">Warsztaty muzealne Koszty materia\u0142owe<\/td>\n                    <\/tr>\n                            <\/table>\n                            <div class=\"prices__content-text prose pragraph-m\"><p class=\"paragraph-m\"><strong>Wybrane warsztaty tematyczne\u00a0<\/strong>(ca\u0142kowity czas trwania oko\u0142o 3-4 godzin)<br \/>min. 6 do maks. 10 os\u00f3b\/warsztat<\/p>\n<p>\u00a0<\/p>\n<p><em>Przy wsparciu federalnym, stanowym i Unii Europejskiej<\/em><\/p>\n<\/div>\n                    <\/div>\n    <\/div>\n<\/div><\/section>\n\n<section id='lightpress__section--block_796d787e420199a089e51800a77536c5' class='lightpress__section--default-section-space lightpress__section lightpress__section--content'><div class=\"content__inner\"\n         x-init=\"initContentBlockAnim($el)\">\n        \n    <div class=\"content__grid content__grid\">\n                                            <div class=\"content__box content__box--one-hundred\"\n                 style=\"margin-top: -5em;\">\n                                \n                \n                                            <div class=\"prose\"><p>Uwagi i informacje:<\/p>\n<div class=\"info info--info\">\n<p class=\"paragraph-m\"><strong>Rabaty i karty partnerskie:<\/strong> Zni\u017cki obowi\u0105zuj\u0105 wy\u0142\u0105cznie po okazaniu wa\u017cnego dokumentu to\u017csamo\u015bci i s\u0105 dost\u0119pne wy\u0142\u0105cznie w kasie biletowej. W przypadku grup co 21. osoba oraz kierowca autobusu lub przewodnik otrzymuj\u0105 bezp\u0142atne miejsce.<br \/><strong>Specjalne wycieczki z przewodnikiem:<\/strong> Specjalne wydarzenie \"Biblioteka noc\u0105\", specjalna wycieczka z przewodnikiem \"Stone &amp; Building Stories\", a tak\u017ce nasze programy dla dzieci i wakacyjne mo\u017cna zwiedza\u0107 tylko po wcze\u015bniejszej rezerwacji na stronie museum@stiftadmont.at.<br \/><strong>Biblioteka:<\/strong> Bibliotek\u0119 mo\u017cna r\u00f3wnie\u017c zwiedza\u0107 bez przewodnika.<br \/><strong>Dost\u0119pno\u015b\u0107:<\/strong> Biblioteka i muzeum s\u0105 wolne od barier.<\/p>\n<\/div>\n<div class=\"info info--info\">\n<p>Bilet wst\u0119pu jest wa\u017cny w dniu zakupu.<br \/>Ceny obowi\u0105zuj\u0105 od 20 marca do 15 grudnia 2024 r. Zastrzega si\u0119 mo\u017cliwo\u015b\u0107 zmian cen i b\u0142\u0119d\u00f3w w sk\u0142adzie. Wszystkie ceny w euro i za osob\u0119.<\/p>\n<\/div>\n<div class=\"info info--warn\">\n<p class=\"paragraph-m\"><strong>Informacje og\u00f3lne:<\/strong> We wszystkich pomieszczeniach obowi\u0105zuje zakaz palenia, spo\u017cywania posi\u0142k\u00f3w i napoj\u00f3w oraz dotykania dzie\u0142 sztuki i eksponat\u00f3w. Zwiedzanie z przewodnikiem jest dozwolone wy\u0142\u0105cznie przez naszych przeszkolonych przewodnik\u00f3w. Zwiedzanie z przewodnikiem musi zosta\u0107 wcze\u015bniej zarejestrowane na stronie museum@stiftadmont.at i zatwierdzone na pi\u015bmie.<span style=\"font-size: 18px; color: var(--color-black);\"><\/span><\/p>\n<\/div>\n<div class=\"info info--warn\">\n<p class=\"paragraph-m\">Zwierz\u0119ta nie s\u0105 dozwolone w muzeum (z wyj\u0105tkiem certyfikowanych ps\u00f3w asystuj\u0105cych wymienionych w karcie identyfikacyjnej - w celu zapewnienia optymalnej opieki prosimy o wcze\u015bniejsz\u0105 rejestracj\u0119 telefoniczn\u0105 pod numerem +43 (0) 3613\/2312-604 lub pisemn\u0105 na adres museum@stiftadmont.at).\u00a0<\/p>\n<\/div>\n<\/div>\n                    \n                            <\/div>\n        \n            <\/div>\n<\/div>\n\n<\/section>\n\n<section id='lightpress__section--block_9e003a286ddf472ed78d0b08a9ef95a9' class='bg--beige lightpress__section--colored-bg lightpress__section--default-section-space lightpress__section lightpress__section--content'><div class=\"content__inner\"\n         x-init=\"initContentBlockAnim($el)\">\n        \n    <div class=\"content__grid content__grid\">\n                                            <div class=\"content__box content__box--one-hundred\"\n                 style=\"\">\n                                \n                \n                                            <div class=\"prose\"><h3 class=\"heading-xl line line--gold text-center\">Mo\u017ce Ci\u0119 to r\u00f3wnie\u017c zainteresowa\u0107<\/h3>\n<\/div>\n                    \n                            <\/div>\n        \n            <\/div>\n<\/div>\n\n    <div class=\"background__container background__container--beige\">\n    <\/div>\n\n<\/section>\n\n<section id='lightpress__section--block_972220035cf3647da425005580f816b7' class='lightpress__section--more-links--950 bg--beige lightpress__section--colored-bg lightpress__section--full-width lightpress__section--default-section-space lightpress__section lightpress__section--more-links'><div class=\"more\" x-init=\"initMoreLinksBlockAnim($el)\">\n            <style>\n            #lightpress__section--block_972220035cf3647da425005580f816b7 .more {\n                --entry-width: calc(100% \/ 4 - var(--grid-gap) * 4);\n                grid-template-columns: repeat(auto-fit, minmax(max(var(--entry-width),50rem), 1fr));\n            }\n        <\/style>\n    \n                    <a class=\"more__link\" href=\"\/pl\/muzeum\/\">\n            <div class=\"more__media\">\n                                    <picture class=\"more__image\">\n                        <source srcset=\"https:\/\/stiftadmont.at\/wp-content\/uploads\/Stift-Admont-KHM-Gotik-GWK-\u00a9-Michael-Braunsteiner-2-1024x683.webp\" type=\"image\/webp\">\n                        <source srcset=\"https:\/\/stiftadmont.at\/wp-content\/uploads\/Stift-Admont-KHM-Gotik-GWK-\u00a9-Michael-Braunsteiner-2-1024x683.jpg\" type=\"image\/jpeg\">\n                        <img decoding=\"async\" loading=\"lazy\" src=\"https:\/\/stiftadmont.at\/wp-content\/uploads\/Stift-Admont-KHM-Gotik-GWK-\u00a9-Michael-Braunsteiner-2-1024x683.jpg\" alt=\"Opactwo Admont KHM Gothic GWK \u00a9 Michael Braunsteiner 2\" \/>\n                    <\/picture>\n                            <\/div>\n            <div class=\"more__content\">\n                <div class=\"more__title--container\">\n                                            \n                                                                            \n                        <p class=\"text-bold text-white text--serif text--26\">Muzeum<\/p>\n                                                            <\/div>\n                                    <div class=\"more__cta\">\n                        <i class=\"fa-thin fa-chevron-right\"><\/i>\n                    <\/div>\n                            <\/div>\n        <\/a>\n                    <a class=\"more__link\" href=\"\/pl\/kolegiata\/\">\n            <div class=\"more__media\">\n                                    <picture class=\"more__image\">\n                        <source srcset=\"https:\/\/stiftadmont.at\/wp-content\/uploads\/00_StiftAdmont_Kirche\u00a9StefanLeitner-e1634723661194-1024x748.webp\" type=\"image\/webp\">\n                        <source srcset=\"https:\/\/stiftadmont.at\/wp-content\/uploads\/00_StiftAdmont_Kirche\u00a9StefanLeitner-e1634723661194-1024x748.jpg\" type=\"image\/jpeg\">\n                        <img decoding=\"async\" loading=\"lazy\" src=\"https:\/\/stiftadmont.at\/wp-content\/uploads\/00_StiftAdmont_Kirche\u00a9StefanLeitner-e1634723661194-1024x748.jpg\" alt=\"Ko\u015bci\u00f3\u0142 opactwa Admont \u00a9 Stefan Leitner\" \/>\n                    <\/picture>\n                            <\/div>\n            <div class=\"more__content\">\n                <div class=\"more__title--container\">\n                                            \n                                                                            \n                        <p class=\"text-bold text-white text--serif text--26\">Kolegiata<\/p>\n                                                            <\/div>\n                                    <div class=\"more__cta\">\n                        <i class=\"fa-thin fa-chevron-right\"><\/i>\n                    <\/div>\n                            <\/div>\n        <\/a>\n                    <a class=\"more__link\" href=\"\/pl\/o-bibliotece-opactwa\/\">\n            <div class=\"more__media\">\n                                    <picture class=\"more__image\">\n                        <source srcset=\"https:\/\/stiftadmont.at\/wp-content\/uploads\/Bibliothek_hohe-Quali-1024x727.webp\" type=\"image\/webp\">\n                        <source srcset=\"https:\/\/stiftadmont.at\/wp-content\/uploads\/Bibliothek_hohe-Quali-1024x727.jpg\" type=\"image\/jpeg\">\n                        <img decoding=\"async\" loading=\"lazy\" src=\"https:\/\/stiftadmont.at\/wp-content\/uploads\/Bibliothek_hohe-Quali-1024x727.jpg\" alt=\"Opactwo Admont - najwi\u0119ksza biblioteka klasztorna na \u015bwiecie \u00a9 Stefan Leitner\" \/>\n                    <\/picture>\n                            <\/div>\n            <div class=\"more__content\">\n                <div class=\"more__title--container\">\n                                            \n                                                                            \n                        <p class=\"text-bold text-white text--serif text--26\">Biblioteka klasztorna<\/p>\n                                                            <\/div>\n                                    <div class=\"more__cta\">\n                        <i class=\"fa-thin fa-chevron-right\"><\/i>\n                    <\/div>\n                            <\/div>\n        <\/a>\n                    <a class=\"more__link\" href=\"\/pl\/obiekty-zewnetrzne\/\">\n            <div class=\"more__media\">\n                                    <picture class=\"more__image\">\n                        <source srcset=\"https:\/\/stiftadmont.at\/wp-content\/uploads\/Rosarium-1-1024x681.webp\" type=\"image\/webp\">\n                        <source srcset=\"https:\/\/stiftadmont.at\/wp-content\/uploads\/Rosarium-1-1024x681.jpg\" type=\"image\/jpeg\">\n                        <img decoding=\"async\" loading=\"lazy\" src=\"https:\/\/stiftadmont.at\/wp-content\/uploads\/Rosarium-1-1024x681.jpg\" alt=\"Rosarium 1\" \/>\n                    <\/picture>\n                            <\/div>\n            <div class=\"more__content\">\n                <div class=\"more__title--container\">\n                                            \n                                                                            \n                        <p class=\"text-bold text-white text--serif text--26\">Obiekty zewn\u0119trzne<\/p>\n                                                            <\/div>\n                                    <div class=\"more__cta\">\n                        <i class=\"fa-thin fa-chevron-right\"><\/i>\n                    <\/div>\n                            <\/div>\n        <\/a>\n    \n<\/div>\n\n    <div class=\"background__container background__container--beige\">\n    <\/div>\n\n<\/section>","protected":false},"excerpt":{"rendered":"","protected":false},"author":20,"featured_media":0,"parent":0,"menu_order":5,"comment_status":"closed","ping_status":"closed","template":"","meta":{"_acf_changed":false,"footnotes":""},"categories":[],"class_list":["post-29052","page","type-page","status-publish","hentry"],"acf":[],"yoast_head":"<!-- This site is optimized with the Yoast SEO Premium plugin v26.0 (Yoast SEO v26.8) - https:\/\/yoast.com\/product\/yoast-seo-premium-wordpress\/ -->\n<title>Eintrittspreise 2024 - Stift Admont<\/title>\n<meta name=\"robots\" content=\"index, follow, max-snippet:-1, max-image-preview:large, max-video-preview:-1\" \/>\n<link rel=\"canonical\" href=\"https:\/\/stiftadmont.at\/pl\/ceny-biletow-wstepu-2024\/\" \/>\n<meta property=\"og:locale\" content=\"pl_PL\" \/>\n<meta property=\"og:type\" content=\"article\" \/>\n<meta property=\"og:title\" content=\"Eintrittspreise 2024\" \/>\n<meta property=\"og:url\" content=\"https:\/\/stiftadmont.at\/pl\/ceny-biletow-wstepu-2024\/\" \/>\n<meta property=\"og:site_name\" content=\"Stift Admont\" \/>\n<meta property=\"article:modified_time\" content=\"2024-10-30T16:59:12+00:00\" \/>\n<meta property=\"og:image\" content=\"https:\/\/stiftadmont.at\/wp-content\/uploads\/Klosteranlage-innen.jpg\" \/>\n\t<meta property=\"og:image:width\" content=\"1912\" \/>\n\t<meta property=\"og:image:height\" content=\"1188\" \/>\n\t<meta property=\"og:image:type\" content=\"image\/jpeg\" \/>\n<meta name=\"twitter:card\" content=\"summary_large_image\" \/>\n<script type=\"application\/ld+json\" class=\"yoast-schema-graph\">{\"@context\":\"https:\/\/schema.org\",\"@graph\":[{\"@type\":\"WebPage\",\"@id\":\"https:\/\/stiftadmont.at\/eintrittspreise-2024\/\",\"url\":\"https:\/\/stiftadmont.at\/eintrittspreise-2024\/\",\"name\":\"Eintrittspreise 2024 - Stift Admont\",\"isPartOf\":{\"@id\":\"https:\/\/stiftadmont.at\/#website\"},\"datePublished\":\"2024-07-04T05:53:39+00:00\",\"dateModified\":\"2024-10-30T16:59:12+00:00\",\"breadcrumb\":{\"@id\":\"https:\/\/stiftadmont.at\/eintrittspreise-2024\/#breadcrumb\"},\"inLanguage\":\"pl-PL\",\"potentialAction\":[{\"@type\":\"ReadAction\",\"target\":[\"https:\/\/stiftadmont.at\/eintrittspreise-2024\/\"]}]},{\"@type\":\"BreadcrumbList\",\"@id\":\"https:\/\/stiftadmont.at\/eintrittspreise-2024\/#breadcrumb\",\"itemListElement\":[{\"@type\":\"ListItem\",\"position\":1,\"name\":\"Start\",\"item\":\"https:\/\/stiftadmont.at\/\"},{\"@type\":\"ListItem\",\"position\":2,\"name\":\"Eintrittspreise 2024\"}]},{\"@type\":\"WebSite\",\"@id\":\"https:\/\/stiftadmont.at\/#website\",\"url\":\"https:\/\/stiftadmont.at\/\",\"name\":\"Stift Admont\",\"description\":\"Benediktinerkloster und Sehensw\u00fcrdigkeit im Ges\u00e4use\",\"potentialAction\":[{\"@type\":\"SearchAction\",\"target\":{\"@type\":\"EntryPoint\",\"urlTemplate\":\"https:\/\/stiftadmont.at\/?s={search_term_string}\"},\"query-input\":{\"@type\":\"PropertyValueSpecification\",\"valueRequired\":true,\"valueName\":\"search_term_string\"}}],\"inLanguage\":\"pl-PL\"}]}<\/script>\n<!-- \/ Yoast SEO Premium plugin. -->","yoast_head_json":{"title":"Ceny wst\u0119pu 2024 - Opactwo Admont","robots":{"index":"index","follow":"follow","max-snippet":"max-snippet:-1","max-image-preview":"max-image-preview:large","max-video-preview":"max-video-preview:-1"},"canonical":"https:\/\/stiftadmont.at\/pl\/ceny-biletow-wstepu-2024\/","og_locale":"pl_PL","og_type":"article","og_title":"Eintrittspreise 2024","og_url":"https:\/\/stiftadmont.at\/pl\/ceny-biletow-wstepu-2024\/","og_site_name":"Stift Admont","article_modified_time":"2024-10-30T16:59:12+00:00","og_image":[{"width":1912,"height":1188,"url":"https:\/\/stiftadmont.at\/wp-content\/uploads\/Klosteranlage-innen.jpg","type":"image\/jpeg"}],"twitter_card":"summary_large_image","schema":{"@context":"https:\/\/schema.org","@graph":[{"@type":"WebPage","@id":"https:\/\/stiftadmont.at\/eintrittspreise-2024\/","url":"https:\/\/stiftadmont.at\/eintrittspreise-2024\/","name":"Ceny wst\u0119pu 2024 - Opactwo Admont","isPartOf":{"@id":"https:\/\/stiftadmont.at\/#website"},"datePublished":"2024-07-04T05:53:39+00:00","dateModified":"2024-10-30T16:59:12+00:00","breadcrumb":{"@id":"https:\/\/stiftadmont.at\/eintrittspreise-2024\/#breadcrumb"},"inLanguage":"pl-PL","potentialAction":[{"@type":"ReadAction","target":["https:\/\/stiftadmont.at\/eintrittspreise-2024\/"]}]},{"@type":"BreadcrumbList","@id":"https:\/\/stiftadmont.at\/eintrittspreise-2024\/#breadcrumb","itemListElement":[{"@type":"ListItem","position":1,"name":"Start","item":"https:\/\/stiftadmont.at\/"},{"@type":"ListItem","position":2,"name":"Eintrittspreise 2024"}]},{"@type":"WebSite","@id":"https:\/\/stiftadmont.at\/#website","url":"https:\/\/stiftadmont.at\/","name":"Opactwo Admont","description":"Benedykty\u0144ski klasztor i atrakcja turystyczna w Ges\u00e4use","potentialAction":[{"@type":"SearchAction","target":{"@type":"EntryPoint","urlTemplate":"https:\/\/stiftadmont.at\/?s={search_term_string}"},"query-input":{"@type":"PropertyValueSpecification","valueRequired":true,"valueName":"search_term_string"}}],"inLanguage":"pl-PL"}]}},"_links":{"self":[{"href":"https:\/\/stiftadmont.at\/pl\/wp-json\/wp\/v2\/pages\/29052","targetHints":{"allow":["GET"]}}],"collection":[{"href":"https:\/\/stiftadmont.at\/pl\/wp-json\/wp\/v2\/pages"}],"about":[{"href":"https:\/\/stiftadmont.at\/pl\/wp-json\/wp\/v2\/types\/page"}],"author":[{"embeddable":true,"href":"https:\/\/stiftadmont.at\/pl\/wp-json\/wp\/v2\/users\/20"}],"replies":[{"embeddable":true,"href":"https:\/\/stiftadmont.at\/pl\/wp-json\/wp\/v2\/comments?post=29052"}],"version-history":[{"count":9,"href":"https:\/\/stiftadmont.at\/pl\/wp-json\/wp\/v2\/pages\/29052\/revisions"}],"predecessor-version":[{"id":30926,"href":"https:\/\/stiftadmont.at\/pl\/wp-json\/wp\/v2\/pages\/29052\/revisions\/30926"}],"wp:attachment":[{"href":"https:\/\/stiftadmont.at\/pl\/wp-json\/wp\/v2\/media?parent=29052"}],"wp:term":[{"taxonomy":"category","embeddable":true,"href":"https:\/\/stiftadmont.at\/pl\/wp-json\/wp\/v2\/categories?post=29052"}],"curies":[{"name":"wp","href":"https:\/\/api.w.org\/{rel}","templated":true}]}}