{"id":29231,"date":"2024-07-15T08:48:43","date_gmt":"2024-07-15T06:48:43","guid":{"rendered":"https:\/\/stiftadmont.at\/?page_id=29231"},"modified":"2025-02-04T10:57:28","modified_gmt":"2025-02-04T08:57:28","slug":"mieszkanie-studenckie","status":"publish","type":"page","link":"https:\/\/stiftadmont.at\/pl\/haus-der-begegnung-2\/haus-der-begegnung-2\/studentenwohnung\/","title":{"rendered":"Mieszkanie studenckie"},"content":{"rendered":"<section id='lightpress__section--block_6173871fd620ebc1507989bfa648903b' class='align-center lightpress__section--default-section-space lightpress__section lightpress__section--headline'><div class=\"headline__container\">\n            <h2 class=\"headline text--40 text-medium line line--gold line-above line-middle\">Mieszkanie studenckie<\/h2>\n        <p class=\"text-center text-gold text--20 text-medium text--uppercase\">Budynek zosta\u0142 wzniesiony przez opactwo Admont w 2002 roku. Na g\u00f3rnym pi\u0119trze tego budynku znajduje si\u0119 centrum spotka\u0144, kt\u00f3re s\u0142u\u017cy g\u0142\u00f3wnie do opieki nad uczniami.<\/p>\n        <div class=\"spacer--40\"><\/div>\n<\/div>\n\n<\/section>\n\n<section id='lightpress__section--block_8f15d2872a1031354566bf733ae55251' class='lightpress__section--default-section-space lightpress__section lightpress__section--content'><div class=\"content__inner\"\n         x-init=\"initContentBlockAnim($el)\">\n        \n    <div class=\"content__grid content__grid\">\n                                            <div class=\"content__box content__box--one-hundred\"\n                 style=\"\">\n                                \n                \n                                            <div class=\"prose\"><p class=\"paragraph-m\">Na parterze znajduje si\u0119 osiem gar\u00e7onni\u00e8res, kt\u00f3re s\u0105 przeznaczone wy\u0142\u0105cznie do wynaj\u0119cia dla student\u00f3w i s\u0105 zintegrowane z centrum konferencyjnym.<\/p>\n<p class=\"paragraph-m\">Wynajmowana nieruchomo\u015b\u0107 sk\u0142ada si\u0119 z: pokoju z aneksem kuchennym, przedpokoju oraz \u0142azienki\/WC o powierzchni u\u017cytkowej ok. 32 m\u00b2.<\/p>\n<p>\u00a0<\/p>\n<p class=\"paragraph-m\">Je\u015bli jeste\u015b zainteresowany gar\u00e7onni\u00e8re w Haus der Begegnung, skontaktuj si\u0119 z nami:<\/p>\n<p class=\"paragraph-m\">\u00a0<\/p>\n<p class=\"paragraph-m\"><a title=\"STIA Immo GmbH\" href=\"http:\/\/www.stiaimmo.at\/ueber-stia-immo\/kontakt\/\"><strong>STIA Immo GmbH<\/strong><\/a><\/p>\n<p class=\"paragraph-m\"><strong>Bischofplatz 1<\/strong><\/p>\n<p class=\"paragraph-m\"><strong>8010 Graz<\/strong><\/p>\n<p class=\"paragraph-m\">\u00a0<\/p>\n<p class=\"paragraph-m\"><strong><a title=\"Stia-immo \" href=\"http:\/\/www.stiaimmo.at\/ueber-stia-immo\/kontakt\/\">http:\/\/www.stiaimmo.at\/ueber-stia-immo\/kontakt\/<\/a><\/strong><\/p>\n<\/div>\n                    \n                            <\/div>\n        \n            <\/div>\n<\/div>\n\n<\/section>\n\n<section id='lightpress__section--block_224de746593ec4fed4d7b86acfd37c50' class='lightpress__section--default-section-space lightpress__section lightpress__section--content'><div class=\"content__inner\"\n         x-init=\"initContentBlockAnim($el)\">\n        \n    <div class=\"content__grid content__grid\">\n                                            <div class=\"content__box content__box--one-hundred\"\n                 style=\"\">\n                                \n                \n                                            <div class=\"prose\"><h5 class=\"heading-m line line-above line--gold\">Skontaktuj si\u0119 z nami<\/h5>\n<p>\u00a0<\/p>\n<div class=\"textwidget\" style=\"box-sizing: inherit; color: #333333; font-family: 'Libre Franklin', 'Helvetica Neue', helvetica, arial, sans-serif; font-size: 14px; background-color: #ffffff;\">\n<p><strong>Adres: <\/strong>Centrum Spotka\u0144 Opactwa Benedyktyn\u00f3w Admont<br style=\"box-sizing: inherit;\" \/>Stowarzyszenie na rzecz promocji m\u0142odych student\u00f3w<br style=\"box-sizing: inherit;\" \/>Johann-Fux-Gasse 16<br style=\"box-sizing: inherit;\" \/>A-8010 Graz<\/p>\n<p style=\"box-sizing: inherit; margin: 0px 0px 1.5em; padding: 0px;\"><span style=\"box-sizing: inherit; font-weight: bold;\">ZVR:<\/span>\u00a0976339186<\/p>\n<p style=\"box-sizing: inherit; margin: 0px 0px 1.5em; padding: 0px;\"><a class=\"phone\" href=\"tel:+43-316-325431-0\"><span class=\"icon-outer\"><i class=\"fa-light fa-phone\"><\/i><\/span>+43-316-325431-0<\/a><\/p>\n<p style=\"box-sizing: inherit; margin: 0px 0px 1.5em; padding: 0px;\"><a class=\"email\" href=\"mailto:office@hausderbegegnung.or.at\"><span class=\"icon-outer\"><i class=\"fa-light fa-envelope\"><\/i><\/span>office@hausderbegegnung.or.at<\/a><\/p>\n<p style=\"box-sizing: inherit; margin: 0px 0px 1.5em; padding: 0px;\"><span style=\"box-sizing: inherit; font-weight: bold;\">Godziny otwarcia: <\/span>Od poniedzia\u0142ku do pi\u0105tku: 10:00 - 18:30<\/p>\n<\/div>\n<\/div>\n                    \n                            <\/div>\n        \n            <\/div>\n<\/div>\n\n<\/section>","protected":false},"excerpt":{"rendered":"","protected":false},"author":19,"featured_media":0,"parent":29213,"menu_order":32,"comment_status":"closed","ping_status":"closed","template":"","meta":{"_acf_changed":false,"footnotes":""},"categories":[],"class_list":["post-29231","page","type-page","status-publish","hentry"],"acf":[],"yoast_head":"<!-- This site is optimized with the Yoast SEO Premium plugin v26.0 (Yoast SEO v26.8) - https:\/\/yoast.com\/product\/yoast-seo-premium-wordpress\/ -->\n<title>Studentenwohnung - Stift Admont<\/title>\n<meta name=\"robots\" content=\"index, follow, max-snippet:-1, max-image-preview:large, max-video-preview:-1\" \/>\n<link rel=\"canonical\" href=\"https:\/\/stiftadmont.at\/pl\/dom-spotkan-2\/dom-spotkan-2\/mieszkanie-studenckie\/\" \/>\n<meta property=\"og:locale\" content=\"pl_PL\" \/>\n<meta property=\"og:type\" content=\"article\" \/>\n<meta property=\"og:title\" content=\"Studentenwohnung\" \/>\n<meta property=\"og:url\" content=\"https:\/\/stiftadmont.at\/pl\/dom-spotkan-2\/dom-spotkan-2\/mieszkanie-studenckie\/\" \/>\n<meta property=\"og:site_name\" content=\"Stift Admont\" \/>\n<meta property=\"article:modified_time\" content=\"2025-02-04T08:57:28+00:00\" \/>\n<meta property=\"og:image\" content=\"https:\/\/stiftadmont.at\/wp-content\/uploads\/Klosteranlage-innen.jpg\" \/>\n\t<meta property=\"og:image:width\" content=\"1912\" \/>\n\t<meta property=\"og:image:height\" content=\"1188\" \/>\n\t<meta property=\"og:image:type\" content=\"image\/jpeg\" \/>\n<meta name=\"twitter:card\" content=\"summary_large_image\" \/>\n<script type=\"application\/ld+json\" class=\"yoast-schema-graph\">{\"@context\":\"https:\/\/schema.org\",\"@graph\":[{\"@type\":\"WebPage\",\"@id\":\"https:\/\/stiftadmont.at\/haus-der-begegnung-2\/haus-der-begegnung-2\/studentenwohnung\/\",\"url\":\"https:\/\/stiftadmont.at\/haus-der-begegnung-2\/haus-der-begegnung-2\/studentenwohnung\/\",\"name\":\"Studentenwohnung - Stift Admont\",\"isPartOf\":{\"@id\":\"https:\/\/stiftadmont.at\/#website\"},\"datePublished\":\"2024-07-15T06:48:43+00:00\",\"dateModified\":\"2025-02-04T08:57:28+00:00\",\"breadcrumb\":{\"@id\":\"https:\/\/stiftadmont.at\/haus-der-begegnung-2\/haus-der-begegnung-2\/studentenwohnung\/#breadcrumb\"},\"inLanguage\":\"pl-PL\",\"potentialAction\":[{\"@type\":\"ReadAction\",\"target\":[\"https:\/\/stiftadmont.at\/haus-der-begegnung-2\/haus-der-begegnung-2\/studentenwohnung\/\"]}]},{\"@type\":\"BreadcrumbList\",\"@id\":\"https:\/\/stiftadmont.at\/haus-der-begegnung-2\/haus-der-begegnung-2\/studentenwohnung\/#breadcrumb\",\"itemListElement\":[{\"@type\":\"ListItem\",\"position\":1,\"name\":\"Start\",\"item\":\"https:\/\/stiftadmont.at\/\"},{\"@type\":\"ListItem\",\"position\":2,\"name\":\"Haus der Begegnung\",\"item\":\"https:\/\/stiftadmont.at\/haus-der-begegnung-2\/\"},{\"@type\":\"ListItem\",\"position\":3,\"name\":\"Haus der Begegnung\",\"item\":\"https:\/\/stiftadmont.at\/haus-der-begegnung-2\/haus-der-begegnung-2\/\"},{\"@type\":\"ListItem\",\"position\":4,\"name\":\"Studentenwohnung\"}]},{\"@type\":\"WebSite\",\"@id\":\"https:\/\/stiftadmont.at\/#website\",\"url\":\"https:\/\/stiftadmont.at\/\",\"name\":\"Stift Admont\",\"description\":\"Benediktinerkloster und Sehensw\u00fcrdigkeit im Ges\u00e4use\",\"potentialAction\":[{\"@type\":\"SearchAction\",\"target\":{\"@type\":\"EntryPoint\",\"urlTemplate\":\"https:\/\/stiftadmont.at\/?s={search_term_string}\"},\"query-input\":{\"@type\":\"PropertyValueSpecification\",\"valueRequired\":true,\"valueName\":\"search_term_string\"}}],\"inLanguage\":\"pl-PL\"}]}<\/script>\n<!-- \/ Yoast SEO Premium plugin. -->","yoast_head_json":{"title":"Mieszkanie studenckie - Admont Abbey","robots":{"index":"index","follow":"follow","max-snippet":"max-snippet:-1","max-image-preview":"max-image-preview:large","max-video-preview":"max-video-preview:-1"},"canonical":"https:\/\/stiftadmont.at\/pl\/dom-spotkan-2\/dom-spotkan-2\/mieszkanie-studenckie\/","og_locale":"pl_PL","og_type":"article","og_title":"Studentenwohnung","og_url":"https:\/\/stiftadmont.at\/pl\/dom-spotkan-2\/dom-spotkan-2\/mieszkanie-studenckie\/","og_site_name":"Stift Admont","article_modified_time":"2025-02-04T08:57:28+00:00","og_image":[{"width":1912,"height":1188,"url":"https:\/\/stiftadmont.at\/wp-content\/uploads\/Klosteranlage-innen.jpg","type":"image\/jpeg"}],"twitter_card":"summary_large_image","schema":{"@context":"https:\/\/schema.org","@graph":[{"@type":"WebPage","@id":"https:\/\/stiftadmont.at\/haus-der-begegnung-2\/haus-der-begegnung-2\/studentenwohnung\/","url":"https:\/\/stiftadmont.at\/haus-der-begegnung-2\/haus-der-begegnung-2\/studentenwohnung\/","name":"Mieszkanie studenckie - Admont Abbey","isPartOf":{"@id":"https:\/\/stiftadmont.at\/#website"},"datePublished":"2024-07-15T06:48:43+00:00","dateModified":"2025-02-04T08:57:28+00:00","breadcrumb":{"@id":"https:\/\/stiftadmont.at\/haus-der-begegnung-2\/haus-der-begegnung-2\/studentenwohnung\/#breadcrumb"},"inLanguage":"pl-PL","potentialAction":[{"@type":"ReadAction","target":["https:\/\/stiftadmont.at\/haus-der-begegnung-2\/haus-der-begegnung-2\/studentenwohnung\/"]}]},{"@type":"BreadcrumbList","@id":"https:\/\/stiftadmont.at\/haus-der-begegnung-2\/haus-der-begegnung-2\/studentenwohnung\/#breadcrumb","itemListElement":[{"@type":"ListItem","position":1,"name":"Start","item":"https:\/\/stiftadmont.at\/"},{"@type":"ListItem","position":2,"name":"Haus der Begegnung","item":"https:\/\/stiftadmont.at\/haus-der-begegnung-2\/"},{"@type":"ListItem","position":3,"name":"Haus der Begegnung","item":"https:\/\/stiftadmont.at\/haus-der-begegnung-2\/haus-der-begegnung-2\/"},{"@type":"ListItem","position":4,"name":"Studentenwohnung"}]},{"@type":"WebSite","@id":"https:\/\/stiftadmont.at\/#website","url":"https:\/\/stiftadmont.at\/","name":"Opactwo Admont","description":"Benedykty\u0144ski klasztor i atrakcja turystyczna w Ges\u00e4use","potentialAction":[{"@type":"SearchAction","target":{"@type":"EntryPoint","urlTemplate":"https:\/\/stiftadmont.at\/?s={search_term_string}"},"query-input":{"@type":"PropertyValueSpecification","valueRequired":true,"valueName":"search_term_string"}}],"inLanguage":"pl-PL"}]}},"_links":{"self":[{"href":"https:\/\/stiftadmont.at\/pl\/wp-json\/wp\/v2\/pages\/29231","targetHints":{"allow":["GET"]}}],"collection":[{"href":"https:\/\/stiftadmont.at\/pl\/wp-json\/wp\/v2\/pages"}],"about":[{"href":"https:\/\/stiftadmont.at\/pl\/wp-json\/wp\/v2\/types\/page"}],"author":[{"embeddable":true,"href":"https:\/\/stiftadmont.at\/pl\/wp-json\/wp\/v2\/users\/19"}],"replies":[{"embeddable":true,"href":"https:\/\/stiftadmont.at\/pl\/wp-json\/wp\/v2\/comments?post=29231"}],"version-history":[{"count":7,"href":"https:\/\/stiftadmont.at\/pl\/wp-json\/wp\/v2\/pages\/29231\/revisions"}],"predecessor-version":[{"id":32610,"href":"https:\/\/stiftadmont.at\/pl\/wp-json\/wp\/v2\/pages\/29231\/revisions\/32610"}],"up":[{"embeddable":true,"href":"https:\/\/stiftadmont.at\/pl\/wp-json\/wp\/v2\/pages\/29213"}],"wp:attachment":[{"href":"https:\/\/stiftadmont.at\/pl\/wp-json\/wp\/v2\/media?parent=29231"}],"wp:term":[{"taxonomy":"category","embeddable":true,"href":"https:\/\/stiftadmont.at\/pl\/wp-json\/wp\/v2\/categories?post=29231"}],"curies":[{"name":"wp","href":"https:\/\/api.w.org\/{rel}","templated":true}]}}