{"id":29267,"date":"2024-07-15T08:17:11","date_gmt":"2024-07-15T06:17:11","guid":{"rendered":"https:\/\/stiftadmont.at\/?page_id=29267"},"modified":"2025-06-12T11:37:25","modified_gmt":"2025-06-12T09:37:25","slug":"dom-spotkan-2","status":"publish","type":"page","link":"https:\/\/stiftadmont.at\/pl\/haus-der-begegnung-2\/","title":{"rendered":"Dom spotka\u0144"},"content":{"rendered":"<section id='lightpress__section--block_d7807027b64971b560812f0655351eec' class='align-center lightpress__section--default-section-space lightpress__section lightpress__section--headline'><div class=\"headline__container\">\n            <p class=\"headline text--40 text-medium line line--gold line-above line-middle\">Ciep\u0142e powitanie <\/p>\n        <p class=\"text-center text-gold text--20 text-medium text--uppercase\">House of Encounter Graz<\/p>\n        <div class=\"spacer--40\"><\/div>\n<\/div>\n\n<\/section>\n\n<section id='lightpress__section--block_e5e7c2dd7430c419d58b68776d24aa61' class='lightpress__section--default-section-space lightpress__section lightpress__section--content'><div class=\"content__inner\"\n         x-init=\"initContentBlockAnim($el)\">\n        \n    <div class=\"content__grid content__grid\">\n                                            <div class=\"content__box content__box--one-hundred\"\n                 style=\"\">\n                                \n                \n                                            <div class=\"prose\"><p class=\"paragraph-m text-center\">Ciesz\u0119 si\u0119, \u017ce odwiedzi\u0142e\u015b stron\u0119 naszego domu w Grazu i serdecznie Ci\u0119 pozdrawiam. Chcia\u0142bym teraz zaprosi\u0107 Ci\u0119 do rozejrzenia si\u0119 po naszym centrum duchowo\u015bci benedykty\u0144skiej, kt\u00f3re charakteryzuje si\u0119 tradycyjnym podej\u015bciem \"m\u00f3dl si\u0119 i pracuj\". Dom ten zosta\u0142 za\u0142o\u017cony przez nasz klasztor benedykty\u0144ski w Admont, aby zapewni\u0107 miejsce spotka\u0144 dla naszej wsp\u00f3lnoty w stolicy prowincji.<\/p>\n<p class=\"paragraph-m text-center\">Nie mog\u0119 si\u0119 doczeka\u0107 tego spotkania<\/p>\n<p class=\"paragraph-m text-center\">\u00a0<\/p>\n<p class=\"paragraph-m text-center\"><strong>Abp Gerhard Hafner O.S.B.<\/strong><\/p>\n<p class=\"paragraph-m text-center\"><strong>i benedyktyn\u00f3w z Admont<\/strong><\/p>\n<\/div>\n                    \n                            <\/div>\n        \n            <\/div>\n<\/div>\n\n<\/section>\n\n<section id='lightpress__section--block_4de1dc34ca79bec800d41d3b5924b4a1' class='lightpress__section--more-links--950 lightpress__section--full-width lightpress__section--default-section-space lightpress__section lightpress__section--more-links'><div class=\"more\" x-init=\"initMoreLinksBlockAnim($el)\">\n            <style>\n            #lightpress__section--block_4de1dc34ca79bec800d41d3b5924b4a1 .more {\n                --entry-width: calc(100% \/ 4 - var(--grid-gap) * 4);\n                grid-template-columns: repeat(auto-fit, minmax(max(var(--entry-width),50rem), 1fr));\n            }\n        <\/style>\n    \n                    <a class=\"more__link\" href=\"https:\/\/stiftadmont.at\/pl\/dom-spotkan-2\/dom-spotkan-2\/\">\n            <div class=\"more__media\">\n                                    <picture class=\"more__image\">\n                        <source srcset=\"https:\/\/stiftadmont.at\/wp-content\/uploads\/HdB6-1024x768.webp\" type=\"image\/webp\">\n                        <source srcset=\"https:\/\/stiftadmont.at\/wp-content\/uploads\/HdB6-1024x768.jpg\" type=\"image\/jpeg\">\n                        <img decoding=\"async\" loading=\"lazy\" src=\"https:\/\/stiftadmont.at\/wp-content\/uploads\/HdB6-1024x768.jpg\" alt=\"APARAT CYFROWY OLYMPUS\" \/>\n                    <\/picture>\n                            <\/div>\n            <div class=\"more__content\">\n                <div class=\"more__title--container\">\n                                            \n                                                                            \n                        <p class=\"text-bold text-white text--serif text--26\">Dom spotka\u0144<\/p>\n                                                            <\/div>\n                                    <div class=\"more__cta\">\n                        <i class=\"fa-thin fa-chevron-right\"><\/i>\n                    <\/div>\n                            <\/div>\n        <\/a>\n                    <a class=\"more__link\" href=\"https:\/\/stiftadmont.at\/pl\/dom-spotkan-2\/moneta\/\">\n            <div class=\"more__media\">\n                                    <picture class=\"more__image\">\n                        <source srcset=\"https:\/\/stiftadmont.at\/wp-content\/uploads\/HdB-1024x768.webp\" type=\"image\/webp\">\n                        <source srcset=\"https:\/\/stiftadmont.at\/wp-content\/uploads\/HdB-1024x768.jpg\" type=\"image\/jpeg\">\n                        <img decoding=\"async\" loading=\"lazy\" src=\"https:\/\/stiftadmont.at\/wp-content\/uploads\/HdB-1024x768.jpg\" alt=\"APARAT CYFROWY OLYMPUS\" \/>\n                    <\/picture>\n                            <\/div>\n            <div class=\"more__content\">\n                <div class=\"more__title--container\">\n                                            \n                                                                            \n                        <p class=\"text-bold text-white text--serif text--26\">Moneta<\/p>\n                                                            <\/div>\n                                    <div class=\"more__cta\">\n                        <i class=\"fa-thin fa-chevron-right\"><\/i>\n                    <\/div>\n                            <\/div>\n        <\/a>\n                    <a class=\"more__link\" href=\"https:\/\/stiftadmont.at\/pl\/winiarnia-dveri-pax\/\">\n            <div class=\"more__media\">\n                                    <picture class=\"more__image\">\n                        <source srcset=\"https:\/\/stiftadmont.at\/wp-content\/uploads\/17-Stimmungsbilder-DVERI-PAX-30-1024x682.webp\" type=\"image\/webp\">\n                        <source srcset=\"https:\/\/stiftadmont.at\/wp-content\/uploads\/17-Stimmungsbilder-DVERI-PAX-30-1024x682.jpg\" type=\"image\/jpeg\">\n                        <img decoding=\"async\" loading=\"lazy\" src=\"https:\/\/stiftadmont.at\/wp-content\/uploads\/17-Stimmungsbilder-DVERI-PAX-30-1024x682.jpg\" alt=\"17 Nastrojowe zdj\u0119cia DVERI PAX 30\" \/>\n                    <\/picture>\n                            <\/div>\n            <div class=\"more__content\">\n                <div class=\"more__title--container\">\n                                            \n                                                                            \n                        <p class=\"text-bold text-white text--serif text--26\">Sprzeda\u017c wina DVERI PAX<\/p>\n                                                            <\/div>\n                                    <div class=\"more__cta\">\n                        <i class=\"fa-thin fa-chevron-right\"><\/i>\n                    <\/div>\n                            <\/div>\n        <\/a>\n    \n<\/div>\n\n<\/section>\n\n<section id='lightpress__section--block_6da4ffc3d611911e5b3df463e9307bb2' class='lightpress__section--default-section-space lightpress__section lightpress__section--content'><div class=\"content__inner\"\n         x-init=\"initContentBlockAnim($el)\">\n        \n    <div class=\"content__grid content__grid\">\n                                            <div class=\"content__box content__box--one-hundred\"\n                 style=\"margin-top: -7em;\">\n                                \n                \n                                            <div class=\"prose\"><h5 class=\"heading-m line line-above line--gold\">KONTAKT<\/h5>\n<p>\u00a0<\/p>\n<p><strong>Adres<\/strong>Centrum konferencyjne Benediktinerstift Admont<\/p>\n<p>Stowarzyszenie na rzecz promocji m\u0142odych student\u00f3w<\/p>\n<p>Johann-Fux-Gasse 16<\/p>\n<p>A-8010 Graz<\/p>\n<p>\u00a0<\/p>\n<p><strong>ZVR<\/strong>: 976339186<\/p>\n<p><strong>Tel<\/strong>.: +43 (0) 316\/325431-0<\/p>\n<p><strong>e-mail: <\/strong>office@hausderbegegnung.or.at<\/p>\n<p><strong>Godziny otwarcia: <\/strong>Od poniedzia\u0142ku do pi\u0105tku: 10:00 - 18:30<\/p>\n<\/div>\n                    \n                            <\/div>\n        \n            <\/div>\n<\/div>\n\n<\/section>","protected":false},"excerpt":{"rendered":"","protected":false},"author":19,"featured_media":0,"parent":0,"menu_order":13,"comment_status":"closed","ping_status":"closed","template":"","meta":{"_acf_changed":false,"footnotes":""},"categories":[],"class_list":["post-29267","page","type-page","status-publish","hentry"],"acf":[],"yoast_head":"<!-- This site is optimized with the Yoast SEO Premium plugin v26.0 (Yoast SEO v26.8) - https:\/\/yoast.com\/product\/yoast-seo-premium-wordpress\/ -->\n<title>Haus der Begegnung - Stift Admont<\/title>\n<meta name=\"description\" content=\"Dieses Haus ist von unserem Benediktinerstift Admont begr\u00fcndet worden, um eine St\u00e4tte der Begegnung in der Landeshauptstadt zu erm\u00f6glichen.\" \/>\n<meta name=\"robots\" content=\"index, follow, max-snippet:-1, max-image-preview:large, max-video-preview:-1\" \/>\n<link rel=\"canonical\" href=\"https:\/\/stiftadmont.at\/pl\/dom-spotkan-2\/\" \/>\n<meta property=\"og:locale\" content=\"pl_PL\" \/>\n<meta property=\"og:type\" content=\"article\" \/>\n<meta property=\"og:title\" content=\"Haus der Begegnung\" \/>\n<meta property=\"og:description\" content=\"Dieses Haus ist von unserem Benediktinerstift Admont begr\u00fcndet worden, um eine St\u00e4tte der Begegnung in der Landeshauptstadt zu erm\u00f6glichen.\" \/>\n<meta property=\"og:url\" content=\"https:\/\/stiftadmont.at\/pl\/dom-spotkan-2\/\" \/>\n<meta property=\"og:site_name\" content=\"Stift Admont\" \/>\n<meta property=\"article:modified_time\" content=\"2025-06-12T09:37:25+00:00\" \/>\n<meta property=\"og:image\" content=\"https:\/\/stiftadmont.at\/wp-content\/uploads\/Klosteranlage-innen.jpg\" \/>\n\t<meta property=\"og:image:width\" content=\"1912\" \/>\n\t<meta property=\"og:image:height\" content=\"1188\" \/>\n\t<meta property=\"og:image:type\" content=\"image\/jpeg\" \/>\n<meta name=\"twitter:card\" content=\"summary_large_image\" \/>\n<script type=\"application\/ld+json\" class=\"yoast-schema-graph\">{\"@context\":\"https:\/\/schema.org\",\"@graph\":[{\"@type\":\"WebPage\",\"@id\":\"https:\/\/stiftadmont.at\/haus-der-begegnung-2\/\",\"url\":\"https:\/\/stiftadmont.at\/haus-der-begegnung-2\/\",\"name\":\"Haus der Begegnung - Stift Admont\",\"isPartOf\":{\"@id\":\"https:\/\/stiftadmont.at\/#website\"},\"datePublished\":\"2024-07-15T06:17:11+00:00\",\"dateModified\":\"2025-06-12T09:37:25+00:00\",\"description\":\"Dieses Haus ist von unserem Benediktinerstift Admont begr\u00fcndet worden, um eine St\u00e4tte der Begegnung in der Landeshauptstadt zu erm\u00f6glichen.\",\"breadcrumb\":{\"@id\":\"https:\/\/stiftadmont.at\/haus-der-begegnung-2\/#breadcrumb\"},\"inLanguage\":\"pl-PL\",\"potentialAction\":[{\"@type\":\"ReadAction\",\"target\":[\"https:\/\/stiftadmont.at\/haus-der-begegnung-2\/\"]}]},{\"@type\":\"BreadcrumbList\",\"@id\":\"https:\/\/stiftadmont.at\/haus-der-begegnung-2\/#breadcrumb\",\"itemListElement\":[{\"@type\":\"ListItem\",\"position\":1,\"name\":\"Start\",\"item\":\"https:\/\/stiftadmont.at\/\"},{\"@type\":\"ListItem\",\"position\":2,\"name\":\"Haus der Begegnung\"}]},{\"@type\":\"WebSite\",\"@id\":\"https:\/\/stiftadmont.at\/#website\",\"url\":\"https:\/\/stiftadmont.at\/\",\"name\":\"Stift Admont\",\"description\":\"Benediktinerkloster und Sehensw\u00fcrdigkeit im Ges\u00e4use\",\"potentialAction\":[{\"@type\":\"SearchAction\",\"target\":{\"@type\":\"EntryPoint\",\"urlTemplate\":\"https:\/\/stiftadmont.at\/?s={search_term_string}\"},\"query-input\":{\"@type\":\"PropertyValueSpecification\",\"valueRequired\":true,\"valueName\":\"search_term_string\"}}],\"inLanguage\":\"pl-PL\"}]}<\/script>\n<!-- \/ Yoast SEO Premium plugin. -->","yoast_head_json":{"title":"Dom Spotka\u0144 - Opactwo Admont","description":"Dom ten zosta\u0142 za\u0142o\u017cony przez nasz klasztor benedyktyn\u00f3w w Admont, aby zapewni\u0107 miejsce spotka\u0144 w stolicy prowincji.","robots":{"index":"index","follow":"follow","max-snippet":"max-snippet:-1","max-image-preview":"max-image-preview:large","max-video-preview":"max-video-preview:-1"},"canonical":"https:\/\/stiftadmont.at\/pl\/dom-spotkan-2\/","og_locale":"pl_PL","og_type":"article","og_title":"Haus der Begegnung","og_description":"Dieses Haus ist von unserem Benediktinerstift Admont begr\u00fcndet worden, um eine St\u00e4tte der Begegnung in der Landeshauptstadt zu erm\u00f6glichen.","og_url":"https:\/\/stiftadmont.at\/pl\/dom-spotkan-2\/","og_site_name":"Stift Admont","article_modified_time":"2025-06-12T09:37:25+00:00","og_image":[{"width":1912,"height":1188,"url":"https:\/\/stiftadmont.at\/wp-content\/uploads\/Klosteranlage-innen.jpg","type":"image\/jpeg"}],"twitter_card":"summary_large_image","schema":{"@context":"https:\/\/schema.org","@graph":[{"@type":"WebPage","@id":"https:\/\/stiftadmont.at\/haus-der-begegnung-2\/","url":"https:\/\/stiftadmont.at\/haus-der-begegnung-2\/","name":"Dom Spotka\u0144 - Opactwo Admont","isPartOf":{"@id":"https:\/\/stiftadmont.at\/#website"},"datePublished":"2024-07-15T06:17:11+00:00","dateModified":"2025-06-12T09:37:25+00:00","description":"Dom ten zosta\u0142 za\u0142o\u017cony przez nasz klasztor benedyktyn\u00f3w w Admont, aby zapewni\u0107 miejsce spotka\u0144 w stolicy prowincji.","breadcrumb":{"@id":"https:\/\/stiftadmont.at\/haus-der-begegnung-2\/#breadcrumb"},"inLanguage":"pl-PL","potentialAction":[{"@type":"ReadAction","target":["https:\/\/stiftadmont.at\/haus-der-begegnung-2\/"]}]},{"@type":"BreadcrumbList","@id":"https:\/\/stiftadmont.at\/haus-der-begegnung-2\/#breadcrumb","itemListElement":[{"@type":"ListItem","position":1,"name":"Start","item":"https:\/\/stiftadmont.at\/"},{"@type":"ListItem","position":2,"name":"Haus der Begegnung"}]},{"@type":"WebSite","@id":"https:\/\/stiftadmont.at\/#website","url":"https:\/\/stiftadmont.at\/","name":"Opactwo Admont","description":"Benedykty\u0144ski klasztor i atrakcja turystyczna w Ges\u00e4use","potentialAction":[{"@type":"SearchAction","target":{"@type":"EntryPoint","urlTemplate":"https:\/\/stiftadmont.at\/?s={search_term_string}"},"query-input":{"@type":"PropertyValueSpecification","valueRequired":true,"valueName":"search_term_string"}}],"inLanguage":"pl-PL"}]}},"_links":{"self":[{"href":"https:\/\/stiftadmont.at\/pl\/wp-json\/wp\/v2\/pages\/29267","targetHints":{"allow":["GET"]}}],"collection":[{"href":"https:\/\/stiftadmont.at\/pl\/wp-json\/wp\/v2\/pages"}],"about":[{"href":"https:\/\/stiftadmont.at\/pl\/wp-json\/wp\/v2\/types\/page"}],"author":[{"embeddable":true,"href":"https:\/\/stiftadmont.at\/pl\/wp-json\/wp\/v2\/users\/19"}],"replies":[{"embeddable":true,"href":"https:\/\/stiftadmont.at\/pl\/wp-json\/wp\/v2\/comments?post=29267"}],"version-history":[{"count":29,"href":"https:\/\/stiftadmont.at\/pl\/wp-json\/wp\/v2\/pages\/29267\/revisions"}],"predecessor-version":[{"id":32652,"href":"https:\/\/stiftadmont.at\/pl\/wp-json\/wp\/v2\/pages\/29267\/revisions\/32652"}],"wp:attachment":[{"href":"https:\/\/stiftadmont.at\/pl\/wp-json\/wp\/v2\/media?parent=29267"}],"wp:term":[{"taxonomy":"category","embeddable":true,"href":"https:\/\/stiftadmont.at\/pl\/wp-json\/wp\/v2\/categories?post=29267"}],"curies":[{"name":"wp","href":"https:\/\/api.w.org\/{rel}","templated":true}]}}