{"id":29294,"date":"2024-07-15T08:21:16","date_gmt":"2024-07-15T06:21:16","guid":{"rendered":"https:\/\/stiftadmont.at\/?page_id=29294"},"modified":"2024-07-15T10:17:27","modified_gmt":"2024-07-15T08:17:27","slug":"swieci-i-swiete-miesiaca","status":"publish","type":"page","link":"https:\/\/stiftadmont.at\/pl\/haus-der-begegnung-2\/spiritualitaet\/selige-und-heilige-des-monats\/","title":{"rendered":"B\u0142ogos\u0142awieni i \u015bwi\u0119ci miesi\u0105ca"},"content":{"rendered":"<section id='lightpress__section--block_2333c43509bc5d8aad17f30cfe051466' class='lightpress__section--default-section-space lightpress__section lightpress__section--content'><div class=\"content__inner\"\n         x-init=\"initContentBlockAnim($el)\">\n        \n    <div class=\"content__grid content__grid\">\n                                            <div class=\"content__box content__box--one-hundred\"\n                 style=\"\">\n                                \n                \n                                            <div class=\"prose\"><h2 class=\"heading-xxl\">B\u0142ogos\u0142awieni i \u015bwi\u0119ci miesi\u0105ca<\/h2>\n<p class=\"paragraph-m\">W tej sekcji przedstawiamy ka\u017cdego miesi\u0105ca b\u0142ogos\u0142awionego lub \u015bwi\u0119tego, kt\u00f3ry obchodzi sw\u00f3j dzie\u0144 pami\u0119ci w tym miesi\u0105cu i kt\u00f3rego relikwi\u0119 mo\u017cna czci\u0107 w Domu Spotkania, aby prosi\u0107 go o wstawiennictwo przed Bogiem, naszym mi\u0142osiernym Ojcem, w r\u00f3\u017cnych troskach \u015bwiata naszych dni.<\/p>\n<p>\u00a0<\/p>\n<\/div>\n                    \n                            <\/div>\n        \n            <\/div>\n<\/div>\n\n<\/section>\n\n<section id='lightpress__section--block_a54f02e28dc71129faded0364326151c' class='lightpress__section--default-section-space lightpress__section lightpress__section--content'><div class=\"content__inner\"\n         x-init=\"initContentBlockAnim($el)\">\n        \n    <div class=\"content__grid content__grid\">\n                                            <div class=\"content__box content__box--one-hundred\"\n                 style=\"\">\n                                \n                \n                                            <div class=\"prose\"><p><a class=\"title\" href=\"https:\/\/hausderbegegnung.or.at\/heiliger-des-monats-juli-2024-heiliger-georg-preca_28501\/\">\u015awi\u0119ty miesi\u0105ca lipca 2024 &gt;&gt; \u015awi\u0119ty Jerzy Preca&lt;&lt;<\/a><\/p>\n<p><a class=\"title\" href=\"https:\/\/hausderbegegnung.or.at\/heiliger-des-monats-juni-2024-seliger-seliger-ferdinand-vom-heiligen-joseph-de-ayala_28466\/\">\u015awi\u0119ty miesi\u0105ca czerwca 2024: &gt;&gt; B\u0142ogos\u0142awiony Ferdynand od \u015bw. J\u00f3zefa de Ayala&lt;&lt;<\/a><\/p>\n<p><a class=\"title\" href=\"https:\/\/hausderbegegnung.or.at\/heiliger-des-monats-mai-2024-heiliger-aloisius-von-gonzaga_28409\/\">\u015awi\u0119ty miesi\u0105ca Maj 2024 &gt;&gt; \u015awi\u0119ty Alojzy Gonzaga &lt;&lt;<\/a><\/p>\n<p><a class=\"title\" href=\"https:\/\/hausderbegegnung.or.at\/heilige-des-monats-april-heilige-magdalena-von-canossa_28373\/\">\u015awi\u0119ty miesi\u0105ca kwiecie\u0144 2024 &gt;&gt; \u015awi\u0119ta Magdalena z Canossy&lt;&lt;<\/a><\/p>\n<p><a class=\"title\" href=\"https:\/\/hausderbegegnung.or.at\/heiliger-des-monats-maerz-2024-heilige-agnes-von-boehmen_28286\/\">\u015awi\u0119ty miesi\u0105ca Marzec 2024 &gt;&gt; \u015awi\u0119ta Agnieszka z Czech &lt;&lt;<\/a><\/p>\n<p><a class=\"title\" href=\"https:\/\/hausderbegegnung.or.at\/heiliger-des-monats-jaenner-2024-heiliger-josef-vaz_28220\/\">\u015awi\u0119ty miesi\u0105ca stycze\u0144 2024 &gt;&gt; \u015awi\u0119ty J\u00f3zef Vaz&lt;&lt;<\/a><\/p>\n<p><a class=\"title\" href=\"https:\/\/hausderbegegnung.or.at\/heiliger-des-monats-november-heiliger-johannes-vom-kreuz_28207\/\">\u015awi\u0119ty miesi\u0105ca Listopad 2023 &gt;&gt; \u015awi\u0119ty Jan od Krzy\u017ca &lt;&lt;<\/a><\/p>\n<p><a class=\"title\" href=\"https:\/\/hausderbegegnung.or.at\/heiliger-des-monats-november-2023-heiliger-kolumban-der-juengere_28141\/\">\u015awi\u0119ty miesi\u0105ca listopada 2023 r: &gt;&gt; \u015awi\u0119ty Kolumban M\u0142odszy &lt;&lt;<\/a><\/p>\n<p><a class=\"title\" href=\"https:\/\/hausderbegegnung.or.at\/heilige-des-monats-september-2023-heilige-euphemia-von-chalkedonheilige-des-monats-september-2023_28071\/\">\u015awi\u0119ty miesi\u0105ca Wrzesie\u0144 2023 &gt;&gt; \u015awi\u0119ta Eufemia z Chalcedonu &lt;&lt;<\/a><\/p>\n<p><a class=\"title\" href=\"https:\/\/hausderbegegnung.or.at\/heilige-des-monats-august-heilige-edith-stein_28061\/\">\u015awi\u0119ta miesi\u0105ca sierpnia: &gt;&gt;\u015awi\u0119ta Edyta Stein&lt;&lt;<\/a><\/p>\n<p><a class=\"title\" href=\"https:\/\/hausderbegegnung.or.at\/heiliger-des-monats-juli-2023-kamillus-von-lellis_28039\/\">\u015awi\u0119ty miesi\u0105ca lipca 2023 &gt;&gt; Kamil z Lellis &lt;&lt;<\/a><\/p>\n<p><a class=\"title\" href=\"https:\/\/hausderbegegnung.or.at\/heiliger-des-monats-juni-2023-seliger-julius-hossu_28022\/\">\u015awi\u0119ty miesi\u0105ca czerwca 2023 r: &gt;&gt; B\u0142ogos\u0142awiony Juliusz Hossu &lt;&lt;<\/a><\/p>\n<p><a class=\"title\" href=\"https:\/\/hausderbegegnung.or.at\/heiliger-des-monats-mai-2023-heiliger-philipp-neri_27976\/\">\u015awi\u0119ty miesi\u0105ca maja 2023 r: &gt;&gt; \u015awi\u0119ty Filip Neri &lt;&lt;<\/a><\/p>\n<p><a class=\"title\" href=\"https:\/\/hausderbegegnung.or.at\/heilige-des-monats-maerz-heilige-franziska-von-rom_27799\/\">\u015awi\u0119ty miesi\u0105ca Marzec &gt;&gt; \u015awi\u0119ty Franciszek z Rzymu &lt;&lt;<\/a><\/p>\n<p><a class=\"title\" href=\"https:\/\/hausderbegegnung.or.at\/heilige-des-monats-februar-heilgie-josefina-bahhita_27690\/\">\u015awi\u0119ta miesi\u0105ca lutego &gt;&gt; Heilgie Josefina Bahhita&lt;&lt;<\/a><\/p>\n<p><a class=\"title\" href=\"https:\/\/hausderbegegnung.or.at\/heiliger-des-monats-dezember-heiliger-bischof-nikolaus-von-myra_27573\/\">\u015awi\u0119ty miesi\u0105ca grudnia \"\u015awi\u0119ty biskup Miko\u0142aj z Miry\"<\/a><\/p>\n<p><a class=\"title\" href=\"https:\/\/hausderbegegnung.or.at\/heiliger-des-monats-november-heiliger-albertus-magnus_27506\/\">\u015awi\u0119ty miesi\u0105ca listopada \"\u015awi\u0119ty Albertus Magnus\"<\/a><\/p>\n<p><a class=\"title\" href=\"https:\/\/hausderbegegnung.or.at\/die-heilige-des-monats-ist-die-heilige-theresa-von-avila_27415\/\">\u015awi\u0119ty miesi\u0105ca pa\u017adziernik: \"\u015awi\u0119ta Teresa z \u00c1vila\"<\/a><\/p>\n<p><a class=\"title\" href=\"https:\/\/hausderbegegnung.or.at\/der-selige-des-monats-september-ist-der-selige-kaspar-stanggassinger-seinen-gedenktag-feiert-die-kirche-am-26-september_27344\/\">B\u0142ogos\u0142awiony miesi\u0105ca wrze\u015bnia: \"B\u0142ogos\u0142awiony Kaspar Stanggassinger\"<\/a><\/p>\n<p><a class=\"title\" href=\"https:\/\/hausderbegegnung.or.at\/heiliger-des-monats-august-john-henry-newman_27230\/\">\u015awi\u0119ty miesi\u0105ca Sierpie\u0144 2022: \"\u015awi\u0119ty John Henry Newman\"<\/a><\/p>\n<p><a class=\"title\" href=\"https:\/\/hausderbegegnung.or.at\/heilige-des-monats-juli-heilige-maria-goretti_27223\/\">\u015awi\u0119ty miesi\u0105ca lipca 2022: \"\u015awi\u0119ta Maria Goretti\"<\/a><\/p>\n<p><a class=\"title\" href=\"https:\/\/hausderbegegnung.or.at\/heiliger-des-monats-juni-2022-heiliger-karl-lwanga_27099\/\">\u015awi\u0119ty miesi\u0105ca czerwca 2022: \"\u015awi\u0119ty Karol Lwanga\"<\/a><\/p>\n<p><a class=\"title\" href=\"https:\/\/hausderbegegnung.or.at\/seliger-des-monats-mai-2022-seliger-vladimir-ghika_26943\/\">B\u0142ogos\u0142awiony miesi\u0105ca maja 2022: \"B\u0142ogos\u0142awiony Vladimir Ghika\"<\/a><\/p>\n<p><a class=\"title\" href=\"https:\/\/hausderbegegnung.or.at\/heilige-des-monats-april-2022-hl-katharina-von-siena_26851\/\">\u015awi\u0119ty miesi\u0105ca kwiecie\u0144 2022: \"\u015awi\u0119ta Katarzyna ze Sieny\"<\/a><\/p>\n<p>\u00a0<\/p>\n<\/div>\n                    \n                            <\/div>\n        \n            <\/div>\n<\/div>\n\n<\/section>","protected":false},"excerpt":{"rendered":"","protected":false},"author":19,"featured_media":0,"parent":29279,"menu_order":1,"comment_status":"closed","ping_status":"closed","template":"","meta":{"_acf_changed":false,"footnotes":""},"categories":[],"class_list":["post-29294","page","type-page","status-publish","hentry"],"acf":[],"yoast_head":"<!-- This site is optimized with the Yoast SEO Premium plugin v26.0 (Yoast SEO v26.8) - https:\/\/yoast.com\/product\/yoast-seo-premium-wordpress\/ -->\n<title>Selige und Heilige des Monats - Stift Admont<\/title>\n<meta name=\"robots\" content=\"index, follow, max-snippet:-1, max-image-preview:large, max-video-preview:-1\" \/>\n<link rel=\"canonical\" href=\"https:\/\/stiftadmont.at\/pl\/dom-spotkan-2\/duchowosc\/swieci-i-swiete-miesiaca\/\" \/>\n<meta property=\"og:locale\" content=\"pl_PL\" \/>\n<meta property=\"og:type\" content=\"article\" \/>\n<meta property=\"og:title\" content=\"Selige und Heilige des Monats\" \/>\n<meta property=\"og:url\" content=\"https:\/\/stiftadmont.at\/pl\/dom-spotkan-2\/duchowosc\/swieci-i-swiete-miesiaca\/\" \/>\n<meta property=\"og:site_name\" content=\"Stift Admont\" \/>\n<meta property=\"article:modified_time\" content=\"2024-07-15T08:17:27+00:00\" \/>\n<meta property=\"og:image\" content=\"https:\/\/stiftadmont.at\/wp-content\/uploads\/Klosteranlage-innen.jpg\" \/>\n\t<meta property=\"og:image:width\" content=\"1912\" \/>\n\t<meta property=\"og:image:height\" content=\"1188\" \/>\n\t<meta property=\"og:image:type\" content=\"image\/jpeg\" \/>\n<meta name=\"twitter:card\" content=\"summary_large_image\" \/>\n<script type=\"application\/ld+json\" class=\"yoast-schema-graph\">{\"@context\":\"https:\/\/schema.org\",\"@graph\":[{\"@type\":\"WebPage\",\"@id\":\"https:\/\/stiftadmont.at\/haus-der-begegnung-2\/spiritualitaet\/selige-und-heilige-des-monats\/\",\"url\":\"https:\/\/stiftadmont.at\/haus-der-begegnung-2\/spiritualitaet\/selige-und-heilige-des-monats\/\",\"name\":\"Selige und Heilige des Monats - Stift Admont\",\"isPartOf\":{\"@id\":\"https:\/\/stiftadmont.at\/#website\"},\"datePublished\":\"2024-07-15T06:21:16+00:00\",\"dateModified\":\"2024-07-15T08:17:27+00:00\",\"breadcrumb\":{\"@id\":\"https:\/\/stiftadmont.at\/haus-der-begegnung-2\/spiritualitaet\/selige-und-heilige-des-monats\/#breadcrumb\"},\"inLanguage\":\"pl-PL\",\"potentialAction\":[{\"@type\":\"ReadAction\",\"target\":[\"https:\/\/stiftadmont.at\/haus-der-begegnung-2\/spiritualitaet\/selige-und-heilige-des-monats\/\"]}]},{\"@type\":\"BreadcrumbList\",\"@id\":\"https:\/\/stiftadmont.at\/haus-der-begegnung-2\/spiritualitaet\/selige-und-heilige-des-monats\/#breadcrumb\",\"itemListElement\":[{\"@type\":\"ListItem\",\"position\":1,\"name\":\"Start\",\"item\":\"https:\/\/stiftadmont.at\/\"},{\"@type\":\"ListItem\",\"position\":2,\"name\":\"Haus der Begegnung\",\"item\":\"https:\/\/stiftadmont.at\/haus-der-begegnung-2\/\"},{\"@type\":\"ListItem\",\"position\":3,\"name\":\"Spiritualit\u00e4t\",\"item\":\"https:\/\/stiftadmont.at\/haus-der-begegnung-2\/spiritualitaet\/\"},{\"@type\":\"ListItem\",\"position\":4,\"name\":\"Selige und Heilige des Monats\"}]},{\"@type\":\"WebSite\",\"@id\":\"https:\/\/stiftadmont.at\/#website\",\"url\":\"https:\/\/stiftadmont.at\/\",\"name\":\"Stift Admont\",\"description\":\"Benediktinerkloster und Sehensw\u00fcrdigkeit im Ges\u00e4use\",\"potentialAction\":[{\"@type\":\"SearchAction\",\"target\":{\"@type\":\"EntryPoint\",\"urlTemplate\":\"https:\/\/stiftadmont.at\/?s={search_term_string}\"},\"query-input\":{\"@type\":\"PropertyValueSpecification\",\"valueRequired\":true,\"valueName\":\"search_term_string\"}}],\"inLanguage\":\"pl-PL\"}]}<\/script>\n<!-- \/ Yoast SEO Premium plugin. -->","yoast_head_json":{"title":"B\u0142ogos\u0142awieni i \u015bwi\u0119ci miesi\u0105ca - Opactwo Admont","robots":{"index":"index","follow":"follow","max-snippet":"max-snippet:-1","max-image-preview":"max-image-preview:large","max-video-preview":"max-video-preview:-1"},"canonical":"https:\/\/stiftadmont.at\/pl\/dom-spotkan-2\/duchowosc\/swieci-i-swiete-miesiaca\/","og_locale":"pl_PL","og_type":"article","og_title":"Selige und Heilige des Monats","og_url":"https:\/\/stiftadmont.at\/pl\/dom-spotkan-2\/duchowosc\/swieci-i-swiete-miesiaca\/","og_site_name":"Stift Admont","article_modified_time":"2024-07-15T08:17:27+00:00","og_image":[{"width":1912,"height":1188,"url":"https:\/\/stiftadmont.at\/wp-content\/uploads\/Klosteranlage-innen.jpg","type":"image\/jpeg"}],"twitter_card":"summary_large_image","schema":{"@context":"https:\/\/schema.org","@graph":[{"@type":"WebPage","@id":"https:\/\/stiftadmont.at\/haus-der-begegnung-2\/spiritualitaet\/selige-und-heilige-des-monats\/","url":"https:\/\/stiftadmont.at\/haus-der-begegnung-2\/spiritualitaet\/selige-und-heilige-des-monats\/","name":"B\u0142ogos\u0142awieni i \u015bwi\u0119ci miesi\u0105ca - Opactwo Admont","isPartOf":{"@id":"https:\/\/stiftadmont.at\/#website"},"datePublished":"2024-07-15T06:21:16+00:00","dateModified":"2024-07-15T08:17:27+00:00","breadcrumb":{"@id":"https:\/\/stiftadmont.at\/haus-der-begegnung-2\/spiritualitaet\/selige-und-heilige-des-monats\/#breadcrumb"},"inLanguage":"pl-PL","potentialAction":[{"@type":"ReadAction","target":["https:\/\/stiftadmont.at\/haus-der-begegnung-2\/spiritualitaet\/selige-und-heilige-des-monats\/"]}]},{"@type":"BreadcrumbList","@id":"https:\/\/stiftadmont.at\/haus-der-begegnung-2\/spiritualitaet\/selige-und-heilige-des-monats\/#breadcrumb","itemListElement":[{"@type":"ListItem","position":1,"name":"Start","item":"https:\/\/stiftadmont.at\/"},{"@type":"ListItem","position":2,"name":"Haus der Begegnung","item":"https:\/\/stiftadmont.at\/haus-der-begegnung-2\/"},{"@type":"ListItem","position":3,"name":"Spiritualit\u00e4t","item":"https:\/\/stiftadmont.at\/haus-der-begegnung-2\/spiritualitaet\/"},{"@type":"ListItem","position":4,"name":"Selige und Heilige des Monats"}]},{"@type":"WebSite","@id":"https:\/\/stiftadmont.at\/#website","url":"https:\/\/stiftadmont.at\/","name":"Opactwo Admont","description":"Benedykty\u0144ski klasztor i atrakcja turystyczna w Ges\u00e4use","potentialAction":[{"@type":"SearchAction","target":{"@type":"EntryPoint","urlTemplate":"https:\/\/stiftadmont.at\/?s={search_term_string}"},"query-input":{"@type":"PropertyValueSpecification","valueRequired":true,"valueName":"search_term_string"}}],"inLanguage":"pl-PL"}]}},"_links":{"self":[{"href":"https:\/\/stiftadmont.at\/pl\/wp-json\/wp\/v2\/pages\/29294","targetHints":{"allow":["GET"]}}],"collection":[{"href":"https:\/\/stiftadmont.at\/pl\/wp-json\/wp\/v2\/pages"}],"about":[{"href":"https:\/\/stiftadmont.at\/pl\/wp-json\/wp\/v2\/types\/page"}],"author":[{"embeddable":true,"href":"https:\/\/stiftadmont.at\/pl\/wp-json\/wp\/v2\/users\/19"}],"replies":[{"embeddable":true,"href":"https:\/\/stiftadmont.at\/pl\/wp-json\/wp\/v2\/comments?post=29294"}],"version-history":[{"count":6,"href":"https:\/\/stiftadmont.at\/pl\/wp-json\/wp\/v2\/pages\/29294\/revisions"}],"predecessor-version":[{"id":29419,"href":"https:\/\/stiftadmont.at\/pl\/wp-json\/wp\/v2\/pages\/29294\/revisions\/29419"}],"up":[{"embeddable":true,"href":"https:\/\/stiftadmont.at\/pl\/wp-json\/wp\/v2\/pages\/29279"}],"wp:attachment":[{"href":"https:\/\/stiftadmont.at\/pl\/wp-json\/wp\/v2\/media?parent=29294"}],"wp:term":[{"taxonomy":"category","embeddable":true,"href":"https:\/\/stiftadmont.at\/pl\/wp-json\/wp\/v2\/categories?post=29294"}],"curies":[{"name":"wp","href":"https:\/\/api.w.org\/{rel}","templated":true}]}}