{"id":29302,"date":"2024-07-15T08:32:26","date_gmt":"2024-07-15T06:32:26","guid":{"rendered":"https:\/\/stiftadmont.at\/?page_id=29302"},"modified":"2024-07-15T10:19:32","modified_gmt":"2024-07-15T08:19:32","slug":"medal-benedykta","status":"publish","type":"page","link":"https:\/\/stiftadmont.at\/pl\/haus-der-begegnung-2\/die-benedictus-medaille\/","title":{"rendered":"Medal Benedictus"},"content":{"rendered":"<section id='lightpress__section--block_571430aad14373f6cb027d4a11192c66' class='lightpress__section--default-section-space lightpress__section lightpress__section--content'><div class=\"content__inner\"\n         x-init=\"initContentBlockAnim($el)\">\n        \n    <div class=\"content__grid content__grid\">\n                                            <div class=\"content__box content__box--one-hundred\"\n                 style=\"\">\n                                \n                \n                                            <div class=\"prose\"><p class=\"paragraph-m\">\u00a0<\/p>\n<h2 class=\"heading-xxl\">Medal Benedictus<\/h2>\n<p class=\"paragraph-m\"><strong>Historia:<\/strong><\/p>\n<p class=\"paragraph-m\">Wed\u0142ug staro\u017cytnej tradycji medal benedykty\u0144ski znany by\u0142 ju\u017c w XI wieku. Alzacki duchowny Bruno, kt\u00f3ry p\u00f3\u017aniej zosta\u0142 papie\u017cem Leonem IX, zosta\u0142 w m\u0142odo\u015bci uk\u0105szony przez jadowitego gada i powa\u017cnie zachorowa\u0142 na dwa miesi\u0105ce; straci\u0142 g\u0142os i du\u017co wa\u017cy\u0142. Porzuciwszy wszelk\u0105 nadziej\u0119 na wyleczenie, mia\u0142 wizj\u0119 l\u015bni\u0105cej drabiny prowadz\u0105cej do nieba. Schodzi\u0142a po niej czcigodna posta\u0107 odziana w mnisi habit. By\u0142 to \u015bw. Benedykt, trzymaj\u0105cy w r\u0119ku \u015bwietlisty krzy\u017c, kt\u00f3rym dotkn\u0105\u0142 twarzy Brunona i natychmiast go uzdrowi\u0142. Nast\u0119pnie zjawa znikn\u0119\u0142a. Bruno, kt\u00f3ry zosta\u0142 uzdrowiony w ten cudowny spos\u00f3b, wst\u0105pi\u0142 p\u00f3\u017aniej do zakonu benedyktyn\u00f3w. Wst\u0105pi\u0142 na tron papieski w 1048 r. pod imieniem Leona IX i by\u0142 znany ze swojej \u015bwi\u0119to\u015bci, nabo\u017ce\u0144stwa do Krzy\u017ca \u015awi\u0119tego, a tak\u017ce do \u015bw. Dzi\u0119ki temu papie\u017cowi Medalik Benedykty\u0144ski otrzyma\u0142 wiele specjalnych b\u0142ogos\u0142awie\u0144stw, a jego kult sta\u0142 si\u0119 powszechny.<\/p>\n<p class=\"paragraph-m\">\u00a0<\/p>\n<p class=\"paragraph-m\">Odrodzenie kultu medalu benedykty\u0144skiego nast\u0105pi\u0142o w 1647 r., kiedy to w bawarskim klasztorze benedyktyn\u00f3w w Metten znaleziono stary r\u0119kopis, kopi\u0119 Ewangelii z 1415 r., kt\u00f3ra dawa\u0142a wskaz\u00f3wki co do znaczenia tajemniczych krzy\u017cy znalezionych tu i \u00f3wdzie na \u015bcianach klasztoru, otoczonych literami, kt\u00f3rych znaczenie nie by\u0142o ju\u017c znane. Na ostatniej stronie manuskryptu znajdowa\u0142 si\u0119 rysunek wykonany pi\u00f3rem i tuszem, przedstawiaj\u0105cy \u015bw. Benedykta z lask\u0105 z krzy\u017cem w jednej r\u0119ce i rodzajem sztandaru lub zwoju w drugiej, na kt\u00f3rym wypisane by\u0142y s\u0142owa, kt\u00f3rych inicja\u0142y wyja\u015bnia\u0142y tajemnicze litery na \u015bcianach klasztoru.<\/p>\n<p class=\"paragraph-m\">Odkrycie tego rysunku pi\u00f3rem i tuszem z krzy\u017cem i wersetami da\u0142o nowy impuls do czczenia Krzy\u017ca \u015awi\u0119tego, a tak\u017ce \u015bwi\u0119tego Benedykta, kt\u00f3ry u\u017cywa\u0142 \u015bwi\u0119tego znaku w tak cudowny spos\u00f3b. Medale, symbolizuj\u0105ce t\u0119 podw\u00f3jn\u0105 cze\u015b\u0107, by\u0142y bite i rozprowadzane w\u015br\u00f3d ludzi. Ich pobo\u017cne u\u017cywanie szybko sta\u0142o si\u0119 \u017ar\u00f3d\u0142em wielu doczesnych i duchowych b\u0142ogos\u0142awie\u0144stw. Medalik rozprzestrzeni\u0142 si\u0119 szybko i szeroko, nie tylko w Niemczech, gdzie zosta\u0142 wybity po raz pierwszy, ale w ca\u0142ej katolickiej Europie. Zaledwie kilka lat p\u00f3\u017aniej \u015bw. Wincenty a Paulo, kt\u00f3ry zmar\u0142 w 1660 roku, zdawa\u0142 si\u0119 by\u0107 zaznajomiony z dzia\u0142aniem medalika. Za\u0142o\u017cone przez niego Siostry Mi\u0142osierdzia zawsze nosi\u0142y je do\u0142\u0105czone do swoich r\u00f3\u017ca\u0144c\u00f3w i przez wiele lat by\u0142y one produkowane wy\u0142\u0105cznie dla nich we Francji.<\/p>\n<p class=\"paragraph-m\">\u00a0<\/p>\n<p class=\"paragraph-m\">W ko\u0144cu, w 1741 roku, papie\u017c Benedykt XIV, poruszony wieloma \u0142askami, kt\u00f3rymi B\u00f3g obdarzy\u0142 medalik i pragn\u0105c, aby wszyscy mieli udzia\u0142 w tym b\u0142ogos\u0142awie\u0144stwie, uroczy\u015bcie zatwierdzi\u0142 jego cze\u015b\u0107 i poleci\u0142 go wiernym. Jako dodatkow\u0105 zach\u0119t\u0119, ten sam papie\u017c wzbogaci\u0142 medalik o liczne odpusty.<\/p>\n<p class=\"paragraph-m\">\u00a0<\/p>\n<p class=\"paragraph-m\">Najcz\u0119\u015bciej u\u017cywanym obecnie medalem jest tak zwany Medal Jubileuszowy, kt\u00f3ry, zatwierdzony przez papie\u017ca Piusa IX w 1877 roku, zosta\u0142 wybity po raz pierwszy w 1880 roku z okazji 1400. rocznicy urodzin \u015bw. Benedykta w Montecassino, na podstawie projektu benedykty\u0144skiego mnicha z Beuron.<\/p>\n<p class=\"paragraph-m\">\u00a0<\/p>\n<p class=\"paragraph-m\"><strong>Opis medalu:<\/strong><\/p>\n<p class=\"paragraph-m\">Na awersie medalu widniej\u0105 litery \"C. S. P. B.\", czyli \"Crux Sancti Patris Benedicti\" (\"Krzy\u017c \u015awi\u0119tego Ojca Benedykta\").<\/p>\n<p class=\"paragraph-m\">Na pniu w linii pionowej czytamy: \"C. S. S. M. L.\", a na poprzeczce litery: \"N. D. S. M. D.\", czyli: \"Crux Sacra Sit Mihi Lux, Non Draco Sit Mihi Dux.\" (\"Niech krzy\u017c \u015bwi\u0119ty b\u0119dzie moim \u015bwiat\u0142em, niech smok nie b\u0119dzie moim wodzem!\"). (\"Niech \u015bwi\u0119ty krzy\u017c b\u0119dzie moim \u015bwiat\u0142em, niech smok nie b\u0119dzie moim przyw\u00f3dc\u0105!\") 14 liter ko\u0142a: \"V. R. S. - N. S. M. V. - S. M. Q. L. - I. V. B.\" oznacza: \"Vade Retro Satana, Nunquam Suade Mihi Vana, Sunt Male Qu\u00e6 Libas, Ipse Venena Bibas\", tj. Nie doradzaj mi nigdy - fa\u0142szywy blask grzechu. - Podajesz z\u0142e wino, - sam pij trucizn\u0119\".<\/p>\n<p class=\"paragraph-m\">Rewers medalu przedstawia wizerunek \u015bw. Benedykta, trzymaj\u0105cego w prawej r\u0119ce krzy\u017c, w kt\u00f3rego mocy czyni\u0142 cuda, a w lewej \u015bwi\u0119t\u0105 regu\u0142\u0119, kt\u00f3ra powinna prowadzi\u0107 wszystkich, kt\u00f3rzy za ni\u0105 pod\u0105\u017caj\u0105, do \u015bwiat\u0142a przez krzy\u017c.<\/p>\n<p class=\"paragraph-m\">\u00a0<\/p>\n<p class=\"paragraph-m\"><strong>Odpusty:<\/strong><\/p>\n<p class=\"paragraph-m\">Papie\u017c Benedykt XIV udzieli\u0142 wielu odpust\u00f3w na ten medal, z kt\u00f3rych tylko najwa\u017cniejsze s\u0105 tutaj wymienione: Ka\u017cdy, kto przynajmniej raz w tygodniu odm\u00f3wi r\u00f3\u017caniec i wys\u0142ucha Mszy \u015bwi\u0119tej, mo\u017ce zyska\u0107 odpust zupe\u0142ny w nast\u0119puj\u0105ce dni po przyj\u0119ciu \u015bwi\u0119tych sakrament\u00f3w pokuty i o\u0142tarza oraz po odm\u00f3wieniu zwyk\u0142ych modlitw odpustowych: Bo\u017ce Narodzenie, Objawienie Pa\u0144skie, Wielkanoc, Wniebowst\u0105pienie, Zes\u0142anie Ducha \u015awi\u0119tego, Niedziela Tr\u00f3jcy Przenaj\u015bwi\u0119tszej, Bo\u017ce Cia\u0142o, Narodzenie Pa\u0144skie, \u015awieta, Zwiastowanie i Wniebowst\u0105pienie, Wszystkich \u015awi\u0119tych oraz Uroczysto\u015b\u0107 Wniebowzi\u0119cia \u015bw. Benedykta (21 marca).<\/p>\n<p class=\"paragraph-m\">Odpust zupe\u0142ny mog\u0105 uzyska\u0107 ci, kt\u00f3rzy po spowiedzi i komunii \u015bwi\u0119tej polec\u0105 swoje dusze Bogu w godzinie \u015bmierci lub, gdyby nie byli ju\u017c w stanie przyj\u0105\u0107 tych \u015bwi\u0119tych sakrament\u00f3w, wzbudz\u0105 w sobie doskona\u0142\u0105 skruch\u0119 i wezw\u0105 naj\u015bwi\u0119tsze imiona Jezusa i Maryi ustami lub przynajmniej sercem.<\/p>\n<\/div>\n                    \n                            <\/div>\n        \n            <\/div>\n<\/div>\n\n<\/section>\n\n<section id='lightpress__section--block_b7789ee7273f6c7d9307f3f4353b7ecd' class='lightpress__section lightpress__section--image lightpress__section-- lightpress__section--'>            <img decoding=\"async\" src=\"https:\/\/via.placeholder.com\/1920x1080\" alt=\"symbol zast\u0119pczy\">\n<\/section>","protected":false},"excerpt":{"rendered":"","protected":false},"author":19,"featured_media":0,"parent":29267,"menu_order":2,"comment_status":"closed","ping_status":"closed","template":"","meta":{"_acf_changed":false,"footnotes":""},"categories":[],"class_list":["post-29302","page","type-page","status-publish","hentry"],"acf":[],"yoast_head":"<!-- This site is optimized with the Yoast SEO Premium plugin v26.0 (Yoast SEO v26.8) - https:\/\/yoast.com\/product\/yoast-seo-premium-wordpress\/ -->\n<title>Die Benedictus Medaille - Stift Admont<\/title>\n<meta name=\"robots\" content=\"index, follow, max-snippet:-1, max-image-preview:large, max-video-preview:-1\" \/>\n<link rel=\"canonical\" href=\"https:\/\/stiftadmont.at\/pl\/dom-spotkan-2\/medal-benedykta\/\" \/>\n<meta property=\"og:locale\" content=\"pl_PL\" \/>\n<meta property=\"og:type\" content=\"article\" \/>\n<meta property=\"og:title\" content=\"Die Benedictus Medaille\" \/>\n<meta property=\"og:url\" content=\"https:\/\/stiftadmont.at\/pl\/dom-spotkan-2\/medal-benedykta\/\" \/>\n<meta property=\"og:site_name\" content=\"Stift Admont\" \/>\n<meta property=\"article:modified_time\" content=\"2024-07-15T08:19:32+00:00\" \/>\n<meta property=\"og:image\" content=\"https:\/\/stiftadmont.at\/wp-content\/uploads\/Klosteranlage-innen.jpg\" \/>\n\t<meta property=\"og:image:width\" content=\"1912\" \/>\n\t<meta property=\"og:image:height\" content=\"1188\" \/>\n\t<meta property=\"og:image:type\" content=\"image\/jpeg\" \/>\n<meta name=\"twitter:card\" content=\"summary_large_image\" \/>\n<script type=\"application\/ld+json\" class=\"yoast-schema-graph\">{\"@context\":\"https:\/\/schema.org\",\"@graph\":[{\"@type\":\"WebPage\",\"@id\":\"https:\/\/stiftadmont.at\/haus-der-begegnung-2\/die-benedictus-medaille\/\",\"url\":\"https:\/\/stiftadmont.at\/haus-der-begegnung-2\/die-benedictus-medaille\/\",\"name\":\"Die Benedictus Medaille - Stift Admont\",\"isPartOf\":{\"@id\":\"https:\/\/stiftadmont.at\/#website\"},\"datePublished\":\"2024-07-15T06:32:26+00:00\",\"dateModified\":\"2024-07-15T08:19:32+00:00\",\"breadcrumb\":{\"@id\":\"https:\/\/stiftadmont.at\/haus-der-begegnung-2\/die-benedictus-medaille\/#breadcrumb\"},\"inLanguage\":\"pl-PL\",\"potentialAction\":[{\"@type\":\"ReadAction\",\"target\":[\"https:\/\/stiftadmont.at\/haus-der-begegnung-2\/die-benedictus-medaille\/\"]}]},{\"@type\":\"BreadcrumbList\",\"@id\":\"https:\/\/stiftadmont.at\/haus-der-begegnung-2\/die-benedictus-medaille\/#breadcrumb\",\"itemListElement\":[{\"@type\":\"ListItem\",\"position\":1,\"name\":\"Start\",\"item\":\"https:\/\/stiftadmont.at\/\"},{\"@type\":\"ListItem\",\"position\":2,\"name\":\"Haus der Begegnung\",\"item\":\"https:\/\/stiftadmont.at\/haus-der-begegnung-2\/\"},{\"@type\":\"ListItem\",\"position\":3,\"name\":\"Die Benedictus Medaille\"}]},{\"@type\":\"WebSite\",\"@id\":\"https:\/\/stiftadmont.at\/#website\",\"url\":\"https:\/\/stiftadmont.at\/\",\"name\":\"Stift Admont\",\"description\":\"Benediktinerkloster und Sehensw\u00fcrdigkeit im Ges\u00e4use\",\"potentialAction\":[{\"@type\":\"SearchAction\",\"target\":{\"@type\":\"EntryPoint\",\"urlTemplate\":\"https:\/\/stiftadmont.at\/?s={search_term_string}\"},\"query-input\":{\"@type\":\"PropertyValueSpecification\",\"valueRequired\":true,\"valueName\":\"search_term_string\"}}],\"inLanguage\":\"pl-PL\"}]}<\/script>\n<!-- \/ Yoast SEO Premium plugin. -->","yoast_head_json":{"title":"Medal Benedictus - Opactwo Admont","robots":{"index":"index","follow":"follow","max-snippet":"max-snippet:-1","max-image-preview":"max-image-preview:large","max-video-preview":"max-video-preview:-1"},"canonical":"https:\/\/stiftadmont.at\/pl\/dom-spotkan-2\/medal-benedykta\/","og_locale":"pl_PL","og_type":"article","og_title":"Die Benedictus Medaille","og_url":"https:\/\/stiftadmont.at\/pl\/dom-spotkan-2\/medal-benedykta\/","og_site_name":"Stift Admont","article_modified_time":"2024-07-15T08:19:32+00:00","og_image":[{"width":1912,"height":1188,"url":"https:\/\/stiftadmont.at\/wp-content\/uploads\/Klosteranlage-innen.jpg","type":"image\/jpeg"}],"twitter_card":"summary_large_image","schema":{"@context":"https:\/\/schema.org","@graph":[{"@type":"WebPage","@id":"https:\/\/stiftadmont.at\/haus-der-begegnung-2\/die-benedictus-medaille\/","url":"https:\/\/stiftadmont.at\/haus-der-begegnung-2\/die-benedictus-medaille\/","name":"Medal Benedictus - Opactwo Admont","isPartOf":{"@id":"https:\/\/stiftadmont.at\/#website"},"datePublished":"2024-07-15T06:32:26+00:00","dateModified":"2024-07-15T08:19:32+00:00","breadcrumb":{"@id":"https:\/\/stiftadmont.at\/haus-der-begegnung-2\/die-benedictus-medaille\/#breadcrumb"},"inLanguage":"pl-PL","potentialAction":[{"@type":"ReadAction","target":["https:\/\/stiftadmont.at\/haus-der-begegnung-2\/die-benedictus-medaille\/"]}]},{"@type":"BreadcrumbList","@id":"https:\/\/stiftadmont.at\/haus-der-begegnung-2\/die-benedictus-medaille\/#breadcrumb","itemListElement":[{"@type":"ListItem","position":1,"name":"Start","item":"https:\/\/stiftadmont.at\/"},{"@type":"ListItem","position":2,"name":"Haus der Begegnung","item":"https:\/\/stiftadmont.at\/haus-der-begegnung-2\/"},{"@type":"ListItem","position":3,"name":"Die Benedictus Medaille"}]},{"@type":"WebSite","@id":"https:\/\/stiftadmont.at\/#website","url":"https:\/\/stiftadmont.at\/","name":"Opactwo Admont","description":"Benedykty\u0144ski klasztor i atrakcja turystyczna w Ges\u00e4use","potentialAction":[{"@type":"SearchAction","target":{"@type":"EntryPoint","urlTemplate":"https:\/\/stiftadmont.at\/?s={search_term_string}"},"query-input":{"@type":"PropertyValueSpecification","valueRequired":true,"valueName":"search_term_string"}}],"inLanguage":"pl-PL"}]}},"_links":{"self":[{"href":"https:\/\/stiftadmont.at\/pl\/wp-json\/wp\/v2\/pages\/29302","targetHints":{"allow":["GET"]}}],"collection":[{"href":"https:\/\/stiftadmont.at\/pl\/wp-json\/wp\/v2\/pages"}],"about":[{"href":"https:\/\/stiftadmont.at\/pl\/wp-json\/wp\/v2\/types\/page"}],"author":[{"embeddable":true,"href":"https:\/\/stiftadmont.at\/pl\/wp-json\/wp\/v2\/users\/19"}],"replies":[{"embeddable":true,"href":"https:\/\/stiftadmont.at\/pl\/wp-json\/wp\/v2\/comments?post=29302"}],"version-history":[{"count":3,"href":"https:\/\/stiftadmont.at\/pl\/wp-json\/wp\/v2\/pages\/29302\/revisions"}],"predecessor-version":[{"id":29420,"href":"https:\/\/stiftadmont.at\/pl\/wp-json\/wp\/v2\/pages\/29302\/revisions\/29420"}],"up":[{"embeddable":true,"href":"https:\/\/stiftadmont.at\/pl\/wp-json\/wp\/v2\/pages\/29267"}],"wp:attachment":[{"href":"https:\/\/stiftadmont.at\/pl\/wp-json\/wp\/v2\/media?parent=29302"}],"wp:term":[{"taxonomy":"category","embeddable":true,"href":"https:\/\/stiftadmont.at\/pl\/wp-json\/wp\/v2\/categories?post=29302"}],"curies":[{"name":"wp","href":"https:\/\/api.w.org\/{rel}","templated":true}]}}