{"id":29319,"date":"2024-07-15T08:38:38","date_gmt":"2024-07-15T06:38:38","guid":{"rendered":"https:\/\/stiftadmont.at\/?page_id=29319"},"modified":"2025-02-04T11:40:14","modified_gmt":"2025-02-04T09:40:14","slug":"modlitwy-do-swietego-benedykta-i-swietej-scholastyki","status":"publish","type":"page","link":"https:\/\/stiftadmont.at\/pl\/haus-der-begegnung-2\/spiritualitaet\/gebete-zum-hl-benedikt-und-zur-hl-scholastika\/","title":{"rendered":"Modlitwy do \u015bwi\u0119tych Benedykta i Scholastyki"},"content":{"rendered":"<section id='lightpress__section--block_748675df9cd76e1208ffbf8a6dcc4bd6' class='align-center lightpress__section--default-section-space lightpress__section lightpress__section--headline'><div class=\"headline__container\">\n            <h2 class=\"headline text--40 text-medium line line--gold line-above line-middle\">Modlitwy do \u015bwi\u0119tych Benedykta i Scholastyki<\/h2>\n        <p class=\"text-center text-gold text--20 text-medium text--uppercase\"><\/p>\n        <div class=\"spacer--40\"><\/div>\n<\/div>\n\n<\/section>\n\n<section id='lightpress__section--block_620f02d0ecc300520789640f6c00c6e3' class='lightpress__section--default-section-space lightpress__section lightpress__section--content'><div class=\"content__inner\"\n         x-init=\"initContentBlockAnim($el)\">\n        \n    <div class=\"content__grid content__grid\">\n                                            <div class=\"content__box content__box--one-hundred\"\n                 style=\"\">\n                                \n                \n                                            <div class=\"prose\"><h5 class=\"heading-m line line-above line--gold\"><strong>R\u00f3\u017caniec do \u015bwi\u0119tego Benedykta<\/strong><\/h5>\n<p>\u00a0<\/p>\n<ul>\n<li class=\"paragraph-m\">\u015awi\u0119ty Benedykcie, patronie Europy, m\u00f3dl si\u0119 o pok\u00f3j i koron\u0119 cnoty.<\/li>\n<li class=\"paragraph-m\">Kszta\u0142towa\u0107 ducha zakonu, chrze\u015bcija\u0144stwa, \u015bw. Benedykta, na chwa\u0142\u0119 Bo\u017c\u0105.<\/li>\n<li class=\"paragraph-m\">Od furii szatana, \u015bwi\u0119ty Benedykcie, my ju\u017c przez tw\u00f3j wielce b\u0142ogos\u0142awiony medalion.<\/li>\n<li class=\"paragraph-m\">\"Ora et labora\" zawsze b\u0119dzie has\u0142em \u015bw. Benedykta i Europy.<\/li>\n<li class=\"paragraph-m\">Bo\u017ce! Panie! Tobie niech b\u0119d\u0105 wieczne dzi\u0119ki, cze\u015b\u0107 i chwa\u0142a za \u015bwi\u0119tego Benedykta i jego zakon \u015bwi\u0119tych.<\/li>\n<\/ul>\n<p>\u00a0<\/p>\n<p>\u00a0<\/p>\n<p>\u00a0<\/p>\n<h5 class=\"heading-m line line-above line--gold\"><strong>Modlitwy do \u015bwi\u0119tego Benedykta<\/strong><\/h5>\n<p>\u00a0<\/p>\n<p class=\"paragraph-m\">Ojcze \u015awi\u0119ty Benedykcie, godny przyw\u00f3dco wielkiej armii wojownik\u00f3w Chrystusa, a mianowicie twoich syn\u00f3w i c\u00f3rek Zakonu! Przypominam ci o pi\u0119knej \u015bmierci, kt\u00f3r\u0105 da\u0142 ci Pan. Stoj\u0105c wyprostowany i modl\u0105c si\u0119 z podniesionymi oczami, odda\u0142e\u015b swoj\u0105 dusz\u0119 Stw\u00f3rcy. Sta\u0144 przy mnie pewnego dnia w godzinie mojej \u015bmierci. Chro\u0144 mnie przed atakami z\u0142ego wroga i prowad\u017a mnie do wiecznych rado\u015bci. Amen.<\/p>\n<p class=\"paragraph-m\">Wszechmog\u0105cy Bo\u017ce, w \u015bwi\u0119tym Benedykcie da\u0142e\u015b nam mistrza i nauczyciela, kt\u00f3ry prowadzi nas do szukania Ciebie i s\u0142u\u017cenia Tobie. Spraw, aby\u015bmy niczego nie przedk\u0142adali nad nasz\u0105 mi\u0142o\u015b\u0107 do Ciebie, ale aby\u015bmy pe\u0142ni rado\u015bci i ufno\u015bci pod\u0105\u017cali ku Tobie drog\u0105 Twoich przykaza\u0144. Prosimy o to przez Jezusa Chrystusa.<\/p>\n<p class=\"paragraph-m\">\u00a0<\/p>\n<p>\u00a0<\/p>\n<p>\u00a0<\/p>\n<h5 class=\"heading-m line line-above line--gold\"><strong>Nowenna do \u015bw. Benedykta<\/strong><\/h5>\n<p class=\"paragraph-m\">\u00a0<\/p>\n<p class=\"paragraph-m\">Modlisz si\u0119 przez 9 kolejnych dni:<\/p>\n<p class=\"paragraph-m\">9 Ojcze nasz, Zdrowa\u015b Maryjo i Chwa\u0142a Ojcu z dodatkiem:<\/p>\n<p class=\"paragraph-m\">Ojcze \u015awi\u0119ty Benedykcie, m\u00f3dl si\u0119 za nami, aby\u015bmy stali si\u0119 godni obietnic Chrystusa.<\/p>\n<p class=\"paragraph-m\">M\u00f3dlmy si\u0119: Ojcze \u015awi\u0119ty Benedykcie, Ty wielki wspomo\u017cycielu i or\u0119downiku, Ty postrachu z\u0142ych duch\u00f3w, pe\u0142ni ufno\u015bci b\u0142agamy Ci\u0119 w naszym strapieniu. Nieustannie wstawiaj si\u0119 za nami u Boskiego tronu i wyp\u0119dzaj z\u0142e duchy ze wszystkimi ich szkodliwymi wp\u0142ywami. Pob\u0142ogos\u0142aw nas tak, jak niegdy\u015b pob\u0142ogos\u0142awi\u0142e\u015b nas wielk\u0105 moc\u0105. Polegamy na Twojej pot\u0119\u017cnej pomocy i dzi\u0119kujemy Bogu za Twoj\u0105 \u015bwi\u0119to\u015b\u0107 i wielko\u015b\u0107, kt\u00f3ra daje Ci tak cudown\u0105 moc wstawiennictwa.<\/p>\n<p class=\"paragraph-m\">\u015awi\u0119ty opacie Benedykcie, patronie Europy, b\u0105d\u017a zawsze blisko nas, zw\u0142aszcza w godzinie \u015bmierci. Amen.<\/p>\n<p class=\"paragraph-m\">\u00a0<\/p>\n<p>\u00a0<\/p>\n<p>\u00a0<\/p>\n<h5 class=\"heading-m line line-above line--gold\"><strong>Litania do \u015bwi\u0119tego Benedykta, patrona Europy<\/strong><\/h5>\n<p>\u00a0<\/p>\n<p class=\"paragraph-m\">Panie, zmi\u0142uj si\u0119 nad nami<\/p>\n<p class=\"paragraph-m\">Chryste, zmi\u0142uj si\u0119 nad nami<\/p>\n<p class=\"paragraph-m\">Panie, zmi\u0142uj si\u0119 nad nami,<\/p>\n<p class=\"paragraph-m\">Chryste, wys\u0142uchaj nas<\/p>\n<p class=\"paragraph-m\">Chryste, wys\u0142uchaj nas<\/p>\n<p>\u00a0<\/p>\n<p class=\"paragraph-m\">Bo\u017ce Ojcze w niebie - zmi\u0142uj si\u0119 nad nami<\/p>\n<p class=\"paragraph-m\">B\u00f3g Syn, Zbawiciel \u015bwiata<\/p>\n<p class=\"paragraph-m\">B\u00f3g Duch \u015awi\u0119ty<\/p>\n<p class=\"paragraph-m\">Tr\u00f3jca Przenaj\u015bwi\u0119tsza, jeden B\u00f3g<\/p>\n<p class=\"paragraph-m\">\u015awi\u0119ta Maryjo - m\u00f3dl si\u0119 za nami<\/p>\n<p class=\"paragraph-m\">\u015awi\u0119ta Bo\u017ca Rodzicielka<\/p>\n<p class=\"paragraph-m\">Po\u015bredniczka wszystkich \u0142ask<\/p>\n<p class=\"paragraph-m\">Kr\u00f3lowa mnich\u00f3w<\/p>\n<p class=\"paragraph-m\">\u015awi\u0119ty Benedykt<\/p>\n<p class=\"paragraph-m\">\u015awi\u0119ty Benedykt, chwa\u0142a Nursji<\/p>\n<p class=\"paragraph-m\">\u015awi\u0119ty Benedykt, kt\u00f3rego imi\u0119 oznacza \"b\u0142ogos\u0142awiony\"<\/p>\n<p class=\"paragraph-m\">\u015awi\u0119ty Benedykt, bogato obdarzony darami Ducha \u015awi\u0119tego<\/p>\n<p class=\"paragraph-m\">\u015awi\u0119ty Benedykt, pos\u0142aniec pokoju Chrystusowego<\/p>\n<p class=\"paragraph-m\">\u015awi\u0119ty Benedykt, wielki mi\u0142o\u015bnik i czciciel \u015bwi\u0119tego krzy\u017ca Chrystusa<\/p>\n<p class=\"paragraph-m\">Benedykt, opat i ojciec zachodnich mnich\u00f3w<\/p>\n<p class=\"paragraph-m\">\u015awi\u0119ty Benedykt, nape\u0142niony duchem wszystkich sprawiedliwych<\/p>\n<p class=\"paragraph-m\">\u015awi\u0119ty Benedykt, ojciec wielu m\u0119czennik\u00f3w, doktor Ko\u015bcio\u0142a, spowiednik i dziewica<\/p>\n<p class=\"paragraph-m\">\u015awi\u0119ty Benedykt, cuda po\u015bwi\u0119cenia i pokuty<\/p>\n<p class=\"paragraph-m\">\u015awi\u0119ty Benedykt, cud pokory i si\u0142y<\/p>\n<p class=\"paragraph-m\">\u015awi\u0119ty Benedykt, przyk\u0142ad dyscypliny monastycznej<\/p>\n<p class=\"paragraph-m\">\u015awi\u0119ty Benedykt, przyk\u0142ad pos\u0142usze\u0144stwa, ub\u00f3stwa i czysto\u015bci<\/p>\n<p class=\"paragraph-m\">\u015awi\u0119ty Benedykt, m\u0105dry prawodawca, kt\u00f3ry napisa\u0142 Regu\u0142\u0119 Zakonu pod kierunkiem Ducha \u015awi\u0119tego<\/p>\n<p class=\"paragraph-m\">\u015awi\u0119ty Benedykt, wz\u00f3r jasnej realizacji \u017cycia duszy<\/p>\n<p class=\"paragraph-m\">\u015awi\u0119ty Benedykt, m\u0105\u017c Bo\u017cy<\/p>\n<p class=\"paragraph-m\">\u015awi\u0119ty Benedykcie, kt\u00f3ry od najm\u0142odszych lat ucieka\u0142e\u015b przed \u015bwiatem<\/p>\n<p class=\"paragraph-m\">\u015awi\u0119ty Benedykt, kt\u00f3ry \u017cy\u0142 w samotno\u015bci, wycofa\u0142 si\u0119 tylko z Bogiem i dla Boga<\/p>\n<p class=\"paragraph-m\">\u015awi\u0119ty Benedykcie, kt\u00f3ry obtoczy\u0142e\u015b swoje cia\u0142o w cierniach, aby zachowa\u0107 nienaruszon\u0105 czysto\u015b\u0107.<\/p>\n<p class=\"paragraph-m\">\u015awi\u0119ty Benedykt, odziany cudown\u0105 moc\u0105 Bo\u017c\u0105<\/p>\n<p class=\"paragraph-m\">\u015awi\u0119ty Benedykt, kt\u00f3ry obali\u0142 bo\u017cki znakiem krzy\u017ca \u015bwi\u0119tego<\/p>\n<p class=\"paragraph-m\">\u015awi\u0119ty Benedykt, kt\u00f3ry udaremni\u0142 pokusy diab\u0142a znakiem krzy\u017ca \u015bwi\u0119tego<\/p>\n<p class=\"paragraph-m\">\u015awi\u0119ty Benedykt, kt\u00f3ry zawstydzi\u0142 niegodziwo\u015b\u0107 znakiem \u015bwi\u0119tego krzy\u017ca<\/p>\n<p class=\"paragraph-m\">\u015awi\u0119ty Benedykcie, kt\u00f3ry uzdrawia\u0142e\u015b chorych, wskrzesza\u0142e\u015b umar\u0142ych i uwalnia\u0142e\u015b op\u0119tanych dzi\u0119ki twojej ufnej modlitwie<\/p>\n<p class=\"paragraph-m\">\u015awi\u0119ty Benedykcie, niezwyci\u0119\u017cony w wierze, niezachwiany w nadziei i pe\u0142en oddania w mi\u0142o\u015bci do Boga<\/p>\n<p class=\"paragraph-m\">\u015awi\u0119ty Benedykt, kt\u00f3ry za przyk\u0142adem Chrystusa by\u0142 cichy i pokornego serca \u015awi\u0119ty Benedykt, kt\u00f3ry \u0142\u0105czy\u0142 ojcowsk\u0105 dobro\u0107 z m\u0105drym rygorem<\/p>\n<p class=\"paragraph-m\">\u015awi\u0119ty Benedykt, kt\u00f3ry by\u0142 kochaj\u0105cym wsparciem dla cierpi\u0105cych, pe\u0142nym wsp\u00f3\u0142czucia i s\u0142u\u017cby<\/p>\n<p class=\"paragraph-m\">\u015awi\u0119ty Benedykcie, kt\u00f3ry wiernie ukszta\u0142towa\u0142e\u015b w sobie obraz Chrystusa<\/p>\n<p class=\"paragraph-m\">\u015awi\u0119ty Benedykcie, kt\u00f3ry stoj\u0105c przed o\u0142tarzem, odda\u0142e\u015b dusz\u0119 Bogu<\/p>\n<p class=\"paragraph-m\">\u015awi\u0119ty Benedykcie, patronie dobrej \u015bmierci \u015awi\u0119ty Benedykcie, pot\u0119\u017cny or\u0119downiku u Boga za wszystkimi, kt\u00f3rzy Ci\u0119 wzywaj\u0105<\/p>\n<p class=\"paragraph-m\">\u015awi\u0119ty Benedykt, patron Europy<\/p>\n<p class=\"paragraph-m\">\u00a0<\/p>\n<p class=\"paragraph-m\">Baranku Bo\u017cy, kt\u00f3ry g\u0142adzisz grzechy \u015bwiata - daruj nam, Panie<\/p>\n<p class=\"paragraph-m\">Baranku Bo\u017cy, kt\u00f3ry g\u0142adzisz grzechy \u015bwiata - wys\u0142uchaj nas, Panie<\/p>\n<p class=\"paragraph-m\">Baranku Bo\u017cy, kt\u00f3ry g\u0142adzisz grzechy \u015bwiata - zmi\u0142uj si\u0119 nad nami, Panie<\/p>\n<p class=\"paragraph-m\">\u00a0<\/p>\n<p class=\"paragraph-m\">M\u00f3dl si\u0119 za nami, \u015bwi\u0119ty Benedykcie, aby\u015bmy stali si\u0119 godni obietnic Chrystusa,<\/p>\n<p class=\"paragraph-m\">\u00a0<\/p>\n<p class=\"paragraph-m\">M\u00f3dlmy si\u0119: wzbud\u017a w nas i w Twoim \u015bwi\u0119tym Ko\u015bciele ducha, na kt\u00f3rym \u015bw. Benedykt wzorowa\u0142 swoje \u017cycie, aby\u015bmy przenikni\u0119ci tym samym duchem starali si\u0119 kocha\u0107 to, co on kocha\u0142 i praktykowa\u0107 to, czego by\u0142 przyk\u0142adem, przez Chrystusa Pana naszego. Amen.<\/p>\n<p class=\"paragraph-m\">\u00a0<\/p>\n<p>\u00a0<\/p>\n<h5 class=\"heading-m line line-above line--gold\"><strong>Modlitwy do \u015bwi\u0119tej Scholastyki<\/strong><\/h5>\n<p>\u00a0<\/p>\n<p class=\"paragraph-m\">Panie, nasz Bo\u017ce, wychwalamy Ci\u0119 w \u015bwi\u0119to Naj\u015bwi\u0119tszej Maryi Panny Scholastyki, kt\u00f3rej \u017cycie ja\u015bnia\u0142o promienn\u0105 czysto\u015bci\u0105. Pom\u00f3\u017c nam r\u00f3wnie\u017c wiernie kroczy\u0107 drog\u0105, na kt\u00f3r\u0105 nas powo\u0142a\u0142e\u015b, aby\u015bmy pewnego dnia wraz ze wszystkimi \u015bwi\u0119tymi mogli ujrze\u0107 \u015bwiat\u0142o Twojej ods\u0142oni\u0119tej obecno\u015bci. Prosimy Ci\u0119 o to przez Jezusa Chrystusa.<\/p>\n<p class=\"paragraph-m\">\u00a0<\/p>\n<p class=\"paragraph-m\">Wysoki Bo\u017ce, obchodzimy wspomnienie Naj\u015bwi\u0119tszej Dziewicy Scholastyki. Spraw, aby\u015bmy zawsze s\u0142u\u017cyli Ci w szczerej mi\u0142o\u015bci, za jej przyk\u0142adem, i spraw, aby\u015bmy w Twojej dobroci mogli kiedy\u015b do Ciebie powr\u00f3ci\u0107. Prosimy Ci\u0119 o to przez Jezusa Chrystusa.<\/p>\n<p class=\"paragraph-m\">\u00a0<\/p>\n<p class=\"paragraph-m\">Wys\u0142uchaj nas, \u015bwi\u0119ta kobieto,<\/p>\n<p class=\"paragraph-m\">Siostro Scholastyko!<\/p>\n<p class=\"paragraph-m\">\u015apiewem wychwalamy ,<\/p>\n<p class=\"paragraph-m\">kt\u00f3ry wybiera ci\u0119 na swoj\u0105 oblubienic\u0119.<\/p>\n<p class=\"paragraph-m\">Naucz nas \u017cy\u0107 mi\u0142o\u015bci\u0105,<\/p>\n<p class=\"paragraph-m\">kt\u00f3ry jednoczy stworzenie w Chrystusie.<\/p>\n<p class=\"paragraph-m\">\u00a0<\/p>\n<p class=\"paragraph-m\">Jeste\u015b otoczony przez kobiety,<\/p>\n<p class=\"paragraph-m\">jak naucza brat,<\/p>\n<p class=\"paragraph-m\">Pochwa\u0142a, praca i odpoczynek<\/p>\n<p class=\"paragraph-m\">ofiarujcie si\u0119 waszemu Panu.<\/p>\n<p class=\"paragraph-m\">\u0179r\u00f3d\u0142a \u017cyznej wody,<\/p>\n<p class=\"paragraph-m\">Ogr\u00f3d znajduje si\u0119 na ja\u0142owej ziemi.<\/p>\n<p class=\"paragraph-m\">\u00a0<\/p>\n<p class=\"paragraph-m\">Twoja modlitwa zostanie wys\u0142uchana<\/p>\n<p class=\"paragraph-m\">wbrew \u017cyczeniom brata.<\/p>\n<p class=\"paragraph-m\">U\u015bmiechaj\u0105c si\u0119, m\u00f3wisz do niego:<\/p>\n<p class=\"paragraph-m\">\"Id\u017a, je\u015bli mo\u017cesz!\"<\/p>\n<p class=\"paragraph-m\">Mi\u0142o\u015b\u0107 by\u0142a dla ciebie najwspanialsz\u0105 rzecz\u0105,<\/p>\n<p class=\"paragraph-m\">by\u0142o dla ciebie wa\u017cniejsze ni\u017c prawo i sprawiedliwo\u015b\u0107.<\/p>\n<p class=\"paragraph-m\">\u00a0<\/p>\n<p class=\"paragraph-m\">Chwa\u0142a Panu,<\/p>\n<p class=\"paragraph-m\">Ojciec wieczno\u015bci,<\/p>\n<p class=\"paragraph-m\">chwa\u0142a niech b\u0119dzie Synowi,<\/p>\n<p class=\"paragraph-m\">kt\u00f3ry wie\u0144czy jego dzie\u0142o,<\/p>\n<p class=\"paragraph-m\">Chwa\u0142a r\u00f3wnie\u017c duchowi,<\/p>\n<p class=\"paragraph-m\">kt\u00f3ry w prawdzie daje \u017cycie! Amen.<\/p>\n<p class=\"paragraph-m\">(Hymn \u015bwi\u0105tecznej liturgii)<\/p>\n<\/div>\n                    \n                            <\/div>\n        \n            <\/div>\n<\/div>\n\n<\/section>","protected":false},"excerpt":{"rendered":"","protected":false},"author":19,"featured_media":0,"parent":29279,"menu_order":3,"comment_status":"closed","ping_status":"closed","template":"","meta":{"_acf_changed":false,"footnotes":""},"categories":[],"class_list":["post-29319","page","type-page","status-publish","hentry"],"acf":[],"yoast_head":"<!-- This site is optimized with the Yoast SEO Premium plugin v26.0 (Yoast SEO v26.8) - https:\/\/yoast.com\/product\/yoast-seo-premium-wordpress\/ -->\n<title>Gebete zum Hl. Benedikt und zur Hl. Scholastika - Stift Admont<\/title>\n<meta name=\"robots\" content=\"index, follow, max-snippet:-1, max-image-preview:large, max-video-preview:-1\" \/>\n<link rel=\"canonical\" href=\"https:\/\/stiftadmont.at\/pl\/dom-spotkan-2\/duchowosc\/modlitwy-do-swietego-benedykta-i-swietej-scholastyki\/\" \/>\n<meta property=\"og:locale\" content=\"pl_PL\" \/>\n<meta property=\"og:type\" content=\"article\" \/>\n<meta property=\"og:title\" content=\"Gebete zum Hl. Benedikt und zur Hl. Scholastika\" \/>\n<meta property=\"og:url\" content=\"https:\/\/stiftadmont.at\/pl\/dom-spotkan-2\/duchowosc\/modlitwy-do-swietego-benedykta-i-swietej-scholastyki\/\" \/>\n<meta property=\"og:site_name\" content=\"Stift Admont\" \/>\n<meta property=\"article:modified_time\" content=\"2025-02-04T09:40:14+00:00\" \/>\n<meta property=\"og:image\" content=\"https:\/\/stiftadmont.at\/wp-content\/uploads\/Klosteranlage-innen.jpg\" \/>\n\t<meta property=\"og:image:width\" content=\"1912\" \/>\n\t<meta property=\"og:image:height\" content=\"1188\" \/>\n\t<meta property=\"og:image:type\" content=\"image\/jpeg\" \/>\n<meta name=\"twitter:card\" content=\"summary_large_image\" \/>\n<script type=\"application\/ld+json\" class=\"yoast-schema-graph\">{\"@context\":\"https:\/\/schema.org\",\"@graph\":[{\"@type\":\"WebPage\",\"@id\":\"https:\/\/stiftadmont.at\/haus-der-begegnung-2\/spiritualitaet\/gebete-zum-hl-benedikt-und-zur-hl-scholastika\/\",\"url\":\"https:\/\/stiftadmont.at\/haus-der-begegnung-2\/spiritualitaet\/gebete-zum-hl-benedikt-und-zur-hl-scholastika\/\",\"name\":\"Gebete zum Hl. Benedikt und zur Hl. Scholastika - Stift Admont\",\"isPartOf\":{\"@id\":\"https:\/\/stiftadmont.at\/#website\"},\"datePublished\":\"2024-07-15T06:38:38+00:00\",\"dateModified\":\"2025-02-04T09:40:14+00:00\",\"breadcrumb\":{\"@id\":\"https:\/\/stiftadmont.at\/haus-der-begegnung-2\/spiritualitaet\/gebete-zum-hl-benedikt-und-zur-hl-scholastika\/#breadcrumb\"},\"inLanguage\":\"pl-PL\",\"potentialAction\":[{\"@type\":\"ReadAction\",\"target\":[\"https:\/\/stiftadmont.at\/haus-der-begegnung-2\/spiritualitaet\/gebete-zum-hl-benedikt-und-zur-hl-scholastika\/\"]}]},{\"@type\":\"BreadcrumbList\",\"@id\":\"https:\/\/stiftadmont.at\/haus-der-begegnung-2\/spiritualitaet\/gebete-zum-hl-benedikt-und-zur-hl-scholastika\/#breadcrumb\",\"itemListElement\":[{\"@type\":\"ListItem\",\"position\":1,\"name\":\"Start\",\"item\":\"https:\/\/stiftadmont.at\/\"},{\"@type\":\"ListItem\",\"position\":2,\"name\":\"Haus der Begegnung\",\"item\":\"https:\/\/stiftadmont.at\/haus-der-begegnung-2\/\"},{\"@type\":\"ListItem\",\"position\":3,\"name\":\"Spiritualit\u00e4t\",\"item\":\"https:\/\/stiftadmont.at\/haus-der-begegnung-2\/spiritualitaet\/\"},{\"@type\":\"ListItem\",\"position\":4,\"name\":\"Gebete zum Hl. Benedikt und zur Hl. Scholastika\"}]},{\"@type\":\"WebSite\",\"@id\":\"https:\/\/stiftadmont.at\/#website\",\"url\":\"https:\/\/stiftadmont.at\/\",\"name\":\"Stift Admont\",\"description\":\"Benediktinerkloster und Sehensw\u00fcrdigkeit im Ges\u00e4use\",\"potentialAction\":[{\"@type\":\"SearchAction\",\"target\":{\"@type\":\"EntryPoint\",\"urlTemplate\":\"https:\/\/stiftadmont.at\/?s={search_term_string}\"},\"query-input\":{\"@type\":\"PropertyValueSpecification\",\"valueRequired\":true,\"valueName\":\"search_term_string\"}}],\"inLanguage\":\"pl-PL\"}]}<\/script>\n<!-- \/ Yoast SEO Premium plugin. -->","yoast_head_json":{"title":"Modlitwy do \u015bwi\u0119tych Benedykta i Scholastyki - Opactwo Admont","robots":{"index":"index","follow":"follow","max-snippet":"max-snippet:-1","max-image-preview":"max-image-preview:large","max-video-preview":"max-video-preview:-1"},"canonical":"https:\/\/stiftadmont.at\/pl\/dom-spotkan-2\/duchowosc\/modlitwy-do-swietego-benedykta-i-swietej-scholastyki\/","og_locale":"pl_PL","og_type":"article","og_title":"Gebete zum Hl. Benedikt und zur Hl. Scholastika","og_url":"https:\/\/stiftadmont.at\/pl\/dom-spotkan-2\/duchowosc\/modlitwy-do-swietego-benedykta-i-swietej-scholastyki\/","og_site_name":"Stift Admont","article_modified_time":"2025-02-04T09:40:14+00:00","og_image":[{"width":1912,"height":1188,"url":"https:\/\/stiftadmont.at\/wp-content\/uploads\/Klosteranlage-innen.jpg","type":"image\/jpeg"}],"twitter_card":"summary_large_image","schema":{"@context":"https:\/\/schema.org","@graph":[{"@type":"WebPage","@id":"https:\/\/stiftadmont.at\/haus-der-begegnung-2\/spiritualitaet\/gebete-zum-hl-benedikt-und-zur-hl-scholastika\/","url":"https:\/\/stiftadmont.at\/haus-der-begegnung-2\/spiritualitaet\/gebete-zum-hl-benedikt-und-zur-hl-scholastika\/","name":"Modlitwy do \u015bwi\u0119tych Benedykta i Scholastyki - Opactwo Admont","isPartOf":{"@id":"https:\/\/stiftadmont.at\/#website"},"datePublished":"2024-07-15T06:38:38+00:00","dateModified":"2025-02-04T09:40:14+00:00","breadcrumb":{"@id":"https:\/\/stiftadmont.at\/haus-der-begegnung-2\/spiritualitaet\/gebete-zum-hl-benedikt-und-zur-hl-scholastika\/#breadcrumb"},"inLanguage":"pl-PL","potentialAction":[{"@type":"ReadAction","target":["https:\/\/stiftadmont.at\/haus-der-begegnung-2\/spiritualitaet\/gebete-zum-hl-benedikt-und-zur-hl-scholastika\/"]}]},{"@type":"BreadcrumbList","@id":"https:\/\/stiftadmont.at\/haus-der-begegnung-2\/spiritualitaet\/gebete-zum-hl-benedikt-und-zur-hl-scholastika\/#breadcrumb","itemListElement":[{"@type":"ListItem","position":1,"name":"Start","item":"https:\/\/stiftadmont.at\/"},{"@type":"ListItem","position":2,"name":"Haus der Begegnung","item":"https:\/\/stiftadmont.at\/haus-der-begegnung-2\/"},{"@type":"ListItem","position":3,"name":"Spiritualit\u00e4t","item":"https:\/\/stiftadmont.at\/haus-der-begegnung-2\/spiritualitaet\/"},{"@type":"ListItem","position":4,"name":"Gebete zum Hl. Benedikt und zur Hl. Scholastika"}]},{"@type":"WebSite","@id":"https:\/\/stiftadmont.at\/#website","url":"https:\/\/stiftadmont.at\/","name":"Opactwo Admont","description":"Benedykty\u0144ski klasztor i atrakcja turystyczna w Ges\u00e4use","potentialAction":[{"@type":"SearchAction","target":{"@type":"EntryPoint","urlTemplate":"https:\/\/stiftadmont.at\/?s={search_term_string}"},"query-input":{"@type":"PropertyValueSpecification","valueRequired":true,"valueName":"search_term_string"}}],"inLanguage":"pl-PL"}]}},"_links":{"self":[{"href":"https:\/\/stiftadmont.at\/pl\/wp-json\/wp\/v2\/pages\/29319","targetHints":{"allow":["GET"]}}],"collection":[{"href":"https:\/\/stiftadmont.at\/pl\/wp-json\/wp\/v2\/pages"}],"about":[{"href":"https:\/\/stiftadmont.at\/pl\/wp-json\/wp\/v2\/types\/page"}],"author":[{"embeddable":true,"href":"https:\/\/stiftadmont.at\/pl\/wp-json\/wp\/v2\/users\/19"}],"replies":[{"embeddable":true,"href":"https:\/\/stiftadmont.at\/pl\/wp-json\/wp\/v2\/comments?post=29319"}],"version-history":[{"count":6,"href":"https:\/\/stiftadmont.at\/pl\/wp-json\/wp\/v2\/pages\/29319\/revisions"}],"predecessor-version":[{"id":32644,"href":"https:\/\/stiftadmont.at\/pl\/wp-json\/wp\/v2\/pages\/29319\/revisions\/32644"}],"up":[{"embeddable":true,"href":"https:\/\/stiftadmont.at\/pl\/wp-json\/wp\/v2\/pages\/29279"}],"wp:attachment":[{"href":"https:\/\/stiftadmont.at\/pl\/wp-json\/wp\/v2\/media?parent=29319"}],"wp:term":[{"taxonomy":"category","embeddable":true,"href":"https:\/\/stiftadmont.at\/pl\/wp-json\/wp\/v2\/categories?post=29319"}],"curies":[{"name":"wp","href":"https:\/\/api.w.org\/{rel}","templated":true}]}}