{"id":29335,"date":"2024-07-15T08:23:49","date_gmt":"2024-07-15T06:23:49","guid":{"rendered":"https:\/\/stiftadmont.at\/?page_id=29335"},"modified":"2025-02-04T11:57:27","modified_gmt":"2025-02-04T09:57:27","slug":"doradztwo-dla-studentow","status":"publish","type":"page","link":"https:\/\/stiftadmont.at\/pl\/haus-der-begegnung-2\/die-muenze\/studentenseelsorge\/","title":{"rendered":"Duszpasterstwo student\u00f3w"},"content":{"rendered":"<section id='lightpress__section--block_f3047a6d1cdf1eb78d589be5149b5eca' class='lightpress__section--default-section-space lightpress__section lightpress__section--content'><div class=\"content__inner\"\n         x-init=\"initContentBlockAnim($el)\">\n        \n    <div class=\"content__grid content__grid\">\n                                            <div class=\"content__box content__box--one-hundred\"\n                 style=\"\">\n                                \n                \n                                            <div class=\"prose\"><h5 class=\"heading-m line line-above line--gold text-center\">Duszpasterstwo student\u00f3w<\/h5>\n<p>\u00a0<\/p>\n<h5 class=\"heading-m\">Duszpasterstwo studenckie i benedykty\u0144ska go\u015bcinno\u015b\u0107<\/h5>\n<p>\u00a0<\/p>\n<p class=\"paragraph-m\">Wraz z otwarciem akademika przy M\u00fcnzgrabenstra\u00dfe, zesp\u00f3\u0142 z Haus der Begegnung przej\u0105\u0142 opiek\u0119 duszpastersk\u0105 nad mieszkaj\u0105cymi tam studentami.<\/p>\n<p class=\"paragraph-m\">\u00a0<\/p>\n<p class=\"paragraph-m\">Dla nas duszpasterstwo studenckie oznacza zapraszanie student\u00f3w do do\u015bwiadczania wiary w \u017cywej wsp\u00f3lnocie, do refleksji nad ni\u0105 z intelektualn\u0105 uczciwo\u015bci\u0105 i do pog\u0142\u0119biania jej poprzez do\u015bwiadczanie benedykty\u0144skiej duchowo\u015bci i stylu \u017cycia w celu odnalezienia autentycznego i wiarygodnego chrze\u015bcija\u0144stwa.<\/p>\n<p class=\"paragraph-m\">\u00a0<\/p>\n<p class=\"paragraph-m\">\u00a0<\/p>\n<p class=\"paragraph-m\">Poprzez nabo\u017ce\u0144stwa, medytacje i programy refleksyjne chcemy oferowa\u0107 mo\u017cliwo\u015bci praktykowania i do\u015bwiadczania duchowo\u015bci benedykty\u0144skiej, a tak\u017ce do\u015bwiadczania i pog\u0142\u0119biania jej. W ten spos\u00f3b chcemy pom\u00f3c jednostkom i wsp\u00f3lnotom odkry\u0107 ich wiar\u0119 i wyrazi\u0107 j\u0105 j\u0119zykiem zrozumia\u0142ym w dzisiejszym \u015bwiecie.<\/p>\n<p class=\"paragraph-m\">\u00a0<\/p>\n<p class=\"paragraph-m\">Studenci maj\u0105 r\u00f3wnie\u017c mo\u017cliwo\u015b\u0107 rozwijania w\u0142asnych umiej\u0119tno\u015bci \u017cyciowych poza studiami i wzmocnienia swojej odpowiedzialno\u015bci wobec \u015bwiata i wszystkich innych ludzi.<\/p>\n<p class=\"paragraph-m\">Maj\u0105c to na uwadze, bardzo wa\u017cne jest dla nas oferowanie przestrzeni wymiany i przynale\u017cno\u015bci: Przestrzenie wymiany, dyskusji i refleksji, kt\u00f3re przek\u0142adaj\u0105 dziedzictwo Pisma \u015awi\u0119tego i tradycji benedykty\u0144skiej na nasz wsp\u00f3\u0142czesny spos\u00f3b my\u015blenia i \u017cycia, przyczyniaj\u0105c si\u0119 do indywidualnego podejmowania decyzji i osobistej wiary. Spotkania ze sztuk\u0105, literatur\u0105, polityk\u0105 oraz innymi religiami i wyznaniami powinny pomaga\u0107 w odkrywaniu tego, co duchowe we wsp\u00f3\u0142czesnej kulturze i umo\u017cliwia\u0107 krytyczny dialog.<\/p>\n<p class=\"paragraph-m\">Przestrzenie przynale\u017cno\u015bci i spotka\u0144 mi\u0119dzyludzkich s\u0142u\u017c\u0105 jako antidotum na cz\u0119sto op\u0142akiwane zamieszanie, brak zaanga\u017cowania i anonimowo\u015b\u0107 codziennego \u017cycia uniwersyteckiego. S\u0142u\u017c\u0105 temu nie tylko og\u00f3lnodost\u0119pne pomieszczenia: kawiarnia z gazetami i czasopismami, ogr\u00f3d i pok\u00f3j do nauki, kt\u00f3re sprawiaj\u0105, \u017ce Haus der Begegnung jest zach\u0119caj\u0105c\u0105, relaksuj\u0105c\u0105 oaz\u0105 w \u015brodku t\u0119tni\u0105cej \u017cyciem dzielnicy uniwersyteckiej<\/p>\n<p class=\"paragraph-m\">\u00a0<\/p>\n<p class=\"paragraph-m\">Benedykt pisze w 53 rozdziale swojej Regu\u0142y: \"Wszyscy obcy, kt\u00f3rzy przychodz\u0105, powinni by\u0107 witani jak Chrystus, poniewa\u017c powie: 'By\u0142em obcy, a przyj\u0119li\u015bcie mnie'\". (RB 53,1)<\/p>\n<p class=\"paragraph-m\">W swojej 1500-letniej tradycji benedykty\u0144ska go\u015bcinno\u015b\u0107 przybiera\u0142a r\u00f3\u017cne formy, ale zawsze opiera\u0142a si\u0119 na zasadzie przyjmowania ludzi bez dyskryminacji i uprzedze\u0144, na wz\u00f3r Chrystusa. Dom studencki jest szczeg\u00f3ln\u0105 form\u0105 tej go\u015bcinno\u015bci, kt\u00f3ra zaprasza ludzi do spotkania z Chrystusem.<\/p>\n<p class=\"paragraph-m\">\"Wierzymy, \u017ce B\u00f3g jest wsz\u0119dzie obecny, a oczy Pana patrz\u0105 na dobrych i z\u0142ych w ka\u017cdym miejscu\". (RB 19:1)<\/p>\n<p class=\"paragraph-m\">Centrum tego spotkania jest kaplica, w kt\u00f3rej sprawowana jest Eucharystia. Kaplica ma by\u0107 miejscem ciszy, gdy ha\u0142as codziennego \u017cycia staje si\u0119 zbyt du\u017cy, ale tak\u017ce miejscem modlitwy i szczeg\u00f3lnej blisko\u015bci z Bogiem: daj\u0105c Bogu przestrze\u0144 i czas nie tylko w wyj\u0105tkowych lub trudnych chwilach, ale tak\u017ce w codziennym \u017cyciu.<\/p>\n<p class=\"paragraph-m\">\u00a0<\/p>\n<p class=\"paragraph-m\">\"S\u0142uchaj, m\u00f3j synu, poucze\u0144 Mistrza, nak\u0142o\u0144 ucho swego serca, ch\u0119tnie przyjmij obietnic\u0119 \u017cyczliwego Ojca i wype\u0142nij j\u0105 czynem!\" (RB Prol, 1)<\/p>\n<p class=\"paragraph-m\">Te s\u0142owa, kt\u00f3re nasz Ojciec \u015awi\u0119ty Benedykt umie\u015bci\u0142 na pocz\u0105tku swojej Regu\u0142y, s\u0105 zar\u00f3wno zaproszeniem, jak i zadaniem dla student\u00f3w. Zach\u0119camy do uwolnienia s\u0142uchu serca od trosk, problem\u00f3w i niezliczonych codziennych spraw, kt\u00f3re ten s\u0142uch blokuj\u0105 i zatykaj\u0105; do wyostrzenia go, aby tym uwa\u017cniej odbiera\u0107 g\u0142os Boga; do odnalezienia s\u0142uchu poprzez wsp\u00f3ln\u0105 modlitw\u0119.<\/p>\n<\/div>\n                    \n                            <\/div>\n        \n            <\/div>\n<\/div>\n\n<\/section>","protected":false},"excerpt":{"rendered":"","protected":false},"author":19,"featured_media":0,"parent":29331,"menu_order":1,"comment_status":"closed","ping_status":"closed","template":"","meta":{"_acf_changed":false,"footnotes":""},"categories":[],"class_list":["post-29335","page","type-page","status-publish","hentry"],"acf":[],"yoast_head":"<!-- This site is optimized with the Yoast SEO Premium plugin v26.0 (Yoast SEO v26.8) - https:\/\/yoast.com\/product\/yoast-seo-premium-wordpress\/ -->\n<title>Studentenseelsorge - Stift Admont<\/title>\n<meta name=\"robots\" content=\"index, follow, max-snippet:-1, max-image-preview:large, max-video-preview:-1\" \/>\n<link rel=\"canonical\" href=\"https:\/\/stiftadmont.at\/pl\/dom-spotkan-2\/moneta\/doradztwo-dla-studentow\/\" \/>\n<meta property=\"og:locale\" content=\"pl_PL\" \/>\n<meta property=\"og:type\" content=\"article\" \/>\n<meta property=\"og:title\" content=\"Studentenseelsorge\" \/>\n<meta property=\"og:url\" content=\"https:\/\/stiftadmont.at\/pl\/dom-spotkan-2\/moneta\/doradztwo-dla-studentow\/\" \/>\n<meta property=\"og:site_name\" content=\"Stift Admont\" \/>\n<meta property=\"article:modified_time\" content=\"2025-02-04T09:57:27+00:00\" \/>\n<meta property=\"og:image\" content=\"https:\/\/stiftadmont.at\/wp-content\/uploads\/Klosteranlage-innen.jpg\" \/>\n\t<meta property=\"og:image:width\" content=\"1912\" \/>\n\t<meta property=\"og:image:height\" content=\"1188\" \/>\n\t<meta property=\"og:image:type\" content=\"image\/jpeg\" \/>\n<meta name=\"twitter:card\" content=\"summary_large_image\" \/>\n<script type=\"application\/ld+json\" class=\"yoast-schema-graph\">{\"@context\":\"https:\/\/schema.org\",\"@graph\":[{\"@type\":\"WebPage\",\"@id\":\"https:\/\/stiftadmont.at\/haus-der-begegnung-2\/die-muenze\/studentenseelsorge\/\",\"url\":\"https:\/\/stiftadmont.at\/haus-der-begegnung-2\/die-muenze\/studentenseelsorge\/\",\"name\":\"Studentenseelsorge - Stift Admont\",\"isPartOf\":{\"@id\":\"https:\/\/stiftadmont.at\/#website\"},\"datePublished\":\"2024-07-15T06:23:49+00:00\",\"dateModified\":\"2025-02-04T09:57:27+00:00\",\"breadcrumb\":{\"@id\":\"https:\/\/stiftadmont.at\/haus-der-begegnung-2\/die-muenze\/studentenseelsorge\/#breadcrumb\"},\"inLanguage\":\"pl-PL\",\"potentialAction\":[{\"@type\":\"ReadAction\",\"target\":[\"https:\/\/stiftadmont.at\/haus-der-begegnung-2\/die-muenze\/studentenseelsorge\/\"]}]},{\"@type\":\"BreadcrumbList\",\"@id\":\"https:\/\/stiftadmont.at\/haus-der-begegnung-2\/die-muenze\/studentenseelsorge\/#breadcrumb\",\"itemListElement\":[{\"@type\":\"ListItem\",\"position\":1,\"name\":\"Start\",\"item\":\"https:\/\/stiftadmont.at\/\"},{\"@type\":\"ListItem\",\"position\":2,\"name\":\"Haus der Begegnung\",\"item\":\"https:\/\/stiftadmont.at\/haus-der-begegnung-2\/\"},{\"@type\":\"ListItem\",\"position\":3,\"name\":\"Die M\u00fcnze\",\"item\":\"https:\/\/stiftadmont.at\/haus-der-begegnung-2\/die-muenze\/\"},{\"@type\":\"ListItem\",\"position\":4,\"name\":\"Studentenseelsorge\"}]},{\"@type\":\"WebSite\",\"@id\":\"https:\/\/stiftadmont.at\/#website\",\"url\":\"https:\/\/stiftadmont.at\/\",\"name\":\"Stift Admont\",\"description\":\"Benediktinerkloster und Sehensw\u00fcrdigkeit im Ges\u00e4use\",\"potentialAction\":[{\"@type\":\"SearchAction\",\"target\":{\"@type\":\"EntryPoint\",\"urlTemplate\":\"https:\/\/stiftadmont.at\/?s={search_term_string}\"},\"query-input\":{\"@type\":\"PropertyValueSpecification\",\"valueRequired\":true,\"valueName\":\"search_term_string\"}}],\"inLanguage\":\"pl-PL\"}]}<\/script>\n<!-- \/ Yoast SEO Premium plugin. -->","yoast_head_json":{"title":"Duszpasterstwo student\u00f3w - Opactwo Admont","robots":{"index":"index","follow":"follow","max-snippet":"max-snippet:-1","max-image-preview":"max-image-preview:large","max-video-preview":"max-video-preview:-1"},"canonical":"https:\/\/stiftadmont.at\/pl\/dom-spotkan-2\/moneta\/doradztwo-dla-studentow\/","og_locale":"pl_PL","og_type":"article","og_title":"Studentenseelsorge","og_url":"https:\/\/stiftadmont.at\/pl\/dom-spotkan-2\/moneta\/doradztwo-dla-studentow\/","og_site_name":"Stift Admont","article_modified_time":"2025-02-04T09:57:27+00:00","og_image":[{"width":1912,"height":1188,"url":"https:\/\/stiftadmont.at\/wp-content\/uploads\/Klosteranlage-innen.jpg","type":"image\/jpeg"}],"twitter_card":"summary_large_image","schema":{"@context":"https:\/\/schema.org","@graph":[{"@type":"WebPage","@id":"https:\/\/stiftadmont.at\/haus-der-begegnung-2\/die-muenze\/studentenseelsorge\/","url":"https:\/\/stiftadmont.at\/haus-der-begegnung-2\/die-muenze\/studentenseelsorge\/","name":"Duszpasterstwo student\u00f3w - Opactwo Admont","isPartOf":{"@id":"https:\/\/stiftadmont.at\/#website"},"datePublished":"2024-07-15T06:23:49+00:00","dateModified":"2025-02-04T09:57:27+00:00","breadcrumb":{"@id":"https:\/\/stiftadmont.at\/haus-der-begegnung-2\/die-muenze\/studentenseelsorge\/#breadcrumb"},"inLanguage":"pl-PL","potentialAction":[{"@type":"ReadAction","target":["https:\/\/stiftadmont.at\/haus-der-begegnung-2\/die-muenze\/studentenseelsorge\/"]}]},{"@type":"BreadcrumbList","@id":"https:\/\/stiftadmont.at\/haus-der-begegnung-2\/die-muenze\/studentenseelsorge\/#breadcrumb","itemListElement":[{"@type":"ListItem","position":1,"name":"Start","item":"https:\/\/stiftadmont.at\/"},{"@type":"ListItem","position":2,"name":"Haus der Begegnung","item":"https:\/\/stiftadmont.at\/haus-der-begegnung-2\/"},{"@type":"ListItem","position":3,"name":"Die M\u00fcnze","item":"https:\/\/stiftadmont.at\/haus-der-begegnung-2\/die-muenze\/"},{"@type":"ListItem","position":4,"name":"Studentenseelsorge"}]},{"@type":"WebSite","@id":"https:\/\/stiftadmont.at\/#website","url":"https:\/\/stiftadmont.at\/","name":"Opactwo Admont","description":"Benedykty\u0144ski klasztor i atrakcja turystyczna w Ges\u00e4use","potentialAction":[{"@type":"SearchAction","target":{"@type":"EntryPoint","urlTemplate":"https:\/\/stiftadmont.at\/?s={search_term_string}"},"query-input":{"@type":"PropertyValueSpecification","valueRequired":true,"valueName":"search_term_string"}}],"inLanguage":"pl-PL"}]}},"_links":{"self":[{"href":"https:\/\/stiftadmont.at\/pl\/wp-json\/wp\/v2\/pages\/29335","targetHints":{"allow":["GET"]}}],"collection":[{"href":"https:\/\/stiftadmont.at\/pl\/wp-json\/wp\/v2\/pages"}],"about":[{"href":"https:\/\/stiftadmont.at\/pl\/wp-json\/wp\/v2\/types\/page"}],"author":[{"embeddable":true,"href":"https:\/\/stiftadmont.at\/pl\/wp-json\/wp\/v2\/users\/19"}],"replies":[{"embeddable":true,"href":"https:\/\/stiftadmont.at\/pl\/wp-json\/wp\/v2\/comments?post=29335"}],"version-history":[{"count":5,"href":"https:\/\/stiftadmont.at\/pl\/wp-json\/wp\/v2\/pages\/29335\/revisions"}],"predecessor-version":[{"id":32650,"href":"https:\/\/stiftadmont.at\/pl\/wp-json\/wp\/v2\/pages\/29335\/revisions\/32650"}],"up":[{"embeddable":true,"href":"https:\/\/stiftadmont.at\/pl\/wp-json\/wp\/v2\/pages\/29331"}],"wp:attachment":[{"href":"https:\/\/stiftadmont.at\/pl\/wp-json\/wp\/v2\/media?parent=29335"}],"wp:term":[{"taxonomy":"category","embeddable":true,"href":"https:\/\/stiftadmont.at\/pl\/wp-json\/wp\/v2\/categories?post=29335"}],"curies":[{"name":"wp","href":"https:\/\/api.w.org\/{rel}","templated":true}]}}