{"id":29344,"date":"2024-07-15T08:47:06","date_gmt":"2024-07-15T06:47:06","guid":{"rendered":"https:\/\/stiftadmont.at\/?page_id=29344"},"modified":"2025-02-04T12:01:37","modified_gmt":"2025-02-04T10:01:37","slug":"przemowienie-inauguracyjne-biskupa-dioezanu","status":"publish","type":"page","link":"https:\/\/stiftadmont.at\/pl\/haus-der-begegnung-2\/die-muenze\/eroeffnungsrede-des-dioezesanbischofs\/","title":{"rendered":"Przem\u00f3wienie inauguracyjne biskupa diecezjalnego"},"content":{"rendered":"<section id='lightpress__section--block_9863c76a414b9529ba1b15d50778481e' class='align-center lightpress__section--default-section-space lightpress__section lightpress__section--headline'><div class=\"headline__container\">\n            <p class=\"headline text--40 text-medium line line--gold line-above line-middle\">Przem\u00f3wienie inauguracyjne biskupa diecezjalnego<\/p>\n        <p class=\"text-center text-gold text--20 text-medium text--uppercase\">S\u0142owa JE. Biskupa Diecezjalnego dr Egona Kapellari podczas otwarcia i po\u015bwi\u0119cenia nowego akademika Akademikerhilfe przy M\u00fcnzgrabenstra\u00dfe w Grazu w dniu 8 pa\u017adziernika 2009 r.<\/p>\n        <div class=\"spacer--40\"><\/div>\n<\/div>\n\n<\/section>\n\n<section id='lightpress__section--block_d6fe4d7ea22c31e1999b3f7e1aa2d927' class='lightpress__section--default-section-space lightpress__section lightpress__section--content'><div class=\"content__inner\"\n         x-init=\"initContentBlockAnim($el)\">\n        \n    <div class=\"content__grid content__grid\">\n                                            <div class=\"content__box content__box--one-hundred\"\n                 style=\"\">\n                                \n                \n                                            <div class=\"prose\"><p class=\"paragraph-m\">Dzisiaj mam pow\u00f3d do rado\u015bci, poniewa\u017c ten dom pozosta\u0142 akademikiem.<\/p>\n<p class=\"paragraph-m\">\u00a0<\/p>\n<p class=\"paragraph-m\">1 lutego 1970 r. w tej sali zgromadzi\u0142o si\u0119 wiele os\u00f3b: moi dwaj poprzednicy na urz\u0119dzie biskupa, dr Johann Weber i dr Josef Schoiswohl, nuncjusz apostolski abp Rossi, gubernator prowincji Josef Krainer senior i junior, wielu profesor\u00f3w i student\u00f3w, a zw\u0142aszcza 60 student\u00f3w, dla kt\u00f3rych Katolicka Wsp\u00f3lnota Uniwersytecka w Grazu przygotowa\u0142a nowy akademik w tym dominika\u0144skim klasztorze.<\/p>\n<p class=\"paragraph-m\">\u00a0<\/p>\n<p class=\"paragraph-m\">Architektoniczny tour de force zosta\u0142 osi\u0105gni\u0119ty przy niewielkich nak\u0142adach finansowych. Nowy\/stary budynek zosta\u0142 nast\u0119pnie uhonorowany rzadkim wyr\u00f3\u017cnieniem budowniczego przez Austriackie Centralne Stowarzyszenie Architekt\u00f3w. Umowa najmu i praw budowlanych mi\u0119dzy klasztorem dominikan\u00f3w a diecezj\u0105 Graz-Seckau dla spo\u0142eczno\u015bci uniwersyteckiej zosta\u0142a zawarta na 30 lat. W tamtym czasie wydawa\u0142o si\u0119 to astronomicznie d\u0142ugim okresem, kt\u00f3ry nast\u0119pnie zosta\u0142 przed\u0142u\u017cony o kolejne kilka lat. Kiedy jednak wr\u00f3ci\u0142em do Styrii, budynek by\u0142 bardzo zniszczony, a diecezja nie by\u0142a w stanie dokona\u0107 inwestycji na du\u017c\u0105 skal\u0119, wi\u0119c rozwi\u0105za\u0142a umow\u0119.<\/p>\n<p class=\"paragraph-m\">\u00a0<\/p>\n<p class=\"paragraph-m\">Uwa\u017cam to za \u0142ut szcz\u0119\u015bcia, a raczej wielkie b\u0142ogos\u0142awie\u0144stwo, \u017ce benedykty\u0144skie opactwo Admont podwoi\u0142o swoj\u0105 obecno\u015b\u0107 w Grazu, dodaj\u0105c stary klasztor dominikan\u00f3w do budynku przy J.-J.-Fuxgasse. Oba domy s\u0105 po\u015bwi\u0119cone \u017cyciu trzech uniwersytet\u00f3w w Grazu i wpisuj\u0105 si\u0119 w szerokie spektrum duszpasterstwa uniwersyteckiego prowadzonego przez Katolick\u0105 Wsp\u00f3lnot\u0119 Uniwersyteck\u0105, Korporacje Katolickie i Opus Dei.<\/p>\n<p class=\"paragraph-m\">\u00a0<\/p>\n<p class=\"paragraph-m\">Ksi\u0119\u017ca diecezjalni, jezuici, ksi\u0119\u017ca Opus Dei, benedyktyni i dominikanie nadal pracuj\u0105 tutaj we wsp\u00f3\u0142pracy z chrze\u015bcijanami bez \u015bwi\u0119ce\u0144. Stowarzyszenie studenckie Akademikerhilfe przej\u0119\u0142o administracj\u0119 tego nowego akademika Admont i dba o to, aby \u017cycie toczy\u0142o si\u0119 w porz\u0105dku i harmonii.<\/p>\n<p class=\"paragraph-m\">\u00a0<\/p>\n<p class=\"paragraph-m\">Ten stary i jednocze\u015bnie nowy dom, w kt\u00f3rym si\u0119 teraz uroczy\u015bcie zebrali\u015bmy, ma d\u0142ug\u0105 i r\u00f3\u017cnorodn\u0105 histori\u0119: zosta\u0142 za\u0142o\u017cony przez zakon augustia\u0144skich pustelnik\u00f3w. Przez wiele lat pracowa\u0142 tu r\u00f3wnie\u017c s\u0142ynny kaznodzieja Abraham a Sancta Clara, pseudonim Ulrich Megerle ze szwabskiego miasta Me\u00dfkirch, kt\u00f3re by\u0142o r\u00f3wnie\u017c domem Martina Heideggera. P\u00f3\u017aniej pracowali tu jezuici po ponownym za\u0142o\u017ceniu tego zakonu, a w ko\u0144cu dom zosta\u0142 rozbudowany o nowe budynki, klasztor i o\u015brodek studi\u00f3w dominikan\u00f3w, kt\u00f3rych w\u0142asno\u015bci\u0105 pozosta\u0142y i pozostan\u0105 s\u0105siednie budynki.<\/p>\n<\/div>\n                    \n                            <\/div>\n        \n            <\/div>\n<\/div>\n\n<\/section>","protected":false},"excerpt":{"rendered":"","protected":false},"author":19,"featured_media":0,"parent":29331,"menu_order":6,"comment_status":"closed","ping_status":"closed","template":"","meta":{"_acf_changed":false,"footnotes":""},"categories":[],"class_list":["post-29344","page","type-page","status-publish","hentry"],"acf":[],"yoast_head":"<!-- This site is optimized with the Yoast SEO Premium plugin v26.0 (Yoast SEO v26.8) - https:\/\/yoast.com\/product\/yoast-seo-premium-wordpress\/ -->\n<title>Er\u00f6ffnungsrede des Di\u00f6zesanbischofs - Stift Admont<\/title>\n<meta name=\"robots\" content=\"index, follow, max-snippet:-1, max-image-preview:large, max-video-preview:-1\" \/>\n<link rel=\"canonical\" href=\"https:\/\/stiftadmont.at\/pl\/dom-spotkan-2\/moneta\/przemowienie-inauguracyjne-biskupa-dioezanu\/\" \/>\n<meta property=\"og:locale\" content=\"pl_PL\" \/>\n<meta property=\"og:type\" content=\"article\" \/>\n<meta property=\"og:title\" content=\"Er\u00f6ffnungsrede des Di\u00f6zesanbischofs\" \/>\n<meta property=\"og:url\" content=\"https:\/\/stiftadmont.at\/pl\/dom-spotkan-2\/moneta\/przemowienie-inauguracyjne-biskupa-dioezanu\/\" \/>\n<meta property=\"og:site_name\" content=\"Stift Admont\" \/>\n<meta property=\"article:modified_time\" content=\"2025-02-04T10:01:37+00:00\" \/>\n<meta property=\"og:image\" content=\"https:\/\/stiftadmont.at\/wp-content\/uploads\/Klosteranlage-innen.jpg\" \/>\n\t<meta property=\"og:image:width\" content=\"1912\" \/>\n\t<meta property=\"og:image:height\" content=\"1188\" \/>\n\t<meta property=\"og:image:type\" content=\"image\/jpeg\" \/>\n<meta name=\"twitter:card\" content=\"summary_large_image\" \/>\n<script type=\"application\/ld+json\" class=\"yoast-schema-graph\">{\"@context\":\"https:\/\/schema.org\",\"@graph\":[{\"@type\":\"WebPage\",\"@id\":\"https:\/\/stiftadmont.at\/haus-der-begegnung-2\/die-muenze\/eroeffnungsrede-des-dioezesanbischofs\/\",\"url\":\"https:\/\/stiftadmont.at\/haus-der-begegnung-2\/die-muenze\/eroeffnungsrede-des-dioezesanbischofs\/\",\"name\":\"Er\u00f6ffnungsrede des Di\u00f6zesanbischofs - Stift Admont\",\"isPartOf\":{\"@id\":\"https:\/\/stiftadmont.at\/#website\"},\"datePublished\":\"2024-07-15T06:47:06+00:00\",\"dateModified\":\"2025-02-04T10:01:37+00:00\",\"breadcrumb\":{\"@id\":\"https:\/\/stiftadmont.at\/haus-der-begegnung-2\/die-muenze\/eroeffnungsrede-des-dioezesanbischofs\/#breadcrumb\"},\"inLanguage\":\"pl-PL\",\"potentialAction\":[{\"@type\":\"ReadAction\",\"target\":[\"https:\/\/stiftadmont.at\/haus-der-begegnung-2\/die-muenze\/eroeffnungsrede-des-dioezesanbischofs\/\"]}]},{\"@type\":\"BreadcrumbList\",\"@id\":\"https:\/\/stiftadmont.at\/haus-der-begegnung-2\/die-muenze\/eroeffnungsrede-des-dioezesanbischofs\/#breadcrumb\",\"itemListElement\":[{\"@type\":\"ListItem\",\"position\":1,\"name\":\"Start\",\"item\":\"https:\/\/stiftadmont.at\/\"},{\"@type\":\"ListItem\",\"position\":2,\"name\":\"Haus der Begegnung\",\"item\":\"https:\/\/stiftadmont.at\/haus-der-begegnung-2\/\"},{\"@type\":\"ListItem\",\"position\":3,\"name\":\"Die M\u00fcnze\",\"item\":\"https:\/\/stiftadmont.at\/haus-der-begegnung-2\/die-muenze\/\"},{\"@type\":\"ListItem\",\"position\":4,\"name\":\"Er\u00f6ffnungsrede des Di\u00f6zesanbischofs\"}]},{\"@type\":\"WebSite\",\"@id\":\"https:\/\/stiftadmont.at\/#website\",\"url\":\"https:\/\/stiftadmont.at\/\",\"name\":\"Stift Admont\",\"description\":\"Benediktinerkloster und Sehensw\u00fcrdigkeit im Ges\u00e4use\",\"potentialAction\":[{\"@type\":\"SearchAction\",\"target\":{\"@type\":\"EntryPoint\",\"urlTemplate\":\"https:\/\/stiftadmont.at\/?s={search_term_string}\"},\"query-input\":{\"@type\":\"PropertyValueSpecification\",\"valueRequired\":true,\"valueName\":\"search_term_string\"}}],\"inLanguage\":\"pl-PL\"}]}<\/script>\n<!-- \/ Yoast SEO Premium plugin. -->","yoast_head_json":{"title":"Przem\u00f3wienie inauguracyjne biskupa diecezjalnego - Opactwo Admont","robots":{"index":"index","follow":"follow","max-snippet":"max-snippet:-1","max-image-preview":"max-image-preview:large","max-video-preview":"max-video-preview:-1"},"canonical":"https:\/\/stiftadmont.at\/pl\/dom-spotkan-2\/moneta\/przemowienie-inauguracyjne-biskupa-dioezanu\/","og_locale":"pl_PL","og_type":"article","og_title":"Er\u00f6ffnungsrede des Di\u00f6zesanbischofs","og_url":"https:\/\/stiftadmont.at\/pl\/dom-spotkan-2\/moneta\/przemowienie-inauguracyjne-biskupa-dioezanu\/","og_site_name":"Stift Admont","article_modified_time":"2025-02-04T10:01:37+00:00","og_image":[{"width":1912,"height":1188,"url":"https:\/\/stiftadmont.at\/wp-content\/uploads\/Klosteranlage-innen.jpg","type":"image\/jpeg"}],"twitter_card":"summary_large_image","schema":{"@context":"https:\/\/schema.org","@graph":[{"@type":"WebPage","@id":"https:\/\/stiftadmont.at\/haus-der-begegnung-2\/die-muenze\/eroeffnungsrede-des-dioezesanbischofs\/","url":"https:\/\/stiftadmont.at\/haus-der-begegnung-2\/die-muenze\/eroeffnungsrede-des-dioezesanbischofs\/","name":"Przem\u00f3wienie inauguracyjne biskupa diecezjalnego - Opactwo Admont","isPartOf":{"@id":"https:\/\/stiftadmont.at\/#website"},"datePublished":"2024-07-15T06:47:06+00:00","dateModified":"2025-02-04T10:01:37+00:00","breadcrumb":{"@id":"https:\/\/stiftadmont.at\/haus-der-begegnung-2\/die-muenze\/eroeffnungsrede-des-dioezesanbischofs\/#breadcrumb"},"inLanguage":"pl-PL","potentialAction":[{"@type":"ReadAction","target":["https:\/\/stiftadmont.at\/haus-der-begegnung-2\/die-muenze\/eroeffnungsrede-des-dioezesanbischofs\/"]}]},{"@type":"BreadcrumbList","@id":"https:\/\/stiftadmont.at\/haus-der-begegnung-2\/die-muenze\/eroeffnungsrede-des-dioezesanbischofs\/#breadcrumb","itemListElement":[{"@type":"ListItem","position":1,"name":"Start","item":"https:\/\/stiftadmont.at\/"},{"@type":"ListItem","position":2,"name":"Haus der Begegnung","item":"https:\/\/stiftadmont.at\/haus-der-begegnung-2\/"},{"@type":"ListItem","position":3,"name":"Die M\u00fcnze","item":"https:\/\/stiftadmont.at\/haus-der-begegnung-2\/die-muenze\/"},{"@type":"ListItem","position":4,"name":"Er\u00f6ffnungsrede des Di\u00f6zesanbischofs"}]},{"@type":"WebSite","@id":"https:\/\/stiftadmont.at\/#website","url":"https:\/\/stiftadmont.at\/","name":"Opactwo Admont","description":"Benedykty\u0144ski klasztor i atrakcja turystyczna w Ges\u00e4use","potentialAction":[{"@type":"SearchAction","target":{"@type":"EntryPoint","urlTemplate":"https:\/\/stiftadmont.at\/?s={search_term_string}"},"query-input":{"@type":"PropertyValueSpecification","valueRequired":true,"valueName":"search_term_string"}}],"inLanguage":"pl-PL"}]}},"_links":{"self":[{"href":"https:\/\/stiftadmont.at\/pl\/wp-json\/wp\/v2\/pages\/29344","targetHints":{"allow":["GET"]}}],"collection":[{"href":"https:\/\/stiftadmont.at\/pl\/wp-json\/wp\/v2\/pages"}],"about":[{"href":"https:\/\/stiftadmont.at\/pl\/wp-json\/wp\/v2\/types\/page"}],"author":[{"embeddable":true,"href":"https:\/\/stiftadmont.at\/pl\/wp-json\/wp\/v2\/users\/19"}],"replies":[{"embeddable":true,"href":"https:\/\/stiftadmont.at\/pl\/wp-json\/wp\/v2\/comments?post=29344"}],"version-history":[{"count":4,"href":"https:\/\/stiftadmont.at\/pl\/wp-json\/wp\/v2\/pages\/29344\/revisions"}],"predecessor-version":[{"id":32654,"href":"https:\/\/stiftadmont.at\/pl\/wp-json\/wp\/v2\/pages\/29344\/revisions\/32654"}],"up":[{"embeddable":true,"href":"https:\/\/stiftadmont.at\/pl\/wp-json\/wp\/v2\/pages\/29331"}],"wp:attachment":[{"href":"https:\/\/stiftadmont.at\/pl\/wp-json\/wp\/v2\/media?parent=29344"}],"wp:term":[{"taxonomy":"category","embeddable":true,"href":"https:\/\/stiftadmont.at\/pl\/wp-json\/wp\/v2\/categories?post=29344"}],"curies":[{"name":"wp","href":"https:\/\/api.w.org\/{rel}","templated":true}]}}