{"id":33344,"date":"2025-03-17T12:52:29","date_gmt":"2025-03-17T10:52:29","guid":{"rendered":"https:\/\/stiftadmont.at\/?page_id=33344"},"modified":"2025-03-28T11:41:52","modified_gmt":"2025-03-28T09:41:52","slug":"kontakt-z-parafia-admont","status":"publish","type":"page","link":"https:\/\/stiftadmont.at\/pl\/pfarren\/pfarre-admont\/kontakt-pfarre-admont\/","title":{"rendered":"Kontakt z parafi\u0105 Admont"},"content":{"rendered":"<section id='lightpress__section--block_1c477419d52cdd2589a538f46211dd1f' class='lightpress__section--default-section-space lightpress__section lightpress__section--content'><div class=\"content__inner\"\n         x-init=\"initContentBlockAnim($el)\">\n        \n    <div class=\"content__grid content__grid\">\n                                            <div class=\"content__box content__box--one-hundred\"\n                 style=\"\">\n                                \n                \n                                            <div class=\"prose\"><\/div>\n                    \n                            <\/div>\n        \n            <\/div>\n<\/div>\n\n<\/section>\n\n<section id='lightpress__section--block_2970a656a84aa13b5630577a9b525fcc' class='align-center lightpress__section--default-section-space lightpress__section lightpress__section--headline'><div class=\"headline__container\">\n            <p class=\"headline text--40 text-medium line line--gold line-above line-middle\">Kontakt z parafi\u0105 Admont<\/p>\n        <p class=\"text-center text-gold text--20 text-medium text--uppercase\">Godziny urz\u0119dowania administracji parafii i cmentarza Admont: od wtorku do pi\u0105tku: od 08:00 do 12:00<\/p>\n        <div class=\"spacer--40\"><\/div>\n<\/div>\n\n<\/section>\n\n<section id='lightpress__section--block_5092e223da7e19fbcd5935a17b4fe9c4' class='lightpress__section lightpress__section--contacts-slider'><div class=\"contacts\" x-init=\"initContactsTeaserAnim($el)\">\n\n    <div class=\"contacts__inner\">\n\n        <div class=\"swiper-container\"\n             x-data\n x-init=\"initContactsTeaser($el, $refs.btnPrev, $refs.btnNext)\">\n\n            <div class=\"swiper-wrapper\">\n                                    <div class=\"swiper-slide\">\n                        <article class=\"contacts__contact\">\n                                                        <div class=\"contacts__media\">\n                <span class=\"image-overlay\">\n                  <picture>\n                    <source srcset=\"https:\/\/stiftadmont.at\/wp-content\/uploads\/Abt-Gerhard-c-Stefan-Leitner-2-scaled-768x960.webp\" type=\"image\/webp\">\n                    <source srcset=\"https:\/\/stiftadmont.at\/wp-content\/uploads\/Abt-Gerhard-c-Stefan-Leitner-2-scaled-768x960.jpg\" type=\"image\/jpeg\">\n                    <img decoding=\"async\" loading=\"lazy\" src=\"https:\/\/stiftadmont.at\/wp-content\/uploads\/Abt-Gerhard-c-Stefan-Leitner-2-scaled-768x960.jpg\"\n                         alt=\"Opactwo benedyktyn\u00f3w Admont - opat Gerhard Hafner \u00a9 Stefan Leitner\" width=\"416\" height=\"418\">\n                  <\/picture>\n                <\/span>\n                            <\/div>\n                            <div class=\"contacts__content\">\n                                <h2 class=\"contacts__name heading-s\">ABP GERHARD HAFNER O.S.B.<\/h2>\n                                <p\n                                        class=\"contacts__title paragraph-s\">Mag. theol. \/ 68. opat opactwa benedyktyn\u00f3w w Admont; proboszcz parafii Admont; rektor ko\u015bcio\u0142a opactwa<\/p>                                                                    <a href=\"mailto:abt.gerhard@pfarre-admont.at\" class=\"email\"><span class=\"icon-outer\"><i\n                                                    class=\"fa-solid fa-envelope\"><\/i><\/span>abt.gerhard@pfarre-admont.at<\/a>\n                                \n                                                                  <a href=\"tel:+4336132312250\" class=\"phone\"><span class=\"icon-outer\"><i\n                                              class=\"fa-solid fa-phone\"><\/i><\/span>+43 (0) 3613\/2312-250<\/a>\n                                                            <\/div>\n                        <\/article>\n                    <\/div>\n                                    <div class=\"swiper-slide\">\n                        <article class=\"contacts__contact\">\n                                                        <div class=\"contacts__media\">\n                <span class=\"image-overlay\">\n                  <picture>\n                    <source srcset=\"https:\/\/stiftadmont.at\/wp-content\/uploads\/Stift_Admont_\u00a9StefanLeitner_051.webp\" type=\"image\/webp\">\n                    <source srcset=\"https:\/\/stiftadmont.at\/wp-content\/uploads\/Stift_Admont_\u00a9StefanLeitner_051.jpg\" type=\"image\/jpeg\">\n                    <img decoding=\"async\" loading=\"lazy\" src=\"https:\/\/stiftadmont.at\/wp-content\/uploads\/Stift_Admont_\u00a9StefanLeitner_051.jpg\" alt=\"Opactwo Admont \u00a9StefanLeitner 051\" width=\"416\" height=\"418\" \/>\n                  <\/picture>\n                <\/span>\n                            <\/div>\n                            <div class=\"contacts__content\">\n                                <h2 class=\"contacts__name heading-s\">PATER MATTH\u00c4US CASSIAN KONIECZNY O.S.B. <\/h2>\n                                <p\n                                        class=\"contacts__title paragraph-s\">MA, BA \/ Kapelan w obszarze duszpasterskim Admont; duchowny; kierownik duchowy si\u00f3str zakonnych<\/p>                                                                    <a href=\"mailto:mck@pfarre-admont.at\" class=\"email\"><span class=\"icon-outer\"><i\n                                                    class=\"fa-solid fa-envelope\"><\/i><\/span>mck@pfarre-admont.at<\/a>\n                                \n                                                                  <a href=\"tel:+4336132312250%20\" class=\"phone\"><span class=\"icon-outer\"><i\n                                              class=\"fa-solid fa-phone\"><\/i><\/span> tel:+43 (0) 3613\/2312-254<\/a>\n                                                            <\/div>\n                        <\/article>\n                    <\/div>\n                                    <div class=\"swiper-slide\">\n                        <article class=\"contacts__contact\">\n                                                        <div class=\"contacts__media\">\n                <span class=\"image-overlay\">\n                  <picture>\n                    <source srcset=\"\" type=\"image\/webp\">\n                    <source srcset=\"\" type=\"image\/jpeg\">\n                    <img decoding=\"async\" loading=\"lazy\" src=\"\"\n                         alt=\"\" width=\"416\" height=\"418\">\n                  <\/picture>\n                <\/span>\n                            <\/div>\n                            <div class=\"contacts__content\">\n                                <h2 class=\"contacts__name heading-s\">Barbara Hofer<\/h2>\n                                <p\n                                        class=\"contacts__title paragraph-s\">Doradca duszpasterski <\/p>                                                                    <a href=\"mailto:barbara.hofer@graz-seckau.at\" class=\"email\"><span class=\"icon-outer\"><i\n                                                    class=\"fa-solid fa-envelope\"><\/i><\/span>barbara.hofer@graz-seckau.at<\/a>\n                                \n                                                                                                            <a href=\"tel:+43 (0) 3613\/2312-251\" class=\"phone\"><span class=\"icon-outer\"><i\n                                                        class=\"fa-solid fa-phone\"><\/i><\/span>+43 (0) 3613\/2312-251<\/a>\n                                                                                                <\/div>\n                        <\/article>\n                    <\/div>\n                                    <div class=\"swiper-slide\">\n                        <article class=\"contacts__contact\">\n                                                        <div class=\"contacts__media\">\n                <span class=\"image-overlay\">\n                  <picture>\n                    <source srcset=\"\" type=\"image\/webp\">\n                    <source srcset=\"\" type=\"image\/jpeg\">\n                    <img decoding=\"async\" loading=\"lazy\" src=\"\"\n                         alt=\"\" width=\"416\" height=\"418\">\n                  <\/picture>\n                <\/span>\n                            <\/div>\n                            <div class=\"contacts__content\">\n                                <h2 class=\"contacts__name heading-s\">Barbara Kettner<\/h2>\n                                <p\n                                        class=\"contacts__title paragraph-s\">Sekretarz parafii<\/p>                                                                    <a href=\"mailto:info@pfarre-admont.at\" class=\"email\"><span class=\"icon-outer\"><i\n                                                    class=\"fa-solid fa-envelope\"><\/i><\/span>info@pfarre-admont.at<\/a>\n                                \n                                                                                                            <a href=\"tel:+43 (0) 3613\/2312-251\" class=\"phone\"><span class=\"icon-outer\"><i\n                                                        class=\"fa-solid fa-phone\"><\/i><\/span>+43 (0) 3613\/2312-251<\/a>\n                                                                                                <\/div>\n                        <\/article>\n                    <\/div>\n                            <\/div>\n\n                            <button class=\"swiper-button-prev slider-button slider-button--prev\" x-ref=\"btnPrev\"\n                        aria-label=\"Poka\u017c poprzedni\u0105 osob\u0119 kontaktow\u0105\"><i class=\"fa-regular fa-chevron-left\"><\/i><\/button>\n                <button class=\"swiper-button-next slider-button slider-button--next\" x-ref=\"btnNext\"\n                        aria-label=\"Poka\u017c nast\u0119pn\u0105 osob\u0119 kontaktow\u0105\"><i class=\"fa-regular fa-chevron-right\"><\/i><\/button>\n                    <\/div>\n    <\/div>\n\n<\/div><\/section>\n\n<section id='lightpress__section--block_1c477419d52cdd2589a538f46211dd1f' class='lightpress__section--default-section-space lightpress__section lightpress__section--content'><div class=\"content__inner\"\n         x-init=\"initContentBlockAnim($el)\">\n        \n    <div class=\"content__grid content__grid\">\n                                            <div class=\"content__box content__box--one-hundred\"\n                 style=\"\">\n                                \n                \n                                            <div class=\"prose\"><\/div>\n                    \n                            <\/div>\n        \n            <\/div>\n<\/div>\n\n<\/section>","protected":false},"excerpt":{"rendered":"","protected":false},"author":7,"featured_media":0,"parent":33335,"menu_order":0,"comment_status":"closed","ping_status":"closed","template":"","meta":{"_acf_changed":false,"footnotes":""},"categories":[],"class_list":["post-33344","page","type-page","status-publish","hentry"],"acf":[],"yoast_head":"<!-- This site is optimized with the Yoast SEO Premium plugin v26.0 (Yoast SEO v26.8) - https:\/\/yoast.com\/product\/yoast-seo-premium-wordpress\/ -->\n<title>Kontakt der Pfarre Admont - Stift Admont<\/title>\n<meta name=\"robots\" content=\"index, follow, max-snippet:-1, max-image-preview:large, max-video-preview:-1\" \/>\n<link rel=\"canonical\" href=\"https:\/\/stiftadmont.at\/pl\/parafie\/parafia-admont\/kontakt-z-parafia-admont\/\" \/>\n<meta property=\"og:locale\" content=\"pl_PL\" \/>\n<meta property=\"og:type\" content=\"article\" \/>\n<meta property=\"og:title\" content=\"Kontakt der Pfarre Admont\" \/>\n<meta property=\"og:url\" content=\"https:\/\/stiftadmont.at\/pl\/parafie\/parafia-admont\/kontakt-z-parafia-admont\/\" \/>\n<meta property=\"og:site_name\" content=\"Stift Admont\" \/>\n<meta property=\"article:modified_time\" content=\"2025-03-28T09:41:52+00:00\" \/>\n<meta property=\"og:image\" content=\"https:\/\/stiftadmont.at\/wp-content\/uploads\/Klosteranlage-innen.jpg\" \/>\n\t<meta property=\"og:image:width\" content=\"1912\" \/>\n\t<meta property=\"og:image:height\" content=\"1188\" \/>\n\t<meta property=\"og:image:type\" content=\"image\/jpeg\" \/>\n<meta name=\"twitter:card\" content=\"summary_large_image\" \/>\n<script type=\"application\/ld+json\" class=\"yoast-schema-graph\">{\"@context\":\"https:\/\/schema.org\",\"@graph\":[{\"@type\":\"WebPage\",\"@id\":\"https:\/\/stiftadmont.at\/pfarren\/pfarre-admont\/kontakt-pfarre-admont\/\",\"url\":\"https:\/\/stiftadmont.at\/pfarren\/pfarre-admont\/kontakt-pfarre-admont\/\",\"name\":\"Kontakt der Pfarre Admont - Stift Admont\",\"isPartOf\":{\"@id\":\"https:\/\/stiftadmont.at\/#website\"},\"datePublished\":\"2025-03-17T10:52:29+00:00\",\"dateModified\":\"2025-03-28T09:41:52+00:00\",\"breadcrumb\":{\"@id\":\"https:\/\/stiftadmont.at\/pfarren\/pfarre-admont\/kontakt-pfarre-admont\/#breadcrumb\"},\"inLanguage\":\"pl-PL\",\"potentialAction\":[{\"@type\":\"ReadAction\",\"target\":[\"https:\/\/stiftadmont.at\/pfarren\/pfarre-admont\/kontakt-pfarre-admont\/\"]}]},{\"@type\":\"BreadcrumbList\",\"@id\":\"https:\/\/stiftadmont.at\/pfarren\/pfarre-admont\/kontakt-pfarre-admont\/#breadcrumb\",\"itemListElement\":[{\"@type\":\"ListItem\",\"position\":1,\"name\":\"Start\",\"item\":\"https:\/\/stiftadmont.at\/\"},{\"@type\":\"ListItem\",\"position\":2,\"name\":\"Pfarren\",\"item\":\"https:\/\/stiftadmont.at\/pfarren\/\"},{\"@type\":\"ListItem\",\"position\":3,\"name\":\"Pfarre Admont\",\"item\":\"https:\/\/stiftadmont.at\/pfarren\/pfarre-admont\/\"},{\"@type\":\"ListItem\",\"position\":4,\"name\":\"Kontakt der Pfarre Admont\"}]},{\"@type\":\"WebSite\",\"@id\":\"https:\/\/stiftadmont.at\/#website\",\"url\":\"https:\/\/stiftadmont.at\/\",\"name\":\"Stift Admont\",\"description\":\"Benediktinerkloster und Sehensw\u00fcrdigkeit im Ges\u00e4use\",\"potentialAction\":[{\"@type\":\"SearchAction\",\"target\":{\"@type\":\"EntryPoint\",\"urlTemplate\":\"https:\/\/stiftadmont.at\/?s={search_term_string}\"},\"query-input\":{\"@type\":\"PropertyValueSpecification\",\"valueRequired\":true,\"valueName\":\"search_term_string\"}}],\"inLanguage\":\"pl-PL\"}]}<\/script>\n<!-- \/ Yoast SEO Premium plugin. -->","yoast_head_json":{"title":"Kontakt parafii Admont - Opactwo Admont","robots":{"index":"index","follow":"follow","max-snippet":"max-snippet:-1","max-image-preview":"max-image-preview:large","max-video-preview":"max-video-preview:-1"},"canonical":"https:\/\/stiftadmont.at\/pl\/parafie\/parafia-admont\/kontakt-z-parafia-admont\/","og_locale":"pl_PL","og_type":"article","og_title":"Kontakt der Pfarre Admont","og_url":"https:\/\/stiftadmont.at\/pl\/parafie\/parafia-admont\/kontakt-z-parafia-admont\/","og_site_name":"Stift Admont","article_modified_time":"2025-03-28T09:41:52+00:00","og_image":[{"width":1912,"height":1188,"url":"https:\/\/stiftadmont.at\/wp-content\/uploads\/Klosteranlage-innen.jpg","type":"image\/jpeg"}],"twitter_card":"summary_large_image","schema":{"@context":"https:\/\/schema.org","@graph":[{"@type":"WebPage","@id":"https:\/\/stiftadmont.at\/pfarren\/pfarre-admont\/kontakt-pfarre-admont\/","url":"https:\/\/stiftadmont.at\/pfarren\/pfarre-admont\/kontakt-pfarre-admont\/","name":"Kontakt parafii Admont - Opactwo Admont","isPartOf":{"@id":"https:\/\/stiftadmont.at\/#website"},"datePublished":"2025-03-17T10:52:29+00:00","dateModified":"2025-03-28T09:41:52+00:00","breadcrumb":{"@id":"https:\/\/stiftadmont.at\/pfarren\/pfarre-admont\/kontakt-pfarre-admont\/#breadcrumb"},"inLanguage":"pl-PL","potentialAction":[{"@type":"ReadAction","target":["https:\/\/stiftadmont.at\/pfarren\/pfarre-admont\/kontakt-pfarre-admont\/"]}]},{"@type":"BreadcrumbList","@id":"https:\/\/stiftadmont.at\/pfarren\/pfarre-admont\/kontakt-pfarre-admont\/#breadcrumb","itemListElement":[{"@type":"ListItem","position":1,"name":"Start","item":"https:\/\/stiftadmont.at\/"},{"@type":"ListItem","position":2,"name":"Pfarren","item":"https:\/\/stiftadmont.at\/pfarren\/"},{"@type":"ListItem","position":3,"name":"Pfarre Admont","item":"https:\/\/stiftadmont.at\/pfarren\/pfarre-admont\/"},{"@type":"ListItem","position":4,"name":"Kontakt der Pfarre Admont"}]},{"@type":"WebSite","@id":"https:\/\/stiftadmont.at\/#website","url":"https:\/\/stiftadmont.at\/","name":"Opactwo Admont","description":"Benedykty\u0144ski klasztor i atrakcja turystyczna w Ges\u00e4use","potentialAction":[{"@type":"SearchAction","target":{"@type":"EntryPoint","urlTemplate":"https:\/\/stiftadmont.at\/?s={search_term_string}"},"query-input":{"@type":"PropertyValueSpecification","valueRequired":true,"valueName":"search_term_string"}}],"inLanguage":"pl-PL"}]}},"_links":{"self":[{"href":"https:\/\/stiftadmont.at\/pl\/wp-json\/wp\/v2\/pages\/33344","targetHints":{"allow":["GET"]}}],"collection":[{"href":"https:\/\/stiftadmont.at\/pl\/wp-json\/wp\/v2\/pages"}],"about":[{"href":"https:\/\/stiftadmont.at\/pl\/wp-json\/wp\/v2\/types\/page"}],"author":[{"embeddable":true,"href":"https:\/\/stiftadmont.at\/pl\/wp-json\/wp\/v2\/users\/7"}],"replies":[{"embeddable":true,"href":"https:\/\/stiftadmont.at\/pl\/wp-json\/wp\/v2\/comments?post=33344"}],"version-history":[{"count":11,"href":"https:\/\/stiftadmont.at\/pl\/wp-json\/wp\/v2\/pages\/33344\/revisions"}],"predecessor-version":[{"id":34197,"href":"https:\/\/stiftadmont.at\/pl\/wp-json\/wp\/v2\/pages\/33344\/revisions\/34197"}],"up":[{"embeddable":true,"href":"https:\/\/stiftadmont.at\/pl\/wp-json\/wp\/v2\/pages\/33335"}],"wp:attachment":[{"href":"https:\/\/stiftadmont.at\/pl\/wp-json\/wp\/v2\/media?parent=33344"}],"wp:term":[{"taxonomy":"category","embeddable":true,"href":"https:\/\/stiftadmont.at\/pl\/wp-json\/wp\/v2\/categories?post=33344"}],"curies":[{"name":"wp","href":"https:\/\/api.w.org\/{rel}","templated":true}]}}