{"id":33377,"date":"2025-03-17T13:51:33","date_gmt":"2025-03-17T11:51:33","guid":{"rendered":"https:\/\/stiftadmont.at\/?page_id=33377"},"modified":"2025-03-17T14:07:21","modified_gmt":"2025-03-17T12:07:21","slug":"ponowne-wejscie-do-kosciola","status":"publish","type":"page","link":"https:\/\/stiftadmont.at\/pl\/kirchen-wiedereintritt\/","title":{"rendered":"Ponowne wej\u015bcie"},"content":{"rendered":"<section id='lightpress__section--block_755d75cedb19ef07b5f6cdfc6af09ecd' class='align-center lightpress__section--default-section-space lightpress__section lightpress__section--headline'><div class=\"headline__container\">\n            <h2 class=\"headline text--40 text-medium line line--gold line-above line-middle\">Ponowne wej\u015bcie<\/h2>\n        <p class=\"text-center text-gold text--20 text-medium text--uppercase\">Czy chcesz powr\u00f3ci\u0107 do Ko\u015bcio\u0142a? Tutaj znajdziesz wszystkie wa\u017cne informacje na temat powrotu!<br \/>\r\n<\/p>\n        <div class=\"spacer--40\"><\/div>\n<\/div>\n\n<\/section>\n\n<section id='lightpress__section--block_90e9a40fdb5ad50676016b0f8a2dbc08' class='lightpress__section--default-section-space lightpress__section lightpress__section--content'><div class=\"content__inner\"\n         x-init=\"initContentBlockAnim($el)\">\n        \n    <div class=\"content__grid content__grid--sixty-forty\">\n                                            <div class=\"content__box content__box\"\n                 style=\"\">\n                                \n                \n                                            <div class=\"prose\"><h5 class=\"heading-m line line-above line--gold\" style=\"margin-top: 9pt;\"><strong style=\"margin-block: 0px;\"><span style=\"font-size: 18pt; font-family: Arial, sans-serif;\">Wymagania wst\u0119pne<\/span><\/strong><span style=\"font-size: 15pt; font-family: Arial, sans-serif;\"><\/span><\/h5>\n<p style=\"margin-top: 9pt;\"><span style=\"font-family: Arial, sans-serif;\">Zosta\u0142e\u015b ochrzczony, wyznajesz wiar\u0119 chrze\u015bcija\u0144sk\u0105 i masz szczery zamiar powrotu do Ko\u015bcio\u0142a katolickiego. Chcesz pozosta\u0107 wierny wsp\u00f3lnocie Ko\u015bcio\u0142a katolickiego w przysz\u0142o\u015bci.<\/span><span style=\"font-size: 15pt; font-family: Arial, sans-serif;\"><\/span><\/p>\n<p>\u00a0<\/p>\n<p>\u00a0<\/p>\n<h5 class=\"heading-m line line-above line--gold\" style=\"margin-top: 9pt;\"><strong style=\"margin-block: 0px;\"><span style=\"font-size: 18pt; font-family: Arial, sans-serif;\">Co nale\u017cy zrobi\u0107 w pierwszej kolejno\u015bci?<\/span><\/strong><span style=\"font-size: 15pt; font-family: Arial, sans-serif;\"><\/span><\/h5>\n<p style=\"margin-top: 9pt;\"><span style=\"font-family: Arial, sans-serif;\">Zacznij od rozmowy z ksi\u0119dzem (proboszczem parafii, w kt\u00f3rej mieszkasz lub innym zaufanym pastorem).  Ksi\u0105dz zapyta ci\u0119, dlaczego opu\u015bci\u0142e\u015b ko\u015bci\u00f3\u0142 w tamtym czasie i co motywuje ci\u0119 do powrotu do ko\u015bcio\u0142a teraz. Nie jest to egzamin ani niepotrzebne \"grillowanie\", ale pr\u00f3ba szczerej rozmowy. Nikogo nie nale\u017cy przekonywa\u0107 do przy\u0142\u0105czenia si\u0119, ale te\u017c nikt, kto jest powa\u017cny, nie powinien by\u0107 \"odp\u0119dzany\".<\/span><span style=\"font-size: 15pt; font-family: Arial, sans-serif;\"><\/span><\/p>\n<p>\u00a0<\/p>\n<p style=\"margin-top: 9pt;\"><span style=\"font-family: Arial, sans-serif;\">Je\u015bli nie znasz ksi\u0119dza i nie chcesz i\u015b\u0107 do miejscowego ksi\u0119dza, mo\u017cesz r\u00f3wnie\u017c skontaktowa\u0107 si\u0119 z ksi\u0119dzem, kt\u00f3ry zosta\u0142 specjalnie wyznaczony do tego celu:\u00a0<a href=\"https:\/\/www.katholische-kirche-steiermark.at\/goto\/visitenkarte\/127\/Mag__Dietmar_Gr__nwald\" target=\"_blank\" rel=\"noopener\"><span style=\"text-decoration-line: none;\">Dietmar Gr\u00fcnwald<\/span>.<\/a><\/span><span style=\"font-size: 15pt; font-family: Arial, sans-serif;\"><\/span><\/p>\n<p>\u00a0<\/p>\n<p>\u00a0<\/p>\n<h5 class=\"heading-m line line-above line--gold\" style=\"margin-top: 9.0pt;\"><strong><span style=\"font-size: 18pt; font-family: Arial, sans-serif;\">Nagranie<\/span><\/strong><span style=\"font-size: 15pt; font-family: Arial, sans-serif;\"><\/span><\/h5>\n<p style=\"margin-top: 9pt;\"><span style=\"font-family: Arial, sans-serif;\">Przyj\u0119cia dokonuje ksi\u0105dz. Akt ten mo\u017ce odby\u0107 si\u0119 po prostu w biurze parafialnym. Mo\u017cna go jednak r\u00f3wnie\u017c dokona\u0107 podczas nabo\u017ce\u0144stwa w ko\u015bciele lub w gronie rodziny lub przyjaci\u00f3\u0142. Mo\u017cesz wybra\u0107 form\u0119, kt\u00f3ra najbardziej Ci odpowiada.<\/span><span style=\"font-size: 15pt; font-family: Arial, sans-serif;\"><\/span><\/p>\n<\/div>\n                    \n                            <\/div>\n        \n                                                    <div class=\"content__box content__box--2\"\n                     >\n                                        \n                    \n                                                    <div class=\"prose\"><h5 class=\"heading-m line line-above line--gold\" style=\"margin-top: 9pt;\"><strong style=\"margin-block: 0px;\"><span style=\"font-size: 18pt; font-family: Arial, sans-serif;\">Fa\u0142szywe plotki<\/span><\/strong><span style=\"font-size: 15pt; font-family: Arial, sans-serif;\"><\/span><\/h5>\n<p style=\"margin-top: 9pt;\"><span style=\"font-family: Arial, sans-serif;\">Cz\u0119sto twierdzi si\u0119, \u017ce je\u015bli ponownie wst\u0105pisz do ko\u015bcio\u0142a, musisz zap\u0142aci\u0107 sk\u0142adk\u0119 ko\u015bcieln\u0105 za lata, kt\u00f3re up\u0142yn\u0119\u0142y od twojego odej\u015bcia. Jest to b\u0142\u0119dne! Obowi\u0105zek p\u0142acenia sk\u0142adek ko\u015bcielnych rozpoczyna si\u0119 ponownie dopiero po powrocie do ko\u015bcio\u0142a. Je\u015bli chcesz wiedzie\u0107, ile wynosi\u0142aby Twoja sk\u0142adka ko\u015bcielna w przypadku ponownego przyst\u0105pienia, skontaktuj si\u0119 z nasz\u0105 organizacj\u0105 ds. sk\u0142adek ko\u015bcielnych. Z przyjemno\u015bci\u0105 udziel\u0105 ci informacji i porad.<\/span><span style=\"font-size: 15pt; font-family: Arial, sans-serif;\"><\/span><\/p>\n<p style=\"margin-top: 9pt;\"><span style=\"font-family: Arial, sans-serif;\"><a style=\"margin-block: 0px; display: inline-block;\" href=\"https:\/\/www.katholische-kirche-steiermark.at\/portal\/kirchenbeitrag\" target=\"_blank\" rel=\"noopener\"><span style=\"text-decoration-line: none;\">Wi\u0119cej informacji na temat wk\u0142adu ko\u015bcio\u0142a<\/span><\/a><\/span><span style=\"font-size: 15pt; font-family: Arial, sans-serif;\"><\/span><\/p>\n<p style=\"margin-top: 9pt;\"><span style=\"font-family: Arial, sans-serif;\">Nieprawdziwa jest r\u00f3wnie\u017c plotka, \u017ce przed przyj\u0119ciem trzeba nauczy\u0107 si\u0119 modlitw na pami\u0119\u0107 i zda\u0107 test u ksi\u0119dza. \u015awiadkowie potwierdzaj\u0105cy przyj\u0119cie nie s\u0105 ju\u017c potrzebni w naszej diecezji.<\/span><span style=\"font-size: 15pt; font-family: Arial, sans-serif;\"><\/span><\/p>\n<p>\u00a0<\/p>\n<p>\u00a0<\/p>\n<h5 class=\"heading-m line line-above line--gold\" style=\"margin-top: 9pt;\"><strong style=\"margin-block: 0px;\"><span style=\"font-size: 18pt; font-family: Arial, sans-serif;\">Cofni\u0119cie rezygnacji<\/span><\/strong><span style=\"font-size: 15pt; font-family: Arial, sans-serif;\"><\/span><\/h5>\n<p style=\"margin-top: 9pt;\"><span style=\"font-family: Arial, sans-serif;\">Nie min\u0119\u0142y jeszcze trzy miesi\u0105ce, odk\u0105d opu\u015bci\u0142e\u015b ko\u015bci\u00f3\u0142 przed w\u0142adzami?<\/span><span style=\"font-size: 15pt; font-family: Arial, sans-serif;\"><br style=\"margin-block: 0px;\" \/><\/span><span style=\"font-family: Arial, sans-serif;\">Nast\u0119pnie mo\u017cesz po prostu anulowa\u0107 anulowanie za pomoc\u0105 tego formularza.<\/span><span style=\"font-size: 15pt; font-family: Arial, sans-serif;\"><\/span><\/p>\n<p style=\"margin-top: 9pt;\"><span style=\"font-family: Arial, sans-serif;\">Je\u015bli si\u0119 wycofasz, nie zostanie to odnotowane w rejestrze chrzt\u00f3w.<\/span><\/p>\n<p>\u00a0<\/p>\n<p><a title=\"Formularz ponownego zg\u0142oszenia mo\u017cna znale\u017a\u0107 tutaj\" href=\"https:\/\/www.katholische-kirche-steiermark.at\/portal\/rathilfe\/indiekirchezurueckkehren\/wiedereintrittsformular\" target=\"_blank\" rel=\"noopener\">Formularz ponownego zg\u0142oszenia mo\u017cna znale\u017a\u0107 tutaj<\/a><\/p>\n<\/div>\n                        \n                                    <\/div>\n            \n            <\/div>\n<\/div>\n\n<\/section>","protected":false},"excerpt":{"rendered":"","protected":false},"author":7,"featured_media":0,"parent":0,"menu_order":0,"comment_status":"closed","ping_status":"closed","template":"","meta":{"_acf_changed":false,"footnotes":""},"categories":[],"class_list":["post-33377","page","type-page","status-publish","hentry"],"acf":[],"yoast_head":"<!-- This site is optimized with the Yoast SEO Premium plugin v26.0 (Yoast SEO v26.8) - https:\/\/yoast.com\/product\/yoast-seo-premium-wordpress\/ -->\n<title>Wiedereintritt - Stift Admont<\/title>\n<meta name=\"robots\" content=\"index, follow, max-snippet:-1, max-image-preview:large, max-video-preview:-1\" \/>\n<link rel=\"canonical\" href=\"https:\/\/stiftadmont.at\/pl\/ponowne-wejscie-do-kosciola\/\" \/>\n<meta property=\"og:locale\" content=\"pl_PL\" \/>\n<meta property=\"og:type\" content=\"article\" \/>\n<meta property=\"og:title\" content=\"Wiedereintritt\" \/>\n<meta property=\"og:url\" content=\"https:\/\/stiftadmont.at\/pl\/ponowne-wejscie-do-kosciola\/\" \/>\n<meta property=\"og:site_name\" content=\"Stift Admont\" \/>\n<meta property=\"article:modified_time\" content=\"2025-03-17T12:07:21+00:00\" \/>\n<meta property=\"og:image\" content=\"https:\/\/stiftadmont.at\/wp-content\/uploads\/Klosteranlage-innen.jpg\" \/>\n\t<meta property=\"og:image:width\" content=\"1912\" \/>\n\t<meta property=\"og:image:height\" content=\"1188\" \/>\n\t<meta property=\"og:image:type\" content=\"image\/jpeg\" \/>\n<meta name=\"twitter:card\" content=\"summary_large_image\" \/>\n<script type=\"application\/ld+json\" class=\"yoast-schema-graph\">{\"@context\":\"https:\/\/schema.org\",\"@graph\":[{\"@type\":\"WebPage\",\"@id\":\"https:\/\/stiftadmont.at\/kirchen-wiedereintritt\/\",\"url\":\"https:\/\/stiftadmont.at\/kirchen-wiedereintritt\/\",\"name\":\"Wiedereintritt - Stift Admont\",\"isPartOf\":{\"@id\":\"https:\/\/stiftadmont.at\/#website\"},\"datePublished\":\"2025-03-17T11:51:33+00:00\",\"dateModified\":\"2025-03-17T12:07:21+00:00\",\"breadcrumb\":{\"@id\":\"https:\/\/stiftadmont.at\/kirchen-wiedereintritt\/#breadcrumb\"},\"inLanguage\":\"pl-PL\",\"potentialAction\":[{\"@type\":\"ReadAction\",\"target\":[\"https:\/\/stiftadmont.at\/kirchen-wiedereintritt\/\"]}]},{\"@type\":\"BreadcrumbList\",\"@id\":\"https:\/\/stiftadmont.at\/kirchen-wiedereintritt\/#breadcrumb\",\"itemListElement\":[{\"@type\":\"ListItem\",\"position\":1,\"name\":\"Start\",\"item\":\"https:\/\/stiftadmont.at\/\"},{\"@type\":\"ListItem\",\"position\":2,\"name\":\"Wiedereintritt\"}]},{\"@type\":\"WebSite\",\"@id\":\"https:\/\/stiftadmont.at\/#website\",\"url\":\"https:\/\/stiftadmont.at\/\",\"name\":\"Stift Admont\",\"description\":\"Benediktinerkloster und Sehensw\u00fcrdigkeit im Ges\u00e4use\",\"potentialAction\":[{\"@type\":\"SearchAction\",\"target\":{\"@type\":\"EntryPoint\",\"urlTemplate\":\"https:\/\/stiftadmont.at\/?s={search_term_string}\"},\"query-input\":{\"@type\":\"PropertyValueSpecification\",\"valueRequired\":true,\"valueName\":\"search_term_string\"}}],\"inLanguage\":\"pl-PL\"}]}<\/script>\n<!-- \/ Yoast SEO Premium plugin. -->","yoast_head_json":{"title":"Ponowne wej\u015bcie - Opactwo Admont","robots":{"index":"index","follow":"follow","max-snippet":"max-snippet:-1","max-image-preview":"max-image-preview:large","max-video-preview":"max-video-preview:-1"},"canonical":"https:\/\/stiftadmont.at\/pl\/ponowne-wejscie-do-kosciola\/","og_locale":"pl_PL","og_type":"article","og_title":"Wiedereintritt","og_url":"https:\/\/stiftadmont.at\/pl\/ponowne-wejscie-do-kosciola\/","og_site_name":"Stift Admont","article_modified_time":"2025-03-17T12:07:21+00:00","og_image":[{"width":1912,"height":1188,"url":"https:\/\/stiftadmont.at\/wp-content\/uploads\/Klosteranlage-innen.jpg","type":"image\/jpeg"}],"twitter_card":"summary_large_image","schema":{"@context":"https:\/\/schema.org","@graph":[{"@type":"WebPage","@id":"https:\/\/stiftadmont.at\/kirchen-wiedereintritt\/","url":"https:\/\/stiftadmont.at\/kirchen-wiedereintritt\/","name":"Ponowne wej\u015bcie - Opactwo Admont","isPartOf":{"@id":"https:\/\/stiftadmont.at\/#website"},"datePublished":"2025-03-17T11:51:33+00:00","dateModified":"2025-03-17T12:07:21+00:00","breadcrumb":{"@id":"https:\/\/stiftadmont.at\/kirchen-wiedereintritt\/#breadcrumb"},"inLanguage":"pl-PL","potentialAction":[{"@type":"ReadAction","target":["https:\/\/stiftadmont.at\/kirchen-wiedereintritt\/"]}]},{"@type":"BreadcrumbList","@id":"https:\/\/stiftadmont.at\/kirchen-wiedereintritt\/#breadcrumb","itemListElement":[{"@type":"ListItem","position":1,"name":"Start","item":"https:\/\/stiftadmont.at\/"},{"@type":"ListItem","position":2,"name":"Wiedereintritt"}]},{"@type":"WebSite","@id":"https:\/\/stiftadmont.at\/#website","url":"https:\/\/stiftadmont.at\/","name":"Opactwo Admont","description":"Benedykty\u0144ski klasztor i atrakcja turystyczna w Ges\u00e4use","potentialAction":[{"@type":"SearchAction","target":{"@type":"EntryPoint","urlTemplate":"https:\/\/stiftadmont.at\/?s={search_term_string}"},"query-input":{"@type":"PropertyValueSpecification","valueRequired":true,"valueName":"search_term_string"}}],"inLanguage":"pl-PL"}]}},"_links":{"self":[{"href":"https:\/\/stiftadmont.at\/pl\/wp-json\/wp\/v2\/pages\/33377","targetHints":{"allow":["GET"]}}],"collection":[{"href":"https:\/\/stiftadmont.at\/pl\/wp-json\/wp\/v2\/pages"}],"about":[{"href":"https:\/\/stiftadmont.at\/pl\/wp-json\/wp\/v2\/types\/page"}],"author":[{"embeddable":true,"href":"https:\/\/stiftadmont.at\/pl\/wp-json\/wp\/v2\/users\/7"}],"replies":[{"embeddable":true,"href":"https:\/\/stiftadmont.at\/pl\/wp-json\/wp\/v2\/comments?post=33377"}],"version-history":[{"count":6,"href":"https:\/\/stiftadmont.at\/pl\/wp-json\/wp\/v2\/pages\/33377\/revisions"}],"predecessor-version":[{"id":33385,"href":"https:\/\/stiftadmont.at\/pl\/wp-json\/wp\/v2\/pages\/33377\/revisions\/33385"}],"wp:attachment":[{"href":"https:\/\/stiftadmont.at\/pl\/wp-json\/wp\/v2\/media?parent=33377"}],"wp:term":[{"taxonomy":"category","embeddable":true,"href":"https:\/\/stiftadmont.at\/pl\/wp-json\/wp\/v2\/categories?post=33377"}],"curies":[{"name":"wp","href":"https:\/\/api.w.org\/{rel}","templated":true}]}}