{"id":33822,"date":"2025-03-25T09:14:31","date_gmt":"2025-03-25T07:14:31","guid":{"rendered":"https:\/\/stiftadmont.at\/?page_id=33822"},"modified":"2025-03-25T09:47:52","modified_gmt":"2025-03-25T07:47:52","slug":"kosciol-parafialny-kosciol-filialny","status":"publish","type":"page","link":"https:\/\/stiftadmont.at\/pl\/pfarren\/pfarre-st-lorenzen\/pfarrkirche-filialkirche\/","title":{"rendered":"Ko\u015bci\u00f3\u0142 parafialny i ko\u015bci\u00f3\u0142 filialny"},"content":{"rendered":"<section id='lightpress__section--block_b832c6c6d9d26bf986c493f24bf58c1b' class='align-center lightpress__section--default-section-space lightpress__section lightpress__section--headline'><div class=\"headline__container\">\n            <p class=\"headline text--40 text-medium line line--gold line-above line-middle\">Die Pfarrkirche St. Lorenzen im Paltentale und die Filialkirche Dietmannsdorf<\/p>\n        <p class=\"text-center text-gold text--20 text-medium text--uppercase\">Hier finden Sie alle Informationen zu unseren Kirchen<\/p>\n        <div class=\"spacer--40\"><\/div>\n<\/div>\n\n<\/section>\n\n<section id='lightpress__section--block_cf33420b8a8fa0e57fa1e08ab3f0a7ca' class='lightpress__section--default-section-space lightpress__section lightpress__section--content'><div class=\"content__inner\"\n         x-init=\"initContentBlockAnim($el)\">\n        \n    <div class=\"content__grid content__grid--fifty-fifty\">\n                                            <div class=\"content__box content__box\"\n                 style=\"\">\n                                \n                \n                                        <div class=\"content__media stickyTo\" x-init=\"imageSticky($el)\">\n\n                                                                                                <picture\n                                class=\"content__image sticky\">\n                            <source srcset=\"https:\/\/stiftadmont.at\/wp-content\/uploads\/Pfarre-St.-Lorenzen_c-Thomas-Sattler_Stift-Admont_1.jpg\"\n                                    type=\"image\/webp\">\n                            <source srcset=\"https:\/\/stiftadmont.at\/wp-content\/uploads\/Pfarre-St.-Lorenzen_c-Thomas-Sattler_Stift-Admont_1.jpg\"\n                                    type=\"image\/jpeg\">\n                            <img decoding=\"async\" loading=\"lazy\" src=\"https:\/\/stiftadmont.at\/wp-content\/uploads\/Pfarre-St.-Lorenzen_c-Thomas-Sattler_Stift-Admont_1.jpg\" alt=\"Pfarre St. Lorenzen c Thomas Sattler Stift Admont\" width=\"600\" height=\"450\" \/>\n                                                                                                            <\/picture>\n\n                    <\/div>\n\n                            <\/div>\n        \n                                                    <div class=\"content__box content__box--2\"\n                     >\n                                        \n                    \n                                                    <div class=\"prose\"><h5 class=\"heading-m line line-above line--gold\"><strong>Geschichte der Pfarrkirche zum Hl. Laurentius<\/strong><\/h5>\n<p>\u00a0<\/p>\n<p>Die Kirche in St. Lorenzen im Paltentale wurde 1125 erstmals urkundlich erw\u00e4hnt. Seit dem Jahr 1168 ist die Pfarre dem Benediktinerstift Admont inkorporiert. 1480 wurde die Kirche von den T\u00fcrken niedergebrannt und in den Folgejahren wieder aufgebaut.\u00a0<\/p>\n<p>\u00a0<\/p>\n<p><strong>Patrozinium:<\/strong> Hl. Laurentius, 10. August<\/p>\n<p><strong>Kirchweihtag:<\/strong> Sonntag vor oder nach dem 10. August<\/p>\n<p><strong>Kirche: <\/strong>Hl. Johannes in Dietmanssdorf, gen. 1171<\/p>\n<p><strong>Pfarre gen.: <\/strong>1159<\/p>\n<p><strong>Matriken:<\/strong> 1724<\/p>\n<p><strong>Messkapelle:<\/strong> Schwarzenbach<\/p>\n<p><strong>Messkapelle: <\/strong>Singsdorf<\/p>\n<p><strong>Messkapelle:<\/strong> B\u00e4rndorf<\/p>\n<p>\u00a0<\/p>\n<p>Das Gotteshaus erhielt die heutige barocke Gestalt in den Jahren 1677 &#8211; 1678.\u00a0<\/p>\n<p>\u00a0<\/p>\n<p><a class=\"admont-button admont-button--secondary\" href=\"https:\/\/my.matterport.com\/show\/?m=jGuStAdpY8T&amp;brand=0\" target=\"_blank\" rel=\"noopener\">VIRTUELLE TOUR DURCH DIE PFARRKIRCHE<\/a><\/p>\n<p>\u00a0<\/p>\n<p>\u00a0<\/p>\n<p><span data-mce-type=\"bookmark\" style=\"display: inline-block; width: 0px; overflow: hidden; line-height: 0;\" class=\"mce_SELRES_start\">\ufeff<\/span><\/p>\n<\/div>\n                        \n                                    <\/div>\n            \n            <\/div>\n<\/div>\n\n<\/section>\n\n<section id='lightpress__section--block_10801dfb266544ed729b0bbdc7730bee' class='bg--beige lightpress__section--colored-bg lightpress__section--default-section-space lightpress__section lightpress__section--content'><div class=\"content__inner\"\n         x-init=\"initContentBlockAnim($el)\">\n        \n    <div class=\"content__grid content__grid\">\n                                            <div class=\"content__box content__box--one-hundred\"\n                 style=\"\">\n                                \n                \n                                            <div class=\"prose\"><p>Die Kirche in St. Lorenzen im Paltentale wurde 1125 erstmals urkundlich erw\u00e4hnt und ist somit als \u00e4lteste Pfarre die Ur- und Mutterpfarre aller anderen Kirchen des Paltentales. Die j\u00fcngste von St. Lorenzen abgetrennte Pfarre ist die Stadtpfarre Trieben, die im Jahr 1955 als Di\u00f6zesanpfarre errichtet wurde.<\/p>\n<p>St. Lorenzen wurde 1159 zur Pfarre erhoben und ist seit dem Jahr 1168 dem Benediktinerstift Admont inkorporiert. 1480 wurde die Kirche von den T\u00fcrken niedergebrannt und in den Folgejahren wiederaufgebaut.\u00a0<\/p>\n<p>Das Gotteshaus erhielt die heutige barocke Gestalt in den Jahren 1677-1678; nach einem Brand 1833 wurden die D\u00e4cher erneuert.<\/p>\n<p>Ver\u00e4nderungen an der Kirche wurden au\u00dfen 1974 und innen 1963-1964 bzw. 1982 (ausmalen des r\u00fcckw\u00e4rtigen Teiles der Kirche) und 1985 (Erneuerung des Bodens im Kirchenschiff) durchgef\u00fchrt.<\/p>\n<p>Im Jahr 2006 erfolgte eine umfassende Innenrenovierung der Pfarrkirche, bei der auch eine Kirchenbankheizung eingebaut wurde; 2016 wurde die Fassade erneuert.<\/p>\n<p>Das Fest des Kirchen- und Pfarrpatrons \u2013 des hl. Laurentius \u2013 wird am Sonntag vor oder nach dem Fest des Heiligen, dem 10. August, gefeiert.\u00a0<\/p>\n<p>Zur Pfarre geh\u00f6rt die Filialkirche St. Johannes in Dietmannsdorf (err. 1171, Hl. Johannes der T\u00e4ufer 24. Juni) und die Kapellen in Schwarzenbach, Singsdorf und B\u00e4rndorf.\u00a0<\/p>\n<p>\u00a0<\/p>\n<p>Politisch ist die Pfarre St. Lorenzen auf die Stadtgemeinden Trieben (St. Lorenzen, Dietmannsdorf, Schwarzenbach) und Rottenmann (Edlach, Singsdorf, B\u00e4rndorf) aufgeteilt.\u00a0<\/p>\n<p>\u00a0<\/p>\n<\/div>\n                    \n                            <\/div>\n        \n            <\/div>\n<\/div>\n\n    <div class=\"background__container background__container--beige\">\n    <\/div>\n\n<\/section>\n\n<section id='lightpress__section--block_66871a7ee5093ed867db9d0bf9b8ff45' class='lightpress__section--default-section-space lightpress__section lightpress__section--content'><div class=\"content__inner\"\n         x-init=\"initContentBlockAnim($el)\">\n        \n    <div class=\"content__grid content__grid--fifty-fifty\">\n                                            <div class=\"content__box content__box\"\n                 style=\"\">\n                                \n                \n                                            <div class=\"prose\"><h5 class=\"heading-m line line-above line--gold\">Filialkirche Dietmannsdorf<\/h5>\n<p>\u00a0<\/p>\n<p>Das Kirchlein, dem Hl. Johannes dem T\u00e4ufer geweiht, ist unter der Salzburger Herrschaft errichtet worden. Am Ende des 12. Jahrhunderts gelangte Dietmannsdorf an das Stift Admont.\u00a0<\/p>\n<p>\u00a0<\/p>\n<p>Die urspr\u00fcngliche romanische Gestalt der Kirche ist besonders in der Gestalt des Innenraumes mit Grundriss, Holzbalkendecke und fragmentarisch erhaltenen Fresken erhalten geblieben und \u00e4hnelt in einigen Bereichen der Johanneskirche in P\u00fcrgg. Erg\u00e4nzungen in der Gotik und im Barock haben den Raum teilweise ver\u00e4ndert. Das romanische Portal und die eisenbeschlagene Hauptt\u00fcre, sowie die Fresken der Gottesmutter Maria und des Hl. Christophorus an der S\u00fcdwand sind beachtenswert. Zwei sp\u00e4tgotische Fl\u00fcgelalt\u00e4re aus der Zeit um 1520 wurden im Jahre 1904 an das Landesmuseum Johanneum verkauft; warum die Alt\u00e4re verkauft wurden, konnte nicht gekl\u00e4rt werden.<\/p>\n<p>\u00a0<\/p>\n<p>Heute steht die Kirche im Eigentum der Stadtgemeinde Trieben, wird aber als Sakralbau durch die Pfarre verwaltet.\u00a0<\/p>\n<p>\u00a0<\/p>\n<p><a class=\"admont-button admont-button--secondary\" href=\"https:\/\/my.matterport.com\/show\/?m=sgz3L9D42do\" target=\"_blank\" rel=\"noopener\">VIRTUELLE TOUR DURCH DIE FILIALKIRCHE<\/a><\/p>\n<p><span data-mce-type=\"bookmark\" style=\"display: inline-block; width: 0px; overflow: hidden; line-height: 0;\" class=\"mce_SELRES_start\">\ufeff<\/span><\/p>\n<\/div>\n                    \n                            <\/div>\n        \n                                                    <div class=\"content__box content__box--2\"\n                     >\n                                        \n                    \n                                                <div class=\"content__media stickyTo\" x-init=\"imageSticky($el)\">\n\n                                                                                    <picture\n                                    class=\"content__image sticky\">\n                                <source srcset=\"https:\/\/stiftadmont.at\/wp-content\/uploads\/Filialkirche-Dietmannsdort_c-Thomas-Sattler_Stift-Admont.webp\" type=\"image\/webp\">\n                                <source srcset=\"https:\/\/stiftadmont.at\/wp-content\/uploads\/Filialkirche-Dietmannsdort_c-Thomas-Sattler_Stift-Admont.jpg\" type=\"image\/jpeg\">\n                                <img decoding=\"async\" class=\"sticky\" loading=\"lazy\" src=\"https:\/\/stiftadmont.at\/wp-content\/uploads\/Filialkirche-Dietmannsdort_c-Thomas-Sattler_Stift-Admont.jpg\" alt=\"Filialkirche Dietmannsdort c Thomas Sattler Stift Admont\" \/>\n\n                                                                                                                            <\/picture>\n\n                        <\/div>\n\n                                    <\/div>\n            \n            <\/div>\n<\/div>\n\n<\/section>\n\n<section id='lightpress__section--block_d2ecdd772de783d2733874f81d499bed' class='lightpress__section--default-section-space lightpress__section lightpress__section--image-slider'>\n<div class=\"image-slider\"\n     x-data=\"{ gallery: null, shown: false }\"\n     x-init=\"gallery = initSliderGallery([{&quot;href&quot;:&quot;https:\\\/\\\/stiftadmont.at\\\/wp-content\\\/uploads\\\/Pfarre-St.-Lorenzen_c-Thomas-Sattler_Stift-Admont.jpg&quot;,&quot;type&quot;:&quot;image&quot;},{&quot;href&quot;:&quot;https:\\\/\\\/stiftadmont.at\\\/wp-content\\\/uploads\\\/Pfarre-St.-Lorenzen_c-Thomas-Sattler_Stift-Admont_4.jpg&quot;,&quot;type&quot;:&quot;image&quot;},{&quot;href&quot;:&quot;https:\\\/\\\/stiftadmont.at\\\/wp-content\\\/uploads\\\/Pfarre-St.-Lorenzen_c-Thomas-Sattler_Stift-Admont_2_2.jpg&quot;,&quot;type&quot;:&quot;image&quot;},{&quot;href&quot;:&quot;https:\\\/\\\/stiftadmont.at\\\/wp-content\\\/uploads\\\/Pfarre-St.-Lorenzen_c-Thomas-Sattler_Stift-Admont_1.jpg&quot;,&quot;type&quot;:&quot;image&quot;},{&quot;href&quot;:&quot;https:\\\/\\\/stiftadmont.at\\\/wp-content\\\/uploads\\\/Pfarre-St.-Lorenzen_c-Thomas-Sattler_Stift-Admont_1_1.jpg&quot;,&quot;type&quot;:&quot;image&quot;},{&quot;href&quot;:&quot;https:\\\/\\\/stiftadmont.at\\\/wp-content\\\/uploads\\\/Pfarre-St.-Lorenzen_c-Thomas-Sattler_Stift-Admont_1_2.jpg&quot;,&quot;type&quot;:&quot;image&quot;},{&quot;href&quot;:&quot;https:\\\/\\\/stiftadmont.at\\\/wp-content\\\/uploads\\\/Pfarre-St.-Lorenzen_c-Thomas-Sattler_Stift-Admont_2.jpg&quot;,&quot;type&quot;:&quot;image&quot;},{&quot;href&quot;:&quot;https:\\\/\\\/stiftadmont.at\\\/wp-content\\\/uploads\\\/Pfarre-St.-Lorenzen_c-Thomas-Sattler_Stift-Admont_2_1.jpg&quot;,&quot;type&quot;:&quot;image&quot;}]); initImageSliderBlockAnim($el);\">\n    <div class=\"image-slider__inner\">\n\n        <div class=\"swiper-container\" x-init=\"initImageSliderBlock($el, $refs.btnPrev, $refs.btnNext)\">\n            <div class=\"swiper-wrapper\">\n                                    <div class=\"swiper-slide\">\n                        <div class=\"image-slider__media\">\n                            <img decoding=\"async\" class=\"image-slider__image\"\n                                 src=\"https:\/\/stiftadmont.at\/wp-content\/uploads\/Pfarre-St.-Lorenzen_c-Thomas-Sattler_Stift-Admont-768x512.jpg\"\n                                 alt=\"Pfarre St. Lorenzen c Thomas Sattler Stift Admont\">\n                        <\/div>\n                    <\/div>\n                                    <div class=\"swiper-slide\">\n                        <div class=\"image-slider__media\">\n                            <img decoding=\"async\" class=\"image-slider__image\"\n                                 src=\"https:\/\/stiftadmont.at\/wp-content\/uploads\/Pfarre-St.-Lorenzen_c-Thomas-Sattler_Stift-Admont_4-768x512.jpg\"\n                                 alt=\"Pfarre St. Lorenzen c Thomas Sattler Stift Admont 4\">\n                        <\/div>\n                    <\/div>\n                                    <div class=\"swiper-slide\">\n                        <div class=\"image-slider__media\">\n                            <img decoding=\"async\" class=\"image-slider__image\"\n                                 src=\"https:\/\/stiftadmont.at\/wp-content\/uploads\/Pfarre-St.-Lorenzen_c-Thomas-Sattler_Stift-Admont_2_2-768x512.jpg\"\n                                 alt=\"Pfarre St. Lorenzen c Thomas Sattler Stift Admont 2\">\n                        <\/div>\n                    <\/div>\n                                    <div class=\"swiper-slide\">\n                        <div class=\"image-slider__media\">\n                            <img decoding=\"async\" class=\"image-slider__image\"\n                                 src=\"https:\/\/stiftadmont.at\/wp-content\/uploads\/Pfarre-St.-Lorenzen_c-Thomas-Sattler_Stift-Admont_1-768x512.jpg\"\n                                 alt=\"Pfarre St. Lorenzen c Thomas Sattler Stift Admont\">\n                        <\/div>\n                    <\/div>\n                                    <div class=\"swiper-slide\">\n                        <div class=\"image-slider__media\">\n                            <img decoding=\"async\" class=\"image-slider__image\"\n                                 src=\"https:\/\/stiftadmont.at\/wp-content\/uploads\/Pfarre-St.-Lorenzen_c-Thomas-Sattler_Stift-Admont_1_1-768x512.jpg\"\n                                 alt=\"Pfarre St. Lorenzen c Thomas Sattler Stift Admont 1\">\n                        <\/div>\n                    <\/div>\n                                    <div class=\"swiper-slide\">\n                        <div class=\"image-slider__media\">\n                            <img decoding=\"async\" class=\"image-slider__image\"\n                                 src=\"https:\/\/stiftadmont.at\/wp-content\/uploads\/Pfarre-St.-Lorenzen_c-Thomas-Sattler_Stift-Admont_1_2-768x512.jpg\"\n                                 alt=\"Pfarre St. Lorenzen c Thomas Sattler Stift Admont 1\">\n                        <\/div>\n                    <\/div>\n                                    <div class=\"swiper-slide\">\n                        <div class=\"image-slider__media\">\n                            <img decoding=\"async\" class=\"image-slider__image\"\n                                 src=\"https:\/\/stiftadmont.at\/wp-content\/uploads\/Pfarre-St.-Lorenzen_c-Thomas-Sattler_Stift-Admont_2-768x512.jpg\"\n                                 alt=\"Pfarre St. Lorenzen c Thomas Sattler Stift Admont\">\n                        <\/div>\n                    <\/div>\n                                    <div class=\"swiper-slide\">\n                        <div class=\"image-slider__media\">\n                            <img decoding=\"async\" class=\"image-slider__image\"\n                                 src=\"https:\/\/stiftadmont.at\/wp-content\/uploads\/Pfarre-St.-Lorenzen_c-Thomas-Sattler_Stift-Admont_2_1-768x512.jpg\"\n                                 alt=\"Pfarre St. Lorenzen c Thomas Sattler Stift Admont 2\">\n                        <\/div>\n                    <\/div>\n                            <\/div>\n\n            <div class=\"swiper-nav-wrapper\">\n                <button class=\"swiper-button-prev slider-button--prev\" x-ref=\"btnPrev\"\n                        aria-label=\"Vorige Bilder anzeigen\">\n                    <img decoding=\"async\" src=\"\/wp-content\/themes\/stift-admont\/src\/assets\/img\/arrow-left-big-new.svg\" alt=\"Pfeil nach Links\">\n                <\/button>\n\n\n                <a class=\"image-slider__gallery\" @click=\"openGallery(gallery)\"><i class=\"fa-thin fa-plus\"><\/i><\/a>\n                <button class=\"swiper-button-next slider-button--next\"\n                        x-ref=\"btnNext\"\n                        aria-label=\"N\u00e4chste Bilder anzeigen\">\n                    <img decoding=\"async\" src=\"\/wp-content\/themes\/stift-admont\/src\/assets\/img\/arrow-right-big-new.svg\" alt=\"Pfeil nach Rechts\">\n                <\/button>\n            <\/div>\n        <\/div>\n    <\/div>\n\n\n<\/div><\/section>","protected":false},"excerpt":{"rendered":"","protected":false},"author":7,"featured_media":0,"parent":33791,"menu_order":0,"comment_status":"closed","ping_status":"closed","template":"","meta":{"_acf_changed":false,"footnotes":""},"categories":[],"class_list":["post-33822","page","type-page","status-publish","hentry"],"acf":[],"yoast_head":"<!-- This site is optimized with the Yoast SEO Premium plugin v26.0 (Yoast SEO v26.8) - https:\/\/yoast.com\/product\/yoast-seo-premium-wordpress\/ -->\n<title>Die Pfarrkirche und Filialkirche - Stift Admont<\/title>\n<meta name=\"robots\" content=\"index, follow, max-snippet:-1, max-image-preview:large, max-video-preview:-1\" \/>\n<link rel=\"canonical\" href=\"https:\/\/stiftadmont.at\/pl\/parafie\/parafia-sw\/kosciol-parafialny-kosciol-filialny\/\" \/>\n<meta property=\"og:locale\" content=\"pl_PL\" \/>\n<meta property=\"og:type\" content=\"article\" \/>\n<meta property=\"og:title\" content=\"Die Pfarrkirche und Filialkirche\" \/>\n<meta property=\"og:url\" content=\"https:\/\/stiftadmont.at\/pl\/parafie\/parafia-sw\/kosciol-parafialny-kosciol-filialny\/\" \/>\n<meta property=\"og:site_name\" content=\"Stift Admont\" \/>\n<meta property=\"article:modified_time\" content=\"2025-03-25T07:47:52+00:00\" \/>\n<meta property=\"og:image\" content=\"https:\/\/stiftadmont.at\/wp-content\/uploads\/Klosteranlage-innen.jpg\" \/>\n\t<meta property=\"og:image:width\" content=\"1912\" \/>\n\t<meta property=\"og:image:height\" content=\"1188\" \/>\n\t<meta property=\"og:image:type\" content=\"image\/jpeg\" \/>\n<meta name=\"twitter:card\" content=\"summary_large_image\" \/>\n<script type=\"application\/ld+json\" class=\"yoast-schema-graph\">{\"@context\":\"https:\/\/schema.org\",\"@graph\":[{\"@type\":\"WebPage\",\"@id\":\"https:\/\/stiftadmont.at\/pfarren\/pfarre-st-lorenzen\/pfarrkirche-filialkirche\/\",\"url\":\"https:\/\/stiftadmont.at\/pfarren\/pfarre-st-lorenzen\/pfarrkirche-filialkirche\/\",\"name\":\"Die Pfarrkirche und Filialkirche - Stift Admont\",\"isPartOf\":{\"@id\":\"https:\/\/stiftadmont.at\/#website\"},\"datePublished\":\"2025-03-25T07:14:31+00:00\",\"dateModified\":\"2025-03-25T07:47:52+00:00\",\"breadcrumb\":{\"@id\":\"https:\/\/stiftadmont.at\/pfarren\/pfarre-st-lorenzen\/pfarrkirche-filialkirche\/#breadcrumb\"},\"inLanguage\":\"pl-PL\",\"potentialAction\":[{\"@type\":\"ReadAction\",\"target\":[\"https:\/\/stiftadmont.at\/pfarren\/pfarre-st-lorenzen\/pfarrkirche-filialkirche\/\"]}]},{\"@type\":\"BreadcrumbList\",\"@id\":\"https:\/\/stiftadmont.at\/pfarren\/pfarre-st-lorenzen\/pfarrkirche-filialkirche\/#breadcrumb\",\"itemListElement\":[{\"@type\":\"ListItem\",\"position\":1,\"name\":\"Start\",\"item\":\"https:\/\/stiftadmont.at\/\"},{\"@type\":\"ListItem\",\"position\":2,\"name\":\"Pfarren\",\"item\":\"https:\/\/stiftadmont.at\/pfarren\/\"},{\"@type\":\"ListItem\",\"position\":3,\"name\":\"Pfarre St. Lorenzen im Paltentale\",\"item\":\"https:\/\/stiftadmont.at\/pfarren\/pfarre-st-lorenzen\/\"},{\"@type\":\"ListItem\",\"position\":4,\"name\":\"Die Pfarrkirche und Filialkirche\"}]},{\"@type\":\"WebSite\",\"@id\":\"https:\/\/stiftadmont.at\/#website\",\"url\":\"https:\/\/stiftadmont.at\/\",\"name\":\"Stift Admont\",\"description\":\"Benediktinerkloster und Sehensw\u00fcrdigkeit im Ges\u00e4use\",\"potentialAction\":[{\"@type\":\"SearchAction\",\"target\":{\"@type\":\"EntryPoint\",\"urlTemplate\":\"https:\/\/stiftadmont.at\/?s={search_term_string}\"},\"query-input\":{\"@type\":\"PropertyValueSpecification\",\"valueRequired\":true,\"valueName\":\"search_term_string\"}}],\"inLanguage\":\"pl-PL\"}]}<\/script>\n<!-- \/ Yoast SEO Premium plugin. -->","yoast_head_json":{"title":"Ko\u015bci\u00f3\u0142 parafialny i ko\u015bci\u00f3\u0142 filialny - Opactwo Admont","robots":{"index":"index","follow":"follow","max-snippet":"max-snippet:-1","max-image-preview":"max-image-preview:large","max-video-preview":"max-video-preview:-1"},"canonical":"https:\/\/stiftadmont.at\/pl\/parafie\/parafia-sw\/kosciol-parafialny-kosciol-filialny\/","og_locale":"pl_PL","og_type":"article","og_title":"Die Pfarrkirche und Filialkirche","og_url":"https:\/\/stiftadmont.at\/pl\/parafie\/parafia-sw\/kosciol-parafialny-kosciol-filialny\/","og_site_name":"Stift Admont","article_modified_time":"2025-03-25T07:47:52+00:00","og_image":[{"width":1912,"height":1188,"url":"https:\/\/stiftadmont.at\/wp-content\/uploads\/Klosteranlage-innen.jpg","type":"image\/jpeg"}],"twitter_card":"summary_large_image","schema":{"@context":"https:\/\/schema.org","@graph":[{"@type":"WebPage","@id":"https:\/\/stiftadmont.at\/pfarren\/pfarre-st-lorenzen\/pfarrkirche-filialkirche\/","url":"https:\/\/stiftadmont.at\/pfarren\/pfarre-st-lorenzen\/pfarrkirche-filialkirche\/","name":"Ko\u015bci\u00f3\u0142 parafialny i ko\u015bci\u00f3\u0142 filialny - Opactwo Admont","isPartOf":{"@id":"https:\/\/stiftadmont.at\/#website"},"datePublished":"2025-03-25T07:14:31+00:00","dateModified":"2025-03-25T07:47:52+00:00","breadcrumb":{"@id":"https:\/\/stiftadmont.at\/pfarren\/pfarre-st-lorenzen\/pfarrkirche-filialkirche\/#breadcrumb"},"inLanguage":"pl-PL","potentialAction":[{"@type":"ReadAction","target":["https:\/\/stiftadmont.at\/pfarren\/pfarre-st-lorenzen\/pfarrkirche-filialkirche\/"]}]},{"@type":"BreadcrumbList","@id":"https:\/\/stiftadmont.at\/pfarren\/pfarre-st-lorenzen\/pfarrkirche-filialkirche\/#breadcrumb","itemListElement":[{"@type":"ListItem","position":1,"name":"Start","item":"https:\/\/stiftadmont.at\/"},{"@type":"ListItem","position":2,"name":"Pfarren","item":"https:\/\/stiftadmont.at\/pfarren\/"},{"@type":"ListItem","position":3,"name":"Pfarre St. Lorenzen im Paltentale","item":"https:\/\/stiftadmont.at\/pfarren\/pfarre-st-lorenzen\/"},{"@type":"ListItem","position":4,"name":"Die Pfarrkirche und Filialkirche"}]},{"@type":"WebSite","@id":"https:\/\/stiftadmont.at\/#website","url":"https:\/\/stiftadmont.at\/","name":"Opactwo Admont","description":"Benedykty\u0144ski klasztor i atrakcja turystyczna w Ges\u00e4use","potentialAction":[{"@type":"SearchAction","target":{"@type":"EntryPoint","urlTemplate":"https:\/\/stiftadmont.at\/?s={search_term_string}"},"query-input":{"@type":"PropertyValueSpecification","valueRequired":true,"valueName":"search_term_string"}}],"inLanguage":"pl-PL"}]}},"_links":{"self":[{"href":"https:\/\/stiftadmont.at\/pl\/wp-json\/wp\/v2\/pages\/33822","targetHints":{"allow":["GET"]}}],"collection":[{"href":"https:\/\/stiftadmont.at\/pl\/wp-json\/wp\/v2\/pages"}],"about":[{"href":"https:\/\/stiftadmont.at\/pl\/wp-json\/wp\/v2\/types\/page"}],"author":[{"embeddable":true,"href":"https:\/\/stiftadmont.at\/pl\/wp-json\/wp\/v2\/users\/7"}],"replies":[{"embeddable":true,"href":"https:\/\/stiftadmont.at\/pl\/wp-json\/wp\/v2\/comments?post=33822"}],"version-history":[{"count":3,"href":"https:\/\/stiftadmont.at\/pl\/wp-json\/wp\/v2\/pages\/33822\/revisions"}],"predecessor-version":[{"id":33842,"href":"https:\/\/stiftadmont.at\/pl\/wp-json\/wp\/v2\/pages\/33822\/revisions\/33842"}],"up":[{"embeddable":true,"href":"https:\/\/stiftadmont.at\/pl\/wp-json\/wp\/v2\/pages\/33791"}],"wp:attachment":[{"href":"https:\/\/stiftadmont.at\/pl\/wp-json\/wp\/v2\/media?parent=33822"}],"wp:term":[{"taxonomy":"category","embeddable":true,"href":"https:\/\/stiftadmont.at\/pl\/wp-json\/wp\/v2\/categories?post=33822"}],"curies":[{"name":"wp","href":"https:\/\/api.w.org\/{rel}","templated":true}]}}