{"id":33971,"date":"2025-03-25T13:52:06","date_gmt":"2025-03-25T11:52:06","guid":{"rendered":"https:\/\/stiftadmont.at\/?page_id=33971"},"modified":"2025-03-25T13:52:10","modified_gmt":"2025-03-25T11:52:10","slug":"parafia-wildalpen","status":"publish","type":"page","link":"https:\/\/stiftadmont.at\/pl\/pfarren\/pfarre-wildalpen\/","title":{"rendered":"Parafia Wildalpen"},"content":{"rendered":"<section id='lightpress__section--block_027e281ca49d592b52128f8b07d70df8' class='align-center lightpress__section--default-section-space lightpress__section lightpress__section--headline'><div class=\"headline__container\">\n            <p class=\"headline text--40 text-medium line line--gold line-above line-middle\">Die Pfarre Wildalpen<\/p>\n        <p class=\"text-center text-gold text--20 text-medium text--uppercase\">Hier finden Sie alle Informationen zu unserer Pfarre <\/p>\n        <div class=\"spacer--40\"><\/div>\n<\/div>\n\n<\/section>\n\n<section id='lightpress__section--block_c07586871bb248bba46ac7d54aa93f6e' class='lightpress__section--default-section-space lightpress__section lightpress__section--content'><div class=\"content__inner\"\n         x-init=\"initContentBlockAnim($el)\">\n        \n    <div class=\"content__grid content__grid--fifty-fifty\">\n                                            <div class=\"content__box content__box\"\n                 style=\"\">\n                                \n                \n                                        <div class=\"content__media stickyTo\" x-init=\"imageSticky($el)\">\n\n                                                                                                <picture\n                                class=\"content__image sticky\">\n                            <source srcset=\"https:\/\/stiftadmont.at\/wp-content\/uploads\/Pfarre-Wildalpen_c-Thomas-Sattler_Stift-Admont_2.jpg\"\n                                    type=\"image\/webp\">\n                            <source srcset=\"https:\/\/stiftadmont.at\/wp-content\/uploads\/Pfarre-Wildalpen_c-Thomas-Sattler_Stift-Admont_2.jpg\"\n                                    type=\"image\/jpeg\">\n                            <img decoding=\"async\" loading=\"lazy\" src=\"https:\/\/stiftadmont.at\/wp-content\/uploads\/Pfarre-Wildalpen_c-Thomas-Sattler_Stift-Admont_2.jpg\" alt=\"Pfarre Wildalpen c Thomas Sattler Stift Admont 2\" width=\"600\" height=\"450\" \/>\n                                                                                                            <\/picture>\n\n                    <\/div>\n\n                            <\/div>\n        \n                                                    <div class=\"content__box content__box--2\"\n                     >\n                                        \n                    \n                                                    <div class=\"prose\"><h5 class=\"heading-m line line-above line--gold\"><strong>\u00dcber die Pfarre Wildalpen<\/strong><\/h5>\n<p>\u00a0<\/p>\n<p>Besondere Feste in der Pfarre sind die Eustachiusfeier am 3. oder 4. Sonntag im September, das Barbarafest am 1. Sonntag im Dezember und das Pfarrfest. Zur Pfarre Wildalpen geh\u00f6ren auch die Kapelle zum Hl. Johannes Nepomuk in Thal sowie die Allerheiligen-Kapelle in Hinterwildalpen.<\/p>\n<p>\u00a0<\/p>\n<p>Die Pfarre Wildalpen geh\u00f6rt zum Pfarrverband Landl, Gams bei Hieflau, Palfau und Wildalpen, sowie zum Seelsorgeraum Stiftische Pfarren Eisenwurzen<\/p>\n<p>\u00a0<\/p>\n<p><strong>Patrozinium:<\/strong> Hl. Barbara, 4. Dezember<\/p>\n<p><strong>Anbetungstag:<\/strong> 4. M\u00e4rz<\/p>\n<p><strong>Kirchweihtag:<\/strong> 7. Oktober<\/p>\n<p>\u00a0<\/p>\n<p>\u00a0<\/p>\n<p><a class=\"admont-button admont-button--secondary\" href=\"https:\/\/discover.matterport.com\/space\/jerj2pfT5k1\" target=\"_blank\" rel=\"noopener\">VIRTUELLE TOUR DURCH DIE PFARRKIRCHE<\/a><\/p>\n<p>\u00a0<\/p>\n<p>\u00a0<\/p>\n<\/div>\n                        \n                                    <\/div>\n            \n            <\/div>\n<\/div>\n\n<\/section>\n\n<section id='lightpress__section--block_69eb1552821ac3145aea8edcf916e99a' class='bg--beige lightpress__section--colored-bg lightpress__section--default-section-space lightpress__section lightpress__section--content'><div class=\"content__inner\"\n         x-init=\"initContentBlockAnim($el)\">\n        \n    <div class=\"content__grid content__grid--fifty-fifty\">\n                                            <div class=\"content__box content__box\"\n                 style=\"\">\n                                \n                \n                                            <div class=\"prose\"><h5 class=\"heading-m line line-above line--gold\">Geschichte und Kunst<\/h5>\n<p>\u00a0<\/p>\n<p>Ab 1676 gab es in Wildalpen eine Kapelle die der hl. Barbara geweiht war. Mit dem Kirchenbau, dessen Baumeister unbekannt ist, wurde 1728 begonnen. In der Benediktkapelle befindet sich eine Piet\u00e1 von Josef Stammel. Der Freskenschmuck ist der Passion Christi gewidmet und stammt von Johann, Franz und Alois Lederwasch. Kirchweihtag der Pfarre Wildalpen ist der 7. Oktober.<\/p>\n<p>\u00a0<\/p>\n<p>Die Pfarre besitzt eine Piet\u00e0 des ber\u00fchmten Bildhauers Stammel, eine Portraitweihnachtskrippe (1972-1976 gefertigt) und ein Kirchengem\u00e4lde von Johann Lederwasch (1784-86).<\/p>\n<p><span data-mce-type=\"bookmark\" style=\"display: inline-block; width: 0px; overflow: hidden; line-height: 0;\" class=\"mce_SELRES_start\">\ufeff<\/span><\/p>\n<\/div>\n                    \n                            <\/div>\n        \n                                                    <div class=\"content__box content__box--2\"\n                     >\n                                        \n                    \n                                                <div class=\"content__media stickyTo\" x-init=\"imageSticky($el)\">\n\n                                                                                    <picture\n                                    class=\"content__image sticky\">\n                                <source srcset=\"https:\/\/stiftadmont.at\/wp-content\/uploads\/Pfarre-Wildalpen_c-Thomas-Sattler_Stift-Admont_7.webp\" type=\"image\/webp\">\n                                <source srcset=\"https:\/\/stiftadmont.at\/wp-content\/uploads\/Pfarre-Wildalpen_c-Thomas-Sattler_Stift-Admont_7.jpg\" type=\"image\/jpeg\">\n                                <img decoding=\"async\" class=\"sticky\" loading=\"lazy\" src=\"https:\/\/stiftadmont.at\/wp-content\/uploads\/Pfarre-Wildalpen_c-Thomas-Sattler_Stift-Admont_7.jpg\" alt=\"Pfarre Wildalpen c Thomas Sattler Stift Admont 7\" \/>\n\n                                                                                                                            <\/picture>\n\n                        <\/div>\n\n                                    <\/div>\n            \n            <\/div>\n<\/div>\n\n    <div class=\"background__container background__container--beige\">\n    <\/div>\n\n<\/section>\n\n<section id='lightpress__section--block_871ed2febb96b3683e837558061b43e1' class='align-center lightpress__section--default-section-space lightpress__section lightpress__section--headline'><div class=\"headline__container\">\n            <p class=\"headline text--40 text-medium line line--gold line-above line-middle\">Gottesdienste in unserer Pfarre<\/p>\n        <p class=\"text-center text-gold text--20 text-medium text--uppercase\">Feiern Sie mit uns die Gottesdienste&#8230;<\/p>\n        <div class=\"spacer--40\"><\/div>\n<\/div>\n\n<\/section>\n\n<section id='lightpress__section--block_a606b4dbb38dfe1e5b0eff64b742557c' class='bg--black lightpress__section--colored-bg lightpress__section--default-section-space lightpress__section lightpress__section--additional-content'><div class=\"additional-content__container additional-content__container--horizontal\">\n\n    \n    <div class=\"additional-content__entries\">\n                    <div class=\"additional-content__item text-gold\">\n\n                                    <h2 class=\"additional-content__title text--26 auto-hyphen\">FREITAG<\/h2>\n                \n                                                            <div class=\"spacer--30\"><\/div>\n                                    \n                                    <h2 class=\"additional-content__subtitle text--uppercase text--26\">09:00 Uhr<\/h2>\n\n                                \n                    <p class=\"additional-content__text text--20\">Gottesdienst<\/p>\n\n                            <\/div>\n                    <div class=\"additional-content__item text-gold\">\n\n                                    <h2 class=\"additional-content__title text--26 auto-hyphen\">SONNTAG<\/h2>\n                \n                                                            <div class=\"spacer--30\"><\/div>\n                                    \n                                    <h2 class=\"additional-content__subtitle text--uppercase text--26\">09:45 Uhr<\/h2>\n\n                                \n                    <p class=\"additional-content__text text--20\">Gottesdienst<\/p>\n\n                            <\/div>\n            <\/div>\n<\/div>\n\n    <div class=\"background__container background__container--black\">\n    <\/div>\n\n<\/section>\n\n<section id='lightpress__section--block_91e134e94d77d36da90aa6460081985b' class='align-center lightpress__section--default-section-space lightpress__section lightpress__section--headline'><div class=\"headline__container\">\n            <p class=\"headline text--40 text-medium line line--gold line-above line-middle\">Kontakt und Kanzleizeiten<\/p>\n        <p class=\"text-center text-gold text--20 text-medium text--uppercase\">Hier finden Sie alle Informationen wann und wie Sie uns erreichen k\u00f6nnen<\/p>\n        <div class=\"spacer--40\"><\/div>\n<\/div>\n\n<\/section>\n\n<section id='lightpress__section--block_17165f896da0b0fc350af69e082716aa' class='lightpress__section--default-section-space lightpress__section lightpress__section--content'><div class=\"content__inner\"\n         x-init=\"initContentBlockAnim($el)\">\n        \n    <div class=\"content__grid content__grid--fifty-fifty\">\n                                            <div class=\"content__box content__box\"\n                 style=\"\">\n                                \n                \n                                        <div class=\"content__media stickyTo\" x-init=\"imageSticky($el)\">\n\n                                                                                                <picture\n                                class=\"content__image sticky\">\n                            <source srcset=\"https:\/\/stiftadmont.at\/wp-content\/uploads\/Pater-Engelbert-895x1024.png\"\n                                    type=\"image\/webp\">\n                            <source srcset=\"https:\/\/stiftadmont.at\/wp-content\/uploads\/Pater-Engelbert-895x1024.png\"\n                                    type=\"image\/jpeg\">\n                            <img decoding=\"async\" loading=\"lazy\" src=\"https:\/\/stiftadmont.at\/wp-content\/uploads\/Pater-Engelbert-895x1024.png\" alt=\"Pater Engelbert\" width=\"600\" height=\"450\" \/>\n                                                                                                            <\/picture>\n\n                    <\/div>\n\n                            <\/div>\n        \n                                                    <div class=\"content__box content__box--2\"\n                     >\n                                        \n                    \n                                                    <div class=\"prose\"><h5 class=\"heading-m line line-above line--gold\"><strong>R\u00f6m.-kath. Pfarramt Wildalpen<\/strong><\/h5>\n<p>Wildalpen 1<\/p>\n<p>8924 Wildalpen<\/p>\n<p>\u00a0<\/p>\n<p><strong>Kanzleizeit: <\/strong>Dienstag und Freitag von 09:30 &#8211; 10:30 Uhr und nach pers\u00f6nlicher Vereinbarung<\/p>\n<p>\u00a0<\/p>\n<p><a class=\"email\" href=\"mailto:pater.engelbert@kraftcom.at\"><span class=\"icon-outer\"><i class=\"fa-light fa-envelope\"><\/i><\/span>pater.engelbert@kraftcom.at<\/a><\/p>\n<p>\u00a0<\/p>\n<p>\u00a0<\/p>\n<p><strong>Pfarrer: <\/strong>Mag.<strong> <\/strong>Pater Engelbert Hofer OSB<\/p>\n<p>\u00a0<\/p>\n<p>Pfarrer von Landl, Gams, Palfau und Wildalpen; Seelsorgeraumleiter des Seelsorgeraumes Eisenwurzen<\/p>\n<\/div>\n                        \n                                    <\/div>\n            \n            <\/div>\n<\/div>\n\n<\/section>\n\n<section id='lightpress__section--block_4b8bd58b7d2c7d66d563b29133e5c1b1' class='lightpress__section--default-section-space lightpress__section lightpress__section--image-slider'>\n<div class=\"image-slider\"\n     x-data=\"{ gallery: null, shown: false }\"\n     x-init=\"gallery = initSliderGallery([{&quot;href&quot;:&quot;https:\\\/\\\/stiftadmont.at\\\/wp-content\\\/uploads\\\/Pfarre-Wildalpen_c-Thomas-Sattler_Stift-Admont_8.jpg&quot;,&quot;type&quot;:&quot;image&quot;},{&quot;href&quot;:&quot;https:\\\/\\\/stiftadmont.at\\\/wp-content\\\/uploads\\\/Pfarre-Wildalpen_c-Thomas-Sattler_Stift-Admont_9.jpg&quot;,&quot;type&quot;:&quot;image&quot;},{&quot;href&quot;:&quot;https:\\\/\\\/stiftadmont.at\\\/wp-content\\\/uploads\\\/Pfarre-Wildalpen_c-Thomas-Sattler_Stift-Admont_10.jpg&quot;,&quot;type&quot;:&quot;image&quot;},{&quot;href&quot;:&quot;https:\\\/\\\/stiftadmont.at\\\/wp-content\\\/uploads\\\/Pfarre-Wildalpen_c-Thomas-Sattler_Stift-Admont_1-1.jpg&quot;,&quot;type&quot;:&quot;image&quot;},{&quot;href&quot;:&quot;https:\\\/\\\/stiftadmont.at\\\/wp-content\\\/uploads\\\/Pfarre-Wildalpen_c-Thomas-Sattler_Stift-Admont_2.jpg&quot;,&quot;type&quot;:&quot;image&quot;},{&quot;href&quot;:&quot;https:\\\/\\\/stiftadmont.at\\\/wp-content\\\/uploads\\\/Pfarre-Wildalpen_c-Thomas-Sattler_Stift-Admont_3.jpg&quot;,&quot;type&quot;:&quot;image&quot;},{&quot;href&quot;:&quot;https:\\\/\\\/stiftadmont.at\\\/wp-content\\\/uploads\\\/Pfarre-Wildalpen_c-Thomas-Sattler_Stift-Admont_6.jpg&quot;,&quot;type&quot;:&quot;image&quot;},{&quot;href&quot;:&quot;https:\\\/\\\/stiftadmont.at\\\/wp-content\\\/uploads\\\/Pfarre-Wildalpen_c-Thomas-Sattler_Stift-Admont_7.jpg&quot;,&quot;type&quot;:&quot;image&quot;}]); initImageSliderBlockAnim($el);\">\n    <div class=\"image-slider__inner\">\n\n        <div class=\"swiper-container\" x-init=\"initImageSliderBlock($el, $refs.btnPrev, $refs.btnNext)\">\n            <div class=\"swiper-wrapper\">\n                                    <div class=\"swiper-slide\">\n                        <div class=\"image-slider__media\">\n                            <img decoding=\"async\" class=\"image-slider__image\"\n                                 src=\"https:\/\/stiftadmont.at\/wp-content\/uploads\/Pfarre-Wildalpen_c-Thomas-Sattler_Stift-Admont_8-768x512.jpg\"\n                                 alt=\"Pfarre Wildalpen c Thomas Sattler Stift Admont 8\">\n                        <\/div>\n                    <\/div>\n                                    <div class=\"swiper-slide\">\n                        <div class=\"image-slider__media\">\n                            <img decoding=\"async\" class=\"image-slider__image\"\n                                 src=\"https:\/\/stiftadmont.at\/wp-content\/uploads\/Pfarre-Wildalpen_c-Thomas-Sattler_Stift-Admont_9-768x512.jpg\"\n                                 alt=\"Pfarre Wildalpen c Thomas Sattler Stift Admont 9\">\n                        <\/div>\n                    <\/div>\n                                    <div class=\"swiper-slide\">\n                        <div class=\"image-slider__media\">\n                            <img decoding=\"async\" class=\"image-slider__image\"\n                                 src=\"https:\/\/stiftadmont.at\/wp-content\/uploads\/Pfarre-Wildalpen_c-Thomas-Sattler_Stift-Admont_10-768x512.jpg\"\n                                 alt=\"Pfarre Wildalpen c Thomas Sattler Stift Admont 10\">\n                        <\/div>\n                    <\/div>\n                                    <div class=\"swiper-slide\">\n                        <div class=\"image-slider__media\">\n                            <img decoding=\"async\" class=\"image-slider__image\"\n                                 src=\"https:\/\/stiftadmont.at\/wp-content\/uploads\/Pfarre-Wildalpen_c-Thomas-Sattler_Stift-Admont_1-1-768x512.jpg\"\n                                 alt=\"Pfarre Wildalpen c Thomas Sattler Stift Admont 1\">\n                        <\/div>\n                    <\/div>\n                                    <div class=\"swiper-slide\">\n                        <div class=\"image-slider__media\">\n                            <img decoding=\"async\" class=\"image-slider__image\"\n                                 src=\"https:\/\/stiftadmont.at\/wp-content\/uploads\/Pfarre-Wildalpen_c-Thomas-Sattler_Stift-Admont_2-768x512.jpg\"\n                                 alt=\"Pfarre Wildalpen c Thomas Sattler Stift Admont 2\">\n                        <\/div>\n                    <\/div>\n                                    <div class=\"swiper-slide\">\n                        <div class=\"image-slider__media\">\n                            <img decoding=\"async\" class=\"image-slider__image\"\n                                 src=\"https:\/\/stiftadmont.at\/wp-content\/uploads\/Pfarre-Wildalpen_c-Thomas-Sattler_Stift-Admont_3-768x512.jpg\"\n                                 alt=\"Pfarre Wildalpen c Thomas Sattler Stift Admont 3\">\n                        <\/div>\n                    <\/div>\n                                    <div class=\"swiper-slide\">\n                        <div class=\"image-slider__media\">\n                            <img decoding=\"async\" class=\"image-slider__image\" src=\"https:\/\/stiftadmont.at\/wp-content\/uploads\/Pfarre-Wildalpen_c-Thomas-Sattler_Stift-Admont_6.jpg\" alt=\"Pfarre Wildalpen c Thomas Sattler Stift Admont 6\" \/>\n                        <\/div>\n                    <\/div>\n                                    <div class=\"swiper-slide\">\n                        <div class=\"image-slider__media\">\n                            <img decoding=\"async\" class=\"image-slider__image\"\n                                 src=\"https:\/\/stiftadmont.at\/wp-content\/uploads\/Pfarre-Wildalpen_c-Thomas-Sattler_Stift-Admont_7-768x512.jpg\"\n                                 alt=\"Pfarre Wildalpen c Thomas Sattler Stift Admont 7\">\n                        <\/div>\n                    <\/div>\n                            <\/div>\n\n            <div class=\"swiper-nav-wrapper\">\n                <button class=\"swiper-button-prev slider-button--prev\" x-ref=\"btnPrev\"\n                        aria-label=\"Vorige Bilder anzeigen\">\n                    <img decoding=\"async\" src=\"\/wp-content\/themes\/stift-admont\/src\/assets\/img\/arrow-left-big-new.svg\" alt=\"Pfeil nach Links\">\n                <\/button>\n\n\n                <a class=\"image-slider__gallery\" @click=\"openGallery(gallery)\"><i class=\"fa-thin fa-plus\"><\/i><\/a>\n                <button class=\"swiper-button-next slider-button--next\"\n                        x-ref=\"btnNext\"\n                        aria-label=\"N\u00e4chste Bilder anzeigen\">\n                    <img decoding=\"async\" src=\"\/wp-content\/themes\/stift-admont\/src\/assets\/img\/arrow-right-big-new.svg\" alt=\"Pfeil nach Rechts\">\n                <\/button>\n            <\/div>\n        <\/div>\n    <\/div>\n\n\n<\/div><\/section>","protected":false},"excerpt":{"rendered":"","protected":false},"author":7,"featured_media":0,"parent":13905,"menu_order":0,"comment_status":"closed","ping_status":"closed","template":"","meta":{"_acf_changed":false,"footnotes":""},"categories":[],"class_list":["post-33971","page","type-page","status-publish","hentry"],"acf":[],"yoast_head":"<!-- This site is optimized with the Yoast SEO Premium plugin v26.0 (Yoast SEO v26.8) - https:\/\/yoast.com\/product\/yoast-seo-premium-wordpress\/ -->\n<title>Die Pfarre Wildalpen - Stift Admont<\/title>\n<meta name=\"robots\" content=\"index, follow, max-snippet:-1, max-image-preview:large, max-video-preview:-1\" \/>\n<link rel=\"canonical\" href=\"https:\/\/stiftadmont.at\/pl\/parafie\/parafia-wildalpen\/\" \/>\n<meta property=\"og:locale\" content=\"pl_PL\" \/>\n<meta property=\"og:type\" content=\"article\" \/>\n<meta property=\"og:title\" content=\"Die Pfarre Wildalpen\" \/>\n<meta property=\"og:url\" content=\"https:\/\/stiftadmont.at\/pl\/parafie\/parafia-wildalpen\/\" \/>\n<meta property=\"og:site_name\" content=\"Stift Admont\" \/>\n<meta property=\"article:modified_time\" content=\"2025-03-25T11:52:10+00:00\" \/>\n<meta property=\"og:image\" content=\"https:\/\/stiftadmont.at\/wp-content\/uploads\/Klosteranlage-innen.jpg\" \/>\n\t<meta property=\"og:image:width\" content=\"1912\" \/>\n\t<meta property=\"og:image:height\" content=\"1188\" \/>\n\t<meta property=\"og:image:type\" content=\"image\/jpeg\" \/>\n<meta name=\"twitter:card\" content=\"summary_large_image\" \/>\n<script type=\"application\/ld+json\" class=\"yoast-schema-graph\">{\"@context\":\"https:\/\/schema.org\",\"@graph\":[{\"@type\":\"WebPage\",\"@id\":\"https:\/\/stiftadmont.at\/pfarren\/pfarre-wildalpen\/\",\"url\":\"https:\/\/stiftadmont.at\/pfarren\/pfarre-wildalpen\/\",\"name\":\"Die Pfarre Wildalpen - Stift Admont\",\"isPartOf\":{\"@id\":\"https:\/\/stiftadmont.at\/#website\"},\"datePublished\":\"2025-03-25T11:52:06+00:00\",\"dateModified\":\"2025-03-25T11:52:10+00:00\",\"breadcrumb\":{\"@id\":\"https:\/\/stiftadmont.at\/pfarren\/pfarre-wildalpen\/#breadcrumb\"},\"inLanguage\":\"pl-PL\",\"potentialAction\":[{\"@type\":\"ReadAction\",\"target\":[\"https:\/\/stiftadmont.at\/pfarren\/pfarre-wildalpen\/\"]}]},{\"@type\":\"BreadcrumbList\",\"@id\":\"https:\/\/stiftadmont.at\/pfarren\/pfarre-wildalpen\/#breadcrumb\",\"itemListElement\":[{\"@type\":\"ListItem\",\"position\":1,\"name\":\"Start\",\"item\":\"https:\/\/stiftadmont.at\/\"},{\"@type\":\"ListItem\",\"position\":2,\"name\":\"Pfarren\",\"item\":\"https:\/\/stiftadmont.at\/pfarren\/\"},{\"@type\":\"ListItem\",\"position\":3,\"name\":\"Die Pfarre Wildalpen\"}]},{\"@type\":\"WebSite\",\"@id\":\"https:\/\/stiftadmont.at\/#website\",\"url\":\"https:\/\/stiftadmont.at\/\",\"name\":\"Stift Admont\",\"description\":\"Benediktinerkloster und Sehensw\u00fcrdigkeit im Ges\u00e4use\",\"potentialAction\":[{\"@type\":\"SearchAction\",\"target\":{\"@type\":\"EntryPoint\",\"urlTemplate\":\"https:\/\/stiftadmont.at\/?s={search_term_string}\"},\"query-input\":{\"@type\":\"PropertyValueSpecification\",\"valueRequired\":true,\"valueName\":\"search_term_string\"}}],\"inLanguage\":\"pl-PL\"}]}<\/script>\n<!-- \/ Yoast SEO Premium plugin. -->","yoast_head_json":{"title":"Parafia Wildalpen - Opactwo Admont","robots":{"index":"index","follow":"follow","max-snippet":"max-snippet:-1","max-image-preview":"max-image-preview:large","max-video-preview":"max-video-preview:-1"},"canonical":"https:\/\/stiftadmont.at\/pl\/parafie\/parafia-wildalpen\/","og_locale":"pl_PL","og_type":"article","og_title":"Die Pfarre Wildalpen","og_url":"https:\/\/stiftadmont.at\/pl\/parafie\/parafia-wildalpen\/","og_site_name":"Stift Admont","article_modified_time":"2025-03-25T11:52:10+00:00","og_image":[{"width":1912,"height":1188,"url":"https:\/\/stiftadmont.at\/wp-content\/uploads\/Klosteranlage-innen.jpg","type":"image\/jpeg"}],"twitter_card":"summary_large_image","schema":{"@context":"https:\/\/schema.org","@graph":[{"@type":"WebPage","@id":"https:\/\/stiftadmont.at\/pfarren\/pfarre-wildalpen\/","url":"https:\/\/stiftadmont.at\/pfarren\/pfarre-wildalpen\/","name":"Parafia Wildalpen - Opactwo Admont","isPartOf":{"@id":"https:\/\/stiftadmont.at\/#website"},"datePublished":"2025-03-25T11:52:06+00:00","dateModified":"2025-03-25T11:52:10+00:00","breadcrumb":{"@id":"https:\/\/stiftadmont.at\/pfarren\/pfarre-wildalpen\/#breadcrumb"},"inLanguage":"pl-PL","potentialAction":[{"@type":"ReadAction","target":["https:\/\/stiftadmont.at\/pfarren\/pfarre-wildalpen\/"]}]},{"@type":"BreadcrumbList","@id":"https:\/\/stiftadmont.at\/pfarren\/pfarre-wildalpen\/#breadcrumb","itemListElement":[{"@type":"ListItem","position":1,"name":"Start","item":"https:\/\/stiftadmont.at\/"},{"@type":"ListItem","position":2,"name":"Pfarren","item":"https:\/\/stiftadmont.at\/pfarren\/"},{"@type":"ListItem","position":3,"name":"Die Pfarre Wildalpen"}]},{"@type":"WebSite","@id":"https:\/\/stiftadmont.at\/#website","url":"https:\/\/stiftadmont.at\/","name":"Opactwo Admont","description":"Benedykty\u0144ski klasztor i atrakcja turystyczna w Ges\u00e4use","potentialAction":[{"@type":"SearchAction","target":{"@type":"EntryPoint","urlTemplate":"https:\/\/stiftadmont.at\/?s={search_term_string}"},"query-input":{"@type":"PropertyValueSpecification","valueRequired":true,"valueName":"search_term_string"}}],"inLanguage":"pl-PL"}]}},"_links":{"self":[{"href":"https:\/\/stiftadmont.at\/pl\/wp-json\/wp\/v2\/pages\/33971","targetHints":{"allow":["GET"]}}],"collection":[{"href":"https:\/\/stiftadmont.at\/pl\/wp-json\/wp\/v2\/pages"}],"about":[{"href":"https:\/\/stiftadmont.at\/pl\/wp-json\/wp\/v2\/types\/page"}],"author":[{"embeddable":true,"href":"https:\/\/stiftadmont.at\/pl\/wp-json\/wp\/v2\/users\/7"}],"replies":[{"embeddable":true,"href":"https:\/\/stiftadmont.at\/pl\/wp-json\/wp\/v2\/comments?post=33971"}],"version-history":[{"count":2,"href":"https:\/\/stiftadmont.at\/pl\/wp-json\/wp\/v2\/pages\/33971\/revisions"}],"predecessor-version":[{"id":33981,"href":"https:\/\/stiftadmont.at\/pl\/wp-json\/wp\/v2\/pages\/33971\/revisions\/33981"}],"up":[{"embeddable":true,"href":"https:\/\/stiftadmont.at\/pl\/wp-json\/wp\/v2\/pages\/13905"}],"wp:attachment":[{"href":"https:\/\/stiftadmont.at\/pl\/wp-json\/wp\/v2\/media?parent=33971"}],"wp:term":[{"taxonomy":"category","embeddable":true,"href":"https:\/\/stiftadmont.at\/pl\/wp-json\/wp\/v2\/categories?post=33971"}],"curies":[{"name":"wp","href":"https:\/\/api.w.org\/{rel}","templated":true}]}}