{"id":36153,"date":"2025-07-03T10:19:53","date_gmt":"2025-07-03T08:19:53","guid":{"rendered":"https:\/\/stiftadmont.at\/?page_id=36153"},"modified":"2025-07-03T10:22:40","modified_gmt":"2025-07-03T08:22:40","slug":"chrzty-uroczystosci-rodzinne","status":"publish","type":"page","link":"https:\/\/stiftadmont.at\/pl\/stiftskeller-admont\/taufen-familienfeste\/","title":{"rendered":"Chrzty i uroczysto\u015bci rodzinne w Opactwie Admont"},"content":{"rendered":"<section id='lightpress__section--block_af19324aa127d33821a0aa66f4221227' class='align-center lightpress__section--default-section-space lightpress__section lightpress__section--headline'><div class=\"headline__container\">\n            <h2 class=\"headline text--40 text-medium line line--gold line-above line-middle\">Taufen und Familienfeste im Stift Admont<\/h2>\n        <p class=\"text-center text-gold text--20 text-medium text--uppercase\">Feiern Sie bei uns Ihre ganz besonderen Momente<\/p>\n        <div class=\"spacer--40\"><\/div>\n<\/div>\n\n<\/section>\n\n<section id='lightpress__section--block_a10f6138fa41b4846bec0dc3cfb6e110' class='lightpress__section--default-section-space lightpress__section lightpress__section--content'><div class=\"content__inner\"\n         x-init=\"initContentBlockAnim($el)\">\n        \n    <div class=\"content__grid content__grid--fifty-fifty\">\n                                            <div class=\"content__box content__box\"\n                 style=\"\">\n                                \n                \n                                        <div class=\"content__media stickyTo\" x-init=\"imageSticky($el)\">\n\n                                                                                                <picture\n                                class=\"content__image sticky\">\n                            <source srcset=\"https:\/\/stiftadmont.at\/wp-content\/uploads\/Stiftskeller_\u00a9Thomas-Sattler-18-1-1024x683.jpg\"\n                                    type=\"image\/webp\">\n                            <source srcset=\"https:\/\/stiftadmont.at\/wp-content\/uploads\/Stiftskeller_\u00a9Thomas-Sattler-18-1-1024x683.jpg\"\n                                    type=\"image\/jpeg\">\n                            <img decoding=\"async\" loading=\"lazy\"\n                                 src=\"https:\/\/stiftadmont.at\/wp-content\/uploads\/Stiftskeller_\u00a9Thomas-Sattler-18-1-1024x683.jpg\"\n                                 alt=\"Stiftskeller \u00a9Thomas Sattler 18\" width=\"600\" height=\"450\">\n                                                                                                            <\/picture>\n\n                    <\/div>\n\n                            <\/div>\n        \n                                                    <div class=\"content__box content__box--2\"\n                     >\n                                        \n                    \n                                                    <div class=\"prose\"><h5 class=\"heading-m line line-above line--gold\">Feiern im Stiftskeller Admont<\/h5>\n<p>\u00a0<\/p>\n<p>Feiern Sie Ihr <strong>Familienfest <\/strong>in privater, ungest\u00f6rter Atmosph\u00e4re im Stiftskeller Admont. Ob unser <strong>gem\u00fctliches St\u00fcberl, einer der beiden stilvollen Speises\u00e4le oder der helle Wintergarten <\/strong>\u2013 wir stellen Ihnen die passenden R\u00e4ume exklusiv f\u00fcr Ihre Feier zur Verf\u00fcgung.<\/p>\n<p>\u00a0<\/p>\n<p>Genie\u00dfen Sie gutb\u00fcrgerliche K\u00fcche, hausgemachte Mehlspeisen und Spezialit\u00e4ten, liebevoll kombiniert als Men\u00fc oder Buffet \u2013 perfekt auf Ihre W\u00fcnsche abgestimmt.<\/p>\n<p>\u00a0<\/p>\n<p>Dank der einmaligen Lage unseres Restaurants k\u00f6nnen Sie Ihre Feier optimal mit dem vielf\u00e4ltigen Angebot des Stiftes Admont verbinden: Nur wenige Schritte entfernt erwarten Sie das Stiftsmuseum mit moderner und historischer Kunst, die weltweit gr\u00f6\u00dfte Klosterbibliothek sowie weitl\u00e4ufige G\u00e4rten und Parkanlagen.<\/p>\n<p>\u00a0<\/p>\n<p><strong>Feiern Sie besondere Momente dort, wo Kultur und Genuss zu Hause sind!<\/strong><\/p>\n<p><span data-mce-type=\"bookmark\" style=\"display: inline-block; width: 0px; overflow: hidden; line-height: 0;\" class=\"mce_SELRES_start\">\ufeff<\/span><\/p>\n<\/div>\n                        \n                                    <\/div>\n            \n            <\/div>\n<\/div>\n\n<\/section>\n\n<section id='lightpress__section--block_7e7ef96fb8d23b02d418e0601e9ddb12' class='bg--beige lightpress__section--colored-bg lightpress__section--default-section-space lightpress__section lightpress__section--content'><div class=\"content__inner\"\n         x-init=\"initContentBlockAnim($el)\">\n        \n    <div class=\"content__grid content__grid--fifty-fifty\">\n                                            <div class=\"content__box content__box\"\n                 style=\"\">\n                                \n                \n                                            <div class=\"prose\"><h5 class=\"heading-m line line-above line--gold\">Kontakt<\/h5>\n<p>\u00a0<\/p>\n<p class=\"paragraph-m\"><strong>Stiftskeller Admont<\/strong><\/p>\n<p>Ulrich Mattlschweiger<\/p>\n<p class=\"paragraph-m\">Kirchplatz 1<\/p>\n<p class=\"paragraph-m\">8911 Admont\u00a0<\/p>\n<p>\u00a0<\/p>\n<p><a class=\"phone\" href=\"tel:+43 (0) 3613\/335411\"><span class=\"icon-outer\"><i class=\"fa-light fa-phone\"><\/i><\/span>+43 (0) 3613\/335411<\/a><\/p>\n<p><a class=\"email\" href=\"mailto:stiftskeller@stiftadmont.at\"><span class=\"icon-outer\"><i class=\"fa-light fa-envelope\"><\/i><\/span>stiftskeller@stiftadmont.at<\/a><\/p>\n<\/div>\n                    \n                            <\/div>\n        \n                                                    <div class=\"content__box content__box--2\"\n                     >\n                                        \n                    \n                                                <div class=\"content__media stickyTo\" x-init=\"imageSticky($el)\">\n\n                                                                                    <picture\n                                    class=\"content__image sticky\">\n                                <source srcset=\"https:\/\/stiftadmont.at\/wp-content\/uploads\/Stiftskeller_\u00a9Thomas-Sattler-19-1-1024x683.webp\" type=\"image\/webp\">\n                                <source srcset=\"https:\/\/stiftadmont.at\/wp-content\/uploads\/Stiftskeller_\u00a9Thomas-Sattler-19-1-1024x683.jpg\" type=\"image\/jpeg\">\n                                <img decoding=\"async\" class=\"sticky\" loading=\"lazy\" src=\"https:\/\/stiftadmont.at\/wp-content\/uploads\/Stiftskeller_\u00a9Thomas-Sattler-19-1-1024x683.jpg\"\n                                     alt=\"Stiftskeller \u00a9Thomas Sattler 19\">\n\n                                                                                                                            <\/picture>\n\n                        <\/div>\n\n                                    <\/div>\n            \n            <\/div>\n<\/div>\n\n    <div class=\"background__container background__container--beige\">\n    <\/div>\n\n<\/section>\n\n<section id='lightpress__section--block_e8e2c2050d1f77097f9cddd08e49119b' class='lightpress__section--default-section-space lightpress__section lightpress__section--image-slider'>\n<div class=\"image-slider\"\n     x-data=\"{ gallery: null, shown: false }\"\n     x-init=\"gallery = initSliderGallery([{&quot;href&quot;:&quot;https:\\\/\\\/stiftadmont.at\\\/wp-content\\\/uploads\\\/Kulinarik-im-Stiftskeller.jpg&quot;,&quot;type&quot;:&quot;image&quot;},{&quot;href&quot;:&quot;https:\\\/\\\/stiftadmont.at\\\/wp-content\\\/uploads\\\/Stiftskeller_Wein_\\u00a9Thomas-Sattler-1-1920x1280.jpg&quot;,&quot;type&quot;:&quot;image&quot;},{&quot;href&quot;:&quot;https:\\\/\\\/stiftadmont.at\\\/wp-content\\\/uploads\\\/Stiftskeller_\\u00a9Thomas-Sattler-18-1-1920x1280.jpg&quot;,&quot;type&quot;:&quot;image&quot;},{&quot;href&quot;:&quot;https:\\\/\\\/stiftadmont.at\\\/wp-content\\\/uploads\\\/11-Stiftskeller-Admont-Eroeffnung-011-www-1920x2880.jpg&quot;,&quot;type&quot;:&quot;image&quot;},{&quot;href&quot;:&quot;https:\\\/\\\/stiftadmont.at\\\/wp-content\\\/uploads\\\/Stiftskeller_\\u00a9Thomas-Sattler-19-1-1920x1280.jpg&quot;,&quot;type&quot;:&quot;image&quot;},{&quot;href&quot;:&quot;https:\\\/\\\/stiftadmont.at\\\/wp-content\\\/uploads\\\/Stiftskeller_\\u00a9Thomas-Sattler-17-1920x1280.jpg&quot;,&quot;type&quot;:&quot;image&quot;},{&quot;href&quot;:&quot;https:\\\/\\\/stiftadmont.at\\\/wp-content\\\/uploads\\\/Stiftskeller_\\u00a9Thomas-Sattler-18-1920x1280.jpg&quot;,&quot;type&quot;:&quot;image&quot;}]); initImageSliderBlockAnim($el);\">\n    <div class=\"image-slider__inner\">\n\n        <div class=\"swiper-container\" x-init=\"initImageSliderBlock($el, $refs.btnPrev, $refs.btnNext)\">\n            <div class=\"swiper-wrapper\">\n                                    <div class=\"swiper-slide\">\n                        <div class=\"image-slider__media\">\n                            <img decoding=\"async\" class=\"image-slider__image\"\n                                 src=\"https:\/\/stiftadmont.at\/wp-content\/uploads\/Kulinarik-im-Stiftskeller-768x506.jpg\"\n                                 alt=\"Kulinarik im Stiftskeller\">\n                        <\/div>\n                    <\/div>\n                                    <div class=\"swiper-slide\">\n                        <div class=\"image-slider__media\">\n                            <img decoding=\"async\" class=\"image-slider__image\"\n                                 src=\"https:\/\/stiftadmont.at\/wp-content\/uploads\/Stiftskeller_Wein_\u00a9Thomas-Sattler-1-768x512.jpg\"\n                                 alt=\"Stiftskeller Wein \u00a9Thomas Sattler\">\n                        <\/div>\n                    <\/div>\n                                    <div class=\"swiper-slide\">\n                        <div class=\"image-slider__media\">\n                            <img decoding=\"async\" class=\"image-slider__image\"\n                                 src=\"https:\/\/stiftadmont.at\/wp-content\/uploads\/Stiftskeller_\u00a9Thomas-Sattler-18-1-768x512.jpg\"\n                                 alt=\"Stiftskeller \u00a9Thomas Sattler 18\">\n                        <\/div>\n                    <\/div>\n                                    <div class=\"swiper-slide\">\n                        <div class=\"image-slider__media\">\n                            <img decoding=\"async\" class=\"image-slider__image\"\n                                 src=\"https:\/\/stiftadmont.at\/wp-content\/uploads\/11-Stiftskeller-Admont-Eroeffnung-011-www-768x1152.jpg\"\n                                 alt=\"11   Stiftskeller Admont Er\u00f6ffnung 011 www\">\n                        <\/div>\n                    <\/div>\n                                    <div class=\"swiper-slide\">\n                        <div class=\"image-slider__media\">\n                            <img decoding=\"async\" class=\"image-slider__image\"\n                                 src=\"https:\/\/stiftadmont.at\/wp-content\/uploads\/Stiftskeller_\u00a9Thomas-Sattler-19-1-768x512.jpg\"\n                                 alt=\"Stiftskeller \u00a9Thomas Sattler 19\">\n                        <\/div>\n                    <\/div>\n                                    <div class=\"swiper-slide\">\n                        <div class=\"image-slider__media\">\n                            <img decoding=\"async\" class=\"image-slider__image\"\n                                 src=\"https:\/\/stiftadmont.at\/wp-content\/uploads\/Stiftskeller_\u00a9Thomas-Sattler-17-768x512.jpg\"\n                                 alt=\"Stiftskeller \u00a9Thomas Sattler 17 scaled\">\n                        <\/div>\n                    <\/div>\n                                    <div class=\"swiper-slide\">\n                        <div class=\"image-slider__media\">\n                            <img decoding=\"async\" class=\"image-slider__image\"\n                                 src=\"https:\/\/stiftadmont.at\/wp-content\/uploads\/Stiftskeller_\u00a9Thomas-Sattler-18-768x512.jpg\"\n                                 alt=\"Stiftskeller \u00a9Thomas Sattler 18 scaled\">\n                        <\/div>\n                    <\/div>\n                            <\/div>\n\n            <div class=\"swiper-nav-wrapper\">\n                <button class=\"swiper-button-prev slider-button--prev\" x-ref=\"btnPrev\"\n                        aria-label=\"Vorige Bilder anzeigen\">\n                    <img decoding=\"async\" src=\"\/wp-content\/themes\/stift-admont\/src\/assets\/img\/arrow-left-big-new.svg\" alt=\"Pfeil nach Links\">\n                <\/button>\n\n\n                <a class=\"image-slider__gallery\" @click=\"openGallery(gallery)\"><i class=\"fa-thin fa-plus\"><\/i><\/a>\n                <button class=\"swiper-button-next slider-button--next\"\n                        x-ref=\"btnNext\"\n                        aria-label=\"N\u00e4chste Bilder anzeigen\">\n                    <img decoding=\"async\" src=\"\/wp-content\/themes\/stift-admont\/src\/assets\/img\/arrow-right-big-new.svg\" alt=\"Pfeil nach Rechts\">\n                <\/button>\n            <\/div>\n        <\/div>\n    <\/div>\n\n\n<\/div><\/section>","protected":false},"excerpt":{"rendered":"","protected":false},"author":7,"featured_media":0,"parent":32972,"menu_order":0,"comment_status":"closed","ping_status":"closed","template":"","meta":{"_acf_changed":false,"footnotes":""},"categories":[],"class_list":["post-36153","page","type-page","status-publish","hentry"],"acf":[],"yoast_head":"<!-- This site is optimized with the Yoast SEO Premium plugin v26.0 (Yoast SEO v26.8) - https:\/\/yoast.com\/product\/yoast-seo-premium-wordpress\/ -->\n<title>Taufen und Familienfeste im Stift Admont - Stift Admont<\/title>\n<meta name=\"robots\" content=\"index, follow, max-snippet:-1, max-image-preview:large, max-video-preview:-1\" \/>\n<link rel=\"canonical\" href=\"https:\/\/stiftadmont.at\/pl\/piwnica-opactwa-admont\/chrzty-uroczystosci-rodzinne\/\" \/>\n<meta property=\"og:locale\" content=\"pl_PL\" \/>\n<meta property=\"og:type\" content=\"article\" \/>\n<meta property=\"og:title\" content=\"Taufen und Familienfeste im Stift Admont\" \/>\n<meta property=\"og:url\" content=\"https:\/\/stiftadmont.at\/pl\/piwnica-opactwa-admont\/chrzty-uroczystosci-rodzinne\/\" \/>\n<meta property=\"og:site_name\" content=\"Stift Admont\" \/>\n<meta property=\"article:modified_time\" content=\"2025-07-03T08:22:40+00:00\" \/>\n<meta property=\"og:image\" content=\"https:\/\/stiftadmont.at\/wp-content\/uploads\/Klosteranlage-innen.jpg\" \/>\n\t<meta property=\"og:image:width\" content=\"1912\" \/>\n\t<meta property=\"og:image:height\" content=\"1188\" \/>\n\t<meta property=\"og:image:type\" content=\"image\/jpeg\" \/>\n<meta name=\"twitter:card\" content=\"summary_large_image\" \/>\n<script type=\"application\/ld+json\" class=\"yoast-schema-graph\">{\"@context\":\"https:\/\/schema.org\",\"@graph\":[{\"@type\":\"WebPage\",\"@id\":\"https:\/\/stiftadmont.at\/stiftskeller-admont\/taufen-familienfeste\/\",\"url\":\"https:\/\/stiftadmont.at\/stiftskeller-admont\/taufen-familienfeste\/\",\"name\":\"Taufen und Familienfeste im Stift Admont - Stift Admont\",\"isPartOf\":{\"@id\":\"https:\/\/stiftadmont.at\/#website\"},\"datePublished\":\"2025-07-03T08:19:53+00:00\",\"dateModified\":\"2025-07-03T08:22:40+00:00\",\"breadcrumb\":{\"@id\":\"https:\/\/stiftadmont.at\/stiftskeller-admont\/taufen-familienfeste\/#breadcrumb\"},\"inLanguage\":\"pl-PL\",\"potentialAction\":[{\"@type\":\"ReadAction\",\"target\":[\"https:\/\/stiftadmont.at\/stiftskeller-admont\/taufen-familienfeste\/\"]}]},{\"@type\":\"BreadcrumbList\",\"@id\":\"https:\/\/stiftadmont.at\/stiftskeller-admont\/taufen-familienfeste\/#breadcrumb\",\"itemListElement\":[{\"@type\":\"ListItem\",\"position\":1,\"name\":\"Start\",\"item\":\"https:\/\/stiftadmont.at\/\"},{\"@type\":\"ListItem\",\"position\":2,\"name\":\"Stiftskeller Admont\",\"item\":\"https:\/\/stiftadmont.at\/stiftskeller-admont\/\"},{\"@type\":\"ListItem\",\"position\":3,\"name\":\"Taufen und Familienfeste im Stift Admont\"}]},{\"@type\":\"WebSite\",\"@id\":\"https:\/\/stiftadmont.at\/#website\",\"url\":\"https:\/\/stiftadmont.at\/\",\"name\":\"Stift Admont\",\"description\":\"Benediktinerkloster und Sehensw\u00fcrdigkeit im Ges\u00e4use\",\"potentialAction\":[{\"@type\":\"SearchAction\",\"target\":{\"@type\":\"EntryPoint\",\"urlTemplate\":\"https:\/\/stiftadmont.at\/?s={search_term_string}\"},\"query-input\":{\"@type\":\"PropertyValueSpecification\",\"valueRequired\":true,\"valueName\":\"search_term_string\"}}],\"inLanguage\":\"pl-PL\"}]}<\/script>\n<!-- \/ Yoast SEO Premium plugin. -->","yoast_head_json":{"title":"Chrzty i uroczysto\u015bci rodzinne w Opactwie Admont - Opactwo Admont","robots":{"index":"index","follow":"follow","max-snippet":"max-snippet:-1","max-image-preview":"max-image-preview:large","max-video-preview":"max-video-preview:-1"},"canonical":"https:\/\/stiftadmont.at\/pl\/piwnica-opactwa-admont\/chrzty-uroczystosci-rodzinne\/","og_locale":"pl_PL","og_type":"article","og_title":"Taufen und Familienfeste im Stift Admont","og_url":"https:\/\/stiftadmont.at\/pl\/piwnica-opactwa-admont\/chrzty-uroczystosci-rodzinne\/","og_site_name":"Stift Admont","article_modified_time":"2025-07-03T08:22:40+00:00","og_image":[{"width":1912,"height":1188,"url":"https:\/\/stiftadmont.at\/wp-content\/uploads\/Klosteranlage-innen.jpg","type":"image\/jpeg"}],"twitter_card":"summary_large_image","schema":{"@context":"https:\/\/schema.org","@graph":[{"@type":"WebPage","@id":"https:\/\/stiftadmont.at\/stiftskeller-admont\/taufen-familienfeste\/","url":"https:\/\/stiftadmont.at\/stiftskeller-admont\/taufen-familienfeste\/","name":"Chrzty i uroczysto\u015bci rodzinne w Opactwie Admont - Opactwo Admont","isPartOf":{"@id":"https:\/\/stiftadmont.at\/#website"},"datePublished":"2025-07-03T08:19:53+00:00","dateModified":"2025-07-03T08:22:40+00:00","breadcrumb":{"@id":"https:\/\/stiftadmont.at\/stiftskeller-admont\/taufen-familienfeste\/#breadcrumb"},"inLanguage":"pl-PL","potentialAction":[{"@type":"ReadAction","target":["https:\/\/stiftadmont.at\/stiftskeller-admont\/taufen-familienfeste\/"]}]},{"@type":"BreadcrumbList","@id":"https:\/\/stiftadmont.at\/stiftskeller-admont\/taufen-familienfeste\/#breadcrumb","itemListElement":[{"@type":"ListItem","position":1,"name":"Start","item":"https:\/\/stiftadmont.at\/"},{"@type":"ListItem","position":2,"name":"Stiftskeller Admont","item":"https:\/\/stiftadmont.at\/stiftskeller-admont\/"},{"@type":"ListItem","position":3,"name":"Taufen und Familienfeste im Stift Admont"}]},{"@type":"WebSite","@id":"https:\/\/stiftadmont.at\/#website","url":"https:\/\/stiftadmont.at\/","name":"Opactwo Admont","description":"Benedykty\u0144ski klasztor i atrakcja turystyczna w Ges\u00e4use","potentialAction":[{"@type":"SearchAction","target":{"@type":"EntryPoint","urlTemplate":"https:\/\/stiftadmont.at\/?s={search_term_string}"},"query-input":{"@type":"PropertyValueSpecification","valueRequired":true,"valueName":"search_term_string"}}],"inLanguage":"pl-PL"}]}},"_links":{"self":[{"href":"https:\/\/stiftadmont.at\/pl\/wp-json\/wp\/v2\/pages\/36153","targetHints":{"allow":["GET"]}}],"collection":[{"href":"https:\/\/stiftadmont.at\/pl\/wp-json\/wp\/v2\/pages"}],"about":[{"href":"https:\/\/stiftadmont.at\/pl\/wp-json\/wp\/v2\/types\/page"}],"author":[{"embeddable":true,"href":"https:\/\/stiftadmont.at\/pl\/wp-json\/wp\/v2\/users\/7"}],"replies":[{"embeddable":true,"href":"https:\/\/stiftadmont.at\/pl\/wp-json\/wp\/v2\/comments?post=36153"}],"version-history":[{"count":5,"href":"https:\/\/stiftadmont.at\/pl\/wp-json\/wp\/v2\/pages\/36153\/revisions"}],"predecessor-version":[{"id":36158,"href":"https:\/\/stiftadmont.at\/pl\/wp-json\/wp\/v2\/pages\/36153\/revisions\/36158"}],"up":[{"embeddable":true,"href":"https:\/\/stiftadmont.at\/pl\/wp-json\/wp\/v2\/pages\/32972"}],"wp:attachment":[{"href":"https:\/\/stiftadmont.at\/pl\/wp-json\/wp\/v2\/media?parent=36153"}],"wp:term":[{"taxonomy":"category","embeddable":true,"href":"https:\/\/stiftadmont.at\/pl\/wp-json\/wp\/v2\/categories?post=36153"}],"curies":[{"name":"wp","href":"https:\/\/api.w.org\/{rel}","templated":true}]}}