{"id":36459,"date":"2025-07-15T14:11:38","date_gmt":"2025-07-15T12:11:38","guid":{"rendered":"https:\/\/stiftadmont.at\/?page_id=36459"},"modified":"2025-07-15T14:12:37","modified_gmt":"2025-07-15T12:12:37","slug":"wydatki-2011","status":"publish","type":"page","link":"https:\/\/stiftadmont.at\/pl\/archiv-stiftisches-magazin-pax\/ausgaben-2011\/","title":{"rendered":"PAX Magazine 2011"},"content":{"rendered":"<section id='lightpress__section--block_25c12b1ad21a8582f5a10aecb8880d2d' class='align-center lightpress__section--default-section-space lightpress__section lightpress__section--headline'><div class=\"headline__container\">\n            <h2 class=\"headline text--40 text-medium line line--gold line-above line-middle\">Archiwum magazynu fundacji \"PAX\" - Wydanie 2011 Cz\u0119\u015b\u0107 1<\/h2>\n        <p class=\"text-center text-gold text--20 text-medium text--uppercase\">Odkryj najwa\u017cniejsze wydarzenia i wydarzenia zwi\u0105zane z opactwem Admont w naszym cyfrowym archiwum czasopism. <\/p>\n        <div class=\"spacer--40\"><\/div>\n<\/div>\n\n<\/section>\n\n<section id='lightpress__section--block_3012d29cf4705a0ae3f8215ee04359b2' class='lightpress__section--default-section-space lightpress__section lightpress__section--content'><div class=\"content__inner\"\n         x-init=\"initContentBlockAnim($el)\">\n        \n    <div class=\"content__grid content__grid\">\n                                            <div class=\"content__box content__box--one-hundred\"\n                 style=\"\">\n                                \n                \n                                            <div class=\"prose\"><div class=\"_df_book df-lite\" id=\"df_36455\"  _slug=\"pax-magazin-2011-teil-1\" data-title=\"pax-magazin-2011-teil-1\" wpoptions=\"true\" thumbtype=\"\" ><\/div><script class=\"df-shortcode-script\" nowprocket type=\"application\/javascript\">window.option_df_36455 = {\"outline\":[],\"autoEnableOutline\":\"false\",\"autoEnableThumbnail\":\"false\",\"overwritePDFOutline\":\"false\",\"direction\":\"1\",\"pageSize\":\"0\",\"source\":\"https:\\\/\\\/stiftadmont.at\\\/wp-content\\\/uploads\\\/PAX-2011-Spezial.pdf\",\"wpOptions\":\"true\"}; if(window.DFLIP && window.DFLIP.parseBooks){window.DFLIP.parseBooks();}<\/script>\n<\/div>\n                    \n                            <\/div>\n        \n            <\/div>\n<\/div>\n\n<\/section>\n\n<section id='lightpress__section--block_b9642178a43ffa6b7fa8ee7a04a2c606' class='align-center lightpress__section--default-section-space lightpress__section lightpress__section--headline'><div class=\"headline__container\">\n            <h2 class=\"headline text--40 text-medium line line--gold line-above line-middle\">Archiwum magazynu fundacji \"PAX\" - Wydanie 2011 Cz\u0119\u015b\u0107 2<\/h2>\n        <p class=\"text-center text-gold text--20 text-medium text--uppercase\">Odkryj najwa\u017cniejsze wydarzenia i wydarzenia zwi\u0105zane z opactwem Admont w naszym cyfrowym archiwum czasopism. <\/p>\n        <div class=\"spacer--40\"><\/div>\n<\/div>\n\n<\/section>\n\n<section id='lightpress__section--block_462f5303b9a7a514553ae93a13180c0f' class='lightpress__section--default-section-space lightpress__section lightpress__section--content'><div class=\"content__inner\"\n         x-init=\"initContentBlockAnim($el)\">\n        \n    <div class=\"content__grid content__grid\">\n                                            <div class=\"content__box content__box--one-hundred\"\n                 style=\"\">\n                                \n                \n                                            <div class=\"prose\"><div class=\"_df_book df-lite\" id=\"df_36460\"  _slug=\"pax-magazin-2011-teil-2\" data-title=\"pax-magazin-2011-teil-2\" wpoptions=\"true\" thumbtype=\"\" ><\/div><script class=\"df-shortcode-script\" nowprocket type=\"application\/javascript\">window.option_df_36460 = {\"outline\":[],\"autoEnableOutline\":\"false\",\"autoEnableThumbnail\":\"false\",\"overwritePDFOutline\":\"false\",\"direction\":\"1\",\"pageSize\":\"0\",\"source\":\"https:\\\/\\\/stiftadmont.at\\\/wp-content\\\/uploads\\\/PAX-2011_Heft-2.pdf\",\"wpOptions\":\"true\"}; if(window.DFLIP && window.DFLIP.parseBooks){window.DFLIP.parseBooks();}<\/script>\n<\/div>\n                    \n                            <\/div>\n        \n            <\/div>\n<\/div>\n\n<\/section>","protected":false},"excerpt":{"rendered":"","protected":false},"author":7,"featured_media":0,"parent":36352,"menu_order":0,"comment_status":"closed","ping_status":"closed","template":"","meta":{"_acf_changed":false,"footnotes":""},"categories":[],"class_list":["post-36459","page","type-page","status-publish","hentry"],"acf":[],"yoast_head":"<!-- This site is optimized with the Yoast SEO Premium plugin v26.0 (Yoast SEO v26.8) - https:\/\/yoast.com\/product\/yoast-seo-premium-wordpress\/ -->\n<title>PAX Magazine 2011 - Stift Admont<\/title>\n<meta name=\"robots\" content=\"index, follow, max-snippet:-1, max-image-preview:large, max-video-preview:-1\" \/>\n<link rel=\"canonical\" href=\"https:\/\/stiftadmont.at\/pl\/archiwum-fundacji-magazyn-pax\/wydatki-2011\/\" \/>\n<meta property=\"og:locale\" content=\"pl_PL\" \/>\n<meta property=\"og:type\" content=\"article\" \/>\n<meta property=\"og:title\" content=\"PAX Magazine 2011\" \/>\n<meta property=\"og:url\" content=\"https:\/\/stiftadmont.at\/pl\/archiwum-fundacji-magazyn-pax\/wydatki-2011\/\" \/>\n<meta property=\"og:site_name\" content=\"Stift Admont\" \/>\n<meta property=\"article:modified_time\" content=\"2025-07-15T12:12:37+00:00\" \/>\n<meta property=\"og:image\" content=\"https:\/\/stiftadmont.at\/wp-content\/uploads\/Klosteranlage-innen.jpg\" \/>\n\t<meta property=\"og:image:width\" content=\"1912\" \/>\n\t<meta property=\"og:image:height\" content=\"1188\" \/>\n\t<meta property=\"og:image:type\" content=\"image\/jpeg\" \/>\n<meta name=\"twitter:card\" content=\"summary_large_image\" \/>\n<script type=\"application\/ld+json\" class=\"yoast-schema-graph\">{\"@context\":\"https:\/\/schema.org\",\"@graph\":[{\"@type\":\"WebPage\",\"@id\":\"https:\/\/stiftadmont.at\/archiv-stiftisches-magazin-pax\/ausgaben-2011\/\",\"url\":\"https:\/\/stiftadmont.at\/archiv-stiftisches-magazin-pax\/ausgaben-2011\/\",\"name\":\"PAX Magazine 2011 - Stift Admont\",\"isPartOf\":{\"@id\":\"https:\/\/stiftadmont.at\/#website\"},\"datePublished\":\"2025-07-15T12:11:38+00:00\",\"dateModified\":\"2025-07-15T12:12:37+00:00\",\"breadcrumb\":{\"@id\":\"https:\/\/stiftadmont.at\/archiv-stiftisches-magazin-pax\/ausgaben-2011\/#breadcrumb\"},\"inLanguage\":\"pl-PL\",\"potentialAction\":[{\"@type\":\"ReadAction\",\"target\":[\"https:\/\/stiftadmont.at\/archiv-stiftisches-magazin-pax\/ausgaben-2011\/\"]}]},{\"@type\":\"BreadcrumbList\",\"@id\":\"https:\/\/stiftadmont.at\/archiv-stiftisches-magazin-pax\/ausgaben-2011\/#breadcrumb\",\"itemListElement\":[{\"@type\":\"ListItem\",\"position\":1,\"name\":\"Start\",\"item\":\"https:\/\/stiftadmont.at\/\"},{\"@type\":\"ListItem\",\"position\":2,\"name\":\"Archiv &quot;PAX Stift Admont&quot;\",\"item\":\"https:\/\/stiftadmont.at\/archiv-stiftisches-magazin-pax\/\"},{\"@type\":\"ListItem\",\"position\":3,\"name\":\"PAX Magazine 2011\"}]},{\"@type\":\"WebSite\",\"@id\":\"https:\/\/stiftadmont.at\/#website\",\"url\":\"https:\/\/stiftadmont.at\/\",\"name\":\"Stift Admont\",\"description\":\"Benediktinerkloster und Sehensw\u00fcrdigkeit im Ges\u00e4use\",\"potentialAction\":[{\"@type\":\"SearchAction\",\"target\":{\"@type\":\"EntryPoint\",\"urlTemplate\":\"https:\/\/stiftadmont.at\/?s={search_term_string}\"},\"query-input\":{\"@type\":\"PropertyValueSpecification\",\"valueRequired\":true,\"valueName\":\"search_term_string\"}}],\"inLanguage\":\"pl-PL\"}]}<\/script>\n<!-- \/ Yoast SEO Premium plugin. -->","yoast_head_json":{"title":"PAX Magazine 2011 - Opactwo Admont","robots":{"index":"index","follow":"follow","max-snippet":"max-snippet:-1","max-image-preview":"max-image-preview:large","max-video-preview":"max-video-preview:-1"},"canonical":"https:\/\/stiftadmont.at\/pl\/archiwum-fundacji-magazyn-pax\/wydatki-2011\/","og_locale":"pl_PL","og_type":"article","og_title":"PAX Magazine 2011","og_url":"https:\/\/stiftadmont.at\/pl\/archiwum-fundacji-magazyn-pax\/wydatki-2011\/","og_site_name":"Stift Admont","article_modified_time":"2025-07-15T12:12:37+00:00","og_image":[{"width":1912,"height":1188,"url":"https:\/\/stiftadmont.at\/wp-content\/uploads\/Klosteranlage-innen.jpg","type":"image\/jpeg"}],"twitter_card":"summary_large_image","schema":{"@context":"https:\/\/schema.org","@graph":[{"@type":"WebPage","@id":"https:\/\/stiftadmont.at\/archiv-stiftisches-magazin-pax\/ausgaben-2011\/","url":"https:\/\/stiftadmont.at\/archiv-stiftisches-magazin-pax\/ausgaben-2011\/","name":"PAX Magazine 2011 - Opactwo Admont","isPartOf":{"@id":"https:\/\/stiftadmont.at\/#website"},"datePublished":"2025-07-15T12:11:38+00:00","dateModified":"2025-07-15T12:12:37+00:00","breadcrumb":{"@id":"https:\/\/stiftadmont.at\/archiv-stiftisches-magazin-pax\/ausgaben-2011\/#breadcrumb"},"inLanguage":"pl-PL","potentialAction":[{"@type":"ReadAction","target":["https:\/\/stiftadmont.at\/archiv-stiftisches-magazin-pax\/ausgaben-2011\/"]}]},{"@type":"BreadcrumbList","@id":"https:\/\/stiftadmont.at\/archiv-stiftisches-magazin-pax\/ausgaben-2011\/#breadcrumb","itemListElement":[{"@type":"ListItem","position":1,"name":"Start","item":"https:\/\/stiftadmont.at\/"},{"@type":"ListItem","position":2,"name":"Archiv &quot;PAX Stift Admont&quot;","item":"https:\/\/stiftadmont.at\/archiv-stiftisches-magazin-pax\/"},{"@type":"ListItem","position":3,"name":"PAX Magazine 2011"}]},{"@type":"WebSite","@id":"https:\/\/stiftadmont.at\/#website","url":"https:\/\/stiftadmont.at\/","name":"Opactwo Admont","description":"Benedykty\u0144ski klasztor i atrakcja turystyczna w Ges\u00e4use","potentialAction":[{"@type":"SearchAction","target":{"@type":"EntryPoint","urlTemplate":"https:\/\/stiftadmont.at\/?s={search_term_string}"},"query-input":{"@type":"PropertyValueSpecification","valueRequired":true,"valueName":"search_term_string"}}],"inLanguage":"pl-PL"}]}},"_links":{"self":[{"href":"https:\/\/stiftadmont.at\/pl\/wp-json\/wp\/v2\/pages\/36459","targetHints":{"allow":["GET"]}}],"collection":[{"href":"https:\/\/stiftadmont.at\/pl\/wp-json\/wp\/v2\/pages"}],"about":[{"href":"https:\/\/stiftadmont.at\/pl\/wp-json\/wp\/v2\/types\/page"}],"author":[{"embeddable":true,"href":"https:\/\/stiftadmont.at\/pl\/wp-json\/wp\/v2\/users\/7"}],"replies":[{"embeddable":true,"href":"https:\/\/stiftadmont.at\/pl\/wp-json\/wp\/v2\/comments?post=36459"}],"version-history":[{"count":3,"href":"https:\/\/stiftadmont.at\/pl\/wp-json\/wp\/v2\/pages\/36459\/revisions"}],"predecessor-version":[{"id":36464,"href":"https:\/\/stiftadmont.at\/pl\/wp-json\/wp\/v2\/pages\/36459\/revisions\/36464"}],"up":[{"embeddable":true,"href":"https:\/\/stiftadmont.at\/pl\/wp-json\/wp\/v2\/pages\/36352"}],"wp:attachment":[{"href":"https:\/\/stiftadmont.at\/pl\/wp-json\/wp\/v2\/media?parent=36459"}],"wp:term":[{"taxonomy":"category","embeddable":true,"href":"https:\/\/stiftadmont.at\/pl\/wp-json\/wp\/v2\/categories?post=36459"}],"curies":[{"name":"wp","href":"https:\/\/api.w.org\/{rel}","templated":true}]}}