{"id":3759,"date":"2021-07-27T08:38:46","date_gmt":"2021-07-27T06:38:46","guid":{"rendered":"https:\/\/stiftadmont.at\/?page_id=3759"},"modified":"2025-02-05T11:41:48","modified_gmt":"2025-02-05T09:41:48","slug":"sciezka-literacka","status":"publish","type":"page","link":"https:\/\/stiftadmont.at\/pl\/aussenanlagen\/literaturpfad\/","title":{"rendered":"\u015acie\u017cka literacka"},"content":{"rendered":"<section id='lightpress__section--block_2b6bc258f29bea1a3918121b01cf7b1d' class='lightpress__section--default-section-space lightpress__section lightpress__section--content'><div class=\"content__inner\"\n         x-init=\"initContentBlockAnim($el)\">\n        \n    <div class=\"content__grid content__grid--fifty-fifty\">\n                                            <div class=\"content__box content__box\"\n                 style=\"\">\n                                \n                \n                                            <div class=\"prose\"><h5 class=\"heading-m line line-above line--gold\">Miejsce: Opactwo Admont<\/h5>\n<p>\u00a0<\/p>\n<p class=\"paragraph-m\">Wa\u017cne \u015bredniowieczne teksty s\u0105 prezentowane w spos\u00f3b \u017cywy i innowacyjny w o\u015bmiu styryjskich lokalizacjach - jedna z nich znajduje si\u0119 w Admont i prowadzi odwiedzaj\u0105cych 500 metr\u00f3w wok\u00f3\u0142 klasztoru w G\u00f3rnej Styrii.<\/p>\n<\/div>\n                    \n                            <\/div>\n        \n                                                    <div class=\"content__box content__box--2\"\n                     >\n                                        \n                    \n                                                    <div class=\"prose\"><div class=\"info info--info\">\n<p>Styryjskie \u015bcie\u017cki literackie \u015bredniowiecza<\/p>\n<p><a class=\"admont-button admont-button--secondary\" href=\"\/wp-content\/uploads\/StiftAdmont_Literaturpfad_Broschuere.pdf\">Broszura<\/a><\/p>\n<\/div>\n<\/div>\n                        \n                                    <\/div>\n            \n            <\/div>\n<\/div>\n\n<\/section>\n\n<section id='lightpress__section--block_86511bbe41f2df694150bfe9facc3c05' class='bg--beige lightpress__section--colored-bg lightpress__section--default-section-space lightpress__section lightpress__section--content'><div class=\"content__inner\"\n         x-init=\"initContentBlockAnim($el)\">\n        \n    <div class=\"content__grid content__grid--fifty-fifty\">\n                                            <div class=\"content__box content__box\"\n                 style=\"\">\n                                \n                \n                                            <div class=\"prose\"><h5 class=\"heading-m line line-above line--gold\">Obiekty 3D<\/h5>\n<p>\u00a0<\/p>\n<p class=\"paragraph-m\">Wzd\u0142u\u017c \u015bcie\u017cki znajduje si\u0119 pi\u0119\u0107 spektakularnych obiekt\u00f3w 3D, na kt\u00f3rych prezentowana jest klasyka niemieckoj\u0119zycznej literatury medycznej z okresu \u015bredniowiecza, a mianowicie fragmenty XV-wiecznego manuskryptu Bart\u0142omieja z Admont.<\/p>\n<p>\u00a0<\/p>\n<p class=\"paragraph-m\">Projektem kieruje prof. dr Wernfried Hofmeister z Instytutu Germanistyki Uniwersytetu w Grazu. Hofmeister: \"Te osiem lokalizacji zosta\u0142o celowo wybranych, poniewa\u017c \u015bredniowieczne teksty by\u0142y kiedy\u015b zbierane lub pisane w tych miejscach. Klasztory zawsze by\u0142y miejscami, do kt\u00f3rych ludzie zwracali si\u0119, gdy byli zagubieni!\".<\/p>\n<p>\u00a0<\/p>\n<p class=\"paragraph-m\">W bibliotece opactwa Admont znale\u017ali\u015bmy skarby ze \u015bredniowiecznej kolekcji literatury medycznej, a mianowicie od Bart\u0142omieja z Admont\".<\/p>\n<\/div>\n                    \n                            <\/div>\n        \n                                                    <div class=\"content__box content__box--2\"\n                     >\n                                        \n                    \n                                                    <div class=\"prose\"><h5 class=\"heading-m line line-above line--gold\">Stacje opowiadania historii<\/h5>\n<p>\u00a0<\/p>\n<p class=\"paragraph-m\">Cz\u0119\u015bci tego \u015bredniowiecznego skarbu s\u0105 teraz przywo\u0142ywane na \u0142atwej do przej\u015bcia \u015bcie\u017cce. Teksty medyczne s\u0105 prezentowane w przejrzysty i innowacyjny spos\u00f3b na pi\u0119ciu stacjach narracyjnych. Kod QR na ostatniej stacji, kt\u00f3ry mo\u017ce by\u0107 u\u017cyty do odebrania tekstu audio, zapewnia dodatkow\u0105 warto\u015b\u0107 multimedialn\u0105. Obrazy z cennych manuskrypt\u00f3w ilustruj\u0105 nauki Bart\u0142omieja, takie jak przepisy na b\u00f3l z\u0119ba. Bart\u0142omiej by\u0142 bestsellerem w \u015bredniowieczu, a jego literatura mia\u0142a praktyczne zastosowanie. Zesp\u00f3\u0142 projektowy do\u0142o\u017cy\u0142 wszelkich stara\u0144, aby zakres jego wiedzy medycznej by\u0142 zrozumia\u0142y w \u015bcie\u017cce literatury.<\/p>\n<p class=\"paragraph-m\">Styryjskie szlaki literackie z o\u015bmioma stacjami tworz\u0105 sie\u0107 unikaln\u0105 w skali Europy i s\u0105 zabezpieczone na najbli\u017csze pi\u0119\u0107 do dziesi\u0119ciu lat przez stowarzyszenie uniwersyteckie \"Styryjskie Szlaki Literackie \u015aredniowiecza\".<\/p>\n<\/div>\n                        \n                                    <\/div>\n            \n            <\/div>\n<\/div>\n\n    <div class=\"background__container background__container--beige\">\n    <\/div>\n\n<\/section>\n\n<section id='lightpress__section--block_4cfeacc1f3792899472416860dfc1d90' class='lightpress__section--default-section-space lightpress__section lightpress__section--content'><div class=\"content__inner\"\n         x-init=\"initContentBlockAnim($el)\">\n        \n    <div class=\"content__grid content__grid\">\n                                            <div class=\"content__box content__box--one-hundred\"\n                 style=\"\">\n                                \n                \n                                            <div class=\"prose\"><h5 class=\"heading-m line line-above line--gold text-center\">Dalsze udogodnienia na zewn\u0105trz<\/h5>\n<p>\u00a0<\/p>\n<p class=\"paragraph-m text-center\">Obiekty zewn\u0119trzne w Admont Abbey i jego okolicach<\/p>\n<p>\u00a0<\/p>\n<p class=\"text-center\"><a class=\"admont-button admont-button--outline-gold\" href=\"\/pl\/obiekty-zewnetrzne\/\" rel=\"noopener\">URZ\u0104DZENIA ZEWN\u0118TRZNE<\/a><\/p>\n<\/div>\n                    \n                            <\/div>\n        \n            <\/div>\n<\/div>\n\n<\/section>\n\n<section id='lightpress__section--block_2f95fbf31f11e10b3a3c6436c17aa7ec' class='lightpress__section--more-links--950 lightpress__section--full-width lightpress__section--default-section-space lightpress__section lightpress__section--more-links'><div class=\"more\" x-init=\"initMoreLinksBlockAnim($el)\">\n            <style>\n            #lightpress__section--block_2f95fbf31f11e10b3a3c6436c17aa7ec .more {\n                --entry-width: calc(100% \/ 2 - var(--grid-gap) * 2);\n                grid-template-columns: repeat(auto-fit, minmax(max(var(--entry-width),50rem), 1fr));\n            }\n        <\/style>\n    \n                    <a class=\"more__link\" href=\"\/pl\/obiekty-zewnetrzne\/ogrod-ziolowy\/\">\n            <div class=\"more__media\">\n                                    <picture class=\"more__image\">\n                        <source srcset=\"https:\/\/stiftadmont.at\/wp-content\/uploads\/Bildschirmfoto-2021-07-27-um-08.30.59-2-1024x674.webp\" type=\"image\/webp\">\n                        <source srcset=\"https:\/\/stiftadmont.at\/wp-content\/uploads\/Bildschirmfoto-2021-07-27-um-08.30.59-2-1024x674.jpg\" type=\"image\/jpeg\">\n                        <img decoding=\"async\" loading=\"lazy\" src=\"https:\/\/stiftadmont.at\/wp-content\/uploads\/Bildschirmfoto-2021-07-27-um-08.30.59-2-1024x674.png\" alt=\"Ogr\u00f3d zio\u0142owy 2021\" \/>\n                    <\/picture>\n                            <\/div>\n            <div class=\"more__content\">\n                <div class=\"more__title--container\">\n                                            \n                                                                            \n                        <p class=\"text-bold text-white text--serif text--40\">Ogr\u00f3d zio\u0142owy<\/p>\n                                                            <\/div>\n                                    <div class=\"more__cta\">\n                        <i class=\"fa-thin fa-chevron-right\"><\/i>\n                    <\/div>\n                            <\/div>\n        <\/a>\n                    <a class=\"more__link\" href=\"\/pl\/obiekty-zewnetrzne\/szlaki-pielgrzymkowe\/\">\n            <div class=\"more__media\">\n                                    <picture class=\"more__image\">\n                        <source srcset=\"https:\/\/stiftadmont.at\/wp-content\/uploads\/kaiblinggatterl637.webp\" type=\"image\/webp\">\n                        <source srcset=\"https:\/\/stiftadmont.at\/wp-content\/uploads\/kaiblinggatterl637.jpg\" type=\"image\/jpeg\">\n                        <img decoding=\"async\" loading=\"lazy\" src=\"https:\/\/stiftadmont.at\/wp-content\/uploads\/kaiblinggatterl637.jpg\" alt=\"M\u00f6dlingerh\u00fctte\" \/>\n                    <\/picture>\n                            <\/div>\n            <div class=\"more__content\">\n                <div class=\"more__title--container\">\n                                            \n                                                                            \n                        <p class=\"text-bold text-white text--serif text--40\">Szlaki pielgrzymkowe<\/p>\n                                                            <\/div>\n                                    <div class=\"more__cta\">\n                        <i class=\"fa-thin fa-chevron-right\"><\/i>\n                    <\/div>\n                            <\/div>\n        <\/a>\n    \n<\/div>\n\n<\/section>","protected":false},"excerpt":{"rendered":"","protected":false},"author":7,"featured_media":0,"parent":484,"menu_order":2,"comment_status":"closed","ping_status":"closed","template":"","meta":{"_acf_changed":false,"footnotes":""},"categories":[],"class_list":["post-3759","page","type-page","status-publish","hentry"],"acf":[],"yoast_head":"<!-- This site is optimized with the Yoast SEO Premium plugin v26.0 (Yoast SEO v26.8) - https:\/\/yoast.com\/product\/yoast-seo-premium-wordpress\/ -->\n<title>Literaturpfad - Stift Admont<\/title>\n<meta name=\"robots\" content=\"index, follow, max-snippet:-1, max-image-preview:large, max-video-preview:-1\" \/>\n<link rel=\"canonical\" href=\"https:\/\/stiftadmont.at\/pl\/obiekty-zewnetrzne\/sciezka-literacka\/\" \/>\n<meta property=\"og:locale\" content=\"pl_PL\" \/>\n<meta property=\"og:type\" content=\"article\" \/>\n<meta property=\"og:title\" content=\"Literaturpfad\" \/>\n<meta property=\"og:url\" content=\"https:\/\/stiftadmont.at\/pl\/obiekty-zewnetrzne\/sciezka-literacka\/\" \/>\n<meta property=\"og:site_name\" content=\"Stift Admont\" \/>\n<meta property=\"article:modified_time\" content=\"2025-02-05T09:41:48+00:00\" \/>\n<meta property=\"og:image\" content=\"https:\/\/stiftadmont.at\/wp-content\/uploads\/Klosteranlage-innen.jpg\" \/>\n\t<meta property=\"og:image:width\" content=\"1912\" \/>\n\t<meta property=\"og:image:height\" content=\"1188\" \/>\n\t<meta property=\"og:image:type\" content=\"image\/jpeg\" \/>\n<meta name=\"twitter:card\" content=\"summary_large_image\" \/>\n<script type=\"application\/ld+json\" class=\"yoast-schema-graph\">{\"@context\":\"https:\/\/schema.org\",\"@graph\":[{\"@type\":\"WebPage\",\"@id\":\"https:\/\/stiftadmont.at\/aussenanlagen\/literaturpfad\/\",\"url\":\"https:\/\/stiftadmont.at\/aussenanlagen\/literaturpfad\/\",\"name\":\"Literaturpfad - Stift Admont\",\"isPartOf\":{\"@id\":\"https:\/\/stiftadmont.at\/#website\"},\"datePublished\":\"2021-07-27T06:38:46+00:00\",\"dateModified\":\"2025-02-05T09:41:48+00:00\",\"breadcrumb\":{\"@id\":\"https:\/\/stiftadmont.at\/aussenanlagen\/literaturpfad\/#breadcrumb\"},\"inLanguage\":\"pl-PL\",\"potentialAction\":[{\"@type\":\"ReadAction\",\"target\":[\"https:\/\/stiftadmont.at\/aussenanlagen\/literaturpfad\/\"]}]},{\"@type\":\"BreadcrumbList\",\"@id\":\"https:\/\/stiftadmont.at\/aussenanlagen\/literaturpfad\/#breadcrumb\",\"itemListElement\":[{\"@type\":\"ListItem\",\"position\":1,\"name\":\"Start\",\"item\":\"https:\/\/stiftadmont.at\/\"},{\"@type\":\"ListItem\",\"position\":2,\"name\":\"Au\u00dfenanlagen\",\"item\":\"https:\/\/stiftadmont.at\/aussenanlagen\/\"},{\"@type\":\"ListItem\",\"position\":3,\"name\":\"Literaturpfad\"}]},{\"@type\":\"WebSite\",\"@id\":\"https:\/\/stiftadmont.at\/#website\",\"url\":\"https:\/\/stiftadmont.at\/\",\"name\":\"Stift Admont\",\"description\":\"Benediktinerkloster und Sehensw\u00fcrdigkeit im Ges\u00e4use\",\"potentialAction\":[{\"@type\":\"SearchAction\",\"target\":{\"@type\":\"EntryPoint\",\"urlTemplate\":\"https:\/\/stiftadmont.at\/?s={search_term_string}\"},\"query-input\":{\"@type\":\"PropertyValueSpecification\",\"valueRequired\":true,\"valueName\":\"search_term_string\"}}],\"inLanguage\":\"pl-PL\"}]}<\/script>\n<!-- \/ Yoast SEO Premium plugin. -->","yoast_head_json":{"title":"\u015acie\u017cka literacka - Opactwo Admont","robots":{"index":"index","follow":"follow","max-snippet":"max-snippet:-1","max-image-preview":"max-image-preview:large","max-video-preview":"max-video-preview:-1"},"canonical":"https:\/\/stiftadmont.at\/pl\/obiekty-zewnetrzne\/sciezka-literacka\/","og_locale":"pl_PL","og_type":"article","og_title":"Literaturpfad","og_url":"https:\/\/stiftadmont.at\/pl\/obiekty-zewnetrzne\/sciezka-literacka\/","og_site_name":"Stift Admont","article_modified_time":"2025-02-05T09:41:48+00:00","og_image":[{"width":1912,"height":1188,"url":"https:\/\/stiftadmont.at\/wp-content\/uploads\/Klosteranlage-innen.jpg","type":"image\/jpeg"}],"twitter_card":"summary_large_image","schema":{"@context":"https:\/\/schema.org","@graph":[{"@type":"WebPage","@id":"https:\/\/stiftadmont.at\/aussenanlagen\/literaturpfad\/","url":"https:\/\/stiftadmont.at\/aussenanlagen\/literaturpfad\/","name":"\u015acie\u017cka literacka - Opactwo Admont","isPartOf":{"@id":"https:\/\/stiftadmont.at\/#website"},"datePublished":"2021-07-27T06:38:46+00:00","dateModified":"2025-02-05T09:41:48+00:00","breadcrumb":{"@id":"https:\/\/stiftadmont.at\/aussenanlagen\/literaturpfad\/#breadcrumb"},"inLanguage":"pl-PL","potentialAction":[{"@type":"ReadAction","target":["https:\/\/stiftadmont.at\/aussenanlagen\/literaturpfad\/"]}]},{"@type":"BreadcrumbList","@id":"https:\/\/stiftadmont.at\/aussenanlagen\/literaturpfad\/#breadcrumb","itemListElement":[{"@type":"ListItem","position":1,"name":"Start","item":"https:\/\/stiftadmont.at\/"},{"@type":"ListItem","position":2,"name":"Au\u00dfenanlagen","item":"https:\/\/stiftadmont.at\/aussenanlagen\/"},{"@type":"ListItem","position":3,"name":"Literaturpfad"}]},{"@type":"WebSite","@id":"https:\/\/stiftadmont.at\/#website","url":"https:\/\/stiftadmont.at\/","name":"Opactwo Admont","description":"Benedykty\u0144ski klasztor i atrakcja turystyczna w Ges\u00e4use","potentialAction":[{"@type":"SearchAction","target":{"@type":"EntryPoint","urlTemplate":"https:\/\/stiftadmont.at\/?s={search_term_string}"},"query-input":{"@type":"PropertyValueSpecification","valueRequired":true,"valueName":"search_term_string"}}],"inLanguage":"pl-PL"}]}},"_links":{"self":[{"href":"https:\/\/stiftadmont.at\/pl\/wp-json\/wp\/v2\/pages\/3759","targetHints":{"allow":["GET"]}}],"collection":[{"href":"https:\/\/stiftadmont.at\/pl\/wp-json\/wp\/v2\/pages"}],"about":[{"href":"https:\/\/stiftadmont.at\/pl\/wp-json\/wp\/v2\/types\/page"}],"author":[{"embeddable":true,"href":"https:\/\/stiftadmont.at\/pl\/wp-json\/wp\/v2\/users\/7"}],"replies":[{"embeddable":true,"href":"https:\/\/stiftadmont.at\/pl\/wp-json\/wp\/v2\/comments?post=3759"}],"version-history":[{"count":62,"href":"https:\/\/stiftadmont.at\/pl\/wp-json\/wp\/v2\/pages\/3759\/revisions"}],"predecessor-version":[{"id":32669,"href":"https:\/\/stiftadmont.at\/pl\/wp-json\/wp\/v2\/pages\/3759\/revisions\/32669"}],"up":[{"embeddable":true,"href":"https:\/\/stiftadmont.at\/pl\/wp-json\/wp\/v2\/pages\/484"}],"wp:attachment":[{"href":"https:\/\/stiftadmont.at\/pl\/wp-json\/wp\/v2\/media?parent=3759"}],"wp:term":[{"taxonomy":"category","embeddable":true,"href":"https:\/\/stiftadmont.at\/pl\/wp-json\/wp\/v2\/categories?post=3759"}],"curies":[{"name":"wp","href":"https:\/\/api.w.org\/{rel}","templated":true}]}}