{"id":3804,"date":"2021-07-27T08:56:02","date_gmt":"2021-07-27T06:56:02","guid":{"rendered":"https:\/\/stiftadmont.at\/?page_id=3804"},"modified":"2025-01-30T10:28:40","modified_gmt":"2025-01-30T08:28:40","slug":"szlaki-pielgrzymkowe","status":"publish","type":"page","link":"https:\/\/stiftadmont.at\/pl\/aussenanlagen\/pilgerwege\/","title":{"rendered":"Szlaki pielgrzymkowe"},"content":{"rendered":"<section id='lightpress__section--block_3149c650bf281511b677eaf98662b8a8' class='align-center lightpress__section--default-section-space lightpress__section lightpress__section--headline'><div class=\"headline__container\">\n            <h2 class=\"headline text--40 text-medium line line--gold line-above line-middle\">Najd\u0142u\u017csz\u0105 podr\u00f3\u017c\u0105 jest podr\u00f3\u017c do samego siebie<\/h2>\n        <p class=\"text-center text-gold text--20 text-medium text--uppercase\">Na tej stronie chcieliby\u015bmy przedstawi\u0107 trasy pielgrzymkowe, kt\u00f3re prowadz\u0105 obok lub rozpoczynaj\u0105 si\u0119 w opactwie Admont.<\/p>\n        <div class=\"spacer--40\"><\/div>\n<\/div>\n\n<\/section>\n\n<section id='lightpress__section--block_670bae197bceffbcdab1b691586bc86c' class='lightpress__section--default-section-space lightpress__section lightpress__section--content'><div class=\"content__inner\"\n         x-init=\"initContentBlockAnim($el)\">\n        \n    <div class=\"content__grid content__grid--fifty-fifty\">\n                                            <div class=\"content__box content__box\"\n                 style=\"\">\n                                \n                \n                                            <div class=\"prose\"><h5 class=\"heading-m line line-above line--gold\">Szlak pielgrzymkowy Hemma<\/h5>\n<p>\u00a0<\/p>\n<p class=\"paragraph-m\">\u015aw. Hemma urodzi\u0142a si\u0119 oko\u0142o 980 r. jako hrabina Friesach-Zeltschach i za\u0142o\u017cy\u0142a klasztory benedykty\u0144skie w Gurk i Admont. Pocz\u0105wszy od opactwa Admont, szlak pielgrzymkowy \u015bw. Hemmy prowadzi do Gurk w Karyntii, gdzie \u015bw. Hemma jest pochowana w krypcie katedry. Jej kult ma wielowiekow\u0105 tradycj\u0119 w Karyntii, Styrii i S\u0142owenii. Urodzi\u0142a si\u0119 oko\u0142o 980 roku jako hrabina Friesach-Zeltschach, a jej dobroczynno\u015b\u0107 i filantropia uczyni\u0142y j\u0105 s\u0142awn\u0105 w\u015br\u00f3d ludno\u015bci.<\/p>\n<\/div>\n                    \n                            <\/div>\n        \n                                                    <div class=\"content__box content__box--2\"\n                     >\n                                        \n                    \n                                                    <div class=\"prose\"><div class=\"info info--info\">\n<p>z Admont do Gurk (186,6 km)<\/p>\n<p>Czas trwania: 59 h <br \/>Profil wysoko\u015bci: 7077 \/ 7047 m <br \/>Trudno\u015b\u0107: 3 \/ 5<\/p>\n<p><a class=\"admont-button admont-button--outline-gold\" href=\"http:\/\/www.pilgerwege-kaernten.at\" target=\"_blank\" rel=\"noopener\">SZCZEG\u00d3\u0141Y<\/a> <a class=\"admont-button admont-button--outline-gold\" href=\"\/wp-content\/uploads\/HemmaPilgerweg_3-4_WEB_gesamt.pdf\">BROSZURA<\/a><\/p>\n<\/div>\n<\/div>\n                        \n                                    <\/div>\n            \n            <\/div>\n<\/div>\n\n<\/section>\n\n<section id='lightpress__section--block_f8daa6b74f6f87c713df15d7ff54b6b3' class='lightpress__section--default-section-space lightpress__section lightpress__section--content'><div class=\"content__inner\"\n         x-init=\"initContentBlockAnim($el)\">\n        \n    <div class=\"content__grid content__grid\">\n                                            <div class=\"content__box content__box--one-hundred\"\n                 style=\"\">\n                                \n                \n                                            <div class=\"prose\"><h5 class=\"heading-m line line-above line--gold\">Trasa<\/h5>\n<p>\u00a0<\/p>\n<p class=\"paragraph-m\">Trasa pielgrzymki podzielona jest na 7 etap\u00f3w, przy czym ka\u017cdy mo\u017ce oczywi\u015bcie u\u0142o\u017cy\u0107 w\u0142asn\u0105, indywidualn\u0105 tras\u0119. Po drodze znajduje si\u0119 wiele zabytk\u00f3w, na kt\u00f3rych zwiedzenie warto po\u015bwi\u0119ci\u0107 troch\u0119 czasu. Zaczyna si\u0119 od opactwa Admont i jego biblioteki, kt\u00f3ra jest najwi\u0119ksz\u0105 bibliotek\u0105 opactwa na \u015bwiecie. Jednym z najpi\u0119kniejszych naturalnych spektakli na trasie jest z pewno\u015bci\u0105 przej\u015bcie przez Niedere Tauern nad Glattjoch z punktem ko\u0144cowym Oberw\u00f6lz, najmniejszym miastem w Styrii i historycznie cennym centrum miasta otoczonym imponuj\u0105cym murem miejskim.<\/p>\n<\/div>\n                    \n                            <\/div>\n        \n            <\/div>\n<\/div>\n\n<\/section>\n\n<section id='lightpress__section--block_1da8d18c6948fab04b1b70befe7a6b85' class='lightpress__section--default-section-space lightpress__section lightpress__section--content'><div class=\"content__inner\"\n         x-init=\"initContentBlockAnim($el)\">\n        \n    <div class=\"content__grid content__grid--fifty-fifty\">\n                                            <div class=\"content__box content__box\"\n                 style=\"\">\n                                \n                \n                                            <div class=\"prose\"><h5 class=\"heading-m line line-above line--gold\">Benediktweg<\/h5>\n<p>\u00a0<\/p>\n<p class=\"paragraph-m\">Szlak Benedykta zosta\u0142 utworzony z okazji 200. rocznicy rekolonizacji opactwa \u015bw. Paw\u0142a w Lavanttal w 2009 roku i nosi imi\u0119 za\u0142o\u017cyciela zakonu, Benedykta z Nursji. Szlak prowadzi ze Spital am Pyhrn przez Admont, Seckau, Maria Buch, Wolfsberg, St Paul i Slovenj Gradec do Gornij Grad w S\u0142owenii.<\/p>\n<\/div>\n                    \n                            <\/div>\n        \n                                                    <div class=\"content__box content__box--2\"\n                     >\n                                        \n                    \n                                                    <div class=\"prose\"><div class=\"info info--info\">\n<p>ze Spital am Pyhrn do Gornij Grad\/Slo. (126,1 km)<\/p>\n<p>Czas trwania: 37 h 30 min <br \/>Profil wysoko\u015bci: 3227 \/ 3170 m <br \/>Trudno\u015b\u0107: 2 \/ 5<\/p>\n<p><a class=\"admont-button admont-button--outline-gold\" href=\"https:\/\/www.pilgerwege-kaernten.at\/home\/\" target=\"_blank\" rel=\"noopener\">SZCZEG\u00d3\u0141Y<\/a> <a class=\"admont-button admont-button--outline-gold\" href=\"https:\/\/www.benedikt-bewegt.at\/\" target=\"_blank\" rel=\"noopener\">BENEDYKT RUCHA\u00a0<\/a><\/p>\n<\/div>\n<\/div>\n                        \n                                    <\/div>\n            \n            <\/div>\n<\/div>\n\n<\/section>\n\n<section id='lightpress__section--block_8c17ec234a0d25510e5aac293db766d2' class='lightpress__section--default-section-space lightpress__section lightpress__section--content'><div class=\"content__inner\"\n         x-init=\"initContentBlockAnim($el)\">\n        \n    <div class=\"content__grid content__grid\">\n                                            <div class=\"content__box content__box--one-hundred\"\n                 style=\"\">\n                                \n                \n                                            <div class=\"prose\"><h5 class=\"heading-m line line-above line--gold\">Trasa<\/h5>\n<p>\u00a0<\/p>\n<p class=\"paragraph-m\">Odcinek Szlaku Benedykta przez Styri\u0119 prowadzi od opactwa do opactwa - od Admont przez Seckau do Karyntii. Atrakcje krajobrazowe to Park Narodowy Ges\u00e4use i przej\u015bcie przez Niedere Tauern. Natura i kultura na przemian oraz ma\u0142e miasteczka s\u0105 r\u00f3wnie\u017c w programie, aby uzupe\u0142ni\u0107 bogate do\u015bwiadczenia przyrodnicze.<\/p>\n<\/div>\n                    \n                            <\/div>\n        \n            <\/div>\n<\/div>\n\n<\/section>\n\n<section id='lightpress__section--block_596a5dc8cb11bf49f5b6f946851ac1f3' class='lightpress__section--default-section-space lightpress__section lightpress__section--content'><div class=\"content__inner\"\n         x-init=\"initContentBlockAnim($el)\">\n        \n    <div class=\"content__grid content__grid\">\n                                            <div class=\"content__box content__box--one-hundred\"\n                 style=\"\">\n                                \n                \n                                            <div class=\"prose\"><h5 class=\"heading-m line line-above line--gold text-center\">Dalsze udogodnienia na zewn\u0105trz\u00a0<\/h5>\n<p>\u00a0<\/p>\n<p class=\"paragraph-m text-center\">Obiekty zewn\u0119trzne w Admont Abbey i jego okolicach<\/p>\n<p class=\"text-center\"><a class=\"admont-button admont-button--outline-gold\" href=\"\/pl\/obiekty-zewnetrzne\/\">URZ\u0104DZENIA ZEWN\u0118TRZNE<\/a><\/p>\n<\/div>\n                    \n                            <\/div>\n        \n            <\/div>\n<\/div>\n\n<\/section>\n\n<section id='lightpress__section--block_8d0b9654ee9c08c5760659570e707731' class='lightpress__section--more-links--950 lightpress__section--full-width lightpress__section--default-section-space lightpress__section lightpress__section--more-links'><div class=\"more\" x-init=\"initMoreLinksBlockAnim($el)\">\n            <style>\n            #lightpress__section--block_8d0b9654ee9c08c5760659570e707731 .more {\n                --entry-width: calc(100% \/ 4 - var(--grid-gap) * 4);\n                grid-template-columns: repeat(auto-fit, minmax(max(var(--entry-width),50rem), 1fr));\n            }\n        <\/style>\n    \n                    <a class=\"more__link\" href=\"\/pl\/obiekty-zewnetrzne\/sciezka-literacka\/\">\n            <div class=\"more__media\">\n                                    <picture class=\"more__image\">\n                        <source srcset=\"https:\/\/stiftadmont.at\/wp-content\/uploads\/8d967de4fb0deac392e6fc1838a87d15-1024x683.webp\" type=\"image\/webp\">\n                        <source srcset=\"https:\/\/stiftadmont.at\/wp-content\/uploads\/8d967de4fb0deac392e6fc1838a87d15-1024x683.jpg\" type=\"image\/jpeg\">\n                        <img decoding=\"async\" loading=\"lazy\" src=\"https:\/\/stiftadmont.at\/wp-content\/uploads\/8d967de4fb0deac392e6fc1838a87d15-1024x683.jpg\" alt=\"\u015acie\u017cka literacka 2021\" \/>\n                    <\/picture>\n                            <\/div>\n            <div class=\"more__content\">\n                <div class=\"more__title--container\">\n                                            \n                                                                            \n                        <p class=\"text-bold text-white text--serif text--26\">\u015acie\u017cka literacka<\/p>\n                                                            <\/div>\n                                    <div class=\"more__cta\">\n                        <i class=\"fa-thin fa-chevron-right\"><\/i>\n                    <\/div>\n                            <\/div>\n        <\/a>\n                    <a class=\"more__link\" href=\"\/pl\/obiekty-zewnetrzne\/ogrod-ziolowy\/\">\n            <div class=\"more__media\">\n                                    <picture class=\"more__image\">\n                        <source srcset=\"https:\/\/stiftadmont.at\/wp-content\/uploads\/Bildschirmfoto-2021-07-27-um-08.30.59-2-1024x674.webp\" type=\"image\/webp\">\n                        <source srcset=\"https:\/\/stiftadmont.at\/wp-content\/uploads\/Bildschirmfoto-2021-07-27-um-08.30.59-2-1024x674.jpg\" type=\"image\/jpeg\">\n                        <img decoding=\"async\" loading=\"lazy\" src=\"https:\/\/stiftadmont.at\/wp-content\/uploads\/Bildschirmfoto-2021-07-27-um-08.30.59-2-1024x674.png\" alt=\"Ogr\u00f3d zio\u0142owy 2021\" \/>\n                    <\/picture>\n                            <\/div>\n            <div class=\"more__content\">\n                <div class=\"more__title--container\">\n                                            \n                                                                            \n                        <p class=\"text-bold text-white text--serif text--26\">Ogr\u00f3d zio\u0142owy<\/p>\n                                                            <\/div>\n                                    <div class=\"more__cta\">\n                        <i class=\"fa-thin fa-chevron-right\"><\/i>\n                    <\/div>\n                            <\/div>\n        <\/a>\n    \n<\/div>\n\n<\/section>","protected":false},"excerpt":{"rendered":"","protected":false},"author":7,"featured_media":0,"parent":484,"menu_order":5,"comment_status":"closed","ping_status":"closed","template":"","meta":{"_acf_changed":false,"footnotes":""},"categories":[],"class_list":["post-3804","page","type-page","status-publish","hentry"],"acf":[],"yoast_head":"<!-- This site is optimized with the Yoast SEO Premium plugin v26.0 (Yoast SEO v26.8) - https:\/\/yoast.com\/product\/yoast-seo-premium-wordpress\/ -->\n<title>Pilgerwege - Stift Admont<\/title>\n<meta name=\"robots\" content=\"index, follow, max-snippet:-1, max-image-preview:large, max-video-preview:-1\" \/>\n<link rel=\"canonical\" href=\"https:\/\/stiftadmont.at\/pl\/obiekty-zewnetrzne\/szlaki-pielgrzymkowe\/\" \/>\n<meta property=\"og:locale\" content=\"pl_PL\" \/>\n<meta property=\"og:type\" content=\"article\" \/>\n<meta property=\"og:title\" content=\"Pilgerwege\" \/>\n<meta property=\"og:url\" content=\"https:\/\/stiftadmont.at\/pl\/obiekty-zewnetrzne\/szlaki-pielgrzymkowe\/\" \/>\n<meta property=\"og:site_name\" content=\"Stift Admont\" \/>\n<meta property=\"article:modified_time\" content=\"2025-01-30T08:28:40+00:00\" \/>\n<meta property=\"og:image\" content=\"https:\/\/stiftadmont.at\/wp-content\/uploads\/Klosteranlage-innen.jpg\" \/>\n\t<meta property=\"og:image:width\" content=\"1912\" \/>\n\t<meta property=\"og:image:height\" content=\"1188\" \/>\n\t<meta property=\"og:image:type\" content=\"image\/jpeg\" \/>\n<meta name=\"twitter:card\" content=\"summary_large_image\" \/>\n<script type=\"application\/ld+json\" class=\"yoast-schema-graph\">{\"@context\":\"https:\/\/schema.org\",\"@graph\":[{\"@type\":\"WebPage\",\"@id\":\"https:\/\/stiftadmont.at\/aussenanlagen\/pilgerwege\/\",\"url\":\"https:\/\/stiftadmont.at\/aussenanlagen\/pilgerwege\/\",\"name\":\"Pilgerwege - Stift Admont\",\"isPartOf\":{\"@id\":\"https:\/\/stiftadmont.at\/#website\"},\"datePublished\":\"2021-07-27T06:56:02+00:00\",\"dateModified\":\"2025-01-30T08:28:40+00:00\",\"breadcrumb\":{\"@id\":\"https:\/\/stiftadmont.at\/aussenanlagen\/pilgerwege\/#breadcrumb\"},\"inLanguage\":\"pl-PL\",\"potentialAction\":[{\"@type\":\"ReadAction\",\"target\":[\"https:\/\/stiftadmont.at\/aussenanlagen\/pilgerwege\/\"]}]},{\"@type\":\"BreadcrumbList\",\"@id\":\"https:\/\/stiftadmont.at\/aussenanlagen\/pilgerwege\/#breadcrumb\",\"itemListElement\":[{\"@type\":\"ListItem\",\"position\":1,\"name\":\"Start\",\"item\":\"https:\/\/stiftadmont.at\/\"},{\"@type\":\"ListItem\",\"position\":2,\"name\":\"Au\u00dfenanlagen\",\"item\":\"https:\/\/stiftadmont.at\/aussenanlagen\/\"},{\"@type\":\"ListItem\",\"position\":3,\"name\":\"Pilgerwege\"}]},{\"@type\":\"WebSite\",\"@id\":\"https:\/\/stiftadmont.at\/#website\",\"url\":\"https:\/\/stiftadmont.at\/\",\"name\":\"Stift Admont\",\"description\":\"Benediktinerkloster und Sehensw\u00fcrdigkeit im Ges\u00e4use\",\"potentialAction\":[{\"@type\":\"SearchAction\",\"target\":{\"@type\":\"EntryPoint\",\"urlTemplate\":\"https:\/\/stiftadmont.at\/?s={search_term_string}\"},\"query-input\":{\"@type\":\"PropertyValueSpecification\",\"valueRequired\":true,\"valueName\":\"search_term_string\"}}],\"inLanguage\":\"pl-PL\"}]}<\/script>\n<!-- \/ Yoast SEO Premium plugin. -->","yoast_head_json":{"title":"Szlaki pielgrzymkowe - Opactwo Admont","robots":{"index":"index","follow":"follow","max-snippet":"max-snippet:-1","max-image-preview":"max-image-preview:large","max-video-preview":"max-video-preview:-1"},"canonical":"https:\/\/stiftadmont.at\/pl\/obiekty-zewnetrzne\/szlaki-pielgrzymkowe\/","og_locale":"pl_PL","og_type":"article","og_title":"Pilgerwege","og_url":"https:\/\/stiftadmont.at\/pl\/obiekty-zewnetrzne\/szlaki-pielgrzymkowe\/","og_site_name":"Stift Admont","article_modified_time":"2025-01-30T08:28:40+00:00","og_image":[{"width":1912,"height":1188,"url":"https:\/\/stiftadmont.at\/wp-content\/uploads\/Klosteranlage-innen.jpg","type":"image\/jpeg"}],"twitter_card":"summary_large_image","schema":{"@context":"https:\/\/schema.org","@graph":[{"@type":"WebPage","@id":"https:\/\/stiftadmont.at\/aussenanlagen\/pilgerwege\/","url":"https:\/\/stiftadmont.at\/aussenanlagen\/pilgerwege\/","name":"Szlaki pielgrzymkowe - Opactwo Admont","isPartOf":{"@id":"https:\/\/stiftadmont.at\/#website"},"datePublished":"2021-07-27T06:56:02+00:00","dateModified":"2025-01-30T08:28:40+00:00","breadcrumb":{"@id":"https:\/\/stiftadmont.at\/aussenanlagen\/pilgerwege\/#breadcrumb"},"inLanguage":"pl-PL","potentialAction":[{"@type":"ReadAction","target":["https:\/\/stiftadmont.at\/aussenanlagen\/pilgerwege\/"]}]},{"@type":"BreadcrumbList","@id":"https:\/\/stiftadmont.at\/aussenanlagen\/pilgerwege\/#breadcrumb","itemListElement":[{"@type":"ListItem","position":1,"name":"Start","item":"https:\/\/stiftadmont.at\/"},{"@type":"ListItem","position":2,"name":"Au\u00dfenanlagen","item":"https:\/\/stiftadmont.at\/aussenanlagen\/"},{"@type":"ListItem","position":3,"name":"Pilgerwege"}]},{"@type":"WebSite","@id":"https:\/\/stiftadmont.at\/#website","url":"https:\/\/stiftadmont.at\/","name":"Opactwo Admont","description":"Benedykty\u0144ski klasztor i atrakcja turystyczna w Ges\u00e4use","potentialAction":[{"@type":"SearchAction","target":{"@type":"EntryPoint","urlTemplate":"https:\/\/stiftadmont.at\/?s={search_term_string}"},"query-input":{"@type":"PropertyValueSpecification","valueRequired":true,"valueName":"search_term_string"}}],"inLanguage":"pl-PL"}]}},"_links":{"self":[{"href":"https:\/\/stiftadmont.at\/pl\/wp-json\/wp\/v2\/pages\/3804","targetHints":{"allow":["GET"]}}],"collection":[{"href":"https:\/\/stiftadmont.at\/pl\/wp-json\/wp\/v2\/pages"}],"about":[{"href":"https:\/\/stiftadmont.at\/pl\/wp-json\/wp\/v2\/types\/page"}],"author":[{"embeddable":true,"href":"https:\/\/stiftadmont.at\/pl\/wp-json\/wp\/v2\/users\/7"}],"replies":[{"embeddable":true,"href":"https:\/\/stiftadmont.at\/pl\/wp-json\/wp\/v2\/comments?post=3804"}],"version-history":[{"count":95,"href":"https:\/\/stiftadmont.at\/pl\/wp-json\/wp\/v2\/pages\/3804\/revisions"}],"predecessor-version":[{"id":32374,"href":"https:\/\/stiftadmont.at\/pl\/wp-json\/wp\/v2\/pages\/3804\/revisions\/32374"}],"up":[{"embeddable":true,"href":"https:\/\/stiftadmont.at\/pl\/wp-json\/wp\/v2\/pages\/484"}],"wp:attachment":[{"href":"https:\/\/stiftadmont.at\/pl\/wp-json\/wp\/v2\/media?parent=3804"}],"wp:term":[{"taxonomy":"category","embeddable":true,"href":"https:\/\/stiftadmont.at\/pl\/wp-json\/wp\/v2\/categories?post=3804"}],"curies":[{"name":"wp","href":"https:\/\/api.w.org\/{rel}","templated":true}]}}