{"id":39264,"date":"2026-02-02T13:17:04","date_gmt":"2026-02-02T11:17:04","guid":{"rendered":"https:\/\/stiftadmont.at\/?page_id=39264"},"modified":"2026-03-17T12:53:20","modified_gmt":"2026-03-17T10:53:20","slug":"sztuka-wspolczesna-w-starych-murach-2026","status":"publish","type":"page","link":"https:\/\/stiftadmont.at\/pl\/aktuelle-kunst-in-alten-mauern-2026\/","title":{"rendered":"Sztuka wsp\u00f3\u0142czesna w starych murach"},"content":{"rendered":"<section id='lightpress__section--block_87714cf1faa2698210a5ba8119a99c9b' class='align-center lightpress__section--default-section-space lightpress__section lightpress__section--headline'><div class=\"headline__container\">\n            <h2 class=\"headline text--40 text-medium line line--gold line-above line-middle\">Sztuka wsp\u00f3\u0142czesna w muzeum opactwa Admont<\/h2>\n        <p class=\"text-center text-gold text--20 text-medium text--uppercase\">Dialog mi\u0119dzy tradycj\u0105 a innowacj\u0105<\/p>\n        <div class=\"spacer--40\"><\/div>\n<\/div>\n\n<\/section>\n\n<section id='lightpress__section--block_0961d0c98a7b88e63ec041b641f9475e' class='lightpress__section--default-section-space lightpress__section lightpress__section--content'><div class=\"content__inner\"\n         x-init=\"initContentBlockAnim($el)\">\n        \n    <div class=\"content__grid content__grid\">\n                                            <div class=\"content__box content__box--one-hundred\"\n                 style=\"\">\n                                \n                \n                                            <div class=\"prose\"><h5 class=\"heading-m line line-above line--gold\">Sztuka wsp\u00f3\u0142czesna w starych murach - wystawy specjalne 2026: Hannes Schwarz i Josef Pillhofer<\/h5>\n<p class=\"paragraph-m\">\u00a0<\/p>\n<p>Na drugim pi\u0119trze muzeum co roku odbywaj\u0105 si\u0119 zmieniaj\u0105ce si\u0119 wystawy od czasu otwarcia du\u017cego muzeum w 2003 roku. W 2026 r. zaprezentowane zostan\u0105 prace dw\u00f3ch wa\u017cnych austriackich artyst\u00f3w XX wieku. Z okazji 100. urodzin malarza Hannesa Schwarza (1926-2014) zaprezentowany zostanie przegl\u0105d jego tw\u00f3rczo\u015bci. R\u00f3wnolegle organizowana jest wystawa po\u015bwi\u0119cona rze\u017abiarzowi Josefowi Pillhoferowi (1921-2010). W ten spos\u00f3b prace dw\u00f3ch g\u0142\u00f3wnych bohater\u00f3w sztuki styryjskiej w okresie powojennym wchodz\u0105 w dyskurs: prezentowane s\u0105 rysunki, obrazy i grafiki Hannesa Schwarza, a rze\u017aby, rysunki, kola\u017ce i rzadko pokazywany gobelin Josefa Pillhofera.\u00a0<\/p>\n<p>\u00a0<\/p>\n<p><strong>Otwarcie obu wystaw odb\u0119dzie si\u0119 19 marca 2026 r., od godziny 17:00 w Muzeum Opactwa Admont. Rejestracja jest wymagana pod adresem <a class=\"email\" href=\"mailto:events@stiftadmont.at\"><span class=\"icon-outer\"><i class=\"fa-light fa-envelope\"><\/i><\/span>events@stiftadmont.at<\/a> wymagane.<\/strong><\/p>\n<p>\u00a0<\/p>\n<p><em><strong>Uwaga:\u00a0\u00a0<\/strong><strong>Muzeum Opactwa Admont b\u0119dzie otwarte od godziny 14:00 w dniu 19 marca 2026 r., a wst\u0119p b\u0119dzie bezp\u0142atny.<\/strong><\/em><\/p>\n<\/div>\n                    \n                            <\/div>\n        \n            <\/div>\n<\/div>\n\n<\/section>\n\n<section id='lightpress__section--block_33356f0fa4b997564df27d70c48fb271' class='bg--beige lightpress__section--colored-bg lightpress__section--default-section-space lightpress__section lightpress__section--content'><div class=\"content__inner\"\n         x-init=\"initContentBlockAnim($el)\">\n        \n    <div class=\"content__grid content__grid--fifty-fifty\">\n                                            <div class=\"content__box content__box\"\n                 style=\"\">\n                                \n                \n                                        <div class=\"content__media stickyTo\" x-init=\"imageSticky($el)\">\n\n                                                                                                <picture\n                                class=\"content__image sticky\">\n                            <source srcset=\"https:\/\/stiftadmont.at\/wp-content\/uploads\/Schwarz_verletzt-1024x687.png\"\n                                    type=\"image\/webp\">\n                            <source srcset=\"https:\/\/stiftadmont.at\/wp-content\/uploads\/Schwarz_verletzt-1024x687.png\"\n                                    type=\"image\/jpeg\">\n                            <img decoding=\"async\" loading=\"lazy\" src=\"https:\/\/stiftadmont.at\/wp-content\/uploads\/Schwarz_verletzt-1024x687.png\" alt=\"Czarny ranny\" width=\"600\" height=\"450\" \/>\n                                                                                                            <\/picture>\n\n                    <\/div>\n\n                            <\/div>\n        \n                                                    <div class=\"content__box content__box--2\"\n                     >\n                                        \n                    \n                                                    <div class=\"prose\"><h5 class=\"heading-m line line-above line--gold\">Ranni. Hannes Schwarz w kolekcji benedykty\u0144skiego opactwa Admont<\/h5>\n<p class=\"paragraph-m\">\u00a0<\/p>\n<p>Wystawa \u201eVerletzt\u201c oferuje kompleksowy wgl\u0105d w wieloaspektow\u0105 tw\u00f3rczo\u015b\u0107 Hannesa Schwarza, kt\u00f3ra charakteryzuje si\u0119 egzystencjalnymi pytaniami i zmianami stylistycznymi. Po wczesnych abstrakcyjnych pracach z lat 50. i eksperymentalnych technikach druku od 1959 roku, wra\u017cliwa, zdeformowana posta\u0107 ludzka znalaz\u0142a si\u0119 w centrum uwagi od po\u0142owy lat 60. XX wieku. Od oko\u0142o 1975 roku seria \u201eVerletzt\u201c (Ranny) wyznaczy\u0142a punkt zwrotny w kierunku zredukowanych, przypominaj\u0105cych krajobrazy przestrzeni obrazowych, w kt\u00f3rych ekspozycja cz\u0142owieka jest tematyzowana.<\/p>\n<p>\u00a0<\/p>\n<p><a class=\"admont-button admont-button--secondary\" href=\"https:\/\/stiftadmont.at\/pl\/projekt-memorialny-counterworlds\/\">Projekt upami\u0119tniaj\u0105cy Counterworlds - Hannes Schwarz (1926-2014)<\/a><\/p>\n<p>\u00a0<\/p>\n<p><a class=\"admont-button admont-button--secondary\" href=\"https:\/\/stiftadmont.at\/wp-content\/uploads\/STA_Einladung-Vernissage-Verletzt_2026.pdf\" target=\"_blank\" rel=\"noopener\">Ulotka Hannes Schwarz<\/a><\/p>\n<p>\u00a0<\/p>\n<\/div>\n                        \n                                    <\/div>\n            \n            <\/div>\n<\/div>\n\n    <div class=\"background__container background__container--beige\">\n    <\/div>\n\n<\/section>\n\n<section id='lightpress__section--block_897b57923b0a3a88b9c99b9f73bd0512' class='lightpress__section--default-section-space lightpress__section lightpress__section--content'><div class=\"content__inner\"\n         x-init=\"initContentBlockAnim($el)\">\n        \n    <div class=\"content__grid content__grid--fifty-fifty\">\n                                            <div class=\"content__box content__box\"\n                 style=\"\">\n                                \n                \n                                            <div class=\"prose\"><h5 class=\"heading-m line line-above line--gold\">Josef Pillhofer. Mi\u0119dzy abstrakcj\u0105 a figuracj\u0105<\/h5>\n<p class=\"paragraph-m\">\u00a0<\/p>\n<p>Josef Pillhofer jest jednym z najwa\u017cniejszych austriackich rze\u017abiarzy drugiej po\u0142owy XX wieku. Po studiach w Grazu i Wiedniu oraz okresie formacyjnym w Pary\u017cu, rozwin\u0105\u0142 niezale\u017cny j\u0119zyk formalny mi\u0119dzy abstrakcj\u0105 a figuracj\u0105. Jego tw\u00f3rczo\u015b\u0107, kt\u00f3ra intensywnie zajmuje si\u0119 przestrzeni\u0105, struktur\u0105 i postaci\u0105 ludzk\u0105, jest prezentowana w Admont wraz z wybranymi pracami wypo\u017cyczonymi z prywatnych kolekcji.<\/p>\n<p>\u00a0<\/p>\n<p><a class=\"admont-button admont-button--secondary\" href=\"https:\/\/stiftadmont.at\/wp-content\/uploads\/STA_Einladung-Vernissage-Pillhofer_2026.pdf\" target=\"_blank\" rel=\"noopener\">Ulotka Josef Pillhofer<\/a><\/p>\n<\/div>\n                    \n                            <\/div>\n        \n                                                    <div class=\"content__box content__box--2\"\n                     >\n                                        \n                                            \n                                                    <a href=\"https:\/\/stiftadmont.at\/wp-content\/uploads\/Gegenwartskunst-.mp4\" class=\"content__video content__media\"\n                               x-data\n x-init=\"initContentLightBox('#lightpress__section--block_897b57923b0a3a88b9c99b9f73bd0512 .content__video')\">\n                                                                                                                                <picture class=\"content__image\">\n                                    <source srcset=\"https:\/\/stiftadmont.at\/wp-content\/uploads\/Pillhofer_liegender-Mann-1024x810.webp\" type=\"image\/webp\">\n                                    <source srcset=\"https:\/\/stiftadmont.at\/wp-content\/uploads\/Pillhofer_liegender-Mann-1024x810.jpg\" type=\"image\/jpeg\">\n                                    <img decoding=\"async\" class=\"content__image\" loading=\"lazy\" src=\"https:\/\/stiftadmont.at\/wp-content\/uploads\/Pillhofer_liegender-Mann-1024x810.png\" alt=\"Pillhofer k\u0142amca\" width=\"600\" height=\"450\" \/>\n                                <\/picture>\n\n                                <span class=\"overlay-dark\"><\/span>\n                                <span class=\"content-overlay\"><\/span>\n                                <div class=\"content__plaque\">\n                                    <div class=\"content__plaque-inner\">\n                                        <span><i class=\"fas fa-play content__icon\"><\/i><\/span>\n                                        <p class=\"paragraph-m\">Gra\u0107<\/p>\n                                    <\/div>\n                                <\/div>\n                            <\/a>\n                        \n                                    <\/div>\n            \n            <\/div>\n<\/div>\n\n<\/section>","protected":false},"excerpt":{"rendered":"","protected":false},"author":7,"featured_media":39253,"parent":0,"menu_order":0,"comment_status":"closed","ping_status":"closed","template":"","meta":{"_acf_changed":false,"footnotes":""},"categories":[],"class_list":["post-39264","page","type-page","status-publish","has-post-thumbnail","hentry"],"acf":[],"yoast_head":"<!-- This site is optimized with the Yoast SEO Premium plugin v26.0 (Yoast SEO v26.8) - https:\/\/yoast.com\/product\/yoast-seo-premium-wordpress\/ -->\n<title>Aktuelle Kunst in alten Mauern - Stift Admont<\/title>\n<meta name=\"robots\" content=\"index, follow, max-snippet:-1, max-image-preview:large, max-video-preview:-1\" \/>\n<link rel=\"canonical\" href=\"https:\/\/stiftadmont.at\/pl\/sztuka-wspolczesna-w-starych-murach-2026\/\" \/>\n<meta property=\"og:locale\" content=\"pl_PL\" \/>\n<meta property=\"og:type\" content=\"article\" \/>\n<meta property=\"og:title\" content=\"Aktuelle Kunst in alten Mauern\" \/>\n<meta property=\"og:url\" content=\"https:\/\/stiftadmont.at\/pl\/sztuka-wspolczesna-w-starych-murach-2026\/\" \/>\n<meta property=\"og:site_name\" content=\"Stift Admont\" \/>\n<meta property=\"article:modified_time\" content=\"2026-03-17T10:53:20+00:00\" \/>\n<meta property=\"og:image\" content=\"https:\/\/stiftadmont.at\/wp-content\/uploads\/Schwarz_verletzt-1024x687.png\" \/>\n\t<meta property=\"og:image:width\" content=\"1024\" \/>\n\t<meta property=\"og:image:height\" content=\"687\" \/>\n\t<meta property=\"og:image:type\" content=\"image\/png\" \/>\n<meta name=\"twitter:card\" content=\"summary_large_image\" \/>\n<meta name=\"twitter:label1\" content=\"Szacowany czas czytania\" \/>\n\t<meta name=\"twitter:data1\" content=\"1 minuta\" \/>\n<script type=\"application\/ld+json\" class=\"yoast-schema-graph\">{\"@context\":\"https:\/\/schema.org\",\"@graph\":[{\"@type\":\"WebPage\",\"@id\":\"https:\/\/stiftadmont.at\/aktuelle-kunst-in-alten-mauern-2026\/\",\"url\":\"https:\/\/stiftadmont.at\/aktuelle-kunst-in-alten-mauern-2026\/\",\"name\":\"Aktuelle Kunst in alten Mauern - Stift Admont\",\"isPartOf\":{\"@id\":\"https:\/\/stiftadmont.at\/#website\"},\"primaryImageOfPage\":{\"@id\":\"https:\/\/stiftadmont.at\/aktuelle-kunst-in-alten-mauern-2026\/#primaryimage\"},\"image\":{\"@id\":\"https:\/\/stiftadmont.at\/aktuelle-kunst-in-alten-mauern-2026\/#primaryimage\"},\"thumbnailUrl\":\"https:\/\/stiftadmont.at\/wp-content\/uploads\/Schwarz_verletzt.png\",\"datePublished\":\"2026-02-02T11:17:04+00:00\",\"dateModified\":\"2026-03-17T10:53:20+00:00\",\"breadcrumb\":{\"@id\":\"https:\/\/stiftadmont.at\/aktuelle-kunst-in-alten-mauern-2026\/#breadcrumb\"},\"inLanguage\":\"pl-PL\",\"potentialAction\":[{\"@type\":\"ReadAction\",\"target\":[\"https:\/\/stiftadmont.at\/aktuelle-kunst-in-alten-mauern-2026\/\"]}]},{\"@type\":\"ImageObject\",\"inLanguage\":\"pl-PL\",\"@id\":\"https:\/\/stiftadmont.at\/aktuelle-kunst-in-alten-mauern-2026\/#primaryimage\",\"url\":\"https:\/\/stiftadmont.at\/wp-content\/uploads\/Schwarz_verletzt.png\",\"contentUrl\":\"https:\/\/stiftadmont.at\/wp-content\/uploads\/Schwarz_verletzt.png\",\"width\":1894,\"height\":1271,\"caption\":\"Schwarz verletzt\"},{\"@type\":\"BreadcrumbList\",\"@id\":\"https:\/\/stiftadmont.at\/aktuelle-kunst-in-alten-mauern-2026\/#breadcrumb\",\"itemListElement\":[{\"@type\":\"ListItem\",\"position\":1,\"name\":\"Start\",\"item\":\"https:\/\/stiftadmont.at\/\"},{\"@type\":\"ListItem\",\"position\":2,\"name\":\"Aktuelle Kunst in alten Mauern\"}]},{\"@type\":\"WebSite\",\"@id\":\"https:\/\/stiftadmont.at\/#website\",\"url\":\"https:\/\/stiftadmont.at\/\",\"name\":\"Stift Admont\",\"description\":\"Benediktinerkloster und Sehensw\u00fcrdigkeit im Ges\u00e4use\",\"potentialAction\":[{\"@type\":\"SearchAction\",\"target\":{\"@type\":\"EntryPoint\",\"urlTemplate\":\"https:\/\/stiftadmont.at\/?s={search_term_string}\"},\"query-input\":{\"@type\":\"PropertyValueSpecification\",\"valueRequired\":true,\"valueName\":\"search_term_string\"}}],\"inLanguage\":\"pl-PL\"}]}<\/script>\n<!-- \/ Yoast SEO Premium plugin. -->","yoast_head_json":{"title":"Sztuka wsp\u00f3\u0142czesna w starych murach - Opactwo Admont","robots":{"index":"index","follow":"follow","max-snippet":"max-snippet:-1","max-image-preview":"max-image-preview:large","max-video-preview":"max-video-preview:-1"},"canonical":"https:\/\/stiftadmont.at\/pl\/sztuka-wspolczesna-w-starych-murach-2026\/","og_locale":"pl_PL","og_type":"article","og_title":"Aktuelle Kunst in alten Mauern","og_url":"https:\/\/stiftadmont.at\/pl\/sztuka-wspolczesna-w-starych-murach-2026\/","og_site_name":"Stift Admont","article_modified_time":"2026-03-17T10:53:20+00:00","og_image":[{"width":1024,"height":687,"url":"https:\/\/stiftadmont.at\/wp-content\/uploads\/Schwarz_verletzt-1024x687.png","type":"image\/png"}],"twitter_card":"summary_large_image","twitter_misc":{"Szacowany czas czytania":"1 minuta"},"schema":{"@context":"https:\/\/schema.org","@graph":[{"@type":"WebPage","@id":"https:\/\/stiftadmont.at\/aktuelle-kunst-in-alten-mauern-2026\/","url":"https:\/\/stiftadmont.at\/aktuelle-kunst-in-alten-mauern-2026\/","name":"Sztuka wsp\u00f3\u0142czesna w starych murach - Opactwo Admont","isPartOf":{"@id":"https:\/\/stiftadmont.at\/#website"},"primaryImageOfPage":{"@id":"https:\/\/stiftadmont.at\/aktuelle-kunst-in-alten-mauern-2026\/#primaryimage"},"image":{"@id":"https:\/\/stiftadmont.at\/aktuelle-kunst-in-alten-mauern-2026\/#primaryimage"},"thumbnailUrl":"https:\/\/stiftadmont.at\/wp-content\/uploads\/Schwarz_verletzt.png","datePublished":"2026-02-02T11:17:04+00:00","dateModified":"2026-03-17T10:53:20+00:00","breadcrumb":{"@id":"https:\/\/stiftadmont.at\/aktuelle-kunst-in-alten-mauern-2026\/#breadcrumb"},"inLanguage":"pl-PL","potentialAction":[{"@type":"ReadAction","target":["https:\/\/stiftadmont.at\/aktuelle-kunst-in-alten-mauern-2026\/"]}]},{"@type":"ImageObject","inLanguage":"pl-PL","@id":"https:\/\/stiftadmont.at\/aktuelle-kunst-in-alten-mauern-2026\/#primaryimage","url":"https:\/\/stiftadmont.at\/wp-content\/uploads\/Schwarz_verletzt.png","contentUrl":"https:\/\/stiftadmont.at\/wp-content\/uploads\/Schwarz_verletzt.png","width":1894,"height":1271,"caption":"Schwarz verletzt"},{"@type":"BreadcrumbList","@id":"https:\/\/stiftadmont.at\/aktuelle-kunst-in-alten-mauern-2026\/#breadcrumb","itemListElement":[{"@type":"ListItem","position":1,"name":"Start","item":"https:\/\/stiftadmont.at\/"},{"@type":"ListItem","position":2,"name":"Aktuelle Kunst in alten Mauern"}]},{"@type":"WebSite","@id":"https:\/\/stiftadmont.at\/#website","url":"https:\/\/stiftadmont.at\/","name":"Opactwo Admont","description":"Benedykty\u0144ski klasztor i atrakcja turystyczna w Ges\u00e4use","potentialAction":[{"@type":"SearchAction","target":{"@type":"EntryPoint","urlTemplate":"https:\/\/stiftadmont.at\/?s={search_term_string}"},"query-input":{"@type":"PropertyValueSpecification","valueRequired":true,"valueName":"search_term_string"}}],"inLanguage":"pl-PL"}]}},"_links":{"self":[{"href":"https:\/\/stiftadmont.at\/pl\/wp-json\/wp\/v2\/pages\/39264","targetHints":{"allow":["GET"]}}],"collection":[{"href":"https:\/\/stiftadmont.at\/pl\/wp-json\/wp\/v2\/pages"}],"about":[{"href":"https:\/\/stiftadmont.at\/pl\/wp-json\/wp\/v2\/types\/page"}],"author":[{"embeddable":true,"href":"https:\/\/stiftadmont.at\/pl\/wp-json\/wp\/v2\/users\/7"}],"replies":[{"embeddable":true,"href":"https:\/\/stiftadmont.at\/pl\/wp-json\/wp\/v2\/comments?post=39264"}],"version-history":[{"count":11,"href":"https:\/\/stiftadmont.at\/pl\/wp-json\/wp\/v2\/pages\/39264\/revisions"}],"predecessor-version":[{"id":40494,"href":"https:\/\/stiftadmont.at\/pl\/wp-json\/wp\/v2\/pages\/39264\/revisions\/40494"}],"wp:featuredmedia":[{"embeddable":true,"href":"https:\/\/stiftadmont.at\/pl\/wp-json\/wp\/v2\/media\/39253"}],"wp:attachment":[{"href":"https:\/\/stiftadmont.at\/pl\/wp-json\/wp\/v2\/media?parent=39264"}],"wp:term":[{"taxonomy":"category","embeddable":true,"href":"https:\/\/stiftadmont.at\/pl\/wp-json\/wp\/v2\/categories?post=39264"}],"curies":[{"name":"wp","href":"https:\/\/api.w.org\/{rel}","templated":true}]}}