{"id":39500,"date":"2026-02-11T10:29:10","date_gmt":"2026-02-11T08:29:10","guid":{"rendered":"https:\/\/stiftadmont.at\/?page_id=39500"},"modified":"2026-03-03T23:31:50","modified_gmt":"2026-03-03T21:31:50","slug":"sala-parafialna","status":"publish","type":"page","link":"https:\/\/stiftadmont.at\/pl\/pfarren\/pfarrgemeinschaft-frauenberg-ardning-hall\/pfarre-hall\/","title":{"rendered":"Parafia Hall ko\u0142o Admont"},"content":{"rendered":"<section id='lightpress__section--block_0d847177b85ca19a2ec1db7ebf750aec' class='align-center lightpress__section--default-section-space lightpress__section lightpress__section--headline'><div class=\"headline__container\">\n            <h2 class=\"headline text--40 text-medium line line--gold line-above line-middle\">Parafia Hall<\/h2>\n        <p class=\"text-center text-gold text--20 text-medium text--uppercase\">Tutaj mo\u017cna znale\u017a\u0107 wszystkie informacje o naszej parafii <\/p>\n        <div class=\"spacer--40\"><\/div>\n<\/div>\n\n<\/section>\n\n<section id='lightpress__section--block_ec51897ae434c9c5d318403d03cc0e4c' class='lightpress__section--default-section-space lightpress__section lightpress__section--content'><div class=\"content__inner\"\n         x-init=\"initContentBlockAnim($el)\">\n        \n    <div class=\"content__grid content__grid--fifty-fifty\">\n                                            <div class=\"content__box content__box\"\n                 style=\"\">\n                                \n                \n                                        <div class=\"content__media stickyTo\" x-init=\"imageSticky($el)\">\n\n                                                                                                <picture\n                                class=\"content__image sticky\">\n                            <source srcset=\"https:\/\/stiftadmont.at\/wp-content\/uploads\/Hall-1-1024x682.jpg\"\n                                    type=\"image\/webp\">\n                            <source srcset=\"https:\/\/stiftadmont.at\/wp-content\/uploads\/Hall-1-1024x682.jpg\"\n                                    type=\"image\/jpeg\">\n                            <img decoding=\"async\" loading=\"lazy\" src=\"https:\/\/stiftadmont.at\/wp-content\/uploads\/Hall-1-1024x682.jpg\" alt=\"Hall\" width=\"600\" height=\"450\" \/>\n                                                                                                            <\/picture>\n\n                    <\/div>\n\n                            <\/div>\n        \n                                                    <div class=\"content__box content__box--2\"\n                     >\n                                        \n                    \n                                                    <div class=\"prose\"><h5 class=\"heading-m line line-above line--gold\"><strong>O parafii Hall ko\u0142o Admont<\/strong><\/h5>\n<p>\u00a0<\/p>\n<p>Parafia Hall bei Admont jest cz\u0119\u015bci\u0105 wsp\u00f3lnoty parafialnej Frauenberg-Ardning-Hall i znajduje si\u0119 na obszarze duszpasterskim Admont. Ko\u015bci\u00f3\u0142 parafialny po\u015bwi\u0119cony jest \u015awi\u0119temu Krzy\u017cowi (\u015bwi\u0119to tytu\u0142owe \u201ePodwy\u017cszenie Krzy\u017ca\u201c, 14 wrze\u015bnia).<\/p>\n<p>\u00a0<\/p>\n<p>Pierwszy ko\u015bci\u00f3\u0142 w Hall zosta\u0142 zbudowany w latach 1094\/95, ale zosta\u0142 znacznie przebudowany w okresie baroku.<\/p>\n<p>\u00a0<\/p>\n<p><strong>Patrocinium:<\/strong> \u015awi\u0119ty Krzy\u017c (podwy\u017cszenie), 14 wrze\u015bnia<\/p>\n<p><strong>Dzie\u0144 Adoracji:<\/strong> 8 grudnia<\/p>\n<p><strong>Lokalizacja: <\/strong>1675<\/p>\n<p><strong>Ko\u015bci\u00f3\u0142 erb..:<\/strong> 1094\/95 (1630)<\/p>\n<p><strong>Rejestry: <\/strong>1709<\/p>\n<p><strong>Kaplica mszalna:<\/strong> Hlgst. Naj\u015bwi\u0119tsze Serce Jezusa w domku my\u015bliwskim w Liechtensteinie<\/p>\n<p><strong>Ko\u015bci\u00f3\u0142 parafialny:<\/strong> Ko\u015bci\u00f3\u0142 parafialny \u015awi\u0119tego Krzy\u017ca<\/p>\n<p>\u00a0<\/p>\n<p><a class=\"admont-button admont-button--secondary\" href=\"https:\/\/discover.matterport.com\/space\/E3Kcv88rwaf\" target=\"_blank\" rel=\"noopener\">WIRTUALNA WYCIECZKA PO KO\u015aCIELE PARAFIALNYM<\/a><\/p>\n<p>\u00a0<\/p>\n<\/div>\n                        \n                                    <\/div>\n            \n            <\/div>\n<\/div>\n\n<\/section>\n\n<section id='lightpress__section--block_e4ef38316f115f41796a8fbff74a94a2' class='lightpress__section--more-links--950 lightpress__section--full-width lightpress__section--default-section-space lightpress__section lightpress__section--more-links'><div class=\"more\" x-init=\"initMoreLinksBlockAnim($el)\">\n            <style>\n            #lightpress__section--block_e4ef38316f115f41796a8fbff74a94a2 .more {\n                --entry-width: calc(100% \/ 4 - var(--grid-gap) * 4);\n                grid-template-columns: repeat(auto-fit, minmax(max(var(--entry-width),50rem), 1fr));\n            }\n        <\/style>\n    \n                    <a class=\"more__link\" href=\"https:\/\/stiftadmont.at\/pl\/parafie\/wspolnota-parafialna-frauenberg-ardning-hall\/sala-parafialna\/kosciol-parafialny\/\">\n            <div class=\"more__media\">\n                                    <picture class=\"more__image\">\n                        <source srcset=\"https:\/\/stiftadmont.at\/wp-content\/uploads\/4c71e070843a59d63bedad533a6bf9e3_XL-1024x683.webp\" type=\"image\/webp\">\n                        <source srcset=\"https:\/\/stiftadmont.at\/wp-content\/uploads\/4c71e070843a59d63bedad533a6bf9e3_XL-1024x683.jpg\" type=\"image\/jpeg\">\n                        <img decoding=\"async\" loading=\"lazy\" src=\"https:\/\/stiftadmont.at\/wp-content\/uploads\/4c71e070843a59d63bedad533a6bf9e3_XL-1024x683.jpg\" alt=\"Sala parafialna\" \/>\n                    <\/picture>\n                            <\/div>\n            <div class=\"more__content\">\n                <div class=\"more__title--container\">\n                                            \n                                                                            \n                        <p class=\"text-bold text-white text--serif text--26\">O naszym ko\u015bciele parafialnym<\/p>\n                                                            <\/div>\n                                    <div class=\"more__cta\">\n                        <i class=\"fa-thin fa-chevron-right\"><\/i>\n                    <\/div>\n                            <\/div>\n        <\/a>\n                    <a class=\"more__link\" href=\"https:\/\/stiftadmont.at\/pl\/parafie\/wspolnota-parafialna-frauenberg-ardning-hall\/sala-parafialna\/uslugi\/\">\n            <div class=\"more__media\">\n                                    <picture class=\"more__image\">\n                        <source srcset=\"https:\/\/stiftadmont.at\/wp-content\/uploads\/Hall_11-545x1024.webp\" type=\"image\/webp\">\n                        <source srcset=\"https:\/\/stiftadmont.at\/wp-content\/uploads\/Hall_11-545x1024.jpg\" type=\"image\/jpeg\">\n                        <img decoding=\"async\" loading=\"lazy\" src=\"https:\/\/stiftadmont.at\/wp-content\/uploads\/Hall_11-545x1024.jpg\" alt=\"Hall\" \/>\n                    <\/picture>\n                            <\/div>\n            <div class=\"more__content\">\n                <div class=\"more__title--container\">\n                                            \n                                                                            \n                        <p class=\"text-bold text-white text--serif text--26\">Uwielbienie i modlitwa<\/p>\n                                                            <\/div>\n                                    <div class=\"more__cta\">\n                        <i class=\"fa-thin fa-chevron-right\"><\/i>\n                    <\/div>\n                            <\/div>\n        <\/a>\n                    <a class=\"more__link\" href=\"https:\/\/stiftadmont.at\/pl\/parafie\/parafia-frauenberg-an-der-enns\/\">\n            <div class=\"more__media\">\n                                    <picture class=\"more__image\">\n                        <source srcset=\"https:\/\/stiftadmont.at\/wp-content\/uploads\/Hall-1-1024x682.webp\" type=\"image\/webp\">\n                        <source srcset=\"https:\/\/stiftadmont.at\/wp-content\/uploads\/Hall-1-1024x682.jpg\" type=\"image\/jpeg\">\n                        <img decoding=\"async\" loading=\"lazy\" src=\"https:\/\/stiftadmont.at\/wp-content\/uploads\/Hall-1-1024x682.jpg\" alt=\"Hall\" \/>\n                    <\/picture>\n                            <\/div>\n            <div class=\"more__content\">\n                <div class=\"more__title--container\">\n                                            \n                                                                            \n                        <p class=\"text-bold text-white text--serif text--26\">Najnowsze wiadomo\u015bci<\/p>\n                                                            <\/div>\n                                    <div class=\"more__cta\">\n                        <i class=\"fa-thin fa-chevron-right\"><\/i>\n                    <\/div>\n                            <\/div>\n        <\/a>\n                    <a class=\"more__link\" href=\"https:\/\/stiftadmont.at\/pl\/parafie\/wspolnota-parafialna-frauenberg-ardning-hall\/sala-parafialna\/kontakt\/\">\n            <div class=\"more__media\">\n                                    <picture class=\"more__image\">\n                        <source srcset=\"https:\/\/stiftadmont.at\/wp-content\/uploads\/hall-3-1024x556.webp\" type=\"image\/webp\">\n                        <source srcset=\"https:\/\/stiftadmont.at\/wp-content\/uploads\/hall-3-1024x556.jpg\" type=\"image\/jpeg\">\n                        <img decoding=\"async\" loading=\"lazy\" src=\"https:\/\/stiftadmont.at\/wp-content\/uploads\/hall-3-1024x556.jpg\" alt=\"pog\u0142os\" \/>\n                    <\/picture>\n                            <\/div>\n            <div class=\"more__content\">\n                <div class=\"more__title--container\">\n                                            \n                                                                            \n                        <p class=\"text-bold text-white text--serif text--26\">Kontakt i godziny pracy<\/p>\n                                                            <\/div>\n                                    <div class=\"more__cta\">\n                        <i class=\"fa-thin fa-chevron-right\"><\/i>\n                    <\/div>\n                            <\/div>\n        <\/a>\n    \n<\/div>\n\n<\/section>","protected":false},"excerpt":{"rendered":"","protected":false},"author":7,"featured_media":3325,"parent":33540,"menu_order":0,"comment_status":"closed","ping_status":"closed","template":"","meta":{"_acf_changed":false,"footnotes":""},"categories":[],"class_list":["post-39500","page","type-page","status-publish","has-post-thumbnail","hentry"],"acf":[],"yoast_head":"<!-- This site is optimized with the Yoast SEO Premium plugin v26.0 (Yoast SEO v26.8) - https:\/\/yoast.com\/product\/yoast-seo-premium-wordpress\/ -->\n<title>Pfarre Hall bei Admont - Stift Admont<\/title>\n<meta name=\"robots\" content=\"index, follow, max-snippet:-1, max-image-preview:large, max-video-preview:-1\" \/>\n<link rel=\"canonical\" href=\"https:\/\/stiftadmont.at\/pl\/parafie\/wspolnota-parafialna-frauenberg-ardning-hall\/sala-parafialna\/\" \/>\n<meta property=\"og:locale\" content=\"pl_PL\" \/>\n<meta property=\"og:type\" content=\"article\" \/>\n<meta property=\"og:title\" content=\"Pfarre Hall bei Admont\" \/>\n<meta property=\"og:url\" content=\"https:\/\/stiftadmont.at\/pl\/parafie\/wspolnota-parafialna-frauenberg-ardning-hall\/sala-parafialna\/\" \/>\n<meta property=\"og:site_name\" content=\"Stift Admont\" \/>\n<meta property=\"article:modified_time\" content=\"2026-03-03T21:31:50+00:00\" \/>\n<meta property=\"og:image\" content=\"https:\/\/stiftadmont.at\/wp-content\/uploads\/4c71e070843a59d63bedad533a6bf9e3_XL.jpg\" \/>\n\t<meta property=\"og:image:width\" content=\"1920\" \/>\n\t<meta property=\"og:image:height\" content=\"1280\" \/>\n\t<meta property=\"og:image:type\" content=\"image\/jpeg\" \/>\n<meta name=\"twitter:card\" content=\"summary_large_image\" \/>\n<meta name=\"twitter:label1\" content=\"Szacowany czas czytania\" \/>\n\t<meta name=\"twitter:data1\" content=\"1 minuta\" \/>\n<script type=\"application\/ld+json\" class=\"yoast-schema-graph\">{\"@context\":\"https:\/\/schema.org\",\"@graph\":[{\"@type\":\"WebPage\",\"@id\":\"https:\/\/stiftadmont.at\/pfarren\/pfarrgemeinschaft-frauenberg-ardning-hall\/pfarre-hall\/\",\"url\":\"https:\/\/stiftadmont.at\/pfarren\/pfarrgemeinschaft-frauenberg-ardning-hall\/pfarre-hall\/\",\"name\":\"Pfarre Hall bei Admont - Stift Admont\",\"isPartOf\":{\"@id\":\"https:\/\/stiftadmont.at\/#website\"},\"primaryImageOfPage\":{\"@id\":\"https:\/\/stiftadmont.at\/pfarren\/pfarrgemeinschaft-frauenberg-ardning-hall\/pfarre-hall\/#primaryimage\"},\"image\":{\"@id\":\"https:\/\/stiftadmont.at\/pfarren\/pfarrgemeinschaft-frauenberg-ardning-hall\/pfarre-hall\/#primaryimage\"},\"thumbnailUrl\":\"https:\/\/stiftadmont.at\/wp-content\/uploads\/4c71e070843a59d63bedad533a6bf9e3_XL.jpg\",\"datePublished\":\"2026-02-11T08:29:10+00:00\",\"dateModified\":\"2026-03-03T21:31:50+00:00\",\"breadcrumb\":{\"@id\":\"https:\/\/stiftadmont.at\/pfarren\/pfarrgemeinschaft-frauenberg-ardning-hall\/pfarre-hall\/#breadcrumb\"},\"inLanguage\":\"pl-PL\",\"potentialAction\":[{\"@type\":\"ReadAction\",\"target\":[\"https:\/\/stiftadmont.at\/pfarren\/pfarrgemeinschaft-frauenberg-ardning-hall\/pfarre-hall\/\"]}]},{\"@type\":\"ImageObject\",\"inLanguage\":\"pl-PL\",\"@id\":\"https:\/\/stiftadmont.at\/pfarren\/pfarrgemeinschaft-frauenberg-ardning-hall\/pfarre-hall\/#primaryimage\",\"url\":\"https:\/\/stiftadmont.at\/wp-content\/uploads\/4c71e070843a59d63bedad533a6bf9e3_XL.jpg\",\"contentUrl\":\"https:\/\/stiftadmont.at\/wp-content\/uploads\/4c71e070843a59d63bedad533a6bf9e3_XL.jpg\",\"width\":1920,\"height\":1280,\"caption\":\"Pfarre Hall\"},{\"@type\":\"BreadcrumbList\",\"@id\":\"https:\/\/stiftadmont.at\/pfarren\/pfarrgemeinschaft-frauenberg-ardning-hall\/pfarre-hall\/#breadcrumb\",\"itemListElement\":[{\"@type\":\"ListItem\",\"position\":1,\"name\":\"Start\",\"item\":\"https:\/\/stiftadmont.at\/\"},{\"@type\":\"ListItem\",\"position\":2,\"name\":\"Pfarren\",\"item\":\"https:\/\/stiftadmont.at\/pfarren\/\"},{\"@type\":\"ListItem\",\"position\":3,\"name\":\"Pfarrgemeinschaft Frauenberg-Ardning-Hall\",\"item\":\"https:\/\/stiftadmont.at\/pfarren\/pfarrgemeinschaft-frauenberg-ardning-hall\/\"},{\"@type\":\"ListItem\",\"position\":4,\"name\":\"Pfarre Hall bei Admont\"}]},{\"@type\":\"WebSite\",\"@id\":\"https:\/\/stiftadmont.at\/#website\",\"url\":\"https:\/\/stiftadmont.at\/\",\"name\":\"Stift Admont\",\"description\":\"Benediktinerkloster und Sehensw\u00fcrdigkeit im Ges\u00e4use\",\"potentialAction\":[{\"@type\":\"SearchAction\",\"target\":{\"@type\":\"EntryPoint\",\"urlTemplate\":\"https:\/\/stiftadmont.at\/?s={search_term_string}\"},\"query-input\":{\"@type\":\"PropertyValueSpecification\",\"valueRequired\":true,\"valueName\":\"search_term_string\"}}],\"inLanguage\":\"pl-PL\"}]}<\/script>\n<!-- \/ Yoast SEO Premium plugin. -->","yoast_head_json":{"title":"Parafia Hall ko\u0142o Admont - Opactwo Admont","robots":{"index":"index","follow":"follow","max-snippet":"max-snippet:-1","max-image-preview":"max-image-preview:large","max-video-preview":"max-video-preview:-1"},"canonical":"https:\/\/stiftadmont.at\/pl\/parafie\/wspolnota-parafialna-frauenberg-ardning-hall\/sala-parafialna\/","og_locale":"pl_PL","og_type":"article","og_title":"Pfarre Hall bei Admont","og_url":"https:\/\/stiftadmont.at\/pl\/parafie\/wspolnota-parafialna-frauenberg-ardning-hall\/sala-parafialna\/","og_site_name":"Stift Admont","article_modified_time":"2026-03-03T21:31:50+00:00","og_image":[{"width":1920,"height":1280,"url":"https:\/\/stiftadmont.at\/wp-content\/uploads\/4c71e070843a59d63bedad533a6bf9e3_XL.jpg","type":"image\/jpeg"}],"twitter_card":"summary_large_image","twitter_misc":{"Szacowany czas czytania":"1 minuta"},"schema":{"@context":"https:\/\/schema.org","@graph":[{"@type":"WebPage","@id":"https:\/\/stiftadmont.at\/pfarren\/pfarrgemeinschaft-frauenberg-ardning-hall\/pfarre-hall\/","url":"https:\/\/stiftadmont.at\/pfarren\/pfarrgemeinschaft-frauenberg-ardning-hall\/pfarre-hall\/","name":"Parafia Hall ko\u0142o Admont - Opactwo Admont","isPartOf":{"@id":"https:\/\/stiftadmont.at\/#website"},"primaryImageOfPage":{"@id":"https:\/\/stiftadmont.at\/pfarren\/pfarrgemeinschaft-frauenberg-ardning-hall\/pfarre-hall\/#primaryimage"},"image":{"@id":"https:\/\/stiftadmont.at\/pfarren\/pfarrgemeinschaft-frauenberg-ardning-hall\/pfarre-hall\/#primaryimage"},"thumbnailUrl":"https:\/\/stiftadmont.at\/wp-content\/uploads\/4c71e070843a59d63bedad533a6bf9e3_XL.jpg","datePublished":"2026-02-11T08:29:10+00:00","dateModified":"2026-03-03T21:31:50+00:00","breadcrumb":{"@id":"https:\/\/stiftadmont.at\/pfarren\/pfarrgemeinschaft-frauenberg-ardning-hall\/pfarre-hall\/#breadcrumb"},"inLanguage":"pl-PL","potentialAction":[{"@type":"ReadAction","target":["https:\/\/stiftadmont.at\/pfarren\/pfarrgemeinschaft-frauenberg-ardning-hall\/pfarre-hall\/"]}]},{"@type":"ImageObject","inLanguage":"pl-PL","@id":"https:\/\/stiftadmont.at\/pfarren\/pfarrgemeinschaft-frauenberg-ardning-hall\/pfarre-hall\/#primaryimage","url":"https:\/\/stiftadmont.at\/wp-content\/uploads\/4c71e070843a59d63bedad533a6bf9e3_XL.jpg","contentUrl":"https:\/\/stiftadmont.at\/wp-content\/uploads\/4c71e070843a59d63bedad533a6bf9e3_XL.jpg","width":1920,"height":1280,"caption":"Pfarre Hall"},{"@type":"BreadcrumbList","@id":"https:\/\/stiftadmont.at\/pfarren\/pfarrgemeinschaft-frauenberg-ardning-hall\/pfarre-hall\/#breadcrumb","itemListElement":[{"@type":"ListItem","position":1,"name":"Start","item":"https:\/\/stiftadmont.at\/"},{"@type":"ListItem","position":2,"name":"Pfarren","item":"https:\/\/stiftadmont.at\/pfarren\/"},{"@type":"ListItem","position":3,"name":"Pfarrgemeinschaft Frauenberg-Ardning-Hall","item":"https:\/\/stiftadmont.at\/pfarren\/pfarrgemeinschaft-frauenberg-ardning-hall\/"},{"@type":"ListItem","position":4,"name":"Pfarre Hall bei Admont"}]},{"@type":"WebSite","@id":"https:\/\/stiftadmont.at\/#website","url":"https:\/\/stiftadmont.at\/","name":"Opactwo Admont","description":"Benedykty\u0144ski klasztor i atrakcja turystyczna w Ges\u00e4use","potentialAction":[{"@type":"SearchAction","target":{"@type":"EntryPoint","urlTemplate":"https:\/\/stiftadmont.at\/?s={search_term_string}"},"query-input":{"@type":"PropertyValueSpecification","valueRequired":true,"valueName":"search_term_string"}}],"inLanguage":"pl-PL"}]}},"_links":{"self":[{"href":"https:\/\/stiftadmont.at\/pl\/wp-json\/wp\/v2\/pages\/39500","targetHints":{"allow":["GET"]}}],"collection":[{"href":"https:\/\/stiftadmont.at\/pl\/wp-json\/wp\/v2\/pages"}],"about":[{"href":"https:\/\/stiftadmont.at\/pl\/wp-json\/wp\/v2\/types\/page"}],"author":[{"embeddable":true,"href":"https:\/\/stiftadmont.at\/pl\/wp-json\/wp\/v2\/users\/7"}],"replies":[{"embeddable":true,"href":"https:\/\/stiftadmont.at\/pl\/wp-json\/wp\/v2\/comments?post=39500"}],"version-history":[{"count":10,"href":"https:\/\/stiftadmont.at\/pl\/wp-json\/wp\/v2\/pages\/39500\/revisions"}],"predecessor-version":[{"id":39922,"href":"https:\/\/stiftadmont.at\/pl\/wp-json\/wp\/v2\/pages\/39500\/revisions\/39922"}],"up":[{"embeddable":true,"href":"https:\/\/stiftadmont.at\/pl\/wp-json\/wp\/v2\/pages\/33540"}],"wp:featuredmedia":[{"embeddable":true,"href":"https:\/\/stiftadmont.at\/pl\/wp-json\/wp\/v2\/media\/3325"}],"wp:attachment":[{"href":"https:\/\/stiftadmont.at\/pl\/wp-json\/wp\/v2\/media?parent=39500"}],"wp:term":[{"taxonomy":"category","embeddable":true,"href":"https:\/\/stiftadmont.at\/pl\/wp-json\/wp\/v2\/categories?post=39500"}],"curies":[{"name":"wp","href":"https:\/\/api.w.org\/{rel}","templated":true}]}}