{"id":39507,"date":"2026-02-11T10:40:05","date_gmt":"2026-02-11T08:40:05","guid":{"rendered":"https:\/\/stiftadmont.at\/?page_id=39507"},"modified":"2026-02-11T15:46:07","modified_gmt":"2026-02-11T13:46:07","slug":"historia","status":"publish","type":"page","link":"https:\/\/stiftadmont.at\/pl\/pfarren\/pfarrgemeinschaft-frauenberg-ardning-hall\/pfarre-hall\/geschichte\/","title":{"rendered":"Historia"},"content":{"rendered":"<section id='lightpress__section--block_bef68c31e97817ff911f8626d746df91' class='align-center lightpress__section--default-section-space lightpress__section lightpress__section--headline'><div class=\"headline__container\">\n            <h2 class=\"headline text--40 text-medium line line--gold line-above line-middle\">Geschichte der Pfarre Hall<\/h2>\n        <p class=\"text-center text-gold text--20 text-medium text--uppercase\">Hier finden Sie Informationen zur Geschichte unserer Pfarre<\/p>\n        <div class=\"spacer--40\"><\/div>\n<\/div>\n\n<\/section>\n\n<section id='lightpress__section--block_6de9e92e5d1a0f9025a8cf13a4673484' class='lightpress__section--default-section-space lightpress__section lightpress__section--content'><div class=\"content__inner\"\n         x-init=\"initContentBlockAnim($el)\">\n        \n    <div class=\"content__grid content__grid--fifty-fifty\">\n                                            <div class=\"content__box content__box\"\n                 style=\"\">\n                                \n                \n                                            <div class=\"prose\"><p>Bereits in der zweiten H\u00e4lfte des 11. Jahrhunderts wurde in Hall eine Kirche errichtet, wahrscheinlich kurz nach der Gr\u00fcndung der Benediktinerabtei Admont (1074). 1095 erfolgte die Weihe dieser ersten Kirche durch den Salzburger Erzbischof Thiemo. Diese fr\u00fche Errichtung einer Kirche in Hall h\u00e4ngt mit der bereits vorhandenen Infrastruktur f\u00fcr den Salzabbau zusammen, der dem Ort auch seinen Namen gab. Die erste Kirche in Hall d\u00fcrfte bereits dem Heiligen Kreuz geweiht gewesen sein und blieb eine Filiale der gro\u00dfen Mutterpfarre St. Amandus in Admont. Patres des Stiftes Admont versehen seither die Seelsorge in Hall, wenngleich bis ins fr\u00fche 17. Jahrhundert nur an Freitagen Gottesdienste gefeiert wurden (diese Freitagsgottesdienste haben sich bis heute erhalten). Regelm\u00e4\u00dfige Messfeiern an Sonn- und Festtagen sind erst ab 1675 belegt.<\/p>\n<p>\u00a0<\/p>\n<p>Die Heilig Kreuz-Kirche wurde in der Neuzeit immer wieder verschiedensten Renovierungs- und Umbauarbeiten unterzogen.\u00a0<\/p>\n<p>\u00a0<\/p>\n<\/div>\n                    \n                            <\/div>\n        \n                                                    <div class=\"content__box content__box--2\"\n                     >\n                                        \n                    \n                                                    <div class=\"prose\"><p>Ma\u00dfgeblich waren hierbei die Arbeiten in der ersten H\u00e4lfte des 18. Jahrhunderts, die dem Kirchenbau seine gegenw\u00e4rtige Gestalt verliehen. Zu Beginn des 20. Jahrhunderts wurde der barocke Tabernakelaufbau (Veit K\u00f6niger, 1776) aus der Pfarrkirche hl. Bartholom\u00e4us in Landlnach Hall \u00fcbertragen. Wenig sp\u00e4ter erwarb man auch die dazu passende Barockmonstranz.<\/p>\n<p>\u00a0<\/p>\n<p>Im Zuge von Renovierungsarbeiten im Inneren (1984) wurden an der Altarwand Seccomalereien aus dem 18. Jahrhundert entdeckt, die man freilegen konnte. 1995 wurde die 900-Jahr-Feier der Kirche in Hall begangen. 2013 wurde die Kirche im Innenbereich ausgemalt und teilweise umgestaltet. Zeitgleich erhielt der Kirchturm ein neues Holzschindeldach und eine vierte Glocke; auch das Turmkreuz wurde erneuert. 2014 erfolgte schlie\u00dflich die Gesamt-Au\u00dfenrenovierung der Kirche. Seit 2015 bildet die Pfarre Hall bei Admont mit der Pfarre Frauenberg an der Enns und Ardning einen Pfarrverband.<\/p>\n<\/div>\n                        \n                                    <\/div>\n            \n            <\/div>\n<\/div>\n\n<\/section>\n\n<section id='lightpress__section--block_388e370b5d90a84ac21e4a9968d37ad9' class='bg--beige lightpress__section--colored-bg lightpress__section--default-section-space lightpress__section lightpress__section--content'><div class=\"content__inner\"\n         x-init=\"initContentBlockAnim($el)\">\n        \n    <div class=\"content__grid content__grid--fifty-fifty\">\n                                            <div class=\"content__box content__box\"\n                 style=\"\">\n                                \n                \n                                            <div class=\"prose\"><h5 class=\"heading-m line line-above line--gold\">Wallfahrten<\/h5>\n<p>\u00a0<\/p>\n<p>Die Haller Heilig Kreuz-Kirche wurde im Laufe der Jahrhunderte mit Reliquien ausgestattet, die einen Bezug zum Leiden und Sterben Jesu haben und die Ziel von Wallfahrern und Pilgern wurden. Erw\u00e4hnenswert sind die beiden gro\u00dfen Reliquienschreine am Hochaltar, mit zwei Ber\u00fchrungsreliquien (Lanze und Nagel). Au\u00dferdem eine Monstranz mit einem Partikel vom Kreuz Jesu. Dieser wurde 1703 von Leonhard Graf Moggau der Haller Kirche geschenkt und in einer Monstranz (aus dem Stift G\u00f6ss) gefasst.<\/p>\n<p>\u00a0<\/p>\n<p>In der Barockzeit sind gro\u00dfe Wallfahrten nach Hall belegt: Gaishorn am See, Sankt Gallen, Weng im Ges\u00e4use und Admont. Regionale Wallfahrten kommen bis heute nach Hall.<\/p>\n<p><span data-mce-type=\"bookmark\" style=\"display: inline-block; width: 0px; overflow: hidden; line-height: 0;\" class=\"mce_SELRES_start\">\ufeff<\/span><\/p>\n<\/div>\n                    \n                            <\/div>\n        \n                                                    <div class=\"content__box content__box--2\"\n                     >\n                                        \n                    \n                                                <div class=\"content__media stickyTo\" x-init=\"imageSticky($el)\">\n\n                                                                                    <picture\n                                    class=\"content__image sticky\">\n                                <source srcset=\"https:\/\/stiftadmont.at\/wp-content\/uploads\/Hall_9-739x1024.webp\" type=\"image\/webp\">\n                                <source srcset=\"https:\/\/stiftadmont.at\/wp-content\/uploads\/Hall_9-739x1024.jpg\" type=\"image\/jpeg\">\n                                <img decoding=\"async\" class=\"sticky\" loading=\"lazy\" src=\"https:\/\/stiftadmont.at\/wp-content\/uploads\/Hall_9-739x1024.jpg\" alt=\"Hall\" \/>\n\n                                                                                                                            <\/picture>\n\n                        <\/div>\n\n                                    <\/div>\n            \n            <\/div>\n<\/div>\n\n    <div class=\"background__container background__container--beige\">\n    <\/div>\n\n<\/section>\n\n<section id='lightpress__section--block_6b343b9886199e5dad8b81911f9f6f76' class='lightpress__section--default-section-space lightpress__section lightpress__section--image-slider'>\n<div class=\"image-slider\"\n     x-data=\"{ gallery: null, shown: false }\"\n     x-init=\"gallery = initSliderGallery([{&quot;href&quot;:&quot;https:\\\/\\\/stiftadmont.at\\\/wp-content\\\/uploads\\\/hall-4.jpg&quot;,&quot;type&quot;:&quot;image&quot;},{&quot;href&quot;:&quot;https:\\\/\\\/stiftadmont.at\\\/wp-content\\\/uploads\\\/hall-3.jpg&quot;,&quot;type&quot;:&quot;image&quot;},{&quot;href&quot;:&quot;https:\\\/\\\/stiftadmont.at\\\/wp-content\\\/uploads\\\/Hall-2.jpg&quot;,&quot;type&quot;:&quot;image&quot;},{&quot;href&quot;:&quot;https:\\\/\\\/stiftadmont.at\\\/wp-content\\\/uploads\\\/Hall-1.jpg&quot;,&quot;type&quot;:&quot;image&quot;},{&quot;href&quot;:&quot;https:\\\/\\\/stiftadmont.at\\\/wp-content\\\/uploads\\\/Hall_5.jpg&quot;,&quot;type&quot;:&quot;image&quot;},{&quot;href&quot;:&quot;https:\\\/\\\/stiftadmont.at\\\/wp-content\\\/uploads\\\/Hall_6.jpg&quot;,&quot;type&quot;:&quot;image&quot;},{&quot;href&quot;:&quot;https:\\\/\\\/stiftadmont.at\\\/wp-content\\\/uploads\\\/Hall_8.jpg&quot;,&quot;type&quot;:&quot;image&quot;},{&quot;href&quot;:&quot;https:\\\/\\\/stiftadmont.at\\\/wp-content\\\/uploads\\\/Hall_9.jpg&quot;,&quot;type&quot;:&quot;image&quot;},{&quot;href&quot;:&quot;https:\\\/\\\/stiftadmont.at\\\/wp-content\\\/uploads\\\/Hall_10.jpg&quot;,&quot;type&quot;:&quot;image&quot;},{&quot;href&quot;:&quot;https:\\\/\\\/stiftadmont.at\\\/wp-content\\\/uploads\\\/Hall_11.jpg&quot;,&quot;type&quot;:&quot;image&quot;},{&quot;href&quot;:&quot;https:\\\/\\\/stiftadmont.at\\\/wp-content\\\/uploads\\\/Hall_1.jpg&quot;,&quot;type&quot;:&quot;image&quot;},{&quot;href&quot;:&quot;https:\\\/\\\/stiftadmont.at\\\/wp-content\\\/uploads\\\/Hall_2.jpg&quot;,&quot;type&quot;:&quot;image&quot;},{&quot;href&quot;:&quot;https:\\\/\\\/stiftadmont.at\\\/wp-content\\\/uploads\\\/Hall_3.jpg&quot;,&quot;type&quot;:&quot;image&quot;},{&quot;href&quot;:&quot;https:\\\/\\\/stiftadmont.at\\\/wp-content\\\/uploads\\\/Hall_4.jpg&quot;,&quot;type&quot;:&quot;image&quot;}]); initImageSliderBlockAnim($el);\">\n    <div class=\"image-slider__inner\">\n\n        <div class=\"swiper-container\" x-init=\"initImageSliderBlock($el, $refs.btnPrev, $refs.btnNext)\">\n            <div class=\"swiper-wrapper\">\n                                    <div class=\"swiper-slide\">\n                        <div class=\"image-slider__media\">\n                            <img decoding=\"async\" class=\"image-slider__image\"\n                                 src=\"https:\/\/stiftadmont.at\/wp-content\/uploads\/hall-4-768x429.jpg\"\n                                 alt=\"hall\">\n                        <\/div>\n                    <\/div>\n                                    <div class=\"swiper-slide\">\n                        <div class=\"image-slider__media\">\n                            <img decoding=\"async\" class=\"image-slider__image\"\n                                 src=\"https:\/\/stiftadmont.at\/wp-content\/uploads\/hall-3-768x417.jpg\"\n                                 alt=\"hall\">\n                        <\/div>\n                    <\/div>\n                                    <div class=\"swiper-slide\">\n                        <div class=\"image-slider__media\">\n                            <img decoding=\"async\" class=\"image-slider__image\" src=\"https:\/\/stiftadmont.at\/wp-content\/uploads\/Hall-2.jpg\" alt=\"Hall\" \/>\n                        <\/div>\n                    <\/div>\n                                    <div class=\"swiper-slide\">\n                        <div class=\"image-slider__media\">\n                            <img decoding=\"async\" class=\"image-slider__image\"\n                                 src=\"https:\/\/stiftadmont.at\/wp-content\/uploads\/Hall-1-768x511.jpg\"\n                                 alt=\"Hall\">\n                        <\/div>\n                    <\/div>\n                                    <div class=\"swiper-slide\">\n                        <div class=\"image-slider__media\">\n                            <img decoding=\"async\" class=\"image-slider__image\" src=\"https:\/\/stiftadmont.at\/wp-content\/uploads\/Hall_5.jpg\" alt=\"Hall\" \/>\n                        <\/div>\n                    <\/div>\n                                    <div class=\"swiper-slide\">\n                        <div class=\"image-slider__media\">\n                            <img decoding=\"async\" class=\"image-slider__image\" src=\"https:\/\/stiftadmont.at\/wp-content\/uploads\/Hall_6.jpg\" alt=\"Hall\" \/>\n                        <\/div>\n                    <\/div>\n                                    <div class=\"swiper-slide\">\n                        <div class=\"image-slider__media\">\n                            <img decoding=\"async\" class=\"image-slider__image\"\n                                 src=\"https:\/\/stiftadmont.at\/wp-content\/uploads\/Hall_8-768x1002.jpg\"\n                                 alt=\"Hall\">\n                        <\/div>\n                    <\/div>\n                                    <div class=\"swiper-slide\">\n                        <div class=\"image-slider__media\">\n                            <img decoding=\"async\" class=\"image-slider__image\"\n                                 src=\"https:\/\/stiftadmont.at\/wp-content\/uploads\/Hall_9-768x1064.jpg\"\n                                 alt=\"Hall\">\n                        <\/div>\n                    <\/div>\n                                    <div class=\"swiper-slide\">\n                        <div class=\"image-slider__media\">\n                            <img decoding=\"async\" class=\"image-slider__image\"\n                                 src=\"https:\/\/stiftadmont.at\/wp-content\/uploads\/Hall_10-768x512.jpg\"\n                                 alt=\"Hall\">\n                        <\/div>\n                    <\/div>\n                                    <div class=\"swiper-slide\">\n                        <div class=\"image-slider__media\">\n                            <img decoding=\"async\" class=\"image-slider__image\" src=\"https:\/\/stiftadmont.at\/wp-content\/uploads\/Hall_11.jpg\" alt=\"Hall\" \/>\n                        <\/div>\n                    <\/div>\n                                    <div class=\"swiper-slide\">\n                        <div class=\"image-slider__media\">\n                            <img decoding=\"async\" class=\"image-slider__image\"\n                                 src=\"https:\/\/stiftadmont.at\/wp-content\/uploads\/Hall_1-768x555.jpg\"\n                                 alt=\"Hall\">\n                        <\/div>\n                    <\/div>\n                                    <div class=\"swiper-slide\">\n                        <div class=\"image-slider__media\">\n                            <img decoding=\"async\" class=\"image-slider__image\" src=\"https:\/\/stiftadmont.at\/wp-content\/uploads\/Hall_2.jpg\" alt=\"Hall\" \/>\n                        <\/div>\n                    <\/div>\n                                    <div class=\"swiper-slide\">\n                        <div class=\"image-slider__media\">\n                            <img decoding=\"async\" class=\"image-slider__image\"\n                                 src=\"https:\/\/stiftadmont.at\/wp-content\/uploads\/Hall_3-768x567.jpg\"\n                                 alt=\"Hall\">\n                        <\/div>\n                    <\/div>\n                                    <div class=\"swiper-slide\">\n                        <div class=\"image-slider__media\">\n                            <img decoding=\"async\" class=\"image-slider__image\"\n                                 src=\"https:\/\/stiftadmont.at\/wp-content\/uploads\/Hall_4-768x549.jpg\"\n                                 alt=\"Hall\">\n                        <\/div>\n                    <\/div>\n                            <\/div>\n\n            <div class=\"swiper-nav-wrapper\">\n                <button class=\"swiper-button-prev slider-button--prev\" x-ref=\"btnPrev\"\n                        aria-label=\"Vorige Bilder anzeigen\">\n                    <img decoding=\"async\" src=\"\/wp-content\/themes\/stift-admont\/src\/assets\/img\/arrow-left-big-new.svg\" alt=\"Pfeil nach Links\">\n                <\/button>\n\n\n                <a class=\"image-slider__gallery\" @click=\"openGallery(gallery)\"><i class=\"fa-thin fa-plus\"><\/i><\/a>\n                <button class=\"swiper-button-next slider-button--next\"\n                        x-ref=\"btnNext\"\n                        aria-label=\"N\u00e4chste Bilder anzeigen\">\n                    <img decoding=\"async\" src=\"\/wp-content\/themes\/stift-admont\/src\/assets\/img\/arrow-right-big-new.svg\" alt=\"Pfeil nach Rechts\">\n                <\/button>\n            <\/div>\n        <\/div>\n    <\/div>\n\n\n<\/div><\/section>","protected":false},"excerpt":{"rendered":"","protected":false},"author":7,"featured_media":39504,"parent":39500,"menu_order":0,"comment_status":"closed","ping_status":"closed","template":"","meta":{"_acf_changed":false,"footnotes":""},"categories":[],"class_list":["post-39507","page","type-page","status-publish","has-post-thumbnail","hentry"],"acf":[],"yoast_head":"<!-- This site is optimized with the Yoast SEO Premium plugin v26.0 (Yoast SEO v26.8) - https:\/\/yoast.com\/product\/yoast-seo-premium-wordpress\/ -->\n<title>Geschichte - Stift Admont<\/title>\n<meta name=\"robots\" content=\"index, follow, max-snippet:-1, max-image-preview:large, max-video-preview:-1\" \/>\n<link rel=\"canonical\" href=\"https:\/\/stiftadmont.at\/pl\/parafie\/wspolnota-parafialna-frauenberg-ardning-hall\/sala-parafialna\/historia\/\" \/>\n<meta property=\"og:locale\" content=\"pl_PL\" \/>\n<meta property=\"og:type\" content=\"article\" \/>\n<meta property=\"og:title\" content=\"Geschichte\" \/>\n<meta property=\"og:url\" content=\"https:\/\/stiftadmont.at\/pl\/parafie\/wspolnota-parafialna-frauenberg-ardning-hall\/sala-parafialna\/historia\/\" \/>\n<meta property=\"og:site_name\" content=\"Stift Admont\" \/>\n<meta property=\"article:modified_time\" content=\"2026-02-11T13:46:07+00:00\" \/>\n<meta property=\"og:image\" content=\"https:\/\/stiftadmont.at\/wp-content\/uploads\/hall-4.jpg\" \/>\n\t<meta property=\"og:image:width\" content=\"1422\" \/>\n\t<meta property=\"og:image:height\" content=\"794\" \/>\n\t<meta property=\"og:image:type\" content=\"image\/jpeg\" \/>\n<meta name=\"twitter:card\" content=\"summary_large_image\" \/>\n<meta name=\"twitter:label1\" content=\"Szacowany czas czytania\" \/>\n\t<meta name=\"twitter:data1\" content=\"1 minuta\" \/>\n<script type=\"application\/ld+json\" class=\"yoast-schema-graph\">{\"@context\":\"https:\/\/schema.org\",\"@graph\":[{\"@type\":\"WebPage\",\"@id\":\"https:\/\/stiftadmont.at\/pfarren\/pfarrgemeinschaft-frauenberg-ardning-hall\/pfarre-hall\/geschichte\/\",\"url\":\"https:\/\/stiftadmont.at\/pfarren\/pfarrgemeinschaft-frauenberg-ardning-hall\/pfarre-hall\/geschichte\/\",\"name\":\"Geschichte - Stift Admont\",\"isPartOf\":{\"@id\":\"https:\/\/stiftadmont.at\/#website\"},\"primaryImageOfPage\":{\"@id\":\"https:\/\/stiftadmont.at\/pfarren\/pfarrgemeinschaft-frauenberg-ardning-hall\/pfarre-hall\/geschichte\/#primaryimage\"},\"image\":{\"@id\":\"https:\/\/stiftadmont.at\/pfarren\/pfarrgemeinschaft-frauenberg-ardning-hall\/pfarre-hall\/geschichte\/#primaryimage\"},\"thumbnailUrl\":\"https:\/\/stiftadmont.at\/wp-content\/uploads\/hall-4.jpg\",\"datePublished\":\"2026-02-11T08:40:05+00:00\",\"dateModified\":\"2026-02-11T13:46:07+00:00\",\"breadcrumb\":{\"@id\":\"https:\/\/stiftadmont.at\/pfarren\/pfarrgemeinschaft-frauenberg-ardning-hall\/pfarre-hall\/geschichte\/#breadcrumb\"},\"inLanguage\":\"pl-PL\",\"potentialAction\":[{\"@type\":\"ReadAction\",\"target\":[\"https:\/\/stiftadmont.at\/pfarren\/pfarrgemeinschaft-frauenberg-ardning-hall\/pfarre-hall\/geschichte\/\"]}]},{\"@type\":\"ImageObject\",\"inLanguage\":\"pl-PL\",\"@id\":\"https:\/\/stiftadmont.at\/pfarren\/pfarrgemeinschaft-frauenberg-ardning-hall\/pfarre-hall\/geschichte\/#primaryimage\",\"url\":\"https:\/\/stiftadmont.at\/wp-content\/uploads\/hall-4.jpg\",\"contentUrl\":\"https:\/\/stiftadmont.at\/wp-content\/uploads\/hall-4.jpg\",\"width\":1422,\"height\":794,\"caption\":\"hall\"},{\"@type\":\"BreadcrumbList\",\"@id\":\"https:\/\/stiftadmont.at\/pfarren\/pfarrgemeinschaft-frauenberg-ardning-hall\/pfarre-hall\/geschichte\/#breadcrumb\",\"itemListElement\":[{\"@type\":\"ListItem\",\"position\":1,\"name\":\"Start\",\"item\":\"https:\/\/stiftadmont.at\/\"},{\"@type\":\"ListItem\",\"position\":2,\"name\":\"Pfarren\",\"item\":\"https:\/\/stiftadmont.at\/pfarren\/\"},{\"@type\":\"ListItem\",\"position\":3,\"name\":\"Pfarrgemeinschaft Frauenberg-Ardning-Hall\",\"item\":\"https:\/\/stiftadmont.at\/pfarren\/pfarrgemeinschaft-frauenberg-ardning-hall\/\"},{\"@type\":\"ListItem\",\"position\":4,\"name\":\"Pfarre Hall bei Admont\",\"item\":\"https:\/\/stiftadmont.at\/pfarren\/pfarrgemeinschaft-frauenberg-ardning-hall\/pfarre-hall\/\"},{\"@type\":\"ListItem\",\"position\":5,\"name\":\"Geschichte\"}]},{\"@type\":\"WebSite\",\"@id\":\"https:\/\/stiftadmont.at\/#website\",\"url\":\"https:\/\/stiftadmont.at\/\",\"name\":\"Stift Admont\",\"description\":\"Benediktinerkloster und Sehensw\u00fcrdigkeit im Ges\u00e4use\",\"potentialAction\":[{\"@type\":\"SearchAction\",\"target\":{\"@type\":\"EntryPoint\",\"urlTemplate\":\"https:\/\/stiftadmont.at\/?s={search_term_string}\"},\"query-input\":{\"@type\":\"PropertyValueSpecification\",\"valueRequired\":true,\"valueName\":\"search_term_string\"}}],\"inLanguage\":\"pl-PL\"}]}<\/script>\n<!-- \/ Yoast SEO Premium plugin. -->","yoast_head_json":{"title":"Historia - Opactwo Admont","robots":{"index":"index","follow":"follow","max-snippet":"max-snippet:-1","max-image-preview":"max-image-preview:large","max-video-preview":"max-video-preview:-1"},"canonical":"https:\/\/stiftadmont.at\/pl\/parafie\/wspolnota-parafialna-frauenberg-ardning-hall\/sala-parafialna\/historia\/","og_locale":"pl_PL","og_type":"article","og_title":"Geschichte","og_url":"https:\/\/stiftadmont.at\/pl\/parafie\/wspolnota-parafialna-frauenberg-ardning-hall\/sala-parafialna\/historia\/","og_site_name":"Stift Admont","article_modified_time":"2026-02-11T13:46:07+00:00","og_image":[{"width":1422,"height":794,"url":"https:\/\/stiftadmont.at\/wp-content\/uploads\/hall-4.jpg","type":"image\/jpeg"}],"twitter_card":"summary_large_image","twitter_misc":{"Szacowany czas czytania":"1 minuta"},"schema":{"@context":"https:\/\/schema.org","@graph":[{"@type":"WebPage","@id":"https:\/\/stiftadmont.at\/pfarren\/pfarrgemeinschaft-frauenberg-ardning-hall\/pfarre-hall\/geschichte\/","url":"https:\/\/stiftadmont.at\/pfarren\/pfarrgemeinschaft-frauenberg-ardning-hall\/pfarre-hall\/geschichte\/","name":"Historia - Opactwo Admont","isPartOf":{"@id":"https:\/\/stiftadmont.at\/#website"},"primaryImageOfPage":{"@id":"https:\/\/stiftadmont.at\/pfarren\/pfarrgemeinschaft-frauenberg-ardning-hall\/pfarre-hall\/geschichte\/#primaryimage"},"image":{"@id":"https:\/\/stiftadmont.at\/pfarren\/pfarrgemeinschaft-frauenberg-ardning-hall\/pfarre-hall\/geschichte\/#primaryimage"},"thumbnailUrl":"https:\/\/stiftadmont.at\/wp-content\/uploads\/hall-4.jpg","datePublished":"2026-02-11T08:40:05+00:00","dateModified":"2026-02-11T13:46:07+00:00","breadcrumb":{"@id":"https:\/\/stiftadmont.at\/pfarren\/pfarrgemeinschaft-frauenberg-ardning-hall\/pfarre-hall\/geschichte\/#breadcrumb"},"inLanguage":"pl-PL","potentialAction":[{"@type":"ReadAction","target":["https:\/\/stiftadmont.at\/pfarren\/pfarrgemeinschaft-frauenberg-ardning-hall\/pfarre-hall\/geschichte\/"]}]},{"@type":"ImageObject","inLanguage":"pl-PL","@id":"https:\/\/stiftadmont.at\/pfarren\/pfarrgemeinschaft-frauenberg-ardning-hall\/pfarre-hall\/geschichte\/#primaryimage","url":"https:\/\/stiftadmont.at\/wp-content\/uploads\/hall-4.jpg","contentUrl":"https:\/\/stiftadmont.at\/wp-content\/uploads\/hall-4.jpg","width":1422,"height":794,"caption":"hall"},{"@type":"BreadcrumbList","@id":"https:\/\/stiftadmont.at\/pfarren\/pfarrgemeinschaft-frauenberg-ardning-hall\/pfarre-hall\/geschichte\/#breadcrumb","itemListElement":[{"@type":"ListItem","position":1,"name":"Start","item":"https:\/\/stiftadmont.at\/"},{"@type":"ListItem","position":2,"name":"Pfarren","item":"https:\/\/stiftadmont.at\/pfarren\/"},{"@type":"ListItem","position":3,"name":"Pfarrgemeinschaft Frauenberg-Ardning-Hall","item":"https:\/\/stiftadmont.at\/pfarren\/pfarrgemeinschaft-frauenberg-ardning-hall\/"},{"@type":"ListItem","position":4,"name":"Pfarre Hall bei Admont","item":"https:\/\/stiftadmont.at\/pfarren\/pfarrgemeinschaft-frauenberg-ardning-hall\/pfarre-hall\/"},{"@type":"ListItem","position":5,"name":"Geschichte"}]},{"@type":"WebSite","@id":"https:\/\/stiftadmont.at\/#website","url":"https:\/\/stiftadmont.at\/","name":"Opactwo Admont","description":"Benedykty\u0144ski klasztor i atrakcja turystyczna w Ges\u00e4use","potentialAction":[{"@type":"SearchAction","target":{"@type":"EntryPoint","urlTemplate":"https:\/\/stiftadmont.at\/?s={search_term_string}"},"query-input":{"@type":"PropertyValueSpecification","valueRequired":true,"valueName":"search_term_string"}}],"inLanguage":"pl-PL"}]}},"_links":{"self":[{"href":"https:\/\/stiftadmont.at\/pl\/wp-json\/wp\/v2\/pages\/39507","targetHints":{"allow":["GET"]}}],"collection":[{"href":"https:\/\/stiftadmont.at\/pl\/wp-json\/wp\/v2\/pages"}],"about":[{"href":"https:\/\/stiftadmont.at\/pl\/wp-json\/wp\/v2\/types\/page"}],"author":[{"embeddable":true,"href":"https:\/\/stiftadmont.at\/pl\/wp-json\/wp\/v2\/users\/7"}],"replies":[{"embeddable":true,"href":"https:\/\/stiftadmont.at\/pl\/wp-json\/wp\/v2\/comments?post=39507"}],"version-history":[{"count":3,"href":"https:\/\/stiftadmont.at\/pl\/wp-json\/wp\/v2\/pages\/39507\/revisions"}],"predecessor-version":[{"id":39607,"href":"https:\/\/stiftadmont.at\/pl\/wp-json\/wp\/v2\/pages\/39507\/revisions\/39607"}],"up":[{"embeddable":true,"href":"https:\/\/stiftadmont.at\/pl\/wp-json\/wp\/v2\/pages\/39500"}],"wp:featuredmedia":[{"embeddable":true,"href":"https:\/\/stiftadmont.at\/pl\/wp-json\/wp\/v2\/media\/39504"}],"wp:attachment":[{"href":"https:\/\/stiftadmont.at\/pl\/wp-json\/wp\/v2\/media?parent=39507"}],"wp:term":[{"taxonomy":"category","embeddable":true,"href":"https:\/\/stiftadmont.at\/pl\/wp-json\/wp\/v2\/categories?post=39507"}],"curies":[{"name":"wp","href":"https:\/\/api.w.org\/{rel}","templated":true}]}}