{"id":39926,"date":"2026-03-03T23:49:46","date_gmt":"2026-03-03T21:49:46","guid":{"rendered":"https:\/\/stiftadmont.at\/?page_id=39926"},"modified":"2026-03-04T09:09:03","modified_gmt":"2026-03-04T07:09:03","slug":"laka-urnowa","status":"publish","type":"page","link":"https:\/\/stiftadmont.at\/pl\/pfarren\/pfarrgemeinschaft-frauenberg-ardning-hall\/vikariat-ardning\/urnenwiese\/","title":{"rendered":"Nowa opcja poch\u00f3wku - \u0142\u0105ka urnowa w Ardning"},"content":{"rendered":"<section id='lightpress__section--block_a30173d5f8c92f1333aa53282943d727' class='lightpress__section--default-section-space lightpress__section lightpress__section--content'><div class=\"content__inner\"\n         x-init=\"initContentBlockAnim($el)\">\n        \n    <div class=\"content__grid content__grid--fifty-fifty\">\n                                            <div class=\"content__box content__box\"\n                 style=\"\">\n                                \n                \n                                            <div class=\"prose\"><h5 class=\"heading-m line line-above line--gold\">Nowa opcja poch\u00f3wku - \u0142\u0105ka urnowa w Ardning<\/h5>\n<p>\u00a0<\/p>\n<p>\u00a0Cmentarz jest jednym z najwa\u017cniejszych d\u00f3br kulturowych ka\u017cdego miejsca i narodu. Jest to publiczne miejsce pami\u0119ci o zmar\u0142ych. Wci\u0105\u017c aktualne jest powiedzenie: \u201eJe\u015bli chcesz wiedzie\u0107, jacy ludzie mieszkaj\u0105 w danym miejscu, id\u017a i sp\u00f3jrz na tamtejszy cmentarz!\u201c.\u201c<\/p>\n<p>\u00a0<\/p>\n<p>Z punktu widzenia wiary wa\u017cne jest r\u00f3wnie\u017c, aby istnia\u0142o wsp\u00f3lne miejsce pami\u0119ci dla naszych drogich zmar\u0142ych, kt\u00f3re jest dost\u0119pne dla wszystkich. Ich imiona, zapisane r\u0119k\u0105 Boga, nie powinny zosta\u0107 zapomniane. Dlatego przywi\u0105zujemy wielk\u0105 wag\u0119 do upami\u0119tniania zmar\u0142ych oraz opieki nad cmentarzem i grobami.<\/p>\n<p>\u00a0<\/p>\n<p>Jednocze\u015bnie wiemy, \u017ce po\u017cegnanie ze zmar\u0142ymi i dbanie o ich groby jest dzi\u015b szczeg\u00f3lnie trudne dla wielu os\u00f3b.<\/p>\n<p>\u00a0<\/p>\n<p>Opr\u00f3cz cmentarzy w Ardning i Frauenberg, \u0142\u0105ka urnowa w Ardning jest pomy\u015blana jako godne miejsce \u201eostatniego spoczynku\u201c naszych zmar\u0142ych. \u0141\u0105ka urnowa to obszar na cmentarzu Ardning, kt\u00f3ry jest ogrodzony p\u0142otem.\u00a0<\/p>\n<\/div>\n                    \n                            <\/div>\n        \n                                                    <div class=\"content__box content__box--2\"\n                     >\n                                        \n                    \n                                                    <div class=\"prose\"><p>Poch\u00f3wek urn w ziemi jest anonimowy, co oznacza, \u017ce nie zostanie tam umieszczony \u017caden nagrobek ani krzy\u017c. Na \u0142\u0105k\u0119 nie mo\u017cna r\u00f3wnie\u017c wchodzi\u0107; nie mo\u017cna sk\u0142ada\u0107 kwiat\u00f3w ani zapala\u0107 zniczy bezpo\u015brednio na \u0142\u0105ce. Na zewn\u0105trz ogrodzenia znajduje si\u0119 jednak pi\u0119kne \u201emiejsce pami\u0119ci\u201c. Znajduj\u0105 si\u0119 tam nazwiska os\u00f3b pochowanych na \u0142\u0105ce, a tak\u017ce mo\u017cliwo\u015b\u0107 zapalenia zniczy i z\u0142o\u017cenia kwiat\u00f3w.<\/p>\n<p>\u00a0<\/p>\n<p>Konieczno\u015b\u0107 utrzymania grobu jest ca\u0142kowicie wyeliminowana dla krewnych - przejmuje j\u0105 administracja cmentarza.\u00a0<\/p>\n<p>\u00a0<\/p>\n<p>Istniej\u0105 <strong>jednorazowa op\u0142ata w wysoko\u015bci 500 EUR <\/strong>do poch\u00f3wku w urnie ulegaj\u0105cej rozk\u0142adowi. Po up\u0142ywie 10 lat administracja cmentarza zapyta Ci\u0119, czy \u017cyczysz sobie \u201eprzed\u0142u\u017cenia\u201c, tj. czy tabliczka z nazwiskiem powinna zosta\u0107 usuni\u0119ta.<\/p>\n<p>\u00a0<\/p>\n<p>Wi\u0119cej informacji:<\/p>\n<p><strong> Administracja cmentarza Ardning<\/strong> (w biurze parafialnym Frauenberg): Patrizia Freydecker.<\/p>\n<p>Wtorek - czwartek 08:30 - 11:30,<\/p>\n<p>Pi\u0105tek 08:30 - 10:00<\/p>\n<p>\u00a0<\/p>\n<p><a class=\"phone\" href=\"tel:+0043 3612\/7333\"><span class=\"icon-outer\"><i class=\"fa-light fa-phone\"><\/i><\/span>+43 3612\/7333<\/a>.<\/p>\n<p><a class=\"email\" href=\"mailto:pfarre.frauenberg@stiftadmont.at\"><span class=\"icon-outer\"><i class=\"fa-light fa-envelope\"><\/i><\/span>pfarre.frauenberg@stiftadmont.at<\/a><\/p>\n<p>\u00a0<\/p>\n<\/div>\n                        \n                                    <\/div>\n            \n            <\/div>\n<\/div>\n\n<\/section>","protected":false},"excerpt":{"rendered":"","protected":false},"author":7,"featured_media":39927,"parent":39535,"menu_order":0,"comment_status":"closed","ping_status":"closed","template":"","meta":{"_acf_changed":false,"footnotes":""},"categories":[],"class_list":["post-39926","page","type-page","status-publish","has-post-thumbnail","hentry"],"acf":[],"yoast_head":"<!-- This site is optimized with the Yoast SEO Premium plugin v26.0 (Yoast SEO v26.8) - https:\/\/yoast.com\/product\/yoast-seo-premium-wordpress\/ -->\n<title>Neue Bestattungsm\u00f6glichkeit \u2013 Urnenwiese in Ardning - Stift Admont<\/title>\n<meta name=\"robots\" content=\"index, follow, max-snippet:-1, max-image-preview:large, max-video-preview:-1\" \/>\n<link rel=\"canonical\" href=\"https:\/\/stiftadmont.at\/pl\/parafie\/wspolnota-parafialna-frauenberg-ardning-hall\/wikariat-ardning\/laka-urnowa\/\" \/>\n<meta property=\"og:locale\" content=\"pl_PL\" \/>\n<meta property=\"og:type\" content=\"article\" \/>\n<meta property=\"og:title\" content=\"Neue Bestattungsm\u00f6glichkeit \u2013 Urnenwiese in Ardning\" \/>\n<meta property=\"og:url\" content=\"https:\/\/stiftadmont.at\/pl\/parafie\/wspolnota-parafialna-frauenberg-ardning-hall\/wikariat-ardning\/laka-urnowa\/\" \/>\n<meta property=\"og:site_name\" content=\"Stift Admont\" \/>\n<meta property=\"article:modified_time\" content=\"2026-03-04T07:09:03+00:00\" \/>\n<meta property=\"og:image\" content=\"https:\/\/stiftadmont.at\/wp-content\/uploads\/urnenwiese-ardning-769x1024.png\" \/>\n\t<meta property=\"og:image:width\" content=\"769\" \/>\n\t<meta property=\"og:image:height\" content=\"1024\" \/>\n\t<meta property=\"og:image:type\" content=\"image\/png\" \/>\n<meta name=\"twitter:card\" content=\"summary_large_image\" \/>\n<meta name=\"twitter:label1\" content=\"Szacowany czas czytania\" \/>\n\t<meta name=\"twitter:data1\" content=\"1 minuta\" \/>\n<script type=\"application\/ld+json\" class=\"yoast-schema-graph\">{\"@context\":\"https:\/\/schema.org\",\"@graph\":[{\"@type\":\"WebPage\",\"@id\":\"https:\/\/stiftadmont.at\/pfarren\/pfarrgemeinschaft-frauenberg-ardning-hall\/vikariat-ardning\/urnenwiese\/\",\"url\":\"https:\/\/stiftadmont.at\/pfarren\/pfarrgemeinschaft-frauenberg-ardning-hall\/vikariat-ardning\/urnenwiese\/\",\"name\":\"Neue Bestattungsm\u00f6glichkeit \u2013 Urnenwiese in Ardning - Stift Admont\",\"isPartOf\":{\"@id\":\"https:\/\/stiftadmont.at\/#website\"},\"primaryImageOfPage\":{\"@id\":\"https:\/\/stiftadmont.at\/pfarren\/pfarrgemeinschaft-frauenberg-ardning-hall\/vikariat-ardning\/urnenwiese\/#primaryimage\"},\"image\":{\"@id\":\"https:\/\/stiftadmont.at\/pfarren\/pfarrgemeinschaft-frauenberg-ardning-hall\/vikariat-ardning\/urnenwiese\/#primaryimage\"},\"thumbnailUrl\":\"https:\/\/stiftadmont.at\/wp-content\/uploads\/urnenwiese-ardning.png\",\"datePublished\":\"2026-03-03T21:49:46+00:00\",\"dateModified\":\"2026-03-04T07:09:03+00:00\",\"breadcrumb\":{\"@id\":\"https:\/\/stiftadmont.at\/pfarren\/pfarrgemeinschaft-frauenberg-ardning-hall\/vikariat-ardning\/urnenwiese\/#breadcrumb\"},\"inLanguage\":\"pl-PL\",\"potentialAction\":[{\"@type\":\"ReadAction\",\"target\":[\"https:\/\/stiftadmont.at\/pfarren\/pfarrgemeinschaft-frauenberg-ardning-hall\/vikariat-ardning\/urnenwiese\/\"]}]},{\"@type\":\"ImageObject\",\"inLanguage\":\"pl-PL\",\"@id\":\"https:\/\/stiftadmont.at\/pfarren\/pfarrgemeinschaft-frauenberg-ardning-hall\/vikariat-ardning\/urnenwiese\/#primaryimage\",\"url\":\"https:\/\/stiftadmont.at\/wp-content\/uploads\/urnenwiese-ardning.png\",\"contentUrl\":\"https:\/\/stiftadmont.at\/wp-content\/uploads\/urnenwiese-ardning.png\",\"width\":1390,\"height\":1851,\"caption\":\"urnenwiese ardning\"},{\"@type\":\"BreadcrumbList\",\"@id\":\"https:\/\/stiftadmont.at\/pfarren\/pfarrgemeinschaft-frauenberg-ardning-hall\/vikariat-ardning\/urnenwiese\/#breadcrumb\",\"itemListElement\":[{\"@type\":\"ListItem\",\"position\":1,\"name\":\"Start\",\"item\":\"https:\/\/stiftadmont.at\/\"},{\"@type\":\"ListItem\",\"position\":2,\"name\":\"Pfarren\",\"item\":\"https:\/\/stiftadmont.at\/pfarren\/\"},{\"@type\":\"ListItem\",\"position\":3,\"name\":\"Pfarrgemeinschaft Frauenberg-Ardning-Hall\",\"item\":\"https:\/\/stiftadmont.at\/pfarren\/pfarrgemeinschaft-frauenberg-ardning-hall\/\"},{\"@type\":\"ListItem\",\"position\":4,\"name\":\"Das Vikariat Ardning\",\"item\":\"https:\/\/stiftadmont.at\/pfarren\/pfarrgemeinschaft-frauenberg-ardning-hall\/vikariat-ardning\/\"},{\"@type\":\"ListItem\",\"position\":5,\"name\":\"Neue Bestattungsm\u00f6glichkeit \u2013 Urnenwiese in Ardning\"}]},{\"@type\":\"WebSite\",\"@id\":\"https:\/\/stiftadmont.at\/#website\",\"url\":\"https:\/\/stiftadmont.at\/\",\"name\":\"Stift Admont\",\"description\":\"Benediktinerkloster und Sehensw\u00fcrdigkeit im Ges\u00e4use\",\"potentialAction\":[{\"@type\":\"SearchAction\",\"target\":{\"@type\":\"EntryPoint\",\"urlTemplate\":\"https:\/\/stiftadmont.at\/?s={search_term_string}\"},\"query-input\":{\"@type\":\"PropertyValueSpecification\",\"valueRequired\":true,\"valueName\":\"search_term_string\"}}],\"inLanguage\":\"pl-PL\"}]}<\/script>\n<!-- \/ Yoast SEO Premium plugin. -->","yoast_head_json":{"title":"Nowa opcja poch\u00f3wku - \u0142\u0105ka urnowa w Ardning - Opactwo Admont","robots":{"index":"index","follow":"follow","max-snippet":"max-snippet:-1","max-image-preview":"max-image-preview:large","max-video-preview":"max-video-preview:-1"},"canonical":"https:\/\/stiftadmont.at\/pl\/parafie\/wspolnota-parafialna-frauenberg-ardning-hall\/wikariat-ardning\/laka-urnowa\/","og_locale":"pl_PL","og_type":"article","og_title":"Neue Bestattungsm\u00f6glichkeit \u2013 Urnenwiese in Ardning","og_url":"https:\/\/stiftadmont.at\/pl\/parafie\/wspolnota-parafialna-frauenberg-ardning-hall\/wikariat-ardning\/laka-urnowa\/","og_site_name":"Stift Admont","article_modified_time":"2026-03-04T07:09:03+00:00","og_image":[{"width":769,"height":1024,"url":"https:\/\/stiftadmont.at\/wp-content\/uploads\/urnenwiese-ardning-769x1024.png","type":"image\/png"}],"twitter_card":"summary_large_image","twitter_misc":{"Szacowany czas czytania":"1 minuta"},"schema":{"@context":"https:\/\/schema.org","@graph":[{"@type":"WebPage","@id":"https:\/\/stiftadmont.at\/pfarren\/pfarrgemeinschaft-frauenberg-ardning-hall\/vikariat-ardning\/urnenwiese\/","url":"https:\/\/stiftadmont.at\/pfarren\/pfarrgemeinschaft-frauenberg-ardning-hall\/vikariat-ardning\/urnenwiese\/","name":"Nowa opcja poch\u00f3wku - \u0142\u0105ka urnowa w Ardning - Opactwo Admont","isPartOf":{"@id":"https:\/\/stiftadmont.at\/#website"},"primaryImageOfPage":{"@id":"https:\/\/stiftadmont.at\/pfarren\/pfarrgemeinschaft-frauenberg-ardning-hall\/vikariat-ardning\/urnenwiese\/#primaryimage"},"image":{"@id":"https:\/\/stiftadmont.at\/pfarren\/pfarrgemeinschaft-frauenberg-ardning-hall\/vikariat-ardning\/urnenwiese\/#primaryimage"},"thumbnailUrl":"https:\/\/stiftadmont.at\/wp-content\/uploads\/urnenwiese-ardning.png","datePublished":"2026-03-03T21:49:46+00:00","dateModified":"2026-03-04T07:09:03+00:00","breadcrumb":{"@id":"https:\/\/stiftadmont.at\/pfarren\/pfarrgemeinschaft-frauenberg-ardning-hall\/vikariat-ardning\/urnenwiese\/#breadcrumb"},"inLanguage":"pl-PL","potentialAction":[{"@type":"ReadAction","target":["https:\/\/stiftadmont.at\/pfarren\/pfarrgemeinschaft-frauenberg-ardning-hall\/vikariat-ardning\/urnenwiese\/"]}]},{"@type":"ImageObject","inLanguage":"pl-PL","@id":"https:\/\/stiftadmont.at\/pfarren\/pfarrgemeinschaft-frauenberg-ardning-hall\/vikariat-ardning\/urnenwiese\/#primaryimage","url":"https:\/\/stiftadmont.at\/wp-content\/uploads\/urnenwiese-ardning.png","contentUrl":"https:\/\/stiftadmont.at\/wp-content\/uploads\/urnenwiese-ardning.png","width":1390,"height":1851,"caption":"urnenwiese ardning"},{"@type":"BreadcrumbList","@id":"https:\/\/stiftadmont.at\/pfarren\/pfarrgemeinschaft-frauenberg-ardning-hall\/vikariat-ardning\/urnenwiese\/#breadcrumb","itemListElement":[{"@type":"ListItem","position":1,"name":"Start","item":"https:\/\/stiftadmont.at\/"},{"@type":"ListItem","position":2,"name":"Pfarren","item":"https:\/\/stiftadmont.at\/pfarren\/"},{"@type":"ListItem","position":3,"name":"Pfarrgemeinschaft Frauenberg-Ardning-Hall","item":"https:\/\/stiftadmont.at\/pfarren\/pfarrgemeinschaft-frauenberg-ardning-hall\/"},{"@type":"ListItem","position":4,"name":"Das Vikariat Ardning","item":"https:\/\/stiftadmont.at\/pfarren\/pfarrgemeinschaft-frauenberg-ardning-hall\/vikariat-ardning\/"},{"@type":"ListItem","position":5,"name":"Neue Bestattungsm\u00f6glichkeit \u2013 Urnenwiese in Ardning"}]},{"@type":"WebSite","@id":"https:\/\/stiftadmont.at\/#website","url":"https:\/\/stiftadmont.at\/","name":"Opactwo Admont","description":"Benedykty\u0144ski klasztor i atrakcja turystyczna w Ges\u00e4use","potentialAction":[{"@type":"SearchAction","target":{"@type":"EntryPoint","urlTemplate":"https:\/\/stiftadmont.at\/?s={search_term_string}"},"query-input":{"@type":"PropertyValueSpecification","valueRequired":true,"valueName":"search_term_string"}}],"inLanguage":"pl-PL"}]}},"_links":{"self":[{"href":"https:\/\/stiftadmont.at\/pl\/wp-json\/wp\/v2\/pages\/39926","targetHints":{"allow":["GET"]}}],"collection":[{"href":"https:\/\/stiftadmont.at\/pl\/wp-json\/wp\/v2\/pages"}],"about":[{"href":"https:\/\/stiftadmont.at\/pl\/wp-json\/wp\/v2\/types\/page"}],"author":[{"embeddable":true,"href":"https:\/\/stiftadmont.at\/pl\/wp-json\/wp\/v2\/users\/7"}],"replies":[{"embeddable":true,"href":"https:\/\/stiftadmont.at\/pl\/wp-json\/wp\/v2\/comments?post=39926"}],"version-history":[{"count":5,"href":"https:\/\/stiftadmont.at\/pl\/wp-json\/wp\/v2\/pages\/39926\/revisions"}],"predecessor-version":[{"id":39936,"href":"https:\/\/stiftadmont.at\/pl\/wp-json\/wp\/v2\/pages\/39926\/revisions\/39936"}],"up":[{"embeddable":true,"href":"https:\/\/stiftadmont.at\/pl\/wp-json\/wp\/v2\/pages\/39535"}],"wp:featuredmedia":[{"embeddable":true,"href":"https:\/\/stiftadmont.at\/pl\/wp-json\/wp\/v2\/media\/39927"}],"wp:attachment":[{"href":"https:\/\/stiftadmont.at\/pl\/wp-json\/wp\/v2\/media?parent=39926"}],"wp:term":[{"taxonomy":"category","embeddable":true,"href":"https:\/\/stiftadmont.at\/pl\/wp-json\/wp\/v2\/categories?post=39926"}],"curies":[{"name":"wp","href":"https:\/\/api.w.org\/{rel}","templated":true}]}}