{"id":4759,"date":"2021-07-28T16:32:52","date_gmt":"2021-07-28T14:32:52","guid":{"rendered":"https:\/\/stiftadmont.at\/?page_id=4759"},"modified":"2026-04-07T11:01:25","modified_gmt":"2026-04-07T09:01:25","slug":"strategia-zbierania-2","status":"publish","type":"page","link":"https:\/\/stiftadmont.at\/pl\/sammlungsstrategie-2\/","title":{"rendered":"Strategia gromadzenia danych"},"content":{"rendered":"<section id='lightpress__section--block_96a34b2968236a33db6eb9679413b8f4' class='lightpress__section--default-section-space lightpress__section lightpress__section--content'><div class=\"content__inner\"\n         x-init=\"initContentBlockAnim($el)\">\n        \n    <div class=\"content__grid content__grid--fifty-fifty\">\n                                            <div class=\"content__box content__box\"\n                 style=\"\">\n                                \n                \n                                            <div class=\"prose\"><h2 class=\"heading-xxl line line--gold\">Tradycja kolekcji<\/h2>\n<p class=\"paragraph-m\">Opactwo benedyktyn\u00f3w w Admont szczyci si\u0119 d\u0142ug\u0105 tradycj\u0105 gromadzenia zbior\u00f3w z zakresu historii naturalnej i historii sztuki. Wraz z otwarciem nowego muzeum w 2003 roku, rozszerzy\u0142o swoj\u0105 dzia\u0142alno\u015b\u0107 w celu kszta\u0142towania i odzwierciedlania sztuki wsp\u00f3\u0142czesnej w przysz\u0142o\u015bci. Kuratorska uwaga kolekcji skupia si\u0119 na austriackiej sztuce wsp\u00f3\u0142czesnej, jej ekspansji w kierunku sztuki mi\u0119dzynarodowej i ukierunkowanej promocji produkcji artystycznej.<\/p>\n<\/div>\n                    \n                            <\/div>\n        \n                                                    <div class=\"content__box content__box--2\"\n                     >\n                                        \n                    \n                                                <div class=\"content__media stickyTo\" x-init=\"imageSticky($el)\">\n\n                                                                                    <picture\n                                    class=\"content__image sticky\">\n                                <source srcset=\"https:\/\/stiftadmont.at\/wp-content\/uploads\/Schwarz-Ausstellung-2020-DSC_9178-1024x683.webp\" type=\"image\/webp\">\n                                <source srcset=\"https:\/\/stiftadmont.at\/wp-content\/uploads\/Schwarz-Ausstellung-2020-DSC_9178-1024x683.jpg\" type=\"image\/jpeg\">\n                                <img decoding=\"async\" class=\"sticky\" loading=\"lazy\" src=\"https:\/\/stiftadmont.at\/wp-content\/uploads\/Schwarz-Ausstellung-2020-DSC_9178-1024x683.jpg\"\n                                     alt=\"Czarna wystawa 2020 DSC 9178 skalowana\">\n\n                                                                                                                            <\/picture>\n\n                        <\/div>\n\n                                    <\/div>\n            \n            <\/div>\n<\/div>\n\n<\/section>\n\n<section id='lightpress__section--block_47346998444e703dee8dbbd693f2ea9e' class='lightpress__section--default-section-space lightpress__section lightpress__section--content'><div class=\"content__inner\"\n         x-init=\"initContentBlockAnim($el)\">\n        \n    <div class=\"content__grid content__grid\">\n                                            <div class=\"content__box content__box--one-hundred\"\n                 style=\"\">\n                                \n                \n                                            <div class=\"prose\"><h3 class=\"heading-xl line line--red text-center\">specialCollections<\/h3>\n<p class=\"text-center paragraph-m\">Fascynuj\u0105ce kolekcje specjalne wy\u0142oni\u0142y si\u0119 z d\u0142ugiej tradycji kolekcjonowania.<\/p>\n<p>\u00a0<\/p>\n<\/div>\n                    \n                            <\/div>\n        \n            <\/div>\n<\/div>\n\n<\/section>\n\n<section id='lightpress__section--block_1bce99ca2243e1ba518953499e1840ab' class='lightpress__section--more-links--legacy lightpress__section--full-width lightpress__section--default-section-space lightpress__section lightpress__section--more-links'><div class=\"more\" x-init=\"initMoreLinksBlockAnim($el)\">\n    \n                    <a class=\"more__link\" href=\"\/pl\/turystyka-kulturowa\/kolekcje\/kolekcja-hannes-schwarz\/\">\n            <div class=\"more__media\">\n                                    <picture class=\"more__image\">\n                        <source srcset=\"https:\/\/stiftadmont.at\/wp-content\/uploads\/046_Stift-Admont_\u00a9StefanLeitner_LEI7369-e1634722086268-1024x768.webp\" type=\"image\/webp\">\n                        <source srcset=\"https:\/\/stiftadmont.at\/wp-content\/uploads\/046_Stift-Admont_\u00a9StefanLeitner_LEI7369-e1634722086268-1024x768.jpg\" type=\"image\/jpeg\">\n                        <img decoding=\"async\" loading=\"lazy\" src=\"https:\/\/stiftadmont.at\/wp-content\/uploads\/046_Stift-Admont_\u00a9StefanLeitner_LEI7369-e1634722086268-1024x768.jpg\" alt=\"046 Opactwo Admont \u00a9StefanLeitner LEI7369 e1634722086268\" width=\"480\" height=\"280\" \/>\n                    <\/picture>\n                            <\/div>\n            <div class=\"more__content\">\n                <div class=\"more__title--container\">\n                                            <p class=\"more__title\">Kolekcja Hannes Schwarz<\/p>\n                                    <\/div>\n                            <\/div>\n        <\/a>\n                    <a class=\"more__link\" href=\"\/pl\/s\/\">\n            <div class=\"more__media\">\n                                    <picture class=\"more__image\">\n                        <source srcset=\"https:\/\/stiftadmont.at\/wp-content\/uploads\/Gotik_2-1024x757.webp\" type=\"image\/webp\">\n                        <source srcset=\"https:\/\/stiftadmont.at\/wp-content\/uploads\/Gotik_2-1024x757.jpg\" type=\"image\/jpeg\">\n                        <img decoding=\"async\" loading=\"lazy\" src=\"https:\/\/stiftadmont.at\/wp-content\/uploads\/Gotik_2-1024x757.png\" alt=\"Gothic 2\" width=\"480\" height=\"280\" \/>\n                    <\/picture>\n                            <\/div>\n            <div class=\"more__content\">\n                <div class=\"more__title--container\">\n                                            <p class=\"more__title\">Kolekcja Mayer<\/p>\n                                    <\/div>\n                            <\/div>\n        <\/a>\n                    <a class=\"more__link\" href=\"\/pl\/muzeum\/przeglad-wystawy\/poza-zasiegiem-wzroku\/\">\n            <div class=\"more__media\">\n                                    <picture class=\"more__image\">\n                        <source srcset=\"https:\/\/stiftadmont.at\/wp-content\/uploads\/PLAY-ART-.-JENSEITS-DES-SEHENS.-c-Barbara-Eisner-B-1-1024x673.webp\" type=\"image\/webp\">\n                        <source srcset=\"https:\/\/stiftadmont.at\/wp-content\/uploads\/PLAY-ART-.-JENSEITS-DES-SEHENS.-c-Barbara-Eisner-B-1-1024x673.jpg\" type=\"image\/jpeg\">\n                        <img decoding=\"async\" loading=\"lazy\" src=\"https:\/\/stiftadmont.at\/wp-content\/uploads\/PLAY-ART-.-JENSEITS-DES-SEHENS.-c-Barbara-Eisner-B-1-1024x673.jpg\"\n                             alt=\"SZTUKA ZABAWY. POZA WIDZENIEM. c Barbara Eisner B 1 skalowane\" width=\"480\"\n                             height=\"280\">\n                    <\/picture>\n                            <\/div>\n            <div class=\"more__content\">\n                <div class=\"more__title--container\">\n                                            <p class=\"more__title\">Poza widzeniem<\/p>\n                                    <\/div>\n                            <\/div>\n        <\/a>\n    \n<\/div>\n\n<\/section>\n\n<section id='lightpress__section--block_046c8fc05a4806b15a6846a9af69b7ff' class='lightpress__section--default-section-space lightpress__section lightpress__section--content'><div class=\"content__inner\"\n         x-init=\"initContentBlockAnim($el)\">\n        \n    <div class=\"content__grid content__grid\">\n                                            <div class=\"content__box content__box--one-hundred\"\n                 style=\"\">\n                                \n                \n                                            <div class=\"prose\"><div class=\"info info--info\">\n<p>Poszczeg\u00f3lne dzie\u0142a sztuki lub cz\u0119\u015bci kolekcji s\u0105 regularnie prezentowane na wystawach krajowych i mi\u0119dzynarodowych.<\/p>\n<\/div>\n<\/div>\n                    \n                            <\/div>\n        \n            <\/div>\n<\/div>\n\n<\/section>","protected":false},"excerpt":{"rendered":"","protected":false},"author":7,"featured_media":0,"parent":0,"menu_order":71,"comment_status":"closed","ping_status":"closed","template":"","meta":{"_acf_changed":false,"footnotes":""},"categories":[],"class_list":["post-4759","page","type-page","status-publish","hentry"],"acf":[],"yoast_head":"<!-- This site is optimized with the Yoast SEO Premium plugin v26.0 (Yoast SEO v26.8) - https:\/\/yoast.com\/product\/yoast-seo-premium-wordpress\/ -->\n<title>Sammlungsstrategie - Stift Admont<\/title>\n<meta name=\"robots\" content=\"index, follow, max-snippet:-1, max-image-preview:large, max-video-preview:-1\" \/>\n<link rel=\"canonical\" href=\"https:\/\/stiftadmont.at\/pl\/strategia-zbierania-2\/\" \/>\n<meta property=\"og:locale\" content=\"pl_PL\" \/>\n<meta property=\"og:type\" content=\"article\" \/>\n<meta property=\"og:title\" content=\"Sammlungsstrategie\" \/>\n<meta property=\"og:url\" content=\"https:\/\/stiftadmont.at\/pl\/strategia-zbierania-2\/\" \/>\n<meta property=\"og:site_name\" content=\"Stift Admont\" \/>\n<meta property=\"article:modified_time\" content=\"2026-04-07T09:01:25+00:00\" \/>\n<meta property=\"og:image\" content=\"https:\/\/stiftadmont.at\/wp-content\/uploads\/Klosteranlage-innen.jpg\" \/>\n\t<meta property=\"og:image:width\" content=\"1912\" \/>\n\t<meta property=\"og:image:height\" content=\"1188\" \/>\n\t<meta property=\"og:image:type\" content=\"image\/jpeg\" \/>\n<meta name=\"twitter:card\" content=\"summary_large_image\" \/>\n<script type=\"application\/ld+json\" class=\"yoast-schema-graph\">{\"@context\":\"https:\/\/schema.org\",\"@graph\":[{\"@type\":\"WebPage\",\"@id\":\"https:\/\/stiftadmont.at\/sammlungsstrategie-2\/\",\"url\":\"https:\/\/stiftadmont.at\/sammlungsstrategie-2\/\",\"name\":\"Sammlungsstrategie - Stift Admont\",\"isPartOf\":{\"@id\":\"https:\/\/stiftadmont.at\/#website\"},\"datePublished\":\"2021-07-28T14:32:52+00:00\",\"dateModified\":\"2026-04-07T09:01:25+00:00\",\"breadcrumb\":{\"@id\":\"https:\/\/stiftadmont.at\/sammlungsstrategie-2\/#breadcrumb\"},\"inLanguage\":\"pl-PL\",\"potentialAction\":[{\"@type\":\"ReadAction\",\"target\":[\"https:\/\/stiftadmont.at\/sammlungsstrategie-2\/\"]}]},{\"@type\":\"BreadcrumbList\",\"@id\":\"https:\/\/stiftadmont.at\/sammlungsstrategie-2\/#breadcrumb\",\"itemListElement\":[{\"@type\":\"ListItem\",\"position\":1,\"name\":\"Start\",\"item\":\"https:\/\/stiftadmont.at\/\"},{\"@type\":\"ListItem\",\"position\":2,\"name\":\"Sammlungsstrategie\"}]},{\"@type\":\"WebSite\",\"@id\":\"https:\/\/stiftadmont.at\/#website\",\"url\":\"https:\/\/stiftadmont.at\/\",\"name\":\"Stift Admont\",\"description\":\"Benediktinerkloster und Sehensw\u00fcrdigkeit im Ges\u00e4use\",\"potentialAction\":[{\"@type\":\"SearchAction\",\"target\":{\"@type\":\"EntryPoint\",\"urlTemplate\":\"https:\/\/stiftadmont.at\/?s={search_term_string}\"},\"query-input\":{\"@type\":\"PropertyValueSpecification\",\"valueRequired\":true,\"valueName\":\"search_term_string\"}}],\"inLanguage\":\"pl-PL\"}]}<\/script>\n<!-- \/ Yoast SEO Premium plugin. -->","yoast_head_json":{"title":"Strategia zbierania - Opactwo Admont","robots":{"index":"index","follow":"follow","max-snippet":"max-snippet:-1","max-image-preview":"max-image-preview:large","max-video-preview":"max-video-preview:-1"},"canonical":"https:\/\/stiftadmont.at\/pl\/strategia-zbierania-2\/","og_locale":"pl_PL","og_type":"article","og_title":"Sammlungsstrategie","og_url":"https:\/\/stiftadmont.at\/pl\/strategia-zbierania-2\/","og_site_name":"Stift Admont","article_modified_time":"2026-04-07T09:01:25+00:00","og_image":[{"width":1912,"height":1188,"url":"https:\/\/stiftadmont.at\/wp-content\/uploads\/Klosteranlage-innen.jpg","type":"image\/jpeg"}],"twitter_card":"summary_large_image","schema":{"@context":"https:\/\/schema.org","@graph":[{"@type":"WebPage","@id":"https:\/\/stiftadmont.at\/sammlungsstrategie-2\/","url":"https:\/\/stiftadmont.at\/sammlungsstrategie-2\/","name":"Strategia zbierania - Opactwo Admont","isPartOf":{"@id":"https:\/\/stiftadmont.at\/#website"},"datePublished":"2021-07-28T14:32:52+00:00","dateModified":"2026-04-07T09:01:25+00:00","breadcrumb":{"@id":"https:\/\/stiftadmont.at\/sammlungsstrategie-2\/#breadcrumb"},"inLanguage":"pl-PL","potentialAction":[{"@type":"ReadAction","target":["https:\/\/stiftadmont.at\/sammlungsstrategie-2\/"]}]},{"@type":"BreadcrumbList","@id":"https:\/\/stiftadmont.at\/sammlungsstrategie-2\/#breadcrumb","itemListElement":[{"@type":"ListItem","position":1,"name":"Start","item":"https:\/\/stiftadmont.at\/"},{"@type":"ListItem","position":2,"name":"Sammlungsstrategie"}]},{"@type":"WebSite","@id":"https:\/\/stiftadmont.at\/#website","url":"https:\/\/stiftadmont.at\/","name":"Opactwo Admont","description":"Benedykty\u0144ski klasztor i atrakcja turystyczna w Ges\u00e4use","potentialAction":[{"@type":"SearchAction","target":{"@type":"EntryPoint","urlTemplate":"https:\/\/stiftadmont.at\/?s={search_term_string}"},"query-input":{"@type":"PropertyValueSpecification","valueRequired":true,"valueName":"search_term_string"}}],"inLanguage":"pl-PL"}]}},"_links":{"self":[{"href":"https:\/\/stiftadmont.at\/pl\/wp-json\/wp\/v2\/pages\/4759","targetHints":{"allow":["GET"]}}],"collection":[{"href":"https:\/\/stiftadmont.at\/pl\/wp-json\/wp\/v2\/pages"}],"about":[{"href":"https:\/\/stiftadmont.at\/pl\/wp-json\/wp\/v2\/types\/page"}],"author":[{"embeddable":true,"href":"https:\/\/stiftadmont.at\/pl\/wp-json\/wp\/v2\/users\/7"}],"replies":[{"embeddable":true,"href":"https:\/\/stiftadmont.at\/pl\/wp-json\/wp\/v2\/comments?post=4759"}],"version-history":[{"count":16,"href":"https:\/\/stiftadmont.at\/pl\/wp-json\/wp\/v2\/pages\/4759\/revisions"}],"predecessor-version":[{"id":40890,"href":"https:\/\/stiftadmont.at\/pl\/wp-json\/wp\/v2\/pages\/4759\/revisions\/40890"}],"wp:attachment":[{"href":"https:\/\/stiftadmont.at\/pl\/wp-json\/wp\/v2\/media?parent=4759"}],"wp:term":[{"taxonomy":"category","embeddable":true,"href":"https:\/\/stiftadmont.at\/pl\/wp-json\/wp\/v2\/categories?post=4759"}],"curies":[{"name":"wp","href":"https:\/\/api.w.org\/{rel}","templated":true}]}}