{"id":515,"date":"2021-07-15T14:28:06","date_gmt":"2021-07-15T12:28:06","guid":{"rendered":"https:\/\/stiftadmont.at\/?page_id=515"},"modified":"2026-04-07T08:06:17","modified_gmt":"2026-04-07T06:06:17","slug":"klasztorna-szkolka-kwiatow-i-wina","status":"publish","type":"page","link":"https:\/\/stiftadmont.at\/pl\/stiftsgaertnerei-blumen-und-wein\/","title":{"rendered":"Kwiaty i wino w szk\u00f3\u0142ce Abbey"},"content":{"rendered":"<section id='lightpress__section--block_5c1d8061b32f84f290f93c85e36e6619' class='align-center lightpress__section--default-section-space lightpress__section lightpress__section--headline'><div class=\"headline__container\">\n            <h2 class=\"headline text--40 text-medium line line--gold line-above line-middle\">Klasztorne przedszkole benedykty\u0144skiego opactwa Admont<\/h2>\n        <p class=\"text-center text-gold text--20 text-medium text--uppercase\">Kwiaty i wino najwy\u017cszej jako\u015bci<\/p>\n        <div class=\"spacer--40\"><\/div>\n<\/div>\n\n<\/section>\n\n<section id='lightpress__section--block_2b1d73e6ad27c683d9da4dacb91bfb92' class='lightpress__section--default-section-space lightpress__section lightpress__section--content'><div class=\"content__inner\"\n         x-init=\"initContentBlockAnim($el)\">\n        \n    <div class=\"content__grid content__grid--fifty-fifty\">\n                                            <div class=\"content__box content__box\"\n                 style=\"\">\n                                \n                \n                                        <div class=\"content__media stickyTo\" x-init=\"imageSticky($el)\">\n\n                                                                                                <picture\n                                class=\"content__image sticky\">\n                            <source srcset=\"https:\/\/stiftadmont.at\/wp-content\/uploads\/Blumen_min_Thomas-Sattler1-1024x676.png\"\n                                    type=\"image\/webp\">\n                            <source srcset=\"https:\/\/stiftadmont.at\/wp-content\/uploads\/Blumen_min_Thomas-Sattler1-1024x676.png\"\n                                    type=\"image\/jpeg\">\n                            <img decoding=\"async\" loading=\"lazy\" src=\"https:\/\/stiftadmont.at\/wp-content\/uploads\/Blumen_min_Thomas-Sattler1-1024x676.png\" alt=\"Kwiaty min Thomas Sattler\" width=\"600\" height=\"450\" \/>\n                                                                                                            <\/picture>\n\n                    <\/div>\n\n                            <\/div>\n        \n                                                    <div class=\"content__box content__box--2\"\n                     >\n                                        \n                    \n                                                    <div class=\"prose\"><h5 class=\"heading-m line line-above line--gold\" data-start=\"0\" data-end=\"65\"><strong data-start=\"0\" data-end=\"65\">Poniewa\u017c kochamy to, co robimy - Kwiaty i wi\u0119cej od Admont Abbey<\/strong><\/h5>\n<p data-start=\"0\" data-end=\"65\">\u00a0<\/p>\n<p data-start=\"67\" data-end=\"316\">Czy to na urodziny, jako wyraz mi\u0142o\u015bci, ma\u0142e podzi\u0119kowanie lub po prostu \"tylko dlatego\" - kwiaty m\u00f3wi\u0105 wi\u0119cej ni\u017c tysi\u0105c s\u0142\u00f3w. A poniewa\u017c przekszta\u0142cili\u015bmy nasz\u0105 pasj\u0119 w zaw\u00f3d, ka\u017cdy bukiet projektujemy ze szczeg\u00f3ln\u0105 staranno\u015bci\u0105 i dba\u0142o\u015bci\u0105 o szczeg\u00f3\u0142y.<\/p>\n<p data-start=\"67\" data-end=\"316\">\u00a0<\/p>\n<p data-start=\"318\" data-end=\"479\">Dzi\u0119ki w\u0142asnej szk\u00f3\u0142ce i codziennym \u015bwie\u017cym dostawom gwarantujemy kwitn\u0105c\u0105 jako\u015b\u0107 na ka\u017cd\u0105 okazj\u0119 - \u015bwie\u017c\u0105, sezonow\u0105 i stylow\u0105.<\/p>\n<p data-start=\"318\" data-end=\"479\">\u00a0<\/p>\n<p data-start=\"481\" data-end=\"756\"><strong>Wi\u0119cej ni\u017c tylko kwiaty<\/strong><br data-start=\"506\" data-end=\"509\" \/>W naszej kwiaciarni znajdziesz nie tylko kwiatowe pi\u0119kno\u015bci, ale tak\u017ce wyj\u0105tkowych towarzyszy:<\/p>\n<p data-start=\"481\" data-end=\"756\"><br data-start=\"610\" data-end=\"613\" \/><strong>- Wielokrotnie nagradzane wino DVERI PAX<\/strong><br data-start=\"644\" data-end=\"647\" \/><strong> - Wy\u015bmienite produkty regionalne ze sklepu klasztornego<\/strong><br data-start=\"698\" data-end=\"701\" \/><strong> - Nastrojowe elementy dekoracyjne pasuj\u0105ce do pory roku<\/strong><\/p>\n<p class=\"paragraph-m\">\u00a0<\/p>\n<p data-start=\"758\" data-end=\"846\" data-is-last-node=\"\" data-is-only-node=\"\"><strong data-start=\"758\" data-end=\"846\" data-is-last-node=\"\">Wpadnij do nas - z niecierpliwo\u015bci\u0105 czekamy, aby Twoje wyj\u0105tkowe chwile by\u0142y jeszcze pi\u0119kniejsze.<\/strong><\/p>\n<p>\u00a0<\/p>\n<p><a class=\"admont-button admont-button--secondary\" title=\"www.dveri-pax.at\" href=\"https:\/\/dveri-pax.at\/weinshop\/\" target=\"_blank\" rel=\"noopener\">Do internetowego sklepu z winami - www.dveri-pax.at<\/a><\/p>\n<p>\u00a0<\/p>\n<\/div>\n                        \n                                    <\/div>\n            \n            <\/div>\n<\/div>\n\n<\/section>\n\n<section id='lightpress__section--block_a03a5fa2194968f8081f430b1fab3eca' class='bg--beige lightpress__section--colored-bg lightpress__section--default-section-space lightpress__section lightpress__section--content'><div class=\"content__inner\"\n         x-init=\"initContentBlockAnim($el)\">\n        \n    <div class=\"content__grid content__grid--fifty-fifty\">\n                                            <div class=\"content__box content__box\"\n                 style=\"\">\n                                \n                \n                                            <div class=\"prose\"><h5 class=\"heading-m line line-above line--gold\">Dzie\u0144 otwarty w przedszkolu Admont Abbey<\/h5>\n<p>\u00a0<\/p>\n<p><strong>W dniu 25 kwietnia 2026 r. <\/strong>Poznaj szk\u00f3\u0142k\u0119 Admont Abbey w ca\u0142ej jej r\u00f3\u017cnorodno\u015bci! Podczas dnia otwartego serdecznie zapraszamy do zajrzenia za kulisy naszej tradycyjnej szk\u00f3\u0142ki i odkrycia fascynuj\u0105cego \u015bwiata ro\u015blin wszystkimi zmys\u0142ami.<\/p>\n<p>\u00a0<\/p>\n<p>Spaceruj po naszych pi\u0119knie utrzymanych szklarniach, zainspiruj si\u0119 kolorowym blaskiem sezonowych kwiat\u00f3w i uzyskaj cenne wskaz\u00f3wki bezpo\u015brednio od naszych ogrodnik\u00f3w i floryst\u00f3w. Niezale\u017cnie od tego, czy jeste\u015b mi\u0142o\u015bnikiem ogrod\u00f3w, ogrodnikiem hobbyst\u0105, czy po prostu ciekawskim - ka\u017cdy znajdzie tu co\u015b dla siebie.<\/p>\n<p>\u00a0<\/p>\n<p>Ciesz si\u0119 wyj\u0105tkow\u0105 atmosfer\u0105, odkryj r\u00f3\u017cnorodno\u015b\u0107 regionalnych ro\u015blin i dowiedz si\u0119 wi\u0119cej o zr\u00f3wnowa\u017conej kulturze ogrodowej w sercu opactwa Admont.\u00a0<\/p>\n<p>\u00a0<\/p>\n<p><strong>Przyjd\u017a, zainspiruj si\u0119 i sp\u0119d\u017a z nami relaksuj\u0105cy, kwitn\u0105cy dzie\u0144 w szk\u00f3\u0142ce Admont Abbey!<\/strong><\/p>\n<p>\u00a0<\/p>\n<p>Z niecierpliwo\u015bci\u0105 czekamy na Twoj\u0105 wizyt\u0119!<\/p>\n<\/div>\n                    \n                            <\/div>\n        \n                                                    <div class=\"content__box content__box--2\"\n                     >\n                                        \n                    \n                                                <div class=\"content__media stickyTo\" x-init=\"imageSticky($el)\">\n\n                                                                                    <picture\n                                    class=\"content__image sticky\">\n                                <source srcset=\"https:\/\/stiftadmont.at\/wp-content\/uploads\/gaertnerei-offene-Tuere-727x1024.webp\" type=\"image\/webp\">\n                                <source srcset=\"https:\/\/stiftadmont.at\/wp-content\/uploads\/gaertnerei-offene-Tuere-727x1024.jpg\" type=\"image\/jpeg\">\n                                <img decoding=\"async\" class=\"sticky\" loading=\"lazy\" src=\"https:\/\/stiftadmont.at\/wp-content\/uploads\/gaertnerei-offene-Tuere-727x1024.png\" alt=\"przedszkole otwarte drzwi\" \/>\n\n                                                                                                                            <\/picture>\n\n                        <\/div>\n\n                                    <\/div>\n            \n            <\/div>\n<\/div>\n\n    <div class=\"background__container background__container--beige\">\n    <\/div>\n\n<\/section>\n\n<section id='lightpress__section--block_c9a70092a1e215a321e42c26aeddde8a' class='lightpress__section--more-links--950 lightpress__section--full-width lightpress__section--default-section-space lightpress__section lightpress__section--more-links'><div class=\"more\" x-init=\"initMoreLinksBlockAnim($el)\">\n            <style>\n            #lightpress__section--block_c9a70092a1e215a321e42c26aeddde8a .more {\n                --entry-width: calc(100% \/ 4 - var(--grid-gap) * 4);\n                grid-template-columns: repeat(auto-fit, minmax(max(var(--entry-width),50rem), 1fr));\n            }\n        <\/style>\n    \n                    <a class=\"more__link\" href=\"https:\/\/stiftadmont.at\/pl\/klasztorna-szkolka-kwiatow-i-wina\/godziny-otwarcia-kontakt-z-zespolem\/\">\n            <div class=\"more__media\">\n                                    <picture class=\"more__image\">\n                        <source srcset=\"https:\/\/stiftadmont.at\/wp-content\/uploads\/Gaertnerei-11-1024x683.webp\" type=\"image\/webp\">\n                        <source srcset=\"https:\/\/stiftadmont.at\/wp-content\/uploads\/Gaertnerei-11-1024x683.jpg\" type=\"image\/jpeg\">\n                        <img decoding=\"async\" loading=\"lazy\" src=\"https:\/\/stiftadmont.at\/wp-content\/uploads\/Gaertnerei-11-1024x683.jpg\"\n                             alt=\"Szk\u00f3\u0142ka 2022\" >\n                    <\/picture>\n                            <\/div>\n            <div class=\"more__content\">\n                <div class=\"more__title--container\">\n                                            \n                                                                            \n                        <p class=\"text-bold text-white text--serif text--26\">Godziny otwarcia, zesp\u00f3\u0142, kontakt<\/p>\n                                                            <\/div>\n                                    <div class=\"more__cta\">\n                        <i class=\"fa-thin fa-chevron-right\"><\/i>\n                    <\/div>\n                            <\/div>\n        <\/a>\n                    <a class=\"more__link\" href=\"https:\/\/stiftadmont.at\/pl\/klasztorna-szkolka-kwiatow-i-wina\/florystyka\/\">\n            <div class=\"more__media\">\n                                    <picture class=\"more__image\">\n                        <source srcset=\"https:\/\/stiftadmont.at\/wp-content\/uploads\/Blumenstrauss_min_Thomas-Sattler-1024x803.webp\" type=\"image\/webp\">\n                        <source srcset=\"https:\/\/stiftadmont.at\/wp-content\/uploads\/Blumenstrauss_min_Thomas-Sattler-1024x803.jpg\" type=\"image\/jpeg\">\n                        <img decoding=\"async\" loading=\"lazy\" src=\"https:\/\/stiftadmont.at\/wp-content\/uploads\/Blumenstrauss_min_Thomas-Sattler-1024x803.png\" alt=\"Bukiet kwiat\u00f3w min Thomas Sattler\" \/>\n                    <\/picture>\n                            <\/div>\n            <div class=\"more__content\">\n                <div class=\"more__title--container\">\n                                            \n                                                                            \n                        <p class=\"text-bold text-white text--serif text--26\">Kwiaty i florystyka<\/p>\n                                                            <\/div>\n                                    <div class=\"more__cta\">\n                        <i class=\"fa-thin fa-chevron-right\"><\/i>\n                    <\/div>\n                            <\/div>\n        <\/a>\n                    <a class=\"more__link\" href=\"https:\/\/stiftadmont.at\/pl\/klasztorna-szkolka-kwiatow-i-wina\/szkolka\/\">\n            <div class=\"more__media\">\n                                    <picture class=\"more__image\">\n                        <source srcset=\"https:\/\/stiftadmont.at\/wp-content\/uploads\/Gaertnerei-2-1024x683.webp\" type=\"image\/webp\">\n                        <source srcset=\"https:\/\/stiftadmont.at\/wp-content\/uploads\/Gaertnerei-2-1024x683.jpg\" type=\"image\/jpeg\">\n                        <img decoding=\"async\" loading=\"lazy\" src=\"https:\/\/stiftadmont.at\/wp-content\/uploads\/Gaertnerei-2-1024x683.jpg\"\n                             alt=\"Szk\u00f3\u0142ka 2022\" >\n                    <\/picture>\n                            <\/div>\n            <div class=\"more__content\">\n                <div class=\"more__title--container\">\n                                            \n                                                                            \n                        <p class=\"text-bold text-white text--serif text--26\">Szk\u00f3\u0142ka<\/p>\n                                                            <\/div>\n                                    <div class=\"more__cta\">\n                        <i class=\"fa-thin fa-chevron-right\"><\/i>\n                    <\/div>\n                            <\/div>\n        <\/a>\n                    <a class=\"more__link\" href=\"https:\/\/stiftadmont.at\/pl\/klasztorna-szkolka-kwiatow-i-wina\/wino\/\">\n            <div class=\"more__media\">\n                                    <picture class=\"more__image\">\n                        <source srcset=\"https:\/\/stiftadmont.at\/wp-content\/uploads\/Dveri-Pax-Stimmungsbilder-www-86-1024x683.webp\" type=\"image\/webp\">\n                        <source srcset=\"https:\/\/stiftadmont.at\/wp-content\/uploads\/Dveri-Pax-Stimmungsbilder-www-86-1024x683.jpg\" type=\"image\/jpeg\">\n                        <img decoding=\"async\" loading=\"lazy\" src=\"https:\/\/stiftadmont.at\/wp-content\/uploads\/Dveri-Pax-Stimmungsbilder-www-86-1024x683.jpg\"\n                             alt=\"Zdj\u0119cia nastrojowe Dveri Pax\" >\n                    <\/picture>\n                            <\/div>\n            <div class=\"more__content\">\n                <div class=\"more__title--container\">\n                                            \n                                                                            \n                        <p class=\"text-bold text-white text--serif text--26\">Wina DVERI PAX<\/p>\n                                                            <\/div>\n                                    <div class=\"more__cta\">\n                        <i class=\"fa-thin fa-chevron-right\"><\/i>\n                    <\/div>\n                            <\/div>\n        <\/a>\n    \n<\/div>\n\n<\/section>","protected":false},"excerpt":{"rendered":"","protected":false},"author":3,"featured_media":0,"parent":0,"menu_order":112,"comment_status":"closed","ping_status":"closed","template":"","meta":{"_acf_changed":false,"footnotes":""},"categories":[],"class_list":["post-515","page","type-page","status-publish","hentry"],"acf":[],"yoast_head":"<!-- This site is optimized with the Yoast SEO Premium plugin v26.0 (Yoast SEO v26.8) - https:\/\/yoast.com\/product\/yoast-seo-premium-wordpress\/ -->\n<title>Stiftsg\u00e4rtnerei Blumen und Wein - Stift Admont<\/title>\n<meta name=\"description\" content=\"Stiftsg\u00e4rtnerei Admont: Frische Blumen, regionaler DVERI PAX Wein und feine Klosterprodukte. F\u00fcr besondere Momente mit Herz und Qualit\u00e4t.\" \/>\n<meta name=\"robots\" content=\"index, follow, max-snippet:-1, max-image-preview:large, max-video-preview:-1\" \/>\n<link rel=\"canonical\" href=\"https:\/\/stiftadmont.at\/pl\/klasztorna-szkolka-kwiatow-i-wina\/\" \/>\n<meta property=\"og:locale\" content=\"pl_PL\" \/>\n<meta property=\"og:type\" content=\"article\" \/>\n<meta property=\"og:title\" content=\"Stiftsg\u00e4rtnerei Blumen und Wein\" \/>\n<meta property=\"og:description\" content=\"Stiftsg\u00e4rtnerei Admont: Frische Blumen, regionaler DVERI PAX Wein und feine Klosterprodukte. F\u00fcr besondere Momente mit Herz und Qualit\u00e4t.\" \/>\n<meta property=\"og:url\" content=\"https:\/\/stiftadmont.at\/pl\/klasztorna-szkolka-kwiatow-i-wina\/\" \/>\n<meta property=\"og:site_name\" content=\"Stift Admont\" \/>\n<meta property=\"article:modified_time\" content=\"2026-04-07T06:06:17+00:00\" \/>\n<meta property=\"og:image\" content=\"https:\/\/stiftadmont.at\/wp-content\/uploads\/Klosteranlage-innen.jpg\" \/>\n\t<meta property=\"og:image:width\" content=\"1912\" \/>\n\t<meta property=\"og:image:height\" content=\"1188\" \/>\n\t<meta property=\"og:image:type\" content=\"image\/jpeg\" \/>\n<meta name=\"twitter:card\" content=\"summary_large_image\" \/>\n<script type=\"application\/ld+json\" class=\"yoast-schema-graph\">{\"@context\":\"https:\/\/schema.org\",\"@graph\":[{\"@type\":\"WebPage\",\"@id\":\"https:\/\/stiftadmont.at\/stiftsgaertnerei-blumen-und-wein\/\",\"url\":\"https:\/\/stiftadmont.at\/stiftsgaertnerei-blumen-und-wein\/\",\"name\":\"Stiftsg\u00e4rtnerei Blumen und Wein - Stift Admont\",\"isPartOf\":{\"@id\":\"https:\/\/stiftadmont.at\/#website\"},\"datePublished\":\"2021-07-15T12:28:06+00:00\",\"dateModified\":\"2026-04-07T06:06:17+00:00\",\"description\":\"Stiftsg\u00e4rtnerei Admont: Frische Blumen, regionaler DVERI PAX Wein und feine Klosterprodukte. F\u00fcr besondere Momente mit Herz und Qualit\u00e4t.\",\"breadcrumb\":{\"@id\":\"https:\/\/stiftadmont.at\/stiftsgaertnerei-blumen-und-wein\/#breadcrumb\"},\"inLanguage\":\"pl-PL\",\"potentialAction\":[{\"@type\":\"ReadAction\",\"target\":[\"https:\/\/stiftadmont.at\/stiftsgaertnerei-blumen-und-wein\/\"]}]},{\"@type\":\"BreadcrumbList\",\"@id\":\"https:\/\/stiftadmont.at\/stiftsgaertnerei-blumen-und-wein\/#breadcrumb\",\"itemListElement\":[{\"@type\":\"ListItem\",\"position\":1,\"name\":\"Start\",\"item\":\"https:\/\/stiftadmont.at\/\"},{\"@type\":\"ListItem\",\"position\":2,\"name\":\"Stiftsg\u00e4rtnerei Blumen und Wein\"}]},{\"@type\":\"WebSite\",\"@id\":\"https:\/\/stiftadmont.at\/#website\",\"url\":\"https:\/\/stiftadmont.at\/\",\"name\":\"Stift Admont\",\"description\":\"Benediktinerkloster und Sehensw\u00fcrdigkeit im Ges\u00e4use\",\"potentialAction\":[{\"@type\":\"SearchAction\",\"target\":{\"@type\":\"EntryPoint\",\"urlTemplate\":\"https:\/\/stiftadmont.at\/?s={search_term_string}\"},\"query-input\":{\"@type\":\"PropertyValueSpecification\",\"valueRequired\":true,\"valueName\":\"search_term_string\"}}],\"inLanguage\":\"pl-PL\"}]}<\/script>\n<!-- \/ Yoast SEO Premium plugin. -->","yoast_head_json":{"title":"Kwiaty i wino w szk\u00f3\u0142ce opactwa - Opactwo Admont","description":"Stiftsg\u00e4rtnerei Admont: \u015awie\u017ce kwiaty, regionalne wino DVERI PAX i wy\u015bmienite produkty klasztorne. Dla wyj\u0105tkowych chwil z sercem i jako\u015bci\u0105.","robots":{"index":"index","follow":"follow","max-snippet":"max-snippet:-1","max-image-preview":"max-image-preview:large","max-video-preview":"max-video-preview:-1"},"canonical":"https:\/\/stiftadmont.at\/pl\/klasztorna-szkolka-kwiatow-i-wina\/","og_locale":"pl_PL","og_type":"article","og_title":"Stiftsg\u00e4rtnerei Blumen und Wein","og_description":"Stiftsg\u00e4rtnerei Admont: Frische Blumen, regionaler DVERI PAX Wein und feine Klosterprodukte. F\u00fcr besondere Momente mit Herz und Qualit\u00e4t.","og_url":"https:\/\/stiftadmont.at\/pl\/klasztorna-szkolka-kwiatow-i-wina\/","og_site_name":"Stift Admont","article_modified_time":"2026-04-07T06:06:17+00:00","og_image":[{"width":1912,"height":1188,"url":"https:\/\/stiftadmont.at\/wp-content\/uploads\/Klosteranlage-innen.jpg","type":"image\/jpeg"}],"twitter_card":"summary_large_image","schema":{"@context":"https:\/\/schema.org","@graph":[{"@type":"WebPage","@id":"https:\/\/stiftadmont.at\/stiftsgaertnerei-blumen-und-wein\/","url":"https:\/\/stiftadmont.at\/stiftsgaertnerei-blumen-und-wein\/","name":"Kwiaty i wino w szk\u00f3\u0142ce opactwa - Opactwo Admont","isPartOf":{"@id":"https:\/\/stiftadmont.at\/#website"},"datePublished":"2021-07-15T12:28:06+00:00","dateModified":"2026-04-07T06:06:17+00:00","description":"Stiftsg\u00e4rtnerei Admont: \u015awie\u017ce kwiaty, regionalne wino DVERI PAX i wy\u015bmienite produkty klasztorne. Dla wyj\u0105tkowych chwil z sercem i jako\u015bci\u0105.","breadcrumb":{"@id":"https:\/\/stiftadmont.at\/stiftsgaertnerei-blumen-und-wein\/#breadcrumb"},"inLanguage":"pl-PL","potentialAction":[{"@type":"ReadAction","target":["https:\/\/stiftadmont.at\/stiftsgaertnerei-blumen-und-wein\/"]}]},{"@type":"BreadcrumbList","@id":"https:\/\/stiftadmont.at\/stiftsgaertnerei-blumen-und-wein\/#breadcrumb","itemListElement":[{"@type":"ListItem","position":1,"name":"Start","item":"https:\/\/stiftadmont.at\/"},{"@type":"ListItem","position":2,"name":"Stiftsg\u00e4rtnerei Blumen und Wein"}]},{"@type":"WebSite","@id":"https:\/\/stiftadmont.at\/#website","url":"https:\/\/stiftadmont.at\/","name":"Opactwo Admont","description":"Benedykty\u0144ski klasztor i atrakcja turystyczna w Ges\u00e4use","potentialAction":[{"@type":"SearchAction","target":{"@type":"EntryPoint","urlTemplate":"https:\/\/stiftadmont.at\/?s={search_term_string}"},"query-input":{"@type":"PropertyValueSpecification","valueRequired":true,"valueName":"search_term_string"}}],"inLanguage":"pl-PL"}]}},"_links":{"self":[{"href":"https:\/\/stiftadmont.at\/pl\/wp-json\/wp\/v2\/pages\/515","targetHints":{"allow":["GET"]}}],"collection":[{"href":"https:\/\/stiftadmont.at\/pl\/wp-json\/wp\/v2\/pages"}],"about":[{"href":"https:\/\/stiftadmont.at\/pl\/wp-json\/wp\/v2\/types\/page"}],"author":[{"embeddable":true,"href":"https:\/\/stiftadmont.at\/pl\/wp-json\/wp\/v2\/users\/3"}],"replies":[{"embeddable":true,"href":"https:\/\/stiftadmont.at\/pl\/wp-json\/wp\/v2\/comments?post=515"}],"version-history":[{"count":248,"href":"https:\/\/stiftadmont.at\/pl\/wp-json\/wp\/v2\/pages\/515\/revisions"}],"predecessor-version":[{"id":40887,"href":"https:\/\/stiftadmont.at\/pl\/wp-json\/wp\/v2\/pages\/515\/revisions\/40887"}],"wp:attachment":[{"href":"https:\/\/stiftadmont.at\/pl\/wp-json\/wp\/v2\/media?parent=515"}],"wp:term":[{"taxonomy":"category","embeddable":true,"href":"https:\/\/stiftadmont.at\/pl\/wp-json\/wp\/v2\/categories?post=515"}],"curies":[{"name":"wp","href":"https:\/\/api.w.org\/{rel}","templated":true}]}}