{"id":533,"date":"2021-07-15T14:33:02","date_gmt":"2021-07-15T12:33:02","guid":{"rendered":"https:\/\/stiftadmont.at\/?page_id=533"},"modified":"2025-07-01T11:29:01","modified_gmt":"2025-07-01T09:29:01","slug":"domy-studenckie","status":"publish","type":"page","link":"https:\/\/stiftadmont.at\/pl\/studentenheime\/","title":{"rendered":"Domy studenckie"},"content":{"rendered":"<section id='lightpress__section--block_ade6cf06d8aa05bb892b83eea718cc7d' class='align-center lightpress__section--default-section-space lightpress__section lightpress__section--headline'><div class=\"headline__container\">\n            <h2 class=\"headline text--40 text-medium line line--gold line-above line-middle\">Studia w dobrym stylu - akademiki w opactwie Admont<\/h2>\n        <p class=\"text-center text-gold text--20 text-medium text--uppercase\">Opactwo benedyktyn\u00f3w Admont promuje edukacj\u0119 z wizj\u0105 - i oferuje studentom w Grazu, Innsbrucku i Leoben pierwszorz\u0119dne zakwaterowanie w centrum uniwersytetu.<\/p>\n        <div class=\"spacer--40\"><\/div>\n<\/div>\n\n<\/section>\n\n<section id='lightpress__section--block_2d9aa950b9ec78ea79842f1532e8c8f7' class='lightpress__section--default-section-space lightpress__section lightpress__section--content'><div class=\"content__inner\"\n         x-init=\"initContentBlockAnim($el)\">\n        \n    <div class=\"content__grid content__grid\">\n                                            <div class=\"content__box content__box--one-hundred\"\n                 style=\"\">\n                                \n                \n                                            <div class=\"prose\"><p class=\"paragraph-m\">Wszystkie trzy akademiki mieszcz\u0105 si\u0119 w dawnych budynkach klasztornych o wysokiej jako\u015bci historycznych strukturach - starannie odnowionych i unowocze\u015bnionych. Nowoczesna technologia, stylowe pokoje, przestronne przestrzenie wsp\u00f3lne i ciche strefy do nauki tworz\u0105 \u015brodowisko, kt\u00f3re idealnie \u0142\u0105czy \u017cycie, nauk\u0119 i mieszkanie.<\/p>\n<p class=\"paragraph-m\">\u00a0<\/p>\n<p class=\"paragraph-m\"><strong>Najlepsza lokalizacja - najlepszy sprz\u0119t - najlepsza obs\u0142uga<\/strong><\/p>\n<p class=\"paragraph-m\">Domy s\u0105 profesjonalnie zarz\u0105dzane przez Akademikerhilfe, do\u015bwiadczon\u0105 organizacj\u0119 zajmuj\u0105c\u0105 si\u0119 zakwaterowaniem student\u00f3w.<\/p>\n<p class=\"paragraph-m\">\u00a0<\/p>\n<p class=\"paragraph-m\">Niezale\u017cnie od tego, czy chodzi o ca\u0142y program studi\u00f3w, czy semestr za granic\u0105:\u00a0<strong>Wprowad\u017a si\u0119 i wystartuj - z klasztornym urokiem i wsp\u00f3\u0142czesnym komfortem.<\/strong><\/p>\n<p class=\"paragraph-m\">\u00a0<\/p>\n<p class=\"paragraph-m\"><em>Wi\u0119cej informacji i zg\u0142oszenia na stronie: www.akademikerhilfe.at<\/em><\/p>\n<\/div>\n                    \n                            <\/div>\n        \n            <\/div>\n<\/div>\n\n<\/section>\n\n<section id='lightpress__section--block_728ba4c1f2a8acec82e4e72593108cff' class='lightpress__section--more-links--950 lightpress__section--full-width lightpress__section--default-section-space lightpress__section lightpress__section--more-links'><div class=\"more\" x-init=\"initMoreLinksBlockAnim($el)\">\n            <style>\n            #lightpress__section--block_728ba4c1f2a8acec82e4e72593108cff .more {\n                --entry-width: calc(100% \/ 3 - var(--grid-gap) * 3);\n                grid-template-columns: repeat(auto-fit, minmax(max(var(--entry-width),50rem), 1fr));\n            }\n        <\/style>\n    \n                    <a class=\"more__link\" href=\"https:\/\/www.akademikerhilfe.at\/de\/haus-goesserstrasse-15\/11\"_blank>\n            <div class=\"more__media\">\n                                    <picture class=\"more__image\">\n                        <source srcset=\"https:\/\/stiftadmont.at\/wp-content\/uploads\/Studentenheim_\u00a9Thomas-Sattler-13-1-1024x683.webp\" type=\"image\/webp\">\n                        <source srcset=\"https:\/\/stiftadmont.at\/wp-content\/uploads\/Studentenheim_\u00a9Thomas-Sattler-13-1-1024x683.jpg\" type=\"image\/jpeg\">\n                        <img decoding=\"async\" loading=\"lazy\" src=\"https:\/\/stiftadmont.at\/wp-content\/uploads\/Studentenheim_\u00a9Thomas-Sattler-13-1-1024x683.jpg\"\n                             alt=\"Dom studencki \u00a9Thomas Sattler 13 1 skalowany\" >\n                    <\/picture>\n                            <\/div>\n            <div class=\"more__content\">\n                <div class=\"more__title--container\">\n                                            \n                                                                            \n                        <p class=\"text-bold text-white text--serif text--35\">Dom studencki Leoben<\/p>\n                                                    <p class=\"text-white text--26\">G\u00f6sserstrasse 15, 8700 Leoben<\/p>\n                                                            <\/div>\n                                    <div class=\"more__cta\">\n                        <i class=\"fa-thin fa-chevron-right\"><\/i>\n                    <\/div>\n                            <\/div>\n        <\/a>\n                    <a class=\"more__link\" href=\"https:\/\/www.akademikerhilfe.at\/de\/haus-muenzgrabenstrasse-59-und-61\/6\"_blank>\n            <div class=\"more__media\">\n                                    <picture class=\"more__image\">\n                        <source srcset=\"https:\/\/stiftadmont.at\/wp-content\/uploads\/MG_1520_0_www-1024x593.webp\" type=\"image\/webp\">\n                        <source srcset=\"https:\/\/stiftadmont.at\/wp-content\/uploads\/MG_1520_0_www-1024x593.jpg\" type=\"image\/jpeg\">\n                        <img decoding=\"async\" loading=\"lazy\" src=\"https:\/\/stiftadmont.at\/wp-content\/uploads\/MG_1520_0_www-1024x593.jpg\" alt=\"MG 1520 0 www\" \/>\n                    <\/picture>\n                            <\/div>\n            <div class=\"more__content\">\n                <div class=\"more__title--container\">\n                                            \n                                                                            \n                        <p class=\"text-bold text-white text--serif text--35\">Dom studencki M\u00fcnze<\/p>\n                                                    <p class=\"text-white text--26\">M\u00fcnzgrabenstra\u00dfe 59, 8010 Graz<\/p>\n                                                            <\/div>\n                                    <div class=\"more__cta\">\n                        <i class=\"fa-thin fa-chevron-right\"><\/i>\n                    <\/div>\n                            <\/div>\n        <\/a>\n                    <a class=\"more__link\" href=\"https:\/\/www.akademikerhilfe.at\/de\/haus-maximilianstrasse-8\/39\"_blank>\n            <div class=\"more__media\">\n                                    <picture class=\"more__image\">\n                        <source srcset=\"https:\/\/stiftadmont.at\/wp-content\/uploads\/Aussenansicht-neu-\u00a9-Simon-Legner-1024x682.webp\" type=\"image\/webp\">\n                        <source srcset=\"https:\/\/stiftadmont.at\/wp-content\/uploads\/Aussenansicht-neu-\u00a9-Simon-Legner-1024x682.jpg\" type=\"image\/jpeg\">\n                        <img decoding=\"async\" loading=\"lazy\" src=\"https:\/\/stiftadmont.at\/wp-content\/uploads\/Aussenansicht-neu-\u00a9-Simon-Legner-1024x682.jpg\" alt=\"Nowy widok zewn\u0119trzny \u00a9 Simon Legner\" \/>\n                    <\/picture>\n                            <\/div>\n            <div class=\"more__content\">\n                <div class=\"more__title--container\">\n                                            \n                                                                            \n                        <p class=\"text-bold text-white text--serif text--35\">Dom studencki Innsbruck<\/p>\n                                                    <p class=\"text-white text--26\">Maximilianstra\u00dfe 8, 6020 Innsbruck<\/p>\n                                                            <\/div>\n                                    <div class=\"more__cta\">\n                        <i class=\"fa-thin fa-chevron-right\"><\/i>\n                    <\/div>\n                            <\/div>\n        <\/a>\n    \n<\/div>\n\n<\/section>","protected":false},"excerpt":{"rendered":"","protected":false},"author":3,"featured_media":0,"parent":0,"menu_order":86,"comment_status":"closed","ping_status":"closed","template":"","meta":{"_acf_changed":false,"footnotes":""},"categories":[],"class_list":["post-533","page","type-page","status-publish","hentry"],"acf":[],"yoast_head":"<!-- This site is optimized with the Yoast SEO Premium plugin v26.0 (Yoast SEO v26.8) - https:\/\/yoast.com\/product\/yoast-seo-premium-wordpress\/ -->\n<title>Studentenheime - Stift Admont<\/title>\n<meta name=\"description\" content=\"Studentenheime Stift Admont \u2013 moderne, gem\u00fctliche Wohnheime in Graz, Innsbruck &amp; Leoben f\u00fcr entspanntes Studium. Jetzt informieren!\" \/>\n<meta name=\"robots\" content=\"index, follow, max-snippet:-1, max-image-preview:large, max-video-preview:-1\" \/>\n<link rel=\"canonical\" href=\"https:\/\/stiftadmont.at\/pl\/domy-studenckie\/\" \/>\n<meta property=\"og:locale\" content=\"pl_PL\" \/>\n<meta property=\"og:type\" content=\"article\" \/>\n<meta property=\"og:title\" content=\"Studentenheime\" \/>\n<meta property=\"og:description\" content=\"Studentenheime Stift Admont \u2013 moderne, gem\u00fctliche Wohnheime in Graz, Innsbruck &amp; Leoben f\u00fcr entspanntes Studium. Jetzt informieren!\" \/>\n<meta property=\"og:url\" content=\"https:\/\/stiftadmont.at\/pl\/domy-studenckie\/\" \/>\n<meta property=\"og:site_name\" content=\"Stift Admont\" \/>\n<meta property=\"article:modified_time\" content=\"2025-07-01T09:29:01+00:00\" \/>\n<meta property=\"og:image\" content=\"https:\/\/stiftadmont.at\/wp-content\/uploads\/Klosteranlage-innen.jpg\" \/>\n\t<meta property=\"og:image:width\" content=\"1912\" \/>\n\t<meta property=\"og:image:height\" content=\"1188\" \/>\n\t<meta property=\"og:image:type\" content=\"image\/jpeg\" \/>\n<meta name=\"twitter:card\" content=\"summary_large_image\" \/>\n<script type=\"application\/ld+json\" class=\"yoast-schema-graph\">{\"@context\":\"https:\/\/schema.org\",\"@graph\":[{\"@type\":\"WebPage\",\"@id\":\"https:\/\/stiftadmont.at\/studentenheime\/\",\"url\":\"https:\/\/stiftadmont.at\/studentenheime\/\",\"name\":\"Studentenheime - Stift Admont\",\"isPartOf\":{\"@id\":\"https:\/\/stiftadmont.at\/#website\"},\"datePublished\":\"2021-07-15T12:33:02+00:00\",\"dateModified\":\"2025-07-01T09:29:01+00:00\",\"description\":\"Studentenheime Stift Admont \u2013 moderne, gem\u00fctliche Wohnheime in Graz, Innsbruck & Leoben f\u00fcr entspanntes Studium. Jetzt informieren!\",\"breadcrumb\":{\"@id\":\"https:\/\/stiftadmont.at\/studentenheime\/#breadcrumb\"},\"inLanguage\":\"pl-PL\",\"potentialAction\":[{\"@type\":\"ReadAction\",\"target\":[\"https:\/\/stiftadmont.at\/studentenheime\/\"]}]},{\"@type\":\"BreadcrumbList\",\"@id\":\"https:\/\/stiftadmont.at\/studentenheime\/#breadcrumb\",\"itemListElement\":[{\"@type\":\"ListItem\",\"position\":1,\"name\":\"Start\",\"item\":\"https:\/\/stiftadmont.at\/\"},{\"@type\":\"ListItem\",\"position\":2,\"name\":\"Studentenheime\"}]},{\"@type\":\"WebSite\",\"@id\":\"https:\/\/stiftadmont.at\/#website\",\"url\":\"https:\/\/stiftadmont.at\/\",\"name\":\"Stift Admont\",\"description\":\"Benediktinerkloster und Sehensw\u00fcrdigkeit im Ges\u00e4use\",\"potentialAction\":[{\"@type\":\"SearchAction\",\"target\":{\"@type\":\"EntryPoint\",\"urlTemplate\":\"https:\/\/stiftadmont.at\/?s={search_term_string}\"},\"query-input\":{\"@type\":\"PropertyValueSpecification\",\"valueRequired\":true,\"valueName\":\"search_term_string\"}}],\"inLanguage\":\"pl-PL\"}]}<\/script>\n<!-- \/ Yoast SEO Premium plugin. -->","yoast_head_json":{"title":"Domy studenckie - Admont Abbey","description":"Rezydencje studenckie Stift Admont - nowoczesne, przytulne rezydencje w Grazu, Innsbrucku i Leoben na relaksuj\u0105c\u0105 nauk\u0119. Dowiedz si\u0119 wi\u0119cej ju\u017c teraz!","robots":{"index":"index","follow":"follow","max-snippet":"max-snippet:-1","max-image-preview":"max-image-preview:large","max-video-preview":"max-video-preview:-1"},"canonical":"https:\/\/stiftadmont.at\/pl\/domy-studenckie\/","og_locale":"pl_PL","og_type":"article","og_title":"Studentenheime","og_description":"Studentenheime Stift Admont \u2013 moderne, gem\u00fctliche Wohnheime in Graz, Innsbruck & Leoben f\u00fcr entspanntes Studium. Jetzt informieren!","og_url":"https:\/\/stiftadmont.at\/pl\/domy-studenckie\/","og_site_name":"Stift Admont","article_modified_time":"2025-07-01T09:29:01+00:00","og_image":[{"width":1912,"height":1188,"url":"https:\/\/stiftadmont.at\/wp-content\/uploads\/Klosteranlage-innen.jpg","type":"image\/jpeg"}],"twitter_card":"summary_large_image","schema":{"@context":"https:\/\/schema.org","@graph":[{"@type":"WebPage","@id":"https:\/\/stiftadmont.at\/studentenheime\/","url":"https:\/\/stiftadmont.at\/studentenheime\/","name":"Domy studenckie - Admont Abbey","isPartOf":{"@id":"https:\/\/stiftadmont.at\/#website"},"datePublished":"2021-07-15T12:33:02+00:00","dateModified":"2025-07-01T09:29:01+00:00","description":"Rezydencje studenckie Stift Admont - nowoczesne, przytulne rezydencje w Grazu, Innsbrucku i Leoben na relaksuj\u0105c\u0105 nauk\u0119. Dowiedz si\u0119 wi\u0119cej ju\u017c teraz!","breadcrumb":{"@id":"https:\/\/stiftadmont.at\/studentenheime\/#breadcrumb"},"inLanguage":"pl-PL","potentialAction":[{"@type":"ReadAction","target":["https:\/\/stiftadmont.at\/studentenheime\/"]}]},{"@type":"BreadcrumbList","@id":"https:\/\/stiftadmont.at\/studentenheime\/#breadcrumb","itemListElement":[{"@type":"ListItem","position":1,"name":"Start","item":"https:\/\/stiftadmont.at\/"},{"@type":"ListItem","position":2,"name":"Studentenheime"}]},{"@type":"WebSite","@id":"https:\/\/stiftadmont.at\/#website","url":"https:\/\/stiftadmont.at\/","name":"Opactwo Admont","description":"Benedykty\u0144ski klasztor i atrakcja turystyczna w Ges\u00e4use","potentialAction":[{"@type":"SearchAction","target":{"@type":"EntryPoint","urlTemplate":"https:\/\/stiftadmont.at\/?s={search_term_string}"},"query-input":{"@type":"PropertyValueSpecification","valueRequired":true,"valueName":"search_term_string"}}],"inLanguage":"pl-PL"}]}},"_links":{"self":[{"href":"https:\/\/stiftadmont.at\/pl\/wp-json\/wp\/v2\/pages\/533","targetHints":{"allow":["GET"]}}],"collection":[{"href":"https:\/\/stiftadmont.at\/pl\/wp-json\/wp\/v2\/pages"}],"about":[{"href":"https:\/\/stiftadmont.at\/pl\/wp-json\/wp\/v2\/types\/page"}],"author":[{"embeddable":true,"href":"https:\/\/stiftadmont.at\/pl\/wp-json\/wp\/v2\/users\/3"}],"replies":[{"embeddable":true,"href":"https:\/\/stiftadmont.at\/pl\/wp-json\/wp\/v2\/comments?post=533"}],"version-history":[{"count":37,"href":"https:\/\/stiftadmont.at\/pl\/wp-json\/wp\/v2\/pages\/533\/revisions"}],"predecessor-version":[{"id":35203,"href":"https:\/\/stiftadmont.at\/pl\/wp-json\/wp\/v2\/pages\/533\/revisions\/35203"}],"wp:attachment":[{"href":"https:\/\/stiftadmont.at\/pl\/wp-json\/wp\/v2\/media?parent=533"}],"wp:term":[{"taxonomy":"category","embeddable":true,"href":"https:\/\/stiftadmont.at\/pl\/wp-json\/wp\/v2\/categories?post=533"}],"curies":[{"name":"wp","href":"https:\/\/api.w.org\/{rel}","templated":true}]}}