{"id":6289,"date":"2021-09-28T13:55:12","date_gmt":"2021-09-28T11:55:12","guid":{"rendered":"https:\/\/stiftadmont.at\/?page_id=6289"},"modified":"2023-12-08T18:47:53","modified_gmt":"2023-12-08T16:47:53","slug":"otworz-lacze","status":"publish","type":"page","link":"https:\/\/stiftadmont.at\/pl\/museum\/ausstellungsrueckblick\/open-the-link\/","title":{"rendered":"OTW\u00d3RZ LINK."},"content":{"rendered":"<section id='lightpress__section--block_61530186a0c2a' class='lightpress__section--default-section-space lightpress__section lightpress__section--content'><div class=\"content__inner\"\n         x-init=\"initContentBlockAnim($el)\">\n        \n    <div class=\"content__grid content__grid\">\n                                            <div class=\"content__box content__box--one-hundred\"\n                 style=\"\">\n                                \n                \n                                            <div class=\"prose\"><h2 class=\"heading-xxl line line--gold\">Otw\u00f3rz \u0142\u0105cze.\u00a0<\/h2>\n<h3 class=\"heading-xl\">Wystawa specjalna w Muzeum Sztuki Wsp\u00f3\u0142czesnej<\/h3>\n<p class=\"paragraph-m\">Wystawa specjalna 2017 w Muzeum Gegenwartskunst oferuje \u017cywy wgl\u0105d w kolekcj\u0119 sztuki wsp\u00f3\u0142czesnej, kt\u00f3ra rozpocz\u0119\u0142a si\u0119 w 1997 roku i trwa ju\u017c od 20 lat.<\/p>\n<p class=\"paragraph-m\">Spektrum si\u0119ga od pierwszych do najnowszych nabytk\u00f3w, od prac MADE FOR ADMONT po interwencje artystyczne. I oczywi\u015bcie prezentacja specjalnej kolekcji \"<a href=\"\/pl\/sammlungen__trashed\/poza-zasiegiem-wzroku\/\">JENSEITS DES SEHENS - Sztuka \u0142\u0105czy osoby niewidome i widz\u0105ce<\/a>\" jako niezale\u017cny obszar kolekcji w ca\u0142ej kolekcji. Spoty dokumentalne pozwalaj\u0105 do\u015bwiadczy\u0107, jak kolekcja sztuki wsp\u00f3\u0142czesnej rozros\u0142a si\u0119 i jak wprawia w ruch \u015bwiaty.<\/p>\n<p class=\"paragraph-m\">Oko\u0142o 170 artyst\u00f3w, z kt\u00f3rych wi\u0119kszo\u015b\u0107 urodzi\u0142a si\u0119 w Austrii lub pracowa\u0142a tutaj od po\u0142owy XX wieku, jest reprezentowanych przez prace w kolekcji. Niekt\u00f3re z nich s\u0105 prezentowane na tej wystawie, jako reprezentatywne dla nich wszystkich i reprezentatywne dla wewn\u0119trznej struktury kolekcji.<\/p>\n<p class=\"paragraph-m\">OPEN THE LINK jako jedna z wielu mo\u017cliwo\u015bci wyboru prac i ich kombinacji - w strukturze wystawy z okazji 20-lecia Kolekcji Sztuki Wsp\u00f3\u0142czesnej. \u015awi\u0119tuj z nami! OTW\u00d3RZ \u0141\u0104CZNIK!<\/p>\n<\/div>\n                    \n                            <\/div>\n        \n            <\/div>\n<\/div>\n\n<\/section>\n\n<section id='lightpress__section--block_615302aba0c2c' class='lightpress__section--default-section-space lightpress__section lightpress__section--content'><div class=\"content__inner\"\n         x-init=\"initContentBlockAnim($el)\">\n        \n    <div class=\"content__grid content__grid\">\n                                            <div class=\"content__box content__box--one-hundred\"\n                 style=\"\">\n                                \n                \n                                            <div class=\"prose\"><div class=\"info info--info\">\n<p>Kurator: Michael Braunsteiner<\/p>\n<\/div>\n<div class=\"info info--info\">\n<p>Arty\u015bci reprezentowani na wystawie: Siegfried Anzinger - Erwin Bohatsch - Herbert Brandl - Adi Brunner - G\u00f6tz Bury - Gunter Damisch - Lore Demel-...Lerchster - Johannes Deutsch - Manfred Erjautz - Bruno Gironcoli - Franz Grabmayr - Franz Graf - Michael Gumhold - Claudia Hirtl - Lisa Huber - Judith Huemer - Christian Hutzinger - Alfred Klinkan - Ronald Kodritsch - Rudi Molacek - Tobias Pils - Konrad Rainer - Werner Reiterer - Lois Renner - Gerhard R\u00fchm - Hubert Scheibl - Eva Schlegel - Hubert Schmalix - Christoph Schmidberger - Martin Schnur - Hannes Schwarz - Emil Siemeister - Norbert Trummer - Walter Vopava - Markus Wilfling - Erwin Wurm - Otto Zitko<\/p>\n<\/div>\n<\/div>\n                    \n                            <\/div>\n        \n            <\/div>\n<\/div>\n\n<\/section>","protected":false},"excerpt":{"rendered":"","protected":false},"author":7,"featured_media":0,"parent":5864,"menu_order":8,"comment_status":"closed","ping_status":"closed","template":"","meta":{"_acf_changed":false,"footnotes":""},"categories":[73],"class_list":["post-6289","page","type-page","status-publish","hentry","category-ausstellungsrueckblick"],"acf":[],"yoast_head":"<!-- This site is optimized with the Yoast SEO Premium plugin v26.0 (Yoast SEO v26.8) - https:\/\/yoast.com\/product\/yoast-seo-premium-wordpress\/ -->\n<title>OPEN THE LINK. - Stift Admont<\/title>\n<meta name=\"robots\" content=\"index, follow, max-snippet:-1, max-image-preview:large, max-video-preview:-1\" \/>\n<link rel=\"canonical\" href=\"https:\/\/stiftadmont.at\/pl\/muzeum\/przeglad-wystawy\/otworz-lacze\/\" \/>\n<meta property=\"og:locale\" content=\"pl_PL\" \/>\n<meta property=\"og:type\" content=\"article\" \/>\n<meta property=\"og:title\" content=\"OPEN THE LINK.\" \/>\n<meta property=\"og:url\" content=\"https:\/\/stiftadmont.at\/pl\/muzeum\/przeglad-wystawy\/otworz-lacze\/\" \/>\n<meta property=\"og:site_name\" content=\"Stift Admont\" \/>\n<meta property=\"article:modified_time\" content=\"2023-12-08T16:47:53+00:00\" \/>\n<meta property=\"og:image\" content=\"https:\/\/stiftadmont.at\/wp-content\/uploads\/Klosteranlage-innen.jpg\" \/>\n\t<meta property=\"og:image:width\" content=\"1912\" \/>\n\t<meta property=\"og:image:height\" content=\"1188\" \/>\n\t<meta property=\"og:image:type\" content=\"image\/jpeg\" \/>\n<meta name=\"twitter:card\" content=\"summary_large_image\" \/>\n<script type=\"application\/ld+json\" class=\"yoast-schema-graph\">{\"@context\":\"https:\/\/schema.org\",\"@graph\":[{\"@type\":\"WebPage\",\"@id\":\"https:\/\/stiftadmont.at\/museum\/ausstellungsrueckblick\/open-the-link\/\",\"url\":\"https:\/\/stiftadmont.at\/museum\/ausstellungsrueckblick\/open-the-link\/\",\"name\":\"OPEN THE LINK. - Stift Admont\",\"isPartOf\":{\"@id\":\"https:\/\/stiftadmont.at\/#website\"},\"datePublished\":\"2021-09-28T11:55:12+00:00\",\"dateModified\":\"2023-12-08T16:47:53+00:00\",\"breadcrumb\":{\"@id\":\"https:\/\/stiftadmont.at\/museum\/ausstellungsrueckblick\/open-the-link\/#breadcrumb\"},\"inLanguage\":\"pl-PL\",\"potentialAction\":[{\"@type\":\"ReadAction\",\"target\":[\"https:\/\/stiftadmont.at\/museum\/ausstellungsrueckblick\/open-the-link\/\"]}]},{\"@type\":\"BreadcrumbList\",\"@id\":\"https:\/\/stiftadmont.at\/museum\/ausstellungsrueckblick\/open-the-link\/#breadcrumb\",\"itemListElement\":[{\"@type\":\"ListItem\",\"position\":1,\"name\":\"Start\",\"item\":\"https:\/\/stiftadmont.at\/\"},{\"@type\":\"ListItem\",\"position\":2,\"name\":\"Museum Stift Admont\",\"item\":\"https:\/\/stiftadmont.at\/museum\/\"},{\"@type\":\"ListItem\",\"position\":3,\"name\":\"Ausstellungsr\u00fcckblick\",\"item\":\"https:\/\/stiftadmont.at\/museum\/ausstellungsrueckblick\/\"},{\"@type\":\"ListItem\",\"position\":4,\"name\":\"OPEN THE LINK.\"}]},{\"@type\":\"WebSite\",\"@id\":\"https:\/\/stiftadmont.at\/#website\",\"url\":\"https:\/\/stiftadmont.at\/\",\"name\":\"Stift Admont\",\"description\":\"Benediktinerkloster und Sehensw\u00fcrdigkeit im Ges\u00e4use\",\"potentialAction\":[{\"@type\":\"SearchAction\",\"target\":{\"@type\":\"EntryPoint\",\"urlTemplate\":\"https:\/\/stiftadmont.at\/?s={search_term_string}\"},\"query-input\":{\"@type\":\"PropertyValueSpecification\",\"valueRequired\":true,\"valueName\":\"search_term_string\"}}],\"inLanguage\":\"pl-PL\"}]}<\/script>\n<!-- \/ Yoast SEO Premium plugin. -->","yoast_head_json":{"title":"OTW\u00d3RZ LINK. - Opactwo Admont","robots":{"index":"index","follow":"follow","max-snippet":"max-snippet:-1","max-image-preview":"max-image-preview:large","max-video-preview":"max-video-preview:-1"},"canonical":"https:\/\/stiftadmont.at\/pl\/muzeum\/przeglad-wystawy\/otworz-lacze\/","og_locale":"pl_PL","og_type":"article","og_title":"OPEN THE LINK.","og_url":"https:\/\/stiftadmont.at\/pl\/muzeum\/przeglad-wystawy\/otworz-lacze\/","og_site_name":"Stift Admont","article_modified_time":"2023-12-08T16:47:53+00:00","og_image":[{"width":1912,"height":1188,"url":"https:\/\/stiftadmont.at\/wp-content\/uploads\/Klosteranlage-innen.jpg","type":"image\/jpeg"}],"twitter_card":"summary_large_image","schema":{"@context":"https:\/\/schema.org","@graph":[{"@type":"WebPage","@id":"https:\/\/stiftadmont.at\/museum\/ausstellungsrueckblick\/open-the-link\/","url":"https:\/\/stiftadmont.at\/museum\/ausstellungsrueckblick\/open-the-link\/","name":"OTW\u00d3RZ LINK. - Opactwo Admont","isPartOf":{"@id":"https:\/\/stiftadmont.at\/#website"},"datePublished":"2021-09-28T11:55:12+00:00","dateModified":"2023-12-08T16:47:53+00:00","breadcrumb":{"@id":"https:\/\/stiftadmont.at\/museum\/ausstellungsrueckblick\/open-the-link\/#breadcrumb"},"inLanguage":"pl-PL","potentialAction":[{"@type":"ReadAction","target":["https:\/\/stiftadmont.at\/museum\/ausstellungsrueckblick\/open-the-link\/"]}]},{"@type":"BreadcrumbList","@id":"https:\/\/stiftadmont.at\/museum\/ausstellungsrueckblick\/open-the-link\/#breadcrumb","itemListElement":[{"@type":"ListItem","position":1,"name":"Start","item":"https:\/\/stiftadmont.at\/"},{"@type":"ListItem","position":2,"name":"Museum Stift Admont","item":"https:\/\/stiftadmont.at\/museum\/"},{"@type":"ListItem","position":3,"name":"Ausstellungsr\u00fcckblick","item":"https:\/\/stiftadmont.at\/museum\/ausstellungsrueckblick\/"},{"@type":"ListItem","position":4,"name":"OPEN THE LINK."}]},{"@type":"WebSite","@id":"https:\/\/stiftadmont.at\/#website","url":"https:\/\/stiftadmont.at\/","name":"Opactwo Admont","description":"Benedykty\u0144ski klasztor i atrakcja turystyczna w Ges\u00e4use","potentialAction":[{"@type":"SearchAction","target":{"@type":"EntryPoint","urlTemplate":"https:\/\/stiftadmont.at\/?s={search_term_string}"},"query-input":{"@type":"PropertyValueSpecification","valueRequired":true,"valueName":"search_term_string"}}],"inLanguage":"pl-PL"}]}},"_links":{"self":[{"href":"https:\/\/stiftadmont.at\/pl\/wp-json\/wp\/v2\/pages\/6289","targetHints":{"allow":["GET"]}}],"collection":[{"href":"https:\/\/stiftadmont.at\/pl\/wp-json\/wp\/v2\/pages"}],"about":[{"href":"https:\/\/stiftadmont.at\/pl\/wp-json\/wp\/v2\/types\/page"}],"author":[{"embeddable":true,"href":"https:\/\/stiftadmont.at\/pl\/wp-json\/wp\/v2\/users\/7"}],"replies":[{"embeddable":true,"href":"https:\/\/stiftadmont.at\/pl\/wp-json\/wp\/v2\/comments?post=6289"}],"version-history":[{"count":11,"href":"https:\/\/stiftadmont.at\/pl\/wp-json\/wp\/v2\/pages\/6289\/revisions"}],"predecessor-version":[{"id":13523,"href":"https:\/\/stiftadmont.at\/pl\/wp-json\/wp\/v2\/pages\/6289\/revisions\/13523"}],"up":[{"embeddable":true,"href":"https:\/\/stiftadmont.at\/pl\/wp-json\/wp\/v2\/pages\/5864"}],"wp:attachment":[{"href":"https:\/\/stiftadmont.at\/pl\/wp-json\/wp\/v2\/media?parent=6289"}],"wp:term":[{"taxonomy":"category","embeddable":true,"href":"https:\/\/stiftadmont.at\/pl\/wp-json\/wp\/v2\/categories?post=6289"}],"curies":[{"name":"wp","href":"https:\/\/api.w.org\/{rel}","templated":true}]}}