{"id":6372,"date":"2021-09-29T15:00:32","date_gmt":"2021-09-29T13:00:32","guid":{"rendered":"https:\/\/stiftadmont.at\/?page_id=6372"},"modified":"2025-01-30T09:43:18","modified_gmt":"2025-01-30T07:43:18","slug":"constanze-ruhm","status":"publish","type":"page","link":"https:\/\/stiftadmont.at\/pl\/ueber-die-stiftsbibliothek\/constanze-ruhm\/","title":{"rendered":"Constanze Ruhm"},"content":{"rendered":"<section id='lightpress__section--block_8d2ccb5ab6b04749cba905684a2671a3' class='align-center lightpress__section--default-section-space lightpress__section lightpress__section--headline'><div class=\"headline__container\">\n            <h2 class=\"headline text--40 text-medium line line--gold line-above line-middle\">blindstorey, 2003 <\/h2>\n        <p class=\"text-center text-gold text--20 text-medium text--uppercase\">blindstorey erz\u00e4hlt vom Kino, von der Stille, von Erinnerung und von Blindheit. <\/p>\n        <div class=\"spacer--40\"><\/div>\n<\/div>\n\n<\/section>\n\n<section id='lightpress__section--block_d20ed913fa851dfa3be6290faaff9941' class='lightpress__section--default-section-space lightpress__section lightpress__section--content'><div class=\"content__inner\"\n         x-init=\"initContentBlockAnim($el)\">\n        \n    <div class=\"content__grid content__grid--fifty-fifty\">\n                                            <div class=\"content__box content__box\"\n                 style=\"\">\n                                \n                \n                                            <div class=\"prose\"><h5 class=\"heading-m line line-above line--gold\">blindstorey, 2003<\/h5>\n<p>\u00a0<\/p>\n<p class=\"paragraph-m\">Der deutsche Komponist Otto Kr\u00e4nzler entwickelte drei zeitgen\u00f6ssische Kompositionen aus gesampeltem Tonmaterial, das auf akustischen R\u00fcckst\u00e4nden und Ger\u00e4usch-Atmosph\u00e4ren, auf klanglichen Zwischenr\u00e4umen und Leerstellen, auf unterschiedlichsten Formen der Stille aus drei Filmen basiert, die sich auf die eine oder andere Weise mit dem Thema der Blindheit besch\u00e4ftigen (Wait Until Dark [USA 1967, Terence Young], Night on Earth [USA 1991, Jim Jarmusch], Until the End of the World [USA 1991, Wim Wenders]).<\/p>\n<p>\u00a0<\/p>\n<p>blindstorey entstand f\u00fcr die Produktionsreihe \u201eMade for Admont\u201c \u2013 Sammlung \u201eJENSEITS DES SEHENS \u2013 Kunst verbindet Blinde und Sehende\u201c<\/p>\n<\/div>\n                    \n                            <\/div>\n        \n                                                    <div class=\"content__box content__box--2\"\n                     >\n                                        \n                    \n                                                <div class=\"content__media stickyTo\" x-init=\"imageSticky($el)\">\n\n                                                                                    <picture\n                                    class=\"content__image sticky\">\n                                <source srcset=\"https:\/\/stiftadmont.at\/wp-content\/uploads\/0e8bfd1d071657cbc63f9ace1550f1f3_L.webp\" type=\"image\/webp\">\n                                <source srcset=\"https:\/\/stiftadmont.at\/wp-content\/uploads\/0e8bfd1d071657cbc63f9ace1550f1f3_L.jpg\" type=\"image\/jpeg\">\n                                <img decoding=\"async\" class=\"sticky\" loading=\"lazy\" src=\"https:\/\/stiftadmont.at\/wp-content\/uploads\/0e8bfd1d071657cbc63f9ace1550f1f3_L.jpg\" alt=\"\u00dcber die Stiftsbibliothek 2021\" \/>\n\n                                                                                                                            <\/picture>\n\n                        <\/div>\n\n                                    <\/div>\n            \n            <\/div>\n<\/div>\n\n<\/section>\n\n<section id='lightpress__section--block_eb4c6409c6e63c626f93f7f77b6ba930' class='lightpress__section--default-section-space lightpress__section lightpress__section--content'><div class=\"content__inner\"\n         x-init=\"initContentBlockAnim($el)\">\n        \n    <div class=\"content__grid content__grid--fifty-fifty\">\n                                            <div class=\"content__box content__box\"\n                 style=\"\">\n                                \n                \n                                            <div class=\"prose\"><h5 class=\"heading-m line line-above line--gold\">Fokus von blindstorey<\/h5>\n<p>\u00a0<\/p>\n<p class=\"paragraph-m\">Diese Kompositionen stellen akustische Landkarten dar, um die vielf\u00e4ltigen Bewegungen von Stille, Auslassung, Unterbrechung, Ger\u00e4usch und Atmosph\u00e4re, die in den Tonspuren der ausgew\u00e4hlten Filme enthalten sind, nachzuverfolgen, aufzuzeichnen und neu zu komponieren. Ein weiterer Fokus von blindstorey liegt auf der barocken Bibliothek des Klosters Stift Admont, in der sieben allegorische trompe l\u2018oeuil Deckenfresken des Malers Bartolomeo Altomonte aus den Jahren 1775\/1776 zu sehen sind.<\/p>\n<\/div>\n                    \n                            <\/div>\n        \n                                                    <div class=\"content__box content__box--2\"\n                     >\n                                        \n                    \n                                                    <div class=\"prose\"><p class=\"paragraph-m\">Die blinde franz\u00f6sische Autorin Claire Bartoli (bekannt geworden durch einen Begleittext zur Ver\u00f6ffentlichung des Soundtracks zu Jean-Luc Godards Film Nouvelle Vague [F\/I 1993]) erz\u00e4hlt von ihrer Erfahrung als blinde Kinog\u00e4ngerin. Gesehene, erinnerte und (wieder)-erz\u00e4hlte Bild- und Tonfragmente durchziehen sieben kurze Texte, die von Licht und Dunkelheit, Erinnerung und Projektion, und den unterschiedlichen Sinneserfahrungen des H\u00f6rens und Sehens berichten.<\/p>\n<div class=\"info info--info\">\n<p>In Zusammenarbeit mit: Fareed Armaly und Otto Kr\u00e4nzler Textbeitrag: Claire Bartoli Virtuelle Modelle: Franz Schubert, 2003<\/p>\n<\/div>\n<p class=\"paragraph-m\">\u00a0<\/p>\n<\/div>\n                        \n                                    <\/div>\n            \n            <\/div>\n<\/div>\n\n<\/section>","protected":false},"excerpt":{"rendered":"","protected":false},"author":7,"featured_media":0,"parent":454,"menu_order":0,"comment_status":"closed","ping_status":"closed","template":"","meta":{"_acf_changed":false,"footnotes":""},"categories":[],"class_list":["post-6372","page","type-page","status-publish","hentry"],"acf":[],"yoast_head":"<!-- This site is optimized with the Yoast SEO Premium plugin v26.0 (Yoast SEO v26.8) - https:\/\/yoast.com\/product\/yoast-seo-premium-wordpress\/ -->\n<title>Constanze Ruhm - Stift Admont<\/title>\n<meta name=\"robots\" content=\"index, follow, max-snippet:-1, max-image-preview:large, max-video-preview:-1\" \/>\n<link rel=\"canonical\" href=\"https:\/\/stiftadmont.at\/pl\/o-bibliotece-opactwa\/constanze-ruhm\/\" \/>\n<meta property=\"og:locale\" content=\"pl_PL\" \/>\n<meta property=\"og:type\" content=\"article\" \/>\n<meta property=\"og:title\" content=\"Constanze Ruhm\" \/>\n<meta property=\"og:url\" content=\"https:\/\/stiftadmont.at\/pl\/o-bibliotece-opactwa\/constanze-ruhm\/\" \/>\n<meta property=\"og:site_name\" content=\"Stift Admont\" \/>\n<meta property=\"article:modified_time\" content=\"2025-01-30T07:43:18+00:00\" \/>\n<meta property=\"og:image\" content=\"https:\/\/stiftadmont.at\/wp-content\/uploads\/Klosteranlage-innen.jpg\" \/>\n\t<meta property=\"og:image:width\" content=\"1912\" \/>\n\t<meta property=\"og:image:height\" content=\"1188\" \/>\n\t<meta property=\"og:image:type\" content=\"image\/jpeg\" \/>\n<meta name=\"twitter:card\" content=\"summary_large_image\" \/>\n<script type=\"application\/ld+json\" class=\"yoast-schema-graph\">{\"@context\":\"https:\/\/schema.org\",\"@graph\":[{\"@type\":\"WebPage\",\"@id\":\"https:\/\/stiftadmont.at\/ueber-die-stiftsbibliothek\/constanze-ruhm\/\",\"url\":\"https:\/\/stiftadmont.at\/ueber-die-stiftsbibliothek\/constanze-ruhm\/\",\"name\":\"Constanze Ruhm - Stift Admont\",\"isPartOf\":{\"@id\":\"https:\/\/stiftadmont.at\/#website\"},\"datePublished\":\"2021-09-29T13:00:32+00:00\",\"dateModified\":\"2025-01-30T07:43:18+00:00\",\"breadcrumb\":{\"@id\":\"https:\/\/stiftadmont.at\/ueber-die-stiftsbibliothek\/constanze-ruhm\/#breadcrumb\"},\"inLanguage\":\"pl-PL\",\"potentialAction\":[{\"@type\":\"ReadAction\",\"target\":[\"https:\/\/stiftadmont.at\/ueber-die-stiftsbibliothek\/constanze-ruhm\/\"]}]},{\"@type\":\"BreadcrumbList\",\"@id\":\"https:\/\/stiftadmont.at\/ueber-die-stiftsbibliothek\/constanze-ruhm\/#breadcrumb\",\"itemListElement\":[{\"@type\":\"ListItem\",\"position\":1,\"name\":\"Start\",\"item\":\"https:\/\/stiftadmont.at\/\"},{\"@type\":\"ListItem\",\"position\":2,\"name\":\"\u00dcber unsere Klosterbibliothek\",\"item\":\"https:\/\/stiftadmont.at\/ueber-die-stiftsbibliothek\/\"},{\"@type\":\"ListItem\",\"position\":3,\"name\":\"Constanze Ruhm\"}]},{\"@type\":\"WebSite\",\"@id\":\"https:\/\/stiftadmont.at\/#website\",\"url\":\"https:\/\/stiftadmont.at\/\",\"name\":\"Stift Admont\",\"description\":\"Benediktinerkloster und Sehensw\u00fcrdigkeit im Ges\u00e4use\",\"potentialAction\":[{\"@type\":\"SearchAction\",\"target\":{\"@type\":\"EntryPoint\",\"urlTemplate\":\"https:\/\/stiftadmont.at\/?s={search_term_string}\"},\"query-input\":{\"@type\":\"PropertyValueSpecification\",\"valueRequired\":true,\"valueName\":\"search_term_string\"}}],\"inLanguage\":\"pl-PL\"}]}<\/script>\n<!-- \/ Yoast SEO Premium plugin. -->","yoast_head_json":{"title":"Constanze Ruhm - Opactwo Admont","robots":{"index":"index","follow":"follow","max-snippet":"max-snippet:-1","max-image-preview":"max-image-preview:large","max-video-preview":"max-video-preview:-1"},"canonical":"https:\/\/stiftadmont.at\/pl\/o-bibliotece-opactwa\/constanze-ruhm\/","og_locale":"pl_PL","og_type":"article","og_title":"Constanze Ruhm","og_url":"https:\/\/stiftadmont.at\/pl\/o-bibliotece-opactwa\/constanze-ruhm\/","og_site_name":"Stift Admont","article_modified_time":"2025-01-30T07:43:18+00:00","og_image":[{"width":1912,"height":1188,"url":"https:\/\/stiftadmont.at\/wp-content\/uploads\/Klosteranlage-innen.jpg","type":"image\/jpeg"}],"twitter_card":"summary_large_image","schema":{"@context":"https:\/\/schema.org","@graph":[{"@type":"WebPage","@id":"https:\/\/stiftadmont.at\/ueber-die-stiftsbibliothek\/constanze-ruhm\/","url":"https:\/\/stiftadmont.at\/ueber-die-stiftsbibliothek\/constanze-ruhm\/","name":"Constanze Ruhm - Opactwo Admont","isPartOf":{"@id":"https:\/\/stiftadmont.at\/#website"},"datePublished":"2021-09-29T13:00:32+00:00","dateModified":"2025-01-30T07:43:18+00:00","breadcrumb":{"@id":"https:\/\/stiftadmont.at\/ueber-die-stiftsbibliothek\/constanze-ruhm\/#breadcrumb"},"inLanguage":"pl-PL","potentialAction":[{"@type":"ReadAction","target":["https:\/\/stiftadmont.at\/ueber-die-stiftsbibliothek\/constanze-ruhm\/"]}]},{"@type":"BreadcrumbList","@id":"https:\/\/stiftadmont.at\/ueber-die-stiftsbibliothek\/constanze-ruhm\/#breadcrumb","itemListElement":[{"@type":"ListItem","position":1,"name":"Start","item":"https:\/\/stiftadmont.at\/"},{"@type":"ListItem","position":2,"name":"\u00dcber unsere Klosterbibliothek","item":"https:\/\/stiftadmont.at\/ueber-die-stiftsbibliothek\/"},{"@type":"ListItem","position":3,"name":"Constanze Ruhm"}]},{"@type":"WebSite","@id":"https:\/\/stiftadmont.at\/#website","url":"https:\/\/stiftadmont.at\/","name":"Opactwo Admont","description":"Benedykty\u0144ski klasztor i atrakcja turystyczna w Ges\u00e4use","potentialAction":[{"@type":"SearchAction","target":{"@type":"EntryPoint","urlTemplate":"https:\/\/stiftadmont.at\/?s={search_term_string}"},"query-input":{"@type":"PropertyValueSpecification","valueRequired":true,"valueName":"search_term_string"}}],"inLanguage":"pl-PL"}]}},"_links":{"self":[{"href":"https:\/\/stiftadmont.at\/pl\/wp-json\/wp\/v2\/pages\/6372","targetHints":{"allow":["GET"]}}],"collection":[{"href":"https:\/\/stiftadmont.at\/pl\/wp-json\/wp\/v2\/pages"}],"about":[{"href":"https:\/\/stiftadmont.at\/pl\/wp-json\/wp\/v2\/types\/page"}],"author":[{"embeddable":true,"href":"https:\/\/stiftadmont.at\/pl\/wp-json\/wp\/v2\/users\/7"}],"replies":[{"embeddable":true,"href":"https:\/\/stiftadmont.at\/pl\/wp-json\/wp\/v2\/comments?post=6372"}],"version-history":[{"count":18,"href":"https:\/\/stiftadmont.at\/pl\/wp-json\/wp\/v2\/pages\/6372\/revisions"}],"predecessor-version":[{"id":32343,"href":"https:\/\/stiftadmont.at\/pl\/wp-json\/wp\/v2\/pages\/6372\/revisions\/32343"}],"up":[{"embeddable":true,"href":"https:\/\/stiftadmont.at\/pl\/wp-json\/wp\/v2\/pages\/454"}],"wp:attachment":[{"href":"https:\/\/stiftadmont.at\/pl\/wp-json\/wp\/v2\/media?parent=6372"}],"wp:term":[{"taxonomy":"category","embeddable":true,"href":"https:\/\/stiftadmont.at\/pl\/wp-json\/wp\/v2\/categories?post=6372"}],"curies":[{"name":"wp","href":"https:\/\/api.w.org\/{rel}","templated":true}]}}