{"id":6409,"date":"2021-09-29T16:09:56","date_gmt":"2021-09-29T14:09:56","guid":{"rendered":"https:\/\/stiftadmont.at\/?page_id=6409"},"modified":"2025-01-28T16:45:45","modified_gmt":"2025-01-28T14:45:45","slug":"przedmowa","status":"publish","type":"page","link":"https:\/\/stiftadmont.at\/pl\/home\/vorwort\/","title":{"rendered":"Przedmowa naszego Wielebnego Opata Gerharda Hafnera OSB."},"content":{"rendered":"<section id='lightpress__section--block_5fb90c735691cdbdf787f8309c5bd307' class='align-center lightpress__section--default-section-space lightpress__section lightpress__section--headline'><div class=\"headline__container\">\n            <p class=\"headline text--40 text-medium line line--gold line-above line-middle\">Liebe Leserinnen und Leser! <\/p>\n        <p class=\"text-center text-gold text--20 text-medium text--uppercase\"><\/p>\n        <div class=\"spacer--40\"><\/div>\n<\/div>\n\n<\/section>\n\n<section id='lightpress__section--block_2a73b40df6bec49a9ab4ec4fd83778a0' class='lightpress__section--default-section-space lightpress__section lightpress__section--content'><div class=\"content__inner\"\n         x-init=\"initContentBlockAnim($el)\">\n        \n    <div class=\"content__grid content__grid--fifty-fifty\">\n                                            <div class=\"content__box content__box\"\n                 style=\"\">\n                                \n                \n                                            <div class=\"prose\"><p class=\"paragraph-m text-center\">Unser Benediktinerkloster wurde 1074 gegr\u00fcndet &#8211; alte Geschichte aber, junger, christlicher, zeitgem\u00e4\u00dfer Geist wohnt hoffentlich hinter unseren Mauern.<\/p>\n<p>\u00a0<\/p>\n<p class=\"paragraph-m text-center\">Gott suchen mit der Botschaft und der Person Jesu Christi und der Geisteshaltung des Heiligen Benedikt, auf diesem Fundament stehen wir und wollen so f\u00fcr die Menschen von heute da sein: in der Kirche, bei sozialem Tun, in der Bildung, in der Kultur und in der Wirtschaft.<\/p>\n<p>\u00a0<\/p>\n<p class=\"text-center paragraph-m\">Wenn man seinen Lebensweg mit Gott geht, kann man das Unerwartete in seinem Leben erwarten.<\/p>\n<p class=\"text-center paragraph-m\">Das trifft f\u00fcr jene M\u00e4nner zu, die sich entscheiden, mit uns im Kloster zu leben, Christus nachzufolgen. Das trifft f\u00fcr die vielen Besucher in unserer Museumslandschaft zu. Das trifft f\u00fcr die Sch\u00fcler zu, die sich in unserem Gymnasium durch unsere Lehrerinnen und Lehrer auf das Leben vorbereiten. Das trifft f\u00fcr die Mitarbeiterinnen und Mitarbeiter in unseren vielen Betriebe zu, die mit ihrer Arbeit mitwirken, dass viele soziale und humanit\u00e4re Projekte im Namen unserer Klosters umgesetzt werden k\u00f6nnen.<\/p>\n<p>\u00a0<\/p>\n<p class=\"text-center paragraph-m\">Besuchen Sie uns in Admont, mit herzlichen Segensw\u00fcnschen<\/p>\n<p>\u00a0<\/p>\n<p class=\"text-center paragraph-m\"><em>Abt Mag. Gerhard Hafner OSB., Stift Admont<\/em><\/p>\n<\/div>\n                    \n                            <\/div>\n        \n                                                    <div class=\"content__box content__box--2\"\n                     >\n                                        \n                                            \n                                                    <a href=\"https:\/\/www.youtube.com\/watch?v=X-Ouexnk3p8\" class=\"content__video content__media\"\n                               x-data\n                               x-init=\"initContentLightBox('#lightpress__section--block_2a73b40df6bec49a9ab4ec4fd83778a0 .content__video')\">\n                                                                \n                                <picture class=\"content__image\">\n                                    <source srcset=\"https:\/\/stiftadmont.at\/wp-content\/uploads\/Klostermarkttage_2019-c-Thomas-Sattler-22-1024x683.webp\" type=\"image\/webp\">\n                                    <source srcset=\"https:\/\/stiftadmont.at\/wp-content\/uploads\/Klostermarkttage_2019-c-Thomas-Sattler-22-1024x683.jpg\" type=\"image\/jpeg\">\n                                    <img decoding=\"async\" class=\"content__image\" loading=\"lazy\" src=\"https:\/\/stiftadmont.at\/wp-content\/uploads\/Klostermarkttage_2019-c-Thomas-Sattler-22-1024x683.jpg\" alt=\"Klostermarkttage 2019 (c) Thomas Sattler 22\" width=\"600\" height=\"450\" \/>\n                                <\/picture>\n\n                                <span class=\"overlay-dark\"><\/span>\n                                <span class=\"content-overlay\"><\/span>\n                                <div class=\"content__plaque\">\n                                    <div class=\"content__plaque-inner\">\n                                        <span><i class=\"fas fa-play content__icon\"><\/i><\/span>\n                                        <p class=\"paragraph-m\">Play<\/p>\n                                    <\/div>\n                                <\/div>\n                            <\/a>\n                        \n                                    <\/div>\n            \n            <\/div>\n<\/div>\n\n<\/section>\n\n<section id='lightpress__section--block_d4cc49206ac3d2bfaf6e26bbd0069b9b' class='lightpress__section--default-section-space lightpress__section lightpress__section--image-slider'>\n<div class=\"image-slider\"\n     x-data=\"{ gallery: null, shown: false }\"\n     x-init=\"gallery = initSliderGallery([{&quot;href&quot;:&quot;https:\\\/\\\/stiftadmont.at\\\/wp-content\\\/uploads\\\/Abt-Gerhard-c-Stefan-Leitner-2-scaled-1920x2400.jpg&quot;,&quot;type&quot;:&quot;image&quot;},{&quot;href&quot;:&quot;https:\\\/\\\/stiftadmont.at\\\/wp-content\\\/uploads\\\/4ba1b13e579f954ddea4690267b69cf9.jpg&quot;,&quot;type&quot;:&quot;image&quot;},{&quot;href&quot;:&quot;https:\\\/\\\/stiftadmont.at\\\/wp-content\\\/uploads\\\/aussenaufnahmen_@Thomas-Sattler-9-1920x1280.jpg&quot;,&quot;type&quot;:&quot;image&quot;},{&quot;href&quot;:&quot;https:\\\/\\\/stiftadmont.at\\\/wp-content\\\/uploads\\\/Stift_Admont_\\u00a9StefanLeitner_029.jpg&quot;,&quot;type&quot;:&quot;image&quot;},{&quot;href&quot;:&quot;https:\\\/\\\/stiftadmont.at\\\/wp-content\\\/uploads\\\/Herr-Abt_cStefan-Leitner-e1648798681786-1920x1315.jpg&quot;,&quot;type&quot;:&quot;image&quot;},{&quot;href&quot;:&quot;https:\\\/\\\/stiftadmont.at\\\/wp-content\\\/uploads\\\/aussenaufnahmen_@Thomas-Sattler-5-e1634723428147-1920x1280.jpg&quot;,&quot;type&quot;:&quot;image&quot;},{&quot;href&quot;:&quot;https:\\\/\\\/stiftadmont.at\\\/wp-content\\\/uploads\\\/Abt-Gerhard-1.jpg&quot;,&quot;type&quot;:&quot;image&quot;},{&quot;href&quot;:&quot;https:\\\/\\\/stiftadmont.at\\\/wp-content\\\/uploads\\\/stiftskirche-admont.jpg&quot;,&quot;type&quot;:&quot;image&quot;},{&quot;href&quot;:&quot;https:\\\/\\\/stiftadmont.at\\\/wp-content\\\/uploads\\\/Stift_Admont_\\u00a9StefanLeitner_028.jpg&quot;,&quot;type&quot;:&quot;image&quot;}]); initImageSliderBlockAnim($el);\">\n    <div class=\"image-slider__inner\">\n\n        <div class=\"swiper-container\" x-init=\"initImageSliderBlock($el, $refs.btnPrev, $refs.btnNext)\">\n            <div class=\"swiper-wrapper\">\n                                    <div class=\"swiper-slide\">\n                        <div class=\"image-slider__media\">\n                            <img decoding=\"async\" class=\"image-slider__image\"\n                                 src=\"https:\/\/stiftadmont.at\/wp-content\/uploads\/Abt-Gerhard-c-Stefan-Leitner-2-scaled-768x960.jpg\"\n                                 alt=\"Benediktinerstift Admont - Abt Gerhard Hafner \u00a9 Stefan Leitner\">\n                        <\/div>\n                    <\/div>\n                                    <div class=\"swiper-slide\">\n                        <div class=\"image-slider__media\">\n                            <img decoding=\"async\" class=\"image-slider__image\"\n                                 src=\"https:\/\/stiftadmont.at\/wp-content\/uploads\/4ba1b13e579f954ddea4690267b69cf9-768x345.jpg\"\n                                 alt=\"4ba1b13e579f954ddea4690267b69cf9\">\n                        <\/div>\n                    <\/div>\n                                    <div class=\"swiper-slide\">\n                        <div class=\"image-slider__media\">\n                            <img decoding=\"async\" class=\"image-slider__image\"\n                                 src=\"https:\/\/stiftadmont.at\/wp-content\/uploads\/aussenaufnahmen_@Thomas-Sattler-9-768x512.jpg\"\n                                 alt=\"aussenaufnahmen @Thomas Sattler 9 scaled\">\n                        <\/div>\n                    <\/div>\n                                    <div class=\"swiper-slide\">\n                        <div class=\"image-slider__media\">\n                            <img decoding=\"async\" class=\"image-slider__image\"\n                                 src=\"https:\/\/stiftadmont.at\/wp-content\/uploads\/Stift_Admont_\u00a9StefanLeitner_029-768x551.jpg\"\n                                 alt=\"Stift Admont \u00a9StefanLeitner 029\">\n                        <\/div>\n                    <\/div>\n                                    <div class=\"swiper-slide\">\n                        <div class=\"image-slider__media\">\n                            <img decoding=\"async\" class=\"image-slider__image\"\n                                 src=\"https:\/\/stiftadmont.at\/wp-content\/uploads\/Herr-Abt_cStefan-Leitner-e1648798681786-768x526.jpg\"\n                                 alt=\"Stift Admont - Abt Gerhard Hafner OSB \u00a9 Stefan Leitner\">\n                        <\/div>\n                    <\/div>\n                                    <div class=\"swiper-slide\">\n                        <div class=\"image-slider__media\">\n                            <img decoding=\"async\" class=\"image-slider__image\"\n                                 src=\"https:\/\/stiftadmont.at\/wp-content\/uploads\/aussenaufnahmen_@Thomas-Sattler-5-e1634723428147-768x512.jpg\"\n                                 alt=\"aussenaufnahmen @Thomas Sattler 5 e1634723428147\">\n                        <\/div>\n                    <\/div>\n                                    <div class=\"swiper-slide\">\n                        <div class=\"image-slider__media\">\n                            <img decoding=\"async\" class=\"image-slider__image\"\n                                 src=\"https:\/\/stiftadmont.at\/wp-content\/uploads\/Abt-Gerhard-1-768x568.jpg\"\n                                 alt=\"Benediktinerstift Admont - Abt Gerhard Hafner\">\n                        <\/div>\n                    <\/div>\n                                    <div class=\"swiper-slide\">\n                        <div class=\"image-slider__media\">\n                            <img decoding=\"async\" class=\"image-slider__image\"\n                                 src=\"https:\/\/stiftadmont.at\/wp-content\/uploads\/stiftskirche-admont-768x512.jpg\"\n                                 alt=\"stiftskirche admont\">\n                        <\/div>\n                    <\/div>\n                                    <div class=\"swiper-slide\">\n                        <div class=\"image-slider__media\">\n                            <img decoding=\"async\" class=\"image-slider__image\"\n                                 src=\"https:\/\/stiftadmont.at\/wp-content\/uploads\/Stift_Admont_\u00a9StefanLeitner_028-768x576.jpg\"\n                                 alt=\"Stift Admont - M\u00f6nche Stiftskirche Admont \u00a9 Stefan Leitner\">\n                        <\/div>\n                    <\/div>\n                            <\/div>\n\n            <div class=\"swiper-nav-wrapper\">\n                <button class=\"swiper-button-prev slider-button--prev\" x-ref=\"btnPrev\"\n                        aria-label=\"Vorige Bilder anzeigen\">\n                    <img decoding=\"async\" src=\"\/wp-content\/themes\/stift-admont\/src\/assets\/img\/arrow-left-big-new.svg\" alt=\"Pfeil nach Links\">\n                <\/button>\n\n\n                <a class=\"image-slider__gallery\" @click=\"openGallery(gallery)\"><i class=\"fa-thin fa-plus\"><\/i><\/a>\n                <button class=\"swiper-button-next slider-button--next\"\n                        x-ref=\"btnNext\"\n                        aria-label=\"N\u00e4chste Bilder anzeigen\">\n                    <img decoding=\"async\" src=\"\/wp-content\/themes\/stift-admont\/src\/assets\/img\/arrow-right-big-new.svg\" alt=\"Pfeil nach Rechts\">\n                <\/button>\n            <\/div>\n        <\/div>\n    <\/div>\n\n\n<\/div><\/section>","protected":false},"excerpt":{"rendered":"","protected":false},"author":7,"featured_media":0,"parent":100,"menu_order":0,"comment_status":"closed","ping_status":"closed","template":"","meta":{"_acf_changed":false,"footnotes":""},"categories":[],"class_list":["post-6409","page","type-page","status-publish","hentry"],"acf":[],"yoast_head":"<!-- This site is optimized with the Yoast SEO Premium plugin v26.0 (Yoast SEO v26.8) - https:\/\/yoast.com\/product\/yoast-seo-premium-wordpress\/ -->\n<title>Vorwort durch unseren Hochw\u00fcrdigsten Herrn Abt Mag. Gerhard Hafner OSB. - Stift Admont<\/title>\n<meta name=\"robots\" content=\"index, follow, max-snippet:-1, max-image-preview:large, max-video-preview:-1\" \/>\n<link rel=\"canonical\" href=\"https:\/\/stiftadmont.at\/pl\/dom\/przedmowa\/\" \/>\n<meta property=\"og:locale\" content=\"pl_PL\" \/>\n<meta property=\"og:type\" content=\"article\" \/>\n<meta property=\"og:title\" content=\"Vorwort durch unseren Hochw\u00fcrdigsten Herrn Abt Mag. Gerhard Hafner OSB.\" \/>\n<meta property=\"og:url\" content=\"https:\/\/stiftadmont.at\/pl\/dom\/przedmowa\/\" \/>\n<meta property=\"og:site_name\" content=\"Stift Admont\" \/>\n<meta property=\"article:modified_time\" content=\"2025-01-28T14:45:45+00:00\" \/>\n<meta property=\"og:image\" content=\"https:\/\/stiftadmont.at\/wp-content\/uploads\/Klosteranlage-innen.jpg\" \/>\n\t<meta property=\"og:image:width\" content=\"1912\" \/>\n\t<meta property=\"og:image:height\" content=\"1188\" \/>\n\t<meta property=\"og:image:type\" content=\"image\/jpeg\" \/>\n<meta name=\"twitter:card\" content=\"summary_large_image\" \/>\n<script type=\"application\/ld+json\" class=\"yoast-schema-graph\">{\"@context\":\"https:\/\/schema.org\",\"@graph\":[{\"@type\":\"WebPage\",\"@id\":\"https:\/\/stiftadmont.at\/home\/vorwort\/\",\"url\":\"https:\/\/stiftadmont.at\/home\/vorwort\/\",\"name\":\"Vorwort durch unseren Hochw\u00fcrdigsten Herrn Abt Mag. Gerhard Hafner OSB. - Stift Admont\",\"isPartOf\":{\"@id\":\"https:\/\/stiftadmont.at\/#website\"},\"datePublished\":\"2021-09-29T14:09:56+00:00\",\"dateModified\":\"2025-01-28T14:45:45+00:00\",\"breadcrumb\":{\"@id\":\"https:\/\/stiftadmont.at\/home\/vorwort\/#breadcrumb\"},\"inLanguage\":\"pl-PL\",\"potentialAction\":[{\"@type\":\"ReadAction\",\"target\":[\"https:\/\/stiftadmont.at\/home\/vorwort\/\"]}]},{\"@type\":\"BreadcrumbList\",\"@id\":\"https:\/\/stiftadmont.at\/home\/vorwort\/#breadcrumb\",\"itemListElement\":[{\"@type\":\"ListItem\",\"position\":1,\"name\":\"Start\",\"item\":\"https:\/\/stiftadmont.at\/\"},{\"@type\":\"ListItem\",\"position\":2,\"name\":\"Benediktinerstift Admont\",\"item\":\"https:\/\/stiftadmont.at\/\"},{\"@type\":\"ListItem\",\"position\":3,\"name\":\"Vorwort durch unseren Hochw\u00fcrdigsten Herrn Abt Mag. Gerhard Hafner OSB.\"}]},{\"@type\":\"WebSite\",\"@id\":\"https:\/\/stiftadmont.at\/#website\",\"url\":\"https:\/\/stiftadmont.at\/\",\"name\":\"Stift Admont\",\"description\":\"Benediktinerkloster und Sehensw\u00fcrdigkeit im Ges\u00e4use\",\"potentialAction\":[{\"@type\":\"SearchAction\",\"target\":{\"@type\":\"EntryPoint\",\"urlTemplate\":\"https:\/\/stiftadmont.at\/?s={search_term_string}\"},\"query-input\":{\"@type\":\"PropertyValueSpecification\",\"valueRequired\":true,\"valueName\":\"search_term_string\"}}],\"inLanguage\":\"pl-PL\"}]}<\/script>\n<!-- \/ Yoast SEO Premium plugin. -->","yoast_head_json":{"title":"Przedmowa naszego Wielebnego Opata Gerharda Hafnera OSB. - Opactwo Admont","robots":{"index":"index","follow":"follow","max-snippet":"max-snippet:-1","max-image-preview":"max-image-preview:large","max-video-preview":"max-video-preview:-1"},"canonical":"https:\/\/stiftadmont.at\/pl\/dom\/przedmowa\/","og_locale":"pl_PL","og_type":"article","og_title":"Vorwort durch unseren Hochw\u00fcrdigsten Herrn Abt Mag. Gerhard Hafner OSB.","og_url":"https:\/\/stiftadmont.at\/pl\/dom\/przedmowa\/","og_site_name":"Stift Admont","article_modified_time":"2025-01-28T14:45:45+00:00","og_image":[{"width":1912,"height":1188,"url":"https:\/\/stiftadmont.at\/wp-content\/uploads\/Klosteranlage-innen.jpg","type":"image\/jpeg"}],"twitter_card":"summary_large_image","schema":{"@context":"https:\/\/schema.org","@graph":[{"@type":"WebPage","@id":"https:\/\/stiftadmont.at\/home\/vorwort\/","url":"https:\/\/stiftadmont.at\/home\/vorwort\/","name":"Przedmowa naszego Wielebnego Opata Gerharda Hafnera OSB. - Opactwo Admont","isPartOf":{"@id":"https:\/\/stiftadmont.at\/#website"},"datePublished":"2021-09-29T14:09:56+00:00","dateModified":"2025-01-28T14:45:45+00:00","breadcrumb":{"@id":"https:\/\/stiftadmont.at\/home\/vorwort\/#breadcrumb"},"inLanguage":"pl-PL","potentialAction":[{"@type":"ReadAction","target":["https:\/\/stiftadmont.at\/home\/vorwort\/"]}]},{"@type":"BreadcrumbList","@id":"https:\/\/stiftadmont.at\/home\/vorwort\/#breadcrumb","itemListElement":[{"@type":"ListItem","position":1,"name":"Start","item":"https:\/\/stiftadmont.at\/"},{"@type":"ListItem","position":2,"name":"Benediktinerstift Admont","item":"https:\/\/stiftadmont.at\/"},{"@type":"ListItem","position":3,"name":"Vorwort durch unseren Hochw\u00fcrdigsten Herrn Abt Mag. Gerhard Hafner OSB."}]},{"@type":"WebSite","@id":"https:\/\/stiftadmont.at\/#website","url":"https:\/\/stiftadmont.at\/","name":"Opactwo Admont","description":"Benedykty\u0144ski klasztor i atrakcja turystyczna w Ges\u00e4use","potentialAction":[{"@type":"SearchAction","target":{"@type":"EntryPoint","urlTemplate":"https:\/\/stiftadmont.at\/?s={search_term_string}"},"query-input":{"@type":"PropertyValueSpecification","valueRequired":true,"valueName":"search_term_string"}}],"inLanguage":"pl-PL"}]}},"_links":{"self":[{"href":"https:\/\/stiftadmont.at\/pl\/wp-json\/wp\/v2\/pages\/6409","targetHints":{"allow":["GET"]}}],"collection":[{"href":"https:\/\/stiftadmont.at\/pl\/wp-json\/wp\/v2\/pages"}],"about":[{"href":"https:\/\/stiftadmont.at\/pl\/wp-json\/wp\/v2\/types\/page"}],"author":[{"embeddable":true,"href":"https:\/\/stiftadmont.at\/pl\/wp-json\/wp\/v2\/users\/7"}],"replies":[{"embeddable":true,"href":"https:\/\/stiftadmont.at\/pl\/wp-json\/wp\/v2\/comments?post=6409"}],"version-history":[{"count":89,"href":"https:\/\/stiftadmont.at\/pl\/wp-json\/wp\/v2\/pages\/6409\/revisions"}],"predecessor-version":[{"id":32134,"href":"https:\/\/stiftadmont.at\/pl\/wp-json\/wp\/v2\/pages\/6409\/revisions\/32134"}],"up":[{"embeddable":true,"href":"https:\/\/stiftadmont.at\/pl\/wp-json\/wp\/v2\/pages\/100"}],"wp:attachment":[{"href":"https:\/\/stiftadmont.at\/pl\/wp-json\/wp\/v2\/media?parent=6409"}],"wp:term":[{"taxonomy":"category","embeddable":true,"href":"https:\/\/stiftadmont.at\/pl\/wp-json\/wp\/v2\/categories?post=6409"}],"curies":[{"name":"wp","href":"https:\/\/api.w.org\/{rel}","templated":true}]}}