{"id":6484,"date":"2021-09-29T16:41:00","date_gmt":"2021-09-29T14:41:00","guid":{"rendered":"https:\/\/stiftadmont.at\/?page_id=6484"},"modified":"2023-12-08T18:36:27","modified_gmt":"2023-12-08T16:36:27","slug":"wystawa-manuskryptow-2017","status":"publish","type":"page","link":"https:\/\/stiftadmont.at\/pl\/museum\/ausstellungsrueckblick\/handschriftenausstellung-2017\/","title":{"rendered":"Wystawa r\u0119kopis\u00f3w 2017"},"content":{"rendered":"<section id='lightpress__section--block_61547af7cdc98' class='lightpress__section--default-section-space lightpress__section lightpress__section--content'><div class=\"content__inner\"\n         x-init=\"initContentBlockAnim($el)\">\n        \n    <div class=\"content__grid content__grid\">\n                                            <div class=\"content__box content__box--one-hundred\"\n                 style=\"\">\n                                \n                \n                                            <div class=\"prose\"><h2 class=\"heading-xxl line line--gold\">Zginanie i \u0142amanie - (r\u0119kopisy) z okresu gotyku<\/h2>\n<p class=\"paragraph-m\">Gotycyzacja minusku\u0142y karoli\u0144skiej pod koniec XII wieku jest widoczna w skryptorium w Admont. Skrypt ten, kt\u00f3ry by\u0142 u\u017cywany w ca\u0142ej Europie przez prawie cztery wieki od czas\u00f3w Karola Wielkiego, stopniowo si\u0119 zmienia\u0142. Skrybowie zacz\u0119li \"wygina\u0107\" litery i coraz cz\u0119\u015bciej u\u017cywali \"z\u0142amanej\" gotyckiej tekstury w pismach kaligraficznych.<\/p>\n<p class=\"paragraph-m\">Wystawa r\u0119kopis\u00f3w z 2017 r. dokumentowa\u0142a rozw\u00f3j pisma od minusku\u0142y karoli\u0144skiej do nowych gotyckich pism ksi\u0105\u017ckowych, takich jak tekstura, bastarda i kursywne, a tak\u017ce uk\u0142ady gotyckich r\u0119kopis\u00f3w z nowymi elementami ilustracyjnymi. Na przyk\u0142adzie r\u0119kopis\u00f3w i fragment\u00f3w Admonta przedstawiono projektowanie czcionek i obraz\u00f3w w gotyckiej kulturze ksi\u0105\u017cki. Na wystawie znalaz\u0142y si\u0119 r\u00f3wnie\u017c pierwsze podr\u0119czniki do historii pisma, ukazuj\u0105ce rozw\u00f3j pi\u015bmiennictwa od XVII wieku.<\/p>\n<\/div>\n                    \n                            <\/div>\n        \n            <\/div>\n<\/div>\n\n<\/section>","protected":false},"excerpt":{"rendered":"","protected":false},"author":7,"featured_media":0,"parent":5864,"menu_order":2,"comment_status":"closed","ping_status":"closed","template":"","meta":{"_acf_changed":false,"footnotes":""},"categories":[73],"class_list":["post-6484","page","type-page","status-publish","hentry","category-ausstellungsrueckblick"],"acf":[],"yoast_head":"<!-- This site is optimized with the Yoast SEO Premium plugin v26.0 (Yoast SEO v26.8) - https:\/\/yoast.com\/product\/yoast-seo-premium-wordpress\/ -->\n<title>Handschriftenausstellung 2017 - Stift Admont<\/title>\n<meta name=\"robots\" content=\"index, follow, max-snippet:-1, max-image-preview:large, max-video-preview:-1\" \/>\n<link rel=\"canonical\" href=\"https:\/\/stiftadmont.at\/pl\/muzeum\/przeglad-wystawy\/wystawa-manuskryptow-2017\/\" \/>\n<meta property=\"og:locale\" content=\"pl_PL\" \/>\n<meta property=\"og:type\" content=\"article\" \/>\n<meta property=\"og:title\" content=\"Handschriftenausstellung 2017\" \/>\n<meta property=\"og:url\" content=\"https:\/\/stiftadmont.at\/pl\/muzeum\/przeglad-wystawy\/wystawa-manuskryptow-2017\/\" \/>\n<meta property=\"og:site_name\" content=\"Stift Admont\" \/>\n<meta property=\"article:modified_time\" content=\"2023-12-08T16:36:27+00:00\" \/>\n<meta property=\"og:image\" content=\"https:\/\/stiftadmont.at\/wp-content\/uploads\/Klosteranlage-innen.jpg\" \/>\n\t<meta property=\"og:image:width\" content=\"1912\" \/>\n\t<meta property=\"og:image:height\" content=\"1188\" \/>\n\t<meta property=\"og:image:type\" content=\"image\/jpeg\" \/>\n<meta name=\"twitter:card\" content=\"summary_large_image\" \/>\n<script type=\"application\/ld+json\" class=\"yoast-schema-graph\">{\"@context\":\"https:\/\/schema.org\",\"@graph\":[{\"@type\":\"WebPage\",\"@id\":\"https:\/\/stiftadmont.at\/museum\/ausstellungsrueckblick\/handschriftenausstellung-2017\/\",\"url\":\"https:\/\/stiftadmont.at\/museum\/ausstellungsrueckblick\/handschriftenausstellung-2017\/\",\"name\":\"Handschriftenausstellung 2017 - Stift Admont\",\"isPartOf\":{\"@id\":\"https:\/\/stiftadmont.at\/#website\"},\"datePublished\":\"2021-09-29T14:41:00+00:00\",\"dateModified\":\"2023-12-08T16:36:27+00:00\",\"breadcrumb\":{\"@id\":\"https:\/\/stiftadmont.at\/museum\/ausstellungsrueckblick\/handschriftenausstellung-2017\/#breadcrumb\"},\"inLanguage\":\"pl-PL\",\"potentialAction\":[{\"@type\":\"ReadAction\",\"target\":[\"https:\/\/stiftadmont.at\/museum\/ausstellungsrueckblick\/handschriftenausstellung-2017\/\"]}]},{\"@type\":\"BreadcrumbList\",\"@id\":\"https:\/\/stiftadmont.at\/museum\/ausstellungsrueckblick\/handschriftenausstellung-2017\/#breadcrumb\",\"itemListElement\":[{\"@type\":\"ListItem\",\"position\":1,\"name\":\"Start\",\"item\":\"https:\/\/stiftadmont.at\/\"},{\"@type\":\"ListItem\",\"position\":2,\"name\":\"Museum Stift Admont\",\"item\":\"https:\/\/stiftadmont.at\/museum\/\"},{\"@type\":\"ListItem\",\"position\":3,\"name\":\"Ausstellungsr\u00fcckblick\",\"item\":\"https:\/\/stiftadmont.at\/museum\/ausstellungsrueckblick\/\"},{\"@type\":\"ListItem\",\"position\":4,\"name\":\"Handschriftenausstellung 2017\"}]},{\"@type\":\"WebSite\",\"@id\":\"https:\/\/stiftadmont.at\/#website\",\"url\":\"https:\/\/stiftadmont.at\/\",\"name\":\"Stift Admont\",\"description\":\"Benediktinerkloster und Sehensw\u00fcrdigkeit im Ges\u00e4use\",\"potentialAction\":[{\"@type\":\"SearchAction\",\"target\":{\"@type\":\"EntryPoint\",\"urlTemplate\":\"https:\/\/stiftadmont.at\/?s={search_term_string}\"},\"query-input\":{\"@type\":\"PropertyValueSpecification\",\"valueRequired\":true,\"valueName\":\"search_term_string\"}}],\"inLanguage\":\"pl-PL\"}]}<\/script>\n<!-- \/ Yoast SEO Premium plugin. -->","yoast_head_json":{"title":"Wystawa r\u0119kopis\u00f3w 2017 - Opactwo Admont","robots":{"index":"index","follow":"follow","max-snippet":"max-snippet:-1","max-image-preview":"max-image-preview:large","max-video-preview":"max-video-preview:-1"},"canonical":"https:\/\/stiftadmont.at\/pl\/muzeum\/przeglad-wystawy\/wystawa-manuskryptow-2017\/","og_locale":"pl_PL","og_type":"article","og_title":"Handschriftenausstellung 2017","og_url":"https:\/\/stiftadmont.at\/pl\/muzeum\/przeglad-wystawy\/wystawa-manuskryptow-2017\/","og_site_name":"Stift Admont","article_modified_time":"2023-12-08T16:36:27+00:00","og_image":[{"width":1912,"height":1188,"url":"https:\/\/stiftadmont.at\/wp-content\/uploads\/Klosteranlage-innen.jpg","type":"image\/jpeg"}],"twitter_card":"summary_large_image","schema":{"@context":"https:\/\/schema.org","@graph":[{"@type":"WebPage","@id":"https:\/\/stiftadmont.at\/museum\/ausstellungsrueckblick\/handschriftenausstellung-2017\/","url":"https:\/\/stiftadmont.at\/museum\/ausstellungsrueckblick\/handschriftenausstellung-2017\/","name":"Wystawa r\u0119kopis\u00f3w 2017 - Opactwo Admont","isPartOf":{"@id":"https:\/\/stiftadmont.at\/#website"},"datePublished":"2021-09-29T14:41:00+00:00","dateModified":"2023-12-08T16:36:27+00:00","breadcrumb":{"@id":"https:\/\/stiftadmont.at\/museum\/ausstellungsrueckblick\/handschriftenausstellung-2017\/#breadcrumb"},"inLanguage":"pl-PL","potentialAction":[{"@type":"ReadAction","target":["https:\/\/stiftadmont.at\/museum\/ausstellungsrueckblick\/handschriftenausstellung-2017\/"]}]},{"@type":"BreadcrumbList","@id":"https:\/\/stiftadmont.at\/museum\/ausstellungsrueckblick\/handschriftenausstellung-2017\/#breadcrumb","itemListElement":[{"@type":"ListItem","position":1,"name":"Start","item":"https:\/\/stiftadmont.at\/"},{"@type":"ListItem","position":2,"name":"Museum Stift Admont","item":"https:\/\/stiftadmont.at\/museum\/"},{"@type":"ListItem","position":3,"name":"Ausstellungsr\u00fcckblick","item":"https:\/\/stiftadmont.at\/museum\/ausstellungsrueckblick\/"},{"@type":"ListItem","position":4,"name":"Handschriftenausstellung 2017"}]},{"@type":"WebSite","@id":"https:\/\/stiftadmont.at\/#website","url":"https:\/\/stiftadmont.at\/","name":"Opactwo Admont","description":"Benedykty\u0144ski klasztor i atrakcja turystyczna w Ges\u00e4use","potentialAction":[{"@type":"SearchAction","target":{"@type":"EntryPoint","urlTemplate":"https:\/\/stiftadmont.at\/?s={search_term_string}"},"query-input":{"@type":"PropertyValueSpecification","valueRequired":true,"valueName":"search_term_string"}}],"inLanguage":"pl-PL"}]}},"_links":{"self":[{"href":"https:\/\/stiftadmont.at\/pl\/wp-json\/wp\/v2\/pages\/6484","targetHints":{"allow":["GET"]}}],"collection":[{"href":"https:\/\/stiftadmont.at\/pl\/wp-json\/wp\/v2\/pages"}],"about":[{"href":"https:\/\/stiftadmont.at\/pl\/wp-json\/wp\/v2\/types\/page"}],"author":[{"embeddable":true,"href":"https:\/\/stiftadmont.at\/pl\/wp-json\/wp\/v2\/users\/7"}],"replies":[{"embeddable":true,"href":"https:\/\/stiftadmont.at\/pl\/wp-json\/wp\/v2\/comments?post=6484"}],"version-history":[{"count":10,"href":"https:\/\/stiftadmont.at\/pl\/wp-json\/wp\/v2\/pages\/6484\/revisions"}],"predecessor-version":[{"id":24214,"href":"https:\/\/stiftadmont.at\/pl\/wp-json\/wp\/v2\/pages\/6484\/revisions\/24214"}],"up":[{"embeddable":true,"href":"https:\/\/stiftadmont.at\/pl\/wp-json\/wp\/v2\/pages\/5864"}],"wp:attachment":[{"href":"https:\/\/stiftadmont.at\/pl\/wp-json\/wp\/v2\/media?parent=6484"}],"wp:term":[{"taxonomy":"category","embeddable":true,"href":"https:\/\/stiftadmont.at\/pl\/wp-json\/wp\/v2\/categories?post=6484"}],"curies":[{"name":"wp","href":"https:\/\/api.w.org\/{rel}","templated":true}]}}