{"id":6492,"date":"2021-09-29T16:43:24","date_gmt":"2021-09-29T14:43:24","guid":{"rendered":"https:\/\/stiftadmont.at\/?page_id=6492"},"modified":"2023-12-08T18:36:21","modified_gmt":"2023-12-08T16:36:21","slug":"ogien-jest-zarowno-przeklenstwem-jak-i-blogoslawienstwem","status":"publish","type":"page","link":"https:\/\/stiftadmont.at\/pl\/museum\/ausstellungsrueckblick\/das-feuer-fluch-und-segen-zugleich\/","title":{"rendered":"Ogie\u0144 - przekle\u0144stwo i b\u0142ogos\u0142awie\u0144stwo"},"content":{"rendered":"<section id='lightpress__section--block_61547b7f9d340' class='lightpress__section--default-section-space lightpress__section lightpress__section--content'><div class=\"content__inner\"\n         x-init=\"initContentBlockAnim($el)\">\n        \n    <div class=\"content__grid content__grid\">\n                                            <div class=\"content__box content__box--one-hundred\"\n                 style=\"\">\n                                \n                \n                                            <div class=\"prose\"><h2 class=\"heading-xxl line line--gold\">Ogie\u0144 jest zar\u00f3wno przekle\u0144stwem, jak i b\u0142ogos\u0142awie\u0144stwem, darem od Boga i kar\u0105.<\/h2>\n<p class=\"paragraph-m\">A\u017c do XIX wieku ludzie byli zdani na \u0142ask\u0119 ognia. Przepisy przeciwpo\u017carowe zapobieg\u0142y wielu po\u017carom, a wielu odwa\u017cnych pomocnik\u00f3w gasi\u0142o mniejsze po\u017cary za pomoc\u0105 \u0142a\u0144cuch\u00f3w i pomp r\u0119cznych. Ale tylko modlitwa pomaga\u0142a w walce z po\u017carami. O pomoc wzywano Matk\u0119 Bosk\u0105 i \"\u015bwi\u0119tych od ognia\", takich jak \u015bw. Florian, \u015bw. Barbara i \u015bw. Krzysztof. Liczne odpowiedzi na modlitwy, zapisane w \"Ksi\u0119dze Cud\u00f3w Frauenberg\", m\u00f3wi\u0105 o zaufaniu do Boga i niebia\u0144skim wstawiennictwie.<\/p>\n<p class=\"paragraph-m\">Nowoczesna technologia, rozw\u00f3j motoryzacji i wiara w post\u0119p w coraz wi\u0119kszym stopniu kszta\u0142towa\u0142y XIX wiek. Ludzie wzi\u0119li sw\u00f3j los we w\u0142asne r\u0119ce. W 1851 r. w Reichstadt w Czechach za\u0142o\u017cono pierwsz\u0105 ochotnicz\u0105 stra\u017c po\u017carn\u0105 w monarchii, a w 1853 r. w Grazu powsta\u0142a pierwsza stra\u017c po\u017carna w Styrii. W 1872 roku w regionie za\u0142o\u017cono stra\u017ce po\u017carne Liezen, Rottenmann i Aussee, a nast\u0119pnie Admont i St. Gallen w 1873 roku.<\/p>\n<p class=\"paragraph-m\">Dzi\u015b o ochronie przeciwpo\u017carowej decyduje wysokowydajna technologia. W walce z po\u017carami pomaga najnowocze\u015bniejszy sprz\u0119t, obs\u0142ugiwany przez \u015bwietnie wyszkolonych ochotnik\u00f3w. A jednak \u015bw. Florian czuwa nad swoimi \"uczniami Floriani\" w ka\u017cdej remizie stra\u017cackiej...<\/p>\n<p class=\"paragraph-m\"><em>Winfried Schwab OSB, przedstawiciel kulturalny klasztoru<\/em><\/p>\n<\/div>\n                    \n                            <\/div>\n        \n            <\/div>\n<\/div>\n\n<\/section>","protected":false},"excerpt":{"rendered":"","protected":false},"author":7,"featured_media":0,"parent":5864,"menu_order":1,"comment_status":"closed","ping_status":"closed","template":"","meta":{"_acf_changed":false,"footnotes":""},"categories":[73],"class_list":["post-6492","page","type-page","status-publish","hentry","category-ausstellungsrueckblick"],"acf":[],"yoast_head":"<!-- This site is optimized with the Yoast SEO Premium plugin v26.0 (Yoast SEO v26.8) - https:\/\/yoast.com\/product\/yoast-seo-premium-wordpress\/ -->\n<title>Das Feuer \u2013 Fluch und Segen zugleich - Stift Admont<\/title>\n<meta name=\"robots\" content=\"index, follow, max-snippet:-1, max-image-preview:large, max-video-preview:-1\" \/>\n<link rel=\"canonical\" href=\"https:\/\/stiftadmont.at\/pl\/muzeum\/przeglad-wystawy\/ogien-jest-zarowno-przeklenstwem-jak-i-blogoslawienstwem\/\" \/>\n<meta property=\"og:locale\" content=\"pl_PL\" \/>\n<meta property=\"og:type\" content=\"article\" \/>\n<meta property=\"og:title\" content=\"Das Feuer \u2013 Fluch und Segen zugleich\" \/>\n<meta property=\"og:url\" content=\"https:\/\/stiftadmont.at\/pl\/muzeum\/przeglad-wystawy\/ogien-jest-zarowno-przeklenstwem-jak-i-blogoslawienstwem\/\" \/>\n<meta property=\"og:site_name\" content=\"Stift Admont\" \/>\n<meta property=\"article:modified_time\" content=\"2023-12-08T16:36:21+00:00\" \/>\n<meta property=\"og:image\" content=\"https:\/\/stiftadmont.at\/wp-content\/uploads\/Klosteranlage-innen.jpg\" \/>\n\t<meta property=\"og:image:width\" content=\"1912\" \/>\n\t<meta property=\"og:image:height\" content=\"1188\" \/>\n\t<meta property=\"og:image:type\" content=\"image\/jpeg\" \/>\n<meta name=\"twitter:card\" content=\"summary_large_image\" \/>\n<script type=\"application\/ld+json\" class=\"yoast-schema-graph\">{\"@context\":\"https:\/\/schema.org\",\"@graph\":[{\"@type\":\"WebPage\",\"@id\":\"https:\/\/stiftadmont.at\/museum\/ausstellungsrueckblick\/das-feuer-fluch-und-segen-zugleich\/\",\"url\":\"https:\/\/stiftadmont.at\/museum\/ausstellungsrueckblick\/das-feuer-fluch-und-segen-zugleich\/\",\"name\":\"Das Feuer \u2013 Fluch und Segen zugleich - Stift Admont\",\"isPartOf\":{\"@id\":\"https:\/\/stiftadmont.at\/#website\"},\"datePublished\":\"2021-09-29T14:43:24+00:00\",\"dateModified\":\"2023-12-08T16:36:21+00:00\",\"breadcrumb\":{\"@id\":\"https:\/\/stiftadmont.at\/museum\/ausstellungsrueckblick\/das-feuer-fluch-und-segen-zugleich\/#breadcrumb\"},\"inLanguage\":\"pl-PL\",\"potentialAction\":[{\"@type\":\"ReadAction\",\"target\":[\"https:\/\/stiftadmont.at\/museum\/ausstellungsrueckblick\/das-feuer-fluch-und-segen-zugleich\/\"]}]},{\"@type\":\"BreadcrumbList\",\"@id\":\"https:\/\/stiftadmont.at\/museum\/ausstellungsrueckblick\/das-feuer-fluch-und-segen-zugleich\/#breadcrumb\",\"itemListElement\":[{\"@type\":\"ListItem\",\"position\":1,\"name\":\"Start\",\"item\":\"https:\/\/stiftadmont.at\/\"},{\"@type\":\"ListItem\",\"position\":2,\"name\":\"Museum Stift Admont\",\"item\":\"https:\/\/stiftadmont.at\/museum\/\"},{\"@type\":\"ListItem\",\"position\":3,\"name\":\"Ausstellungsr\u00fcckblick\",\"item\":\"https:\/\/stiftadmont.at\/museum\/ausstellungsrueckblick\/\"},{\"@type\":\"ListItem\",\"position\":4,\"name\":\"Das Feuer \u2013 Fluch und Segen zugleich\"}]},{\"@type\":\"WebSite\",\"@id\":\"https:\/\/stiftadmont.at\/#website\",\"url\":\"https:\/\/stiftadmont.at\/\",\"name\":\"Stift Admont\",\"description\":\"Benediktinerkloster und Sehensw\u00fcrdigkeit im Ges\u00e4use\",\"potentialAction\":[{\"@type\":\"SearchAction\",\"target\":{\"@type\":\"EntryPoint\",\"urlTemplate\":\"https:\/\/stiftadmont.at\/?s={search_term_string}\"},\"query-input\":{\"@type\":\"PropertyValueSpecification\",\"valueRequired\":true,\"valueName\":\"search_term_string\"}}],\"inLanguage\":\"pl-PL\"}]}<\/script>\n<!-- \/ Yoast SEO Premium plugin. -->","yoast_head_json":{"title":"Ogie\u0144 - przekle\u0144stwo i b\u0142ogos\u0142awie\u0144stwo - Opactwo Admont","robots":{"index":"index","follow":"follow","max-snippet":"max-snippet:-1","max-image-preview":"max-image-preview:large","max-video-preview":"max-video-preview:-1"},"canonical":"https:\/\/stiftadmont.at\/pl\/muzeum\/przeglad-wystawy\/ogien-jest-zarowno-przeklenstwem-jak-i-blogoslawienstwem\/","og_locale":"pl_PL","og_type":"article","og_title":"Das Feuer \u2013 Fluch und Segen zugleich","og_url":"https:\/\/stiftadmont.at\/pl\/muzeum\/przeglad-wystawy\/ogien-jest-zarowno-przeklenstwem-jak-i-blogoslawienstwem\/","og_site_name":"Stift Admont","article_modified_time":"2023-12-08T16:36:21+00:00","og_image":[{"width":1912,"height":1188,"url":"https:\/\/stiftadmont.at\/wp-content\/uploads\/Klosteranlage-innen.jpg","type":"image\/jpeg"}],"twitter_card":"summary_large_image","schema":{"@context":"https:\/\/schema.org","@graph":[{"@type":"WebPage","@id":"https:\/\/stiftadmont.at\/museum\/ausstellungsrueckblick\/das-feuer-fluch-und-segen-zugleich\/","url":"https:\/\/stiftadmont.at\/museum\/ausstellungsrueckblick\/das-feuer-fluch-und-segen-zugleich\/","name":"Ogie\u0144 - przekle\u0144stwo i b\u0142ogos\u0142awie\u0144stwo - Opactwo Admont","isPartOf":{"@id":"https:\/\/stiftadmont.at\/#website"},"datePublished":"2021-09-29T14:43:24+00:00","dateModified":"2023-12-08T16:36:21+00:00","breadcrumb":{"@id":"https:\/\/stiftadmont.at\/museum\/ausstellungsrueckblick\/das-feuer-fluch-und-segen-zugleich\/#breadcrumb"},"inLanguage":"pl-PL","potentialAction":[{"@type":"ReadAction","target":["https:\/\/stiftadmont.at\/museum\/ausstellungsrueckblick\/das-feuer-fluch-und-segen-zugleich\/"]}]},{"@type":"BreadcrumbList","@id":"https:\/\/stiftadmont.at\/museum\/ausstellungsrueckblick\/das-feuer-fluch-und-segen-zugleich\/#breadcrumb","itemListElement":[{"@type":"ListItem","position":1,"name":"Start","item":"https:\/\/stiftadmont.at\/"},{"@type":"ListItem","position":2,"name":"Museum Stift Admont","item":"https:\/\/stiftadmont.at\/museum\/"},{"@type":"ListItem","position":3,"name":"Ausstellungsr\u00fcckblick","item":"https:\/\/stiftadmont.at\/museum\/ausstellungsrueckblick\/"},{"@type":"ListItem","position":4,"name":"Das Feuer \u2013 Fluch und Segen zugleich"}]},{"@type":"WebSite","@id":"https:\/\/stiftadmont.at\/#website","url":"https:\/\/stiftadmont.at\/","name":"Opactwo Admont","description":"Benedykty\u0144ski klasztor i atrakcja turystyczna w Ges\u00e4use","potentialAction":[{"@type":"SearchAction","target":{"@type":"EntryPoint","urlTemplate":"https:\/\/stiftadmont.at\/?s={search_term_string}"},"query-input":{"@type":"PropertyValueSpecification","valueRequired":true,"valueName":"search_term_string"}}],"inLanguage":"pl-PL"}]}},"_links":{"self":[{"href":"https:\/\/stiftadmont.at\/pl\/wp-json\/wp\/v2\/pages\/6492","targetHints":{"allow":["GET"]}}],"collection":[{"href":"https:\/\/stiftadmont.at\/pl\/wp-json\/wp\/v2\/pages"}],"about":[{"href":"https:\/\/stiftadmont.at\/pl\/wp-json\/wp\/v2\/types\/page"}],"author":[{"embeddable":true,"href":"https:\/\/stiftadmont.at\/pl\/wp-json\/wp\/v2\/users\/7"}],"replies":[{"embeddable":true,"href":"https:\/\/stiftadmont.at\/pl\/wp-json\/wp\/v2\/comments?post=6492"}],"version-history":[{"count":15,"href":"https:\/\/stiftadmont.at\/pl\/wp-json\/wp\/v2\/pages\/6492\/revisions"}],"predecessor-version":[{"id":24213,"href":"https:\/\/stiftadmont.at\/pl\/wp-json\/wp\/v2\/pages\/6492\/revisions\/24213"}],"up":[{"embeddable":true,"href":"https:\/\/stiftadmont.at\/pl\/wp-json\/wp\/v2\/pages\/5864"}],"wp:attachment":[{"href":"https:\/\/stiftadmont.at\/pl\/wp-json\/wp\/v2\/media?parent=6492"}],"wp:term":[{"taxonomy":"category","embeddable":true,"href":"https:\/\/stiftadmont.at\/pl\/wp-json\/wp\/v2\/categories?post=6492"}],"curies":[{"name":"wp","href":"https:\/\/api.w.org\/{rel}","templated":true}]}}