{"id":8152,"date":"2022-03-26T15:36:26","date_gmt":"2022-03-26T13:36:26","guid":{"rendered":"https:\/\/stiftadmont.at\/?page_id=8152"},"modified":"2026-03-24T12:02:08","modified_gmt":"2026-03-24T10:02:08","slug":"wystawa-specjalna-2022-styryjskie-korzenie","status":"publish","type":"page","link":"https:\/\/stiftadmont.at\/pl\/museum\/ausstellungsrueckblick\/sonderausstellung-2022-steirische-wurzeln\/","title":{"rendered":"Wystawa specjalna 2022 - Styryjskie korzenie"},"content":{"rendered":"<section id='lightpress__section--block_77afb186899894877ff3766b027721f9' class='lightpress__section--default-section-space lightpress__section lightpress__section--content'><div class=\"content__inner\"\n         x-init=\"initContentBlockAnim($el)\">\n        \n    <div class=\"content__grid content__grid\">\n                                            <div class=\"content__box content__box--one-hundred\"\n                 style=\"\">\n                                \n                \n                                            <div class=\"prose\"><h2 class=\"heading-xxl line line--gold text-center\">Auf Spurensuche in der Sammlung Gegenwartskunst im Benediktinerstift Admont<\/h2>\n<p><span style=\"font-family: Arial, sans-serif; font-weight: bold; font-size: 15pt; line-height: 21.4px; background: white;\">Die Sonderausstellung 2022 im Museum f\u00fcr Gegenwartskunst im Stift Admont zeigt Werke von &#8222;Steirischen Wurzeln&#8220;. Schon beim Aufbau der Sammlung Gegenwartskunst im Stift Admont fiel auf, dass zahlreiche in diesem frischen Sammlungsteil vertretenen K\u00fcnstler*innen in der Steiermark geb\u00fcrtig oder auf eine andere Weise in diesem Land verwurzelt sind. Sammlungsstrategisch stand nie eine Absicht einer Konzentration auf steirische Kunst dahinter. Dass so viele K\u00fcnstler*innen mit Steiermark-Bez\u00fcgen eine so wichtige Rolle in der \u00f6sterreichischen und internationalen Kunstszene spielen, kommt nat\u00fcrlich nicht von ungef\u00e4hr &#8230; Und neben dem Museum f\u00fcr Gegenwartskunst geh\u00f6rt auch das noch zur Ausstellung STEIRISCHE WURZELN: <a href=\"\/sonderausstellungen\/heribert-friedl\/\">K\u00fcnstlerische Intervention von Heribert Friedl im Kunsthistorischen Museum<\/a> und <a href=\"\/museum\/ausstellungsrueckblick\/admont-guests\/\">Admont Guests, Werke von Nikola Irmer im Naturhistorischen Museum<\/a>!<\/span><\/p>\n<\/div>\n                    \n                            <\/div>\n        \n            <\/div>\n<\/div>\n\n<\/section>\n\n<section id='lightpress__section--block_f3afb357cf971dfd6e250e323bee3008' class='lightpress__section--default-section-space lightpress__section lightpress__section--image-slider'>\n<div class=\"image-slider\"\n     x-data=\"{ gallery: null, shown: false }\"\n     x-init=\"gallery = initSliderGallery([{&quot;href&quot;:&quot;https:\\\/\\\/stiftadmont.at\\\/wp-content\\\/uploads\\\/Herbert-Brandl_Steirische-Wurzeln.jpg&quot;,&quot;type&quot;:&quot;image&quot;},{&quot;href&quot;:&quot;https:\\\/\\\/stiftadmont.at\\\/wp-content\\\/uploads\\\/Karl-Garderobe-6-1920x1440.jpg&quot;,&quot;type&quot;:&quot;image&quot;},{&quot;href&quot;:&quot;https:\\\/\\\/stiftadmont.at\\\/wp-content\\\/uploads\\\/Steirische-Wurzeln-Erwin-Wurm-.-1-1-1920x2877.jpg&quot;,&quot;type&quot;:&quot;image&quot;},{&quot;href&quot;:&quot;https:\\\/\\\/stiftadmont.at\\\/wp-content\\\/uploads\\\/Karl-Garderobe-3-1-1920x2710.jpg&quot;,&quot;type&quot;:&quot;image&quot;},{&quot;href&quot;:&quot;https:\\\/\\\/stiftadmont.at\\\/wp-content\\\/uploads\\\/Steirische-Wurzeln-Hubert-Schmalix-.-Die-Juenger-.-1994-1920x2400.jpg&quot;,&quot;type&quot;:&quot;image&quot;},{&quot;href&quot;:&quot;https:\\\/\\\/stiftadmont.at\\\/wp-content\\\/uploads\\\/2-Steirische-Wurzeln-DSC06267-1920x1524.jpg&quot;,&quot;type&quot;:&quot;image&quot;},{&quot;href&quot;:&quot;https:\\\/\\\/stiftadmont.at\\\/wp-content\\\/uploads\\\/Steirische-Wurzeln-Erwin-Wurm-.-Brothers-Sisters-Made-for-Admont-2002-Kopie-1920x1321.jpg&quot;,&quot;type&quot;:&quot;image&quot;},{&quot;href&quot;:&quot;https:\\\/\\\/stiftadmont.at\\\/wp-content\\\/uploads\\\/Steirische-Wurzeln-Alfred-Klinkan-.--1920x2971.jpg&quot;,&quot;type&quot;:&quot;image&quot;},{&quot;href&quot;:&quot;https:\\\/\\\/stiftadmont.at\\\/wp-content\\\/uploads\\\/Nikola-Irmer-Lemur-Oel-auf-Leinen-2016-1.jpg&quot;,&quot;type&quot;:&quot;image&quot;},{&quot;href&quot;:&quot;https:\\\/\\\/stiftadmont.at\\\/wp-content\\\/uploads\\\/Nikola-Irmer-Hummingbirds-walnut-inkl.-1.jpg&quot;,&quot;type&quot;:&quot;image&quot;}]); initImageSliderBlockAnim($el);\">\n    <div class=\"image-slider__inner\">\n\n        <div class=\"swiper-container\" x-init=\"initImageSliderBlock($el, $refs.btnPrev, $refs.btnNext)\">\n            <div class=\"swiper-wrapper\">\n                                    <div class=\"swiper-slide\">\n                        <div class=\"image-slider__media\">\n                            <img decoding=\"async\" class=\"image-slider__image\"\n                                 src=\"https:\/\/stiftadmont.at\/wp-content\/uploads\/Herbert-Brandl_Steirische-Wurzeln-768x1219.jpg\"\n                                 alt=\"Herbert Brandl Steirische Wurzeln\">\n                        <\/div>\n                    <\/div>\n                                    <div class=\"swiper-slide\">\n                        <div class=\"image-slider__media\">\n                            <img decoding=\"async\" class=\"image-slider__image\"\n                                 src=\"https:\/\/stiftadmont.at\/wp-content\/uploads\/Karl-Garderobe-6-768x576.jpg\"\n                                 alt=\"Karl Garderobe 6 scaled\">\n                        <\/div>\n                    <\/div>\n                                    <div class=\"swiper-slide\">\n                        <div class=\"image-slider__media\">\n                            <img decoding=\"async\" class=\"image-slider__image\"\n                                 src=\"https:\/\/stiftadmont.at\/wp-content\/uploads\/Steirische-Wurzeln-Erwin-Wurm-.-1-1-768x1151.jpg\"\n                                 alt=\"Steirische Wurzeln Erwin Wurm . 1 1 scaled\">\n                        <\/div>\n                    <\/div>\n                                    <div class=\"swiper-slide\">\n                        <div class=\"image-slider__media\">\n                            <img decoding=\"async\" class=\"image-slider__image\"\n                                 src=\"https:\/\/stiftadmont.at\/wp-content\/uploads\/Karl-Garderobe-3-1-768x1084.jpg\"\n                                 alt=\"Karl Garderobe 3 1 scaled\">\n                        <\/div>\n                    <\/div>\n                                    <div class=\"swiper-slide\">\n                        <div class=\"image-slider__media\">\n                            <img decoding=\"async\" class=\"image-slider__image\"\n                                 src=\"https:\/\/stiftadmont.at\/wp-content\/uploads\/Steirische-Wurzeln-Hubert-Schmalix-.-Die-Juenger-.-1994-768x960.jpg\"\n                                 alt=\"Steirische Wurzeln Hubert Schmalix . Die Juenger . 1994 scaled\">\n                        <\/div>\n                    <\/div>\n                                    <div class=\"swiper-slide\">\n                        <div class=\"image-slider__media\">\n                            <img decoding=\"async\" class=\"image-slider__image\"\n                                 src=\"https:\/\/stiftadmont.at\/wp-content\/uploads\/2-Steirische-Wurzeln-DSC06267-768x610.jpg\"\n                                 alt=\"2 Steirische Wurzeln DSC06267 scaled\">\n                        <\/div>\n                    <\/div>\n                                    <div class=\"swiper-slide\">\n                        <div class=\"image-slider__media\">\n                            <img decoding=\"async\" class=\"image-slider__image\"\n                                 src=\"https:\/\/stiftadmont.at\/wp-content\/uploads\/Steirische-Wurzeln-Erwin-Wurm-.-Brothers-Sisters-Made-for-Admont-2002-Kopie-768x528.jpg\"\n                                 alt=\"Steirische Wurzeln Erwin Wurm . Brothers Sisters Made for Admont 2002 Kopie scaled\">\n                        <\/div>\n                    <\/div>\n                                    <div class=\"swiper-slide\">\n                        <div class=\"image-slider__media\">\n                            <img decoding=\"async\" class=\"image-slider__image\"\n                                 src=\"https:\/\/stiftadmont.at\/wp-content\/uploads\/Steirische-Wurzeln-Alfred-Klinkan-.--768x1189.jpg\"\n                                 alt=\"Steirische Wurzeln Alfred Klinkan .  scaled\">\n                        <\/div>\n                    <\/div>\n                                    <div class=\"swiper-slide\">\n                        <div class=\"image-slider__media\">\n                            <img decoding=\"async\" class=\"image-slider__image\"\n                                 src=\"https:\/\/stiftadmont.at\/wp-content\/uploads\/Nikola-Irmer-Lemur-Oel-auf-Leinen-2016-1-768x540.jpg\"\n                                 alt=\"Nikola Irmer Lemur Oel auf Leinen 2016 1\">\n                        <\/div>\n                    <\/div>\n                                    <div class=\"swiper-slide\">\n                        <div class=\"image-slider__media\">\n                            <img decoding=\"async\" class=\"image-slider__image\"\n                                 src=\"https:\/\/stiftadmont.at\/wp-content\/uploads\/Nikola-Irmer-Hummingbirds-walnut-inkl.-1-768x544.jpg\"\n                                 alt=\"Nikola Irmer Hummingbirds walnut inkl. 1\">\n                        <\/div>\n                    <\/div>\n                            <\/div>\n\n            <div class=\"swiper-nav-wrapper\">\n                <button class=\"swiper-button-prev slider-button--prev\" x-ref=\"btnPrev\"\n                        aria-label=\"Vorige Bilder anzeigen\">\n                    <img decoding=\"async\" src=\"\/wp-content\/themes\/stift-admont\/src\/assets\/img\/arrow-left-big-new.svg\" alt=\"Pfeil nach Links\">\n                <\/button>\n\n\n                <a class=\"image-slider__gallery\" @click=\"openGallery(gallery)\"><i class=\"fa-thin fa-plus\"><\/i><\/a>\n                <button class=\"swiper-button-next slider-button--next\"\n                        x-ref=\"btnNext\"\n                        aria-label=\"N\u00e4chste Bilder anzeigen\">\n                    <img decoding=\"async\" src=\"\/wp-content\/themes\/stift-admont\/src\/assets\/img\/arrow-right-big-new.svg\" alt=\"Pfeil nach Rechts\">\n                <\/button>\n            <\/div>\n        <\/div>\n    <\/div>\n\n\n<\/div><\/section>\n\n<section id='lightpress__section--block_52d87da22311449a65d7c05df55979ae' class='lightpress__section--default-section-space lightpress__section lightpress__section--content'><div class=\"content__inner\"\n         x-init=\"initContentBlockAnim($el)\">\n        \n    <div class=\"content__grid content__grid\">\n                                            <div class=\"content__box content__box--one-hundred\"\n                 style=\"\">\n                                \n                \n                                            <div class=\"prose\"><p class=\"MsoNormal paragraph-m\"><span style=\"font-family: 'IBM Plex Sans',sans-serif; mso-bidi-font-family: Arial; color: black; mso-color-alt: windowtext; background: white;\">Die Situation zur Gegenwartskunst in der Steiermark vor nahezu drei Jahrzehnten wurde ausf\u00fchrlich 1994 in der Ausstellung \u201eStyrian Window\u201c in der Neuen Galerie Graz thematisiert. In der gleichnamigen zugeh\u00f6rigen Publikation*, die sich als Basis-Reader f\u00fcr die aktuelle Ausstellung im Stift Admont empfiehlt, findet sich die damalige steirische Kulturszene bestens analysiert und dokumentiert. Alle Medien und Ausdrucksformen der Gegenwartskunst wurden ber\u00fccksichtigt. Alle zum damaligen Zeitpunkt themenrelevanten K\u00fcnstler*innen (ca. 800) wurden darin aufgenommen. S\u00e4mtliche Kulturinstitutionen und -initiativen mit ihren Programmen wurden vorgestellt, darunter etwa wesentliche Impulsgeber wie Neue Galerie, Forum Stadtpark, steirischer herbst, trigon, Haus der Architektur, Steirische Kulturinitiative, Akademie Graz, Kulturzentrum bei den Minoriten, Joanneum Research u.v.m.<\/span><span style=\"font-family: 'IBM Plex Sans',sans-serif; mso-bidi-font-family: Arial; background: white;\"><\/span><\/p>\n<p class=\"MsoNormal paragraph-m\"><span style=\"font-family: 'IBM Plex Sans',sans-serif; mso-bidi-font-family: Arial; color: black; mso-color-alt: windowtext; background: white;\">Neuere Initiativen und Institutionen, etwa das damals noch nicht gebaute \u201eKunsthaus Graz\u201c sowie das allerdings schon 1074 gegr\u00fcndete Stift Admont fanden noch keine Erw\u00e4hnung in \u201eStyrian Window\u201c. Mit dem Aufbau der Sammlung \u00f6sterreichischer Gegenwartskunst des Stiftes Admont wurde 1997 begonnen. Zu Beginn war diese Sammlung auf die j\u00fcngere und mittlere Generation der \u00f6sterreichischen Gegenwartskunst fokussiert. 2003 wurde sie unter dem Ausstellungstitel \u201eSammlung Gegenwartskunst\u201c erstmals im damals brandneuen Museum der \u00d6ffentlichkeit pr\u00e4sentiert. Schon damals fiel auf: Zahlreiche in diesem frischen Sammlungsteil vertretenen K\u00fcnstler*innen sind in der Steiermark geb\u00fcrtig oder auf eine andere Weise in diesem Land verwurzelt. Sammlungsstrategisch stand nie eine Absicht einer Konzentration auf steirische Kunst dahinter. Dass so viele K\u00fcnstler*innen mit Steiermark-Bez\u00fcgen eine so wichtige Rolle in der \u00f6sterreichischen und internationalen Kunstszene spielen, kommt nat\u00fcrlich nicht von ungef\u00e4hr.<\/span><span style=\"font-family: 'IBM Plex Sans',sans-serif; mso-bidi-font-family: Arial; background: white;\"><\/span><\/p>\n<p class=\"MsoNormal paragraph-m\"><span style=\"font-family: 'IBM Plex Sans',sans-serif; mso-bidi-font-family: Arial; color: black; mso-color-alt: windowtext; background: white;\">Das Kulturland Steiermark ist keine \u201ekulturelle Provinz\u201c. Es setzt seit Jahrzehnten national und international innovative Impulse im Bereich bildender Kunst. Wir als traditions- und kontrastreiches Stift Admont sind in unserem Museum bem\u00fcht, gem\u00e4\u00df unseren M\u00f6glichkeiten unseren Teil bestm\u00f6glich zur Produktion, Wahrnehmung und Vermittlung aktueller Kunst in der Steiermark beizutragen. Neben den \u201eallgemeinen\u201c Ank\u00e4ufen geben wir seit \u00fcber 20 Jahren auch Kunstwerke in Auftrag. So kommt es auf unserer MADE FOR ADMONT-Schiene auch von K\u00fcnstler*innen aus ganz \u00d6sterreich oder aus dem Ausland zur k\u00fcnstlerischen Auseinandersetzung mit der Region, der Steiermark, den Steirer*innen \u2013 und zur Realisierung ganzer hier verorteter Werkzyklen.<\/span><span style=\"font-family: 'IBM Plex Sans',sans-serif; mso-bidi-font-family: Arial; background: white;\"><\/span><\/p>\n<p class=\"MsoNormal paragraph-m\"><span style=\"font-family: 'IBM Plex Sans',sans-serif; mso-bidi-font-family: Arial; color: black; mso-color-alt: windowtext; background: white;\">Im Falle der spielerisch zug\u00e4nglichen Spezialsammlung \u201eJENSEITS DES SEHENS \u2013 Kunst verbindet Blinde und Sehende\u201c (Werke der Steirer Manfred Erjautz, Karl Karner und Werner Reiter finden Sie in der aktuellen Ausstellung) waren diese bereits in Moskau zu sehen. Von der \u2013 steirischen Wurzeln entspringenden \u2013 k\u00fcnstlerischen Qualit\u00e4t k\u00f6nnen Sie sich anhand ausgew\u00e4hlter Vertreter*innen aus der stiftischen Sammlung \u00fcberzeugen.<\/span><span style=\"font-family: 'IBM Plex Sans',sans-serif; mso-bidi-font-family: Arial; background: white;\"><\/span><\/p>\n<p class=\"MsoNormal paragraph-m\"><em><span style=\"font-family: 'IBM Plex Sans',sans-serif; mso-bidi-font-family: Arial; color: black; mso-color-alt: windowtext; background: white;\">Die reiferen Jahrg\u00e4nge fanden sich bereits in der STYRIAN WINDOW-Publikation. Dazu z\u00e4hlen beispielsweise Fritz Bergler, Erwin Bohatsch, Herbert Brandl, Manfred Erjautz, Michael Kienzer, Alfred Klinkan, Rudi Molacek, Alois Mosbacher, Anton Petz, Franz Pichler, Dieter Preisl, Hannes Priesch, Werner, Reiterer, Kurt Ryslavy, Robert Schaberl, Hubert Schmalix, Martin Schnur, Ingeborg Strobl, Gustav Troger, Norbert Trummer, Matta Wagnest, Markus Wilfling, Erwin Wurm.<\/span><\/em><span style=\"font-family: 'IBM Plex Sans',sans-serif; mso-bidi-font-family: Arial; background: white;\"><\/span><\/p>\n<p class=\"MsoNormal paragraph-m\"><span style=\"font-family: 'IBM Plex Sans',sans-serif; mso-bidi-font-family: Arial; color: black; mso-color-alt: windowtext; background: white;\">Hinzu kommen j\u00fcngere steirische Position wie Wolfgang Becksteiner, Christoph Schmidberger oder zweintopf. Als Sonderfall einer \u00e4lteren Generation kommt noch Hannes Schwarz hinzu, dem nach einer Schenkung eine eigene Abteilung bei uns gewidmet ist. Seit 1994 hat sich vieles ver\u00e4ndert. Die sich damals erst langsam entwickelnde globale Vernetzung ist zur Selbstverst\u00e4ndlichkeit geworden. Wir leben inzwischen im Zeitalter der Digitalisierung und der Neuen Medien. Das hat auch die Kunstproduktion, die Kunstszene, die Kunstvermittlung v\u00f6llig ver\u00e4ndert. Demgem\u00e4\u00df kommen in der Ausstellung entsprechend den Mitteln und M\u00f6glichkeiten unserer Zeit K\u00fcnstler*innen selbst zu Wort. Neue Wege der Informationsvermittlung werden beschritten.<\/span><span style=\"font-family: 'IBM Plex Sans',sans-serif; mso-bidi-font-family: Arial; background: white;\"><\/span><\/p>\n<p class=\"MsoNormal paragraph-m\"><span style=\"font-family: 'IBM Plex Sans',sans-serif; mso-bidi-font-family: Arial; color: black; mso-color-alt: windowtext; background: white;\">Begeben Sie sich mit uns in der Ausstellung 2022 auf Spurensuche nach \u201eSteirischen Wurzeln\u201c im j\u00fcngsten Teil der stiftischen Sammlungen! Und lassen Sie uns dar\u00fcber diskutieren, wohin sich das Kulturland Steiermark k\u00fcnftig hinbewegen k\u00f6nnte!<\/span><span style=\"font-family: 'IBM Plex Sans',sans-serif; mso-bidi-font-family: Arial; background: white;\"><\/span><\/p>\n<p class=\"MsoNormal paragraph-m\"><span style=\"font-family: 'IBM Plex Sans',sans-serif; mso-bidi-font-family: Arial; color: black; mso-color-alt: windowtext; background: white;\">Im Rahmen dieser Ausstellung erwarten Sie zwei weitere Highlights in anderen Abteilungen: Die K\u00fcnstlerische Intervention von Heribert Friedl in unserem Kunsthistorischen Museum und die Werke von Nikola Irmer im Naturhistorischen Museum.<\/span><span style=\"font-family: 'IBM Plex Sans',sans-serif; mso-bidi-font-family: Arial; background: white;\"><\/span><\/p>\n<p class=\"MsoNormal paragraph-m\"><span style=\"font-family: 'IBM Plex Sans',sans-serif; mso-bidi-font-family: Arial; background: white;\">\u00a0<\/span><\/p>\n<p class=\"MsoNormal\"><span style=\"font-family: 'IBM Plex Sans',sans-serif;\">\u00a0<\/span><\/p>\n<\/div>\n                    \n                            <\/div>\n        \n            <\/div>\n<\/div>\n\n<\/section>","protected":false},"excerpt":{"rendered":"","protected":false},"author":7,"featured_media":0,"parent":5864,"menu_order":7,"comment_status":"closed","ping_status":"closed","template":"","meta":{"_acf_changed":false,"footnotes":""},"categories":[73],"class_list":["post-8152","page","type-page","status-publish","hentry","category-ausstellungsrueckblick"],"acf":[],"yoast_head":"<!-- This site is optimized with the Yoast SEO Premium plugin v26.0 (Yoast SEO v26.8) - https:\/\/yoast.com\/product\/yoast-seo-premium-wordpress\/ -->\n<title>Sonderausstellung 2022 \u2013 Steirische Wurzeln - Stift Admont<\/title>\n<meta name=\"robots\" content=\"index, follow, max-snippet:-1, max-image-preview:large, max-video-preview:-1\" \/>\n<link rel=\"canonical\" href=\"https:\/\/stiftadmont.at\/pl\/muzeum\/przeglad-wystawy\/wystawa-specjalna-2022-styryjskie-korzenie\/\" \/>\n<meta property=\"og:locale\" content=\"pl_PL\" \/>\n<meta property=\"og:type\" content=\"article\" \/>\n<meta property=\"og:title\" content=\"Sonderausstellung 2022 \u2013 Steirische Wurzeln\" \/>\n<meta property=\"og:url\" content=\"https:\/\/stiftadmont.at\/pl\/muzeum\/przeglad-wystawy\/wystawa-specjalna-2022-styryjskie-korzenie\/\" \/>\n<meta property=\"og:site_name\" content=\"Stift Admont\" \/>\n<meta property=\"article:modified_time\" content=\"2026-03-24T10:02:08+00:00\" \/>\n<meta property=\"og:image\" content=\"https:\/\/stiftadmont.at\/wp-content\/uploads\/Klosteranlage-innen.jpg\" \/>\n\t<meta property=\"og:image:width\" content=\"1912\" \/>\n\t<meta property=\"og:image:height\" content=\"1188\" \/>\n\t<meta property=\"og:image:type\" content=\"image\/jpeg\" \/>\n<meta name=\"twitter:card\" content=\"summary_large_image\" \/>\n<script type=\"application\/ld+json\" class=\"yoast-schema-graph\">{\"@context\":\"https:\/\/schema.org\",\"@graph\":[{\"@type\":\"WebPage\",\"@id\":\"https:\/\/stiftadmont.at\/museum\/ausstellungsrueckblick\/sonderausstellung-2022-steirische-wurzeln\/\",\"url\":\"https:\/\/stiftadmont.at\/museum\/ausstellungsrueckblick\/sonderausstellung-2022-steirische-wurzeln\/\",\"name\":\"Sonderausstellung 2022 \u2013 Steirische Wurzeln - Stift Admont\",\"isPartOf\":{\"@id\":\"https:\/\/stiftadmont.at\/#website\"},\"datePublished\":\"2022-03-26T13:36:26+00:00\",\"dateModified\":\"2026-03-24T10:02:08+00:00\",\"breadcrumb\":{\"@id\":\"https:\/\/stiftadmont.at\/museum\/ausstellungsrueckblick\/sonderausstellung-2022-steirische-wurzeln\/#breadcrumb\"},\"inLanguage\":\"pl-PL\",\"potentialAction\":[{\"@type\":\"ReadAction\",\"target\":[\"https:\/\/stiftadmont.at\/museum\/ausstellungsrueckblick\/sonderausstellung-2022-steirische-wurzeln\/\"]}]},{\"@type\":\"BreadcrumbList\",\"@id\":\"https:\/\/stiftadmont.at\/museum\/ausstellungsrueckblick\/sonderausstellung-2022-steirische-wurzeln\/#breadcrumb\",\"itemListElement\":[{\"@type\":\"ListItem\",\"position\":1,\"name\":\"Start\",\"item\":\"https:\/\/stiftadmont.at\/\"},{\"@type\":\"ListItem\",\"position\":2,\"name\":\"Museum Stift Admont\",\"item\":\"https:\/\/stiftadmont.at\/museum\/\"},{\"@type\":\"ListItem\",\"position\":3,\"name\":\"Ausstellungsr\u00fcckblick\",\"item\":\"https:\/\/stiftadmont.at\/museum\/ausstellungsrueckblick\/\"},{\"@type\":\"ListItem\",\"position\":4,\"name\":\"Sonderausstellung 2022 \u2013 Steirische Wurzeln\"}]},{\"@type\":\"WebSite\",\"@id\":\"https:\/\/stiftadmont.at\/#website\",\"url\":\"https:\/\/stiftadmont.at\/\",\"name\":\"Stift Admont\",\"description\":\"Benediktinerkloster und Sehensw\u00fcrdigkeit im Ges\u00e4use\",\"potentialAction\":[{\"@type\":\"SearchAction\",\"target\":{\"@type\":\"EntryPoint\",\"urlTemplate\":\"https:\/\/stiftadmont.at\/?s={search_term_string}\"},\"query-input\":{\"@type\":\"PropertyValueSpecification\",\"valueRequired\":true,\"valueName\":\"search_term_string\"}}],\"inLanguage\":\"pl-PL\"}]}<\/script>\n<!-- \/ Yoast SEO Premium plugin. -->","yoast_head_json":{"title":"Wystawa specjalna 2022 - Styryjskie korzenie - Opactwo Admont","robots":{"index":"index","follow":"follow","max-snippet":"max-snippet:-1","max-image-preview":"max-image-preview:large","max-video-preview":"max-video-preview:-1"},"canonical":"https:\/\/stiftadmont.at\/pl\/muzeum\/przeglad-wystawy\/wystawa-specjalna-2022-styryjskie-korzenie\/","og_locale":"pl_PL","og_type":"article","og_title":"Sonderausstellung 2022 \u2013 Steirische Wurzeln","og_url":"https:\/\/stiftadmont.at\/pl\/muzeum\/przeglad-wystawy\/wystawa-specjalna-2022-styryjskie-korzenie\/","og_site_name":"Stift Admont","article_modified_time":"2026-03-24T10:02:08+00:00","og_image":[{"width":1912,"height":1188,"url":"https:\/\/stiftadmont.at\/wp-content\/uploads\/Klosteranlage-innen.jpg","type":"image\/jpeg"}],"twitter_card":"summary_large_image","schema":{"@context":"https:\/\/schema.org","@graph":[{"@type":"WebPage","@id":"https:\/\/stiftadmont.at\/museum\/ausstellungsrueckblick\/sonderausstellung-2022-steirische-wurzeln\/","url":"https:\/\/stiftadmont.at\/museum\/ausstellungsrueckblick\/sonderausstellung-2022-steirische-wurzeln\/","name":"Wystawa specjalna 2022 - Styryjskie korzenie - Opactwo Admont","isPartOf":{"@id":"https:\/\/stiftadmont.at\/#website"},"datePublished":"2022-03-26T13:36:26+00:00","dateModified":"2026-03-24T10:02:08+00:00","breadcrumb":{"@id":"https:\/\/stiftadmont.at\/museum\/ausstellungsrueckblick\/sonderausstellung-2022-steirische-wurzeln\/#breadcrumb"},"inLanguage":"pl-PL","potentialAction":[{"@type":"ReadAction","target":["https:\/\/stiftadmont.at\/museum\/ausstellungsrueckblick\/sonderausstellung-2022-steirische-wurzeln\/"]}]},{"@type":"BreadcrumbList","@id":"https:\/\/stiftadmont.at\/museum\/ausstellungsrueckblick\/sonderausstellung-2022-steirische-wurzeln\/#breadcrumb","itemListElement":[{"@type":"ListItem","position":1,"name":"Start","item":"https:\/\/stiftadmont.at\/"},{"@type":"ListItem","position":2,"name":"Museum Stift Admont","item":"https:\/\/stiftadmont.at\/museum\/"},{"@type":"ListItem","position":3,"name":"Ausstellungsr\u00fcckblick","item":"https:\/\/stiftadmont.at\/museum\/ausstellungsrueckblick\/"},{"@type":"ListItem","position":4,"name":"Sonderausstellung 2022 \u2013 Steirische Wurzeln"}]},{"@type":"WebSite","@id":"https:\/\/stiftadmont.at\/#website","url":"https:\/\/stiftadmont.at\/","name":"Opactwo Admont","description":"Benedykty\u0144ski klasztor i atrakcja turystyczna w Ges\u00e4use","potentialAction":[{"@type":"SearchAction","target":{"@type":"EntryPoint","urlTemplate":"https:\/\/stiftadmont.at\/?s={search_term_string}"},"query-input":{"@type":"PropertyValueSpecification","valueRequired":true,"valueName":"search_term_string"}}],"inLanguage":"pl-PL"}]}},"_links":{"self":[{"href":"https:\/\/stiftadmont.at\/pl\/wp-json\/wp\/v2\/pages\/8152","targetHints":{"allow":["GET"]}}],"collection":[{"href":"https:\/\/stiftadmont.at\/pl\/wp-json\/wp\/v2\/pages"}],"about":[{"href":"https:\/\/stiftadmont.at\/pl\/wp-json\/wp\/v2\/types\/page"}],"author":[{"embeddable":true,"href":"https:\/\/stiftadmont.at\/pl\/wp-json\/wp\/v2\/users\/7"}],"replies":[{"embeddable":true,"href":"https:\/\/stiftadmont.at\/pl\/wp-json\/wp\/v2\/comments?post=8152"}],"version-history":[{"count":56,"href":"https:\/\/stiftadmont.at\/pl\/wp-json\/wp\/v2\/pages\/8152\/revisions"}],"predecessor-version":[{"id":40652,"href":"https:\/\/stiftadmont.at\/pl\/wp-json\/wp\/v2\/pages\/8152\/revisions\/40652"}],"up":[{"embeddable":true,"href":"https:\/\/stiftadmont.at\/pl\/wp-json\/wp\/v2\/pages\/5864"}],"wp:attachment":[{"href":"https:\/\/stiftadmont.at\/pl\/wp-json\/wp\/v2\/media?parent=8152"}],"wp:term":[{"taxonomy":"category","embeddable":true,"href":"https:\/\/stiftadmont.at\/pl\/wp-json\/wp\/v2\/categories?post=8152"}],"curies":[{"name":"wp","href":"https:\/\/api.w.org\/{rel}","templated":true}]}}